{"id":18340,"date":"2025-12-08T02:34:55","date_gmt":"2025-12-08T02:34:55","guid":{"rendered":"https:\/\/oreskylaw.com\/?page_id=18340"},"modified":"2026-01-30T14:38:38","modified_gmt":"2026-01-30T14:38:38","slug":"unsafe-construction-equipment-lawyers","status":"publish","type":"page","link":"https:\/\/oreskylaw.com\/es\/bronx\/unsafe-construction-equipment-lawyers\/","title":{"rendered":"Abogado en el Bronx especializado en equipos de trabajo inseguros en la construcci\u00f3n"},"content":{"rendered":"<p>\u00bfHa sufrido una lesi\u00f3n en un accidente causado por equipos de trabajo de construcci\u00f3n inseguros en el Bronx, NY? Podr\u00eda tener derecho a recibir beneficios del seguro de compensaci\u00f3n de trabajadores de su empleador o una compensaci\u00f3n a trav\u00e9s de una reclamaci\u00f3n por lesiones personales.<\/p>\n<p>Nuestros\u00a0<a href=\"https:\/\/oreskylaw.com\/es\/bronx\/abogados-de-accidentes-de-construccion\/\">abogados de accidentes de construcci\u00f3n<\/a>\u00a0en\u00a0<a href=\"https:\/\/oreskylaw.com\/es\/acerca-de-nosotros\/\">Oresky &amp; Associates, PLLC<\/a>\u00a0pueden ayudarle a emprender acciones legales.<\/p>\n<p>Ofrecemos una\u00a0<a href=\"https:\/\/oreskylaw.com\/es\/contacto\/\">consulta gratuita<\/a>\u00a0en el\u00a0<a href=\"tel:+19299304705\">(929) 930-4705<\/a>, as\u00ed que no dude en comunicarse con nosotros para asistencia legal hoy mismo. Nuestra estructura de pago por contingencia significa que no paga nada a menos que nuestros abogados de lesiones personales del Bronx logren obtener una compensaci\u00f3n financiera en su nombre.<\/p>\n<h2>\u00bfC\u00f3mo Puede Ayudar Oresky &amp; Associates, PLLC Tras un Accidente con Equipos de Construcci\u00f3n Inseguros en Bronx, New York?<\/h2>\n<p><img loading=\"lazy\" decoding=\"async\" class=\"size-full wp-image-12801 alignleft\" src=\"https:\/\/oreskylaw.com\/wp-content\/uploads\/2026\/01\/Help-You-After-a-Crane-Accident-in-Queens.webp\" alt=\"Bronx Unsafe Construction Work Equipment Lawyer\" width=\"300\" height=\"169\" \/>Trabajar en la construcci\u00f3n aumenta significativamente las posibilidades de tener un accidente laboral. Las obras de construcci\u00f3n est\u00e1n llenas de riesgos potenciales, como equipos pesados, herramientas peligrosas y peligros ambientales que pueden poner en riesgo a los trabajadores.<\/p>\n<p>Las normas de seguridad y los procedimientos deben implementarse y seguirse estrictamente en las obras de construcci\u00f3n. Las empresas son responsables de asegurarse de que sus sitios de trabajo sean seguros tanto para sus empleados como para los transe\u00fantes.<\/p>\n<p>En Oresky &amp; Associates, PLLC, entendemos la carga f\u00edsica y emocional que un accidente de construcci\u00f3n puede acarrear. La p\u00e9rdida de salarios, el estr\u00e9s emocional, el dolor continuo y otros problemas pueden impactar seriamente su vida. No deje que su empleador u otras partes negligentes queden impunes. Podemos ayudarle a luchar por lo que se merece.<\/p>\n<p>Cuando nos elija para representarlo en su caso de accidente de construcci\u00f3n, nuestros abogados del Bronx har\u00e1n lo siguiente:<\/p>\n<ul>\n<li>Realizar una investigaci\u00f3n exhaustiva del lugar de la construcci\u00f3n, el equipo involucrado y cualquier testigo.<\/li>\n<li>Recopilar y revisar cuidadosamente pruebas relevantes, como registros m\u00e9dicos, informes policiales, grabaciones de c\u00e1maras de seguridad y declaraciones de testigos.<\/li>\n<li>Investigar cualquier problema pasado que pueda reflejar negativamente en la empresa, como reclamaciones anteriores de compensaci\u00f3n de trabajadores o demandas.<\/li>\n<li>Traer expertos respetados para testificar sobre su pron\u00f3stico m\u00e9dico, su salud mental u otras opiniones profesionales.<\/li>\n<li>Argumentar su caso en la corte si no recibimos una oferta de liquidaci\u00f3n justa.<\/li>\n<\/ul>\n<p>Ll\u00e1menos hoy en el Bronx, New York, para obtener m\u00e1s informaci\u00f3n sobre nuestra firma y c\u00f3mo podemos ayudar. Su primera consulta con nosotros es 100% gratuita.<\/p>\n<h2>Descripci\u00f3n General de Accidentes de Construcci\u00f3n<\/h2>\n<p>La industria de la construcci\u00f3n est\u00e1 llena de individuos dedicados y trabajadores que enfrentan desaf\u00edos de seguridad a diario.<\/p>\n<p>Desafortunadamente, algunas empresas pueden tomar atajos para reducir costos. La falta de equipo de seguridad adecuado y el mantenimiento adecuado del equipo de construcci\u00f3n pueden aumentar las posibilidades de un accidente. No priorizar la seguridad del equipo pone a los trabajadores en riesgo.<\/p>\n<p>Adem\u00e1s, algunos empleadores intentan evadir la responsabilidad cuando sus empleados se lesionan o mueren durante incidentes laborales. Implementando precauciones adecuadas, la mayor\u00eda de los accidentes laborales y las muertes podr\u00edan prevenirse.<\/p>\n<p>Cuando una compa\u00f1\u00eda no promueve una cultura de seguridad, sigue las directivas de seguridad de equipos de la Administraci\u00f3n de Seguridad y Salud Ocupacional (OSHA), o aplica los protocolos de seguridad, son responsables por los accidentes que ocurran en la obra de construcci\u00f3n. En casos donde estos accidentes resulten en lesiones o fatalidades, la compa\u00f1\u00eda debe ser considerada responsable por su negligencia.<\/p>\n<p>New York hace hincapi\u00e9 en proteger a los trabajadores de la construcci\u00f3n. Para ese fin, existen varias leyes laborales, como la Ley Laboral 240, que permiten a los empleados lesionados buscar acciones legales.<\/p>\n<p>Es importante destacar que los beneficios que puede recuperar a trav\u00e9s de una demanda por lesiones personales basada en la ley de New York pueden ser significativamente mayores que lo que puede recibir a trav\u00e9s de la compensaci\u00f3n laboral. Incluso podr\u00eda tener la capacidad de presentar una reclamaci\u00f3n contra su empleador.<\/p>\n    <div class=\"cw-cta-box\">\n        <div class=\"cw-cta-box__inner \">\n            <div class=\"cw-cta-box__info\">\n                                    <div class=\"label\">\u00a1Llame ahora!<\/div>\n                            <\/div>\n                            <div class=\"contact-phone\">\n                    <a href=\"tel:7189939999\"\n                        aria-label=\"Tap to call button\">\n                        718-993-9999                    <\/a>\n                <\/div>\n                    <\/div>\n                    <a href=\"\/es\/contacto\/\"\n               class=\"cta-btn btn btn--primary btn\"\n               target=\"\">\n                Obtenga Una Consulta Gratuita            <\/a>\n            <\/div>\n    \n<h2>\u00bfCu\u00e1les Son los Tipos Comunes de Accidentes por Equipos de Trabajo de Construcci\u00f3n Inseguros en el Bronx?<\/h2>\n<p>Los tipos m\u00e1s comunes de accidentes laborales resultantes de equipos de trabajo de construcci\u00f3n inseguros incluyen:<\/p>\n<ul>\n<li><strong>Ca\u00eddas:<\/strong> Las ca\u00eddas son la principal causa de accidentes significativos dentro de la industria de la construcci\u00f3n. La falta de equipo protector adecuado en elevadores a menudo contribuye a estos incidentes.<\/li>\n<li><strong>Accidentes de Excavaci\u00f3n\/Zanja:<\/strong> El cumplimiento adecuado de los procedimientos de excavaci\u00f3n y zanjas es crucial para prevenir varios accidentes. Las barreras de seguridad defectuosas pueden llevar a que las personas sean enterradas vivas.<\/li>\n<li><strong>Accidentes de Veh\u00edculos Motorizados:<\/strong> Los trabajadores pueden ser golpeados por veh\u00edculos de obra en mal funcionamiento, lo que resulta en colisiones con zanjas u otros objetos s\u00f3lidos.<\/li>\n<li><strong>Electrocuci\u00f3n\/Choque El\u00e9ctrico:<\/strong> El equipo de protecci\u00f3n personal inadecuado o defectuoso, como protectores faciales, protecci\u00f3n ocular, protecci\u00f3n auditiva y guantes, puede aumentar significativamente el riesgo de electrocuci\u00f3n\/choque el\u00e9ctrico.<\/li>\n<li><strong>Andamios:<\/strong> Los accidentes relacionados con los andamios son demasiado comunes y se deben a una instalaci\u00f3n inadecuada de los andamios.<\/li>\n<\/ul>\n<p>Estos accidentes suelen ser el resultado de una configuraci\u00f3n y mantenimiento inadecuados del equipo, defectos de fabricaci\u00f3n del equipo y defectos de dise\u00f1o del equipo.<\/p>\n<h2>Lesiones Resultantes De Equipos de Construcci\u00f3n Inseguros<\/h2>\n<p>Las lesiones sufridas en accidentes de construcci\u00f3n pueden ser cr\u00f3nicas e incluso debilitantes. Dichas lesiones podr\u00edan incluir:<\/p>\n<div class=\"row\">\n<ul class=\"col-xl-6\">\n<li>Electrocuci\u00f3n<\/li>\n<li>Choque el\u00e9ctrico<\/li>\n<li>Huesos rotos o fracturados<\/li>\n<li>Lesiones cerebrales<\/li>\n<li>Cortes y laceraciones<\/li>\n<\/ul>\n<ul class=\"col-xl-6\">\n<li>P\u00e9rdida de miembros<\/li>\n<li>Lesiones por aplastamiento<\/li>\n<li>Accidentes atrapados entre objetos<\/li>\n<li>Quemaduras<\/li>\n<\/ul>\n<\/div>\n<p>El equipo de construcci\u00f3n es peligroso y pesado. Cuando algo sale mal debido al mantenimiento inadecuado o defectos del producto, los trabajadores inocentes pagan el precio.<\/p>\n<h2>\u00bfQu\u00e9 Compensaci\u00f3n Puedo Esperar Despu\u00e9s de un Accidente de Construcci\u00f3n en el Bronx?<\/h2>\n<p>Si ha sufrido una lesi\u00f3n debido a equipos de construcci\u00f3n inseguros, puede calificar para beneficios de compensaci\u00f3n laboral, siempre que su empleador est\u00e9 inscrito en el programa. Los beneficios de compensaci\u00f3n laboral solo cubren da\u00f1os econ\u00f3micos, como gastos m\u00e9dicos, beneficios por discapacidad y salarios perdidos.<\/p>\n<p>Navegar por la complejidad de presentar una reclamaci\u00f3n de compensaci\u00f3n laboral puede ser un desaf\u00edo. Contar con un abogado experimentado en compensaci\u00f3n laboral del Bronx a su lado puede ayudar a asegurar que su reclamaci\u00f3n se procese de manera eficiente.<\/p>\n<p>Entre los posibles obst\u00e1culos que podr\u00edan surgir se encuentran los siguientes:<\/p>\n<ul>\n<li>Los beneficios pueden retrasarse o denegarse.<\/li>\n<li>Las compa\u00f1\u00edas de seguros pueden intentar afirmar que su lesi\u00f3n fue debido a una condici\u00f3n preexistente.<\/li>\n<li>Preguntas sobre su estado de empleo y si califica para cobertura.<\/li>\n<li>Alegaciones de fraude.<\/li>\n<\/ul>\n<p>Si su empleador carece de seguro de compensaci\u00f3n laboral, si otra parte contribuy\u00f3 a su accidente de construcci\u00f3n, o si tiene una demanda a trav\u00e9s de las leyes laborales de New York (incluso contra su empleador en algunos casos, como se mencion\u00f3 anteriormente), puede tener el derecho de presentar una demanda por lesiones personales.<\/p>\n<p>A diferencia de los beneficios de compensaci\u00f3n laboral, la compensaci\u00f3n otorgada a trav\u00e9s de demandas por lesiones personales cubre da\u00f1os no econ\u00f3micos como dolor y sufrimiento, angustia emocional, p\u00e9rdida de consorcio y calidad de vida reducida.<\/p>\n<h2>Contacte a un Abogado de Accidentes de Equipos de Construcci\u00f3n Inseguros en el Bronx Hoy<\/h2>\n<p>La mayor\u00eda de los accidentes de construcci\u00f3n son prevenibles. Tomar las precauciones necesarias y asegurar el mantenimiento adecuado del equipo puede proteger a los trabajadores en una industria peligrosa como la construcci\u00f3n. Desafortunadamente, no siempre es as\u00ed y usted pudo haber sido lesionado debido a la negligencia de la compa\u00f1\u00eda o de un tercero, como el fabricante de una m\u00e1quina.<\/p>\n<p>Si ha sido lesionado debido a equipos de trabajo de construcci\u00f3n inseguros en el Bronx, cont\u00e1ctenos para discutir su caso. En Oresky &amp; Associates, PLLC, nos enorgullecemos de brindar a nuestros clientes una representaci\u00f3n legal de primera calidad. Seremos incansables en conseguirle la justicia que se merece.<\/p>\n<p>Ll\u00e1menos hoy para una consulta inicial gratuita para hablar con nuestro comprensivo equipo de abogados de accidentes de construcci\u00f3n de Bronx, NY.<\/p>\n","protected":false},"excerpt":{"rendered":"<p>\u00bfHa sufrido una lesi\u00f3n en un accidente causado por equipos de trabajo de construcci\u00f3n inseguros en el Bronx, NY? Podr\u00eda tener derecho a recibir beneficios del seguro de compensaci\u00f3n de trabajadores de su empleador o una compensaci\u00f3n a trav\u00e9s de una reclamaci\u00f3n por lesiones personales. Nuestros\u00a0abogados de accidentes de construcci\u00f3n\u00a0en\u00a0Oresky &amp; Associates, PLLC\u00a0pueden ayudarle a [&hellip;]<\/p>\n","protected":false},"author":9,"featured_media":24182,"parent":17391,"menu_order":104,"comment_status":"closed","ping_status":"closed","template":"","meta":{"_acf_changed":false,"footnotes":""},"class_list":["post-18340","page","type-page","status-publish","has-post-thumbnail","hentry"],"acf":[],"yoast_head":"<!-- This site is optimized with the Yoast SEO plugin v27.3 - https:\/\/yoast.com\/product\/yoast-seo-wordpress\/ -->\n<title>Abogado de Equipos de Trabajo de Construcci\u00f3n Inseguros, Bronx - Oresky &amp; Associates, PLLC<\/title>\n<meta name=\"description\" content=\"Si ha sufrido lesiones por equipos de trabajo de construcci\u00f3n inseguros, contacte a Oresky &amp; Associates en el Bronx, NY, hoy. Lucharemos para compensaci\u00f3n.\" \/>\n<meta name=\"robots\" content=\"index, follow, max-snippet:-1, max-image-preview:large, max-video-preview:-1\" \/>\n<link rel=\"canonical\" href=\"https:\/\/oreskylaw.com\/es\/bronx\/unsafe-construction-equipment-lawyers\/\" \/>\n<meta property=\"og:locale\" content=\"es_ES\" \/>\n<meta property=\"og:type\" content=\"article\" \/>\n<meta property=\"og:title\" content=\"Abogado de Equipos de Trabajo de Construcci\u00f3n Inseguros, Bronx - Oresky &amp; Associates, PLLC\" \/>\n<meta property=\"og:description\" content=\"Si ha sufrido lesiones por equipos de trabajo de construcci\u00f3n inseguros, contacte a Oresky &amp; Associates en el Bronx, NY, hoy. Lucharemos para compensaci\u00f3n.\" \/>\n<meta property=\"og:url\" content=\"https:\/\/oreskylaw.com\/es\/bronx\/unsafe-construction-equipment-lawyers\/\" \/>\n<meta property=\"og:site_name\" content=\"Oresky &amp; Associates, PLLC\" \/>\n<meta property=\"article:publisher\" content=\"https:\/\/www.facebook.com\/Oreskylaw\/\" \/>\n<meta property=\"article:modified_time\" content=\"2026-01-30T14:38:38+00:00\" \/>\n<meta property=\"og:image\" content=\"https:\/\/oreskylaw.com\/wp-content\/uploads\/2026\/01\/unsafe-construction-equipment-lawyers.png\" \/>\n\t<meta property=\"og:image:width\" content=\"810\" \/>\n\t<meta property=\"og:image:height\" content=\"330\" \/>\n\t<meta property=\"og:image:type\" content=\"image\/png\" \/>\n<meta name=\"twitter:card\" content=\"summary_large_image\" \/>\n<meta name=\"twitter:site\" content=\"@JacobOreskyLaw\" \/>\n<meta name=\"twitter:label1\" content=\"Tiempo de lectura\" \/>\n\t<meta name=\"twitter:data1\" content=\"7 minutos\" \/>\n<!-- \/ Yoast SEO plugin. -->","yoast_head_json":{"title":"Abogado de Equipos de Trabajo de Construcci\u00f3n Inseguros, Bronx - Oresky & Associates, PLLC","description":"Si ha sufrido lesiones por equipos de trabajo de construcci\u00f3n inseguros, contacte a Oresky & Associates en el Bronx, NY, hoy. Lucharemos para compensaci\u00f3n.","robots":{"index":"index","follow":"follow","max-snippet":"max-snippet:-1","max-image-preview":"max-image-preview:large","max-video-preview":"max-video-preview:-1"},"canonical":"https:\/\/oreskylaw.com\/es\/bronx\/unsafe-construction-equipment-lawyers\/","og_locale":"es_ES","og_type":"article","og_title":"Abogado de Equipos de Trabajo de Construcci\u00f3n Inseguros, Bronx - Oresky & Associates, PLLC","og_description":"Si ha sufrido lesiones por equipos de trabajo de construcci\u00f3n inseguros, contacte a Oresky & Associates en el Bronx, NY, hoy. Lucharemos para compensaci\u00f3n.","og_url":"https:\/\/oreskylaw.com\/es\/bronx\/unsafe-construction-equipment-lawyers\/","og_site_name":"Oresky &amp; Associates, PLLC","article_publisher":"https:\/\/www.facebook.com\/Oreskylaw\/","article_modified_time":"2026-01-30T14:38:38+00:00","og_image":[{"width":810,"height":330,"url":"https:\/\/oreskylaw.com\/wp-content\/uploads\/2026\/01\/unsafe-construction-equipment-lawyers.png","type":"image\/png"}],"twitter_card":"summary_large_image","twitter_site":"@JacobOreskyLaw","twitter_misc":{"Tiempo de lectura":"7 minutos"},"schema":{"@context":"https:\/\/schema.org","@graph":[{"@type":"WebPage","@id":"https:\/\/oreskylaw.com\/es\/bronx\/unsafe-construction-equipment-lawyers\/","url":"https:\/\/oreskylaw.com\/es\/bronx\/unsafe-construction-equipment-lawyers\/","name":"Abogado de Equipos de Trabajo de Construcci\u00f3n Inseguros, Bronx - Oresky & Associates, PLLC","isPartOf":{"@id":"https:\/\/oreskylaw.com\/es\/#website"},"primaryImageOfPage":{"@id":"https:\/\/oreskylaw.com\/es\/bronx\/unsafe-construction-equipment-lawyers\/#primaryimage"},"image":{"@id":"https:\/\/oreskylaw.com\/es\/bronx\/unsafe-construction-equipment-lawyers\/#primaryimage"},"thumbnailUrl":"https:\/\/oreskylaw.com\/wp-content\/uploads\/2026\/01\/unsafe-construction-equipment-lawyers.png","datePublished":"2025-12-08T02:34:55+00:00","dateModified":"2026-01-30T14:38:38+00:00","description":"Si ha sufrido lesiones por equipos de trabajo de construcci\u00f3n inseguros, contacte a Oresky & Associates en el Bronx, NY, hoy. Lucharemos para compensaci\u00f3n.","breadcrumb":{"@id":"https:\/\/oreskylaw.com\/es\/bronx\/unsafe-construction-equipment-lawyers\/#breadcrumb"},"inLanguage":"es","potentialAction":[{"@type":"ReadAction","target":["https:\/\/oreskylaw.com\/es\/bronx\/unsafe-construction-equipment-lawyers\/"]}]},{"@type":"ImageObject","inLanguage":"es","@id":"https:\/\/oreskylaw.com\/es\/bronx\/unsafe-construction-equipment-lawyers\/#primaryimage","url":"https:\/\/oreskylaw.com\/wp-content\/uploads\/2026\/01\/unsafe-construction-equipment-lawyers.png","contentUrl":"https:\/\/oreskylaw.com\/wp-content\/uploads\/2026\/01\/unsafe-construction-equipment-lawyers.png","width":810,"height":330,"caption":"construction worker"},{"@type":"BreadcrumbList","@id":"https:\/\/oreskylaw.com\/es\/bronx\/unsafe-construction-equipment-lawyers\/#breadcrumb","itemListElement":[{"@type":"ListItem","position":1,"name":"Inicio","item":"https:\/\/oreskylaw.com\/es\/"},{"@type":"ListItem","position":2,"name":"Abogado de lesiones personales en el Bronx","item":"https:\/\/oreskylaw.com\/es\/bronx\/"},{"@type":"ListItem","position":3,"name":"Abogado en el Bronx especializado en equipos de trabajo inseguros en la construcci\u00f3n"}]},{"@type":"WebSite","@id":"https:\/\/oreskylaw.com\/es\/#website","url":"https:\/\/oreskylaw.com\/es\/","name":"Oresky & Associates PLLC","description":"","publisher":{"@id":"https:\/\/oreskylaw.com\/es\/#organization"},"potentialAction":[{"@type":"SearchAction","target":{"@type":"EntryPoint","urlTemplate":"https:\/\/oreskylaw.com\/es\/?s={search_term_string}"},"query-input":{"@type":"PropertyValueSpecification","valueRequired":true,"valueName":"search_term_string"}}],"inLanguage":"es"}]}},"_links":{"self":[{"href":"https:\/\/oreskylaw.com\/es\/wp-json\/wp\/v2\/pages\/18340","targetHints":{"allow":["GET"]}}],"collection":[{"href":"https:\/\/oreskylaw.com\/es\/wp-json\/wp\/v2\/pages"}],"about":[{"href":"https:\/\/oreskylaw.com\/es\/wp-json\/wp\/v2\/types\/page"}],"author":[{"embeddable":true,"href":"https:\/\/oreskylaw.com\/es\/wp-json\/wp\/v2\/users\/9"}],"replies":[{"embeddable":true,"href":"https:\/\/oreskylaw.com\/es\/wp-json\/wp\/v2\/comments?post=18340"}],"version-history":[{"count":0,"href":"https:\/\/oreskylaw.com\/es\/wp-json\/wp\/v2\/pages\/18340\/revisions"}],"up":[{"embeddable":true,"href":"https:\/\/oreskylaw.com\/es\/wp-json\/wp\/v2\/pages\/17391"}],"wp:featuredmedia":[{"embeddable":true,"href":"https:\/\/oreskylaw.com\/es\/wp-json\/wp\/v2\/media\/24182"}],"wp:attachment":[{"href":"https:\/\/oreskylaw.com\/es\/wp-json\/wp\/v2\/media?parent=18340"}],"curies":[{"name":"wp","href":"https:\/\/api.w.org\/{rel}","templated":true}]}}