{"id":18348,"date":"2025-12-08T02:35:11","date_gmt":"2025-12-08T02:35:11","guid":{"rendered":"https:\/\/oreskylaw.com\/?page_id=18348"},"modified":"2026-01-30T14:41:48","modified_gmt":"2026-01-30T14:41:48","slug":"abogados-de-equipos-de-construccion-inseguros","status":"publish","type":"page","link":"https:\/\/oreskylaw.com\/es\/bronx\/abogados-de-equipos-de-construccion-inseguros\/","title":{"rendered":"Abogado Especialista en Accidentes de Soldadura"},"content":{"rendered":"<p>\u00bfSufri\u00f3 lesiones en un accidente de soldadura en un sitio de construcci\u00f3n en el Bronx, New York? Podr\u00eda tener derecho a recibir beneficios de compensaci\u00f3n para trabajadores por sus gastos m\u00e9dicos y salarios perdidos. En algunos casos, tambi\u00e9n podr\u00eda recuperar compensaciones adicionales en una reclamaci\u00f3n contra terceros.<\/p>\n<p>Los abogados de accidentes de construcci\u00f3n en el Bronx de\u00a0<a href=\"https:\/\/oreskylaw.com\/es\/acerca-de-nosotros\/\">Oresky &amp; Associates, PLLC<\/a>\u00a0est\u00e1n aqu\u00ed para explicarle sus opciones legales y luchar por sus derechos. Contamos con m\u00e1s de 30 a\u00f1os de experiencia en lesiones personales para respaldar su caso, y sabemos c\u00f3mo maximizar su recuperaci\u00f3n financiera. Nuestro equipo legal ha asegurado m\u00e1s de $400 millones para clientes lesionados en todo NYC.<\/p>\n<p><a href=\"https:\/\/oreskylaw.com\/es\/contacto\/\">Contacte<\/a> nuestra oficina legal en el Bronx al\u00a0<a href=\"tel:+19299304705\">(929) 930-4705<\/a>\u00a0o programe una cita en l\u00ednea para hablar con un abogado experimentado. Ofrecemos una consulta gratuita para discutir su accidente de soldadura y explicar c\u00f3mo podemos ayudar.<\/p>\n<h2>C\u00f3mo Oresky &amp; Associates, PLLC Puede Ayudar si Result\u00f3 Lesionado en un Accidente de Soldadura en el Bronx, NY<\/h2>\n<p><img loading=\"lazy\" decoding=\"async\" class=\"size-full wp-image-11444 alignleft\" src=\"https:\/\/oreskylaw.com\/wp-content\/uploads\/2026\/01\/What-Are-Common-Causes-of-Welding-Accidents.webp\" alt=\"construction accident attorney bronx ny\" width=\"300\" height=\"200\" \/>Ya sea que haya sufrido una quemadura instant\u00e1nea por soldadura por arco o problemas respiratorios por inhalar humos t\u00f3xicos, no deber\u00eda tener que preocuparse por una batalla legal mientras se concentra en su salud. Deber\u00eda seguir el plan de tratamiento de su m\u00e9dico y darse tiempo para descansar y recuperarse.<\/p>\n<p>Puede estar seguro de que manejaremos todos los aspectos de su reclamo y perseguiremos la compensaci\u00f3n que merece. Conocemos el sistema de compensaci\u00f3n para trabajadores de New York de adentro hacia afuera y c\u00f3mo proteger sus derechos durante todo el proceso.<\/p>\n<p>Si contrata a nuestros abogados de accidentes de construcci\u00f3n en el Bronx despu\u00e9s de sufrir una lesi\u00f3n por soldadura, haremos lo siguiente:<\/p>\n<ul>\n<li>Determinar sus opciones disponibles para la compensaci\u00f3n, incluyendo beneficios de compensaci\u00f3n para trabajadores y reclamos contra terceros.<\/li>\n<li>Manejar todas las presentaciones, documentaci\u00f3n y solicitudes de manera oportuna.<\/li>\n<li>Asegurarnos de que comprenda sus derechos y mantenerlo informado durante su caso.<\/li>\n<li>Negociar y comunicarnos con la Junta de Compensaci\u00f3n para Trabajadores, compa\u00f1\u00edas de seguros y cualquier otra parte involucrada en su caso.<\/li>\n<li>Representar sus mejores intereses en cada etapa.<\/li>\n<\/ul>\n<p>Comience hoy contactando nuestro bufete de abogados para una consulta gratuita y sin obligaci\u00f3n.<\/p>\n<h2>\u00bfCu\u00e1les son las Causas Comunes de Accidentes de Soldadura?<\/h2>\n<p>La soldadura implica calor extremo, altas corrientes y humos potencialmente t\u00f3xicos. Por lo tanto, los soldadores deben tomar precauciones de seguridad espec\u00edficas para prevenir lesiones o muerte.<\/p>\n<p>La Administraci\u00f3n de Seguridad y Salud Ocupacional (OSHA) proporciona est\u00e1ndares de seguridad para los trabajadores de la construcci\u00f3n al realizar soldadura de gas o por arco. Estos incluyen ventilaci\u00f3n adecuada, eliminaci\u00f3n de riesgos de incendio y uso de equipo de protecci\u00f3n personal (EPP).<\/p>\n<p>El EPP podr\u00eda incluir:<\/p>\n<div class=\"row\">\n<ul class=\"col-xl-6\">\n<li>Gafas de protecci\u00f3n<\/li>\n<li>Pantallas de soldadura<\/li>\n<li>Cascos de soldadura<\/li>\n<li>Cascos de seguridad<\/li>\n<li>Guantes de soldadura<\/li>\n<\/ul>\n<ul class=\"col-xl-6\">\n<li>Zapatos y botas de seguridad<\/li>\n<li>Mangas de soldadura<\/li>\n<li>Protecci\u00f3n auditiva<\/li>\n<li>Respiradores de l\u00ednea de aire<\/li>\n<\/ul>\n<\/div>\n<p>Desafortunadamente, no todos los empleadores y supervisores aseguran que sus empleados sigan las regulaciones de OSHA. Esto puede causar accidentes devastadores en los sitios de construcci\u00f3n.<\/p>\n<p>Algunas causas comunes de accidentes de trabajo sufridos por soldadores incluyen:<\/p>\n<div class=\"row\">\n<ul class=\"col-xl-6\">\n<li>Falta de EPP adecuado<\/li>\n<li>Soldadura en un espacio confinado sin ventilaci\u00f3n adecuada<\/li>\n<li>Riesgos el\u00e9ctricos<\/li>\n<li>Exposici\u00f3n a sustancias qu\u00edmicas o gases t\u00f3xicos<\/li>\n<\/ul>\n<ul class=\"col-xl-6\">\n<li>Incendios por chispas de soldadura o materiales inflamables<\/li>\n<li>\u00c1reas de trabajo desordenadas o llenas de escombros<\/li>\n<li>Falta de capacitaci\u00f3n adecuada<\/li>\n<\/ul>\n<\/div>\n<p>Si sufri\u00f3 una lesi\u00f3n mientras soldaba en el trabajo, Oresky &amp; Associates, PLLC est\u00e1 aqu\u00ed para manejar sus asuntos legales mientras usted se enfoca en sanar.<\/p>\n    <div class=\"cw-cta-box\">\n        <div class=\"cw-cta-box__inner \">\n            <div class=\"cw-cta-box__info\">\n                                    <div class=\"label\">\u00a1Llame ahora!<\/div>\n                            <\/div>\n                            <div class=\"contact-phone\">\n                    <a href=\"tel:7189939999\"\n                        aria-label=\"Tap to call button\">\n                        718-993-9999                    <\/a>\n                <\/div>\n                    <\/div>\n                    <a href=\"\/es\/contacto\/\"\n               class=\"cta-btn btn btn--primary btn\"\n               target=\"\">\n                Obtenga Una Consulta Gratuita            <\/a>\n            <\/div>\n    \n<h2>\u00bfC\u00f3mo Puedo Recuperar Compensaci\u00f3n Despu\u00e9s de un Accidente de Soldadura en un Sitio de Construcci\u00f3n en el Bronx?<\/h2>\n<p>Dependiendo de las circunstancias, podr\u00eda tener la posibilidad de presentar una reclamaci\u00f3n de compensaci\u00f3n para trabajadores y\/o un caso de lesi\u00f3n personal. Explicamos cada uno a continuaci\u00f3n.<\/p>\n<h3>Beneficios de Compensaci\u00f3n para Trabajadores<\/h3>\n<p>La mayor\u00eda de los empleadores en New York deben tener un seguro de compensaci\u00f3n para trabajadores. Esta cobertura ayuda a los empleados que se lesionan en el trabajo o sufren enfermedades ocupacionales.<\/p>\n<p>La compensaci\u00f3n para trabajadores es un sistema sin culpa, lo que significa que no tiene que probar negligencia, y puede recibir beneficios incluso si es culpable de su accidente laboral.<\/p>\n<p>La compensaci\u00f3n para trabajadores puede cubrir lo siguiente:<\/p>\n<ul>\n<li>Cuidado m\u00e9dico, incluyendo cirug\u00eda, pruebas diagn\u00f3sticas, medicamentos recetados y tratamiento<\/li>\n<li>Una porci\u00f3n de sus salarios perdidos basada en su nivel de discapacidad<\/li>\n<li>Beneficios a sobrevivientes, incluyendo gastos funerarios y beneficios en efectivo<\/li>\n<\/ul>\n<p>Los beneficios de compensaci\u00f3n para trabajadores son limitados; no puede recuperar compensaci\u00f3n por p\u00e9rdidas no econ\u00f3micas, como el dolor y sufrimiento.<\/p>\n<h3>Reclamaci\u00f3n por Lesiones Personales Contra Terceros<\/h3>\n<p>Si alguien distinto a su empleador es responsable de causar su accidente de soldadura, podr\u00eda tener la posibilidad de presentar un reclamo contra esa tercera parte. Sin embargo, debe demostrar que su negligencia caus\u00f3 su lesi\u00f3n por soldadura.<\/p>\n<p>Las terceras partes podr\u00edan incluir:<\/p>\n<ul>\n<li>Fabricante<\/li>\n<li>Propietario del inmueble<\/li>\n<li>Contratista<\/li>\n<li>Ingeniero<\/li>\n<\/ul>\n<p>Una demanda por lesiones personales contra terceros le permite buscar compensaci\u00f3n por la plena extensi\u00f3n de sus da\u00f1os, incluyendo todos los salarios perdidos, desfiguraci\u00f3n, dolor y sufrimiento, y m\u00e1s.<\/p>\n<h2>\u00bfCu\u00e1nto Tiempo Tengo Para Presentar un Reclamo Despu\u00e9s de un Accidente de Soldadura en New York?<\/h2>\n<p>Debe notificar a su empleador dentro de los 30 d\u00edas siguientes a su accidente de soldadura. El no hacerlo podr\u00eda resultar en la denegaci\u00f3n de beneficios de compensaci\u00f3n para trabajadores. Tiene dos a\u00f1os desde la fecha del accidente de soldadura para presentar una Reclamaci\u00f3n de Empleado (Formulario C-3) ante la Junta de Compensaci\u00f3n para Trabajadores de NY. Sin embargo, deber\u00eda presentarlo lo antes posible.<\/p>\n<p>Si es elegible para llevar a cabo un reclamo por lesiones personales contra un tercero, este debe presentarse dentro del plazo de prescripci\u00f3n de tres a\u00f1os de New York.<\/p>\n<p>No se pierda estos plazos sensibles al tiempo; de lo contrario, perder\u00e1 su derecho a compensaci\u00f3n.<\/p>\n<h2>Contacte Nuestros Abogados de Accidentes de Soldadura en el Bronx para una Consulta Gratuita<\/h2>\n<p>Si result\u00f3 lesionado en un accidente de soldadura en el trabajo, podr\u00eda tener la opci\u00f3n de buscar beneficios de compensaci\u00f3n para trabajadores y otros da\u00f1os. Contacte a Oresky &amp; Associates, PLLC para hablar con un experimentado abogado de lesiones personales en el Bronx respecto a sus opciones legales. Ofrecemos una consulta inicial gratuita para daiscutir su accidente de soldadura, lesiones y posibles v\u00edas de recuperaci\u00f3n financiera.<\/p>\n\n\t\t\t\t\n\t\t\t\t\t<div itemtype=\"https:\/\/schema.org\/VideoObject\" itemscope=\"\" id=\"video_play-1575\" class=\" vid-aligncenter\" style=\"display:block\">\n\t\t\t\t\t\t<meta itemprop=\"name\" content=\"Oresky &#038; Associates, Construction Accident Lawyers\" \/>\n\t\t\t\t\t\t<meta itemprop=\"thumbnailURL\" content=\"https:\/\/i.ytimg.com\/vi\/-x7Lm41GBRM\/hqdefault.jpg\" \/>\n\t\t\t\t\t\t<meta itemprop=\"uploadDate\" content=\"8 de diciembre de 2025\">\n\t\t\t\t\t\t\t\t\t\t\t\t\t<meta itemprop=\"embedURL\" content=\"https:\/\/www.youtube.com\/watch?v=-x7Lm41GBRM\" \/>\n\t\t\t\t\t\t\t<iframe loading=\"lazy\" class=\"cw_video_single\" src=\"https:\/\/www.youtube.com\/embed\/-x7Lm41GBRM?rel=0&amp;showinfo=1&amp;autoplay=1\" allowfullscreen=\"allowfullscreen\" width=\"100%\" height=\"480px\" ><\/iframe>\n\t\t\t\t\t\t\n\t\t\t\t\t\t\n\t\t\t\t\t\t\t\t\t\t\t\t\t\t\t<meta itemprop=\"description\" content=\"Often, profits are prioritized over job site safety at the workers\u2019 expense. Construction involves heavy equipment such as cranes, hoists, scaffolds, and ladders that can be very dangerous.\" \/>\n\t\t\t\t\t\t\t\n\t\t\t\t\t\t\n\t\t\t\t\t<\/div>\n\n\t\t\t\t\n\n\n\n\t\t\t\n\t\t\t\t\n<h3 class=\"animation-bottom anim-start\">Tipos de Accidentes de Construcci\u00f3n<\/h3>\n<div class=\"row\">\n<ul class=\"col-xl-6\">\n<li>Accidentes en Construcci\u00f3n de Puentes<\/li>\n<li>Accidentes de Hierro<\/li>\n<li>Accidentes de Plomeros<\/li>\n<li>Colapsos de Edificios<\/li>\n<\/ul>\n<ul class=\"col-xl-6\">\n<li>Accidentes de Gr\u00faas<\/li>\n<li>Ca\u00eddas en Sitios de Construcci\u00f3n<\/li>\n<li>Accidentes de Andamios<\/li>\n<\/ul>\n<\/div>\n","protected":false},"excerpt":{"rendered":"<p>\u00bfSufri\u00f3 lesiones en un accidente de soldadura en un sitio de construcci\u00f3n en el Bronx, New York? Podr\u00eda tener derecho a recibir beneficios de compensaci\u00f3n para trabajadores por sus gastos m\u00e9dicos y salarios perdidos. En algunos casos, tambi\u00e9n podr\u00eda recuperar compensaciones adicionales en una reclamaci\u00f3n contra terceros. Los abogados de accidentes de construcci\u00f3n en el [&hellip;]<\/p>\n","protected":false},"author":9,"featured_media":24190,"parent":17391,"menu_order":108,"comment_status":"closed","ping_status":"closed","template":"","meta":{"_acf_changed":false,"footnotes":""},"class_list":["post-18348","page","type-page","status-publish","has-post-thumbnail","hentry"],"acf":[],"yoast_head":"<!-- This site is optimized with the Yoast SEO plugin v27.3 - https:\/\/yoast.com\/product\/yoast-seo-wordpress\/ -->\n<title>Abogado de Accidentes de soldadura - Oresky &amp; Associates, PLLC<\/title>\n<meta name=\"description\" content=\"\u00bfSufri\u00f3 un accidente de soldadura en el Bronx, NY? Comun\u00edquese con Oresky &amp; Associates, PLLC para hablar con un abogado experto en accidentes de construcci\u00f3n.\" \/>\n<meta name=\"robots\" content=\"index, follow, max-snippet:-1, max-image-preview:large, max-video-preview:-1\" \/>\n<link rel=\"canonical\" href=\"https:\/\/oreskylaw.com\/es\/bronx\/abogados-de-equipos-de-construccion-inseguros\/\" \/>\n<meta property=\"og:locale\" content=\"es_ES\" \/>\n<meta property=\"og:type\" content=\"article\" \/>\n<meta property=\"og:title\" content=\"Abogado de Accidentes de soldadura - Oresky &amp; Associates, PLLC\" \/>\n<meta property=\"og:description\" content=\"\u00bfSufri\u00f3 un accidente de soldadura en el Bronx, NY? Comun\u00edquese con Oresky &amp; Associates, PLLC para hablar con un abogado experto en accidentes de construcci\u00f3n.\" \/>\n<meta property=\"og:url\" content=\"https:\/\/oreskylaw.com\/es\/bronx\/abogados-de-equipos-de-construccion-inseguros\/\" \/>\n<meta property=\"og:site_name\" content=\"Oresky &amp; Associates, PLLC\" \/>\n<meta property=\"article:publisher\" content=\"https:\/\/www.facebook.com\/Oreskylaw\/\" \/>\n<meta property=\"article:modified_time\" content=\"2026-01-30T14:41:48+00:00\" \/>\n<meta property=\"og:image\" content=\"https:\/\/oreskylaw.com\/wp-content\/uploads\/2026\/01\/welding-accident-lawyers.png\" \/>\n\t<meta property=\"og:image:width\" content=\"810\" \/>\n\t<meta property=\"og:image:height\" content=\"330\" \/>\n\t<meta property=\"og:image:type\" content=\"image\/png\" \/>\n<meta name=\"twitter:card\" content=\"summary_large_image\" \/>\n<meta name=\"twitter:site\" content=\"@JacobOreskyLaw\" \/>\n<meta name=\"twitter:label1\" content=\"Tiempo de lectura\" \/>\n\t<meta name=\"twitter:data1\" content=\"6 minutos\" \/>\n<!-- \/ Yoast SEO plugin. -->","yoast_head_json":{"title":"Abogado de Accidentes de soldadura - Oresky & Associates, PLLC","description":"\u00bfSufri\u00f3 un accidente de soldadura en el Bronx, NY? Comun\u00edquese con Oresky & Associates, PLLC para hablar con un abogado experto en accidentes de construcci\u00f3n.","robots":{"index":"index","follow":"follow","max-snippet":"max-snippet:-1","max-image-preview":"max-image-preview:large","max-video-preview":"max-video-preview:-1"},"canonical":"https:\/\/oreskylaw.com\/es\/bronx\/abogados-de-equipos-de-construccion-inseguros\/","og_locale":"es_ES","og_type":"article","og_title":"Abogado de Accidentes de soldadura - Oresky & Associates, PLLC","og_description":"\u00bfSufri\u00f3 un accidente de soldadura en el Bronx, NY? Comun\u00edquese con Oresky & Associates, PLLC para hablar con un abogado experto en accidentes de construcci\u00f3n.","og_url":"https:\/\/oreskylaw.com\/es\/bronx\/abogados-de-equipos-de-construccion-inseguros\/","og_site_name":"Oresky &amp; Associates, PLLC","article_publisher":"https:\/\/www.facebook.com\/Oreskylaw\/","article_modified_time":"2026-01-30T14:41:48+00:00","og_image":[{"width":810,"height":330,"url":"https:\/\/oreskylaw.com\/wp-content\/uploads\/2026\/01\/welding-accident-lawyers.png","type":"image\/png"}],"twitter_card":"summary_large_image","twitter_site":"@JacobOreskyLaw","twitter_misc":{"Tiempo de lectura":"6 minutos"},"schema":{"@context":"https:\/\/schema.org","@graph":[{"@type":"WebPage","@id":"https:\/\/oreskylaw.com\/es\/bronx\/abogados-de-equipos-de-construccion-inseguros\/","url":"https:\/\/oreskylaw.com\/es\/bronx\/abogados-de-equipos-de-construccion-inseguros\/","name":"Abogado de Accidentes de soldadura - Oresky & Associates, PLLC","isPartOf":{"@id":"https:\/\/oreskylaw.com\/es\/#website"},"primaryImageOfPage":{"@id":"https:\/\/oreskylaw.com\/es\/bronx\/abogados-de-equipos-de-construccion-inseguros\/#primaryimage"},"image":{"@id":"https:\/\/oreskylaw.com\/es\/bronx\/abogados-de-equipos-de-construccion-inseguros\/#primaryimage"},"thumbnailUrl":"https:\/\/oreskylaw.com\/wp-content\/uploads\/2026\/01\/welding-accident-lawyers.png","datePublished":"2025-12-08T02:35:11+00:00","dateModified":"2026-01-30T14:41:48+00:00","description":"\u00bfSufri\u00f3 un accidente de soldadura en el Bronx, NY? Comun\u00edquese con Oresky & Associates, PLLC para hablar con un abogado experto en accidentes de construcci\u00f3n.","breadcrumb":{"@id":"https:\/\/oreskylaw.com\/es\/bronx\/abogados-de-equipos-de-construccion-inseguros\/#breadcrumb"},"inLanguage":"es","potentialAction":[{"@type":"ReadAction","target":["https:\/\/oreskylaw.com\/es\/bronx\/abogados-de-equipos-de-construccion-inseguros\/"]}]},{"@type":"ImageObject","inLanguage":"es","@id":"https:\/\/oreskylaw.com\/es\/bronx\/abogados-de-equipos-de-construccion-inseguros\/#primaryimage","url":"https:\/\/oreskylaw.com\/wp-content\/uploads\/2026\/01\/welding-accident-lawyers.png","contentUrl":"https:\/\/oreskylaw.com\/wp-content\/uploads\/2026\/01\/welding-accident-lawyers.png","width":810,"height":330,"caption":"welding worker"},{"@type":"BreadcrumbList","@id":"https:\/\/oreskylaw.com\/es\/bronx\/abogados-de-equipos-de-construccion-inseguros\/#breadcrumb","itemListElement":[{"@type":"ListItem","position":1,"name":"Inicio","item":"https:\/\/oreskylaw.com\/es\/"},{"@type":"ListItem","position":2,"name":"Abogado de lesiones personales en el Bronx","item":"https:\/\/oreskylaw.com\/es\/bronx\/"},{"@type":"ListItem","position":3,"name":"Abogado Especialista en Accidentes de Soldadura"}]},{"@type":"WebSite","@id":"https:\/\/oreskylaw.com\/es\/#website","url":"https:\/\/oreskylaw.com\/es\/","name":"Oresky & Associates PLLC","description":"","publisher":{"@id":"https:\/\/oreskylaw.com\/es\/#organization"},"potentialAction":[{"@type":"SearchAction","target":{"@type":"EntryPoint","urlTemplate":"https:\/\/oreskylaw.com\/es\/?s={search_term_string}"},"query-input":{"@type":"PropertyValueSpecification","valueRequired":true,"valueName":"search_term_string"}}],"inLanguage":"es"}]}},"_links":{"self":[{"href":"https:\/\/oreskylaw.com\/es\/wp-json\/wp\/v2\/pages\/18348","targetHints":{"allow":["GET"]}}],"collection":[{"href":"https:\/\/oreskylaw.com\/es\/wp-json\/wp\/v2\/pages"}],"about":[{"href":"https:\/\/oreskylaw.com\/es\/wp-json\/wp\/v2\/types\/page"}],"author":[{"embeddable":true,"href":"https:\/\/oreskylaw.com\/es\/wp-json\/wp\/v2\/users\/9"}],"replies":[{"embeddable":true,"href":"https:\/\/oreskylaw.com\/es\/wp-json\/wp\/v2\/comments?post=18348"}],"version-history":[{"count":0,"href":"https:\/\/oreskylaw.com\/es\/wp-json\/wp\/v2\/pages\/18348\/revisions"}],"up":[{"embeddable":true,"href":"https:\/\/oreskylaw.com\/es\/wp-json\/wp\/v2\/pages\/17391"}],"wp:featuredmedia":[{"embeddable":true,"href":"https:\/\/oreskylaw.com\/es\/wp-json\/wp\/v2\/media\/24190"}],"wp:attachment":[{"href":"https:\/\/oreskylaw.com\/es\/wp-json\/wp\/v2\/media?parent=18348"}],"curies":[{"name":"wp","href":"https:\/\/api.w.org\/{rel}","templated":true}]}}