{"id":18359,"date":"2025-12-08T02:35:33","date_gmt":"2025-12-08T02:35:33","guid":{"rendered":"https:\/\/oreskylaw.com\/?page_id=18359"},"modified":"2026-01-30T14:43:16","modified_gmt":"2026-01-30T14:43:16","slug":"abogados-de-accidentes-de-soldadura","status":"publish","type":"page","link":"https:\/\/oreskylaw.com\/es\/bronx\/abogados-de-accidentes-de-soldadura\/","title":{"rendered":"Abogado de Compensaci\u00f3n Laboral"},"content":{"rendered":"<p>\u00bfSufri\u00f3 lesiones o desarroll\u00f3 una condici\u00f3n m\u00e9dica en su lugar de trabajo en el Bronx, NY? Las leyes de compensaci\u00f3n para trabajadores no siempre facilitan la obtenci\u00f3n del dinero que merece. Un experimentado abogado de compensaci\u00f3n para trabajadores en el Bronx de\u00a0<a href=\"https:\/\/oreskylaw.com\/es\/\">Oresky &amp; Associates, PLLC<\/a> puede ayudarlo a luchar para recuperar una compensaci\u00f3n justa por gastos m\u00e9dicos, salarios perdidos y m\u00e1s.<\/p>\n<p>Tenemos m\u00e1s de 30 a\u00f1os de experiencia protegiendo los derechos de los trabajadores lesionados en NYC. A lo largo de los a\u00f1os, hemos demostrado nuestras habilidades al recuperar m\u00e1s de $400 millones para nuestros clientes.<\/p>\n<p>Usted merece saber si est\u00e1 recibiendo la compensaci\u00f3n m\u00e1xima disponible. Ll\u00e1menos al\u00a0<a href=\"tel:+19299304705\">(929) 930-4705<\/a>\u00a0o\u00a0<a href=\"https:\/\/oreskylaw.com\/es\/contacto\/\">contacte nuestro bufete de abogados en el Bronx, New York<\/a>, para programar una consulta gratuita y aprender m\u00e1s sobre c\u00f3mo podemos ayudarle.<\/p>\n<h2>C\u00f3mo Oresky &amp; Associates, PLLC Puede Ayudar en una Reclamaci\u00f3n de Compensaci\u00f3n para Trabajadores en el Bronx<\/h2>\n<p>El sistema de compensaci\u00f3n para trabajadores de New York es todo menos simple. No recibir\u00e1 autom\u00e1ticamente los beneficios que merece. Primero tendr\u00e1 que lidiar con montones de papeleo. Una vez que presente una reclamaci\u00f3n, su empleador podr\u00eda desafiar su derecho a recibir beneficios.<\/p>\n<p>Nuestros experimentados abogados de lesiones personales en Oresky &amp; Associates, PLLC le ayudar\u00e1n en cada paso del camino. Hemos estado luchando por los trabajadores lesionados durante d\u00e9cadas. Con los a\u00f1os, hemos sido calificados por Super Lawyers y hemos ganado un lugar en el Foro de Abogados de M\u00faltiples Millones de D\u00f3lares.<\/p>\n<p>Contratarnos significa que tendr\u00e1 un defensor para:<\/p>\n<ul>\n<li>Ayudarlo a navegar el proceso de reclamaciones<\/li>\n<li>Presentar su reclamo a tiempo<\/li>\n<li>Manejar una apelaci\u00f3n si su reclamo es impugnado o denegado<\/li>\n<li>Evaluar el valor de su reclamo<\/li>\n<li>Investigar su accidente para ver si tiene derecho a presentar una demanda por lesiones personales<\/li>\n<li>Negociar con las compa\u00f1\u00edas de seguros para maximizar su compensaci\u00f3n<\/li>\n<\/ul>\n<p>\u00bfTiene preguntas sobre su reclamo de compensaci\u00f3n para trabajadores? Llame a nuestros abogados de lesiones personales en el Bronx para una consulta inicial gratuita hoy.<\/p>\n<h2>\u00bfQu\u00e9 Tan Comunes Son las Reclamaciones de Compensaci\u00f3n para Trabajadores en el Bronx, NY?<\/h2>\n<p>Seg\u00fan la Oficina de Estad\u00edsticas Laborales (BLS, por sus siglas en ingl\u00e9s), los empleadores de la industria privada informaron alrededor de 2.7 millones de lesiones y enfermedades laborales no mortales en todo Estados Unidos en 2020. En ese a\u00f1o, 4.734 trabajadores murieron en accidentes fatales en el lugar de trabajo.<\/p>\n<p>La Junta de Compensaci\u00f3n para Trabajadores del Estado de New York recibi\u00f3 139.843 reclamaciones de compensaci\u00f3n para trabajadores en 2020. Debido a la pandemia de COVID-19, ese n\u00famero disminuy\u00f3 dr\u00e1sticamente de las 181.560 reclamaciones presentadas en 2019.<\/p>\n<p>En 2020, la junta de seguros impugn\u00f3 15.507 reclamaciones de compensaci\u00f3n para trabajadores. En otras palabras, las compa\u00f1\u00edas de seguros de compensaci\u00f3n para trabajadores impugnaron m\u00e1s del 10% de todas las reclamaciones en un solo a\u00f1o.<\/p>\n    <div class=\"cw-cta-box\">\n        <div class=\"cw-cta-box__inner \">\n            <div class=\"cw-cta-box__info\">\n                                    <div class=\"label\">\u00a1Llame ahora!<\/div>\n                            <\/div>\n                            <div class=\"contact-phone\">\n                    <a href=\"tel:7189939999\"\n                        aria-label=\"Tap to call button\">\n                        718-993-9999                    <\/a>\n                <\/div>\n                    <\/div>\n                    <a href=\"\/es\/contacto\/\"\n               class=\"cta-btn btn btn--primary btn\"\n               target=\"\">\n                Obtenga Una Consulta Gratuita            <\/a>\n            <\/div>\n    \n<h2>\u00bfCu\u00e1nto Vale Mi Caso de Compensaci\u00f3n para Trabajadores en el Bronx?<\/h2>\n<p>En general, los factores que influir\u00e1n en el valor de su reclamo de compensaci\u00f3n para trabajadores incluyen:<\/p>\n<ul>\n<li>Sus salarios semanales promedio en las 52 semanas previas al accidente<\/li>\n<li>La duraci\u00f3n de su recuperaci\u00f3n<\/li>\n<li>Si puede realizar un trabajo de \u00abtarea ligera\u00bb durante la recuperaci\u00f3n<\/li>\n<li>Si la lesi\u00f3n afectar\u00e1 sus ganancias futuras<\/li>\n<li>El costo de su atenci\u00f3n m\u00e9dica<\/li>\n<\/ul>\n<p>Los trabajadores lesionados reciben alrededor de \u2154 de sus salarios semanales promedio durante la recuperaci\u00f3n. Sin embargo, la ley del estado de New York tambi\u00e9n limita la cantidad de beneficios de compensaci\u00f3n para trabajadores que puede recibir. Si usted result\u00f3 herido en el trabajo despu\u00e9s del 1 de julio de 2021, su cheque semanal est\u00e1 limitado a $1,063.05, independientemente de sus ingresos antes del accidente.<\/p>\n<p>En otras palabras, es posible que ni siquiera reciba \u2154 de sus salarios cada semana. Tambi\u00e9n es posible que pueda realizar alg\u00fan trabajo mientras se recupera. Si el trabajo parcial es una opci\u00f3n, su cheque semanal se reducir\u00e1 para tener en cuenta sus ganancias.<\/p>\n<p>\u00bfTiene preguntas sobre su cheque de beneficios semanales? Llame a nuestros abogados de compensaci\u00f3n para trabajadores en el Bronx para una evaluaci\u00f3n de caso gratuita hoy.<\/p>\n<h2>\u00bfQu\u00e9 Tipos de Da\u00f1os Est\u00e1n Disponibles Bajo las Leyes de Compensaci\u00f3n para Trabajadores de New York?<\/h2>\n<p>Las empresas en la ciudad de New York est\u00e1n obligadas a tener seguro de compensaci\u00f3n para trabajadores para todos los empleados. Eso incluye a los trabajadores a tiempo parcial. Los beneficios de compensaci\u00f3n para trabajadores proporcionan:<\/p>\n<ul>\n<li>Reemplazo de ingresos mientras se recupera de su lesi\u00f3n o enfermedad en el trabajo<\/li>\n<li>Beneficios m\u00e9dicos<\/li>\n<li>Beneficios para sobrevivientes<\/li>\n<\/ul>\n<p>Debe seguir reglas estrictas para recuperar la cantidad total a la que tiene derecho.<\/p>\n<h3>Cobertura de Gastos M\u00e9dicos<\/h3>\n<p>Seg\u00fan las leyes de compensaci\u00f3n para trabajadores de New York, todos los gastos m\u00e9dicos razonables y necesarios est\u00e1n cubiertos, incluyendo:<\/p>\n<div class=\"row\">\n<ul class=\"col-xl-6\">\n<li>Facturas m\u00e9dicas por consultas con el m\u00e9dico y visitas al hospital<\/li>\n<li>Facturas dentales<\/li>\n<li>Cirug\u00edas<\/li>\n<\/ul>\n<ul class=\"col-xl-6\">\n<li>Optometr\u00eda<\/li>\n<li>Medicamentos m\u00e9dicamente necesarios<\/li>\n<li>Dispositivos m\u00e9dicos<\/li>\n<\/ul>\n<\/div>\n<p>Sin embargo, para recibir estos beneficios, debe visitar a un m\u00e9dico aprobado por la Junta de Compensaci\u00f3n para Trabajadores (a menos que sea una emergencia).<\/p>\n<h3>Beneficios de Sustituci\u00f3n de Salarios en Efectivo<\/h3>\n<p>Los trabajadores lesionados tienen derecho a beneficios de sustituci\u00f3n de salario si:<\/p>\n<ul>\n<li>La lesi\u00f3n o enfermedad lo mantiene fuera del trabajo durante al menos siete d\u00edas, o<\/li>\n<li>Su paga se reduce durante la recuperaci\u00f3n porque est\u00e1 trabajando menos o realizando un trabajo diferente<\/li>\n<\/ul>\n<p>Una vez que falte al menos 14 d\u00edas de trabajo, tambi\u00e9n ser\u00e1 compensado por los primeros siete d\u00edas de discapacidad.<\/p>\n<p>El tipo de beneficios que recibir\u00e1 depende de la naturaleza de su lesi\u00f3n. Puede recibir beneficios en efectivo por:<\/p>\n<ul>\n<li>Discapacidad total temporal<\/li>\n<li>Discapacidad parcial temporal<\/li>\n<li>Discapacidad total permanente<\/li>\n<li>Discapacidad parcial permanente<\/li>\n<\/ul>\n<p>Tambi\u00e9n puede tener derecho a una indemnizaci\u00f3n por p\u00e9rdida de la audici\u00f3n, p\u00e9rdida de visi\u00f3n o p\u00e9rdida de uso de una parte del cuerpo.<\/p>\n<p>Inicialmente, todas las lesiones y enfermedades se consideran temporales. M\u00e1s tarde, su m\u00e9dico evaluar\u00e1 si puede volver al trabajo en plena capacidad o parcial. Una vez que haya alcanzado la mejora m\u00e9dica m\u00e1xima (MMI, por sus siglas en ingl\u00e9s), es posible que su lesi\u00f3n pueda clasificarse como una discapacidad permanente.<\/p>\n<h3>Beneficios para Sobrevivientes<\/h3>\n<p>Los c\u00f3nyuges sobrevivientes, los hijos y otros dependientes tienen derecho a recibir beneficios por fallecimiento si un accidente laboral es fatal.<\/p>\n<p>Esos beneficios incluyen:<\/p>\n<ul>\n<li>Beneficios en efectivo semanales equivalentes a \u2154 de los salarios semanales promedio del trabajador antes del accidente<\/li>\n<li>Gastos de funeral y entierro (hasta $12.500 en el Bronx)<\/li>\n<li>Los padres sobrevivientes pueden recibir un pago en efectivo de $50.000 si no hay c\u00f3nyuge o hijos sobrevivientes.<\/li>\n<\/ul>\n<h2>Lucharemos para Recuperar una Compensaci\u00f3n por Todas Sus Lesiones y Enfermedades Relacionadas con el Trabajo<\/h2>\n<p><img loading=\"lazy\" decoding=\"async\" class=\"size-full wp-image-11444 alignright\" src=\"https:\/\/oreskylaw.com\/wp-content\/uploads\/2026\/01\/What-Are-Common-Causes-of-Welding-Accidents.webp\" alt=\"construction accident attorney bronx ny\" width=\"300\" height=\"200\" \/>Una lesi\u00f3n grave puede afectar su capacidad para ganarse la vida durante semanas o meses. En Oresky &amp; Associates, PLLC, nuestros abogados de compensaci\u00f3n para trabajadores en el Bronx a menudo representan a clientes que han sufrido:<\/p>\n<ul>\n<li>Huesos rotos<\/li>\n<li>Quemaduras<\/li>\n<li>P\u00e9rdida de la audici\u00f3n<\/li>\n<li>P\u00e9rdida de la visi\u00f3n y lesiones oculares<\/li>\n<li>Da\u00f1o de tejidos blandos, incluyendo torceduras y esguinces<\/li>\n<li>Lesiones cerebrales traum\u00e1ticas<\/li>\n<li>Da\u00f1o de la m\u00e9dula espinal<\/li>\n<li>Da\u00f1o nervioso<\/li>\n<li>Lesiones de cabeza y cuello<\/li>\n<li>Conmociones<\/li>\n<li>Lesiones de espalda<\/li>\n<li>Da\u00f1o org\u00e1nico<\/li>\n<li>Trastornos musculoesquel\u00e9ticos<\/li>\n<li>Lesiones por esfuerzo repetitivo<\/li>\n<li>S\u00edndrome del t\u00fanel carpiano<\/li>\n<li>Da\u00f1o pulmonar causado por exposici\u00f3n a sustancias t\u00f3xicas<\/li>\n<li>Amputaciones<\/li>\n<li>Par\u00e1lisis<\/li>\n<li>Lesiones catastr\u00f3ficas<\/li>\n<li>Muerte injusta de un ser querido<\/li>\n<\/ul>\n<p>\u00bfTiene preguntas sobre sus beneficios de compensaci\u00f3n para trabajadores o derechos bajo las leyes de discapacidad del Seguro Social? Llame a nuestras oficinas legales en el Bronx para una revisi\u00f3n gratuita de su caso hoy.<\/p>\n","protected":false},"excerpt":{"rendered":"<p>\u00bfSufri\u00f3 lesiones o desarroll\u00f3 una condici\u00f3n m\u00e9dica en su lugar de trabajo en el Bronx, NY? Las leyes de compensaci\u00f3n para trabajadores no siempre facilitan la obtenci\u00f3n del dinero que merece. Un experimentado abogado de compensaci\u00f3n para trabajadores en el Bronx de\u00a0Oresky &amp; Associates, PLLC puede ayudarlo a luchar para recuperar una compensaci\u00f3n justa por [&hellip;]<\/p>\n","protected":false},"author":9,"featured_media":23967,"parent":17391,"menu_order":110,"comment_status":"closed","ping_status":"closed","template":"practice-area.php","meta":{"_acf_changed":false,"footnotes":""},"class_list":["post-18359","page","type-page","status-publish","has-post-thumbnail","hentry"],"acf":[],"yoast_head":"<!-- This site is optimized with the Yoast SEO plugin v27.3 - https:\/\/yoast.com\/product\/yoast-seo-wordpress\/ -->\n<title>Abogado de Compensaci\u00f3n Laboral en el Bronx - Oresky &amp; Associates, PLLC<\/title>\n<meta name=\"description\" content=\"\u00bfSufri\u00f3 una lesi\u00f3n laboral en el Bronx? Llame a Oresky &amp; Associates, PLLC para hablar con abogado de compensaci\u00f3n laboral que luchar\u00e1 por el dinero que necesita.\" \/>\n<meta name=\"robots\" content=\"index, follow, max-snippet:-1, max-image-preview:large, max-video-preview:-1\" \/>\n<link rel=\"canonical\" href=\"https:\/\/oreskylaw.com\/es\/bronx\/abogados-de-accidentes-de-soldadura\/\" \/>\n<meta property=\"og:locale\" content=\"es_ES\" \/>\n<meta property=\"og:type\" content=\"article\" \/>\n<meta property=\"og:title\" content=\"Abogado de Compensaci\u00f3n Laboral en el Bronx - Oresky &amp; Associates, PLLC\" \/>\n<meta property=\"og:description\" content=\"\u00bfSufri\u00f3 una lesi\u00f3n laboral en el Bronx? Llame a Oresky &amp; Associates, PLLC para hablar con abogado de compensaci\u00f3n laboral que luchar\u00e1 por el dinero que necesita.\" \/>\n<meta property=\"og:url\" content=\"https:\/\/oreskylaw.com\/es\/bronx\/abogados-de-accidentes-de-soldadura\/\" \/>\n<meta property=\"og:site_name\" content=\"Oresky &amp; Associates, PLLC\" \/>\n<meta property=\"article:publisher\" content=\"https:\/\/www.facebook.com\/Oreskylaw\/\" \/>\n<meta property=\"article:modified_time\" content=\"2026-01-30T14:43:16+00:00\" \/>\n<meta property=\"og:image\" content=\"https:\/\/oreskylaw.com\/wp-content\/uploads\/2026\/01\/workers-compensation-lawyers.png\" \/>\n\t<meta property=\"og:image:width\" content=\"810\" \/>\n\t<meta property=\"og:image:height\" content=\"330\" \/>\n\t<meta property=\"og:image:type\" content=\"image\/png\" \/>\n<meta name=\"twitter:card\" content=\"summary_large_image\" \/>\n<meta name=\"twitter:site\" content=\"@JacobOreskyLaw\" \/>\n<meta name=\"twitter:label1\" content=\"Tiempo de lectura\" \/>\n\t<meta name=\"twitter:data1\" content=\"6 minutos\" \/>\n<!-- \/ Yoast SEO plugin. -->","yoast_head_json":{"title":"Abogado de Compensaci\u00f3n Laboral en el Bronx - Oresky & Associates, PLLC","description":"\u00bfSufri\u00f3 una lesi\u00f3n laboral en el Bronx? Llame a Oresky & Associates, PLLC para hablar con abogado de compensaci\u00f3n laboral que luchar\u00e1 por el dinero que necesita.","robots":{"index":"index","follow":"follow","max-snippet":"max-snippet:-1","max-image-preview":"max-image-preview:large","max-video-preview":"max-video-preview:-1"},"canonical":"https:\/\/oreskylaw.com\/es\/bronx\/abogados-de-accidentes-de-soldadura\/","og_locale":"es_ES","og_type":"article","og_title":"Abogado de Compensaci\u00f3n Laboral en el Bronx - Oresky & Associates, PLLC","og_description":"\u00bfSufri\u00f3 una lesi\u00f3n laboral en el Bronx? Llame a Oresky & Associates, PLLC para hablar con abogado de compensaci\u00f3n laboral que luchar\u00e1 por el dinero que necesita.","og_url":"https:\/\/oreskylaw.com\/es\/bronx\/abogados-de-accidentes-de-soldadura\/","og_site_name":"Oresky &amp; Associates, PLLC","article_publisher":"https:\/\/www.facebook.com\/Oreskylaw\/","article_modified_time":"2026-01-30T14:43:16+00:00","og_image":[{"width":810,"height":330,"url":"https:\/\/oreskylaw.com\/wp-content\/uploads\/2026\/01\/workers-compensation-lawyers.png","type":"image\/png"}],"twitter_card":"summary_large_image","twitter_site":"@JacobOreskyLaw","twitter_misc":{"Tiempo de lectura":"6 minutos"},"schema":{"@context":"https:\/\/schema.org","@graph":[{"@type":"WebPage","@id":"https:\/\/oreskylaw.com\/es\/bronx\/abogados-de-accidentes-de-soldadura\/","url":"https:\/\/oreskylaw.com\/es\/bronx\/abogados-de-accidentes-de-soldadura\/","name":"Abogado de Compensaci\u00f3n Laboral en el Bronx - Oresky & Associates, PLLC","isPartOf":{"@id":"https:\/\/oreskylaw.com\/es\/#website"},"primaryImageOfPage":{"@id":"https:\/\/oreskylaw.com\/es\/bronx\/abogados-de-accidentes-de-soldadura\/#primaryimage"},"image":{"@id":"https:\/\/oreskylaw.com\/es\/bronx\/abogados-de-accidentes-de-soldadura\/#primaryimage"},"thumbnailUrl":"https:\/\/oreskylaw.com\/wp-content\/uploads\/2026\/01\/workers-compensation-lawyers.png","datePublished":"2025-12-08T02:35:33+00:00","dateModified":"2026-01-30T14:43:16+00:00","description":"\u00bfSufri\u00f3 una lesi\u00f3n laboral en el Bronx? Llame a Oresky & Associates, PLLC para hablar con abogado de compensaci\u00f3n laboral que luchar\u00e1 por el dinero que necesita.","breadcrumb":{"@id":"https:\/\/oreskylaw.com\/es\/bronx\/abogados-de-accidentes-de-soldadura\/#breadcrumb"},"inLanguage":"es","potentialAction":[{"@type":"ReadAction","target":["https:\/\/oreskylaw.com\/es\/bronx\/abogados-de-accidentes-de-soldadura\/"]}]},{"@type":"ImageObject","inLanguage":"es","@id":"https:\/\/oreskylaw.com\/es\/bronx\/abogados-de-accidentes-de-soldadura\/#primaryimage","url":"https:\/\/oreskylaw.com\/wp-content\/uploads\/2026\/01\/workers-compensation-lawyers.png","contentUrl":"https:\/\/oreskylaw.com\/wp-content\/uploads\/2026\/01\/workers-compensation-lawyers.png","width":810,"height":330,"caption":"workers gloves"},{"@type":"BreadcrumbList","@id":"https:\/\/oreskylaw.com\/es\/bronx\/abogados-de-accidentes-de-soldadura\/#breadcrumb","itemListElement":[{"@type":"ListItem","position":1,"name":"Inicio","item":"https:\/\/oreskylaw.com\/es\/"},{"@type":"ListItem","position":2,"name":"Abogado de lesiones personales en el Bronx","item":"https:\/\/oreskylaw.com\/es\/bronx\/"},{"@type":"ListItem","position":3,"name":"Abogado de Compensaci\u00f3n Laboral"}]},{"@type":"WebSite","@id":"https:\/\/oreskylaw.com\/es\/#website","url":"https:\/\/oreskylaw.com\/es\/","name":"Oresky & Associates PLLC","description":"","publisher":{"@id":"https:\/\/oreskylaw.com\/es\/#organization"},"potentialAction":[{"@type":"SearchAction","target":{"@type":"EntryPoint","urlTemplate":"https:\/\/oreskylaw.com\/es\/?s={search_term_string}"},"query-input":{"@type":"PropertyValueSpecification","valueRequired":true,"valueName":"search_term_string"}}],"inLanguage":"es"}]}},"_links":{"self":[{"href":"https:\/\/oreskylaw.com\/es\/wp-json\/wp\/v2\/pages\/18359","targetHints":{"allow":["GET"]}}],"collection":[{"href":"https:\/\/oreskylaw.com\/es\/wp-json\/wp\/v2\/pages"}],"about":[{"href":"https:\/\/oreskylaw.com\/es\/wp-json\/wp\/v2\/types\/page"}],"author":[{"embeddable":true,"href":"https:\/\/oreskylaw.com\/es\/wp-json\/wp\/v2\/users\/9"}],"replies":[{"embeddable":true,"href":"https:\/\/oreskylaw.com\/es\/wp-json\/wp\/v2\/comments?post=18359"}],"version-history":[{"count":0,"href":"https:\/\/oreskylaw.com\/es\/wp-json\/wp\/v2\/pages\/18359\/revisions"}],"up":[{"embeddable":true,"href":"https:\/\/oreskylaw.com\/es\/wp-json\/wp\/v2\/pages\/17391"}],"wp:featuredmedia":[{"embeddable":true,"href":"https:\/\/oreskylaw.com\/es\/wp-json\/wp\/v2\/media\/23967"}],"wp:attachment":[{"href":"https:\/\/oreskylaw.com\/es\/wp-json\/wp\/v2\/media?parent=18359"}],"curies":[{"name":"wp","href":"https:\/\/api.w.org\/{rel}","templated":true}]}}