{"id":18371,"date":"2025-12-08T02:35:53","date_gmt":"2025-12-08T02:35:53","guid":{"rendered":"https:\/\/oreskylaw.com\/?page_id=18371"},"modified":"2026-01-30T14:48:25","modified_gmt":"2026-01-30T14:48:25","slug":"abogados-de-compensacion-laboral","status":"publish","type":"page","link":"https:\/\/oreskylaw.com\/es\/bronx\/abogados-de-compensacion-laboral\/","title":{"rendered":"Abogado de accidentes laborales"},"content":{"rendered":"<p>Puedes tener derecho a una indemnizaci\u00f3n si te has lesionado recientemente en un accidente laboral en el Bronx, NY. Ya sea que necesites solicitar beneficios de compensaci\u00f3n laboral o presentar una demanda contra una parte negligente, los abogados de accidentes laborales del Bronx de\u00a0<a href=\"https:\/\/oreskylaw.com\/es\/\">Oresky &amp; Associates, PLLC<\/a>\u00a0pueden ayudarte.<\/p>\n<p>Somos fervientes defensores de los trabajadores del Bronx y lo hemos sido desde 1992. A lo largo de m\u00e1s de 30 a\u00f1os, nuestros abogados han ganado m\u00e1s de 400 millones de d\u00f3lares para clientes como t\u00fa. \u00a1No importa tu estatus migratorio!<\/p>\n<p>Nos necesitas de tu lado despu\u00e9s de tu accidente de trabajo. Ponte en\u00a0<a href=\"https:\/\/oreskylaw.com\/es\/contacto\/\">contacto<\/a>\u00a0con nosotros o ll\u00e1manos al\u00a0<a href=\"tel:+19293050949\">(929) 305-0949<\/a>\u00a0para programar una evaluaci\u00f3n gratuita y sin compromiso de tu caso. Siempre estamos preparados para responder, as\u00ed que llama ahora.<\/p>\n<h2>C\u00f3mo pueden ayudar nuestros abogados de indemnizaci\u00f3n laboral del Bronx tras un accidente laboral<\/h2>\n<p>Muchos lugares de trabajo en el Bronx son peligrosos. El vecindario alberga industrias peligrosas y parece estar siempre en construcci\u00f3n. Como resultado, los trabajadores ponen su salud y sus vidas en juego todos los d\u00edas.<\/p>\n<p>Los experimentados\u00a0<a href=\"https:\/\/oreskylaw.com\/es\/bronx\/\">abogados de lesiones personales del Bronx<\/a> de Oresky &amp; Associates, PLLC est\u00e1n aqu\u00ed para ayudarte cuando algo sale mal y sufres una lesi\u00f3n.<\/p>\n<p>Nos enfrentamos cada d\u00eda a las compa\u00f1\u00edas de seguros, a los empresarios y a las empresas con recursos, y ganamos a lo grande para trabajadores como t\u00fa.<\/p>\n<p>Cuando nos contratas para que nos encarguemos de tu\u00a0<a href=\"https:\/\/oreskylaw.com\/es\/\">caso de accidente<\/a>\u00a0laboral en el Bronx, New York, puedes esperar que nosotros:<\/p>\n<ul>\n<li>Investiguemos las circunstancias de tu accidente laboral y lo que lo provoc\u00f3<\/li>\n<li>Reunamos pruebas que apoyen tu reclamaci\u00f3n, como fotograf\u00edas, declaraciones de testigos, grabaciones de v\u00eddeo y registros de seguridad<\/li>\n<li>Te ayudemos a entender tus opciones y determinar las mejores estrategias para recuperar la indemnizaci\u00f3n que necesitas<\/li>\n<li>Gestionemos todas las conversaciones y negociaciones con tu empleador, las aseguradoras y otras partes implicadas<\/li>\n<li>Hagamos que nuestros galardonados abogados litigantes lleven tu caso a los tribunales, si es necesario.<\/li>\n<\/ul>\n<p>Deja que pongamos a trabajar nuestras d\u00e9cadas de experiencia combinada para ayudarte a superar este dif\u00edcil momento. Ll\u00e1manos o ponte en contacto con nosotros por Internet y fija una hora para hablar con nuestro experto equipo. Siempre estamos disponibles, 24 horas al d\u00eda y 365 d\u00edas al a\u00f1o.<\/p>\n<h2>Estad\u00edsticas de accidentes laborales en el Bronx<\/h2>\n<p>En 2020, al menos\u00a0<a href=\"https:\/\/www.bls.gov\/regions\/new-york-new-jersey\/news-release\/workplaceinjuriesandillnesses_newyork.htm\" target=\"_blank\" rel=\"nofollow noopener noreferrer\">129.000 trabajadores<\/a>\u00a0se lesionaron en el trabajo en todo el estado de New York. Es probable que muchos de ellos se concentraran en la Gran Manzana y sus alrededores.<\/p>\n<p>Seg\u00fan los datos de la Oficina de Estad\u00edsticas Laborales, esto significa que aproximadamente 2 de cada 100 trabajadores a tiempo completo se lesionaron en el trabajo ese a\u00f1o.<\/p>\n<p>\u00bfY en la ciudad de New York y el Bronx? Aunque no se dispone de estad\u00edsticas generales sobre accidentes laborales en la ciudad, sabemos que los accidentes en la construcci\u00f3n son incre\u00edblemente frecuentes aqu\u00ed.<\/p>\n<p>Seg\u00fan datos del Departamento de Edificios de la ciudad de New York, en 2020 se produjeron al menos\u00a0<a href=\"https:\/\/www1.nyc.gov\/assets\/buildings\/pdf\/cons_accident_summary_0121.pdf\" target=\"_blank\" rel=\"nofollow noopener noreferrer\">484 accidentes<\/a>\u00a0en obras. Al menos 41 de ellos ocurrieron en el Bronx, causando 43 heridos, pero ninguna muerte que notificar.<\/p>\n    <div class=\"cw-cta-box\">\n        <div class=\"cw-cta-box__inner \">\n            <div class=\"cw-cta-box__info\">\n                                    <div class=\"label\">\u00a1Llame ahora!<\/div>\n                            <\/div>\n                            <div class=\"contact-phone\">\n                    <a href=\"tel:7189939999\"\n                        aria-label=\"Tap to call button\">\n                        718-993-9999                    <\/a>\n                <\/div>\n                    <\/div>\n                    <a href=\"\/es\/contacto\/\"\n               class=\"cta-btn btn btn--primary btn\"\n               target=\"\">\n                Obtenga Una Consulta Gratuita            <\/a>\n            <\/div>\n    \n<h2>Luchamos por los clientes lesionados en todo tipo de accidentes laborales en el Bronx<\/h2>\n<p>No importa a qu\u00e9 te dediques o c\u00f3mo te hayas lesionado, nuestros abogados especializados en accidentes laborales del Bronx est\u00e1n aqu\u00ed para ayudarte.<\/p>\n<p>Representamos a clientes que han sufrido lesiones laborales catastr\u00f3ficas y que les han cambiado la vida como consecuencia de:<\/p>\n<div class=\"row\">\n<ul class=\"col-xl-6\">\n<li>Accidentes en obras de construcci\u00f3n<\/li>\n<li>Accidentes por resbalones y ca\u00eddas<\/li>\n<li>Ca\u00edda de objetos<\/li>\n<li>Incendios y explosiones<\/li>\n<li>Electrocuci\u00f3n<\/li>\n<li>Equipos de trabajo defectuosos o peligrosos<\/li>\n<li><a href=\"https:\/\/oreskylaw.com\/es\/nyc\/abogados-de-accidentes-de-auto\/\">Accidentes de tr\u00e1fico<\/a><\/li>\n<\/ul>\n<ul class=\"col-xl-6\">\n<li><a href=\"https:\/\/oreskylaw.com\/es\/bronx\/abogados-de-accidentes-de-camiones\/\">Accidentes de camiones<\/a><\/li>\n<li>Lesi\u00f3n por movimientos repetitivos<\/li>\n<li>Exposici\u00f3n a toxinas y productos qu\u00edmicos, como el amianto y el plomo<\/li>\n<li>Golpe por un objeto<\/li>\n<li>Ca\u00eddas de altura<\/li>\n<li>Violencia en el lugar de trabajo, incluidas las agresiones f\u00edsicas y las agresiones sexuales.<\/li>\n<\/ul>\n<\/div>\n<p>Nuestros\u00a0<a href=\"https:\/\/oreskylaw.com\/es\/nyc\/abogados-de-muerte-por-negligencia\/\">abogados especializados en muerte por negligencia<\/a>\u00a0tambi\u00e9n est\u00e1n aqu\u00ed para las familias que han sufrido la devastadora p\u00e9rdida de un familiar en un accidente laboral mortal en el Bronx.<\/p>\n<p>Ponte en contacto con nosotros para hablar de tu caso y saber m\u00e1s sobre c\u00f3mo podemos ayudarte hoy.<\/p>\n<h2>\u00bfC\u00f3mo puedo obtener una indemnizaci\u00f3n tras un accidente laboral en el Bronx?<\/h2>\n<p>Por lo general, tendr\u00e1s dos opciones para buscar una indemnizaci\u00f3n despu\u00e9s de un accidente laboral en el Bronx.<\/p>\n<p>La primera consiste en presentar una solicitud de indemnizaci\u00f3n por accidente de trabajo para obtener prestaciones. La segunda consiste en presentar una demanda civil por da\u00f1os personales contra un tercero.<\/p>\n<p>Puedes tener derecho a una indemnizaci\u00f3n en virtud de una o ambas opciones. Ten en cuenta, sin embargo, que la mayor\u00eda de los empleados cubiertos por la indemnizaci\u00f3n por accidente laboral renuncian a su derecho a demandar a sus empleadores. Sin embargo, las demandas contra los no empleadores podr\u00edan ser una opci\u00f3n.<\/p>\n<h3>Prestaciones a trav\u00e9s del seguro de accidentes de trabajo<\/h3>\n<p>Si presentas una\u00a0<a href=\"http:\/\/www.wcb.ny.gov\/content\/main\/Workers\/Workers.jsp\" target=\"_blank\" rel=\"nofollow noopener noreferrer\">reclamaci\u00f3n de indemnizaci\u00f3n por accidente de trabajo<\/a>, puedes tener derecho a algunas o todas las prestaciones siguientes:<\/p>\n<div class=\"row\">\n<ul class=\"col-xl-6\">\n<li>Tratamiento m\u00e9dico<\/li>\n<li>Salarios perdidos<\/li>\n<li>Reducci\u00f3n de la capacidad de ganancia<\/li>\n<\/ul>\n<ul class=\"col-xl-6\">\n<li>Indemnizaci\u00f3n por incapacidad permanente en alguna extremidad<\/li>\n<li>Discapacidad, y<\/li>\n<li>Servicios de rehabilitaci\u00f3n profesional.<\/li>\n<\/ul>\n<\/div>\n<p>Las prestaciones por fallecimiento tambi\u00e9n pueden estar disponibles para las familias que han sufrido la p\u00e9rdida de un ser querido en un accidente laboral mortal en el Bronx.<\/p>\n<h3>Da\u00f1os econ\u00f3micos y no econ\u00f3micos en una demanda por da\u00f1os personales<\/h3>\n<p>Las indemnizaciones econ\u00f3micas ayudan a compensar los costos financieros verificables de un accidente, como, por ejemplo:<\/p>\n<div class=\"row\">\n<ul class=\"col-xl-6\">\n<li>Facturas m\u00e9dicas relacionadas con la hospitalizaci\u00f3n, la cirug\u00eda, la rehabilitaci\u00f3n, el equipo m\u00e9dico y la medicaci\u00f3n<\/li>\n<li>Rehabilitaci\u00f3n y terapia<\/li>\n<li>Cuidados de enfermer\u00eda<\/li>\n<\/ul>\n<ul class=\"col-xl-6\">\n<li>Modificaciones en el hogar<\/li>\n<li>P\u00e9rdida de ingresos y salarios<\/li>\n<li>Discapacidad<\/li>\n<\/ul>\n<\/div>\n<p>Las indemnizaciones no econ\u00f3micas ayudan a compensar traumas m\u00e1s subjetivos relacionados con la lesi\u00f3n de un trabajador, como:<\/p>\n<div class=\"row\">\n<ul class=\"col-xl-6\">\n<li>Dolor y sufrimiento<\/li>\n<li>P\u00e9rdida del c\u00f3nyuge<\/li>\n<li>P\u00e9rdida de disfrute de la vida<\/li>\n<li>P\u00e9rdida de calidad de vida<\/li>\n<\/ul>\n<ul class=\"col-xl-6\">\n<li>Depresi\u00f3n<\/li>\n<li>TEPT<\/li>\n<li>Desfiguraci\u00f3n y cicatrizaci\u00f3n<\/li>\n<\/ul>\n<\/div>\n<p>Ten en cuenta que las indemnizaciones por \u201cdolor y sufrimiento\u201d -y otras indemnizaciones no econ\u00f3micas- no est\u00e1n disponibles en el sistema de compensaci\u00f3n de los trabajadores.<\/p>\n<p>En Oresky &amp; Associates, PLLC, nuestros abogados especializados en accidentes laborales del Bronx identificar\u00e1n y perseguir\u00e1n todas las indemnizaciones y prestaciones que te ofrece la ley del Estado de New York. Con la ayuda de expertos, llegaremos al fondo de lo que vale tu caso y lucharemos para conseguir el dinero que te mereces.<\/p>\n<h2>Las lesiones relacionadas con el trabajo pueden provocar lesiones catastr\u00f3ficas, incapacidad y muerte<\/h2>\n<p>Nuestros abogados de lesiones personales del Bronx se comprometen a ayudar a las v\u00edctimas de accidentes a buscar la m\u00e1xima indemnizaci\u00f3n por lesiones y enfermedades laborales graves, catastr\u00f3ficas y que cambian la vida.<\/p>\n<p>Ll\u00e1manos para pedir ayuda si has sufrido:<\/p>\n<div class=\"row\">\n<ul class=\"col-xl-6\">\n<li>Huesos rotos<\/li>\n<li><a href=\"https:\/\/oreskylaw.com\/es\/lesion\/abogados-de-lesiones-cerebrales\/\">Lesi\u00f3n cerebral traum\u00e1tica<\/a><\/li>\n<li>Lesi\u00f3n de espalda<\/li>\n<li>Lesi\u00f3n en el cuello<\/li>\n<li>Lesi\u00f3n por aplastamiento<\/li>\n<li>Lesi\u00f3n tor\u00e1cica<\/li>\n<li>P\u00e9rdida de extremidades<\/li>\n<\/ul>\n<ul class=\"col-xl-6\">\n<li>Lesi\u00f3n ocular<\/li>\n<li>P\u00e9rdida de audici\u00f3n<\/li>\n<li>Lesi\u00f3n medular<\/li>\n<li>Par\u00e1lisis<\/li>\n<li>C\u00e1ncer<\/li>\n<li>Enfermedades respiratorias, y m\u00e1s.<\/li>\n<\/ul>\n<\/div>\n<p>No subestimes las lesiones por accidente laboral. Cualquier traumatismo puede cambiar tu vida para siempre, especialmente si te impide volver a trabajar. Llama a nuestro experto equipo y discute tus derechos legales hoy mismo.<\/p>\n<img loading=\"lazy\" decoding=\"async\" class=\"aligncenter wp-image-11413 size-full\" src=\"https:\/\/oreskylaw.com\/wp-content\/uploads\/2026\/01\/construction-accident-attorney-bronx-ny.webp\" alt=\"construction accident attorney bronx ny\" width=\"746\" height=\"420\" srcset=\"https:\/\/oreskylaw.com\/wp-content\/uploads\/2026\/01\/construction-accident-attorney-bronx-ny.webp 746w, https:\/\/oreskylaw.com\/wp-content\/uploads\/2026\/01\/construction-accident-attorney-bronx-ny-300x169.webp 300w\" sizes=\"auto, (max-width: 746px) 100vw, 746px\" \/>\n","protected":false},"excerpt":{"rendered":"<p>Puedes tener derecho a una indemnizaci\u00f3n si te has lesionado recientemente en un accidente laboral en el Bronx, NY. Ya sea que necesites solicitar beneficios de compensaci\u00f3n laboral o presentar una demanda contra una parte negligente, los abogados de accidentes laborales del Bronx de\u00a0Oresky &amp; Associates, PLLC\u00a0pueden ayudarte. Somos fervientes defensores de los trabajadores del [&hellip;]<\/p>\n","protected":false},"author":9,"featured_media":21576,"parent":17391,"menu_order":111,"comment_status":"closed","ping_status":"closed","template":"practice-area.php","meta":{"_acf_changed":false,"footnotes":""},"class_list":["post-18371","page","type-page","status-publish","has-post-thumbnail","hentry"],"acf":[],"yoast_head":"<!-- This site is optimized with the Yoast SEO plugin v27.3 - https:\/\/yoast.com\/product\/yoast-seo-wordpress\/ -->\n<title>Abogado de accidentes laborales en el Bronx - Oresky &amp; Associates, PLLC<\/title>\n<meta name=\"description\" content=\"\u00bfLesionado trabajando en el Bronx? Abogados especialistas en accidentes laborales de Oresky &amp; Associates, PLLC pueden ayudarte a ganar compensaci\u00f3n. \u00a1Ll\u00e1manos hoy!\" \/>\n<meta name=\"robots\" content=\"index, follow, max-snippet:-1, max-image-preview:large, max-video-preview:-1\" \/>\n<link rel=\"canonical\" href=\"https:\/\/oreskylaw.com\/es\/bronx\/abogados-de-compensacion-laboral\/\" \/>\n<meta property=\"og:locale\" content=\"es_ES\" \/>\n<meta property=\"og:type\" content=\"article\" \/>\n<meta property=\"og:title\" content=\"Abogado de accidentes laborales en el Bronx - Oresky &amp; Associates, PLLC\" \/>\n<meta property=\"og:description\" content=\"\u00bfLesionado trabajando en el Bronx? Abogados especialistas en accidentes laborales de Oresky &amp; Associates, PLLC pueden ayudarte a ganar compensaci\u00f3n. \u00a1Ll\u00e1manos hoy!\" \/>\n<meta property=\"og:url\" content=\"https:\/\/oreskylaw.com\/es\/bronx\/abogados-de-compensacion-laboral\/\" \/>\n<meta property=\"og:site_name\" content=\"Oresky &amp; Associates, PLLC\" \/>\n<meta property=\"article:publisher\" content=\"https:\/\/www.facebook.com\/Oreskylaw\/\" \/>\n<meta property=\"article:modified_time\" content=\"2026-01-30T14:48:25+00:00\" \/>\n<meta property=\"og:image\" content=\"https:\/\/oreskylaw.com\/wp-content\/uploads\/2025\/12\/bronx-workplace-accident-lawyers.jpg\" \/>\n\t<meta property=\"og:image:width\" content=\"809\" \/>\n\t<meta property=\"og:image:height\" content=\"331\" \/>\n\t<meta property=\"og:image:type\" content=\"image\/jpeg\" \/>\n<meta name=\"twitter:card\" content=\"summary_large_image\" \/>\n<meta name=\"twitter:site\" content=\"@JacobOreskyLaw\" \/>\n<meta name=\"twitter:label1\" content=\"Tiempo de lectura\" \/>\n\t<meta name=\"twitter:data1\" content=\"6 minutos\" \/>\n<!-- \/ Yoast SEO plugin. -->","yoast_head_json":{"title":"Abogado de accidentes laborales en el Bronx - Oresky & Associates, PLLC","description":"\u00bfLesionado trabajando en el Bronx? Abogados especialistas en accidentes laborales de Oresky & Associates, PLLC pueden ayudarte a ganar compensaci\u00f3n. \u00a1Ll\u00e1manos hoy!","robots":{"index":"index","follow":"follow","max-snippet":"max-snippet:-1","max-image-preview":"max-image-preview:large","max-video-preview":"max-video-preview:-1"},"canonical":"https:\/\/oreskylaw.com\/es\/bronx\/abogados-de-compensacion-laboral\/","og_locale":"es_ES","og_type":"article","og_title":"Abogado de accidentes laborales en el Bronx - Oresky & Associates, PLLC","og_description":"\u00bfLesionado trabajando en el Bronx? Abogados especialistas en accidentes laborales de Oresky & Associates, PLLC pueden ayudarte a ganar compensaci\u00f3n. \u00a1Ll\u00e1manos hoy!","og_url":"https:\/\/oreskylaw.com\/es\/bronx\/abogados-de-compensacion-laboral\/","og_site_name":"Oresky &amp; Associates, PLLC","article_publisher":"https:\/\/www.facebook.com\/Oreskylaw\/","article_modified_time":"2026-01-30T14:48:25+00:00","og_image":[{"width":809,"height":331,"url":"https:\/\/oreskylaw.com\/wp-content\/uploads\/2025\/12\/bronx-workplace-accident-lawyers.jpg","type":"image\/jpeg"}],"twitter_card":"summary_large_image","twitter_site":"@JacobOreskyLaw","twitter_misc":{"Tiempo de lectura":"6 minutos"},"schema":{"@context":"https:\/\/schema.org","@graph":[{"@type":"WebPage","@id":"https:\/\/oreskylaw.com\/es\/bronx\/abogados-de-compensacion-laboral\/","url":"https:\/\/oreskylaw.com\/es\/bronx\/abogados-de-compensacion-laboral\/","name":"Abogado de accidentes laborales en el Bronx - Oresky & Associates, PLLC","isPartOf":{"@id":"https:\/\/oreskylaw.com\/es\/#website"},"primaryImageOfPage":{"@id":"https:\/\/oreskylaw.com\/es\/bronx\/abogados-de-compensacion-laboral\/#primaryimage"},"image":{"@id":"https:\/\/oreskylaw.com\/es\/bronx\/abogados-de-compensacion-laboral\/#primaryimage"},"thumbnailUrl":"https:\/\/oreskylaw.com\/wp-content\/uploads\/2025\/12\/bronx-workplace-accident-lawyers.jpg","datePublished":"2025-12-08T02:35:53+00:00","dateModified":"2026-01-30T14:48:25+00:00","description":"\u00bfLesionado trabajando en el Bronx? Abogados especialistas en accidentes laborales de Oresky & Associates, PLLC pueden ayudarte a ganar compensaci\u00f3n. \u00a1Ll\u00e1manos hoy!","breadcrumb":{"@id":"https:\/\/oreskylaw.com\/es\/bronx\/abogados-de-compensacion-laboral\/#breadcrumb"},"inLanguage":"es","potentialAction":[{"@type":"ReadAction","target":["https:\/\/oreskylaw.com\/es\/bronx\/abogados-de-compensacion-laboral\/"]}]},{"@type":"ImageObject","inLanguage":"es","@id":"https:\/\/oreskylaw.com\/es\/bronx\/abogados-de-compensacion-laboral\/#primaryimage","url":"https:\/\/oreskylaw.com\/wp-content\/uploads\/2025\/12\/bronx-workplace-accident-lawyers.jpg","contentUrl":"https:\/\/oreskylaw.com\/wp-content\/uploads\/2025\/12\/bronx-workplace-accident-lawyers.jpg","width":809,"height":331,"caption":"work injury claim form"},{"@type":"BreadcrumbList","@id":"https:\/\/oreskylaw.com\/es\/bronx\/abogados-de-compensacion-laboral\/#breadcrumb","itemListElement":[{"@type":"ListItem","position":1,"name":"Inicio","item":"https:\/\/oreskylaw.com\/es\/"},{"@type":"ListItem","position":2,"name":"Abogado de lesiones personales en el Bronx","item":"https:\/\/oreskylaw.com\/es\/bronx\/"},{"@type":"ListItem","position":3,"name":"Abogado de accidentes laborales"}]},{"@type":"WebSite","@id":"https:\/\/oreskylaw.com\/es\/#website","url":"https:\/\/oreskylaw.com\/es\/","name":"Oresky & Associates PLLC","description":"","publisher":{"@id":"https:\/\/oreskylaw.com\/es\/#organization"},"potentialAction":[{"@type":"SearchAction","target":{"@type":"EntryPoint","urlTemplate":"https:\/\/oreskylaw.com\/es\/?s={search_term_string}"},"query-input":{"@type":"PropertyValueSpecification","valueRequired":true,"valueName":"search_term_string"}}],"inLanguage":"es"}]}},"_links":{"self":[{"href":"https:\/\/oreskylaw.com\/es\/wp-json\/wp\/v2\/pages\/18371","targetHints":{"allow":["GET"]}}],"collection":[{"href":"https:\/\/oreskylaw.com\/es\/wp-json\/wp\/v2\/pages"}],"about":[{"href":"https:\/\/oreskylaw.com\/es\/wp-json\/wp\/v2\/types\/page"}],"author":[{"embeddable":true,"href":"https:\/\/oreskylaw.com\/es\/wp-json\/wp\/v2\/users\/9"}],"replies":[{"embeddable":true,"href":"https:\/\/oreskylaw.com\/es\/wp-json\/wp\/v2\/comments?post=18371"}],"version-history":[{"count":0,"href":"https:\/\/oreskylaw.com\/es\/wp-json\/wp\/v2\/pages\/18371\/revisions"}],"up":[{"embeddable":true,"href":"https:\/\/oreskylaw.com\/es\/wp-json\/wp\/v2\/pages\/17391"}],"wp:featuredmedia":[{"embeddable":true,"href":"https:\/\/oreskylaw.com\/es\/wp-json\/wp\/v2\/media\/21576"}],"wp:attachment":[{"href":"https:\/\/oreskylaw.com\/es\/wp-json\/wp\/v2\/media?parent=18371"}],"curies":[{"name":"wp","href":"https:\/\/api.w.org\/{rel}","templated":true}]}}