{"id":18383,"date":"2025-12-08T02:36:08","date_gmt":"2025-12-08T02:36:08","guid":{"rendered":"https:\/\/oreskylaw.com\/?page_id=18383"},"modified":"2026-01-30T14:59:28","modified_gmt":"2026-01-30T14:59:28","slug":"abogados-de-muerte-por-negligencia","status":"publish","type":"page","link":"https:\/\/oreskylaw.com\/es\/bronx\/abogados-de-muerte-por-negligencia\/","title":{"rendered":"Abogado de muerte por negligencia en el Bronx"},"content":{"rendered":"<p>Puedes tener derecho a presentar una demanda por homicidio culposo si has perdido recientemente a un familiar en un accidente mortal en el Bronx. Ahora es el momento de hacer el duelo, no de librar una dura batalla legal por una indemnizaci\u00f3n. Aqu\u00ed es donde pueden ayudarte los experimentados abogados especializados en homicidio culposo del Bronx de\u00a0<a href=\"https:\/\/oreskylaw.com\/es\/acerca-de-nosotros\/\">Oresky &amp; Associates, LLC<\/a>.<\/p>\n<p>Hemos ganado m\u00e1s de 400 millones de d\u00f3lares en acuerdos y veredictos que han cambiado la vida de familias como la tuya.<\/p>\n<p><a href=\"https:\/\/oreskylaw.com\/es\/contacto\/\">Ponte en contacto<\/a>\u00a0con nuestro despacho de abogados en el Bronx, NY, para programar una consulta gratuita, llama al\u00a0<a href=\"tel:+19293050949\">(929) 305-0949<\/a>. Escucharemos tu historia, te explicaremos tus opciones legales y te ayudaremos a encontrar la mejor manera de seguir adelante.<\/p>\n<h2>\u00bfC\u00f3mo pueden ayudarte nuestros abogados de homicidio culposo del Bronx tras un accidente mortal?<\/h2>\n<p>Aunque tengas derecho a una indemnizaci\u00f3n, los responsables de la muerte de tu ser querido no estar\u00e1n dispuestos a admitir la culpa. Su compa\u00f1\u00eda de seguros intentar\u00e1 encontrar cualquier motivo para denegar tu reclamaci\u00f3n por homicidio culposo o minimizar tu compensaci\u00f3n.<\/p>\n<p>Contratar a un\u00a0<a href=\"https:\/\/oreskylaw.com\/es\/\">abogado de accidentes<\/a>\u00a0del Bronx, New York, para que te represente es la mejor manera de nivelar el terreno de juego y prepararte para un resultado satisfactorio.<\/p>\n<p>Ah\u00ed es donde Oresky &amp; Associates, LLC puede ayudarte.<\/p>\n<p>Nuestros\u00a0<a href=\"https:\/\/oreskylaw.com\/es\/bronx\/abogados-de-compensacion-laboral\/\">abogados de lesiones personales en el Bronx<\/a>\u00a0tienen m\u00e1s de 25 a\u00f1os de experiencia en litigios. Defendemos y luchamos por familias como la tuya todos los d\u00edas, y hemos ganado cientos de millones de d\u00f3lares para ellas en el proceso.<\/p>\n<p>Cuando nos conf\u00edes tu demanda por homicidio culposo, nosotros:<\/p>\n<ul>\n<li>Nos ocuparemos de todos los aspectos de tu caso de principio a fin<\/li>\n<li>Te ayudaremos a comprender todas las opciones legales que tienes a tu disposici\u00f3n<\/li>\n<li>Coordinaremos una investigaci\u00f3n exhaustiva de las circunstancias que rodearon el accidente mortal y la muerte de tu ser querido<\/li>\n<li>Reuniremos pruebas que respalden tu caso de lesiones personales<\/li>\n<li>Consultaremos con expertos respetados para que comprendamos plenamente el alcance de tu p\u00e9rdida<\/li>\n<li>Negociaremos con las compa\u00f1\u00edas de seguros y otras partes<\/li>\n<li>Haremos que un abogado litigante galardonado lleve tu caso ante un jurado en el Bronx, si es necesario.<\/li>\n<\/ul>\n<p>Nuestro objetivo es darte el tiempo y la oportunidad de hacer el duelo y encontrar la manera de seguir adelante. Perm\u00edtenos ocuparnos de tu b\u00fasqueda de indemnizaci\u00f3n. Haremos todo lo que est\u00e9 en nuestra mano para maximizar tu recuperaci\u00f3n econ\u00f3mica.<\/p>\n<h2>\u00bfQu\u00e9 es la muerte por negligencia?<\/h2>\n<p><img loading=\"lazy\" decoding=\"async\" class=\"size-full wp-image-26107 alignright\" src=\"https:\/\/oreskylaw.com\/wp-content\/uploads\/2026\/01\/How-Our-Bronx-Wrongful-Death-Lawyers-Can-Help-After-a-Fatal-Accident.webp\" alt=\"Bronx construction site accident attorney\" width=\"300\" height=\"200\" \/>La muerte por negligencia se refiere a una muerte que se produce debido a las acciones negligentes o il\u00edcitas de otra persona.<\/p>\n<p>En Oresky &amp; Associates, LLC, nuestro despacho de abogados representa a familias en todo tipo de casos de homicidio culposo, incluidos:<\/p>\n<ul>\n<li><a href=\"https:\/\/oreskylaw.com\/es\/bronx\/abogados-de-accidentes-de-auto\/\">Accidentes de coche<\/a><\/li>\n<li><a href=\"https:\/\/oreskylaw.com\/es\/bronx\/abogados-de-accidentes-de-camiones\/\">Accidentes de cami\u00f3n<\/a><\/li>\n<li><a href=\"https:\/\/oreskylaw.com\/es\/bronx\/abogados-de-accidentes-de-bicicleta\/\">Accidentes de bicicleta<\/a><\/li>\n<li><a href=\"https:\/\/oreskylaw.com\/es\/bronx\/abogados-de-accidentes-de-peatones\/\">Accidentes de peatones<\/a><\/li>\n<li>Accidentes de motocicleta<\/li>\n<li>Accidentes de Uber y Lyft<\/li>\n<li>Accidentes de barco<\/li>\n<li><a href=\"https:\/\/oreskylaw.com\/es\/bronx\/abogados-de-resbalones-y-caidas\/\">Accidentes por resbalones y ca\u00eddas<\/a><\/li>\n<li>Muertes por el uso de productos peligrosos o defectuosos<\/li>\n<li>Mordeduras de perro<\/li>\n<li><a href=\"https:\/\/oreskylaw.com\/es\/bronx\/abogados-de-negligencia-medica\/\">Negligencias m\u00e9dicas<\/a><\/li>\n<li>Abuso y negligencia en residencias de ancianos<\/li>\n<li><a href=\"https:\/\/oreskylaw.com\/es\/bronx\/abogados-de-accidentes-de-construccion\/\">Accidentes en la construcci\u00f3n<\/a><\/li>\n<li><a href=\"https:\/\/oreskylaw.com\/es\/bronx\/abogados-de-compensacion-laboral\/\">Accidentes laborales<\/a>, etc.<\/li>\n<\/ul>\n<p>Si la muerte de tu familiar podr\u00eda haberse evitado de no haber sido por la negligencia de otra persona, es posible que tengas entre manos una leg\u00edtima demanda por homicidio culposo.<\/p>\n    <div class=\"cw-cta-box\">\n        <div class=\"cw-cta-box__inner \">\n            <div class=\"cw-cta-box__info\">\n                                    <div class=\"label\">\u00a1Llame ahora!<\/div>\n                            <\/div>\n                            <div class=\"contact-phone\">\n                    <a href=\"tel:7189939999\"\n                        aria-label=\"Tap to call button\">\n                        718-993-9999                    <\/a>\n                <\/div>\n                    <\/div>\n                    <a href=\"\/es\/contacto\/\"\n               class=\"cta-btn btn btn--primary btn\"\n               target=\"\">\n                Obtenga Una Consulta Gratuita            <\/a>\n            <\/div>\n    \n<h2>Qui\u00e9n puede presentar una demanda por homicidio culposo en el Bronx?<\/h2>\n<p>El representante personal de la v\u00edctima es el responsable de presentar una demanda por homicidio culposo en New York.<\/p>\n<p>El representante personal es la persona elegida para ocuparse del patrimonio de la v\u00edctima tras su fallecimiento. Puede ser una persona elegida por la v\u00edctima antes de su muerte o designada por un tribunal. Sin embargo, la demanda por homicidio culposo se presenta en nombre de los familiares supervivientes de la v\u00edctima, entre ellos:<\/p>\n<ul>\n<li>El c\u00f3nyuge<\/li>\n<li>Los hijos, o<\/li>\n<li>Los padres.<\/li>\n<\/ul>\n<p>Los familiares directos suelen ser los principales beneficiarios de las indemnizaciones econ\u00f3micas obtenidas en una demanda por homicidio culposo.<\/p>\n<h2>\u00bfQu\u00e9 da\u00f1os y perjuicios se pueden reclamar en un caso de homicidio culposo en el Bronx?<\/h2>\n<p>En New York, la ley establece que la indemnizaci\u00f3n por da\u00f1os y perjuicios en un caso de homicidio culposo debe ser \u201cuna compensaci\u00f3n justa y equitativa por los perjuicios pecuniarios resultantes de la muerte del difunto a las personas en cuyo beneficio se entabla la acci\u00f3n\u201d.<\/p>\n<p>Esto significa que puedes recuperar da\u00f1os econ\u00f3micos en tu caso de muerte por negligencia, como, por ejemplo:<\/p>\n<ul>\n<li>Facturas m\u00e9dicas relacionadas con los cuidados previos al fallecimiento<\/li>\n<li>Gastos funerarios<\/li>\n<li>P\u00e9rdida de ingresos y apoyo econ\u00f3mico<\/li>\n<li>P\u00e9rdida de prestaciones<\/li>\n<li>P\u00e9rdida de herencia.<\/li>\n<\/ul>\n<p>Los beneficiarios no tienen derecho a da\u00f1os no econ\u00f3micos por su propio dolor y sufrimiento. Sin embargo, si tu familiar sobrevivi\u00f3 a sus lesiones durante alg\u00fan tiempo despu\u00e9s del accidente, puedes solicitar una indemnizaci\u00f3n por da\u00f1os y perjuicios en su nombre.<\/p>\n","protected":false},"excerpt":{"rendered":"<p>Puedes tener derecho a presentar una demanda por homicidio culposo si has perdido recientemente a un familiar en un accidente mortal en el Bronx. Ahora es el momento de hacer el duelo, no de librar una dura batalla legal por una indemnizaci\u00f3n. Aqu\u00ed es donde pueden ayudarte los experimentados abogados especializados en homicidio culposo del [&hellip;]<\/p>\n","protected":false},"author":9,"featured_media":21573,"parent":17391,"menu_order":112,"comment_status":"closed","ping_status":"closed","template":"practice-area.php","meta":{"_acf_changed":false,"footnotes":""},"class_list":["post-18383","page","type-page","status-publish","has-post-thumbnail","hentry"],"acf":[],"yoast_head":"<!-- This site is optimized with the Yoast SEO plugin v27.3 - https:\/\/yoast.com\/product\/yoast-seo-wordpress\/ -->\n<title>Abogado de muerte por negligencia en el Bronx - Oresky &amp; Associates, PLLC<\/title>\n<meta name=\"description\" content=\"\u00bfHa perdido a un ser querido en accidente fatal en el Bronx? Llame a nuestros abogados especialistas en muerte por negligencia para luchar por compensaci\u00f3n.\" \/>\n<meta name=\"robots\" content=\"index, follow, max-snippet:-1, max-image-preview:large, max-video-preview:-1\" \/>\n<link rel=\"canonical\" href=\"https:\/\/oreskylaw.com\/es\/bronx\/abogados-de-muerte-por-negligencia\/\" \/>\n<meta property=\"og:locale\" content=\"es_ES\" \/>\n<meta property=\"og:type\" content=\"article\" \/>\n<meta property=\"og:title\" content=\"Abogado de muerte por negligencia en el Bronx - Oresky &amp; Associates, PLLC\" \/>\n<meta property=\"og:description\" content=\"\u00bfHa perdido a un ser querido en accidente fatal en el Bronx? Llame a nuestros abogados especialistas en muerte por negligencia para luchar por compensaci\u00f3n.\" \/>\n<meta property=\"og:url\" content=\"https:\/\/oreskylaw.com\/es\/bronx\/abogados-de-muerte-por-negligencia\/\" \/>\n<meta property=\"og:site_name\" content=\"Oresky &amp; Associates, PLLC\" \/>\n<meta property=\"article:publisher\" content=\"https:\/\/www.facebook.com\/Oreskylaw\/\" \/>\n<meta property=\"article:modified_time\" content=\"2026-01-30T14:59:28+00:00\" \/>\n<meta property=\"og:image\" content=\"https:\/\/oreskylaw.com\/wp-content\/uploads\/2025\/12\/bronx-wrongful-death-lawyers.jpg\" \/>\n\t<meta property=\"og:image:width\" content=\"809\" \/>\n\t<meta property=\"og:image:height\" content=\"331\" \/>\n\t<meta property=\"og:image:type\" content=\"image\/jpeg\" \/>\n<meta name=\"twitter:card\" content=\"summary_large_image\" \/>\n<meta name=\"twitter:site\" content=\"@JacobOreskyLaw\" \/>\n<meta name=\"twitter:label1\" content=\"Tiempo de lectura\" \/>\n\t<meta name=\"twitter:data1\" content=\"4 minutos\" \/>\n<!-- \/ Yoast SEO plugin. -->","yoast_head_json":{"title":"Abogado de muerte por negligencia en el Bronx - Oresky & Associates, PLLC","description":"\u00bfHa perdido a un ser querido en accidente fatal en el Bronx? Llame a nuestros abogados especialistas en muerte por negligencia para luchar por compensaci\u00f3n.","robots":{"index":"index","follow":"follow","max-snippet":"max-snippet:-1","max-image-preview":"max-image-preview:large","max-video-preview":"max-video-preview:-1"},"canonical":"https:\/\/oreskylaw.com\/es\/bronx\/abogados-de-muerte-por-negligencia\/","og_locale":"es_ES","og_type":"article","og_title":"Abogado de muerte por negligencia en el Bronx - Oresky & Associates, PLLC","og_description":"\u00bfHa perdido a un ser querido en accidente fatal en el Bronx? Llame a nuestros abogados especialistas en muerte por negligencia para luchar por compensaci\u00f3n.","og_url":"https:\/\/oreskylaw.com\/es\/bronx\/abogados-de-muerte-por-negligencia\/","og_site_name":"Oresky &amp; Associates, PLLC","article_publisher":"https:\/\/www.facebook.com\/Oreskylaw\/","article_modified_time":"2026-01-30T14:59:28+00:00","og_image":[{"width":809,"height":331,"url":"https:\/\/oreskylaw.com\/wp-content\/uploads\/2025\/12\/bronx-wrongful-death-lawyers.jpg","type":"image\/jpeg"}],"twitter_card":"summary_large_image","twitter_site":"@JacobOreskyLaw","twitter_misc":{"Tiempo de lectura":"4 minutos"},"schema":{"@context":"https:\/\/schema.org","@graph":[{"@type":"WebPage","@id":"https:\/\/oreskylaw.com\/es\/bronx\/abogados-de-muerte-por-negligencia\/","url":"https:\/\/oreskylaw.com\/es\/bronx\/abogados-de-muerte-por-negligencia\/","name":"Abogado de muerte por negligencia en el Bronx - Oresky & Associates, PLLC","isPartOf":{"@id":"https:\/\/oreskylaw.com\/es\/#website"},"primaryImageOfPage":{"@id":"https:\/\/oreskylaw.com\/es\/bronx\/abogados-de-muerte-por-negligencia\/#primaryimage"},"image":{"@id":"https:\/\/oreskylaw.com\/es\/bronx\/abogados-de-muerte-por-negligencia\/#primaryimage"},"thumbnailUrl":"https:\/\/oreskylaw.com\/wp-content\/uploads\/2025\/12\/bronx-wrongful-death-lawyers.jpg","datePublished":"2025-12-08T02:36:08+00:00","dateModified":"2026-01-30T14:59:28+00:00","description":"\u00bfHa perdido a un ser querido en accidente fatal en el Bronx? Llame a nuestros abogados especialistas en muerte por negligencia para luchar por compensaci\u00f3n.","breadcrumb":{"@id":"https:\/\/oreskylaw.com\/es\/bronx\/abogados-de-muerte-por-negligencia\/#breadcrumb"},"inLanguage":"es","potentialAction":[{"@type":"ReadAction","target":["https:\/\/oreskylaw.com\/es\/bronx\/abogados-de-muerte-por-negligencia\/"]}]},{"@type":"ImageObject","inLanguage":"es","@id":"https:\/\/oreskylaw.com\/es\/bronx\/abogados-de-muerte-por-negligencia\/#primaryimage","url":"https:\/\/oreskylaw.com\/wp-content\/uploads\/2025\/12\/bronx-wrongful-death-lawyers.jpg","contentUrl":"https:\/\/oreskylaw.com\/wp-content\/uploads\/2025\/12\/bronx-wrongful-death-lawyers.jpg","width":809,"height":331,"caption":"wrongful death"},{"@type":"BreadcrumbList","@id":"https:\/\/oreskylaw.com\/es\/bronx\/abogados-de-muerte-por-negligencia\/#breadcrumb","itemListElement":[{"@type":"ListItem","position":1,"name":"Inicio","item":"https:\/\/oreskylaw.com\/es\/"},{"@type":"ListItem","position":2,"name":"Abogado de lesiones personales en el Bronx","item":"https:\/\/oreskylaw.com\/es\/bronx\/"},{"@type":"ListItem","position":3,"name":"Abogado de muerte por negligencia en el Bronx"}]},{"@type":"WebSite","@id":"https:\/\/oreskylaw.com\/es\/#website","url":"https:\/\/oreskylaw.com\/es\/","name":"Oresky & Associates PLLC","description":"","publisher":{"@id":"https:\/\/oreskylaw.com\/es\/#organization"},"potentialAction":[{"@type":"SearchAction","target":{"@type":"EntryPoint","urlTemplate":"https:\/\/oreskylaw.com\/es\/?s={search_term_string}"},"query-input":{"@type":"PropertyValueSpecification","valueRequired":true,"valueName":"search_term_string"}}],"inLanguage":"es"}]}},"_links":{"self":[{"href":"https:\/\/oreskylaw.com\/es\/wp-json\/wp\/v2\/pages\/18383","targetHints":{"allow":["GET"]}}],"collection":[{"href":"https:\/\/oreskylaw.com\/es\/wp-json\/wp\/v2\/pages"}],"about":[{"href":"https:\/\/oreskylaw.com\/es\/wp-json\/wp\/v2\/types\/page"}],"author":[{"embeddable":true,"href":"https:\/\/oreskylaw.com\/es\/wp-json\/wp\/v2\/users\/9"}],"replies":[{"embeddable":true,"href":"https:\/\/oreskylaw.com\/es\/wp-json\/wp\/v2\/comments?post=18383"}],"version-history":[{"count":0,"href":"https:\/\/oreskylaw.com\/es\/wp-json\/wp\/v2\/pages\/18383\/revisions"}],"up":[{"embeddable":true,"href":"https:\/\/oreskylaw.com\/es\/wp-json\/wp\/v2\/pages\/17391"}],"wp:featuredmedia":[{"embeddable":true,"href":"https:\/\/oreskylaw.com\/es\/wp-json\/wp\/v2\/media\/21573"}],"wp:attachment":[{"href":"https:\/\/oreskylaw.com\/es\/wp-json\/wp\/v2\/media?parent=18383"}],"curies":[{"name":"wp","href":"https:\/\/api.w.org\/{rel}","templated":true}]}}