{"id":18471,"date":"2025-12-08T02:39:08","date_gmt":"2025-12-08T02:39:08","guid":{"rendered":"https:\/\/oreskylaw.com\/?page_id=18471"},"modified":"2026-01-30T15:07:49","modified_gmt":"2026-01-30T15:07:49","slug":"abogados-de-resbalones-y-caidas","status":"publish","type":"page","link":"https:\/\/oreskylaw.com\/es\/brooklyn\/abogados-de-resbalones-y-caidas\/","title":{"rendered":"Abogado de Resbalones y Ca\u00eddas"},"content":{"rendered":"<h2>Sus abogados dedicados de resbalones y ca\u00eddas en Brooklyn, NY<\/h2>\n<p>Si usted sufri\u00f3 una ca\u00edda debido a una condici\u00f3n peligrosa en la propiedad de otra persona, tiene derecho a buscar una compensaci\u00f3n econ\u00f3mica. Un abogado de resbalones y ca\u00eddas en Brooklyn de Oresky &amp; Associates, PLLC identificar\u00e1 a la parte responsable en su caso y tomar\u00e1 las medidas legales necesarias para luchar por el dinero que necesita.<\/p>\n<p>Nuestro bufete ha recuperado m\u00e1s de $500 millones en acuerdos y veredictos para nuestros clientes desde 1992. Desde el momento en que nos contrate, haremos un esfuerzo extra para estar disponibles para usted, responder todas sus preguntas y proteger sus derechos.<\/p>\n<h2>Principales causas de accidentes por resbalones y ca\u00eddas en Brooklyn<\/h2>\n<p>Los accidentes por\u00a0<a href=\"https:\/\/oreskylaw.com\/es\/blog\/diferencia-entre-accidentes-de-resbalon-y-tropezon-y-caida\/\">resbalones o tropiezos<\/a>\u00a0suelen ocurrir porque los propietarios o administradores de la propiedad no atienden condiciones peligrosas a tiempo o incluso las generan. Los peligros comunes incluyen:<\/p>\n<div class=\"row\">\n<ul class=\"col-xl-6\">\n<li><a href=\"https:\/\/oreskylaw.com\/es\/blog\/resbalones-y-caidas-en-nieve-y-hielo-quien-es-responsible\/\">Nieve y hielo<\/a><\/li>\n<li>Barandales rotos o faltantes<\/li>\n<li>Pisos, baldosas o concreto agrietados o rotos<\/li>\n<\/ul>\n<ul class=\"col-xl-6\">\n<li>Derrames o fugas de l\u00edquidos<\/li>\n<li>Escombros en pasillos o escaleras<\/li>\n<\/ul>\n<\/div>\n<p>Los responsables del mantenimiento deben limpiar o reparar estos peligros r\u00e1pidamente para proteger a las personas que viven, visitan o trabajan en el lugar. Si el problema tardar\u00e1 en resolverse, deben colocar se\u00f1ales de advertencia para que las personas eviten la zona.<\/p>\n<p>Las condiciones peligrosas pueden presentarse en cualquier tipo de propiedad, incluyendo:<\/p>\n<div class=\"row\">\n<ul class=\"col-xl-6\">\n<li>Edificios de apartamentos<\/li>\n<li>Estacionamientos<\/li>\n<li>Aceras<\/li>\n<li>Edificios de oficinas<\/li>\n<\/ul>\n<ul class=\"col-xl-6\">\n<li>Tiendas<\/li>\n<li>Teatros, estadios y otros lugares de entretenimiento<\/li>\n<\/ul>\n<\/div>\n<h2>Qu\u00e9 hacer si result\u00f3 lesionado en un resbal\u00f3n y ca\u00edda en Brooklyn<\/h2>\n<p>Sus prioridades despu\u00e9s de una lesi\u00f3n por ca\u00edda deben incluir lo siguiente:<\/p>\n<h3>Reciba atenci\u00f3n m\u00e9dica<\/h3>\n<p>Si sospecha que est\u00e1 gravemente lesionado o tiene preocupaciones urgentes sobre su salud, llame al 911 y acuda a la sala de emergencias. De lo contrario, debe buscar atenci\u00f3n m\u00e9dica r\u00e1pida programando una cita con su m\u00e9dico habitual o una cl\u00ednica de atenci\u00f3n inmediata.<\/p>\n<p>El tratamiento m\u00e9dico es vital por dos razones: le brinda la mejor oportunidad de recuperaci\u00f3n y proporciona pruebas que nuestros\u00a0<a href=\"https:\/\/oreskylaw.com\/es\/brooklyn\/\">abogados de lesiones personales en Brooklyn<\/a>\u00a0pueden usar para establecer la conexi\u00f3n entre la ca\u00edda y su lesi\u00f3n.<\/p>\n<h3>Documente el lugar del accidente<\/h3>\n<p>Si su salud se lo permite, preserve pruebas valiosas tomando fotos de su lesi\u00f3n, del peligro que caus\u00f3 su ca\u00edda y del lugar donde ocurri\u00f3 el accidente. Tambi\u00e9n puede obtener informaci\u00f3n de contacto de testigos y, si aplica, presentar un informe o queja con el administrador de la propiedad.<\/p>\n<h3>Hable con nuestros abogados<\/h3>\n<p>Puede tener derecho a presentar una\u00a0<a href=\"https:\/\/oreskylaw.com\/es\/blog\/reclamacion-por-lesiones-personales-vs-demanda-judicial-explicacion\/\">reclamaci\u00f3n o demanda por lesiones personales<\/a> despu\u00e9s de un accidente por ca\u00edda. Nuestros abogados de resbalones y ca\u00eddas en Brooklyn le informar\u00e1n sobre las posibilidades de su caso. Si no puede viajar, iremos a verlo o comenzaremos su caso por videoconferencia.<\/p>\n    <div class=\"cw-cta-box\">\n        <div class=\"cw-cta-box__inner \">\n            <div class=\"cw-cta-box__info\">\n                                    <div class=\"label\">\u00a1Llame ahora!<\/div>\n                            <\/div>\n                            <div class=\"contact-phone\">\n                    <a href=\"tel:7189939999\"\n                        aria-label=\"Tap to call button\">\n                        718-993-9999                    <\/a>\n                <\/div>\n                    <\/div>\n                    <a href=\"\/es\/contacto\/\"\n               class=\"cta-btn btn btn--primary btn\"\n               target=\"\">\n                Obtenga Una Consulta Gratuita            <\/a>\n            <\/div>\n    \n<h2>Lesiones por las que puede recibir compensaci\u00f3n despu\u00e9s de un resbal\u00f3n y ca\u00edda en Brooklyn<\/h2>\n<p>Puede recuperar una compensaci\u00f3n econ\u00f3mica por cualquier lesi\u00f3n causada por su ca\u00edda, incluyendo pero no limitado a:<\/p>\n<div class=\"row\">\n<ul class=\"col-xl-6\">\n<li><a href=\"https:\/\/oreskylaw.com\/es\/lesion\/abogados-de-lesiones-de-espalda\/\">Lesiones en la espalda<\/a><\/li>\n<li>Lesiones en el cuello<\/li>\n<li><a href=\"https:\/\/oreskylaw.com\/es\/lesion\/abogados-de-lesiones-cerebrales\/\">Lesiones traum\u00e1ticas en el cerebro<\/a><\/li>\n<li><a href=\"https:\/\/oreskylaw.com\/es\/lesion\/abogados-de-lesiones-huesos-rotos\/\">Huesos rotos<\/a><\/li>\n<\/ul>\n<ul class=\"col-xl-6\">\n<li><a href=\"https:\/\/oreskylaw.com\/es\/lesion\/abogados-de-lesiones-de-la-medula-espinal\/\">Lesiones en la m\u00e9dula espinal<\/a><\/li>\n<li><a href=\"https:\/\/oreskylaw.com\/es\/lesion\/abogados-de-lesiones-danos-a-los-nervios\/\">Da\u00f1o nervioso<\/a><\/li>\n<li><a href=\"https:\/\/oreskylaw.com\/es\/lesion\/abogados-de-lesiones-en-el-pecho\/\">Lesiones en el pecho<\/a><\/li>\n<li>Da\u00f1os en \u00f3rganos y otras lesiones internas<\/li>\n<\/ul>\n<p>Nuestros abogados de resbalones y ca\u00eddas en Brooklyn reunir\u00e1n pruebas para demostrar hechos importantes sobre sus lesiones, incluyendo la gravedad y que no habr\u00edan ocurrido si el propietario o administrador hubiera actuado responsablemente. Fuentes potenciales de evidencia incluyen:<\/p>\n<ul>\n<li>Sus registros m\u00e9dicos, que documentan los s\u00edntomas que inform\u00f3 a su doctor y su pron\u00f3stico a largo plazo<\/li>\n<li>Declaraciones de su m\u00e9dico y otros expertos que pueden confirmar que sus lesiones probablemente ocurrieron debido a la ca\u00edda<\/li>\n<li>Facturas m\u00e9dicas que detallan los tratamientos recibidos<\/li>\n<li>Testimonios de usted y personas cercanas que muestren c\u00f3mo sus lesiones han afectado su vida y salud<\/li>\n<\/ul>\n<\/div>\n<h2>Da\u00f1os que le ayudaremos a reclamar despu\u00e9s de un accidente por resbal\u00f3n y ca\u00edda en Brooklyn, NY<\/h2>\n<figure><\/figure>\n<p><img loading=\"lazy\" decoding=\"async\" class=\"size-medium wp-image-13221 alignright\" src=\"https:\/\/oreskylaw.com\/wp-content\/uploads\/2026\/01\/damages-we-ll-help-you-pursue-after-a-slip-and-fall-accident-in-brooklyn-ny-300x200.webp\" alt=\"hand injury\" width=\"300\" height=\"200\" srcset=\"https:\/\/oreskylaw.com\/wp-content\/uploads\/2026\/01\/damages-we-ll-help-you-pursue-after-a-slip-and-fall-accident-in-brooklyn-ny-300x200.webp 300w, https:\/\/oreskylaw.com\/wp-content\/uploads\/2026\/01\/damages-we-ll-help-you-pursue-after-a-slip-and-fall-accident-in-brooklyn-ny-768x512.webp 768w, https:\/\/oreskylaw.com\/wp-content\/uploads\/2026\/01\/damages-we-ll-help-you-pursue-after-a-slip-and-fall-accident-in-brooklyn-ny.webp 900w\" sizes=\"auto, (max-width: 300px) 100vw, 300px\" \/>Mientras usted se enfoca en recuperar su salud, Oresky &amp; Associates, PLLC buscar\u00e1 da\u00f1os no econ\u00f3micos y <a href=\"https:\/\/oreskylaw.com\/es\/blog\/lesiones-personales-danos-economicos\/\">econ\u00f3micos<\/a>\u00a0en su nombre. Este dinero le brinda estabilidad financiera para cubrir todo lo que usted y su familia necesitan y para reconstruir su vida despu\u00e9s de una lesi\u00f3n devastadora.<\/p>\n<h3>Da\u00f1os no econ\u00f3micos por lesiones en resbalones y ca\u00eddas<\/h3>\n<p>Los da\u00f1os no econ\u00f3micos son las p\u00e9rdidas f\u00edsicas y emocionales que sufri\u00f3 debido a la negligencia de la parte responsable. Incluyen:<\/p>\n<div class=\"row\">\n<ul class=\"col-xl-6\">\n<li>Dolor y sufrimiento pasados y futuros<\/li>\n<li>Discapacidad temporal o permanente<\/li>\n<\/ul>\n<ul class=\"col-xl-6\">\n<li>P\u00e9rdida de compa\u00f1\u00eda o afecto<\/li>\n<li>Calidad de vida reducida<\/li>\n<\/ul>\n<\/div>\n<h3>Da\u00f1os econ\u00f3micos por lesiones en resbalones y ca\u00eddas<\/h3>\n<p>Un acuerdo\u00a0<a href=\"https:\/\/oreskylaw.com\/es\/blog\/la-falta-de-oxigeno-de-un-bebe\/\">adecuado por resbalones y ca\u00eddas<\/a>\u00a0tambi\u00e9n debe incluir el reembolso por todas las p\u00e9rdidas financieras pasadas y futuras relacionadas con este accidente. Nuestro equipo legal luchar\u00e1 por una compensaci\u00f3n razonable para sus:<\/p>\n<div class=\"row\">\n<ul class=\"col-xl-6\">\n<li>Gastos m\u00e9dicos<\/li>\n<li>P\u00e9rdida de salarios y capacidad de ingresos<\/li>\n<li>P\u00e9rdida de empleo<\/li>\n<\/ul>\n<ul class=\"col-xl-6\">\n<li>P\u00e9rdida de beneficios sindicales<\/li>\n<li><a href=\"https:\/\/oreskylaw.com\/es\/blog\/gastos-de-bolsillo-por-lesiones-personales\/\">Gastos de bolsillo<\/a>, como transporte o costos de entrega<\/li>\n<\/ul>\n<\/div>\n<p>La cantidad que puede recuperar por sus da\u00f1os econ\u00f3micos y no econ\u00f3micos depende de cu\u00e1nto haya perdido o espere perder. En general, mientras m\u00e1s graves sean sus lesiones, mayor ser\u00e1 la compensaci\u00f3n que deber\u00eda recibir de la parte responsable.<\/p>\n","protected":false},"excerpt":{"rendered":"<p>Sus abogados dedicados de resbalones y ca\u00eddas en Brooklyn, NY Si usted sufri\u00f3 una ca\u00edda debido a una condici\u00f3n peligrosa en la propiedad de otra persona, tiene derecho a buscar una compensaci\u00f3n econ\u00f3mica. Un abogado de resbalones y ca\u00eddas en Brooklyn de Oresky &amp; Associates, PLLC identificar\u00e1 a la parte responsable en su caso y [&hellip;]<\/p>\n","protected":false},"author":9,"featured_media":20596,"parent":18406,"menu_order":7,"comment_status":"closed","ping_status":"closed","template":"practice-area.php","meta":{"_acf_changed":false,"footnotes":""},"class_list":["post-18471","page","type-page","status-publish","has-post-thumbnail","hentry"],"acf":[],"yoast_head":"<!-- This site is optimized with the Yoast SEO plugin v27.3 - https:\/\/yoast.com\/product\/yoast-seo-wordpress\/ -->\n<title>Abogados de resbalones y ca\u00eddas en Brooklyn - Oresky &amp; Associates, PLLC<\/title>\n<meta name=\"description\" content=\"\u00bfLesionado por un resbal\u00f3n y ca\u00edda en Brooklyn? \u00a1Nuestros abogados de lesiones personales de Oresky &amp; Associates, PLLC le ayudar\u00e1n a obtener una indemnizaci\u00f3n! \u00a1Ll\u00e1menos hoy al (718) 993-9999!\" \/>\n<meta name=\"robots\" content=\"index, follow, max-snippet:-1, max-image-preview:large, max-video-preview:-1\" \/>\n<link rel=\"canonical\" href=\"https:\/\/oreskylaw.com\/es\/brooklyn\/abogados-de-resbalones-y-caidas\/\" \/>\n<meta property=\"og:locale\" content=\"es_ES\" \/>\n<meta property=\"og:type\" content=\"article\" \/>\n<meta property=\"og:title\" content=\"Abogados de resbalones y ca\u00eddas en Brooklyn - Oresky &amp; Associates, PLLC\" \/>\n<meta property=\"og:description\" content=\"\u00bfLesionado por un resbal\u00f3n y ca\u00edda en Brooklyn? \u00a1Nuestros abogados de lesiones personales de Oresky &amp; Associates, PLLC le ayudar\u00e1n a obtener una indemnizaci\u00f3n! \u00a1Ll\u00e1menos hoy al (718) 993-9999!\" \/>\n<meta property=\"og:url\" content=\"https:\/\/oreskylaw.com\/es\/brooklyn\/abogados-de-resbalones-y-caidas\/\" \/>\n<meta property=\"og:site_name\" content=\"Oresky &amp; Associates, PLLC\" \/>\n<meta property=\"article:publisher\" content=\"https:\/\/www.facebook.com\/Oreskylaw\/\" \/>\n<meta property=\"article:modified_time\" content=\"2026-01-30T15:07:49+00:00\" \/>\n<meta property=\"og:image\" content=\"https:\/\/oreskylaw.com\/wp-content\/uploads\/2026\/01\/brooklyn-slip-fall.jpg\" \/>\n\t<meta property=\"og:image:width\" content=\"809\" \/>\n\t<meta property=\"og:image:height\" content=\"331\" \/>\n\t<meta property=\"og:image:type\" content=\"image\/jpeg\" \/>\n<meta name=\"twitter:card\" content=\"summary_large_image\" \/>\n<meta name=\"twitter:site\" content=\"@JacobOreskyLaw\" \/>\n<meta name=\"twitter:label1\" content=\"Tiempo de lectura\" \/>\n\t<meta name=\"twitter:data1\" content=\"5 minutos\" \/>\n<!-- \/ Yoast SEO plugin. -->","yoast_head_json":{"title":"Abogados de resbalones y ca\u00eddas en Brooklyn - Oresky & Associates, PLLC","description":"\u00bfLesionado por un resbal\u00f3n y ca\u00edda en Brooklyn? \u00a1Nuestros abogados de lesiones personales de Oresky & Associates, PLLC le ayudar\u00e1n a obtener una indemnizaci\u00f3n! \u00a1Ll\u00e1menos hoy al (718) 993-9999!","robots":{"index":"index","follow":"follow","max-snippet":"max-snippet:-1","max-image-preview":"max-image-preview:large","max-video-preview":"max-video-preview:-1"},"canonical":"https:\/\/oreskylaw.com\/es\/brooklyn\/abogados-de-resbalones-y-caidas\/","og_locale":"es_ES","og_type":"article","og_title":"Abogados de resbalones y ca\u00eddas en Brooklyn - Oresky & Associates, PLLC","og_description":"\u00bfLesionado por un resbal\u00f3n y ca\u00edda en Brooklyn? \u00a1Nuestros abogados de lesiones personales de Oresky & Associates, PLLC le ayudar\u00e1n a obtener una indemnizaci\u00f3n! \u00a1Ll\u00e1menos hoy al (718) 993-9999!","og_url":"https:\/\/oreskylaw.com\/es\/brooklyn\/abogados-de-resbalones-y-caidas\/","og_site_name":"Oresky &amp; Associates, PLLC","article_publisher":"https:\/\/www.facebook.com\/Oreskylaw\/","article_modified_time":"2026-01-30T15:07:49+00:00","og_image":[{"width":809,"height":331,"url":"https:\/\/oreskylaw.com\/wp-content\/uploads\/2026\/01\/brooklyn-slip-fall.jpg","type":"image\/jpeg"}],"twitter_card":"summary_large_image","twitter_site":"@JacobOreskyLaw","twitter_misc":{"Tiempo de lectura":"5 minutos"},"schema":{"@context":"https:\/\/schema.org","@graph":[{"@type":"WebPage","@id":"https:\/\/oreskylaw.com\/es\/brooklyn\/abogados-de-resbalones-y-caidas\/","url":"https:\/\/oreskylaw.com\/es\/brooklyn\/abogados-de-resbalones-y-caidas\/","name":"Abogados de resbalones y ca\u00eddas en Brooklyn - Oresky & Associates, PLLC","isPartOf":{"@id":"https:\/\/oreskylaw.com\/es\/#website"},"primaryImageOfPage":{"@id":"https:\/\/oreskylaw.com\/es\/brooklyn\/abogados-de-resbalones-y-caidas\/#primaryimage"},"image":{"@id":"https:\/\/oreskylaw.com\/es\/brooklyn\/abogados-de-resbalones-y-caidas\/#primaryimage"},"thumbnailUrl":"https:\/\/oreskylaw.com\/wp-content\/uploads\/2026\/01\/brooklyn-slip-fall.jpg","datePublished":"2025-12-08T02:39:08+00:00","dateModified":"2026-01-30T15:07:49+00:00","description":"\u00bfLesionado por un resbal\u00f3n y ca\u00edda en Brooklyn? \u00a1Nuestros abogados de lesiones personales de Oresky & Associates, PLLC le ayudar\u00e1n a obtener una indemnizaci\u00f3n! \u00a1Ll\u00e1menos hoy al (718) 993-9999!","breadcrumb":{"@id":"https:\/\/oreskylaw.com\/es\/brooklyn\/abogados-de-resbalones-y-caidas\/#breadcrumb"},"inLanguage":"es","potentialAction":[{"@type":"ReadAction","target":["https:\/\/oreskylaw.com\/es\/brooklyn\/abogados-de-resbalones-y-caidas\/"]}]},{"@type":"ImageObject","inLanguage":"es","@id":"https:\/\/oreskylaw.com\/es\/brooklyn\/abogados-de-resbalones-y-caidas\/#primaryimage","url":"https:\/\/oreskylaw.com\/wp-content\/uploads\/2026\/01\/brooklyn-slip-fall.jpg","contentUrl":"https:\/\/oreskylaw.com\/wp-content\/uploads\/2026\/01\/brooklyn-slip-fall.jpg","width":809,"height":331,"caption":"injured foot"},{"@type":"BreadcrumbList","@id":"https:\/\/oreskylaw.com\/es\/brooklyn\/abogados-de-resbalones-y-caidas\/#breadcrumb","itemListElement":[{"@type":"ListItem","position":1,"name":"Inicio","item":"https:\/\/oreskylaw.com\/es\/"},{"@type":"ListItem","position":2,"name":"Abogados de lesiones personales en Brooklyn","item":"https:\/\/oreskylaw.com\/es\/brooklyn\/"},{"@type":"ListItem","position":3,"name":"Abogado de Resbalones y Ca\u00eddas"}]},{"@type":"WebSite","@id":"https:\/\/oreskylaw.com\/es\/#website","url":"https:\/\/oreskylaw.com\/es\/","name":"Oresky & Associates PLLC","description":"","publisher":{"@id":"https:\/\/oreskylaw.com\/es\/#organization"},"potentialAction":[{"@type":"SearchAction","target":{"@type":"EntryPoint","urlTemplate":"https:\/\/oreskylaw.com\/es\/?s={search_term_string}"},"query-input":{"@type":"PropertyValueSpecification","valueRequired":true,"valueName":"search_term_string"}}],"inLanguage":"es"}]}},"_links":{"self":[{"href":"https:\/\/oreskylaw.com\/es\/wp-json\/wp\/v2\/pages\/18471","targetHints":{"allow":["GET"]}}],"collection":[{"href":"https:\/\/oreskylaw.com\/es\/wp-json\/wp\/v2\/pages"}],"about":[{"href":"https:\/\/oreskylaw.com\/es\/wp-json\/wp\/v2\/types\/page"}],"author":[{"embeddable":true,"href":"https:\/\/oreskylaw.com\/es\/wp-json\/wp\/v2\/users\/9"}],"replies":[{"embeddable":true,"href":"https:\/\/oreskylaw.com\/es\/wp-json\/wp\/v2\/comments?post=18471"}],"version-history":[{"count":0,"href":"https:\/\/oreskylaw.com\/es\/wp-json\/wp\/v2\/pages\/18471\/revisions"}],"up":[{"embeddable":true,"href":"https:\/\/oreskylaw.com\/es\/wp-json\/wp\/v2\/pages\/18406"}],"wp:featuredmedia":[{"embeddable":true,"href":"https:\/\/oreskylaw.com\/es\/wp-json\/wp\/v2\/media\/20596"}],"wp:attachment":[{"href":"https:\/\/oreskylaw.com\/es\/wp-json\/wp\/v2\/media?parent=18471"}],"curies":[{"name":"wp","href":"https:\/\/api.w.org\/{rel}","templated":true}]}}