{"id":18485,"date":"2025-12-09T08:32:54","date_gmt":"2025-12-09T08:32:54","guid":{"rendered":"https:\/\/oreskylaw.com\/?page_id=18485"},"modified":"2026-01-31T11:36:17","modified_gmt":"2026-01-31T11:36:17","slug":"long-island","status":"publish","type":"page","link":"https:\/\/oreskylaw.com\/es\/long-island\/","title":{"rendered":"Abogado de lesiones personales en Long Island"},"content":{"rendered":"<h2>Hemos defendido a v\u00edctimas de accidentes en Long Island durante m\u00e1s de 30 a\u00f1os<\/h2>\n<p>\u00bfHa resultado lesionado en un accidente automovil\u00edstico, un accidente de construcci\u00f3n, un accidente en el lugar de trabajo o ha experimentado alg\u00fan tipo de lesi\u00f3n debido a la negligencia de otra persona? Los abogados de accidentes en Long Island de Oresky &amp; Associates pueden ayudarlo. Ll\u00e1menos hoy para programar una revisi\u00f3n gratuita de su caso.<\/p>\n<h2>\u00c1reas de pr\u00e1ctica<\/h2>\n<h3>Accidentes de construcci\u00f3n<\/h3>\n<p>Trabajar en la construcci\u00f3n es una de las ocupaciones m\u00e1s peligrosas de la ciudad de Nueva York. En cuesti\u00f3n de segundos, la vida de un hombre o una mujer que trabaja arduamente puede alterarse tr\u00e1gicamente o incluso terminar mientras trabaja en la peligrosa industria de la construcci\u00f3n. Nuestros abogados con experiencia comprobada abogan por los derechos de los trabajadores que han resultado lesionados en accidentes en obras de construcci\u00f3n. Aportamos experiencia, dedicaci\u00f3n y \u00e9tica laboral a cada caso y luchamos por los derechos de nuestros clientes que no pueden luchar por s\u00ed mismos.<\/p>\n<p>Nueva York tiene algunas de las normas de seguridad m\u00e1s estrictas del pa\u00eds, y sabemos c\u00f3mo responsabilizar a los propietarios y contratistas por no cumplir con la ley.<\/p>\n<div class=\"row\">\n<ul class=\"col-xl-6\">\n<li><a href=\"https:\/\/oreskylaw.com\/es\/nyc\/abogados-de-accidentes-de-andamios\/\">Accidentes de andamios<\/a><\/li>\n<li><a href=\"https:\/\/oreskylaw.com\/es\/nyc\/abogados-de-accidentes-de-demolicion\/\">Accidentes de demolici\u00f3n<\/a><\/li>\n<li><a href=\"https:\/\/oreskylaw.com\/es\/nyc\/abogados-de-accidentes-de-grua\/\">Accidentes de gr\u00faas<\/a><\/li>\n<li><a href=\"https:\/\/oreskylaw.com\/es\/nyc\/abogados-de-accidentes-de-montacargas\/\">Accidentes de montacargas<\/a><\/li>\n<li><a href=\"https:\/\/oreskylaw.com\/es\/nyc\/abogados-de-accidentes-de-ascensor\/\">Accidentes de ascensor<\/a><\/li>\n<li>Accidentes con limpiadores<\/li>\n<\/ul>\n<ul class=\"col-xl-6\">\n<li><a href=\"https:\/\/oreskylaw.com\/es\/nyc\/abogados-de-compensacion-laboral\/\">Accidentes laborales<\/a><\/li>\n<li><a href=\"https:\/\/oreskylaw.com\/es\/nyc\/abogados-de-accidentes-en-la-construccion-de-edificios\/\">Accidentes de construcci\u00f3n<\/a><\/li>\n<li><a href=\"https:\/\/oreskylaw.com\/es\/nyc\/abogados-de-accidentes-por-excavaciones-y-derrumbes\/\">Accidentes de excavaci\u00f3n por derrumbes<\/a><\/li>\n<li><a href=\"https:\/\/oreskylaw.com\/es\/nyc\/abogados-de-accidentes-en-renovaciones\/\">Accidentes de renovaci\u00f3n<\/a><\/li>\n<li><a href=\"https:\/\/oreskylaw.com\/es\/nyc\/abogados-de-accidentes-de-limpieza\/\">Accidentes de limpieza<\/a><\/li>\n<li><a href=\"https:\/\/oreskylaw.com\/es\/nyc\/abogados-de-accidentes-de-pintura\/\">Accidentes de pintura<\/a><\/li>\n<\/ul>\n<\/div>\n<p><a class=\"btn btn--secondary\" href=\"https:\/\/oreskylaw.com\/es\/nyc\/abogados-de-accidentes-de-construccion\/\">Todos los servicios de accidentes de construcci\u00f3n<\/a><\/p>\n<h3>Accidentes automovil\u00edsticos<\/h3>\n<p>No hay competencia cuando un autom\u00f3vil, autob\u00fas o cami\u00f3n que pesa miles de libras atropella a una persona; el veh\u00edculo siempre gana. La recuperaci\u00f3n de un accidente automovil\u00edstico puede ir desde unos pocos d\u00edas de dolor hasta toda una vida de agon\u00eda. En el camino hacia la recuperaci\u00f3n, las v\u00edctimas lesionadas de accidentes automovil\u00edsticos a menudo requieren hospitalizaci\u00f3n, rehabilitaci\u00f3n, cirug\u00eda o cuidados de por vida. Nuestro experimentado equipo de abogados y asistentes legales lo ayudar\u00e1 a pagar sus gastos m\u00e9dicos y salarios perdidos sin culpa, a investigar su caso y a prepararlo para un juicio o para llegar a un acuerdo anticipado, seg\u00fan los hechos y las circunstancias. Podemos quitarle el peso de encima y ayudarlo a superar los obst\u00e1culos y las complejidades legales para garantizar una resoluci\u00f3n justa y equitativa.<\/p>\n<div class=\"row\">\n<ul class=\"col-xl-6\">\n<li><a href=\"https:\/\/oreskylaw.com\/es\/nyc\/abogados-de-accidentes-de-auto\/\">Accidentes automovil\u00edsticos<\/a><\/li>\n<li><a href=\"https:\/\/oreskylaw.com\/es\/nyc\/abogados-de-accidentes-de-camiones\/\">Accidentes de camiones<\/a><\/li>\n<li><a href=\"https:\/\/oreskylaw.com\/es\/nyc\/abogados-de-accidentes-de-peatones\/\">Accidentes de peatones<\/a><\/li>\n<li><a href=\"https:\/\/oreskylaw.com\/es\/nyc\/abogado-de-accidentes-de-camiones-de-18-ruedas\/\">Accidentes de veh\u00edculos de 18 ruedas<\/a><\/li>\n<li><a href=\"https:\/\/oreskylaw.com\/es\/nyc\/abogados-de-accidentes-de-autobus\/\">Accidentes de autob\u00fas<\/a><\/li>\n<li><a href=\"https:\/\/oreskylaw.com\/es\/nyc\/abogados-de-accidentes-de-motocicleta\/\">Accidentes de motocicleta<\/a><\/li>\n<\/ul>\n<ul class=\"col-xl-6\">\n<li><a href=\"https:\/\/oreskylaw.com\/es\/nyc\/abogados-de-accidentes-de-lyft\/\">Accidentes de Lyft<\/a><\/li>\n<li><a href=\"https:\/\/oreskylaw.com\/es\/nyc\/abogados-de-accidentes-de-taxi\/\">Accidentes de taxi<\/a><\/li>\n<li><a href=\"https:\/\/oreskylaw.com\/es\/nyc\/abogados-de-accidentes-de-coche-por-conducir-bajo-los-efectos-del-alcohol\/\">Accidentes por conducir en estado<\/a><\/li>\n<li><a href=\"https:\/\/oreskylaw.com\/es\/nyc\/abogados-de-accidentes-por-no-ceder-el-paso\/\">Accidentes por falta de rendimiento<\/a><\/li>\n<li><a href=\"https:\/\/oreskylaw.com\/es\/nyc\/abogados-de-accidentes-por-conduccion-distraida\/\">Accidentes por conducci\u00f3n distra\u00ed<\/a><\/li>\n<\/ul>\n<\/div>\n<p><a class=\"btn btn--secondary\" href=\"https:\/\/oreskylaw.com\/es\/nyc\/abogados-de-accidentes-de-auto\/\">Todos los servicios de accidentes automovil\u00edsticos<\/a><\/p>\n<h3>Responsabilidad de las instalaciones<\/h3>\n<p>Los resbalones, tropiezos y ca\u00eddas pueden generar la responsabilidad del propietario o inquilino. Los propietarios tienen la obligaci\u00f3n legal de mantener sus instalaciones en condiciones razonablemente seguras. Si bien las medidas espec\u00edficas que debe tomar el propietario dependen de la situaci\u00f3n y el tipo de propiedad, en general, las instalaciones deben recibir un mantenimiento adecuado y estar libres de defectos o peligros inesperados.<\/p>\n<p>Los propietarios de negocios, en particular, deben inspeccionar regularmente sus instalaciones para detectar posibles peligros, corregir los peligros descubiertos y\/o advertir sobre los posibles riesgos.<\/p>\n<p>Cuando el propietario de una propiedad no toma un curso de acci\u00f3n razonable y ocurre un accidente por resbal\u00f3n o tropiezo y ca\u00edda, puede ser responsable de las consecuencias resultantes.<\/p>\n<p>El h\u00e1bil equipo legal de abogados y asistentes legales de Oresky &amp; Associates, PLLC tiene una amplia experiencia en la representaci\u00f3n de clientes en casos de instalaciones y est\u00e1 listo para dedicar sus conocimientos y recursos a ayudar a los lesionados debido a condiciones de propiedad inseguras. Comun\u00edquese con nosotros acerca de su accidente y perm\u00edtanos ayudarlo a obtener la compensaci\u00f3n que se merece.<\/p>\n<ul>\n<li><a href=\"https:\/\/oreskylaw.com\/es\/nyc\/abogados-de-accidentes-en-tiendas-minoristas\/\">Accidentes en tiendas minoristas<\/a><\/li>\n<li><a href=\"https:\/\/oreskylaw.com\/es\/nyc\/abogados-de-resbalones-y-caidas\/\">Accidentes por resbalones y ca\u00eddas<\/a><\/li>\n<\/ul>\n<h3>Lesi\u00f3n personal<\/h3>\n<p>En Oresky &amp; Associates, PLLC, somos conocidos por nuestra exitosa representaci\u00f3n de v\u00edctimas de accidentes en toda el \u00e1rea metropolitana de la ciudad de Nueva York. Si usted o un ser querido se lesion\u00f3 debido al descuido de una persona o empresa, queremos revisar su caso y ayudarlo a luchar por una compensaci\u00f3n. Nuestro equipo de abogados experimentados puede ofrecer un salvavidas en los momentos m\u00e1s dif\u00edciles.<\/p>\n<div class=\"row\">\n<ul class=\"col-xl-6\">\n<li><a href=\"https:\/\/oreskylaw.com\/es\/nyc\/abogados-de-muerte-por-negligencia\/\">Muerte injusta<\/a><\/li>\n<li><a href=\"https:\/\/oreskylaw.com\/es\/nyc\/abogados-de-accidentes-de-bicicleta\/\">Accidentes de bicicleta<\/a><\/li>\n<li><a href=\"https:\/\/oreskylaw.com\/es\/nyc\/abogados-de-errores-quirurgicos\/\">Errores quir\u00fargicos<\/a><\/li>\n<\/ul>\n<ul class=\"col-xl-6\">\n<li><a href=\"https:\/\/oreskylaw.com\/es\/nyc\/abogados-de-diagnostico-incorrecto\/\">Falta de diagn\u00f3stico<\/a><\/li>\n<li><a href=\"https:\/\/oreskylaw.com\/es\/nyc\/abogados-de-negligencia-en-residencias-de-ancianos\/\">Abuso en hogares de ancianos<\/a><\/li>\n<\/ul>\n<\/div>\n","protected":false},"excerpt":{"rendered":"<p>Hemos defendido a v\u00edctimas de accidentes en Long Island durante m\u00e1s de 30 a\u00f1os \u00bfHa resultado lesionado en un accidente automovil\u00edstico, un accidente de construcci\u00f3n, un accidente en el lugar de trabajo o ha experimentado alg\u00fan tipo de lesi\u00f3n debido a la negligencia de otra persona? Los abogados de accidentes en Long Island de Oresky [&hellip;]<\/p>\n","protected":false},"author":9,"featured_media":23748,"parent":0,"menu_order":147,"comment_status":"closed","ping_status":"closed","template":"location.php","meta":{"_acf_changed":false,"footnotes":""},"class_list":["post-18485","page","type-page","status-publish","has-post-thumbnail","hentry"],"acf":[],"yoast_head":"<!-- This site is optimized with the Yoast SEO plugin v27.3 - https:\/\/yoast.com\/product\/yoast-seo-wordpress\/ -->\n<title>Abogado de Lesiones Personales, Long Island - Oresky &amp; Associates, PLLC<\/title>\n<meta name=\"description\" content=\"Nuestros abogados de lesiones personales representan a v\u00edctimas en todo New York, incluyendo Long Island. \u00a1Ll\u00e1menos hoy mismo para una consulta gratuita!\" \/>\n<meta name=\"robots\" content=\"index, follow, max-snippet:-1, max-image-preview:large, max-video-preview:-1\" \/>\n<link rel=\"canonical\" href=\"https:\/\/oreskylaw.com\/es\/long-island\/\" \/>\n<meta property=\"og:locale\" content=\"es_ES\" \/>\n<meta property=\"og:type\" content=\"article\" \/>\n<meta property=\"og:title\" content=\"Abogado de Lesiones Personales, Long Island - Oresky &amp; Associates, PLLC\" \/>\n<meta property=\"og:description\" content=\"Nuestros abogados de lesiones personales representan a v\u00edctimas en todo New York, incluyendo Long Island. \u00a1Ll\u00e1menos hoy mismo para una consulta gratuita!\" \/>\n<meta property=\"og:url\" content=\"https:\/\/oreskylaw.com\/es\/long-island\/\" \/>\n<meta property=\"og:site_name\" content=\"Oresky &amp; Associates, PLLC\" \/>\n<meta property=\"article:publisher\" content=\"https:\/\/www.facebook.com\/Oreskylaw\/\" \/>\n<meta property=\"article:modified_time\" content=\"2026-01-31T11:36:17+00:00\" \/>\n<meta property=\"og:image\" content=\"https:\/\/oreskylaw.com\/wp-content\/uploads\/2026\/01\/long-island-1.png\" \/>\n\t<meta property=\"og:image:width\" content=\"809\" \/>\n\t<meta property=\"og:image:height\" content=\"301\" \/>\n\t<meta property=\"og:image:type\" content=\"image\/png\" \/>\n<meta name=\"twitter:card\" content=\"summary_large_image\" \/>\n<meta name=\"twitter:site\" content=\"@JacobOreskyLaw\" \/>\n<meta name=\"twitter:label1\" content=\"Tiempo de lectura\" \/>\n\t<meta name=\"twitter:data1\" content=\"4 minutos\" \/>\n<!-- \/ Yoast SEO plugin. -->","yoast_head_json":{"title":"Abogado de Lesiones Personales, Long Island - Oresky & Associates, PLLC","description":"Nuestros abogados de lesiones personales representan a v\u00edctimas en todo New York, incluyendo Long Island. \u00a1Ll\u00e1menos hoy mismo para una consulta gratuita!","robots":{"index":"index","follow":"follow","max-snippet":"max-snippet:-1","max-image-preview":"max-image-preview:large","max-video-preview":"max-video-preview:-1"},"canonical":"https:\/\/oreskylaw.com\/es\/long-island\/","og_locale":"es_ES","og_type":"article","og_title":"Abogado de Lesiones Personales, Long Island - Oresky & Associates, PLLC","og_description":"Nuestros abogados de lesiones personales representan a v\u00edctimas en todo New York, incluyendo Long Island. \u00a1Ll\u00e1menos hoy mismo para una consulta gratuita!","og_url":"https:\/\/oreskylaw.com\/es\/long-island\/","og_site_name":"Oresky &amp; Associates, PLLC","article_publisher":"https:\/\/www.facebook.com\/Oreskylaw\/","article_modified_time":"2026-01-31T11:36:17+00:00","og_image":[{"width":809,"height":301,"url":"https:\/\/oreskylaw.com\/wp-content\/uploads\/2026\/01\/long-island-1.png","type":"image\/png"}],"twitter_card":"summary_large_image","twitter_site":"@JacobOreskyLaw","twitter_misc":{"Tiempo de lectura":"4 minutos"},"schema":{"@context":"https:\/\/schema.org","@graph":[{"@type":"WebPage","@id":"https:\/\/oreskylaw.com\/es\/long-island\/","url":"https:\/\/oreskylaw.com\/es\/long-island\/","name":"Abogado de Lesiones Personales, Long Island - Oresky & Associates, PLLC","isPartOf":{"@id":"https:\/\/oreskylaw.com\/es\/#website"},"primaryImageOfPage":{"@id":"https:\/\/oreskylaw.com\/es\/long-island\/#primaryimage"},"image":{"@id":"https:\/\/oreskylaw.com\/es\/long-island\/#primaryimage"},"thumbnailUrl":"https:\/\/oreskylaw.com\/wp-content\/uploads\/2026\/01\/long-island-1.png","datePublished":"2025-12-09T08:32:54+00:00","dateModified":"2026-01-31T11:36:17+00:00","description":"Nuestros abogados de lesiones personales representan a v\u00edctimas en todo New York, incluyendo Long Island. \u00a1Ll\u00e1menos hoy mismo para una consulta gratuita!","breadcrumb":{"@id":"https:\/\/oreskylaw.com\/es\/long-island\/#breadcrumb"},"inLanguage":"es","potentialAction":[{"@type":"ReadAction","target":["https:\/\/oreskylaw.com\/es\/long-island\/"]}]},{"@type":"ImageObject","inLanguage":"es","@id":"https:\/\/oreskylaw.com\/es\/long-island\/#primaryimage","url":"https:\/\/oreskylaw.com\/wp-content\/uploads\/2026\/01\/long-island-1.png","contentUrl":"https:\/\/oreskylaw.com\/wp-content\/uploads\/2026\/01\/long-island-1.png","width":809,"height":301,"caption":"long island"},{"@type":"BreadcrumbList","@id":"https:\/\/oreskylaw.com\/es\/long-island\/#breadcrumb","itemListElement":[{"@type":"ListItem","position":1,"name":"Inicio","item":"https:\/\/oreskylaw.com\/es\/"},{"@type":"ListItem","position":2,"name":"Abogado de lesiones personales en Long Island"}]},{"@type":"WebSite","@id":"https:\/\/oreskylaw.com\/es\/#website","url":"https:\/\/oreskylaw.com\/es\/","name":"Oresky & Associates PLLC","description":"","publisher":{"@id":"https:\/\/oreskylaw.com\/es\/#organization"},"potentialAction":[{"@type":"SearchAction","target":{"@type":"EntryPoint","urlTemplate":"https:\/\/oreskylaw.com\/es\/?s={search_term_string}"},"query-input":{"@type":"PropertyValueSpecification","valueRequired":true,"valueName":"search_term_string"}}],"inLanguage":"es"}]}},"_links":{"self":[{"href":"https:\/\/oreskylaw.com\/es\/wp-json\/wp\/v2\/pages\/18485","targetHints":{"allow":["GET"]}}],"collection":[{"href":"https:\/\/oreskylaw.com\/es\/wp-json\/wp\/v2\/pages"}],"about":[{"href":"https:\/\/oreskylaw.com\/es\/wp-json\/wp\/v2\/types\/page"}],"author":[{"embeddable":true,"href":"https:\/\/oreskylaw.com\/es\/wp-json\/wp\/v2\/users\/9"}],"replies":[{"embeddable":true,"href":"https:\/\/oreskylaw.com\/es\/wp-json\/wp\/v2\/comments?post=18485"}],"version-history":[{"count":0,"href":"https:\/\/oreskylaw.com\/es\/wp-json\/wp\/v2\/pages\/18485\/revisions"}],"wp:featuredmedia":[{"embeddable":true,"href":"https:\/\/oreskylaw.com\/es\/wp-json\/wp\/v2\/media\/23748"}],"wp:attachment":[{"href":"https:\/\/oreskylaw.com\/es\/wp-json\/wp\/v2\/media?parent=18485"}],"curies":[{"name":"wp","href":"https:\/\/api.w.org\/{rel}","templated":true}]}}