{"id":18535,"date":"2025-12-09T08:34:04","date_gmt":"2025-12-09T08:34:04","guid":{"rendered":"https:\/\/oreskylaw.com\/?page_id=18535"},"modified":"2026-01-25T11:34:07","modified_gmt":"2026-01-25T11:34:07","slug":"abogados-de-accidentes-de-resbalones-y-caidas","status":"publish","type":"page","link":"https:\/\/oreskylaw.com\/es\/long-island\/abogados-de-accidentes-de-resbalones-y-caidas\/","title":{"rendered":"Abogado de Resbalones y Ca\u00eddas"},"content":{"rendered":"<h2>Abogados de Resbalones y Ca\u00eddas de Confianza en Long Island<\/h2>\n<p>Si sufri\u00f3 una lesi\u00f3n debido a una condici\u00f3n peligrosa en la propiedad de otra persona, el propietario o administrador de la propiedad podr\u00eda deberle una compensaci\u00f3n. Nuestros abogados de resbalones y ca\u00eddas en Long Island buscar\u00e1n esa compensaci\u00f3n mientras usted se recupera.<\/p>\n<p>Los\u00a0<a href=\"https:\/\/oreskylaw.com\/es\/long-island-personal-injury-lawyers.html\">abogados de lesiones personales en Long Island<\/a>\u00a0de nuestro equipo est\u00e1n aqu\u00ed para explicarle sus derechos en un lenguaje sencillo y responder todas sus preguntas legales. Ya sea que tengamos que negociar agresivamente un acuerdo o representarlo en el juicio, Oresky &amp; Associates, PLLC, har\u00e1 lo necesario para proteger sus derechos. Estamos listos para comenzar con su caso de inmediato.<\/p>\n<h2>Causas Principales de Accidentes por Resbalones y Ca\u00eddas en Long Island<\/h2>\n<p>Las lesiones por resbalones o\u00a0<a href=\"https:\/\/oreskylaw.com\/es\/blog\/difference-between-slip-fall-and-trip-fall-accidents.html\">tropiezos y ca\u00eddas<\/a>\u00a0suelen ser el resultado de negligencia: la parte encargada de eliminar o advertir sobre los peligros en la propiedad no hizo su trabajo. Los abogados de accidentes por resbalones y ca\u00eddas en Long Island de nuestro bufete investigar\u00e1n su caso para identificar el acto espec\u00edfico de negligencia que caus\u00f3 su lesi\u00f3n. Esto podr\u00eda deberse a una falta de:<\/p>\n<ul>\n<li>Limpiar\u00a0<a href=\"https:\/\/oreskylaw.com\/es\/blog\/slip-and-falls-on-snow-and-ice-who-is-liable.html\">la nieve y el hielo<\/a>\u00a0de los caminos comunes, incluidos los estacionamientos.<\/li>\n<li>Reparar\u00a0<a href=\"https:\/\/oreskylaw.com\/es\/blog\/can-i-sue-if-i-fall-on-a-sidewalk-in-queens-ny.html\">aceras<\/a>\u00a0agrietadas o rotas.<\/li>\n<li>Mantener adecuadamente las escaleras con iluminaci\u00f3n suficiente, pasamanos y escalones seguros.<\/li>\n<li>Limpiar derrames de l\u00edquidos o eliminar agua estancada.<\/li>\n<li>Retirar escombros o desorden de los caminos comunes.<\/li>\n<li>Mantener y reparar equipos o m\u00e1quinas para evitar fugas y la formaci\u00f3n de charcos.<\/li>\n<li>Colocar una se\u00f1al de advertencia hasta que el peligro pueda ser resuelto.<\/li>\n<\/ul>\n<p>Si estaba en la propiedad legalmente, debe estar protegido contra condiciones peligrosas como estas. Permita que nuestros abogados de resbalones y ca\u00eddas en Long Island defiendan sus derechos.<\/p>\n<h2>Lesiones Comunes Despu\u00e9s de un Resbal\u00f3n y Ca\u00edda en Long Island<\/h2>\n<p>Las lesiones por ca\u00eddas pueden incluir, pero no se limitan a:<\/p>\n<ul>\n<li><a href=\"https:\/\/oreskylaw.com\/es\/injury\/back-injury-lawyers.html\">Lesiones en la espalda<\/a><\/li>\n<li><a href=\"https:\/\/oreskylaw.com\/es\/injury\/concussion-injury-lawyers.html\">Conmociones cerebrales<\/a>\u00a0y\u00a0<a href=\"https:\/\/oreskylaw.com\/es\/injury\/brain-injury-lawyers.html\">lesiones cerebrales traum\u00e1ticas<\/a><\/li>\n<li><a href=\"https:\/\/oreskylaw.com\/es\/injury\/broken-bones-lawyers.html\">Fracturas de huesos<\/a>, incluidas fracturas de cadera, mu\u00f1eca o manos<\/li>\n<li>Distensiones y esguinces musculares<\/li>\n<\/ul>\n<p>El tipo de lesiones que sufra depender\u00e1 de muchos factores, incluida la posici\u00f3n en la que cay\u00f3 y su estado de salud general en el momento del accidente. Chocar contra algo (por ejemplo, una pared) o caer por escaleras podr\u00eda agravar sus lesiones.<\/p>\n<p>Las lesiones por accidentes no solo causan dolor f\u00edsico. Es posible que deba gastar mucho dinero en tratamiento y manejo de s\u00edntomas, y sus lesiones pueden impedirle trabajar y ganar dinero. Adem\u00e1s, el estr\u00e9s y la incomodidad de lidiar con esas lesiones pueden resultar en un trauma emocional. Un abogado de resbalones y ca\u00eddas en Long Island en nuestro bufete tomar\u00e1 en cuenta todos estos factores al presentar su acci\u00f3n legal.<\/p>\n<h2>Qu\u00e9 Hacer Despu\u00e9s de un Resbal\u00f3n y Ca\u00edda en Long Island<\/h2>\n<p>C\u00f3mo reaccione despu\u00e9s de un accidente podr\u00eda influir en su caso. Nuestros abogados de resbalones y ca\u00eddas en Long Island han encontrado que tomar los siguientes pasos facilita la protecci\u00f3n de sus derechos:<\/p>\n<h3>Busque Atenci\u00f3n M\u00e9dica<\/h3>\n<p>Esto es lo m\u00e1s importante que puede hacer por usted mismo y su caso. Vaya a la sala de emergencias si es necesario. De lo contrario, consulte a su proveedor de salud de inmediato. Obtener atenci\u00f3n m\u00e9dica le permitir\u00e1 sanar lo mejor posible mientras crea un historial de sus lesiones que podr\u00e1 usar en su caso legal.<\/p>\n<h3>Recolecte Evidencia<\/h3>\n<p>Use su tel\u00e9fono celular para tomar fotos del peligro en el que resbal\u00f3 y del entorno general. Presente un informe al propietario de la propiedad y obtenga los nombres y n\u00fameros de tel\u00e9fono de cualquier testigo que pueda respaldar su versi\u00f3n.<\/p>\n<h3>Llame a Nuestros Abogados de Resbalones y Ca\u00eddas en Long Island<\/h3>\n<p>La compa\u00f1\u00eda de seguros de la parte responsable har\u00e1 todo lo posible para evitar pagar un acuerdo justo. Incluso podr\u00edan visitarlo en el hospital antes de que est\u00e9 completamente recuperado. Tan pronto como contrate a nuestro bufete, manejaremos toda comunicaci\u00f3n con la aseguradora y lucharemos por el dinero que le corresponde.<\/p>\n<h2>Sus Derechos Despu\u00e9s de un Resbal\u00f3n y Ca\u00edda en Long Island<\/h2>\n<p>Usted tiene derecho a buscar compensaci\u00f3n despu\u00e9s de una ca\u00edda. Tambi\u00e9n tiene derecho a contratar a nuestros abogados de resbalones y ca\u00eddas en Long Island para que manejen su caso en su nombre. Nuestro equipo legal lo ayudar\u00e1 a decidir cu\u00e1l de las siguientes acciones es la adecuada para usted:<\/p>\n<h3>Presentaci\u00f3n de una Reclamaci\u00f3n por Lesiones en una Ca\u00edda<\/h3>\n<p>Para presentar su reclamaci\u00f3n, enviaremos una carta de demanda a la compa\u00f1\u00eda de seguros de la parte responsable. Esta carta explicar\u00e1 c\u00f3mo su asegurado caus\u00f3 su lesi\u00f3n y cu\u00e1nta compensaci\u00f3n esperamos que paguen.<\/p>\n<p>No tiene que aceptar la primera oferta de la aseguradora: negociaremos por una cantidad mayor si es necesario.<\/p>\n<h3>Presentaci\u00f3n de una Demanda por Lesiones en una Ca\u00edda<\/h3>\n<p>En los casos en los que presentar una reclamaci\u00f3n no sea viable o no tenga el resultado deseado, tiene derecho a presentar una demanda y llevar a la parte responsable ante la corte para obtener el dinero que necesita<\/p>\n    <div class=\"cw-cta-box\">\n        <div class=\"cw-cta-box__inner \">\n            <div class=\"cw-cta-box__info\">\n                                    <div class=\"label\">\u00a1Llame ahora!<\/div>\n                            <\/div>\n                            <div class=\"contact-phone\">\n                    <a href=\"tel:7189939999\"\n                        aria-label=\"Tap to call button\">\n                        718-993-9999                    <\/a>\n                <\/div>\n                    <\/div>\n                    <a href=\"\/es\/contacto\/\"\n               class=\"cta-btn btn btn--primary btn\"\n               target=\"\">\n                Obtenga Una Consulta Gratuita            <\/a>\n            <\/div>\n    \n<h2>Determinaci\u00f3n de Responsabilidad en un Caso de Resbal\u00f3n y Ca\u00edda<\/h2>\n<p>En la mayor\u00eda de los casos de resbalones y ca\u00eddas, la parte responsable es quien tiene la obligaci\u00f3n de mantener la propiedad. Dependiendo de c\u00f3mo y d\u00f3nde ocurri\u00f3 su ca\u00edda, esto podr\u00eda ser:<\/p>\n<ul>\n<li>El propietario de la propiedad<\/li>\n<li>Alguien contratado por el propietario para cuidar la propiedad en su nombre, como un administrador o una empresa de mantenimiento<\/li>\n<li>Alguien que alquila la propiedad del propietario y, como parte del acuerdo, asume la responsabilidad de su mantenimiento<\/li>\n<li>El arrendador, si el accidente ocurri\u00f3 en un apartamento donde usted es el inquilino y el arrendador no lo mantuvo en un estado razonable de reparaci\u00f3n<\/li>\n<\/ul>\n<p>En casos con m\u00faltiples partes responsables, puede presentar m\u00faltiples reclamaciones para asegurar un acuerdo o compensaci\u00f3n justa.<\/p>\n<h2>Demostrando Negligencia Despu\u00e9s de una Ca\u00edda en Long Island<\/h2>\n<p><img loading=\"lazy\" decoding=\"async\" class=\"size-medium wp-image-15801 alignright\" src=\"https:\/\/oreskylaw.com\/wp-content\/uploads\/2026\/01\/proving-negligence-after-a-slip-and-fall-on-long-island-300x200.webp\" alt=\"injured knee\" width=\"300\" height=\"200\" srcset=\"https:\/\/oreskylaw.com\/wp-content\/uploads\/2026\/01\/proving-negligence-after-a-slip-and-fall-on-long-island-300x200.webp 300w, https:\/\/oreskylaw.com\/wp-content\/uploads\/2026\/01\/proving-negligence-after-a-slip-and-fall-on-long-island-768x512.webp 768w, https:\/\/oreskylaw.com\/wp-content\/uploads\/2026\/01\/proving-negligence-after-a-slip-and-fall-on-long-island.webp 900w\" sizes=\"auto, (max-width: 300px) 100vw, 300px\" \/>Para probar negligencia, debe demostrar que las siguientes cuatro declaraciones aplican a su caso:<\/p>\n<ul>\n<li>La parte responsable ten\u00eda la obligaci\u00f3n legal de protegerlo contra peligros irrazonables y prevenibles.<\/li>\n<li>La parte responsable no cumpli\u00f3 con este deber de cuidado.<\/li>\n<li>Su accidente fue un resultado directo del incumplimiento del deber de cuidado por parte de la parte responsable.<\/li>\n<li>Su accidente result\u00f3 en una lesi\u00f3n.<\/li>\n<\/ul>\n<p>Nuestro abogado de accidentes por resbalones y ca\u00eddas en Long Island recopilar\u00e1 diversas formas de evidencia para respaldar estas declaraciones. Por ejemplo:<\/p>\n<ul>\n<li>Las fotos de la propiedad pueden demostrar que el peligro estaba a la vista, por lo que el propietario deber\u00eda haberlo conocido y corregido.<\/li>\n<li>Un profesional m\u00e9dico puede presentar una declaraci\u00f3n sobre c\u00f3mo la ca\u00edda caus\u00f3 sus lesiones y qu\u00e9 efectos tendr\u00e1n en su vida.<\/li>\n<li>Las facturas m\u00e9dicas pueden demostrar cu\u00e1nto ha gastado en atenci\u00f3n m\u00e9dica hasta ahora.<\/li>\n<\/ul>\n<h2>Da\u00f1os que Puede Recuperar Despu\u00e9s de una Ca\u00edda<\/h2>\n<p>Su sufrimiento f\u00edsico y emocional podr\u00eda darle derecho a da\u00f1os no econ\u00f3micos. Este dinero lo compensar\u00e1 por:<\/p>\n<ul>\n<li>Dolor y sufrimiento pasados y futuros<\/li>\n<li>Discapacidad<\/li>\n<li>P\u00e9rdida de consorcio<\/li>\n<li>P\u00e9rdida del disfrute de la vida<\/li>\n<\/ul>\n<p>Tambi\u00e9n tiene derecho a\u00a0<a href=\"https:\/\/oreskylaw.com\/es\/blog\/personal-injury-economic-damages.html\">da\u00f1os econ\u00f3micos<\/a>\u00a0por sus p\u00e9rdidas financieras, tales como:<\/p>\n<ul>\n<li>Gastos m\u00e9dicos<\/li>\n<li>P\u00e9rdida de salarios y beneficios laborales (por ejemplo, beneficios sindicales)<\/li>\n<li>P\u00e9rdida de capacidad de ingresos<\/li>\n<li><a href=\"https:\/\/oreskylaw.com\/es\/blog\/personal-injury-out-of-pocket-expenses.html\">Gastos de bolsillo<\/a><\/li>\n<\/ul>\n<p>La mayor\u00eda de los\u00a0<a href=\"https:\/\/oreskylaw.com\/es\/blog\/average-slip-and-fall-payout-new-york.html\">acuerdos por resbalones y ca\u00eddas<\/a>\u00a0incluyen una combinaci\u00f3n de da\u00f1os no econ\u00f3micos y econ\u00f3micos. La cantidad que recupere por estos da\u00f1os depende de varios factores. Uno de los m\u00e1s importantes es la gravedad de sus lesiones: cuanto m\u00e1s haya perdido debido al accidente, m\u00e1s podr\u00e1 reclamar en su demanda o litigio.<\/p>\n<p>Nuestros abogados de accidentes por resbalones y ca\u00eddas en Long Island trabajar\u00e1n con usted para documentar sus p\u00e9rdidas y buscar un acuerdo o compensaci\u00f3n justa que le permita reconstruir su vida.<\/p>\n<h2>\u00bfPor Qu\u00e9 Contratar a un Abogado Despu\u00e9s de Sufrir un Accidente por Resbal\u00f3n y Ca\u00edda?<\/h2>\n<p>El proceso legal es muy complejo. Intentar manejarlo solo, especialmente cuando a\u00fan se est\u00e1 recuperando de sus lesiones, solo facilita que la compa\u00f1\u00eda de seguros se aproveche de usted.<\/p>\n<p>Es trabajo de nuestro abogado de resbalones y ca\u00eddas en Long Island gestionar su caso para que pueda concentrarse en su recuperaci\u00f3n sin renunciar a la oportunidad de buscar una compensaci\u00f3n. Le proporcionaremos asesoramiento honesto y realista que le permitir\u00e1 tomar decisiones legales con confianza.<\/p>\n","protected":false},"excerpt":{"rendered":"<p>Abogados de Resbalones y Ca\u00eddas de Confianza en Long Island Si sufri\u00f3 una lesi\u00f3n debido a una condici\u00f3n peligrosa en la propiedad de otra persona, el propietario o administrador de la propiedad podr\u00eda deberle una compensaci\u00f3n. Nuestros abogados de resbalones y ca\u00eddas en Long Island buscar\u00e1n esa compensaci\u00f3n mientras usted se recupera. Los\u00a0abogados de lesiones [&hellip;]<\/p>\n","protected":false},"author":9,"featured_media":0,"parent":18485,"menu_order":7,"comment_status":"closed","ping_status":"closed","template":"","meta":{"_acf_changed":false,"footnotes":""},"class_list":["post-18535","page","type-page","status-publish","hentry"],"acf":[],"yoast_head":"<!-- This site is optimized with the Yoast SEO plugin v27.3 - https:\/\/yoast.com\/product\/yoast-seo-wordpress\/ -->\n<title>Abogado de resbalones y ca\u00eddas en Long Island - Oresky &amp; Associates, PLLC<\/title>\n<meta name=\"description\" content=\"\u00bfLesionado por un resbal\u00f3n y ca\u00edda en Long Island? \u00a1Contacte a Oresky &amp; Associates, PLLC para obtener ayuda legal! Responsabilizaremos a las partes responsables y lucharemos por obtener la m\u00e1xima compensaci\u00f3n.\" \/>\n<meta name=\"robots\" content=\"index, follow, max-snippet:-1, max-image-preview:large, max-video-preview:-1\" \/>\n<link rel=\"canonical\" href=\"https:\/\/oreskylaw.com\/es\/long-island\/abogados-de-accidentes-de-resbalones-y-caidas\/\" \/>\n<meta property=\"og:locale\" content=\"es_ES\" \/>\n<meta property=\"og:type\" content=\"article\" \/>\n<meta property=\"og:title\" content=\"Abogado de resbalones y ca\u00eddas en Long Island - Oresky &amp; Associates, PLLC\" \/>\n<meta property=\"og:description\" content=\"\u00bfLesionado por un resbal\u00f3n y ca\u00edda en Long Island? \u00a1Contacte a Oresky &amp; Associates, PLLC para obtener ayuda legal! Responsabilizaremos a las partes responsables y lucharemos por obtener la m\u00e1xima compensaci\u00f3n.\" \/>\n<meta property=\"og:url\" content=\"https:\/\/oreskylaw.com\/es\/long-island\/abogados-de-accidentes-de-resbalones-y-caidas\/\" \/>\n<meta property=\"og:site_name\" content=\"Oresky &amp; Associates, PLLC\" \/>\n<meta property=\"article:publisher\" content=\"https:\/\/www.facebook.com\/Oreskylaw\/\" \/>\n<meta property=\"article:modified_time\" content=\"2026-01-25T11:34:07+00:00\" \/>\n<meta property=\"og:image\" content=\"https:\/\/oreskylaw.com\/wp-content\/uploads\/2026\/01\/proving-negligence-after-a-slip-and-fall-on-long-island.webp\" \/>\n\t<meta property=\"og:image:width\" content=\"900\" \/>\n\t<meta property=\"og:image:height\" content=\"600\" \/>\n\t<meta property=\"og:image:type\" content=\"image\/webp\" \/>\n<meta name=\"twitter:card\" content=\"summary_large_image\" \/>\n<meta name=\"twitter:site\" content=\"@JacobOreskyLaw\" \/>\n<meta name=\"twitter:label1\" content=\"Tiempo de lectura\" \/>\n\t<meta name=\"twitter:data1\" content=\"7 minutos\" \/>\n<!-- \/ Yoast SEO plugin. -->","yoast_head_json":{"title":"Abogado de resbalones y ca\u00eddas en Long Island - Oresky & Associates, PLLC","description":"\u00bfLesionado por un resbal\u00f3n y ca\u00edda en Long Island? \u00a1Contacte a Oresky & Associates, PLLC para obtener ayuda legal! Responsabilizaremos a las partes responsables y lucharemos por obtener la m\u00e1xima compensaci\u00f3n.","robots":{"index":"index","follow":"follow","max-snippet":"max-snippet:-1","max-image-preview":"max-image-preview:large","max-video-preview":"max-video-preview:-1"},"canonical":"https:\/\/oreskylaw.com\/es\/long-island\/abogados-de-accidentes-de-resbalones-y-caidas\/","og_locale":"es_ES","og_type":"article","og_title":"Abogado de resbalones y ca\u00eddas en Long Island - Oresky & Associates, PLLC","og_description":"\u00bfLesionado por un resbal\u00f3n y ca\u00edda en Long Island? \u00a1Contacte a Oresky & Associates, PLLC para obtener ayuda legal! Responsabilizaremos a las partes responsables y lucharemos por obtener la m\u00e1xima compensaci\u00f3n.","og_url":"https:\/\/oreskylaw.com\/es\/long-island\/abogados-de-accidentes-de-resbalones-y-caidas\/","og_site_name":"Oresky &amp; Associates, PLLC","article_publisher":"https:\/\/www.facebook.com\/Oreskylaw\/","article_modified_time":"2026-01-25T11:34:07+00:00","og_image":[{"width":900,"height":600,"url":"https:\/\/oreskylaw.com\/wp-content\/uploads\/2026\/01\/proving-negligence-after-a-slip-and-fall-on-long-island.webp","type":"image\/webp"}],"twitter_card":"summary_large_image","twitter_site":"@JacobOreskyLaw","twitter_misc":{"Tiempo de lectura":"7 minutos"},"schema":{"@context":"https:\/\/schema.org","@graph":[{"@type":"WebPage","@id":"https:\/\/oreskylaw.com\/es\/long-island\/abogados-de-accidentes-de-resbalones-y-caidas\/","url":"https:\/\/oreskylaw.com\/es\/long-island\/abogados-de-accidentes-de-resbalones-y-caidas\/","name":"Abogado de resbalones y ca\u00eddas en Long Island - Oresky & Associates, PLLC","isPartOf":{"@id":"https:\/\/oreskylaw.com\/es\/#website"},"primaryImageOfPage":{"@id":"https:\/\/oreskylaw.com\/es\/long-island\/abogados-de-accidentes-de-resbalones-y-caidas\/#primaryimage"},"image":{"@id":"https:\/\/oreskylaw.com\/es\/long-island\/abogados-de-accidentes-de-resbalones-y-caidas\/#primaryimage"},"thumbnailUrl":"https:\/\/oreskylaw.com\/wp-content\/uploads\/2026\/01\/proving-negligence-after-a-slip-and-fall-on-long-island-300x200.webp","datePublished":"2025-12-09T08:34:04+00:00","dateModified":"2026-01-25T11:34:07+00:00","description":"\u00bfLesionado por un resbal\u00f3n y ca\u00edda en Long Island? \u00a1Contacte a Oresky & Associates, PLLC para obtener ayuda legal! Responsabilizaremos a las partes responsables y lucharemos por obtener la m\u00e1xima compensaci\u00f3n.","breadcrumb":{"@id":"https:\/\/oreskylaw.com\/es\/long-island\/abogados-de-accidentes-de-resbalones-y-caidas\/#breadcrumb"},"inLanguage":"es","potentialAction":[{"@type":"ReadAction","target":["https:\/\/oreskylaw.com\/es\/long-island\/abogados-de-accidentes-de-resbalones-y-caidas\/"]}]},{"@type":"ImageObject","inLanguage":"es","@id":"https:\/\/oreskylaw.com\/es\/long-island\/abogados-de-accidentes-de-resbalones-y-caidas\/#primaryimage","url":"https:\/\/oreskylaw.com\/wp-content\/uploads\/2026\/01\/proving-negligence-after-a-slip-and-fall-on-long-island-300x200.webp","contentUrl":"https:\/\/oreskylaw.com\/wp-content\/uploads\/2026\/01\/proving-negligence-after-a-slip-and-fall-on-long-island-300x200.webp"},{"@type":"BreadcrumbList","@id":"https:\/\/oreskylaw.com\/es\/long-island\/abogados-de-accidentes-de-resbalones-y-caidas\/#breadcrumb","itemListElement":[{"@type":"ListItem","position":1,"name":"Inicio","item":"https:\/\/oreskylaw.com\/es\/"},{"@type":"ListItem","position":2,"name":"Abogado de lesiones personales en Long Island","item":"https:\/\/oreskylaw.com\/es\/long-island\/"},{"@type":"ListItem","position":3,"name":"Abogado de Resbalones y Ca\u00eddas"}]},{"@type":"WebSite","@id":"https:\/\/oreskylaw.com\/es\/#website","url":"https:\/\/oreskylaw.com\/es\/","name":"Oresky & Associates PLLC","description":"","publisher":{"@id":"https:\/\/oreskylaw.com\/es\/#organization"},"potentialAction":[{"@type":"SearchAction","target":{"@type":"EntryPoint","urlTemplate":"https:\/\/oreskylaw.com\/es\/?s={search_term_string}"},"query-input":{"@type":"PropertyValueSpecification","valueRequired":true,"valueName":"search_term_string"}}],"inLanguage":"es"}]}},"_links":{"self":[{"href":"https:\/\/oreskylaw.com\/es\/wp-json\/wp\/v2\/pages\/18535","targetHints":{"allow":["GET"]}}],"collection":[{"href":"https:\/\/oreskylaw.com\/es\/wp-json\/wp\/v2\/pages"}],"about":[{"href":"https:\/\/oreskylaw.com\/es\/wp-json\/wp\/v2\/types\/page"}],"author":[{"embeddable":true,"href":"https:\/\/oreskylaw.com\/es\/wp-json\/wp\/v2\/users\/9"}],"replies":[{"embeddable":true,"href":"https:\/\/oreskylaw.com\/es\/wp-json\/wp\/v2\/comments?post=18535"}],"version-history":[{"count":0,"href":"https:\/\/oreskylaw.com\/es\/wp-json\/wp\/v2\/pages\/18535\/revisions"}],"up":[{"embeddable":true,"href":"https:\/\/oreskylaw.com\/es\/wp-json\/wp\/v2\/pages\/18485"}],"wp:attachment":[{"href":"https:\/\/oreskylaw.com\/es\/wp-json\/wp\/v2\/media?parent=18535"}],"curies":[{"name":"wp","href":"https:\/\/api.w.org\/{rel}","templated":true}]}}