{"id":18547,"date":"2025-12-09T08:34:40","date_gmt":"2025-12-09T08:34:40","guid":{"rendered":"https:\/\/oreskylaw.com\/?page_id=18547"},"modified":"2026-01-31T11:37:39","modified_gmt":"2026-01-31T11:37:39","slug":"manhattan","status":"publish","type":"page","link":"https:\/\/oreskylaw.com\/es\/manhattan\/","title":{"rendered":"Abogado de lesiones personales en Manhattan"},"content":{"rendered":"<h2>Hemos recuperado m\u00e1s de $ 400 millones para v\u00edctimas de lesiones personales en Manhattan<\/h2>\n<p>Oresky &amp; Associates representa a v\u00edctimas de accidentes y lesiones personales en todo Manhattan. Los hemos ayudado a obtener una compensaci\u00f3n adecuada por las lesiones causadas por el comportamiento negligente de otra persona. Hemos ganado m\u00e1s de $ 400 millones para nuestros clientes para ayudarlos con la p\u00e9rdida de salarios, facturas m\u00e9dicas y m\u00e1s. No cobramos honorarios de abogados a menos que obtengamos un acuerdo.<\/p>\n<h2>\u00c1reas de pr\u00e1ctica<\/h2>\n<h3>Accidentes De Construcci\u00f3n en New York<\/h3>\n<p>En Oresky &amp; Asociados, PLLC, nuestros abogados de accidentes de construcci\u00f3n de Queens y Bronx ofrecen una representaci\u00f3n legal compasiva y bien informada para ayudar a las v\u00edctimas de accidentes a obtener la compensaci\u00f3n financiera que le corresponde.<\/p>\n<div class=\"row\">\n<ul class=\"col-xl-6\">\n<li><a href=\"https:\/\/oreskylaw.com\/es\/nyc\/abogados-de-accidentes-de-andamios\/\">Accidentes de andamios<\/a><\/li>\n<li><a href=\"https:\/\/oreskylaw.com\/es\/nyc\/abogados-de-accidentes-de-demolicion\/\">Accidentes de demolici\u00f3n<\/a><\/li>\n<li><a href=\"https:\/\/oreskylaw.com\/es\/nyc\/abogados-de-accidentes-de-grua\/\">Accidentes de gr\u00faas<\/a><\/li>\n<li><a href=\"https:\/\/oreskylaw.com\/es\/nyc\/abogados-de-accidentes-de-montacargas\/\">Accidentes de montacargas<\/a><\/li>\n<li><a href=\"https:\/\/oreskylaw.com\/es\/nyc\/abogados-de-accidentes-de-ascensor\/\">Accidentes de ascensor<\/a><\/li>\n<li>Accidentes con limpiadores<\/li>\n<\/ul>\n<ul class=\"col-xl-6\">\n<li><a href=\"https:\/\/oreskylaw.com\/es\/nyc\/abogados-de-compensacion-laboral\/\">Accidentes laborales<\/a><\/li>\n<li><a href=\"https:\/\/oreskylaw.com\/es\/nyc\/abogados-de-accidentes-en-la-construccion-de-edificios\/\">Accidentes de construcci\u00f3n<\/a><\/li>\n<li><a href=\"https:\/\/oreskylaw.com\/es\/nyc\/abogados-de-accidentes-por-excavaciones-y-derrumbes\/\">Accidentes de excavaci\u00f3n por derrumbes<\/a><\/li>\n<li><a href=\"https:\/\/oreskylaw.com\/es\/nyc\/abogados-de-accidentes-en-renovaciones\/\">Accidentes de renovaci\u00f3n<\/a><\/li>\n<li><a href=\"https:\/\/oreskylaw.com\/es\/nyc\/abogados-de-accidentes-de-limpieza\/\">Accidentes de limpieza<\/a><\/li>\n<li><a href=\"https:\/\/oreskylaw.com\/es\/nyc\/abogados-de-accidentes-de-pintura\/\">Accidentes de pintura<\/a><\/li>\n<\/ul>\n<\/div>\n<p><a class=\"btn btn--secondary\" href=\"https:\/\/oreskylaw.com\/es\/nyc\/abogados-de-accidentes-de-construccion\/\">Todos los servicios de accidentes de construcci\u00f3n<\/a><\/p>\n<h3>Accidentes Automovil\u00edsticos en New York<\/h3>\n<p>Los abogados de accidentes automovil\u00edsticos de New York de Oresky &amp; Associates, PLLC. han representado a v\u00edctimas de accidentes automovil\u00edsticos durante casi 30 a\u00f1os. Hemos ganado millones de d\u00f3lares en veredictos y acuerdos para clientes lesionados en accidentes automovil\u00edsticos en New York.<\/p>\n<div class=\"row\">\n<ul class=\"col-xl-6\">\n<li><a href=\"https:\/\/oreskylaw.com\/es\/nyc\/abogados-de-accidentes-de-auto\/\">Accidentes automovil\u00edsticos<\/a><\/li>\n<li><a href=\"https:\/\/oreskylaw.com\/es\/nyc\/abogados-de-accidentes-de-camiones\/\">Accidentes de camiones<\/a><\/li>\n<li><a href=\"https:\/\/oreskylaw.com\/es\/nyc\/abogados-de-accidentes-de-peatones\/\">Accidentes de peatones<\/a><\/li>\n<li><a href=\"https:\/\/oreskylaw.com\/es\/nyc\/abogado-de-accidentes-de-camiones-de-18-ruedas\/\">Accidentes de veh\u00edculos de 18 ruedas<\/a><\/li>\n<li><a href=\"https:\/\/oreskylaw.com\/es\/nyc\/abogados-de-accidentes-de-autobus\/\">Accidentes de autob\u00fas<\/a><\/li>\n<li><a href=\"https:\/\/oreskylaw.com\/es\/nyc\/abogados-de-accidentes-de-motocicleta\/\">Accidentes de motocicleta<\/a><\/li>\n<\/ul>\n<ul class=\"col-xl-6\">\n<li><a href=\"https:\/\/oreskylaw.com\/es\/nyc\/abogados-de-accidentes-de-lyft\/\">Accidentes de Lyft<\/a><\/li>\n<li><a href=\"https:\/\/oreskylaw.com\/es\/nyc\/abogados-de-accidentes-de-taxi\/\">Accidentes de taxi<\/a><\/li>\n<li><a href=\"https:\/\/oreskylaw.com\/es\/nyc\/abogados-de-accidentes-de-coche-por-conducir-bajo-los-efectos-del-alcohol\/\">Accidentes por conducir en estado<\/a><\/li>\n<li><a href=\"https:\/\/oreskylaw.com\/es\/nyc\/abogados-de-accidentes-por-no-ceder-el-paso\/\">Accidentes por falta de rendimiento<\/a><\/li>\n<li><a href=\"https:\/\/oreskylaw.com\/es\/nyc\/abogados-de-accidentes-por-conduccion-distraida\/\">Accidentes por conducci\u00f3n distra\u00ed<\/a><\/li>\n<\/ul>\n<\/div>\n<p><a class=\"btn btn--secondary\" href=\"https:\/\/oreskylaw.com\/es\/nyc\/abogados-de-accidentes-de-auto\/\">Todos los servicios de accidentes automovil\u00edsticos<\/a><\/p>\n<h3>Lesiones Personales en New York<\/h3>\n<p>Si se lesiona debido a la negligencia o acto il\u00edcito de otra persona, su vida puede cambiar en un instante. Sus lesiones pueden dificultar o imposibilitar su trabajo y disfrutar del estilo de vida al que se ha acostumbrado.<\/p>\n<div class=\"row\">\n<ul class=\"col-xl-6\">\n<li><a href=\"https:\/\/oreskylaw.com\/es\/nyc\/abogados-de-muerte-por-negligencia\/\">Muerte injusta<\/a><\/li>\n<li><a href=\"https:\/\/oreskylaw.com\/es\/nyc\/abogados-de-accidentes-de-bicicleta\/\">Accidentes de bicicleta<\/a><\/li>\n<li><a href=\"https:\/\/oreskylaw.com\/es\/nyc\/abogados-de-errores-quirurgicos\/\">Errores quir\u00fargicos<\/a><\/li>\n<\/ul>\n<ul class=\"col-xl-6\">\n<li><a href=\"https:\/\/oreskylaw.com\/es\/nyc\/abogados-de-diagnostico-incorrecto\/\">Falta de diagn\u00f3stico<\/a><\/li>\n<li><a href=\"https:\/\/oreskylaw.com\/es\/nyc\/abogados-de-negligencia-en-residencias-de-ancianos\/\">Abuso en hogares de ancianos<\/a><\/li>\n<\/ul>\n<\/div>\n","protected":false},"excerpt":{"rendered":"<p>Hemos recuperado m\u00e1s de $ 400 millones para v\u00edctimas de lesiones personales en Manhattan Oresky &amp; Associates representa a v\u00edctimas de accidentes y lesiones personales en todo Manhattan. Los hemos ayudado a obtener una compensaci\u00f3n adecuada por las lesiones causadas por el comportamiento negligente de otra persona. Hemos ganado m\u00e1s de $ 400 millones para [&hellip;]<\/p>\n","protected":false},"author":9,"featured_media":23736,"parent":0,"menu_order":149,"comment_status":"closed","ping_status":"closed","template":"location.php","meta":{"_acf_changed":false,"footnotes":""},"class_list":["post-18547","page","type-page","status-publish","has-post-thumbnail","hentry"],"acf":[],"yoast_head":"<!-- This site is optimized with the Yoast SEO plugin v27.3 - https:\/\/yoast.com\/product\/yoast-seo-wordpress\/ -->\n<title>Abogado de Lesiones Personales, Manhattan - Oresky &amp; Associates, PLLC<\/title>\n<meta name=\"description\" content=\"Nuestros abogados de lesiones personales representan a v\u00edctimas en todo New York, incluyendo Manhattan. \u00a1Ll\u00e1menos hoy mismo para una consulta gratuita!\" \/>\n<meta name=\"robots\" content=\"index, follow, max-snippet:-1, max-image-preview:large, max-video-preview:-1\" \/>\n<link rel=\"canonical\" href=\"https:\/\/oreskylaw.com\/es\/manhattan\/\" \/>\n<meta property=\"og:locale\" content=\"es_ES\" \/>\n<meta property=\"og:type\" content=\"article\" \/>\n<meta property=\"og:title\" content=\"Abogado de Lesiones Personales, Manhattan - Oresky &amp; Associates, PLLC\" \/>\n<meta property=\"og:description\" content=\"Nuestros abogados de lesiones personales representan a v\u00edctimas en todo New York, incluyendo Manhattan. \u00a1Ll\u00e1menos hoy mismo para una consulta gratuita!\" \/>\n<meta property=\"og:url\" content=\"https:\/\/oreskylaw.com\/es\/manhattan\/\" \/>\n<meta property=\"og:site_name\" content=\"Oresky &amp; Associates, PLLC\" \/>\n<meta property=\"article:publisher\" content=\"https:\/\/www.facebook.com\/Oreskylaw\/\" \/>\n<meta property=\"article:modified_time\" content=\"2026-01-31T11:37:39+00:00\" \/>\n<meta property=\"og:image\" content=\"https:\/\/oreskylaw.com\/wp-content\/uploads\/2026\/01\/manhattan-1.png\" \/>\n\t<meta property=\"og:image:width\" content=\"809\" \/>\n\t<meta property=\"og:image:height\" content=\"301\" \/>\n\t<meta property=\"og:image:type\" content=\"image\/png\" \/>\n<meta name=\"twitter:card\" content=\"summary_large_image\" \/>\n<meta name=\"twitter:site\" content=\"@JacobOreskyLaw\" \/>\n<meta name=\"twitter:label1\" content=\"Tiempo de lectura\" \/>\n\t<meta name=\"twitter:data1\" content=\"2 minutos\" \/>\n<!-- \/ Yoast SEO plugin. -->","yoast_head_json":{"title":"Abogado de Lesiones Personales, Manhattan - Oresky & Associates, PLLC","description":"Nuestros abogados de lesiones personales representan a v\u00edctimas en todo New York, incluyendo Manhattan. \u00a1Ll\u00e1menos hoy mismo para una consulta gratuita!","robots":{"index":"index","follow":"follow","max-snippet":"max-snippet:-1","max-image-preview":"max-image-preview:large","max-video-preview":"max-video-preview:-1"},"canonical":"https:\/\/oreskylaw.com\/es\/manhattan\/","og_locale":"es_ES","og_type":"article","og_title":"Abogado de Lesiones Personales, Manhattan - Oresky & Associates, PLLC","og_description":"Nuestros abogados de lesiones personales representan a v\u00edctimas en todo New York, incluyendo Manhattan. \u00a1Ll\u00e1menos hoy mismo para una consulta gratuita!","og_url":"https:\/\/oreskylaw.com\/es\/manhattan\/","og_site_name":"Oresky &amp; Associates, PLLC","article_publisher":"https:\/\/www.facebook.com\/Oreskylaw\/","article_modified_time":"2026-01-31T11:37:39+00:00","og_image":[{"width":809,"height":301,"url":"https:\/\/oreskylaw.com\/wp-content\/uploads\/2026\/01\/manhattan-1.png","type":"image\/png"}],"twitter_card":"summary_large_image","twitter_site":"@JacobOreskyLaw","twitter_misc":{"Tiempo de lectura":"2 minutos"},"schema":{"@context":"https:\/\/schema.org","@graph":[{"@type":"WebPage","@id":"https:\/\/oreskylaw.com\/es\/manhattan\/","url":"https:\/\/oreskylaw.com\/es\/manhattan\/","name":"Abogado de Lesiones Personales, Manhattan - Oresky & Associates, PLLC","isPartOf":{"@id":"https:\/\/oreskylaw.com\/es\/#website"},"primaryImageOfPage":{"@id":"https:\/\/oreskylaw.com\/es\/manhattan\/#primaryimage"},"image":{"@id":"https:\/\/oreskylaw.com\/es\/manhattan\/#primaryimage"},"thumbnailUrl":"https:\/\/oreskylaw.com\/wp-content\/uploads\/2026\/01\/manhattan-1.png","datePublished":"2025-12-09T08:34:40+00:00","dateModified":"2026-01-31T11:37:39+00:00","description":"Nuestros abogados de lesiones personales representan a v\u00edctimas en todo New York, incluyendo Manhattan. \u00a1Ll\u00e1menos hoy mismo para una consulta gratuita!","breadcrumb":{"@id":"https:\/\/oreskylaw.com\/es\/manhattan\/#breadcrumb"},"inLanguage":"es","potentialAction":[{"@type":"ReadAction","target":["https:\/\/oreskylaw.com\/es\/manhattan\/"]}]},{"@type":"ImageObject","inLanguage":"es","@id":"https:\/\/oreskylaw.com\/es\/manhattan\/#primaryimage","url":"https:\/\/oreskylaw.com\/wp-content\/uploads\/2026\/01\/manhattan-1.png","contentUrl":"https:\/\/oreskylaw.com\/wp-content\/uploads\/2026\/01\/manhattan-1.png","width":809,"height":301,"caption":"manhattan"},{"@type":"BreadcrumbList","@id":"https:\/\/oreskylaw.com\/es\/manhattan\/#breadcrumb","itemListElement":[{"@type":"ListItem","position":1,"name":"Inicio","item":"https:\/\/oreskylaw.com\/es\/"},{"@type":"ListItem","position":2,"name":"Abogado de lesiones personales en Manhattan"}]},{"@type":"WebSite","@id":"https:\/\/oreskylaw.com\/es\/#website","url":"https:\/\/oreskylaw.com\/es\/","name":"Oresky & Associates PLLC","description":"","publisher":{"@id":"https:\/\/oreskylaw.com\/es\/#organization"},"potentialAction":[{"@type":"SearchAction","target":{"@type":"EntryPoint","urlTemplate":"https:\/\/oreskylaw.com\/es\/?s={search_term_string}"},"query-input":{"@type":"PropertyValueSpecification","valueRequired":true,"valueName":"search_term_string"}}],"inLanguage":"es"}]}},"_links":{"self":[{"href":"https:\/\/oreskylaw.com\/es\/wp-json\/wp\/v2\/pages\/18547","targetHints":{"allow":["GET"]}}],"collection":[{"href":"https:\/\/oreskylaw.com\/es\/wp-json\/wp\/v2\/pages"}],"about":[{"href":"https:\/\/oreskylaw.com\/es\/wp-json\/wp\/v2\/types\/page"}],"author":[{"embeddable":true,"href":"https:\/\/oreskylaw.com\/es\/wp-json\/wp\/v2\/users\/9"}],"replies":[{"embeddable":true,"href":"https:\/\/oreskylaw.com\/es\/wp-json\/wp\/v2\/comments?post=18547"}],"version-history":[{"count":0,"href":"https:\/\/oreskylaw.com\/es\/wp-json\/wp\/v2\/pages\/18547\/revisions"}],"wp:featuredmedia":[{"embeddable":true,"href":"https:\/\/oreskylaw.com\/es\/wp-json\/wp\/v2\/media\/23736"}],"wp:attachment":[{"href":"https:\/\/oreskylaw.com\/es\/wp-json\/wp\/v2\/media?parent=18547"}],"curies":[{"name":"wp","href":"https:\/\/api.w.org\/{rel}","templated":true}]}}