{"id":18585,"date":"2025-12-09T08:35:50","date_gmt":"2025-12-09T08:35:50","guid":{"rendered":"https:\/\/oreskylaw.com\/?page_id=18585"},"modified":"2026-03-05T04:48:05","modified_gmt":"2026-03-05T04:48:05","slug":"abogados-de-accidentes-de-limpiaparabrisas","status":"publish","type":"page","link":"https:\/\/oreskylaw.com\/es\/manhattan\/abogados-de-accidentes-de-limpiaparabrisas\/","title":{"rendered":"Accidentes de limpiadores de ventanas en Manhattan"},"content":{"rendered":"<p><em>Sufrir lesiones por negligencia ajena puede desestabilizar su vida en un instante. Recurra a abogados con experiencia que saben c\u00f3mo exigir responsabilidades a contratistas y propietarios por sus p\u00e9rdidas. Con m\u00e1s de $500 millones recuperados para trabajadores como usted, en Oresky &amp; Associates, PLLC, sabemos c\u00f3mo obtener resultados.<\/em><\/p>\n<p>Las cuadrillas de lavado de ventanas mantienen limpio y brillante el ic\u00f3nico horizonte de Manhattan. Trabajan a muchos metros sobre el suelo mientras enfrentan condiciones impredecibles. Si usted es uno de estos trabajadores, su vida puede cambiar dr\u00e1sticamente cuando ocurre un accidente.<\/p>\n<p>Es posible que usted tenga un reclamo v\u00e1lido por lesiones personales, pero para llevarlo adelante con \u00e9xito se requiere un abogado con conocimientos y experiencia en accidentes de lavadores de ventanas en Manhattan. El equipo de Oresky &amp; Associates, PLLC, comprende c\u00f3mo pueden ocurrir estos accidentes en edificios de todo tipo, ya sea en un edificio de apartamentos de tres pisos o en una propiedad comercial de 50 plantas. Defendemos con orgullo los derechos de los trabajadores neoyorquinos como usted, que se dedican a estos trabajos peligrosos pero necesarios.<\/p>\n<p>Cont\u00e1ctenos hoy mismo para una consulta inicial gratuita y sin compromiso para analizar su caso con un abogado con experiencia en accidentes de lavadores de ventanas en Manhattan. La evaluaci\u00f3n de su caso es completamente confidencial y usted no paga nada a menos que resolvamos su asunto con \u00e9xito. <em>Hablamos espa\u00f1ol<\/em>.<\/p>\n<h2>\u00bfPor qu\u00e9 deber\u00eda contratar a un abogado de accidentes de lavadores de ventanas en Manhattan?<\/h2>\n<p>Trabajar con un abogado con experiencia en accidentes de lavadores de ventanas en Manhattan puede marcar la diferencia en el resultado de su caso. Su abogado puede guiarle a lo largo del proceso legal, ayudarle a evitar errores cr\u00edticos y utilizar un equipo de profesionales dedicados para reunir las pruebas necesarias con el fin de responsabilizar a la parte negligente por su lesi\u00f3n.<\/p>\n<p>Cuando trabaja con el equipo de Oresky &amp; Associates, PLLC, podemos ofrecerle lo siguiente:<\/p>\n<ul>\n<li><strong>Amplia experiencia:<\/strong> hemos representado con orgullo a las personas de la Ciudad de Nueva York durante m\u00e1s de 30 a\u00f1os. Entendemos su trabajo, las leyes que lo protegen y los tribunales que influir\u00e1n en su caso.<\/li>\n<li><strong>Resultados s\u00f3lidos:<\/strong> nuestro equipo ha recuperado m\u00e1s de $500 millones en acuerdos y veredictos para los trabajadores como usted. Sabemos c\u00f3mo determinar el valor total de su reclamo y qu\u00e9 se necesita para obtener la compensaci\u00f3n m\u00e1xima.<\/li>\n<li><strong>S\u00f3lida reputaci\u00f3n:<\/strong> nuestra firma es reconocida como honesta, trabajadora y profesional por colegas, compa\u00f1eros y abogados contrarios en los cinco distritos. Esa reputaci\u00f3n est\u00e1 respaldada por cientos de rese\u00f1as positivas de clientes satisfechos.<\/li>\n<li><strong>Apoyo compasivo:<\/strong> su caso es m\u00e1s que un asunto legal, y usted necesita m\u00e1s que servicios jur\u00eddicos para superarlo. Nuestro equipo escuchar\u00e1 atentamente sus necesidades, le ofrecer\u00e1 orientaci\u00f3n s\u00f3lida y se comunicar\u00e1 de manera abierta durante todo el proceso.<\/li>\n<li><strong>Defensa firme:<\/strong> tratamos a nuestros clientes y a sus seres queridos como nuestra familia, y siempre defendemos sus mejores intereses. Lucharemos por la compensaci\u00f3n que usted merece, ya sea en la mesa de negociaci\u00f3n o en la sala del tribunal.<\/li>\n<li><strong>Sin honorarios a menos que ganemos:<\/strong> nuestra firma trabaja bajo un esquema de honorarios de contingencia. Esto significa que usted no paga costos iniciales para que comencemos a trabajar en su nombre y no nos deber\u00e1 nada a menos que resolvamos su caso con \u00e9xito.<\/li>\n<\/ul>\n<p>Comun\u00edquese con nosotros hoy mismo para descubrir c\u00f3mo nuestra firma puede marcar una gran diferencia en su caso.<\/p>\n<h2>\u00bfQui\u00e9n puede ser considerado responsable por mis lesiones en un accidente de lavado de ventanas?<\/h2>\n<p>Los casos de lesiones de lavadores de ventanas pueden resultar complejos debido al gran n\u00famero de partes potencialmente responsables. Estos trabajos suelen implicar contratos complicados y responsabilidades superpuestas que pueden generar responsabilidad para una o m\u00e1s de las siguientes partes:<\/p>\n<div class=\"row\">\n<ul class=\"col-xl-6\">\n<li>Propietarios de propiedades o edificios<\/li>\n<li>Contratistas<\/li>\n<li>Subcontratistas<\/li>\n<\/ul>\n<ul class=\"col-xl-6\">\n<li>Agentes del propietario<\/li>\n<li>Fabricantes de equipos<\/li>\n<\/ul>\n<\/div>\n<h2>\u00bfC\u00f3mo se aplican las leyes laborales de Nueva York en los reclamos por accidentes de lavado de ventanas?<\/h2>\n<p>Las leyes laborales de Nueva York brindan protecciones s\u00f3lidas a los trabajadores que realizan tareas en alturas elevadas. Algunas de las m\u00e1s importantes incluyen las siguientes:<\/p>\n<h3><a href=\"https:\/\/www.nysenate.gov\/legislation\/laws\/LAB\/202\" target=\"_blank\" rel=\"noopener\">Secci\u00f3n 202 de la Ley Laboral<\/a> (Seguridad en la Limpieza de Ventanas)<\/h3>\n<p>Esta ley exige que los propietarios, contratistas y sus agentes proporcionen condiciones de trabajo seguras, equipos y dispositivos adecuados para la limpieza de ventanas o superficies exteriores de edificios p\u00fablicos, con el fin de proteger a los trabajadores y al p\u00fablico.<\/p>\n<h3><a href=\"https:\/\/www.nysenate.gov\/legislation\/laws\/LAB\/200\" target=\"_blank\" rel=\"noopener\">Secci\u00f3n 200 de la Ley Laboral<\/a><\/h3>\n<p>La Secci\u00f3n 200 exige que los propietarios y contratistas proporcionen un lugar de trabajo seguro. Los lavadores de ventanas tienen derecho legal a contar con iluminaci\u00f3n adecuada, equipos en buen estado y un entorno laboral generalmente libre de peligros.<\/p>\n<h3><a href=\"https:\/\/www.nysenate.gov\/legislation\/laws\/LAB\/240\" target=\"_blank\" rel=\"noopener\">Secci\u00f3n 240 de la Ley Laboral<\/a> (Ley de Andamios)<\/h3>\n<p>La Secci\u00f3n 240 protege a los trabajadores que realizan labores en alturas. Exige que los propietarios y contratistas proporcionen a los lavadores de ventanas dispositivos de seguridad apropiados, tales como arneses, l\u00edneas de vida, sillas de contramaestre y andamios suspendidos. La falta de protecci\u00f3n adecuada puede resultar en responsabilidad absoluta.<\/p>\n<h3><a href=\"https:\/\/www.nysenate.gov\/legislation\/laws\/LAB\/241\" target=\"_blank\" rel=\"noopener\">Secci\u00f3n 241 de la Ley Laboral<\/a><\/h3>\n<p>La Secci\u00f3n 241 impone una obligaci\u00f3n indelegable y exige el cumplimiento de normas espec\u00edficas del c\u00f3digo industrial en materia de seguridad para trabajos de construcci\u00f3n, demolici\u00f3n y reparaci\u00f3n. Permite que los trabajadores lesionados demanden por da\u00f1os incluso cuando el propietario o contratista no haya supervisado directamente su trabajo.<\/p>\n<h2>\u00bfQu\u00e9 tipos de compensaci\u00f3n est\u00e1n disponibles para las v\u00edctimas de accidentes de lavado de ventanas?<\/h2>\n<p>La compensaci\u00f3n por lesiones de lavadores de ventanas puede provenir de dos fuentes: la compensaci\u00f3n laboral y los reclamos contra terceros.<\/p>\n<h3>Compensaci\u00f3n laboral<\/h3>\n<p>La compensaci\u00f3n laboral proporciona apoyo financiero limitado pero esencial a los trabajadores lesionados. Los beneficios incluyen lo siguiente:<\/p>\n<ul>\n<li>Cobertura de todo tratamiento m\u00e9dico necesario<\/li>\n<li>Un porcentaje de sus salarios perdidos cuando debe ausentarse del trabajo<\/li>\n<li>Cobertura de servicios de rehabilitaci\u00f3n vocacional<\/li>\n<\/ul>\n<p>Estos beneficios solo cubren sus facturas m\u00e9dicas y parte de sus ingresos perdidos, que por lo general representan solo una fracci\u00f3n del da\u00f1o real causado por el accidente. En muchos casos, un trabajador lesionado puede presentar un reclamo por lesiones personales contra terceros responsables, lo que puede proporcionar una compensaci\u00f3n m\u00e1s amplia.<\/p>\n<h3>Reclamos contra terceros<\/h3>\n<p>Otras partes que ten\u00edan un deber de cuidado hacia usted, aparte de su empleador, pueden ser demandadas en un reclamo independiente por lesiones de lavador de ventanas. Estas demandas le permiten recuperar compensaci\u00f3n por lo siguiente:<\/p>\n<div class=\"row\">\n<ul class=\"col-xl-6\">\n<li>Gastos m\u00e9dicos<\/li>\n<li>Todos los gastos de su propio bolsillo<\/li>\n<li>Salarios perdidos en su totalidad<\/li>\n<li>P\u00e9rdida de capacidad de ingresos futuros<\/li>\n<\/ul>\n<ul class=\"col-xl-6\">\n<li>Dolor y sufrimiento<\/li>\n<li>Angustia emocional<\/li>\n<li>P\u00e9rdida del disfrute de la vida<\/li>\n<\/ul>\n<\/div>\n<p>En Oresky &amp; Associates, PLLC, nuestros abogados pueden investigar el accidente para identificar todas las posibles fuentes de compensaci\u00f3n y luego construir un caso s\u00f3lido para responsabilizar a todas las partes negligentes.<\/p>\n<h2>\u00bfCu\u00e1nto puede valer mi caso de accidente de lavado de ventanas?<\/h2>\n<p>Los accidentes de lavado de ventanas suelen implicar ca\u00eddas desde grandes alturas y lesiones graves, por lo que la compensaci\u00f3n suele ser considerable. Sin embargo, no hay dos casos iguales; cada uno requiere una evaluaci\u00f3n cuidadosa e individualizada para determinar su valor.<\/p>\n<p>Los factores que influyen en el valor de un reclamo incluyen los siguientes:<\/p>\n<div class=\"row\">\n<ul class=\"col-xl-6\">\n<li>La gravedad de sus lesiones y su dolor<\/li>\n<li>La duraci\u00f3n de su recuperaci\u00f3n<\/li>\n<li>Los costos m\u00e9dicos incurridos<\/li>\n<li>Si necesita cirug\u00edas o terapia a largo plazo<\/li>\n<\/ul>\n<ul class=\"col-xl-6\">\n<li>Su capacidad para regresar al trabajo<\/li>\n<li>El grado de discapacidad permanente<\/li>\n<li>Los efectos emocionales y psicol\u00f3gicos del accidente<\/li>\n<\/ul>\n<\/div>\n<p>Nuestra firma trabaja con profesionales m\u00e9dicos y expertos financieros para determinar el alcance total de sus lesiones y su impacto en su vida. Utilizamos nuestros hallazgos para calcular su compensaci\u00f3n m\u00e1xima.<\/p>\n<h2>\u00bfQui\u00e9n es responsable de un accidente de andamio?<\/h2>\n<p>La ley estatal proporciona una s\u00f3lida protecci\u00f3n a los trabajadores que lavan ventanas. Una de las m\u00e1s importantes es la <a href=\"https:\/\/www.nysenate.gov\/legislation\/laws\/LAB\/202\" target=\"_blank\" rel=\"noopener\">Secci\u00f3n 202 de la Ley Labora<\/a> l. Exige que los contratistas y propietarios de edificios garanticen que los lavadores de ventanas cuenten con medios seguros para realizar su trabajo. Esto incluye proporcionar dispositivos de protecci\u00f3n personal, l\u00edneas de seguridad, andamios, arneses y otros equipos adecuados para la seguridad del trabajador.<\/p>\n<p>Otro estatuto legal importante es la <a href=\"https:\/\/www.nysenate.gov\/legislation\/laws\/LAB\/240\" target=\"_blank\" rel=\"noopener\">Secci\u00f3n 240(1) de la Ley Laboral de Nueva York<\/a>. Establece que, en trabajos que implican riesgos relacionados con la gravedad, las partes responsables de proporcionar equipo de seguridad al trabajador son plenamente responsables del accidente. Dichas partes incluyen contratistas, ciertos propietarios de edificios y sus agentes.<\/p>\n<p>\u00bfQu\u00e9 significa esto para usted si es un trabajador de la construcci\u00f3n que result\u00f3 lesionado en el trabajo? Supongamos que sufri\u00f3 lesiones debido a \u201criesgos relacionados con la gravedad\u201d, como una ca\u00edda desde un andamio, una escalera o un montacargas, o haber sido golpeado por un objeto que cay\u00f3, y que estaba utilizando equipo de seguridad en el momento del accidente. Si dicho equipo no proporcion\u00f3 la protecci\u00f3n adecuada, usted tiene derecho a demandar a las partes responsables para obtener compensaci\u00f3n por sus lesiones. Incluso si sus propias acciones contribuyeron al accidente, usted a\u00fan tiene derecho a presentar una demanda.<\/p>\n<p>Para poder recibir compensaci\u00f3n, debe cumplir con los siguientes criterios:<\/p>\n<ul>\n<li><strong>Debe haber sufrido lesiones mientras participaba en ciertas actividades:<\/strong> estas incluyen la construcci\u00f3n de un edificio, la demolici\u00f3n de un edificio, la limpieza de ventanas, reparaciones de edificios, la realizaci\u00f3n de modificaciones a una estructura o la pintura de una estructura.<\/li>\n<li><strong>Debe haber existido una diferencia de altura u otro riesgo relacionado con la gravedad para que se aplique la Secci\u00f3n 240(1):<\/strong> los aspectos de responsabilidad estricta de la Secci\u00f3n 240(1) solo se aplican en esas circunstancias. Usted o el objeto que lo golpe\u00f3 deben haber ca\u00eddo de un nivel a otro.<\/li>\n<\/ul>\n<p>Cuando se re\u00fana con los abogados de derecho de la construcci\u00f3n de Oresky &amp; Associates, PLLC, podremos revisar su situaci\u00f3n para determinar qu\u00e9 ocurri\u00f3 y qui\u00e9n puede ser responsable. Comun\u00edquese con nosotros hoy mismo para su consulta gratuita y sin compromiso.<\/p>\n<h2>\u00bfCu\u00e1nto tiempo tengo para presentar una demanda despu\u00e9s de un accidente de lavado de ventanas en Nueva York?<\/h2>\n<p>Nueva York impone plazos estrictos para presentar una demanda o un reclamo de compensaci\u00f3n laboral. Si planea presentar un reclamo contra un tercero, por lo general dispone de tres a\u00f1os desde la fecha del accidente para presentar una demanda. Cuando solicita beneficios de compensaci\u00f3n laboral, tiene <a href=\"https:\/\/www.nysenate.gov\/legislation\/laws\/CVP\/214\" target=\"_blank\" rel=\"noopener\">30 d\u00edas<\/a> para informar el accidente a su empleador y dos a\u00f1os desde la fecha de la lesi\u00f3n para presentar su reclamo.<\/p>\n<p>No cumplir con alguno de estos plazos puede significar perder su derecho a recuperar la compensaci\u00f3n que merece, sin importar la gravedad de la lesi\u00f3n o la claridad de la negligencia. Si desea proteger sus derechos, debe actuar con rapidez y comunicarse con un abogado experimentado en lesiones personales lo antes posible.<\/p>\n<h2>\u00bfCu\u00e1les son las causas comunes de los accidentes de lavado de ventanas?<\/h2>\n<p>El lavado de ventanas implica condiciones de alto riesgo incluso en un lugar de trabajo bien gestionado. Sin embargo, un n\u00famero considerable de accidentes resulta de errores u omisiones prevenibles. Algunas de las causas m\u00e1s comunes de accidentes de lavadores de ventanas incluyen las siguientes:<\/p>\n<div class=\"row\">\n<ul class=\"col-xl-6\">\n<li>Arneses defectuosos o con mantenimiento inadecuado<\/li>\n<li>Puntos de anclaje defectuosos<\/li>\n<li>Andamios d\u00e9biles o da\u00f1ados<\/li>\n<li>L\u00edneas de seguridad inadecuadas o inexistentes<\/li>\n<li>Fallas repentinas del equipo<\/li>\n<\/ul>\n<ul class=\"col-xl-6\">\n<li>Sistemas de sujeci\u00f3n mal asegurados<\/li>\n<li>Vientos fuertes y condiciones clim\u00e1ticas inseguras<\/li>\n<li>Riesgos el\u00e9ctricos cerca de equipos met\u00e1licos<\/li>\n<li>Superficies de edificios resbaladizas<\/li>\n<li>Capacitaci\u00f3n o supervisi\u00f3n inadecuadas<\/li>\n<\/ul>\n<\/div>\n<p>En Oresky &amp; Associates, PLLC, estamos preparados para examinar cada detalle del accidente con el fin de descubrir la causa exacta e identificar a cada parte responsable, y luego luchar por la rendici\u00f3n de cuentas que usted merece.<\/p>\n<h2>\u00bfCu\u00e1les son las lesiones comunes en los accidentes de lavado de ventanas?<\/h2>\n<p>Los accidentes de lavado de ventanas a menudo provocan lesiones catastr\u00f3ficas que cambian la vida. Algunas de las m\u00e1s comunes incluyen:<\/p>\n<div class=\"row\">\n<ul class=\"col-xl-6\">\n<li>Lesiones cerebrales traum\u00e1ticas y lesiones en la cabeza<\/li>\n<li>Fracturas en brazos, piernas, costillas o pelvis<\/li>\n<li><Lesiones por aplastamiento<\/li>\n<li>Afecciones de dolor cr\u00f3nico<\/li>\n<li>Laceraciones graves<\/li>\n<\/ul>\n<ul class=\"col-xl-6\">\n<li>Desgarros de hombro y rodilla<\/li>\n<li>Da\u00f1o a \u00f3rganos internos<\/li>\n<li>Lesiones de la m\u00e9dula espinal<\/li>\n<li>Trauma psicol\u00f3gico<\/li>\n<li>Muerte<\/li>\n<\/ul>\n<\/div>\n<p>Estas lesiones suelen requerir atenci\u00f3n m\u00e9dica extensa y largos periodos de recuperaci\u00f3n. Nuestro equipo documenta el impacto total que sus lesiones tienen en su vida diaria y en sus finanzas, y luchamos por una recuperaci\u00f3n completa.<\/p>\n<h2>Contacte hoy a un abogado de accidentes de lavado de ventanas en Manhattan<\/h2>\n<p>Si usted ha sufrido lesiones en un accidente de lavado de ventanas, necesita un abogado experto en lesiones personales para proteger sus derechos. El equipo de Oresky &amp; Associates, PLLC revisar\u00e1 su caso, le informar\u00e1 sobre sus opciones legales y le ayudar\u00e1 a recuperar la compensaci\u00f3n que usted merece.<\/p>\n<p>Cont\u00e1ctenos hoy mismo para su consulta gratuita y sin compromiso. La revisi\u00f3n de su caso es completamente confidencial y no cobramos nada a menos que recuperemos compensaci\u00f3n para usted. <em>Se habla espa\u00f1ol.<\/em><\/p>\n","protected":false},"excerpt":{"rendered":"<p>Sufrir lesiones por negligencia ajena puede desestabilizar su vida en un instante. Recurra a abogados con experiencia que saben c\u00f3mo exigir responsabilidades a contratistas y propietarios por sus p\u00e9rdidas. Con m\u00e1s de $500 millones recuperados para trabajadores como usted, en Oresky &amp; Associates, PLLC, sabemos c\u00f3mo obtener resultados. Las cuadrillas de lavado de ventanas mantienen [&hellip;]<\/p>\n","protected":false},"author":9,"featured_media":0,"parent":18547,"menu_order":7,"comment_status":"closed","ping_status":"closed","template":"","meta":{"_acf_changed":false,"footnotes":""},"class_list":["post-18585","page","type-page","status-publish","hentry"],"acf":[],"yoast_head":"<!-- This site is optimized with the Yoast SEO plugin v27.3 - https:\/\/yoast.com\/product\/yoast-seo-wordpress\/ -->\n<title>Abogado de accidentes de lavadores de ventanas en Manhattan - Oresky &amp; Associates, PLLC<\/title>\n<meta name=\"description\" content=\"Merece una indemnizaci\u00f3n si sufri\u00f3 lesiones en un accidente con un limpiador de ventanas en Manhattan. Contacte a nuestros abogados hoy mismo para una revisi\u00f3n gratuita de su caso.\" \/>\n<meta name=\"robots\" content=\"index, follow, max-snippet:-1, max-image-preview:large, max-video-preview:-1\" \/>\n<link rel=\"canonical\" href=\"https:\/\/oreskylaw.com\/es\/manhattan\/abogados-de-accidentes-de-limpiaparabrisas\/\" \/>\n<meta property=\"og:locale\" content=\"es_ES\" \/>\n<meta property=\"og:type\" content=\"article\" \/>\n<meta property=\"og:title\" content=\"Abogado de accidentes de lavadores de ventanas en Manhattan - Oresky &amp; Associates, PLLC\" \/>\n<meta property=\"og:description\" content=\"Merece una indemnizaci\u00f3n si sufri\u00f3 lesiones en un accidente con un limpiador de ventanas en Manhattan. Contacte a nuestros abogados hoy mismo para una revisi\u00f3n gratuita de su caso.\" \/>\n<meta property=\"og:url\" content=\"https:\/\/oreskylaw.com\/es\/manhattan\/abogados-de-accidentes-de-limpiaparabrisas\/\" \/>\n<meta property=\"og:site_name\" content=\"Oresky &amp; Associates, PLLC\" \/>\n<meta property=\"article:publisher\" content=\"https:\/\/www.facebook.com\/Oreskylaw\/\" \/>\n<meta property=\"article:modified_time\" content=\"2026-03-05T04:48:05+00:00\" \/>\n<meta property=\"og:image\" content=\"https:\/\/oreskylaw.com\/wp-content\/uploads\/2026\/01\/oresky-team-careers.png\" \/>\n\t<meta property=\"og:image:width\" content=\"995\" \/>\n\t<meta property=\"og:image:height\" content=\"617\" \/>\n\t<meta property=\"og:image:type\" content=\"image\/png\" \/>\n<meta name=\"twitter:card\" content=\"summary_large_image\" \/>\n<meta name=\"twitter:site\" content=\"@JacobOreskyLaw\" \/>\n<meta name=\"twitter:label1\" content=\"Tiempo de lectura\" \/>\n\t<meta name=\"twitter:data1\" content=\"10 minutos\" \/>\n<!-- \/ Yoast SEO plugin. -->","yoast_head_json":{"title":"Abogado de accidentes de lavadores de ventanas en Manhattan - Oresky & Associates, PLLC","description":"Merece una indemnizaci\u00f3n si sufri\u00f3 lesiones en un accidente con un limpiador de ventanas en Manhattan. Contacte a nuestros abogados hoy mismo para una revisi\u00f3n gratuita de su caso.","robots":{"index":"index","follow":"follow","max-snippet":"max-snippet:-1","max-image-preview":"max-image-preview:large","max-video-preview":"max-video-preview:-1"},"canonical":"https:\/\/oreskylaw.com\/es\/manhattan\/abogados-de-accidentes-de-limpiaparabrisas\/","og_locale":"es_ES","og_type":"article","og_title":"Abogado de accidentes de lavadores de ventanas en Manhattan - Oresky & Associates, PLLC","og_description":"Merece una indemnizaci\u00f3n si sufri\u00f3 lesiones en un accidente con un limpiador de ventanas en Manhattan. Contacte a nuestros abogados hoy mismo para una revisi\u00f3n gratuita de su caso.","og_url":"https:\/\/oreskylaw.com\/es\/manhattan\/abogados-de-accidentes-de-limpiaparabrisas\/","og_site_name":"Oresky &amp; Associates, PLLC","article_publisher":"https:\/\/www.facebook.com\/Oreskylaw\/","article_modified_time":"2026-03-05T04:48:05+00:00","og_image":[{"width":995,"height":617,"url":"https:\/\/oreskylaw.com\/wp-content\/uploads\/2026\/01\/oresky-team-careers.png","type":"image\/png"}],"twitter_card":"summary_large_image","twitter_site":"@JacobOreskyLaw","twitter_misc":{"Tiempo de lectura":"10 minutos"},"schema":{"@context":"https:\/\/schema.org","@graph":[{"@type":"WebPage","@id":"https:\/\/oreskylaw.com\/es\/manhattan\/abogados-de-accidentes-de-limpiaparabrisas\/","url":"https:\/\/oreskylaw.com\/es\/manhattan\/abogados-de-accidentes-de-limpiaparabrisas\/","name":"Abogado de accidentes de lavadores de ventanas en Manhattan - Oresky & Associates, PLLC","isPartOf":{"@id":"https:\/\/oreskylaw.com\/es\/#website"},"datePublished":"2025-12-09T08:35:50+00:00","dateModified":"2026-03-05T04:48:05+00:00","description":"Merece una indemnizaci\u00f3n si sufri\u00f3 lesiones en un accidente con un limpiador de ventanas en Manhattan. Contacte a nuestros abogados hoy mismo para una revisi\u00f3n gratuita de su caso.","breadcrumb":{"@id":"https:\/\/oreskylaw.com\/es\/manhattan\/abogados-de-accidentes-de-limpiaparabrisas\/#breadcrumb"},"inLanguage":"es","potentialAction":[{"@type":"ReadAction","target":["https:\/\/oreskylaw.com\/es\/manhattan\/abogados-de-accidentes-de-limpiaparabrisas\/"]}]},{"@type":"BreadcrumbList","@id":"https:\/\/oreskylaw.com\/es\/manhattan\/abogados-de-accidentes-de-limpiaparabrisas\/#breadcrumb","itemListElement":[{"@type":"ListItem","position":1,"name":"Inicio","item":"https:\/\/oreskylaw.com\/es\/"},{"@type":"ListItem","position":2,"name":"Abogado de lesiones personales en Manhattan","item":"https:\/\/oreskylaw.com\/es\/manhattan\/"},{"@type":"ListItem","position":3,"name":"Accidentes de limpiadores de ventanas en Manhattan"}]},{"@type":"WebSite","@id":"https:\/\/oreskylaw.com\/es\/#website","url":"https:\/\/oreskylaw.com\/es\/","name":"Oresky & Associates PLLC","description":"","publisher":{"@id":"https:\/\/oreskylaw.com\/es\/#organization"},"potentialAction":[{"@type":"SearchAction","target":{"@type":"EntryPoint","urlTemplate":"https:\/\/oreskylaw.com\/es\/?s={search_term_string}"},"query-input":{"@type":"PropertyValueSpecification","valueRequired":true,"valueName":"search_term_string"}}],"inLanguage":"es"}]}},"_links":{"self":[{"href":"https:\/\/oreskylaw.com\/es\/wp-json\/wp\/v2\/pages\/18585","targetHints":{"allow":["GET"]}}],"collection":[{"href":"https:\/\/oreskylaw.com\/es\/wp-json\/wp\/v2\/pages"}],"about":[{"href":"https:\/\/oreskylaw.com\/es\/wp-json\/wp\/v2\/types\/page"}],"author":[{"embeddable":true,"href":"https:\/\/oreskylaw.com\/es\/wp-json\/wp\/v2\/users\/9"}],"replies":[{"embeddable":true,"href":"https:\/\/oreskylaw.com\/es\/wp-json\/wp\/v2\/comments?post=18585"}],"version-history":[{"count":0,"href":"https:\/\/oreskylaw.com\/es\/wp-json\/wp\/v2\/pages\/18585\/revisions"}],"up":[{"embeddable":true,"href":"https:\/\/oreskylaw.com\/es\/wp-json\/wp\/v2\/pages\/18547"}],"wp:attachment":[{"href":"https:\/\/oreskylaw.com\/es\/wp-json\/wp\/v2\/media?parent=18585"}],"curies":[{"name":"wp","href":"https:\/\/api.w.org\/{rel}","templated":true}]}}