{"id":18614,"date":"2025-12-08T02:40:49","date_gmt":"2025-12-08T02:40:49","guid":{"rendered":"https:\/\/oreskylaw.com\/?page_id=18614"},"modified":"2026-01-30T15:29:14","modified_gmt":"2026-01-30T15:29:14","slug":"nyc","status":"publish","type":"page","link":"https:\/\/oreskylaw.com\/es\/nyc\/","title":{"rendered":"New York"},"content":{"rendered":"<h2>Abogados de Lesiones Personales de Confianza en New York<\/h2>\n<p>Tu vida puede cambiar en un segundo cuando te lesionas en un accidente. Es posible que necesites un tratamiento m\u00e9dico extenso y tengas preocupaciones sobre c\u00f3mo pagarlo. Puedes experimentar dolor que te impide hacer muchas de las cosas que amas. Tus lesiones pueden incluso dificultar o imposibilitar que trabajes, cuides de tu familia y disfrutes de la vida.<\/p>\n<p>Es entonces cuando necesitas un equipo experimentado de abogados de lesiones personales para ayudarte a obtener la compensaci\u00f3n justa por tus p\u00e9rdidas.<\/p>\n<p>Los abogados de Oresky &amp; Associates, PLLC han luchado por las v\u00edctimas de lesiones en el Bronx, Queens y el \u00e1rea metropolitana de la ciudad de New York durante m\u00e1s de 30 a\u00f1os, asegurando m\u00e1s de $500 millones en veredictos y acuerdos para las v\u00edctimas de accidentes personales. Nuestro historial habla por s\u00ed mismo, y elegirnos como tu equipo legal significa contar con abogados agresivos que luchan en tu nombre.<\/p>\n<h2>Tipos de Casos de Lesiones Personales que Manejamos en la Ciudad de New York<\/h2>\n<h3>Accidentes de Construcci\u00f3n<\/h3>\n<p>Nuestros experimentados abogados de lesiones personales en New York manejan casos de accidentes de construcci\u00f3n, representando a trabajadores lesionados contra los propietarios de sitios de construcci\u00f3n, contratistas y otras partes responsables de sus accidentes. Nuestro objetivo es asegurar que cada v\u00edctima reciba una compensaci\u00f3n justa por las p\u00e9rdidas causadas por un accidente. Estos incluyen:<\/p>\n<div class=\"row\">\n<ul class=\"col-xl-6\">\n<li><a href=\"https:\/\/oreskylaw.com\/es\/nyc\/abogados-de-accidentes-de-andamios\/\">Accidentes de andamios<\/a><\/li>\n<li><a href=\"https:\/\/oreskylaw.com\/es\/nyc\/abogados-de-accidentes-de-demolicion\/\">Accidentes de demolici\u00f3n<\/a><\/li>\n<li><a href=\"https:\/\/oreskylaw.com\/es\/nyc\/abogados-de-accidentes-de-grua\/\">Accidentes de gr\u00faas<\/a><\/li>\n<li><a href=\"https:\/\/oreskylaw.com\/es\/nyc\/abogados-de-accidentes-de-montacargas\/\">Accidentes de montacargas<\/a><\/li>\n<li><a href=\"https:\/\/oreskylaw.com\/es\/nyc\/abogados-de-accidentes-de-ascensor\/\">Accidentes de ascensor<\/a><\/li>\n<li>Accidentes con limpiadores<\/li>\n<\/ul>\n<ul class=\"col-xl-6\">\n<li><a href=\"https:\/\/oreskylaw.com\/es\/nyc\/abogados-de-compensacion-laboral\/\">Accidentes laborales<\/a><\/li>\n<li><a href=\"https:\/\/oreskylaw.com\/es\/nyc\/abogados-de-accidentes-en-la-construccion-de-edificios\/\">Accidentes de construcci\u00f3n<\/a><\/li>\n<li><a href=\"https:\/\/oreskylaw.com\/es\/nyc\/abogados-de-accidentes-por-excavaciones-y-derrumbes\/\">Accidentes de excavaci\u00f3n por derrumbes<\/a><\/li>\n<li><a href=\"https:\/\/oreskylaw.com\/es\/nyc\/abogados-de-accidentes-en-renovaciones\/\">Accidentes de renovaci\u00f3n<\/a><\/li>\n<li><a href=\"https:\/\/oreskylaw.com\/es\/nyc\/abogados-de-accidentes-de-limpieza\/\">Accidentes de limpieza<\/a><\/li>\n<li><a href=\"https:\/\/oreskylaw.com\/es\/nyc\/abogados-de-accidentes-de-pintura\/\">Accidentes de pintura<\/a><\/li>\n<\/ul>\n<\/div>\n<p><a class=\"btn btn--secondary\" href=\"https:\/\/oreskylaw.com\/es\/nyc\/abogados-de-accidentes-de-construccion\/\">Todos los servicios de accidentes de construcci\u00f3n<\/a><\/p>\n<h3>Accidentes Automovil\u00edsticos<\/h3>\n<p>Navegar por las ca\u00f3ticas carreteras de la ciudad de New York puede llevar a devastadores accidentes automovil\u00edsticos. Nuestros abogados de lesiones personales en New York est\u00e1n dedicados a ayudar a las v\u00edctimas a recuperarse. Podemos proporcionar una representaci\u00f3n legal vigorosa, gui\u00e1ndote a trav\u00e9s de la compleja red de seguros y responsabilidad en NYC para ayudarte a obtener una compensaci\u00f3n por tu sufrimiento.<\/p>\n<div class=\"row\">\n<ul class=\"col-xl-6\">\n<li><a href=\"https:\/\/oreskylaw.com\/es\/nyc\/abogados-de-accidentes-de-auto\/\">Accidentes automovil\u00edsticos<\/a><\/li>\n<li><a href=\"https:\/\/oreskylaw.com\/es\/nyc\/abogados-de-accidentes-de-camiones\/\">Accidentes de camiones<\/a><\/li>\n<li><a href=\"https:\/\/oreskylaw.com\/es\/nyc\/abogados-de-accidentes-de-peatones\/\">Accidentes de peatones<\/a><\/li>\n<li><a href=\"https:\/\/oreskylaw.com\/es\/nyc\/abogado-de-accidentes-de-camiones-de-18-ruedas\/\">Accidentes de veh\u00edculos de 18 ruedas<\/a><\/li>\n<li><a href=\"https:\/\/oreskylaw.com\/es\/nyc\/abogados-de-accidentes-de-autobus\/\">Accidentes de autob\u00fas<\/a><\/li>\n<li><a href=\"https:\/\/oreskylaw.com\/es\/nyc\/abogados-de-accidentes-de-motocicleta\/\">Accidentes de motocicleta<\/a><\/li>\n<\/ul>\n<ul class=\"col-xl-6\">\n<li><a href=\"https:\/\/oreskylaw.com\/es\/nyc\/abogados-de-accidentes-de-lyft\/\">Accidentes de Lyft<\/a><\/li>\n<li><a href=\"https:\/\/oreskylaw.com\/es\/nyc\/abogados-de-accidentes-de-taxi\/\">Accidentes de taxi<\/a><\/li>\n<li><a href=\"https:\/\/oreskylaw.com\/es\/nyc\/abogados-de-accidentes-de-coche-por-conducir-bajo-los-efectos-del-alcohol\/\">Accidentes por conducir en estado<\/a><\/li>\n<li><a href=\"https:\/\/oreskylaw.com\/es\/nyc\/abogados-de-accidentes-por-no-ceder-el-paso\/\">Accidentes por falta de rendimiento<\/a><\/li>\n<li><a href=\"https:\/\/oreskylaw.com\/es\/nyc\/abogados-de-accidentes-por-conduccion-distraida\/\">Accidentes por conducci\u00f3n distra\u00ed<\/a><\/li>\n<\/ul>\n<\/div>\n<p><a class=\"btn btn--secondary\" href=\"https:\/\/oreskylaw.com\/es\/nyc\/abogados-de-accidentes-de-auto\/\">Todos los servicios de accidentes automovil\u00edsticos<\/a><\/p>\n<h3>Mala Praxis M\u00e9dica<\/h3>\n<p>Nuestros abogados de lesiones personales en New York est\u00e1n bien versados en la\u00a0<a href=\"https:\/\/oreskylaw.com\/es\/nyc\/abogados-de-negligencia-medica\/\" target=\"_blank\" rel=\"nofollow noopener noreferrer\">ley de mala praxis m\u00e9dica<\/a>, trabajando diligentemente para llevar justicia a aquellos da\u00f1ados por la negligencia relacionada con la atenci\u00f3n m\u00e9dica. Abogamos incansablemente por las v\u00edctimas de errores m\u00e9dicos en NYC.<\/p>\n<h3>Otros Casos<\/h3>\n<p>En medio del bullicio de la vida en New York, los accidentes y las lesiones pueden ocurrir inesperadamente, y nuestros h\u00e1biles abogados de lesiones personales en NYC ofrecen una orientaci\u00f3n legal integral para una variedad de casos de lesiones personales. Estamos dedicados a luchar por los derechos de los neoyorquinos que han sufrido desgracias debido a circunstancias imprevistas.<\/p>\n<ul>\n<li><a href=\"https:\/\/oreskylaw.com\/es\/nyc\/abogados-de-accidentes-en-tiendas-minoristas\/\">Accidentes en tiendas minoristas<\/a><\/li>\n<li><a href=\"https:\/\/oreskylaw.com\/es\/nyc\/abogados-de-resbalones-y-caidas\/\">Accidentes por resbalones y ca\u00eddas<\/a><\/li>\n<li><a href=\"https:\/\/oreskylaw.com\/es\/nyc\/abogados-de-muerte-por-negligencia\/\">Muerte injusta<\/a><\/li>\n<li><a href=\"https:\/\/oreskylaw.com\/es\/nyc\/abogados-de-accidentes-de-bicicleta\/\">Accidentes de bicicleta<\/a><\/li>\n<\/ul>\n<h2>\u00bfPor Qu\u00e9 Deber\u00edas Contratar a un Abogado de Lesiones Personales en la Ciudad de New York?<\/h2>\n<p>Contratar a un abogado de lesiones personales en New York significa que obtienes el beneficio de su experiencia y un representante fuerte listo para ayudarte a obtener lo que mereces despu\u00e9s de tu lesi\u00f3n. As\u00ed es c\u00f3mo:<\/p>\n<h3>Conocimiento Profundo de la Ley de Lesiones Personales en New York<\/h3>\n<p>La comprensi\u00f3n de nuestro equipo sobre las particularidades de las leyes de lesiones personales en New York, combinada con el trabajo arduo y la dedicaci\u00f3n, es lo que nos distingue. No solo somos de New York, sino que conocemos las leyes por dentro y por fuera, y hemos estado trabajando con ellas durante m\u00e1s de 30 a\u00f1os. Este conocimiento legal integral es vital para tratar con casos de todo tipo, desde accidentes automovil\u00edsticos hasta lesiones en sitios de construcci\u00f3n.<\/p>\n<h3>Dedicaci\u00f3n a Asegurar una Compensaci\u00f3n Justa<\/h3>\n<p>Los capacitados abogados de lesiones personales de NYC en Oresky &amp; Associates, PLLC saben c\u00f3mo determinar el verdadero valor de tu reclamaci\u00f3n. Nuestra firma va m\u00e1s all\u00e1 de lo obvio, considerando cada aspecto de tu lesi\u00f3n y su impacto en tu vida. No dejaremos piedra sin remover para obtener la recuperaci\u00f3n que mereces.<\/p>\n<h3>Estrategia y Apoyo Legal Personalizado<\/h3>\n<p>Dedicamos atenci\u00f3n individualizada a cada cliente que tomamos. Entendemos que tu experiencia de lesi\u00f3n personal es \u00fanica, y no solo te vemos como un n\u00famero de caso. Nuestro equipo est\u00e1 preparado para apoyarte en tu recuperaci\u00f3n f\u00edsica y emocional, asegurando que tu caso sea supervisado profesionalmente y con empat\u00eda.<\/p>\n<h3>Estructura de Honorarios sin Riesgo<\/h3>\n<p>Entendemos las cargas financieras que pueden acompa\u00f1ar a las lesiones personales, por eso operamos en base a una tarifa contingente. Nuestros honorarios dependen de ganar tu caso, lo que significa que no enfrentas costos iniciales. Es un testimonio de nuestra confianza en nuestra capacidad para entregar resultados y nuestro compromiso de hacer accesible la representaci\u00f3n legal de calidad.<\/p>\n    <div class=\"cw-cta-box\">\n        <div class=\"cw-cta-box__inner \">\n            <div class=\"cw-cta-box__info\">\n                                    <div class=\"label\">\u00a1Llame ahora!<\/div>\n                            <\/div>\n                            <div class=\"contact-phone\">\n                    <a href=\"tel:7189939999\"\n                        aria-label=\"Tap to call button\">\n                        718-993-9999                    <\/a>\n                <\/div>\n                    <\/div>\n                    <a href=\"\/es\/contacto\/\"\n               class=\"cta-btn btn btn--primary btn\"\n               target=\"\">\n                Obtenga Una Consulta Gratuita            <\/a>\n            <\/div>\n    \n<h2>\u00bfQu\u00e9 es un Caso de Lesiones Personales?<\/h2>\n<p>Un caso de lesiones personales es una acci\u00f3n legal emprendida por una persona que sufre da\u00f1os por un accidente o lesi\u00f3n causada por otra parte que podr\u00eda ser legalmente responsable de ese da\u00f1o.<\/p>\n<p>A menudo basado en el concepto de\u00a0<a href=\"https:\/\/www.law.cornell.edu\/wex\/negligence\" target=\"_blank\" rel=\"nofollow noopener noreferrer\">negligencia<\/a>, estos casos proporcionan un camino para que las v\u00edctimas de lesiones, como aquellos involucrados en accidentes automovil\u00edsticos, ca\u00eddas, accidentes de construcci\u00f3n o incidentes de mala praxis m\u00e9dica, busquen compensaci\u00f3n. Estas reclamaciones son cruciales para abordar las diversas p\u00e9rdidas incurridas como resultado del incidente, sean f\u00edsicas, emocionales o financieras.<\/p>\n<h2>\u00bfCu\u00e1l es el Proceso de Reclamaci\u00f3n por Lesiones Personales?<\/h2>\n<p>Abrir una reclamaci\u00f3n por lesiones personales en New York t\u00edpicamente comienza con la parte lesionada presentando una reclamaci\u00f3n contra la parte responsable y notificando a su compa\u00f1\u00eda de seguros.<\/p>\n<p>La compa\u00f1\u00eda de seguros luego eval\u00faa la reclamaci\u00f3n, investiga las circunstancias que rodean el accidente y la extensi\u00f3n de la responsabilidad, y t\u00edpicamente contrata a su propio abogado para defender a su asegurado. Si concluyen que su cliente es responsable, pueden hacer una oferta de liquidaci\u00f3n, aunque es crucial notar que estas ofertas iniciales a menudo no cubren completamente las p\u00e9rdidas totales de la v\u00edctima.<\/p>\n<p>En casos donde se niega la responsabilidad, la reclamaci\u00f3n podr\u00eda ser rechazada. Aqu\u00ed es donde el conocimiento y los recursos de un abogado experimentado en lesiones personales en New York se vuelven indispensables. Un abogado puede ayudar a negociar con el asegurador de la parte culpable para obtener una liquidaci\u00f3n mayor o llevar el caso a juicio si no se puede llegar a un acuerdo justo.<\/p>\n<h2>\u00bfQu\u00e9 Da\u00f1os Est\u00e1n Disponibles para las V\u00edctimas de Accidentes?<\/h2>\n<p>Cuando se trata de la ley de lesiones personales en New York, las v\u00edctimas de accidentes tienen derecho a varios tipos de da\u00f1os, o pagos destinados a cubrir sus p\u00e9rdidas relacionadas con el accidente.<\/p>\n<p>Los\u00a0<a href=\"https:\/\/www.justia.com\/injury\/negligence-theory\/economic-damages\/\" target=\"_blank\" rel=\"nofollow noopener noreferrer\">da\u00f1os econ\u00f3micos<\/a>\u00a0est\u00e1n destinados a reembolsar a la v\u00edctima por p\u00e9rdidas financieras tangibles, como facturas m\u00e9dicas acumuladas, salarios perdidos debido al trabajo perdido y posibles ganancias futuras perdidas.<\/p>\n<p>Por otro lado, los\u00a0<a href=\"https:\/\/www.justia.com\/injury\/negligence-theory\/non-economic-damages\/\" target=\"_blank\" rel=\"nofollow noopener noreferrer\">da\u00f1os no econ\u00f3micos<\/a> son m\u00e1s subjetivos y est\u00e1n destinados a cubrir p\u00e9rdidas intangibles. Estos pueden incluir dolor y sufrimiento f\u00edsico y emocional, trauma psicol\u00f3gico, p\u00e9rdida del disfrute de la vida, desfiguraci\u00f3n y p\u00e9rdida de compa\u00f1erismo. Cuantificar con precisi\u00f3n estos da\u00f1os requiere la comprensi\u00f3n y experiencia de un abogado de lesiones personales calificado como los de Oresky &amp; Associates, PLLC.<\/p>\n<h2>\u00bfQu\u00e9 Preguntas Debo Hacer a un Abogado de Lesiones Personales?<\/h2>\n<p>Seleccionar al abogado de lesiones personales adecuado en la ciudad de New York es un paso cr\u00edtico. Observa su historial. \u00bfHan tenido \u00e9xito en el pasado? \u00bfCu\u00e1nto han recuperado para clientes anteriores? \u00bfC\u00f3mo son sus rese\u00f1as? Las preguntas que hagas deben darte una idea de su experiencia en el manejo de casos similares y los resultados que han logrado.<\/p>\n<p>Comprender el enfoque de un abogado en particular hacia los casos de lesiones personales, especialmente en el contexto de la ley de New York, puede dar una idea de c\u00f3mo podr\u00edan manejar tu caso. Preguntas sobre su estructura de honorarios, particularmente si operan en una base de contingencia, y sus pr\u00e1cticas de comunicaci\u00f3n tambi\u00e9n son esenciales.<\/p>\n<h2>\u00bfQu\u00e9 Hace un Abogado de Lesiones Personales?<\/h2>\n<p>Los abogados de lesiones personales juegan un papel \u00fanico en el mundo legal. No solo son representantes legales sino tambi\u00e9n asesores y defensores de sus clientes. Estos profesionales legales ayudan a interpretar y aprovechar los puntos m\u00e1s finos de la ley de lesiones personales, tratando con todo, desde reclamaciones de seguros hasta demandas civiles.<\/p>\n<p>Su objetivo es asegurar que las v\u00edctimas de negligencia reciban una compensaci\u00f3n justa por sus lesiones y p\u00e9rdidas asociadas. Esto implica recolectar evidencia, consultar con expertos m\u00e9dicos, negociar con compa\u00f1\u00edas de seguros y llevar casos a juicio cuando sea necesario.<\/p>\n<h2>\u00bfNecesito un Abogado de Lesiones Personales en NYC?<\/h2>\n<p>La respuesta es indudablemente s\u00ed. Las lesiones graves a menudo resultan en costos m\u00e9dicos sustanciales, tiempo extendido fuera del trabajo y un considerable dolor y sufrimiento. Un abogado de lesiones personales calificado puede tratar con las compa\u00f1\u00edas de seguros en tu nombre y luchar por la compensaci\u00f3n que mereces.<\/p>\n<p>Tener un abogado h\u00e1bil de tu lado puede marcar la diferencia en t\u00e9rminos de asegurar un acuerdo o veredicto justo para tu caso de lesiones personales.<\/p>\n<h2>Resumen de la Ley de Lesiones Personales de New York<\/h2>\n<p>New York tiene muchas leyes de lesiones personales que podr\u00edan afectar tu caso. Aqu\u00ed hay algunas de las m\u00e1s notables.<\/p>\n<h3>Seguro Sin Culpa<\/h3>\n<p>New York es un estado de \u00absin culpa\u00bb en casos de accidentes de veh\u00edculos motorizados. Los conductores est\u00e1n obligados a llevar\u00a0<a href=\"https:\/\/www.dfs.ny.gov\/consumers\/auto_insurance\/minimum_auto_insurance_requirements\" target=\"_blank\" rel=\"nofollow noopener noreferrer\">Protecci\u00f3n contra Lesiones Personales (PIP)<\/a>, y en la mayor\u00eda de los casos, primero recurrir\u00e1n a su propio seguro PIP para cubrir las facturas m\u00e9dicas y los salarios perdidos.<\/p>\n<h3>Provisiones del Umbral de Lesiones Graves<\/h3>\n<p>PIP es una cobertura sin culpa, lo que significa que puedes recuperar compensaci\u00f3n incluso si fuiste responsable del accidente. Pero si sufriste una\u00a0<a href=\"https:\/\/www.nysenate.gov\/legislation\/laws\/ISC\/5102\" target=\"_blank\" rel=\"nofollow noopener noreferrer\">lesi\u00f3n grave<\/a>, tambi\u00e9n puedes demandar a la parte responsable por da\u00f1os.<\/p>\n<p>Muchas otras leyes podr\u00edan aplicarse a tu caso, dependiendo de las circunstancias. Tu abogado de Oresky &amp; Associates, PLLC sabr\u00e1 c\u00f3mo manejar todos los aspectos \u00fanicos de tu caso.<\/p>\n","protected":false},"excerpt":{"rendered":"<p>Abogados de Lesiones Personales de Confianza en New York Tu vida puede cambiar en un segundo cuando te lesionas en un accidente. Es posible que necesites un tratamiento m\u00e9dico extenso y tengas preocupaciones sobre c\u00f3mo pagarlo. Puedes experimentar dolor que te impide hacer muchas de las cosas que amas. Tus lesiones pueden incluso dificultar o [&hellip;]<\/p>\n","protected":false},"author":9,"featured_media":0,"parent":0,"menu_order":145,"comment_status":"closed","ping_status":"closed","template":"","meta":{"_acf_changed":false,"footnotes":""},"class_list":["post-18614","page","type-page","status-publish","hentry"],"acf":[],"yoast_head":"<!-- This site is optimized with the Yoast SEO plugin v27.3 - https:\/\/yoast.com\/product\/yoast-seo-wordpress\/ -->\n<title>Abogado de Lesiones Personales, New York - Oresky &amp; Associates, PLLC<\/title>\n<meta name=\"description\" content=\"Nuestros abogados de lesiones personales en New York se especializan en obtener compensaci\u00f3n para v\u00edctimas de accidentes. Cont\u00e1ctenos hoy para una consulta.\" \/>\n<meta name=\"robots\" content=\"index, follow, max-snippet:-1, max-image-preview:large, max-video-preview:-1\" \/>\n<link rel=\"canonical\" href=\"https:\/\/oreskylaw.com\/es\/nyc\/\" \/>\n<meta property=\"og:locale\" content=\"es_ES\" \/>\n<meta property=\"og:type\" content=\"article\" \/>\n<meta property=\"og:title\" content=\"Abogado de Lesiones Personales, New York - Oresky &amp; Associates, PLLC\" \/>\n<meta property=\"og:description\" content=\"Nuestros abogados de lesiones personales en New York se especializan en obtener compensaci\u00f3n para v\u00edctimas de accidentes. Cont\u00e1ctenos hoy para una consulta.\" \/>\n<meta property=\"og:url\" content=\"https:\/\/oreskylaw.com\/es\/nyc\/\" \/>\n<meta property=\"og:site_name\" content=\"Oresky &amp; Associates, PLLC\" \/>\n<meta property=\"article:publisher\" content=\"https:\/\/www.facebook.com\/Oreskylaw\/\" \/>\n<meta property=\"article:modified_time\" content=\"2026-01-30T15:29:14+00:00\" \/>\n<meta property=\"og:image\" content=\"https:\/\/oreskylaw.com\/wp-content\/uploads\/2026\/01\/oresky-team-careers.png\" \/>\n\t<meta property=\"og:image:width\" content=\"995\" \/>\n\t<meta property=\"og:image:height\" content=\"617\" \/>\n\t<meta property=\"og:image:type\" content=\"image\/png\" \/>\n<meta name=\"twitter:card\" content=\"summary_large_image\" \/>\n<meta name=\"twitter:site\" content=\"@JacobOreskyLaw\" \/>\n<meta name=\"twitter:label1\" content=\"Tiempo de lectura\" \/>\n\t<meta name=\"twitter:data1\" content=\"8 minutos\" \/>\n<!-- \/ Yoast SEO plugin. -->","yoast_head_json":{"title":"Abogado de Lesiones Personales, New York - Oresky & Associates, PLLC","description":"Nuestros abogados de lesiones personales en New York se especializan en obtener compensaci\u00f3n para v\u00edctimas de accidentes. Cont\u00e1ctenos hoy para una consulta.","robots":{"index":"index","follow":"follow","max-snippet":"max-snippet:-1","max-image-preview":"max-image-preview:large","max-video-preview":"max-video-preview:-1"},"canonical":"https:\/\/oreskylaw.com\/es\/nyc\/","og_locale":"es_ES","og_type":"article","og_title":"Abogado de Lesiones Personales, New York - Oresky & Associates, PLLC","og_description":"Nuestros abogados de lesiones personales en New York se especializan en obtener compensaci\u00f3n para v\u00edctimas de accidentes. Cont\u00e1ctenos hoy para una consulta.","og_url":"https:\/\/oreskylaw.com\/es\/nyc\/","og_site_name":"Oresky &amp; Associates, PLLC","article_publisher":"https:\/\/www.facebook.com\/Oreskylaw\/","article_modified_time":"2026-01-30T15:29:14+00:00","og_image":[{"width":995,"height":617,"url":"https:\/\/oreskylaw.com\/wp-content\/uploads\/2026\/01\/oresky-team-careers.png","type":"image\/png"}],"twitter_card":"summary_large_image","twitter_site":"@JacobOreskyLaw","twitter_misc":{"Tiempo de lectura":"8 minutos"},"schema":{"@context":"https:\/\/schema.org","@graph":[{"@type":"WebPage","@id":"https:\/\/oreskylaw.com\/es\/nyc\/","url":"https:\/\/oreskylaw.com\/es\/nyc\/","name":"Abogado de Lesiones Personales, New York - Oresky & Associates, PLLC","isPartOf":{"@id":"https:\/\/oreskylaw.com\/es\/#website"},"datePublished":"2025-12-08T02:40:49+00:00","dateModified":"2026-01-30T15:29:14+00:00","description":"Nuestros abogados de lesiones personales en New York se especializan en obtener compensaci\u00f3n para v\u00edctimas de accidentes. Cont\u00e1ctenos hoy para una consulta.","breadcrumb":{"@id":"https:\/\/oreskylaw.com\/es\/nyc\/#breadcrumb"},"inLanguage":"es","potentialAction":[{"@type":"ReadAction","target":["https:\/\/oreskylaw.com\/es\/nyc\/"]}]},{"@type":"BreadcrumbList","@id":"https:\/\/oreskylaw.com\/es\/nyc\/#breadcrumb","itemListElement":[{"@type":"ListItem","position":1,"name":"Inicio","item":"https:\/\/oreskylaw.com\/es\/"},{"@type":"ListItem","position":2,"name":"New York"}]},{"@type":"WebSite","@id":"https:\/\/oreskylaw.com\/es\/#website","url":"https:\/\/oreskylaw.com\/es\/","name":"Oresky & Associates PLLC","description":"","publisher":{"@id":"https:\/\/oreskylaw.com\/es\/#organization"},"potentialAction":[{"@type":"SearchAction","target":{"@type":"EntryPoint","urlTemplate":"https:\/\/oreskylaw.com\/es\/?s={search_term_string}"},"query-input":{"@type":"PropertyValueSpecification","valueRequired":true,"valueName":"search_term_string"}}],"inLanguage":"es"}]}},"_links":{"self":[{"href":"https:\/\/oreskylaw.com\/es\/wp-json\/wp\/v2\/pages\/18614","targetHints":{"allow":["GET"]}}],"collection":[{"href":"https:\/\/oreskylaw.com\/es\/wp-json\/wp\/v2\/pages"}],"about":[{"href":"https:\/\/oreskylaw.com\/es\/wp-json\/wp\/v2\/types\/page"}],"author":[{"embeddable":true,"href":"https:\/\/oreskylaw.com\/es\/wp-json\/wp\/v2\/users\/9"}],"replies":[{"embeddable":true,"href":"https:\/\/oreskylaw.com\/es\/wp-json\/wp\/v2\/comments?post=18614"}],"version-history":[{"count":0,"href":"https:\/\/oreskylaw.com\/es\/wp-json\/wp\/v2\/pages\/18614\/revisions"}],"wp:attachment":[{"href":"https:\/\/oreskylaw.com\/es\/wp-json\/wp\/v2\/media?parent=18614"}],"curies":[{"name":"wp","href":"https:\/\/api.w.org\/{rel}","templated":true}]}}