{"id":18650,"date":"2025-12-09T07:28:42","date_gmt":"2025-12-09T07:28:42","guid":{"rendered":"https:\/\/oreskylaw.com\/?page_id=18650"},"modified":"2026-01-30T15:32:21","modified_gmt":"2026-01-30T15:32:21","slug":"abogado-de-accidentes-de-camiones-de-18-ruedas","status":"publish","type":"page","link":"https:\/\/oreskylaw.com\/es\/nyc\/abogado-de-accidentes-de-camiones-de-18-ruedas\/","title":{"rendered":"Abogado de Accidentes De 18 Ruedas"},"content":{"rendered":"<h2>La protecci\u00f3n de clientes lesionados en colisiones con semi-camiones<\/h2>\n<p>Cuando hay un choque entre un cami\u00f3n de 18 ruedas y su autom\u00f3vil promedio, el 18 ruedas normalmente gana.<\/p>\n<h3>Tenemos experiencia de 18 Wheeler Accidentes Abogados<\/h3>\n<p><img loading=\"lazy\" decoding=\"async\" class=\"size-full wp-image-11427 alignright\" src=\"https:\/\/oreskylaw.com\/wp-content\/uploads\/2026\/01\/How-Long-Do-I-Have-to-File-a-Lawsuit-After-an-Accident-in-New-York.webp\" alt=\"bronx construction site accident attorney\" width=\"300\" height=\"201\" \/>Los coches y los ocupantes por lo general no tiene una posibilidad en un choque con un cami\u00f3n de 18 ruedas. Si usted ha sufrido lesiones y desea la ayuda de un\u00a0<a href=\"https:\/\/oreskylaw.com\/es\/\">abogado de accidentes\u00a0en New York<\/a>, NY, el equipo de Oresky &amp; Associates, PLLC est\u00e1 en espera.<\/p>\n<p>18 ruedas, tambi\u00e9n conocidos como camiones grandes, a menudo son propiedad de grandes compa\u00f1\u00edas de camiones con departamentos legales s\u00f3lidos. Estos equipos legales y sus compa\u00f1\u00edas de seguros pueden comenzar a desarrollar una defensa contra su accidente tan pronto como sucede.<\/p>\n<h2>C\u00f3mo Oresky &amp; Associates, PLLC puede ayudar con un 18-Wheeler Accidente<\/h2>\n<p>Puede ser dif\u00edcil para las v\u00edctimas de accidentes de camiones para hacer frente a estas empresas de intimidaci\u00f3n y luchar por sus derechos sin un equipo legal de los suyos. El equipo de Oresky &amp; Associates, PLLC no tiene miedo de enfrentarse cara a cara contra las empresas de transporte por carretera. Si usted quiere trabajar con 18 abogados de accidentes de wheeler que te tratan como de la familia, llame Oresky &amp; Associates, PLLC al\u00a0<a href=\"tel:+19295600687\">(929) 560-0687<\/a>.<\/p>\n<p>Si usted ha sido lesionado en un accidente con un cami\u00f3n de 18 ruedas, es probable que sus lesiones son graves y que incluso podr\u00eda a\u00fan estar recuper\u00e1ndose. Puede ser dif\u00edcil de navegar una demanda por lesiones personales solo, pero especialmente cuando usted est\u00e1 sufriendo para recuperar su salud.<\/p>\n<p>El Oresky &amp; Associates, PLLC equipo pueden ayudar. Queremos llevar la carga legal de su accidente de sus hombros, para que pueda tener tranquilidad.<\/p>\n    <div class=\"cw-cta-box\">\n        <div class=\"cw-cta-box__inner \">\n            <div class=\"cw-cta-box__info\">\n                                    <div class=\"label\">\u00a1Llame ahora!<\/div>\n                            <\/div>\n                            <div class=\"contact-phone\">\n                    <a href=\"tel:7189939999\"\n                        aria-label=\"Tap to call button\">\n                        718-993-9999                    <\/a>\n                <\/div>\n                    <\/div>\n                    <a href=\"\/es\/contacto\/\"\n               class=\"cta-btn btn btn--primary btn\"\n               target=\"\">\n                Obtenga Una Consulta Gratuita            <\/a>\n            <\/div>\n    \n<h2>\u00bfA qui\u00e9n llamar si usted es golpeado por un cami\u00f3n de 18 ruedas?<\/h2>\n<p>Si se lesiona en un accidente de cami\u00f3n de 18 ruedas, primero debe llamar a la polic\u00eda y una ambulancia. Desea presentar un informe de la polic\u00eda tan pronto como sea posible, de manera que toda la informaci\u00f3n sobre el cami\u00f3n, el conductor del cami\u00f3n, y otra informaci\u00f3n sobre el veh\u00edculo involucrado y el incidente se documenta con precisi\u00f3n y oficialmente.<\/p>\n<p>Aseg\u00farese de tener a alguien tomar fotograf\u00edas de la escena del accidente. Si se lesiona y con un miembro de la familia o un amigo, pedirles que tomar fotograf\u00edas de los veh\u00edculos. Las im\u00e1genes que tienen m\u00e1s tarde, mejor. Ellos disuadir a cualquier cuesti\u00f3n de hechos que puedan surgir m\u00e1s adelante. Las fotograf\u00edas pueden ser utilizados posteriormente para documentar la progresi\u00f3n y la gravedad de sus lesiones, especialmente aquellos que no son inmediatamente visibles.<\/p>\n<p>La obtenci\u00f3n de informaci\u00f3n de los testigos, incluyendo su informaci\u00f3n de contacto, es muy importante. testimonios de los testigos y el testimonio podr\u00eda resultar \u00fatil si la otra parte se opone a cualquier hecho. Si usted se lesion\u00f3 gravemente tambi\u00e9n para asegurar lo anterior, gran parte de esta informaci\u00f3n debe estar en el informe de la polic\u00eda.<\/p>\n<h2>Explicaci\u00f3n de sus derechos tras 18 ruedas de accidentes<\/h2>\n<p>Usted tiene el derecho a la justicia. demandas por lesiones personales son las demandas por negligencia. Cuando la negligencia de otra te ha hecho da\u00f1o, usted tiene derecho a la justicia por la ley. La parte negligente es legalmente responsable de las consecuencias de sus acciones negligentes.<\/p>\n<p>Cuando se lesiona, un ajustador de seguros podr\u00eda llegar pronto a ti, despu\u00e9s del accidente. Recuerde que un ajustador de seguros no es un mediador o una parte neutral. Ellos trabajan para la empresa que es responsable. Su objetivo es salvar a esa empresa, y de ellos mismos, dinero.<\/p>\n<p>Tambi\u00e9n podr\u00edan tratar de convencerlo de que su cliente no tiene ninguna responsabilidad, no fue negligente, y que usted no tiene ninguna reclamaci\u00f3n v\u00e1lida cuando realmente hacer. Es muy recomendable que hable con un abogado de lesiones cami\u00f3n antes de hablar con un ajustador de seguros.<\/p>\n","protected":false},"excerpt":{"rendered":"<p>La protecci\u00f3n de clientes lesionados en colisiones con semi-camiones Cuando hay un choque entre un cami\u00f3n de 18 ruedas y su autom\u00f3vil promedio, el 18 ruedas normalmente gana. Tenemos experiencia de 18 Wheeler Accidentes Abogados Los coches y los ocupantes por lo general no tiene una posibilidad en un choque con un cami\u00f3n de 18 [&hellip;]<\/p>\n","protected":false},"author":9,"featured_media":0,"parent":18614,"menu_order":17,"comment_status":"closed","ping_status":"closed","template":"","meta":{"_acf_changed":false,"footnotes":""},"class_list":["post-18650","page","type-page","status-publish","hentry"],"acf":[],"yoast_head":"<!-- This site is optimized with the Yoast SEO plugin v27.3 - https:\/\/yoast.com\/product\/yoast-seo-wordpress\/ -->\n<title>Abogado de Accidentes De 18 Ruedas, New York - Oresky &amp; Associates, PLLC<\/title>\n<meta name=\"description\" content=\"\u00bfHerido en un accidente de cami\u00f3n de 18 ruedas? Nuestros abogados expertos en NYC luchar\u00e1n por la compensaci\u00f3n que merece. Contacte nuestro bufete.\" \/>\n<meta name=\"robots\" content=\"index, follow, max-snippet:-1, max-image-preview:large, max-video-preview:-1\" \/>\n<link rel=\"canonical\" href=\"https:\/\/oreskylaw.com\/es\/nyc\/abogado-de-accidentes-de-camiones-de-18-ruedas\/\" \/>\n<meta property=\"og:locale\" content=\"es_ES\" \/>\n<meta property=\"og:type\" content=\"article\" \/>\n<meta property=\"og:title\" content=\"Abogado de Accidentes De 18 Ruedas, New York - Oresky &amp; Associates, PLLC\" \/>\n<meta property=\"og:description\" content=\"\u00bfHerido en un accidente de cami\u00f3n de 18 ruedas? Nuestros abogados expertos en NYC luchar\u00e1n por la compensaci\u00f3n que merece. Contacte nuestro bufete.\" \/>\n<meta property=\"og:url\" content=\"https:\/\/oreskylaw.com\/es\/nyc\/abogado-de-accidentes-de-camiones-de-18-ruedas\/\" \/>\n<meta property=\"og:site_name\" content=\"Oresky &amp; Associates, PLLC\" \/>\n<meta property=\"article:publisher\" content=\"https:\/\/www.facebook.com\/Oreskylaw\/\" \/>\n<meta property=\"article:modified_time\" content=\"2026-01-30T15:32:21+00:00\" \/>\n<meta property=\"og:image\" content=\"https:\/\/oreskylaw.com\/wp-content\/uploads\/2026\/01\/How-Long-Do-I-Have-to-File-a-Lawsuit-After-an-Accident-in-New-York.webp\" \/>\n\t<meta property=\"og:image:width\" content=\"300\" \/>\n\t<meta property=\"og:image:height\" content=\"201\" \/>\n\t<meta property=\"og:image:type\" content=\"image\/webp\" \/>\n<meta name=\"twitter:card\" content=\"summary_large_image\" \/>\n<meta name=\"twitter:site\" content=\"@JacobOreskyLaw\" \/>\n<meta name=\"twitter:label1\" content=\"Tiempo de lectura\" \/>\n\t<meta name=\"twitter:data1\" content=\"4 minutos\" \/>\n<!-- \/ Yoast SEO plugin. -->","yoast_head_json":{"title":"Abogado de Accidentes De 18 Ruedas, New York - Oresky & Associates, PLLC","description":"\u00bfHerido en un accidente de cami\u00f3n de 18 ruedas? Nuestros abogados expertos en NYC luchar\u00e1n por la compensaci\u00f3n que merece. Contacte nuestro bufete.","robots":{"index":"index","follow":"follow","max-snippet":"max-snippet:-1","max-image-preview":"max-image-preview:large","max-video-preview":"max-video-preview:-1"},"canonical":"https:\/\/oreskylaw.com\/es\/nyc\/abogado-de-accidentes-de-camiones-de-18-ruedas\/","og_locale":"es_ES","og_type":"article","og_title":"Abogado de Accidentes De 18 Ruedas, New York - Oresky & Associates, PLLC","og_description":"\u00bfHerido en un accidente de cami\u00f3n de 18 ruedas? Nuestros abogados expertos en NYC luchar\u00e1n por la compensaci\u00f3n que merece. Contacte nuestro bufete.","og_url":"https:\/\/oreskylaw.com\/es\/nyc\/abogado-de-accidentes-de-camiones-de-18-ruedas\/","og_site_name":"Oresky &amp; Associates, PLLC","article_publisher":"https:\/\/www.facebook.com\/Oreskylaw\/","article_modified_time":"2026-01-30T15:32:21+00:00","og_image":[{"width":300,"height":201,"url":"https:\/\/oreskylaw.com\/wp-content\/uploads\/2026\/01\/How-Long-Do-I-Have-to-File-a-Lawsuit-After-an-Accident-in-New-York.webp","type":"image\/webp"}],"twitter_card":"summary_large_image","twitter_site":"@JacobOreskyLaw","twitter_misc":{"Tiempo de lectura":"4 minutos"},"schema":{"@context":"https:\/\/schema.org","@graph":[{"@type":"WebPage","@id":"https:\/\/oreskylaw.com\/es\/nyc\/abogado-de-accidentes-de-camiones-de-18-ruedas\/","url":"https:\/\/oreskylaw.com\/es\/nyc\/abogado-de-accidentes-de-camiones-de-18-ruedas\/","name":"Abogado de Accidentes De 18 Ruedas, New York - Oresky & Associates, PLLC","isPartOf":{"@id":"https:\/\/oreskylaw.com\/es\/#website"},"primaryImageOfPage":{"@id":"https:\/\/oreskylaw.com\/es\/nyc\/abogado-de-accidentes-de-camiones-de-18-ruedas\/#primaryimage"},"image":{"@id":"https:\/\/oreskylaw.com\/es\/nyc\/abogado-de-accidentes-de-camiones-de-18-ruedas\/#primaryimage"},"thumbnailUrl":"https:\/\/oreskylaw.com\/wp-content\/uploads\/2026\/01\/How-Long-Do-I-Have-to-File-a-Lawsuit-After-an-Accident-in-New-York.webp","datePublished":"2025-12-09T07:28:42+00:00","dateModified":"2026-01-30T15:32:21+00:00","description":"\u00bfHerido en un accidente de cami\u00f3n de 18 ruedas? Nuestros abogados expertos en NYC luchar\u00e1n por la compensaci\u00f3n que merece. Contacte nuestro bufete.","breadcrumb":{"@id":"https:\/\/oreskylaw.com\/es\/nyc\/abogado-de-accidentes-de-camiones-de-18-ruedas\/#breadcrumb"},"inLanguage":"es","potentialAction":[{"@type":"ReadAction","target":["https:\/\/oreskylaw.com\/es\/nyc\/abogado-de-accidentes-de-camiones-de-18-ruedas\/"]}]},{"@type":"ImageObject","inLanguage":"es","@id":"https:\/\/oreskylaw.com\/es\/nyc\/abogado-de-accidentes-de-camiones-de-18-ruedas\/#primaryimage","url":"https:\/\/oreskylaw.com\/wp-content\/uploads\/2026\/01\/How-Long-Do-I-Have-to-File-a-Lawsuit-After-an-Accident-in-New-York.webp","contentUrl":"https:\/\/oreskylaw.com\/wp-content\/uploads\/2026\/01\/How-Long-Do-I-Have-to-File-a-Lawsuit-After-an-Accident-in-New-York.webp"},{"@type":"BreadcrumbList","@id":"https:\/\/oreskylaw.com\/es\/nyc\/abogado-de-accidentes-de-camiones-de-18-ruedas\/#breadcrumb","itemListElement":[{"@type":"ListItem","position":1,"name":"Inicio","item":"https:\/\/oreskylaw.com\/es\/"},{"@type":"ListItem","position":2,"name":"New York","item":"https:\/\/oreskylaw.com\/es\/nyc\/"},{"@type":"ListItem","position":3,"name":"Abogado de Accidentes De 18 Ruedas"}]},{"@type":"WebSite","@id":"https:\/\/oreskylaw.com\/es\/#website","url":"https:\/\/oreskylaw.com\/es\/","name":"Oresky & Associates PLLC","description":"","publisher":{"@id":"https:\/\/oreskylaw.com\/es\/#organization"},"potentialAction":[{"@type":"SearchAction","target":{"@type":"EntryPoint","urlTemplate":"https:\/\/oreskylaw.com\/es\/?s={search_term_string}"},"query-input":{"@type":"PropertyValueSpecification","valueRequired":true,"valueName":"search_term_string"}}],"inLanguage":"es"}]}},"_links":{"self":[{"href":"https:\/\/oreskylaw.com\/es\/wp-json\/wp\/v2\/pages\/18650","targetHints":{"allow":["GET"]}}],"collection":[{"href":"https:\/\/oreskylaw.com\/es\/wp-json\/wp\/v2\/pages"}],"about":[{"href":"https:\/\/oreskylaw.com\/es\/wp-json\/wp\/v2\/types\/page"}],"author":[{"embeddable":true,"href":"https:\/\/oreskylaw.com\/es\/wp-json\/wp\/v2\/users\/9"}],"replies":[{"embeddable":true,"href":"https:\/\/oreskylaw.com\/es\/wp-json\/wp\/v2\/comments?post=18650"}],"version-history":[{"count":0,"href":"https:\/\/oreskylaw.com\/es\/wp-json\/wp\/v2\/pages\/18650\/revisions"}],"up":[{"embeddable":true,"href":"https:\/\/oreskylaw.com\/es\/wp-json\/wp\/v2\/pages\/18614"}],"wp:attachment":[{"href":"https:\/\/oreskylaw.com\/es\/wp-json\/wp\/v2\/media?parent=18650"}],"curies":[{"name":"wp","href":"https:\/\/api.w.org\/{rel}","templated":true}]}}