{"id":18664,"date":"2026-01-19T06:52:21","date_gmt":"2026-01-19T06:52:21","guid":{"rendered":"https:\/\/oreskylaw.com\/?page_id=18664"},"modified":"2026-01-30T15:36:18","modified_gmt":"2026-01-30T15:36:18","slug":"abogados-de-accidentes-de-bicicleta","status":"publish","type":"page","link":"https:\/\/oreskylaw.com\/es\/nyc\/abogados-de-accidentes-de-bicicleta\/","title":{"rendered":"Abogado de Accidentes de Bicicleta"},"content":{"rendered":"<h2>Deje que ayudar a nuestro Fiscal de recuperar los da\u00f1os despu\u00e9s de un accidente de bicicleta<\/h2>\n<p>Los accidentes de bicicleta puede resultar en lesiones graves que podr\u00edan impedir que trabajar, ir a la escuela, o realizar sus actividades diarias normales.<\/p>\n<h3>Trabajar con un experimentado abogado de accidentes de bicicletas<\/h3>\n<p>Los accidentes de bicicleta pueden resultar en lesiones graves que podr\u00edan impedirle trabajar, ir a la escuela o realizar sus actividades diarias normales. Un abogado de accidentes de bicicleta con Oresky &amp; Associates, PLLC puede ayudarlo a recuperar da\u00f1os para compensar sus p\u00e9rdidas econ\u00f3micas y emocionales. Llevamos m\u00e1s de 30 a\u00f1os ayudando a neoyorquinos lesionados y tambi\u00e9n podemos ayudarlo a usted. Un miembro de nuestro equipo puede atender su llamada para una revisi\u00f3n gratuita de su caso. Llame a Oresky &amp; Associates, PLLC hoy al\u00a0<a href=\"tel:+19295600687\">(929) 560-0687<\/a>.<\/p>\n<h2>C\u00f3mo podemos ayudarle Despu\u00e9s de un accidente de bicicleta<\/h2>\n<p>Nuestros abogados de accidentes de bicicleta en el Bronx revisar\u00e1n su caso y le dar\u00e1n una consulta de tarifas y lo ayudar\u00e1n a navegar el complejo proceso de reclamos para obtener una compensaci\u00f3n despu\u00e9s de un accidente de bicicleta en el Bronx. Nuestro equipo puede asesorarlo sobre la compensaci\u00f3n a la que tiene derecho y qui\u00e9n es responsable de las facturas m\u00e9dicas asociadas con su accidente. Tenemos experiencia en litigar casos de accidentes de bicicleta y podemos prepararlo para que est\u00e9 listo para todos los procedimientos.<\/p>\n<p>Ll\u00e1menos hoy al\u00a0<a href=\"tel:+19295600687\">(929) 560-0687<\/a>\u00a0para comenzar y descubrir c\u00f3mo podemos ayudarlo.<\/p>\n<h2>Un R\u00e9cord de \u00e9xito basado en el trabajo duro y la dedicaci\u00f3n<\/h2>\n<p>Cuando se trata de litigios, no hay tiempo que perder. Una vez llame a nuestra oficina, podemos comenzar a construir su caso en la b\u00fasqueda de su compensaci\u00f3n. En tres cortos pasos, su camino legal puede empezar hoy.<\/p>\n<ul>\n<li><strong>Evaluaci\u00f3n gratuita de casos:<\/strong>\u00a0Llame a nuestra oficina, env\u00edenos un correo electr\u00f3nico, o converse con nosotros en l\u00ednea para recibir una evaluaci\u00f3n gratuita de su caso.<\/li>\n<li><strong>Inscr\u00edbase:<\/strong>\u00a0Luego de la revisi\u00f3n gratuita a su caso, podemos crear su perfil de cliente y recopilar la informaci\u00f3n que usted disponga.<\/li>\n<li><strong>Inicie su recuperaci\u00f3n:<\/strong>\u00a0Nos hacemos cargo de su caso, actualiz\u00e1ndole en la medida que avanza. Usted puede concentrarse en su salud a la par que nos enfocamos en su caso.<\/li>\n<\/ul>\n<h2>Oresky &amp; Associates, PLLC Obtiene Resultados para Neoyorquinos Lesionados<\/h2>\n<p>Hay una raz\u00f3n por la cual muchos de nuestros clientes regresan una y otra vez; nuestro bufete de abogados est\u00e1 realmente interesado en asegurarse de que los clientes lesionados reciban la atenci\u00f3n personalizada que merecen. Tambi\u00e9n hacemos todo lo posible para obtener la m\u00e1xima compensaci\u00f3n para nuestros clientes. Resultados que marcar\u00e1n la diferencia.<\/p>\n<p>Oresky &amp; Associates, PLLC ha recuperado m\u00e1s de $400 millones en da\u00f1os a trav\u00e9s de acuerdos y veredictos en los \u00faltimos 30 a\u00f1os. Si bien los resultados anteriores no garantizan el resultado de su caso, brindan una imagen s\u00f3lida de cu\u00e1n dedicados estamos a recuperar la compensaci\u00f3n.<\/p>\n<p>Algunos de los resultados que obtuvimos para los clientes incluyen:<\/p>\n<ul>\n<li>$5 millones por la muerte injusta de un peat\u00f3n golpeado por un autob\u00fas escolar.<\/li>\n<li>$3.45 millones por un peat\u00f3n golpeado por una furgoneta.<\/li>\n<li>$999.000 en da\u00f1os para un\u00a0<a href=\"https:\/\/oreskylaw.com\/es\/nyc\/abogados-de-accidentes-de-peatones\/\">peat\u00f3n lesionado por un automovilista<\/a>.<\/li>\n<li>$750.000 otorgados a un peat\u00f3n lesionado en un accidente de auto.<\/li>\n<\/ul>\n    <div class=\"cw-cta-box\">\n        <div class=\"cw-cta-box__inner \">\n            <div class=\"cw-cta-box__info\">\n                                    <div class=\"label\">\u00a1Llame ahora!<\/div>\n                            <\/div>\n                            <div class=\"contact-phone\">\n                    <a href=\"tel:7189939999\"\n                        aria-label=\"Tap to call button\">\n                        718-993-9999                    <\/a>\n                <\/div>\n                    <\/div>\n                    <a href=\"\/es\/contacto\/\"\n               class=\"cta-btn btn btn--primary btn\"\n               target=\"\">\n                Obtenga Una Consulta Gratuita            <\/a>\n            <\/div>\n    \n<h2>How a Bicycle Accident Lawyer in NYC Can Help<\/h2>\n<p><img loading=\"lazy\" decoding=\"async\" class=\"size-full wp-image-11679 alignleft\" src=\"https:\/\/oreskylaw.com\/wp-content\/uploads\/2026\/01\/What-Type-of-Injuries-Do-Accidents-Cause.webp\" alt=\"construction accident attorney bronx ny\" width=\"300\" height=\"169\" \/>Un abogado de accidentes de bicicleta en la ciudad de New York puede proteger sus derechos y demandar da\u00f1os y perjuicios a la parte responsable. Llame a Oresky &amp; Associates, PLLC para una consulta gratuita al\u00a0<a href=\"tel:+19295600687\">(929) 560-0687<\/a>.<\/p>\n<p>Los accidentes de bicicleta en la ciudad de New York generalmente involucran una colisi\u00f3n con un autom\u00f3vil o cami\u00f3n. Sin embargo, los ciclistas tambi\u00e9n se lesionan en un solo accidente de bicicleta causado por la negligencia de alguien, ya sea la puerta de un autom\u00f3vil que se abre en su camino o un peligro en la carretera que deber\u00eda haberse reparado.<\/p>\n<p>Un abogado de accidentes de bicicleta de Oresky &amp; Associates, PLLC puede evaluar su caso para ayudar a determinar la causa y la parte responsable de sus lesiones catastr\u00f3ficas.<\/p>\n<p>Nuestro bufete de abogados de accidentes de bicicleta est\u00e1 aqu\u00ed para ayudar con una amplia variedad de servicios centrados en el cliente, que incluyen:<\/p>\n<ul>\n<li>Ayudarlo a presentar una demanda sin culpa para que la compa\u00f1\u00eda de seguros responsable pague su atenci\u00f3n m\u00e9dica.<\/li>\n<li>Asegurar testimonios, pruebas y documentaci\u00f3n esenciales que ayuden a demostrar qui\u00e9n es responsable de su accidente.<\/li>\n<li>Compilar sus recibos, p\u00e9rdidas y facturas para probar los da\u00f1os financieros.<\/li>\n<li>Obtenci\u00f3n de pruebas e informes m\u00e9dicos para establecer sus lesiones por accidente de bicicleta.<\/li>\n<\/ul>\n<p>Podemos negociar un acuerdo entre la compa\u00f1\u00eda de seguros y nuestro cliente. Sin embargo, un abogado de nuestra firma tambi\u00e9n puede preparar un caso para la corte si la otra parte no est\u00e1 de acuerdo con un acuerdo justo. Los abogados litigantes de nuestra firma trabajan arduamente para obtener el mejor veredicto o acuerdo posible para nuestros clientes.<\/p>\n<h2>Accidente de bicicleta Estad\u00edsticas<\/h2>\n<p>M\u00e1s de 4.300 ciclistas en la ciudad de New York resultaron heridas en accidentes de un veh\u00edculo de motor en el a\u00f1o 2018, de acuerdo con el\u00a0<a href=\"https:\/\/www1.nyc.gov\/html\/dot\/downloads\/pdf\/bicycle-crash-data%20-report-2018.pdf\" target=\"_blank\" rel=\"nofollow noopener noreferrer\">Departamento de Transporte de la Ciudad de New York<\/a>. M\u00e1s de 300 ciclistas resultaron heridas en accidentes de bicicleta individuales.<\/p>\n<h2>Protegemos sus derechos tras un accidente de bicicleta<\/h2>\n<p>Muchos de estos accidentes eran evitables. Si usted se lesion\u00f3 en un accidente de bicicleta una New York abogado de accidentes de bicicleta con Oresky &amp; Associates, PLLC puede ayudar mediante el examen de la evidencia a:<\/p>\n<ul>\n<li>Establecer falla.<\/li>\n<li>Descubre las pruebas que le ayudar\u00e1 a probar su caso.<\/li>\n<li>Demostrar que este incumplimiento del deber caus\u00f3 que sufran lesiones.<\/li>\n<li>Probar que estas lesiones causaron da\u00f1os en la forma de tratamiento m\u00e9dico, pago perdido, el dolor y el sufrimiento, y otras p\u00e9rdidas.<\/li>\n<\/ul>\n<p>Si usted ha sufrido a causa de un conductor negligente, usted puede tener derecho a una indemnizaci\u00f3n por sus lesiones corporales y da\u00f1os a la propiedad. Nuestra firma est\u00e1 aqu\u00ed para ayudarle durante estos tiempos dif\u00edciles.<\/p>\n<h2>Oresky &amp; Associates, PLLC le ayuda a recuperar da\u00f1os monetarios<\/h2>\n<p>Un abogado de accidente de bicicleta con nuestra empresa no puede borrar el dolor y el trauma de su accidente, pero puede ser capaz de ayudar a recuperar los da\u00f1os monetarios por las p\u00e9rdidas econ\u00f3micas y f\u00edsicas y emocionales.<\/p>\n<p>Uno de los elementos m\u00e1s importantes de un caso de accidente de bicicleta es la valoraci\u00f3n de sus da\u00f1os.<\/p>\n<p>Cada caso es diferente. En general, dependiendo de la cobertura de seguro disponible, mayor o m\u00e1s amplias sus lesiones, los mayores da\u00f1os de dinero que podr\u00edan ser adjudicados. Estos da\u00f1os pueden incluir:<\/p>\n<div class=\"row\">\n<ul class=\"col-xl-6\">\n<li>el dolor del pasado y el sufrimiento causado por las lesiones<\/li>\n<li>futuro dolor y el sufrimiento causado por las lesiones<\/li>\n<li>Perdido salario<\/li>\n<\/ul>\n<ul class=\"col-xl-6\">\n<li>Perdidas beneficios de la uni\u00f3n (si procede)<\/li>\n<li>El tratamiento m\u00e9dico<\/li>\n<li>P\u00e9rdida de servicios<\/li>\n<li>Otros gastos relacionados con el accidente<\/li>\n<\/ul>\n<\/div>\n<p>Nuestros abogados de accidentes pueden presentar una reclamaci\u00f3n de seguro en su nombre, y si resulta infructuosa, que pueden prepararse para ir a la corte. A lo largo de este proceso, que puede confiar en Oresky &amp; Associates, PLLC a pie por ti.<\/p>\n<h2>Da\u00f1os Disponible en un caso de accidente con \u00e9xito Bronx bicicletas<\/h2>\n<p>Oresky &amp; Associates, PLLC tiene un historial probado de recuperaci\u00f3n de los da\u00f1os sustanciales para sus clientes en casos de accidentes de lesiones personales. Si usted ha sido lesionado en un caso de accidente de bicicleta que puede tener derecho a recuperar los da\u00f1os por dolor y sufrimiento, p\u00e9rdida econ\u00f3mica, incluyendo los gastos m\u00e9dicos, salarios perdidos, as\u00ed como otros da\u00f1os en curso. En ciertos casos en los que los clientes requieren cuidado m\u00e9dico de por vida y el tratamiento, nos reservamos expertos para delinear los costos de los gastos futuros, como los m\u00e9dicos, los hospitales, terapeutas, medicamentos recetados y otros gastos necesarios. Trabajamos con m\u00e9dicos, enfermeras y otros especialistas para preparar lo que se llama un plan de cuidado de la vida. El plan de cuidado de la vida le explicar\u00e1 lo que sea necesario para atender adecuadamente a la cliente a trav\u00e9s de su vida. a continuaci\u00f3n, vamos a contratar a un economista para averiguar el costo de la atenci\u00f3n y el tratamiento futuro. No sabremos el valor potencial de su caso hasta que llevamos a cabo una investigaci\u00f3n completa, pero podemos ayudar a entender los tipos de da\u00f1os que pueden estar a su disposici\u00f3n.<\/p>\n<p>Podemos buscar en su nombre, como por ejemplo:<\/p>\n<h3>Da\u00f1os econ\u00f3micos<\/h3>\n<p>Esto puede variar de gastos m\u00e9dicos a la p\u00e9rdida de salarios y beneficios de la uni\u00f3n. A menudo incluye:<\/p>\n<div class=\"row\">\n<ul class=\"col-xl-6\">\n<li>La atenci\u00f3n m\u00e9dica<\/li>\n<li>El transporte en ambulancia<\/li>\n<li>costos de hospitalizaci\u00f3n y tratamiento<\/li>\n<li>Rehabilitaci\u00f3n y terapia<\/li>\n<\/ul>\n<ul class=\"col-xl-6\">\n<li>Los salarios perdidos<\/li>\n<li>Disminuci\u00f3n de la capacidad de ganancia<\/li>\n<li>La reparaci\u00f3n o reemplazo de su bicicleta<\/li>\n<li>Otros gastos relacionados a cabo de bolsillo<\/li>\n<\/ul>\n<\/div>\n<h3>Da\u00f1os no econ\u00f3micos<\/h3>\n<p>no da\u00f1os a veces se llaman da\u00f1os por dolor y sufrimiento. Esto incluye:<\/p>\n<ul>\n<li>El dolor y el sufrimiento<\/li>\n<li>La angustia mental<\/li>\n<li>Otros da\u00f1os emocionales<\/li>\n<\/ul>\n<h3>Los da\u00f1os Muerte Injusta<\/h3>\n<p>Si su ser querido muri\u00f3 en un accidente de bicicleta Bronx causado por un automovilista negligente, usted puede ser elegible para ocupar el conductor responsable y recuperar la compensaci\u00f3n a trav\u00e9s de una demanda por muerte injusta. Podemos ayudarle a entender sus opciones y derechos y presentar acciones legales en su nombre. Ll\u00e1manos hoy para aprender m\u00e1s.<\/p>\n<h2>Estamos aqu\u00ed para ayudar a nuestros clientes y nuestra comunidad<\/h2>\n<p>Usted no pidi\u00f3 ser tomado en este camino de la lesi\u00f3n, el dolor y la p\u00e9rdida financiera. Un abogado de accidentes de bicicleta con Oresky &amp; Associates, PLLC tiene los recursos para hacer frente a los casos m\u00e1s dif\u00edciles y los poderosos mayor\u00eda de los acusados.<\/p>\n<p>Te invitamos a leer algunos de los comentarios de nuestros clientes en nuestra p\u00e1gina web, incluyendo este testimonio de Nelson: \u201cJacob me acompa\u00f1\u00f3 a trav\u00e9s de todo el proceso y hace que todo sea f\u00e1cil. A lo largo del caso su equipo me mantuvo informado. Jacob siempre me hizo sentir que mi caso era el m\u00e1s importante. El asentamiento fue excelente \u2026 \u00e9l es un gran abogado y mi amigo\u00bb.<\/p>\n<p>testimonios de nuestros clientes y sus referencias son los m\u00e1s altos elogios que podemos recibir. Si usted se lesion\u00f3 en un accidente de bicicleta, se lo debe a s\u00ed mismo ya sus seres queridos a llamar a un abogado de accidentes de bicicleta en la ciudad de New York.<\/p>\n","protected":false},"excerpt":{"rendered":"<p>Deje que ayudar a nuestro Fiscal de recuperar los da\u00f1os despu\u00e9s de un accidente de bicicleta Los accidentes de bicicleta puede resultar en lesiones graves que podr\u00edan impedir que trabajar, ir a la escuela, o realizar sus actividades diarias normales. Trabajar con un experimentado abogado de accidentes de bicicletas Los accidentes de bicicleta pueden resultar [&hellip;]<\/p>\n","protected":false},"author":9,"featured_media":0,"parent":18614,"menu_order":28,"comment_status":"closed","ping_status":"closed","template":"","meta":{"_acf_changed":false,"footnotes":""},"class_list":["post-18664","page","type-page","status-publish","hentry"],"acf":[],"yoast_head":"<!-- This site is optimized with the Yoast SEO plugin v27.3 - https:\/\/yoast.com\/product\/yoast-seo-wordpress\/ -->\n<title>Abogado de Accidentes de Bicicleta, New York - Oresky &amp; Associates, PLLC<\/title>\n<meta name=\"description\" content=\"No deje que un accidente de bici arruine tus finanzas. Nuestros abogados en NY te ayudar\u00e1n a explorar opciones legales y ganar compensaci\u00f3n. Ll\u00e1menos hoy.\" \/>\n<meta name=\"robots\" content=\"index, follow, max-snippet:-1, max-image-preview:large, max-video-preview:-1\" \/>\n<link rel=\"canonical\" href=\"https:\/\/oreskylaw.com\/es\/nyc\/abogados-de-accidentes-de-bicicleta\/\" \/>\n<meta property=\"og:locale\" content=\"es_ES\" \/>\n<meta property=\"og:type\" content=\"article\" \/>\n<meta property=\"og:title\" content=\"Abogado de Accidentes de Bicicleta, New York - Oresky &amp; Associates, PLLC\" \/>\n<meta property=\"og:description\" content=\"No deje que un accidente de bici arruine tus finanzas. Nuestros abogados en NY te ayudar\u00e1n a explorar opciones legales y ganar compensaci\u00f3n. Ll\u00e1menos hoy.\" \/>\n<meta property=\"og:url\" content=\"https:\/\/oreskylaw.com\/es\/nyc\/abogados-de-accidentes-de-bicicleta\/\" \/>\n<meta property=\"og:site_name\" content=\"Oresky &amp; Associates, PLLC\" \/>\n<meta property=\"article:publisher\" content=\"https:\/\/www.facebook.com\/Oreskylaw\/\" \/>\n<meta property=\"article:modified_time\" content=\"2026-01-30T15:36:18+00:00\" \/>\n<meta property=\"og:image\" content=\"https:\/\/oreskylaw.com\/wp-content\/uploads\/2026\/01\/What-Type-of-Injuries-Do-Accidents-Cause.webp\" \/>\n\t<meta property=\"og:image:width\" content=\"300\" \/>\n\t<meta property=\"og:image:height\" content=\"169\" \/>\n\t<meta property=\"og:image:type\" content=\"image\/webp\" \/>\n<meta name=\"twitter:card\" content=\"summary_large_image\" \/>\n<meta name=\"twitter:site\" content=\"@JacobOreskyLaw\" \/>\n<meta name=\"twitter:label1\" content=\"Tiempo de lectura\" \/>\n\t<meta name=\"twitter:data1\" content=\"8 minutos\" \/>\n<!-- \/ Yoast SEO plugin. -->","yoast_head_json":{"title":"Abogado de Accidentes de Bicicleta, New York - Oresky & Associates, PLLC","description":"No deje que un accidente de bici arruine tus finanzas. Nuestros abogados en NY te ayudar\u00e1n a explorar opciones legales y ganar compensaci\u00f3n. Ll\u00e1menos hoy.","robots":{"index":"index","follow":"follow","max-snippet":"max-snippet:-1","max-image-preview":"max-image-preview:large","max-video-preview":"max-video-preview:-1"},"canonical":"https:\/\/oreskylaw.com\/es\/nyc\/abogados-de-accidentes-de-bicicleta\/","og_locale":"es_ES","og_type":"article","og_title":"Abogado de Accidentes de Bicicleta, New York - Oresky & Associates, PLLC","og_description":"No deje que un accidente de bici arruine tus finanzas. Nuestros abogados en NY te ayudar\u00e1n a explorar opciones legales y ganar compensaci\u00f3n. Ll\u00e1menos hoy.","og_url":"https:\/\/oreskylaw.com\/es\/nyc\/abogados-de-accidentes-de-bicicleta\/","og_site_name":"Oresky &amp; Associates, PLLC","article_publisher":"https:\/\/www.facebook.com\/Oreskylaw\/","article_modified_time":"2026-01-30T15:36:18+00:00","og_image":[{"width":300,"height":169,"url":"https:\/\/oreskylaw.com\/wp-content\/uploads\/2026\/01\/What-Type-of-Injuries-Do-Accidents-Cause.webp","type":"image\/webp"}],"twitter_card":"summary_large_image","twitter_site":"@JacobOreskyLaw","twitter_misc":{"Tiempo de lectura":"8 minutos"},"schema":{"@context":"https:\/\/schema.org","@graph":[{"@type":"WebPage","@id":"https:\/\/oreskylaw.com\/es\/nyc\/abogados-de-accidentes-de-bicicleta\/","url":"https:\/\/oreskylaw.com\/es\/nyc\/abogados-de-accidentes-de-bicicleta\/","name":"Abogado de Accidentes de Bicicleta, New York - Oresky & Associates, PLLC","isPartOf":{"@id":"https:\/\/oreskylaw.com\/es\/#website"},"primaryImageOfPage":{"@id":"https:\/\/oreskylaw.com\/es\/nyc\/abogados-de-accidentes-de-bicicleta\/#primaryimage"},"image":{"@id":"https:\/\/oreskylaw.com\/es\/nyc\/abogados-de-accidentes-de-bicicleta\/#primaryimage"},"thumbnailUrl":"https:\/\/oreskylaw.com\/wp-content\/uploads\/2026\/01\/What-Type-of-Injuries-Do-Accidents-Cause.webp","datePublished":"2026-01-19T06:52:21+00:00","dateModified":"2026-01-30T15:36:18+00:00","description":"No deje que un accidente de bici arruine tus finanzas. Nuestros abogados en NY te ayudar\u00e1n a explorar opciones legales y ganar compensaci\u00f3n. Ll\u00e1menos hoy.","breadcrumb":{"@id":"https:\/\/oreskylaw.com\/es\/nyc\/abogados-de-accidentes-de-bicicleta\/#breadcrumb"},"inLanguage":"es","potentialAction":[{"@type":"ReadAction","target":["https:\/\/oreskylaw.com\/es\/nyc\/abogados-de-accidentes-de-bicicleta\/"]}]},{"@type":"ImageObject","inLanguage":"es","@id":"https:\/\/oreskylaw.com\/es\/nyc\/abogados-de-accidentes-de-bicicleta\/#primaryimage","url":"https:\/\/oreskylaw.com\/wp-content\/uploads\/2026\/01\/What-Type-of-Injuries-Do-Accidents-Cause.webp","contentUrl":"https:\/\/oreskylaw.com\/wp-content\/uploads\/2026\/01\/What-Type-of-Injuries-Do-Accidents-Cause.webp"},{"@type":"BreadcrumbList","@id":"https:\/\/oreskylaw.com\/es\/nyc\/abogados-de-accidentes-de-bicicleta\/#breadcrumb","itemListElement":[{"@type":"ListItem","position":1,"name":"Inicio","item":"https:\/\/oreskylaw.com\/es\/"},{"@type":"ListItem","position":2,"name":"New York","item":"https:\/\/oreskylaw.com\/es\/nyc\/"},{"@type":"ListItem","position":3,"name":"Abogado de Accidentes de Bicicleta"}]},{"@type":"WebSite","@id":"https:\/\/oreskylaw.com\/es\/#website","url":"https:\/\/oreskylaw.com\/es\/","name":"Oresky & Associates PLLC","description":"","publisher":{"@id":"https:\/\/oreskylaw.com\/es\/#organization"},"potentialAction":[{"@type":"SearchAction","target":{"@type":"EntryPoint","urlTemplate":"https:\/\/oreskylaw.com\/es\/?s={search_term_string}"},"query-input":{"@type":"PropertyValueSpecification","valueRequired":true,"valueName":"search_term_string"}}],"inLanguage":"es"}]}},"_links":{"self":[{"href":"https:\/\/oreskylaw.com\/es\/wp-json\/wp\/v2\/pages\/18664","targetHints":{"allow":["GET"]}}],"collection":[{"href":"https:\/\/oreskylaw.com\/es\/wp-json\/wp\/v2\/pages"}],"about":[{"href":"https:\/\/oreskylaw.com\/es\/wp-json\/wp\/v2\/types\/page"}],"author":[{"embeddable":true,"href":"https:\/\/oreskylaw.com\/es\/wp-json\/wp\/v2\/users\/9"}],"replies":[{"embeddable":true,"href":"https:\/\/oreskylaw.com\/es\/wp-json\/wp\/v2\/comments?post=18664"}],"version-history":[{"count":0,"href":"https:\/\/oreskylaw.com\/es\/wp-json\/wp\/v2\/pages\/18664\/revisions"}],"up":[{"embeddable":true,"href":"https:\/\/oreskylaw.com\/es\/wp-json\/wp\/v2\/pages\/18614"}],"wp:attachment":[{"href":"https:\/\/oreskylaw.com\/es\/wp-json\/wp\/v2\/media?parent=18664"}],"curies":[{"name":"wp","href":"https:\/\/api.w.org\/{rel}","templated":true}]}}