{"id":18731,"date":"2025-12-09T08:06:28","date_gmt":"2025-12-09T08:06:28","guid":{"rendered":"https:\/\/oreskylaw.com\/?page_id=18731"},"modified":"2026-01-30T15:37:38","modified_gmt":"2026-01-30T15:37:38","slug":"abogados-de-lesiones-de-nacimiento","status":"publish","type":"page","link":"https:\/\/oreskylaw.com\/es\/nyc\/abogados-de-lesiones-de-nacimiento\/","title":{"rendered":"Lesiones de Nacimiento"},"content":{"rendered":"<h2>Lesiones en el Nacimiento Representaci\u00f3n en New York<\/h2>\n<p>Cuando los profesionales m\u00e9dicos no hacen uso de est\u00e1ndares adecuados de atenci\u00f3n, un reci\u00e9n nacido puede sufrir lesiones innecesarias que dura toda la vida.<\/p>\n<h3>Lesiones en el Nacimiento Representaci\u00f3n en New York<\/h3>\n<p>El nacimiento de un ni\u00f1o debe ser un motivo de alegr\u00eda. Cuando los profesionales m\u00e9dicos no hacen uso de est\u00e1ndares adecuados de atenci\u00f3n, un reci\u00e9n nacido puede sufrir lesiones innecesarias que dura toda la vida. Si su hijo ha sufrido lesiones innecesarias durante el parto debido a la falta de cuidado de un profesional de la medicina, la oficina legal de Oresky &amp; Associates, PLLC, Puede ayudar.<\/p>\n<h2>Deje que nuestro equipo de abogados a proteger sus derechos<\/h2>\n<p>En la oficina del abogado Jacob Oresky, traemos m\u00e1s de 30 a\u00f1os de experiencia para las personas y familias que han sufrido las consecuencias de una lesi\u00f3n personal, incluyendo una lesi\u00f3n durante el proceso del parto. Durante el \u00faltimo cuarto de siglo, hemos recuperado m\u00e1s de $ 300 millones en veredictos y acuerdos para nuestros clientes. Tomamos un enfoque agresivo, la recolecci\u00f3n y preservaci\u00f3n de todas las pruebas para respaldar su reclamo con cuidado. Lo mantendremos informado en todo momento, para que pueda tomar buenas decisiones acerca de c\u00f3mo desea continuar.<\/p>\n<h2>Un R\u00e9cord de \u00e9xito basado en el trabajo duro y la dedicaci\u00f3n<\/h2>\n<p>Cuando se trata de litigios, no hay tiempo que perder. Una vez llame a nuestra oficina, podemos comenzar a construir su caso en la b\u00fasqueda de su compensaci\u00f3n. En tres cortos pasos, su camino legal puede empezar hoy.<\/p>\n<ul>\n<li><strong>Evaluaci\u00f3n gratuita de casos:<\/strong>\u00a0Llame a nuestra oficina, env\u00edenos un correo electr\u00f3nico, o converse con nosotros en l\u00ednea para recibir una evaluaci\u00f3n gratuita de su caso.<\/li>\n<li><strong>Inscr\u00edbase:<\/strong>\u00a0Luego de la revisi\u00f3n gratuita a su caso, podemos crear su perfil de cliente y recopilar la informaci\u00f3n que usted disponga.<\/li>\n<li><strong>Inicie su recuperaci\u00f3n:<\/strong>\u00a0Nos hacemos cargo de su caso, actualiz\u00e1ndole en la medida que avanza. Usted puede concentrarse en su salud a la par que nos enfocamos en su caso.<\/li>\n<\/ul>\n    <div class=\"cw-cta-box\">\n        <div class=\"cw-cta-box__inner \">\n            <div class=\"cw-cta-box__info\">\n                                    <div class=\"label\">\u00a1Llame ahora!<\/div>\n                            <\/div>\n                            <div class=\"contact-phone\">\n                    <a href=\"tel:7189939999\"\n                        aria-label=\"Tap to call button\">\n                        718-993-9999                    <\/a>\n                <\/div>\n                    <\/div>\n                    <a href=\"\/es\/contacto\/\"\n               class=\"cta-btn btn btn--primary btn\"\n               target=\"\">\n                Obtenga Una Consulta Gratuita            <\/a>\n            <\/div>\n    \n<h2>Nuestra pr\u00e1ctica de lesiones de nacimiento<\/h2>\n<p>Como padre de un ni\u00f1o lesionado, su atenci\u00f3n debe ser necesariamente de las necesidades de su hijo, no en si debe presentar una demanda. A partir de nuestra experiencia, sin embargo, las primeras investigaciones en un caso de negligencia m\u00e9dica, incluyendo lesi\u00f3n de nacimiento, puede hacer una gran diferencia en el resultado de su caso, y cuando se evite la p\u00e9rdida de pruebas o las memorias de desvanecimiento de los testigos. Adem\u00e1s, hay l\u00edmites estrictos de tiempo para la presentaci\u00f3n de demandas de lesiones de nacimiento, por lo que la acci\u00f3n r\u00e1pida es fundamental para una resoluci\u00f3n exitosa.<\/p>\n<p>Nos ocupamos de las demandas por lesiones de nacimiento que consiste:<\/p>\n<ul>\n<li>La falta de m\u00e9dicos, enfermeras, parteras u otros profesionales de la medicina para controlar, anticipar, reconocer, reaccionar y responder adecuadamente a cualquier contingencia<\/li>\n<li>La falta de se\u00f1ales de aviso previo aviso<\/li>\n<li>Si no se respetan las normas aceptadas de la atenci\u00f3n<\/li>\n<li>Si no se leen correctamente los equipos de vigilancia fetal<\/li>\n<li>No reconocer el sufrimiento fetal durante el parto<\/li>\n<li>Los retrasos innecesarios en la realizaci\u00f3n de una ces\u00e1rea<\/li>\n<li>Los errores de medicaci\u00f3n<\/li>\n<li>Las lesiones causadas por la falta de ox\u00edgeno al cerebro del ni\u00f1o<\/li>\n<li>f\u00f3rceps o succi\u00f3n lesiones durante el parto<\/li>\n<li>La par\u00e1lisis cerebral<\/li>\n<li>Par\u00e1lisis de Erb<\/li>\n<\/ul>\n","protected":false},"excerpt":{"rendered":"<p>Lesiones en el Nacimiento Representaci\u00f3n en New York Cuando los profesionales m\u00e9dicos no hacen uso de est\u00e1ndares adecuados de atenci\u00f3n, un reci\u00e9n nacido puede sufrir lesiones innecesarias que dura toda la vida. Lesiones en el Nacimiento Representaci\u00f3n en New York El nacimiento de un ni\u00f1o debe ser un motivo de alegr\u00eda. Cuando los profesionales m\u00e9dicos [&hellip;]<\/p>\n","protected":false},"author":9,"featured_media":0,"parent":18614,"menu_order":19,"comment_status":"closed","ping_status":"closed","template":"","meta":{"_acf_changed":false,"footnotes":""},"class_list":["post-18731","page","type-page","status-publish","hentry"],"acf":[],"yoast_head":"<!-- This site is optimized with the Yoast SEO plugin v27.3 - https:\/\/yoast.com\/product\/yoast-seo-wordpress\/ -->\n<title>Abogado de Lesiones de Nacimiento, NYC - Oresky &amp; Associates, PLLC<\/title>\n<meta name=\"description\" content=\"Si su hijo sufri\u00f3 una lesi\u00f3n de nacimiento, nuestros abogados en New York luchar\u00e1n por la justicia que su familia merece. \u00a1Cont\u00e1ctenos para consulta!\" \/>\n<meta name=\"robots\" content=\"index, follow, max-snippet:-1, max-image-preview:large, max-video-preview:-1\" \/>\n<link rel=\"canonical\" href=\"https:\/\/oreskylaw.com\/es\/nyc\/abogados-de-lesiones-de-nacimiento\/\" \/>\n<meta property=\"og:locale\" content=\"es_ES\" \/>\n<meta property=\"og:type\" content=\"article\" \/>\n<meta property=\"og:title\" content=\"Abogado de Lesiones de Nacimiento, NYC - Oresky &amp; Associates, PLLC\" \/>\n<meta property=\"og:description\" content=\"Si su hijo sufri\u00f3 una lesi\u00f3n de nacimiento, nuestros abogados en New York luchar\u00e1n por la justicia que su familia merece. \u00a1Cont\u00e1ctenos para consulta!\" \/>\n<meta property=\"og:url\" content=\"https:\/\/oreskylaw.com\/es\/nyc\/abogados-de-lesiones-de-nacimiento\/\" \/>\n<meta property=\"og:site_name\" content=\"Oresky &amp; Associates, PLLC\" \/>\n<meta property=\"article:publisher\" content=\"https:\/\/www.facebook.com\/Oreskylaw\/\" \/>\n<meta property=\"article:modified_time\" content=\"2026-01-30T15:37:38+00:00\" \/>\n<meta property=\"og:image\" content=\"https:\/\/oreskylaw.com\/wp-content\/uploads\/2026\/01\/oresky-team-careers.png\" \/>\n\t<meta property=\"og:image:width\" content=\"995\" \/>\n\t<meta property=\"og:image:height\" content=\"617\" \/>\n\t<meta property=\"og:image:type\" content=\"image\/png\" \/>\n<meta name=\"twitter:card\" content=\"summary_large_image\" \/>\n<meta name=\"twitter:site\" content=\"@JacobOreskyLaw\" \/>\n<meta name=\"twitter:label1\" content=\"Tiempo de lectura\" \/>\n\t<meta name=\"twitter:data1\" content=\"3 minutos\" \/>\n<!-- \/ Yoast SEO plugin. -->","yoast_head_json":{"title":"Abogado de Lesiones de Nacimiento, NYC - Oresky & Associates, PLLC","description":"Si su hijo sufri\u00f3 una lesi\u00f3n de nacimiento, nuestros abogados en New York luchar\u00e1n por la justicia que su familia merece. \u00a1Cont\u00e1ctenos para consulta!","robots":{"index":"index","follow":"follow","max-snippet":"max-snippet:-1","max-image-preview":"max-image-preview:large","max-video-preview":"max-video-preview:-1"},"canonical":"https:\/\/oreskylaw.com\/es\/nyc\/abogados-de-lesiones-de-nacimiento\/","og_locale":"es_ES","og_type":"article","og_title":"Abogado de Lesiones de Nacimiento, NYC - Oresky & Associates, PLLC","og_description":"Si su hijo sufri\u00f3 una lesi\u00f3n de nacimiento, nuestros abogados en New York luchar\u00e1n por la justicia que su familia merece. \u00a1Cont\u00e1ctenos para consulta!","og_url":"https:\/\/oreskylaw.com\/es\/nyc\/abogados-de-lesiones-de-nacimiento\/","og_site_name":"Oresky &amp; Associates, PLLC","article_publisher":"https:\/\/www.facebook.com\/Oreskylaw\/","article_modified_time":"2026-01-30T15:37:38+00:00","og_image":[{"width":995,"height":617,"url":"https:\/\/oreskylaw.com\/wp-content\/uploads\/2026\/01\/oresky-team-careers.png","type":"image\/png"}],"twitter_card":"summary_large_image","twitter_site":"@JacobOreskyLaw","twitter_misc":{"Tiempo de lectura":"3 minutos"},"schema":{"@context":"https:\/\/schema.org","@graph":[{"@type":"WebPage","@id":"https:\/\/oreskylaw.com\/es\/nyc\/abogados-de-lesiones-de-nacimiento\/","url":"https:\/\/oreskylaw.com\/es\/nyc\/abogados-de-lesiones-de-nacimiento\/","name":"Abogado de Lesiones de Nacimiento, NYC - Oresky & Associates, PLLC","isPartOf":{"@id":"https:\/\/oreskylaw.com\/es\/#website"},"datePublished":"2025-12-09T08:06:28+00:00","dateModified":"2026-01-30T15:37:38+00:00","description":"Si su hijo sufri\u00f3 una lesi\u00f3n de nacimiento, nuestros abogados en New York luchar\u00e1n por la justicia que su familia merece. \u00a1Cont\u00e1ctenos para consulta!","breadcrumb":{"@id":"https:\/\/oreskylaw.com\/es\/nyc\/abogados-de-lesiones-de-nacimiento\/#breadcrumb"},"inLanguage":"es","potentialAction":[{"@type":"ReadAction","target":["https:\/\/oreskylaw.com\/es\/nyc\/abogados-de-lesiones-de-nacimiento\/"]}]},{"@type":"BreadcrumbList","@id":"https:\/\/oreskylaw.com\/es\/nyc\/abogados-de-lesiones-de-nacimiento\/#breadcrumb","itemListElement":[{"@type":"ListItem","position":1,"name":"Inicio","item":"https:\/\/oreskylaw.com\/es\/"},{"@type":"ListItem","position":2,"name":"New York","item":"https:\/\/oreskylaw.com\/es\/nyc\/"},{"@type":"ListItem","position":3,"name":"Lesiones de Nacimiento"}]},{"@type":"WebSite","@id":"https:\/\/oreskylaw.com\/es\/#website","url":"https:\/\/oreskylaw.com\/es\/","name":"Oresky & Associates PLLC","description":"","publisher":{"@id":"https:\/\/oreskylaw.com\/es\/#organization"},"potentialAction":[{"@type":"SearchAction","target":{"@type":"EntryPoint","urlTemplate":"https:\/\/oreskylaw.com\/es\/?s={search_term_string}"},"query-input":{"@type":"PropertyValueSpecification","valueRequired":true,"valueName":"search_term_string"}}],"inLanguage":"es"}]}},"_links":{"self":[{"href":"https:\/\/oreskylaw.com\/es\/wp-json\/wp\/v2\/pages\/18731","targetHints":{"allow":["GET"]}}],"collection":[{"href":"https:\/\/oreskylaw.com\/es\/wp-json\/wp\/v2\/pages"}],"about":[{"href":"https:\/\/oreskylaw.com\/es\/wp-json\/wp\/v2\/types\/page"}],"author":[{"embeddable":true,"href":"https:\/\/oreskylaw.com\/es\/wp-json\/wp\/v2\/users\/9"}],"replies":[{"embeddable":true,"href":"https:\/\/oreskylaw.com\/es\/wp-json\/wp\/v2\/comments?post=18731"}],"version-history":[{"count":0,"href":"https:\/\/oreskylaw.com\/es\/wp-json\/wp\/v2\/pages\/18731\/revisions"}],"up":[{"embeddable":true,"href":"https:\/\/oreskylaw.com\/es\/wp-json\/wp\/v2\/pages\/18614"}],"wp:attachment":[{"href":"https:\/\/oreskylaw.com\/es\/wp-json\/wp\/v2\/media?parent=18731"}],"curies":[{"name":"wp","href":"https:\/\/api.w.org\/{rel}","templated":true}]}}