{"id":18742,"date":"2025-12-09T08:06:56","date_gmt":"2025-12-09T08:06:56","guid":{"rendered":"https:\/\/oreskylaw.com\/?page_id=18742"},"modified":"2026-01-30T15:39:18","modified_gmt":"2026-01-30T15:39:18","slug":"abogados-de-accidentes-de-edificio","status":"publish","type":"page","link":"https:\/\/oreskylaw.com\/es\/nyc\/abogados-de-accidentes-de-edificio\/","title":{"rendered":"Accidentes de edificios"},"content":{"rendered":"<h2>Proteger los derechos de los trabajadores de construcci\u00f3n Todo sobre NYC<\/h2>\n<p>Si usted o un ser querido ha sido herido o lesionado debido a propietario de un edificio no pudo controlar o mantener adecuadamente la propiedad, los abogados de Oresky &amp; Associates, PLLC ayuda lata.<\/p>\n<h3>Mantenimiento del Bronx, Queens, Manhattan y el \u00e1rea metropolitana de New York<\/h3>\n<p>Sucede con demasiada frecuencia en la ciudad de New York cuando un particular inmueble ignora un riesgo serio de seguridad tales como escalones rotos, agrietados aceras, ascensores inseguros, techos con fugas, y otras condiciones peligrosas. Alguien viene en la propiedad, a menudo con fines que se benefician significativamente el due\u00f1o de la propiedad, y sufre una lesi\u00f3n grave debido a la falla para reparar el conocido problema de seguridad. Si usted o un ser querido ha sido herido o lesionado debido a propietario de un edificio no control\u00f3 correctamente o mantener la propiedad, los abogados de Oresky &amp; Associates, PLLC ayuda lata.<\/p>\n<h2>No pagar\u00e1 ni un centavo a menos que ganemos su caso<\/h2>\n<p>Estamos dedicados a ayudar a nuestros clientes a buscar acuerdos y veredictos que satisfagan sus necesidades presentes y futuras. No dude en comunicarse con nosotros en nuestras oficinas en el Bronx y Queens para programar una consulta gratuita. No nos pagar\u00e1 honorarios de abogados a menos que lo ayudemos a ganar dinero por da\u00f1os y perjuicios..<\/p>\n<h2>Conozca a Nuestro Proceso<\/h2>\n<p>Vamos a trabajar estrechamente con usted durante todo el proceso para asegurarse de que usted est\u00e1 bien informado sobre el estado de su caso, y que tiene la informaci\u00f3n necesaria para tomar las decisiones correctas. Tomamos todas las demandas de los da\u00f1os en una base de contingencia. S\u00f3lo se cargar\u00e1 honorarios legales si recuperamos compensaci\u00f3n por sus p\u00e9rdidas.<\/p>\n<ul>\n<li><strong>Evaluaci\u00f3n gratuita de casos:\u00a0<\/strong>Llame a nuestra oficina, env\u00edenos un correo electr\u00f3nico, o converse con nosotros en l\u00ednea para recibir una evaluaci\u00f3n gratuita de su caso.<\/li>\n<li><strong>Inscr\u00edbase:<\/strong>\u00a0Luego de la revisi\u00f3n gratuita a su caso, podemos crear su perfil de cliente y recopilar la informaci\u00f3n que usted disponga.<\/li>\n<li><strong>Inicie su recuperaci\u00f3n:<\/strong>\u00a0Nos hacemos cargo de su caso, actualiz\u00e1ndole en la medida que avanza. Usted puede concentrarse en su salud a la par que nos enfocamos en su caso.<\/li>\n<\/ul>\n    <div class=\"cw-cta-box\">\n        <div class=\"cw-cta-box__inner \">\n            <div class=\"cw-cta-box__info\">\n                                    <div class=\"label\">\u00a1Llame ahora!<\/div>\n                            <\/div>\n                            <div class=\"contact-phone\">\n                    <a href=\"tel:7189939999\"\n                        aria-label=\"Tap to call button\">\n                        718-993-9999                    <\/a>\n                <\/div>\n                    <\/div>\n                    <a href=\"\/es\/contacto\/\"\n               class=\"cta-btn btn btn--primary btn\"\n               target=\"\">\n                Obtenga Una Consulta Gratuita            <\/a>\n            <\/div>\n    \n<h2>Nuestra representaci\u00f3n en construcci\u00f3n Accidentes demandas de los da\u00f1os<\/h2>\n<p><img loading=\"lazy\" decoding=\"async\" class=\"size-full wp-image-13528 alignright\" src=\"https:\/\/oreskylaw.com\/wp-content\/uploads\/2026\/01\/Why-Choose-Oresky-Associates-PLLC-to-Handle-Your-Bronx-Injury-Claim.webp\" alt=\"construction accident attorney Bronx NY\" width=\"300\" height=\"176\" \/>Nuestra Bronx Locales abogados de responsabilidad disponen representaci\u00f3n integral a las personas que han sufrido lesiones en un accidente relacionada con los edificios, manejo de todo tipo de reclamaciones, incluyendo:<\/p>\n<ul>\n<li>Los resbalones y ca\u00eddas en pisos mojados, suelos defectuosa, pavimento agrietado, escalones rotos o escaleras u otras pasarelas<\/li>\n<li>Viajes y ca\u00eddas en las gradas y aceras rotas<\/li>\n<li>Las lesiones sufridas en la construcci\u00f3n o en el techo se derrumba<\/li>\n<li>Las lesiones sufridas debido al mal funcionamiento o mantenimiento negligente de ascensores o escaleras mec\u00e1nicas<\/li>\n<li>Las lesiones sufridas debido a la exposici\u00f3n a la pintura con plomo, moho u otras sustancias t\u00f3xicas<\/li>\n<li>Los resbalones y ca\u00eddas en el acumulado nieve, hielo, aguanieve o debido a otras condiciones clim\u00e1ticas peligrosas<\/li>\n<li>quemaduras u otras lesiones sufridas en incendios o explosiones o de agua hirviendo o radiadores<\/li>\n<li>Las lesiones causadas por las mordeduras de perro o ataques de animales<\/li>\n<li>heridas en los parques<\/li>\n<li>Las p\u00e9rdidas debidas a la iluminaci\u00f3n o la falta de seguridad<\/li>\n<\/ul>\n<p>Vamos a ayudarle a buscar da\u00f1os por todas sus p\u00e9rdidas, incluyendo gastos m\u00e9dicos, p\u00e9rdida de salarios e ingresos, p\u00e9rdida de compa\u00f1\u00eda o consorcio y el dolor f\u00edsico y el sufrimiento. Tomamos las reclamaciones concernientes a todos los tipos de accidentes y lesiones, a partir de los tejidos blandos a la p\u00e9rdida grave y catastr\u00f3fica, incluyendo muerte por negligencia.<\/p>\n","protected":false},"excerpt":{"rendered":"<p>Proteger los derechos de los trabajadores de construcci\u00f3n Todo sobre NYC Si usted o un ser querido ha sido herido o lesionado debido a propietario de un edificio no pudo controlar o mantener adecuadamente la propiedad, los abogados de Oresky &amp; Associates, PLLC ayuda lata. Mantenimiento del Bronx, Queens, Manhattan y el \u00e1rea metropolitana de [&hellip;]<\/p>\n","protected":false},"author":9,"featured_media":0,"parent":18614,"menu_order":21,"comment_status":"closed","ping_status":"closed","template":"","meta":{"_acf_changed":false,"footnotes":""},"class_list":["post-18742","page","type-page","status-publish","hentry"],"acf":[],"yoast_head":"<!-- This site is optimized with the Yoast SEO plugin v27.3 - https:\/\/yoast.com\/product\/yoast-seo-wordpress\/ -->\n<title>Abogado de Accidentes de construcci\u00f3n de edificios, NYC - Oresky &amp; Associates, PLLC<\/title>\n<meta name=\"description\" content=\"\u00bfLesionado en un accidente de construcci\u00f3n? Nuestros abogados en NYC luchar\u00e1n por compensaci\u00f3n. Contacte Oresky &amp; Associates, PLLC para evaluaci\u00f3n de tu caso.\" \/>\n<meta name=\"robots\" content=\"index, follow, max-snippet:-1, max-image-preview:large, max-video-preview:-1\" \/>\n<link rel=\"canonical\" href=\"https:\/\/oreskylaw.com\/es\/nyc\/abogados-de-accidentes-de-edificio\/\" \/>\n<meta property=\"og:locale\" content=\"es_ES\" \/>\n<meta property=\"og:type\" content=\"article\" \/>\n<meta property=\"og:title\" content=\"Abogado de Accidentes de construcci\u00f3n de edificios, NYC - Oresky &amp; Associates, PLLC\" \/>\n<meta property=\"og:description\" content=\"\u00bfLesionado en un accidente de construcci\u00f3n? Nuestros abogados en NYC luchar\u00e1n por compensaci\u00f3n. Contacte Oresky &amp; Associates, PLLC para evaluaci\u00f3n de tu caso.\" \/>\n<meta property=\"og:url\" content=\"https:\/\/oreskylaw.com\/es\/nyc\/abogados-de-accidentes-de-edificio\/\" \/>\n<meta property=\"og:site_name\" content=\"Oresky &amp; Associates, PLLC\" \/>\n<meta property=\"article:publisher\" content=\"https:\/\/www.facebook.com\/Oreskylaw\/\" \/>\n<meta property=\"article:modified_time\" content=\"2026-01-30T15:39:18+00:00\" \/>\n<meta property=\"og:image\" content=\"https:\/\/oreskylaw.com\/wp-content\/uploads\/2026\/01\/Why-Choose-Oresky-Associates-PLLC-to-Handle-Your-Bronx-Injury-Claim.webp\" \/>\n\t<meta property=\"og:image:width\" content=\"300\" \/>\n\t<meta property=\"og:image:height\" content=\"176\" \/>\n\t<meta property=\"og:image:type\" content=\"image\/webp\" \/>\n<meta name=\"twitter:card\" content=\"summary_large_image\" \/>\n<meta name=\"twitter:site\" content=\"@JacobOreskyLaw\" \/>\n<meta name=\"twitter:label1\" content=\"Tiempo de lectura\" \/>\n\t<meta name=\"twitter:data1\" content=\"3 minutos\" \/>\n<!-- \/ Yoast SEO plugin. -->","yoast_head_json":{"title":"Abogado de Accidentes de construcci\u00f3n de edificios, NYC - Oresky & Associates, PLLC","description":"\u00bfLesionado en un accidente de construcci\u00f3n? Nuestros abogados en NYC luchar\u00e1n por compensaci\u00f3n. Contacte Oresky & Associates, PLLC para evaluaci\u00f3n de tu caso.","robots":{"index":"index","follow":"follow","max-snippet":"max-snippet:-1","max-image-preview":"max-image-preview:large","max-video-preview":"max-video-preview:-1"},"canonical":"https:\/\/oreskylaw.com\/es\/nyc\/abogados-de-accidentes-de-edificio\/","og_locale":"es_ES","og_type":"article","og_title":"Abogado de Accidentes de construcci\u00f3n de edificios, NYC - Oresky & Associates, PLLC","og_description":"\u00bfLesionado en un accidente de construcci\u00f3n? Nuestros abogados en NYC luchar\u00e1n por compensaci\u00f3n. Contacte Oresky & Associates, PLLC para evaluaci\u00f3n de tu caso.","og_url":"https:\/\/oreskylaw.com\/es\/nyc\/abogados-de-accidentes-de-edificio\/","og_site_name":"Oresky &amp; Associates, PLLC","article_publisher":"https:\/\/www.facebook.com\/Oreskylaw\/","article_modified_time":"2026-01-30T15:39:18+00:00","og_image":[{"width":300,"height":176,"url":"https:\/\/oreskylaw.com\/wp-content\/uploads\/2026\/01\/Why-Choose-Oresky-Associates-PLLC-to-Handle-Your-Bronx-Injury-Claim.webp","type":"image\/webp"}],"twitter_card":"summary_large_image","twitter_site":"@JacobOreskyLaw","twitter_misc":{"Tiempo de lectura":"3 minutos"},"schema":{"@context":"https:\/\/schema.org","@graph":[{"@type":"WebPage","@id":"https:\/\/oreskylaw.com\/es\/nyc\/abogados-de-accidentes-de-edificio\/","url":"https:\/\/oreskylaw.com\/es\/nyc\/abogados-de-accidentes-de-edificio\/","name":"Abogado de Accidentes de construcci\u00f3n de edificios, NYC - Oresky & Associates, PLLC","isPartOf":{"@id":"https:\/\/oreskylaw.com\/es\/#website"},"primaryImageOfPage":{"@id":"https:\/\/oreskylaw.com\/es\/nyc\/abogados-de-accidentes-de-edificio\/#primaryimage"},"image":{"@id":"https:\/\/oreskylaw.com\/es\/nyc\/abogados-de-accidentes-de-edificio\/#primaryimage"},"thumbnailUrl":"https:\/\/oreskylaw.com\/wp-content\/uploads\/2026\/01\/Why-Choose-Oresky-Associates-PLLC-to-Handle-Your-Bronx-Injury-Claim.webp","datePublished":"2025-12-09T08:06:56+00:00","dateModified":"2026-01-30T15:39:18+00:00","description":"\u00bfLesionado en un accidente de construcci\u00f3n? Nuestros abogados en NYC luchar\u00e1n por compensaci\u00f3n. Contacte Oresky & Associates, PLLC para evaluaci\u00f3n de tu caso.","breadcrumb":{"@id":"https:\/\/oreskylaw.com\/es\/nyc\/abogados-de-accidentes-de-edificio\/#breadcrumb"},"inLanguage":"es","potentialAction":[{"@type":"ReadAction","target":["https:\/\/oreskylaw.com\/es\/nyc\/abogados-de-accidentes-de-edificio\/"]}]},{"@type":"ImageObject","inLanguage":"es","@id":"https:\/\/oreskylaw.com\/es\/nyc\/abogados-de-accidentes-de-edificio\/#primaryimage","url":"https:\/\/oreskylaw.com\/wp-content\/uploads\/2026\/01\/Why-Choose-Oresky-Associates-PLLC-to-Handle-Your-Bronx-Injury-Claim.webp","contentUrl":"https:\/\/oreskylaw.com\/wp-content\/uploads\/2026\/01\/Why-Choose-Oresky-Associates-PLLC-to-Handle-Your-Bronx-Injury-Claim.webp"},{"@type":"BreadcrumbList","@id":"https:\/\/oreskylaw.com\/es\/nyc\/abogados-de-accidentes-de-edificio\/#breadcrumb","itemListElement":[{"@type":"ListItem","position":1,"name":"Inicio","item":"https:\/\/oreskylaw.com\/es\/"},{"@type":"ListItem","position":2,"name":"New York","item":"https:\/\/oreskylaw.com\/es\/nyc\/"},{"@type":"ListItem","position":3,"name":"Accidentes de edificios"}]},{"@type":"WebSite","@id":"https:\/\/oreskylaw.com\/es\/#website","url":"https:\/\/oreskylaw.com\/es\/","name":"Oresky & Associates PLLC","description":"","publisher":{"@id":"https:\/\/oreskylaw.com\/es\/#organization"},"potentialAction":[{"@type":"SearchAction","target":{"@type":"EntryPoint","urlTemplate":"https:\/\/oreskylaw.com\/es\/?s={search_term_string}"},"query-input":{"@type":"PropertyValueSpecification","valueRequired":true,"valueName":"search_term_string"}}],"inLanguage":"es"}]}},"_links":{"self":[{"href":"https:\/\/oreskylaw.com\/es\/wp-json\/wp\/v2\/pages\/18742","targetHints":{"allow":["GET"]}}],"collection":[{"href":"https:\/\/oreskylaw.com\/es\/wp-json\/wp\/v2\/pages"}],"about":[{"href":"https:\/\/oreskylaw.com\/es\/wp-json\/wp\/v2\/types\/page"}],"author":[{"embeddable":true,"href":"https:\/\/oreskylaw.com\/es\/wp-json\/wp\/v2\/users\/9"}],"replies":[{"embeddable":true,"href":"https:\/\/oreskylaw.com\/es\/wp-json\/wp\/v2\/comments?post=18742"}],"version-history":[{"count":0,"href":"https:\/\/oreskylaw.com\/es\/wp-json\/wp\/v2\/pages\/18742\/revisions"}],"up":[{"embeddable":true,"href":"https:\/\/oreskylaw.com\/es\/wp-json\/wp\/v2\/pages\/18614"}],"wp:attachment":[{"href":"https:\/\/oreskylaw.com\/es\/wp-json\/wp\/v2\/media?parent=18742"}],"curies":[{"name":"wp","href":"https:\/\/api.w.org\/{rel}","templated":true}]}}