{"id":18809,"date":"2025-12-09T08:07:31","date_gmt":"2025-12-09T08:07:31","guid":{"rendered":"https:\/\/oreskylaw.com\/?page_id=18809"},"modified":"2026-01-30T15:40:46","modified_gmt":"2026-01-30T15:40:46","slug":"abogados-de-accidentes-de-autobus","status":"publish","type":"page","link":"https:\/\/oreskylaw.com\/es\/nyc\/abogados-de-accidentes-de-autobus\/","title":{"rendered":"Abogado de Accidentes de Autob\u00fas"},"content":{"rendered":"<h2>Defendemos a las v\u00edctimas de accidentes de autob\u00fas en la ciudad de New York<\/h2>\n<p>El bufete de abogados de Oresky &amp; Associates, los casos de accidentes de autob\u00fas asas PLLC, incluyendo accidentes de peatones desmontables con autobuses y muerte por negligencia.<\/p>\n<h3>Nos protegeremos a las personas lesionadas por la ciudad de autobuses en New York<\/h3>\n<p>Los\u00a0<a href=\"https:\/\/oreskylaw.com\/es\/\">abogados de accidentes<\/a>\u00a0de autob\u00fas en la ciudad de New York pueden ayudar a determinar la responsabilidad del propietario y del conductor del autob\u00fas por su accidente de autob\u00fas en la ciudad de New York. El bufete de abogados de Oresky &amp; Associates, PLLC maneja casos de accidentes de autob\u00fas, incluidos los accidentes de peatones con autobuses y muerte por negligencia. Entendemos el estr\u00e9s y la frustraci\u00f3n que se siente despu\u00e9s de un accidente de autob\u00fas y queremos que sepa que estamos listos para trabajar para usted.<\/p>\n<p>Como abogados experimentados en accidentes de autob\u00fas, nuestro objetivo es asegurarnos de que comprenda sus derechos y opciones legales. Investigamos su caso, lo ayudamos a presentar reclamos de seguro por gastos m\u00e9dicos y salarios perdidos, preparamos su caso para el proceso judicial y avanzamos hasta el juicio con jurado o el acuerdo.<\/p>\n<h2>Usted puede tener derecho a una compensaci\u00f3n sin importar su estatus legal<\/h2>\n<p>El abogado Jacob Oresky, el fundador de nuestra firma, ha ayudado a personas lesionadas y discapacitadas a recuperar compensaci\u00f3n y justicia durante m\u00e1s de 30 a\u00f1os. Nuestro equipo de abogados, asistentes legales e investigadores ha obtenido veredictos y acuerdos multimillonarios en accidentes de autob\u00fas y veh\u00edculos motorizados, que incluyen:<\/p>\n<ul>\n<li>$5 millones otorgados a familiares de un peat\u00f3n muerto en un accidente de autob\u00fas escolar<\/li>\n<li>4,6 millones de d\u00f3lares para un conductor lesionado en un accidente automovil\u00edstico de varios veh\u00edculos<\/li>\n<li>4,5 millones de d\u00f3lares otorgados a la familia de un peat\u00f3n asesinado por una camioneta<\/li>\n<li>$3.45 millones a un peat\u00f3n atropellado por una camioneta comercial<\/li>\n<li>1.2 millones de d\u00f3lares por la muerte injusta de un caballero asesinado despu\u00e9s de un accidente de atropello y fuga<br \/>\n8.000 para un pasajero gravemente lesionado en un accidente automovil\u00edstico<\/li>\n<\/ul>\n<p>Nuestros abogados de accidentes de autob\u00fas est\u00e1n dedicados a ayudarlo a buscar una compensaci\u00f3n justa seg\u00fan las leyes del estado de New York.<\/p>\n<h2>C\u00f3mo Oresky &amp; Associates, PLLC puede ayudarlo con su accidente de autob\u00fas<\/h2>\n<p>Su primera acci\u00f3n despu\u00e9s de un accidente de autob\u00fas es la atenci\u00f3n m\u00e9dica. Su m\u00e9dico puede diagnosticar y tratar sus lesiones como solo puede hacerlo un profesional de la salud calificado. Su siguiente paso debe ser ponerse en contacto con el experimentado\u00a0<strong>abogados de accidentes de autob\u00fas<\/strong>\u00a0con Oresky &amp; Associates, PLLC.<\/p>\n<ul>\n<li><strong>Evaluaci\u00f3n gratuita del caso:<\/strong> llame a nuestra oficina, env\u00edenos un correo electr\u00f3nico o chatee con nosotros en l\u00ednea para recibir una evaluaci\u00f3n gratuita del caso.<\/li>\n<li><strong>Reg\u00edstrese:<\/strong> despu\u00e9s de la revisi\u00f3n gratuita de su caso, podemos configurar su perfil de cliente y recopilar toda la informaci\u00f3n que ya tenga.<\/li>\n<li><strong>Comience su recuperaci\u00f3n:<\/strong> podemos ocuparnos de su caso desde aqu\u00ed e informarle a medida que avance. Puede centrarse en su salud mientras nosotros nos centramos en su caso.<\/li>\n<\/ul>\n<h2>Protegemos sus derechos tras un accidente de autob\u00fas<\/h2>\n<p>Usted tiene derechos, y Oresky &amp; Associates proteger\u00e1n y los ejercicios para usted. Un abogado de accidentes de autob\u00fas en la ciudad de New York puede ayudarle a demostrar la responsabilidad de buscar compensaci\u00f3n por sus lesiones y p\u00e9rdidas.<\/p>\n<h3>\u00bfC\u00f3mo se asigna la mayor\u00eda de la responsabilidad?<\/h3>\n<p>Los accidentes de autob\u00fas pasan por una raz\u00f3n. La pregunta se ha convertido, \u00bfqui\u00e9n tiene la culpa? \u00bfC\u00f3mo probarlo?<\/p>\n<p>Nuestro equipo legal puede identificar las causas y las partes involucradas de la siguiente manera:<\/p>\n<ul>\n<li>Reunir pruebas que incluyen fotograf\u00edas, declaraciones de testigos, retener expertos en reconstrucci\u00f3n de accidentes y m\u00e1s.<\/li>\n<li>Durante el curso del juego de la ley vamos a realizar deposiciones, citar testigos y examinar todas las pruebas disponibles.<\/li>\n<li>informes m\u00e9dicos<\/li>\n<li>Compilaci\u00f3n, pruebas y evaluaciones de su expediente m\u00e9dico.<\/li>\n<li>Reclamaciones de seguros de archivos con el (los) veh\u00edculo (s) apropiado (s).<\/li>\n<li>Prepara su caso para el juicio y\/o negociar una soluci\u00f3n aceptable.<\/li>\n<li>Proteja sus derechos en todas partes con un fuerte compromiso de servicio al cliente y la atenci\u00f3n.<\/li>\n<\/ul>\n<p>El bufete de abogados de Oresky &amp; Associates, PLLC est\u00e1 listo para ayudar a usted y sus seres queridos. Nuestro personal biling\u00fce puede ayudar a reunir pruebas, interrogar a los testigos y ayudar a entender el proceso de la prueba de la responsabilidad.<\/p>\n    <div class=\"cw-cta-box\">\n        <div class=\"cw-cta-box__inner \">\n            <div class=\"cw-cta-box__info\">\n                                    <div class=\"label\">\u00a1Llame ahora!<\/div>\n                            <\/div>\n                            <div class=\"contact-phone\">\n                    <a href=\"tel:7189939999\"\n                        aria-label=\"Tap to call button\">\n                        718-993-9999                    <\/a>\n                <\/div>\n                    <\/div>\n                    <a href=\"\/es\/contacto\/\"\n               class=\"cta-btn btn btn--primary btn\"\n               target=\"\">\n                Obtenga Una Consulta Gratuita            <\/a>\n            <\/div>\n    \n<h2>Cu\u00e1ndo llamar a Oresky &amp; Associates, PLLC<\/h2>\n<p>Al igual que otros estados, New York tiene una ley de prescripci\u00f3n, o fecha l\u00edmite, que limita su tiempo para presentar una demanda. Cuando usted est\u00e1 presentando una demanda contra un municipio debe presentar una notificaci\u00f3n de la reclamaci\u00f3n dentro de los l\u00edmites de tiempo muy cortos prohibidas por la ley antes de la presentaci\u00f3n de una demanda. Adem\u00e1s, existen fechas l\u00edmite de tiempo estrictas para presentar beneficios sin culpa. Estas limitaciones de tiempo pueden impedir su reclamaci\u00f3n beneficios sin culpa que est\u00e1n previstos para cubrir sus gastos m\u00e9dicos y salarios perdidos hasta ciertos l\u00edmites, a menos que su reclamaci\u00f3n se presenta a tiempo. Su aviso de la demanda y juego de la ley tambi\u00e9n debe presentarse dentro de los estrictos l\u00edmites de tiempo<\/p>\n<p>Si usted ha sido lesionado en un accidente de autob\u00fas, llame a Oresky &amp; Associates, PLLC de inmediato para determinar qu\u00e9 tiempo de los plazos se aplican a su caso. No nos prohiba la oportunidad de proteger su reclamaci\u00f3n y luchar por sus derechos.<\/p>\n<h3>Los da\u00f1os compensatorios por un accidente de autob\u00fas<\/h3>\n<p>Un accidente de autob\u00fas a menudo resulta en lesiones extensas que pueden mantenerse fuera del trabajo y su rutina diaria durante semanas, meses o m\u00e1s largos. Un abogado del accidente de autob\u00fas evaluar objetivamente sus lesiones y da\u00f1os a obtener una indemnizaci\u00f3n por sus p\u00e9rdidas actuales y futuras.<\/p>\n<p>Algunos de los da\u00f1os asociados a un accidente de autob\u00fas pueden incluir:<\/p>\n<ul>\n<li>Los da\u00f1os monetarios para el dolor y el sufrimiento causados por lesiones pasadas<\/li>\n<li>Los da\u00f1os monetarios para el dolor y el sufrimiento causados por lesiones futuras<\/li>\n<li>El tratamiento m\u00e9dico incluye servicios de ambulancia, atenci\u00f3n urgente o de emergencia, cirug\u00eda, especialistas, hospitalizaci\u00f3n y cuidados de seguimiento<\/li>\n<li>beneficios de la Uni\u00f3n perdi\u00f3 en su caso<\/li>\n<li>Medicina de prescripci\u00f3n y el equipo m\u00e9dico<\/li>\n<li>P\u00e9rdida de servicios<\/li>\n<li>El dolor y el sufrimiento<\/li>\n<li>El trauma emocional<\/li>\n<li>p\u00e9rdida de compa\u00f1\u00eda, consorcio, protecci\u00f3n o gu\u00eda<\/li>\n<li>La muerte injusta<\/li>\n<\/ul>\n<p>Usted se merece centrarse en su salud, recuperaci\u00f3n y seres queridos. Su abogado accidente de autob\u00fas que puede traer la paz de la mente como \u00e9l\/ ella busca una indemnizaci\u00f3n por sus gastos y lesiones.<\/p>\n<h2>\u00bfCu\u00e1ntos accidentes suceden en autob\u00fas?<\/h2>\n<p>Los conductores de autob\u00fas en la ciudad de New York, al igual que todos los conductores, otros automovilistas deben un deber de cuidado de tomar medidas razonables para operar un autob\u00fas con seguridad. Los conductores de autob\u00fas deben someterse a una amplia formaci\u00f3n, pasar las pruebas especializadas y seguir las normas para una conducci\u00f3n segura y responsable.<\/p>\n<p>Incluso con normas de seguridad estrictas, ocurren accidentes de autob\u00fas. Pueden ser causadas por:<\/p>\n<ul>\n<li>conducci\u00f3n distra\u00edda (incluyendo mensajes de texto, comer o beber mientras se conduce)<\/li>\n<li>conducir con sue\u00f1o<\/li>\n<li>Conducir en estado de embriaguez o bajo la influencia de drogas o alcohol<\/li>\n<li>La conducci\u00f3n imprudente, incluyendo el exceso de velocidad y la falta de rendimiento<\/li>\n<li>Insuficiente formaci\u00f3n de conductores<\/li>\n<\/ul>\n<p>Usted no deber\u00eda tener que sufrir financieramente si un conductor descuidado usted o un miembro de la familia heridos. Oresky &amp; Associates, PLLC buscar\u00e1n mantener la compa\u00f1\u00eda de autobuses o incluso una rendici\u00f3n de cuentas autoridad gubernamental por sus lesiones y da\u00f1os.<\/p>\n","protected":false},"excerpt":{"rendered":"<p>Defendemos a las v\u00edctimas de accidentes de autob\u00fas en la ciudad de New York El bufete de abogados de Oresky &amp; Associates, los casos de accidentes de autob\u00fas asas PLLC, incluyendo accidentes de peatones desmontables con autobuses y muerte por negligencia. Nos protegeremos a las personas lesionadas por la ciudad de autobuses en New York [&hellip;]<\/p>\n","protected":false},"author":9,"featured_media":0,"parent":18614,"menu_order":44,"comment_status":"closed","ping_status":"closed","template":"","meta":{"_acf_changed":false,"footnotes":""},"class_list":["post-18809","page","type-page","status-publish","hentry"],"acf":[],"yoast_head":"<!-- This site is optimized with the Yoast SEO plugin v27.3 - https:\/\/yoast.com\/product\/yoast-seo-wordpress\/ -->\n<title>Abogado de Accidentes de Autob\u00fas en New York - Oresky &amp; Associates, PLLC<\/title>\n<meta name=\"description\" content=\"Nuestros abogados especialistas en accidentes de autob\u00fas en New York se dedican a obtener la m\u00e1xima compensaci\u00f3n para las v\u00edctimas. Cont\u00e1ctenos hoy.\" \/>\n<meta name=\"robots\" content=\"index, follow, max-snippet:-1, max-image-preview:large, max-video-preview:-1\" \/>\n<link rel=\"canonical\" href=\"https:\/\/oreskylaw.com\/es\/nyc\/abogados-de-accidentes-de-autobus\/\" \/>\n<meta property=\"og:locale\" content=\"es_ES\" \/>\n<meta property=\"og:type\" content=\"article\" \/>\n<meta property=\"og:title\" content=\"Abogado de Accidentes de Autob\u00fas en New York - Oresky &amp; Associates, PLLC\" \/>\n<meta property=\"og:description\" content=\"Nuestros abogados especialistas en accidentes de autob\u00fas en New York se dedican a obtener la m\u00e1xima compensaci\u00f3n para las v\u00edctimas. Cont\u00e1ctenos hoy.\" \/>\n<meta property=\"og:url\" content=\"https:\/\/oreskylaw.com\/es\/nyc\/abogados-de-accidentes-de-autobus\/\" \/>\n<meta property=\"og:site_name\" content=\"Oresky &amp; Associates, PLLC\" \/>\n<meta property=\"article:publisher\" content=\"https:\/\/www.facebook.com\/Oreskylaw\/\" \/>\n<meta property=\"article:modified_time\" content=\"2026-01-30T15:40:46+00:00\" \/>\n<meta property=\"og:image\" content=\"https:\/\/oreskylaw.com\/wp-content\/uploads\/2026\/01\/oresky-team-careers.png\" \/>\n\t<meta property=\"og:image:width\" content=\"995\" \/>\n\t<meta property=\"og:image:height\" content=\"617\" \/>\n\t<meta property=\"og:image:type\" content=\"image\/png\" \/>\n<meta name=\"twitter:card\" content=\"summary_large_image\" \/>\n<meta name=\"twitter:site\" content=\"@JacobOreskyLaw\" \/>\n<meta name=\"twitter:label1\" content=\"Tiempo de lectura\" \/>\n\t<meta name=\"twitter:data1\" content=\"6 minutos\" \/>\n<!-- \/ Yoast SEO plugin. -->","yoast_head_json":{"title":"Abogado de Accidentes de Autob\u00fas en New York - Oresky & Associates, PLLC","description":"Nuestros abogados especialistas en accidentes de autob\u00fas en New York se dedican a obtener la m\u00e1xima compensaci\u00f3n para las v\u00edctimas. Cont\u00e1ctenos hoy.","robots":{"index":"index","follow":"follow","max-snippet":"max-snippet:-1","max-image-preview":"max-image-preview:large","max-video-preview":"max-video-preview:-1"},"canonical":"https:\/\/oreskylaw.com\/es\/nyc\/abogados-de-accidentes-de-autobus\/","og_locale":"es_ES","og_type":"article","og_title":"Abogado de Accidentes de Autob\u00fas en New York - Oresky & Associates, PLLC","og_description":"Nuestros abogados especialistas en accidentes de autob\u00fas en New York se dedican a obtener la m\u00e1xima compensaci\u00f3n para las v\u00edctimas. Cont\u00e1ctenos hoy.","og_url":"https:\/\/oreskylaw.com\/es\/nyc\/abogados-de-accidentes-de-autobus\/","og_site_name":"Oresky &amp; Associates, PLLC","article_publisher":"https:\/\/www.facebook.com\/Oreskylaw\/","article_modified_time":"2026-01-30T15:40:46+00:00","og_image":[{"width":995,"height":617,"url":"https:\/\/oreskylaw.com\/wp-content\/uploads\/2026\/01\/oresky-team-careers.png","type":"image\/png"}],"twitter_card":"summary_large_image","twitter_site":"@JacobOreskyLaw","twitter_misc":{"Tiempo de lectura":"6 minutos"},"schema":{"@context":"https:\/\/schema.org","@graph":[{"@type":"WebPage","@id":"https:\/\/oreskylaw.com\/es\/nyc\/abogados-de-accidentes-de-autobus\/","url":"https:\/\/oreskylaw.com\/es\/nyc\/abogados-de-accidentes-de-autobus\/","name":"Abogado de Accidentes de Autob\u00fas en New York - Oresky & Associates, PLLC","isPartOf":{"@id":"https:\/\/oreskylaw.com\/es\/#website"},"datePublished":"2025-12-09T08:07:31+00:00","dateModified":"2026-01-30T15:40:46+00:00","description":"Nuestros abogados especialistas en accidentes de autob\u00fas en New York se dedican a obtener la m\u00e1xima compensaci\u00f3n para las v\u00edctimas. Cont\u00e1ctenos hoy.","breadcrumb":{"@id":"https:\/\/oreskylaw.com\/es\/nyc\/abogados-de-accidentes-de-autobus\/#breadcrumb"},"inLanguage":"es","potentialAction":[{"@type":"ReadAction","target":["https:\/\/oreskylaw.com\/es\/nyc\/abogados-de-accidentes-de-autobus\/"]}]},{"@type":"BreadcrumbList","@id":"https:\/\/oreskylaw.com\/es\/nyc\/abogados-de-accidentes-de-autobus\/#breadcrumb","itemListElement":[{"@type":"ListItem","position":1,"name":"Inicio","item":"https:\/\/oreskylaw.com\/es\/"},{"@type":"ListItem","position":2,"name":"New York","item":"https:\/\/oreskylaw.com\/es\/nyc\/"},{"@type":"ListItem","position":3,"name":"Abogado de Accidentes de Autob\u00fas"}]},{"@type":"WebSite","@id":"https:\/\/oreskylaw.com\/es\/#website","url":"https:\/\/oreskylaw.com\/es\/","name":"Oresky & Associates PLLC","description":"","publisher":{"@id":"https:\/\/oreskylaw.com\/es\/#organization"},"potentialAction":[{"@type":"SearchAction","target":{"@type":"EntryPoint","urlTemplate":"https:\/\/oreskylaw.com\/es\/?s={search_term_string}"},"query-input":{"@type":"PropertyValueSpecification","valueRequired":true,"valueName":"search_term_string"}}],"inLanguage":"es"}]}},"_links":{"self":[{"href":"https:\/\/oreskylaw.com\/es\/wp-json\/wp\/v2\/pages\/18809","targetHints":{"allow":["GET"]}}],"collection":[{"href":"https:\/\/oreskylaw.com\/es\/wp-json\/wp\/v2\/pages"}],"about":[{"href":"https:\/\/oreskylaw.com\/es\/wp-json\/wp\/v2\/types\/page"}],"author":[{"embeddable":true,"href":"https:\/\/oreskylaw.com\/es\/wp-json\/wp\/v2\/users\/9"}],"replies":[{"embeddable":true,"href":"https:\/\/oreskylaw.com\/es\/wp-json\/wp\/v2\/comments?post=18809"}],"version-history":[{"count":0,"href":"https:\/\/oreskylaw.com\/es\/wp-json\/wp\/v2\/pages\/18809\/revisions"}],"up":[{"embeddable":true,"href":"https:\/\/oreskylaw.com\/es\/wp-json\/wp\/v2\/pages\/18614"}],"wp:attachment":[{"href":"https:\/\/oreskylaw.com\/es\/wp-json\/wp\/v2\/media?parent=18809"}],"curies":[{"name":"wp","href":"https:\/\/api.w.org\/{rel}","templated":true}]}}