{"id":18832,"date":"2025-12-09T08:08:34","date_gmt":"2025-12-09T08:08:34","guid":{"rendered":"https:\/\/oreskylaw.com\/?page_id=18832"},"modified":"2026-01-30T15:47:48","modified_gmt":"2026-01-30T15:47:48","slug":"abogados-de-accidentes-por-excavaciones-y-derrumbes","status":"publish","type":"page","link":"https:\/\/oreskylaw.com\/es\/nyc\/abogados-de-accidentes-por-excavaciones-y-derrumbes\/","title":{"rendered":"Accidentes de excavaci\u00f3n de cuevas"},"content":{"rendered":"<h2>Los abogados de las v\u00edctimas de accidentes de construcci\u00f3n<\/h2>\n<p>Cuevas, colapsos de trinchera, ca\u00eddas, y otros tipos de accidentes en sitios de excavaci\u00f3n pueden provocar lesiones graves e incluso la muerte.<\/p>\n<h3>Los abogados de las v\u00edctimas de accidentes de construcci\u00f3n en el Bronx, Queens y el \u00e1rea metropolitana de New York<\/h3>\n<p>Los derrumbes, colapsos de trinchera, ca\u00eddas y otros tipos de accidentes en sitios de excavaci\u00f3n puede provocar lesiones graves e incluso la muerte. En Oresky &amp; Associates, PLLC, nuestros Queens y el Bronx abogados especialistas en accidentes de excavaci\u00f3n cualificados pueden explorar los hechos de su caso y llegar a una estrategia legal m\u00e1s adecuado para su caso. Vamos a explicar el alcance de sus derechos y opciones, asegur\u00e1ndose de que usted est\u00e1 bien informado en cada paso del camino. Nuestros abogados de accidentes de construcci\u00f3n reconocen que este es uno de los momentos m\u00e1s cruciales de su vida. Por lo tanto, cada caso es una responsabilidad importante que tomamos muy en serio. Nuestra atenci\u00f3n se centra en el trabajo y la construcci\u00f3n de relaciones dif\u00edciles con cada persona que busca nuestra ayuda. Hacemos todo lo posible para acomodar a nuestros clientes, y tener en cuenta el dif\u00edcil momento que est\u00e1 pasando.<\/p>\n<h2>Luchamos por los derechos de los accidentes heridas en la construcci\u00f3n<\/h2>\n<p>A menudo la gente piensa que la compensaci\u00f3n de los trabajadores es su \u00fanica opci\u00f3n cuando se ha lastimado en el trabajo, pero esto no es cierto en muchos casos de accidentes de la construcci\u00f3n. Cuando una persona se ha lesionado y no puede trabajar, los beneficios de compensaci\u00f3n puede ser s\u00f3lo uno de los beneficios que le corresponden. Nuestros abogados de accidentes de excavaci\u00f3n pueden ayudar a las personas en el Bronx, Queens, New York y m\u00e1s all\u00e1 para determinar si tiene derecho a da\u00f1os monetarios por encima y m\u00e1s all\u00e1 de la compensaci\u00f3n del trabajador mediante la presentaci\u00f3n de una demanda. Es importante tener en cuenta que su situaci\u00f3n migratoria en los EE.UU. no es importante a los efectos de la presentaci\u00f3n de una demanda del accidente, y usted puede ser capaz de presentar una demanda, incluso si usted es indocumentado.<\/p>\n<h2>Un R\u00e9cord de \u00e9xito basado en el trabajo duro y la dedicaci\u00f3n<\/h2>\n<p>Cuando se trata de litigios, no hay tiempo que perder. Una vez llame a nuestra oficina, podemos comenzar a construir su caso en la b\u00fasqueda de su compensaci\u00f3n. En tres cortos pasos, su camino legal puede empezar hoy.<\/p>\n<ul>\n<li><strong>Evaluaci\u00f3n gratuita de casos:\u00a0<\/strong>Llame a nuestra oficina, env\u00edenos un correo electr\u00f3nico, o converse con nosotros en l\u00ednea para recibir una evaluaci\u00f3n gratuita de su caso.<\/li>\n<li><strong>Inscr\u00edbase:<\/strong>\u00a0Luego de la revisi\u00f3n gratuita a su caso, podemos crear su perfil de cliente y recopilar la informaci\u00f3n que usted disponga.<\/li>\n<li><strong>Inicie su recuperaci\u00f3n:<\/strong>\u00a0Nos hacemos cargo de su caso, actualiz\u00e1ndole en la medida que avanza. Usted puede concentrarse en su salud a la par que nos enfocamos en su caso.<\/li>\n<\/ul>\n    <div class=\"cw-cta-box\">\n        <div class=\"cw-cta-box__inner \">\n            <div class=\"cw-cta-box__info\">\n                                    <div class=\"label\">\u00a1Llame ahora!<\/div>\n                            <\/div>\n                            <div class=\"contact-phone\">\n                    <a href=\"tel:7189939999\"\n                        aria-label=\"Tap to call button\">\n                        718-993-9999                    <\/a>\n                <\/div>\n                    <\/div>\n                    <a href=\"\/es\/contacto\/\"\n               class=\"cta-btn btn btn--primary btn\"\n               target=\"\">\n                Obtenga Una Consulta Gratuita            <\/a>\n            <\/div>\n    \n<h2>Riesgos planteados por los derrumbes y accidentes de excavaci\u00f3n<\/h2>\n<p><img loading=\"lazy\" decoding=\"async\" class=\"size-full wp-image-12470 alignright\" src=\"https:\/\/oreskylaw.com\/wp-content\/uploads\/2026\/01\/Whos-Responsible-for-My-Bronx-Scaffolding-Accident-Injuries.webp\" alt=\"bronx bridge construction site accident attorney\" width=\"300\" height=\"200\" \/>Sitios de excavaci\u00f3n son intr\u00ednsecamente peligrosas y requieren apuntalamiento adecuado para asegurarse de que la apertura no se derrumbe. apuntalamiento y protecci\u00f3n adecuada es especialmente importante en todo el sitio de excavaci\u00f3n. Si no se toman precauciones, se pueden producir los siguientes tipos de accidentes, entre otros:<\/p>\n<ul>\n<li>Trench colapsos;<\/li>\n<li>Excavaci\u00f3n derrumbes;<\/li>\n<li>trabajadores ser golpeado por tuber\u00edas, placas de acero, o materiales bajados en la excavaci\u00f3n;<\/li>\n<li>trabajadores que caen en excavaciones sin vigilancia o aberturas; o<\/li>\n<li>Los trabajadores de ser golpeado por las cargas siendo bajado por medio de gr\u00faas u otros equipos utilizados en el trabajo.<\/li>\n<\/ul>\n<h2>Conozca sus derechos tras un derrumbe de accidentes<\/h2>\n<h3>Ley del Trabajo<\/h3>\n<p>New York provee de una protecci\u00f3n especial a los trabajadores que se lesionan en accidentes de construcci\u00f3n. Cuando las personas se lesionan en violaci\u00f3n de New York Ley Laboral, art\u00edculo 200, 240 o Secci\u00f3n 241 (6), que pueden ganar premios de da\u00f1os por dolor y sufrimiento, p\u00e9rdidas econ\u00f3micas, como la p\u00e9rdida de beneficios de la uni\u00f3n, salarios perdidos, gastos m\u00e9dicos, y mucho m\u00e1s. La idea detr\u00e1s de estas leyes es colocar la responsabilidad de seguridad en el trabajo sobre los propietarios del sitio, contratistas generales, contratistas y otras partes responsables de proyectos de construcci\u00f3n, en lugar de exigir a los trabajadores a ser responsables de su propia seguridad.<\/p>\n<h3>Ley del Trabajo<\/h3>\n<p>New York Secci\u00f3n 240 protege los derechos de los trabajadores que se lesionan en ca\u00eddas desde alturas o que son golpeados por una ca\u00edda de objetos que requer\u00edan de fijaci\u00f3n. Tambi\u00e9n conocida como la ley de andamiaje, Secci\u00f3n 240 permite a un trabajador para mantener un contratista general, el propietario de un proyecto, un jefe de proyecto, o propietario de un edificio plenamente responsable de su da\u00f1o si cualquiera de estas partes no pudieron suministrar equipo de protecci\u00f3n o no lo hicieron asegurar que los trabajadores de la obra fueron la utilizaci\u00f3n de dicho equipo.<\/p>\n<p>Bajo New York Derecho Laboral Secci\u00f3n 241 (6), si un trabajador de la construcci\u00f3n se lesiona debido a una violaci\u00f3n del c\u00f3digo industrial de New York, el propietario del edificio y el contratista general puede tambi\u00e9n ser responsable. Esta ley requiere que se provea equipo de seguridad y seguir ciertos protocolos de seguridad. Secci\u00f3n 241 (6) permite a las personas lesionadas en los sitios de construcci\u00f3n para obtener una compensaci\u00f3n, adem\u00e1s de lo que ser\u00eda normalmente capaz de recuperar a trav\u00e9s de la compensaci\u00f3n de trabajadores. Sin embargo, la responsabilidad no es absoluto y puede verse afectada por la propia negligencia de un trabajador.<\/p>\n","protected":false},"excerpt":{"rendered":"<p>Los abogados de las v\u00edctimas de accidentes de construcci\u00f3n Cuevas, colapsos de trinchera, ca\u00eddas, y otros tipos de accidentes en sitios de excavaci\u00f3n pueden provocar lesiones graves e incluso la muerte. Los abogados de las v\u00edctimas de accidentes de construcci\u00f3n en el Bronx, Queens y el \u00e1rea metropolitana de New York Los derrumbes, colapsos de [&hellip;]<\/p>\n","protected":false},"author":9,"featured_media":0,"parent":18614,"menu_order":49,"comment_status":"closed","ping_status":"closed","template":"","meta":{"_acf_changed":false,"footnotes":""},"class_list":["post-18832","page","type-page","status-publish","hentry"],"acf":[],"yoast_head":"<!-- This site is optimized with the Yoast SEO plugin v27.3 - https:\/\/yoast.com\/product\/yoast-seo-wordpress\/ -->\n<title>Abogado de Accidentes de excavaci\u00f3n de cuevas, NYC - Oresky &amp; Associates, PLLC<\/title>\n<meta name=\"description\" content=\"\u00bfLesionado en un accidente de excavaci\u00f3n de cuevas en NY? Nuestros abogados luchar\u00e1n para proteger sus derechos y ayudarle a obtener compensaci\u00f3n. \u00a1Cont\u00e1ctenos hoy!\" \/>\n<meta name=\"robots\" content=\"index, follow, max-snippet:-1, max-image-preview:large, max-video-preview:-1\" \/>\n<link rel=\"canonical\" href=\"https:\/\/oreskylaw.com\/es\/nyc\/abogados-de-accidentes-por-excavaciones-y-derrumbes\/\" \/>\n<meta property=\"og:locale\" content=\"es_ES\" \/>\n<meta property=\"og:type\" content=\"article\" \/>\n<meta property=\"og:title\" content=\"Abogado de Accidentes de excavaci\u00f3n de cuevas, NYC - Oresky &amp; Associates, PLLC\" \/>\n<meta property=\"og:description\" content=\"\u00bfLesionado en un accidente de excavaci\u00f3n de cuevas en NY? Nuestros abogados luchar\u00e1n para proteger sus derechos y ayudarle a obtener compensaci\u00f3n. \u00a1Cont\u00e1ctenos hoy!\" \/>\n<meta property=\"og:url\" content=\"https:\/\/oreskylaw.com\/es\/nyc\/abogados-de-accidentes-por-excavaciones-y-derrumbes\/\" \/>\n<meta property=\"og:site_name\" content=\"Oresky &amp; Associates, PLLC\" \/>\n<meta property=\"article:publisher\" content=\"https:\/\/www.facebook.com\/Oreskylaw\/\" \/>\n<meta property=\"article:modified_time\" content=\"2026-01-30T15:47:48+00:00\" \/>\n<meta property=\"og:image\" content=\"https:\/\/oreskylaw.com\/wp-content\/uploads\/2026\/01\/Whos-Responsible-for-My-Bronx-Scaffolding-Accident-Injuries.webp\" \/>\n\t<meta property=\"og:image:width\" content=\"300\" \/>\n\t<meta property=\"og:image:height\" content=\"200\" \/>\n\t<meta property=\"og:image:type\" content=\"image\/webp\" \/>\n<meta name=\"twitter:card\" content=\"summary_large_image\" \/>\n<meta name=\"twitter:site\" content=\"@JacobOreskyLaw\" \/>\n<meta name=\"twitter:label1\" content=\"Tiempo de lectura\" \/>\n\t<meta name=\"twitter:data1\" content=\"5 minutos\" \/>\n<!-- \/ Yoast SEO plugin. -->","yoast_head_json":{"title":"Abogado de Accidentes de excavaci\u00f3n de cuevas, NYC - Oresky & Associates, PLLC","description":"\u00bfLesionado en un accidente de excavaci\u00f3n de cuevas en NY? Nuestros abogados luchar\u00e1n para proteger sus derechos y ayudarle a obtener compensaci\u00f3n. \u00a1Cont\u00e1ctenos hoy!","robots":{"index":"index","follow":"follow","max-snippet":"max-snippet:-1","max-image-preview":"max-image-preview:large","max-video-preview":"max-video-preview:-1"},"canonical":"https:\/\/oreskylaw.com\/es\/nyc\/abogados-de-accidentes-por-excavaciones-y-derrumbes\/","og_locale":"es_ES","og_type":"article","og_title":"Abogado de Accidentes de excavaci\u00f3n de cuevas, NYC - Oresky & Associates, PLLC","og_description":"\u00bfLesionado en un accidente de excavaci\u00f3n de cuevas en NY? Nuestros abogados luchar\u00e1n para proteger sus derechos y ayudarle a obtener compensaci\u00f3n. \u00a1Cont\u00e1ctenos hoy!","og_url":"https:\/\/oreskylaw.com\/es\/nyc\/abogados-de-accidentes-por-excavaciones-y-derrumbes\/","og_site_name":"Oresky &amp; Associates, PLLC","article_publisher":"https:\/\/www.facebook.com\/Oreskylaw\/","article_modified_time":"2026-01-30T15:47:48+00:00","og_image":[{"width":300,"height":200,"url":"https:\/\/oreskylaw.com\/wp-content\/uploads\/2026\/01\/Whos-Responsible-for-My-Bronx-Scaffolding-Accident-Injuries.webp","type":"image\/webp"}],"twitter_card":"summary_large_image","twitter_site":"@JacobOreskyLaw","twitter_misc":{"Tiempo de lectura":"5 minutos"},"schema":{"@context":"https:\/\/schema.org","@graph":[{"@type":"WebPage","@id":"https:\/\/oreskylaw.com\/es\/nyc\/abogados-de-accidentes-por-excavaciones-y-derrumbes\/","url":"https:\/\/oreskylaw.com\/es\/nyc\/abogados-de-accidentes-por-excavaciones-y-derrumbes\/","name":"Abogado de Accidentes de excavaci\u00f3n de cuevas, NYC - Oresky & Associates, PLLC","isPartOf":{"@id":"https:\/\/oreskylaw.com\/es\/#website"},"primaryImageOfPage":{"@id":"https:\/\/oreskylaw.com\/es\/nyc\/abogados-de-accidentes-por-excavaciones-y-derrumbes\/#primaryimage"},"image":{"@id":"https:\/\/oreskylaw.com\/es\/nyc\/abogados-de-accidentes-por-excavaciones-y-derrumbes\/#primaryimage"},"thumbnailUrl":"https:\/\/oreskylaw.com\/wp-content\/uploads\/2026\/01\/Whos-Responsible-for-My-Bronx-Scaffolding-Accident-Injuries.webp","datePublished":"2025-12-09T08:08:34+00:00","dateModified":"2026-01-30T15:47:48+00:00","description":"\u00bfLesionado en un accidente de excavaci\u00f3n de cuevas en NY? Nuestros abogados luchar\u00e1n para proteger sus derechos y ayudarle a obtener compensaci\u00f3n. \u00a1Cont\u00e1ctenos hoy!","breadcrumb":{"@id":"https:\/\/oreskylaw.com\/es\/nyc\/abogados-de-accidentes-por-excavaciones-y-derrumbes\/#breadcrumb"},"inLanguage":"es","potentialAction":[{"@type":"ReadAction","target":["https:\/\/oreskylaw.com\/es\/nyc\/abogados-de-accidentes-por-excavaciones-y-derrumbes\/"]}]},{"@type":"ImageObject","inLanguage":"es","@id":"https:\/\/oreskylaw.com\/es\/nyc\/abogados-de-accidentes-por-excavaciones-y-derrumbes\/#primaryimage","url":"https:\/\/oreskylaw.com\/wp-content\/uploads\/2026\/01\/Whos-Responsible-for-My-Bronx-Scaffolding-Accident-Injuries.webp","contentUrl":"https:\/\/oreskylaw.com\/wp-content\/uploads\/2026\/01\/Whos-Responsible-for-My-Bronx-Scaffolding-Accident-Injuries.webp"},{"@type":"BreadcrumbList","@id":"https:\/\/oreskylaw.com\/es\/nyc\/abogados-de-accidentes-por-excavaciones-y-derrumbes\/#breadcrumb","itemListElement":[{"@type":"ListItem","position":1,"name":"Inicio","item":"https:\/\/oreskylaw.com\/es\/"},{"@type":"ListItem","position":2,"name":"New York","item":"https:\/\/oreskylaw.com\/es\/nyc\/"},{"@type":"ListItem","position":3,"name":"Accidentes de excavaci\u00f3n de cuevas"}]},{"@type":"WebSite","@id":"https:\/\/oreskylaw.com\/es\/#website","url":"https:\/\/oreskylaw.com\/es\/","name":"Oresky & Associates PLLC","description":"","publisher":{"@id":"https:\/\/oreskylaw.com\/es\/#organization"},"potentialAction":[{"@type":"SearchAction","target":{"@type":"EntryPoint","urlTemplate":"https:\/\/oreskylaw.com\/es\/?s={search_term_string}"},"query-input":{"@type":"PropertyValueSpecification","valueRequired":true,"valueName":"search_term_string"}}],"inLanguage":"es"}]}},"_links":{"self":[{"href":"https:\/\/oreskylaw.com\/es\/wp-json\/wp\/v2\/pages\/18832","targetHints":{"allow":["GET"]}}],"collection":[{"href":"https:\/\/oreskylaw.com\/es\/wp-json\/wp\/v2\/pages"}],"about":[{"href":"https:\/\/oreskylaw.com\/es\/wp-json\/wp\/v2\/types\/page"}],"author":[{"embeddable":true,"href":"https:\/\/oreskylaw.com\/es\/wp-json\/wp\/v2\/users\/9"}],"replies":[{"embeddable":true,"href":"https:\/\/oreskylaw.com\/es\/wp-json\/wp\/v2\/comments?post=18832"}],"version-history":[{"count":0,"href":"https:\/\/oreskylaw.com\/es\/wp-json\/wp\/v2\/pages\/18832\/revisions"}],"up":[{"embeddable":true,"href":"https:\/\/oreskylaw.com\/es\/wp-json\/wp\/v2\/pages\/18614"}],"wp:attachment":[{"href":"https:\/\/oreskylaw.com\/es\/wp-json\/wp\/v2\/media?parent=18832"}],"curies":[{"name":"wp","href":"https:\/\/api.w.org\/{rel}","templated":true}]}}