{"id":18843,"date":"2025-12-09T08:08:51","date_gmt":"2025-12-09T08:08:51","guid":{"rendered":"https:\/\/oreskylaw.com\/?page_id=18843"},"modified":"2026-01-30T15:49:31","modified_gmt":"2026-01-30T15:49:31","slug":"abogados-de-accidentes-de-limpieza","status":"publish","type":"page","link":"https:\/\/oreskylaw.com\/es\/nyc\/abogados-de-accidentes-de-limpieza\/","title":{"rendered":"Accidentes de limpieza de ventanas"},"content":{"rendered":"<h2>Oresky &amp; Associates, PLLC, Es Su Firma Confiable de Abogados de Lesiones Laborales en NYC<\/h2>\n<p>El lavado de ventanas es una profesi\u00f3n necesaria pero peligrosa. Si no se le proporciona el equipo de seguridad adecuado, podr\u00eda sufrir lesiones graves en una ca\u00edda u otro tipo de accidente. Nuestros <a href=\"https:\/\/oreskylaw.com\/es\/nyc\/\">abogados de lesiones personales en NYC<\/a> luchan por una compensaci\u00f3n justa en nombre de aquellos que resultan heridos en el trabajo.<\/p>\n<p>Llama a Oresky &amp; Associates, PLLC, al\u00a0<strong>(929) 305-0949<\/strong>\u00a0para obtener m\u00e1s informaci\u00f3n hoy. Ofrecemos consultas gratuitas y podemos asistirte en ingl\u00e9s o espa\u00f1ol.<\/p>\n<h2>C\u00f3mo Nuestros Abogados de Lesiones Personales Ayudar\u00e1n a los Lavadores de Ventanas Comerciales en Caso de un Accidente Laboral<\/h2>\n<p>Oresky &amp; Associates, PLLC, siempre pone a los clientes en primer lugar. Sabemos que este accidente ha trastornado tu vida, y hacemos todo lo posible para asistir a los trabajadores lesionados de las siguientes maneras:<\/p>\n<h3>Realizar una Investigaci\u00f3n Exhaustiva<\/h3>\n<p>Recopilaremos evidencia sobre c\u00f3mo ocurri\u00f3 tu accidente y c\u00f3mo tus lesiones han afectado tu vida. Luego presentaremos esta evidencia a la aseguradora y al tribunal.<\/p>\n<h3>Buscar una Compensaci\u00f3n Justa<\/h3>\n<p>La mayor\u00eda de los casos se resuelven fuera de los tribunales, pero algunos llegan a juicio. Nuestro equipo legal puede manejar tu caso sin importar las acciones legales que requiera.<\/p>\n<h3>Gestionar Toda la Documentaci\u00f3n y Comunicaci\u00f3n<\/h3>\n<p>Hablar\u00e1n por ti con la parte responsable y sus representantes. Nuestro equipo tambi\u00e9n puede presentar y mantener la documentaci\u00f3n importante relacionada con tu caso.<\/p>\n<h2>\u00bfQu\u00e9 Tan Comunes Son los Accidentes de Lavado de Ventanas?<\/h2>\n<p>Los lavadores de ventanas a menudo trabajan suspendidos a muchas historias sobre el suelo con protecci\u00f3n m\u00ednima. Por lo tanto, est\u00e1n en gran riesgo de sufrir lesiones graves o incluso mortales por ca\u00eddas.<\/p>\n<p>Seg\u00fan el\u00a0<a href=\"https:\/\/injuryfacts.nsc.org\/work\/safety-topics\/falls-lower-level\/\" target=\"_blank\" rel=\"nofollow noopener noreferrer\">Consejo Nacional de Seguridad (NSC)<\/a>, las ca\u00eddas a niveles inferiores son una de las causas m\u00e1s comunes de lesiones laborales fatales y no fatales. Los trabajadores que sobreviven a tales ca\u00eddas con frecuencia necesitan tomarse un tiempo libre o ser trasladados a una nueva posici\u00f3n. Un abogado de lesiones laborales en NYC de nuestro equipo legal perseguir\u00e1 la compensaci\u00f3n adecuada por todas tus p\u00e9rdidas.<\/p>\n<h2>Causas Principales de los Accidentes de Lavado de Ventanas en Nueva York<\/h2>\n<p>Demasiado a menudo, los accidentes de lavado de ventanas son el resultado de la negligencia de otra persona. Ejemplos de negligencia incluyen:<\/p>\n<ul>\n<li>No proporcionar a los trabajadores la capacitaci\u00f3n razonable o el equipo de seguridad legalmente requerido (por ejemplo, arneses, cuerdas, lanyards y cinturones de seguridad)<\/li>\n<li>Alquilar herramientas o equipos sin verificar las empresas que poseen o mantienen el equipo<\/li>\n<li>Presionar a los trabajadores para operar bajo condiciones inseguras (por ejemplo, mal tiempo o un horario apurado)<\/li>\n<li>No abordar las quejas sobre las condiciones del lugar de trabajo<\/li>\n<\/ul>\n<h2>Nuestros Abogados de Lesiones Laborales en NYC Abordan Este Tipo de Casos de Accidentes de Lavado de Ventanas<\/h2>\n<p>Asistimos a clientes que sufrieron muchos tipos de accidentes que amenazan la vida, incluyendo:<\/p>\n<ul>\n<li><strong>Ca\u00eddas desde alturas:\u00a0<\/strong>Un trabajador puede caerse de un equipo como un andamio o una escalera, o puede caerse junto con un equipo que colapsa y no se instal\u00f3 o mantuvo correctamente.<\/li>\n<li><strong>Objetos ca\u00eddos:\u00a0<\/strong>Si las herramientas o materiales usados en alturas no est\u00e1n asegurados, podr\u00edan caer y golpear a los trabajadores en un nivel inferior.<\/li>\n<li><strong>Descargas el\u00e9ctricas:<\/strong>\u00a0Las herramientas que sufren un cortocircuito o mal funcionamiento pueden causar descargas el\u00e9ctricas o incluso electrocuciones fatales. Tales lesiones tambi\u00e9n pueden ocurrir si el trabajador entra en contacto con una fuente de electricidad de la que no fue advertido.<\/li>\n<\/ul>\n<h2>Factores que Afectan la Compensaci\u00f3n en Casos de Accidentes de Lavado de Ventanas<\/h2>\n<p>Nuestros abogados de accidentes de lavado de ventanas pueden luchar por la compensaci\u00f3n negociando con la aseguradora de la parte responsable, llevando tu caso a juicio y\/o trabajando estrechamente con nuestros abogados afiliados de compensaci\u00f3n laboral para obtenerte beneficios de compensaci\u00f3n laboral. Los da\u00f1os que recibas dependen de:<\/p>\n<ul>\n<li><strong>El tipo de reclamo que presentes:\u00a0<\/strong>Adem\u00e1s de los beneficios de compensaci\u00f3n laboral, podr\u00edas tener derecho a presentar un reclamo por da\u00f1os por lesiones personales y dolor y sufrimiento, as\u00ed como da\u00f1os relacionados.<\/li>\n<li><strong>La gravedad de tus lesiones:<\/strong>\u00a0Tu compensaci\u00f3n debe reflejar tus p\u00e9rdidas, por lo que cuanto m\u00e1s hayas perdido, m\u00e1s podr\u00e1s recuperar en da\u00f1os.<\/li>\n<\/ul>\n<p>Recibir la compensaci\u00f3n que necesitas no siempre es f\u00e1cil, incluso si legalmente tienes derecho a ella. Nuestros abogados en Nueva York determinar\u00e1n qu\u00e9 tipo de reclamo debes presentar y te guiar\u00e1n durante el proceso legal.<\/p>\n<h2>Lesiones Comunes en Accidentes de Lavado de Ventanas<\/h2>\n<p><img loading=\"lazy\" decoding=\"async\" class=\"size-medium wp-image-14338 alignright\" src=\"https:\/\/oreskylaw.com\/wp-content\/uploads\/2026\/01\/our-nyc-workplace-injury-attorneys-tackle-these-types-of-window-cleaning-accident-cases-300x200.webp\" alt=\"window cleaning technicians\" width=\"300\" height=\"200\" srcset=\"https:\/\/oreskylaw.com\/wp-content\/uploads\/2026\/01\/our-nyc-workplace-injury-attorneys-tackle-these-types-of-window-cleaning-accident-cases-300x200.webp 300w, https:\/\/oreskylaw.com\/wp-content\/uploads\/2026\/01\/our-nyc-workplace-injury-attorneys-tackle-these-types-of-window-cleaning-accident-cases-768x512.webp 768w, https:\/\/oreskylaw.com\/wp-content\/uploads\/2026\/01\/our-nyc-workplace-injury-attorneys-tackle-these-types-of-window-cleaning-accident-cases.webp 900w\" sizes=\"auto, (max-width: 300px) 100vw, 300px\" \/>El NSC informa que las ca\u00eddas desde alturas a menudo resultan en:<\/p>\n<ul>\n<li>Desgarros musculares, esguinces y distensiones<\/li>\n<li>Fracturas \u00f3seas<\/li>\n<li>Lesiones en la espalda<\/li>\n<li>Lesiones en las piernas<\/li>\n<li>Muerte<\/li>\n<\/ul>\n<p>Cuanto m\u00e1s alto sea el lugar de la ca\u00edda, m\u00e1s catastr\u00f3fica ser\u00e1 la lesi\u00f3n. En el peor de los casos, tu ser querido podr\u00eda perder la vida en un accidente as\u00ed, o podr\u00edas quedar permanentemente discapacitado por una amputaci\u00f3n o lesi\u00f3n en la m\u00e9dula espinal.<\/p>\n<p>Los accidentes de lavado de ventanas tambi\u00e9n pueden resultar en da\u00f1o nervioso, lesiones por aplastamiento o lesiones cerebrales traum\u00e1ticas.<\/p>\n<h2>Legislaci\u00f3n Laboral de Nueva York: Protecci\u00f3n a los Trabajadores en Accidentes de Lavado de Ventanas<\/h2>\n<p>Los limpiadores de ventanas en Nueva York est\u00e1n protegidos por leyes como las siguientes:<\/p>\n<ul>\n<li><strong><a href=\"https:\/\/www.nysenate.gov\/legislation\/laws\/LAB\/202\" target=\"_blank\" rel=\"nofollow noopener noreferrer\">Ley Laboral 202<\/a>:<\/strong>\u00a0Esta ley protege a los limpiadores de ventanas exigiendo la provisi\u00f3n y uso de equipo de seguridad.<\/li>\n<li><strong><a href=\"https:\/\/www.nysenate.gov\/legislation\/laws\/LAB\/240\" target=\"_blank\" rel=\"nofollow noopener noreferrer\">Ley Laboral 240<\/a>:\u00a0<\/strong>Tambi\u00e9n llamada la Ley de Andamios, esta ley exige que los contratistas y algunos propietarios de edificios aseguren que los trabajadores involucrados en ciertas actividades (incluido el lavado de ventanas) tengan protecci\u00f3n adecuada.<\/li>\n<li><strong><a href=\"https:\/\/www.nysenate.gov\/legislation\/laws\/WKC\/10\" target=\"_blank\" rel=\"nofollow noopener noreferrer\">WKC 10<\/a>:\u00a0<\/strong>Esta ley exige que casi todos los empleadores en el estado de Nueva York lleven seguro de compensaci\u00f3n laboral. Esto da a los empleados lesionados el derecho a buscar beneficios de compensaci\u00f3n laboral si resultan heridos en el trabajo.<\/li>\n<\/ul>\n<p>Si se violaron tus derechos, nuestros abogados de lesiones laborales en NYC identificar\u00e1n la ley que se aplica a tu caso y buscar\u00e1n justicia contra la parte o partes que ignoraron esa ley.<\/p>\n<h2>\u00bfQui\u00e9n es Responsable de un Accidente de Lavado de Ventanas en Nueva York?<\/h2>\n<p>Eso depende de c\u00f3mo ocurri\u00f3 tu accidente. Oresky &amp; Associates, PLLC, representa a los trabajadores en casos donde las partes responsables son:<\/p>\n<h3>Propietarios de Edificios \/ Gerentes de Propiedades<\/h3>\n<p>Seg\u00fan la Ley de Andamios de Nueva York, ciertos propietarios de edificios y gerentes pueden ser 100% responsables de lesiones relacionadas con ca\u00eddas.<\/p>\n<h3>Contratistas<\/h3>\n<p>Los contratistas que tienen control sobre las operaciones del lugar de trabajo tambi\u00e9n son responsables de garantizar que los trabajadores est\u00e9n seguros y tengan acceso a equipos de protecci\u00f3n, especialmente protecci\u00f3n contra ca\u00eddas.<\/p>\n<h2>\u00bfQu\u00e9 Da\u00f1os Puedo Recuperar Despu\u00e9s de una Lesi\u00f3n en un Accidente de Lavado de Ventanas?<\/h2>\n<p>Los da\u00f1os que puedes recuperar var\u00edan seg\u00fan el tipo de reclamo que presentes. Un reclamo de compensaci\u00f3n laboral podr\u00eda otorgarte:<\/p>\n<ul>\n<li>Atenci\u00f3n m\u00e9dica<\/li>\n<li>Salarios perdidos<\/li>\n<li>Beneficios por discapacidad permanente<\/li>\n<\/ul>\n<p>En casos de accidentes fatales, los familiares sobrevivientes del trabajador pueden buscar pagos semanales en efectivo y el reembolso de los gastos funerarios.<\/p>\n<p>Un reclamo por lesiones personales te permite buscar compensaci\u00f3n por todo tu sufrimiento, no solo por las p\u00e9rdidas que encajen dentro de las categor\u00edas mencionadas anteriormente. Los abogados de accidentes de lavado de ventanas en Nueva York de nuestro equipo legal luchar\u00e1n por una compensaci\u00f3n por:<\/p>\n<ul>\n<li>Dolor y sufrimiento pasados y futuros<\/li>\n<li>P\u00e9rdida de beneficios sindicales y otros beneficios laborales<\/li>\n<li>P\u00e9rdida de consorcio<\/li>\n<li>P\u00e9rdida de capacidad de ganar<\/li>\n<li>Calidad de vida reducida<\/li>\n<\/ul>\n<p>Si perdiste a un ser querido en un accidente de lavado de ventanas, podr\u00edas calificar para da\u00f1os basados en la p\u00e9rdida de apoyo financiero y el dolor y sufrimiento de tu ser querido.<\/p>\n<h2>\u00bfPuedo Obtener una Compensaci\u00f3n Incluso si Me Culpan por un Accidente al Lavar Ventanas?<\/h2>\n<p><img loading=\"lazy\" decoding=\"async\" class=\"size-medium wp-image-14345 alignleft\" src=\"https:\/\/oreskylaw.com\/wp-content\/uploads\/2026\/01\/can-i-get-compensation-even-if-i-m-blamed-for-a-window-washing-accident-300x225.webp\" alt=\"comperative negligence\" width=\"300\" height=\"225\" srcset=\"https:\/\/oreskylaw.com\/wp-content\/uploads\/2026\/01\/can-i-get-compensation-even-if-i-m-blamed-for-a-window-washing-accident-300x225.webp 300w, https:\/\/oreskylaw.com\/wp-content\/uploads\/2026\/01\/can-i-get-compensation-even-if-i-m-blamed-for-a-window-washing-accident-768x576.webp 768w, https:\/\/oreskylaw.com\/wp-content\/uploads\/2026\/01\/can-i-get-compensation-even-if-i-m-blamed-for-a-window-washing-accident.webp 900w\" sizes=\"auto, (max-width: 300px) 100vw, 300px\" \/>Es posible que a\u00fan tenga derecho a una compensaci\u00f3n, incluso si es parcialmente culpable de sus lesiones al lavar ventanas. Bajo el t\u00e9rmino \u00abpuro\u00bb de Nueva York\u00a0<a href=\"https:\/\/www.nysenate.gov\/legislation\/laws\/CVP\/A14-A\" target=\"_blank\" rel=\"nofollow noopener noreferrer\">ley de negligencia comparada<\/a>, los trabajadores lesionados pueden recuperar los da\u00f1os incluso si comparten parte de la responsabilidad por el incidente.<\/p>\n<p>De hecho, seg\u00fan la ley, a\u00fan puede recibir dinero incluso si sus acciones contribuyeron al accidente m\u00e1s que las acciones de los acusados. Sin embargo, su compensaci\u00f3n se reducir\u00e1 en funci\u00f3n de su porcentaje de culpa. Si ha resultado lesionado, hablar con nuestros abogados con experiencia puede proteger sus derechos.<\/p>\n<h2>Qu\u00e9 Hacer Despu\u00e9s de un Accidente de Lavado de Ventanas en Nueva York: Tu Gu\u00eda para Recibir Compensaci\u00f3n<\/h2>\n<p>Es f\u00e1cil sentirse abrumado, asustado y confundido despu\u00e9s de un accidente laboral. Hay pasos que puedes tomar para protegerte a ti mismo y a tus derechos comenzando inmediatamente despu\u00e9s de la lesi\u00f3n. Nuestro abogado de lesiones laborales en NYC recomienda que:<\/p>\n<h3>Asegurar la Seguridad<\/h3>\n<p>Esta es tu principal prioridad. Si es posible, al\u00e9jate de posibles peligros (por ejemplo, equipo en peligro de caer) y avisa a los dem\u00e1s que se mantengan alejados del lugar del accidente.<\/p>\n<h3>Reportar el Accidente<\/h3>\n<p>No solo al informar a tu empleador sobre la lesi\u00f3n se preserva tu derecho a la compensaci\u00f3n laboral, tambi\u00e9n se proporciona evidencia documental de que la lesi\u00f3n ocurri\u00f3 en el trabajo.<\/p>\n<h3>Documentar el Escenario<\/h3>\n<p>Si no est\u00e1s demasiado herido para hacerlo, toma fotos o videos de tus lesiones, el lugar de trabajo y cualquier equipo involucrado en el accidente.<\/p>\n<h3>Obtener Informaci\u00f3n de Testigos<\/h3>\n<p>Anota qui\u00e9n est\u00e1 en el lugar de trabajo contigo. Obt\u00e9n sus nombres e informaci\u00f3n de contacto para que nuestros abogados de accidentes de lavado de ventanas puedan hablar con ellos m\u00e1s tarde.<\/p>\n<h3>Buscar Atenci\u00f3n M\u00e9dica<\/h3>\n<p>Obt\u00e9n ayuda m\u00e9dica llamando al 911 o visitando una instalaci\u00f3n m\u00e9dica. Permite que tu doctor realice todas las pruebas necesarias para diagnosticar tu lesi\u00f3n, luego sigue todas sus instrucciones.<\/p>\n<h3>Presentar un Reclamo de Compensaci\u00f3n Laboral (Si Aplica)<\/h3>\n<p>Si eres un empleado elegible para beneficios de compensaci\u00f3n laboral, nuestros abogados afiliados de compensaci\u00f3n laboral te ayudar\u00e1n a presentar tu reclamo.<\/p>\n<h3>Consultar con Nuestro Abogado de Lesiones Laborales en Nueva York<\/h3>\n<p>Nos encargaremos de todos los asuntos legales en tu nombre para que no tengas que preocuparte por tratar con las aseguradoras o comprometer accidentalmente tus derechos.<\/p>\n    <div class=\"cw-cta-box\">\n        <div class=\"cw-cta-box__inner \">\n            <div class=\"cw-cta-box__info\">\n                                    <div class=\"label\">\u00a1Llame ahora!<\/div>\n                            <\/div>\n                            <div class=\"contact-phone\">\n                    <a href=\"tel:7189939999\"\n                        aria-label=\"Tap to call button\">\n                        718-993-9999                    <\/a>\n                <\/div>\n                    <\/div>\n                    <a href=\"\/es\/contacto\/\"\n               class=\"cta-btn btn btn--primary btn\"\n               target=\"\">\n                Obtenga Una Consulta Gratuita            <\/a>\n            <\/div>\n    \n<h2>Nuestros Abogados de Lesiones Personales en NYC Ayudan a Descubrir la Responsabilidad<\/h2>\n<p>Probar qui\u00e9n es responsable en tu caso requiere que recopilemos evidencia y construyamos un archivo de caso. Mientras te recuperas, nuestros abogados de lesiones laborales revisar\u00e1n:<\/p>\n<ul>\n<li>Registros internos de la empresa, incluidos los informes de accidentes<\/li>\n<li>Informes de expertos<\/li>\n<li>Testimonios de la parte responsable<\/li>\n<li>Im\u00e1genes de vigilancia<\/li>\n<li>Declaraciones de testigos<\/li>\n<\/ul>\n<h2>Nuestros Abogados de NYC Manejan Casos Sensibles al Tiempo<\/h2>\n<p>Tienes un tiempo limitado para buscar compensaci\u00f3n, independientemente de si buscas beneficios de compensaci\u00f3n laboral o da\u00f1os por lesiones personales. Si no informas tu lesi\u00f3n a tu empleador y\/o no presentas tu caso a tiempo, podr\u00edas no recibir nada.<\/p>\n<p>Oresky &amp; Associates, PLLC, te insta a contactarnos justo despu\u00e9s de recibir atenci\u00f3n m\u00e9dica. Esto nos da la mayor cantidad de tiempo posible para investigar tu caso y presentar la documentaci\u00f3n necesaria.<\/p>\n<h2>Determinamos el Valor de Tu Reclamo por Lesi\u00f3n en un Accidente de Lavado de Ventanas<\/h2>\n<p>Las aseguradoras a menudo resisten pagar una cantidad justa en casos de accidentes laborales. Podr\u00edan ofrecerte menos de lo que mereces, negarse a negociar o insistir en que tu caso no vale tanto como piensas.<\/p>\n<p>No dejes que la aseguradora se aproveche de ti en un momento tan dif\u00edcil. Nuestros abogados de accidentes de lavado de ventanas trabajar\u00e1n contigo para determinar cu\u00e1nto vale tu caso. De esta manera, si la aseguradora te ofrece un acuerdo, podr\u00e1s saber si es apropiado. Revisaremos cada oferta de acuerdo contigo antes de que decidas si aceptarla o no.<\/p>\n","protected":false},"excerpt":{"rendered":"<p>Oresky &amp; Associates, PLLC, Es Su Firma Confiable de Abogados de Lesiones Laborales en NYC El lavado de ventanas es una profesi\u00f3n necesaria pero peligrosa. Si no se le proporciona el equipo de seguridad adecuado, podr\u00eda sufrir lesiones graves en una ca\u00edda u otro tipo de accidente. Nuestros abogados de lesiones personales en NYC luchan [&hellip;]<\/p>\n","protected":false},"author":9,"featured_media":0,"parent":18614,"menu_order":51,"comment_status":"closed","ping_status":"closed","template":"","meta":{"_acf_changed":false,"footnotes":""},"class_list":["post-18843","page","type-page","status-publish","hentry"],"acf":[],"yoast_head":"<!-- This site is optimized with the Yoast SEO plugin v27.3 - https:\/\/yoast.com\/product\/yoast-seo-wordpress\/ -->\n<title>Abogado de accidentes por lavado de ventanas en Nueva York - Oresky &amp; Associates, PLLC<\/title>\n<meta name=\"description\" content=\"\u00bfSe lesion\u00f3 mientras lavaba ventanas? Conf\u00ede en los abogados de Oresky &amp; Associates, PLLC para luchar por una compensaci\u00f3n. Ll\u00e1menos para una consulta sobre su accidente al limpiar ventanas.\" \/>\n<meta name=\"robots\" content=\"index, follow, max-snippet:-1, max-image-preview:large, max-video-preview:-1\" \/>\n<link rel=\"canonical\" href=\"https:\/\/oreskylaw.com\/es\/nyc\/abogados-de-accidentes-de-limpieza\/\" \/>\n<meta property=\"og:locale\" content=\"es_ES\" \/>\n<meta property=\"og:type\" content=\"article\" \/>\n<meta property=\"og:title\" content=\"Abogado de accidentes por lavado de ventanas en Nueva York - Oresky &amp; Associates, PLLC\" \/>\n<meta property=\"og:description\" content=\"\u00bfSe lesion\u00f3 mientras lavaba ventanas? Conf\u00ede en los abogados de Oresky &amp; Associates, PLLC para luchar por una compensaci\u00f3n. Ll\u00e1menos para una consulta sobre su accidente al limpiar ventanas.\" \/>\n<meta property=\"og:url\" content=\"https:\/\/oreskylaw.com\/es\/nyc\/abogados-de-accidentes-de-limpieza\/\" \/>\n<meta property=\"og:site_name\" content=\"Oresky &amp; Associates, PLLC\" \/>\n<meta property=\"article:publisher\" content=\"https:\/\/www.facebook.com\/Oreskylaw\/\" \/>\n<meta property=\"article:modified_time\" content=\"2026-01-30T15:49:31+00:00\" \/>\n<meta property=\"og:image\" content=\"https:\/\/oreskylaw.com\/wp-content\/uploads\/2026\/01\/our-nyc-workplace-injury-attorneys-tackle-these-types-of-window-cleaning-accident-cases.webp\" \/>\n\t<meta property=\"og:image:width\" content=\"900\" \/>\n\t<meta property=\"og:image:height\" content=\"600\" \/>\n\t<meta property=\"og:image:type\" content=\"image\/webp\" \/>\n<meta name=\"twitter:card\" content=\"summary_large_image\" \/>\n<meta name=\"twitter:site\" content=\"@JacobOreskyLaw\" \/>\n<meta name=\"twitter:label1\" content=\"Tiempo de lectura\" \/>\n\t<meta name=\"twitter:data1\" content=\"9 minutos\" \/>\n<!-- \/ Yoast SEO plugin. -->","yoast_head_json":{"title":"Abogado de accidentes por lavado de ventanas en Nueva York - Oresky & Associates, PLLC","description":"\u00bfSe lesion\u00f3 mientras lavaba ventanas? Conf\u00ede en los abogados de Oresky & Associates, PLLC para luchar por una compensaci\u00f3n. Ll\u00e1menos para una consulta sobre su accidente al limpiar ventanas.","robots":{"index":"index","follow":"follow","max-snippet":"max-snippet:-1","max-image-preview":"max-image-preview:large","max-video-preview":"max-video-preview:-1"},"canonical":"https:\/\/oreskylaw.com\/es\/nyc\/abogados-de-accidentes-de-limpieza\/","og_locale":"es_ES","og_type":"article","og_title":"Abogado de accidentes por lavado de ventanas en Nueva York - Oresky & Associates, PLLC","og_description":"\u00bfSe lesion\u00f3 mientras lavaba ventanas? Conf\u00ede en los abogados de Oresky & Associates, PLLC para luchar por una compensaci\u00f3n. Ll\u00e1menos para una consulta sobre su accidente al limpiar ventanas.","og_url":"https:\/\/oreskylaw.com\/es\/nyc\/abogados-de-accidentes-de-limpieza\/","og_site_name":"Oresky &amp; Associates, PLLC","article_publisher":"https:\/\/www.facebook.com\/Oreskylaw\/","article_modified_time":"2026-01-30T15:49:31+00:00","og_image":[{"width":900,"height":600,"url":"https:\/\/oreskylaw.com\/wp-content\/uploads\/2026\/01\/our-nyc-workplace-injury-attorneys-tackle-these-types-of-window-cleaning-accident-cases.webp","type":"image\/webp"}],"twitter_card":"summary_large_image","twitter_site":"@JacobOreskyLaw","twitter_misc":{"Tiempo de lectura":"9 minutos"},"schema":{"@context":"https:\/\/schema.org","@graph":[{"@type":"WebPage","@id":"https:\/\/oreskylaw.com\/es\/nyc\/abogados-de-accidentes-de-limpieza\/","url":"https:\/\/oreskylaw.com\/es\/nyc\/abogados-de-accidentes-de-limpieza\/","name":"Abogado de accidentes por lavado de ventanas en Nueva York - Oresky & Associates, PLLC","isPartOf":{"@id":"https:\/\/oreskylaw.com\/es\/#website"},"primaryImageOfPage":{"@id":"https:\/\/oreskylaw.com\/es\/nyc\/abogados-de-accidentes-de-limpieza\/#primaryimage"},"image":{"@id":"https:\/\/oreskylaw.com\/es\/nyc\/abogados-de-accidentes-de-limpieza\/#primaryimage"},"thumbnailUrl":"https:\/\/oreskylaw.com\/wp-content\/uploads\/2026\/01\/our-nyc-workplace-injury-attorneys-tackle-these-types-of-window-cleaning-accident-cases-300x200.webp","datePublished":"2025-12-09T08:08:51+00:00","dateModified":"2026-01-30T15:49:31+00:00","description":"\u00bfSe lesion\u00f3 mientras lavaba ventanas? Conf\u00ede en los abogados de Oresky & Associates, PLLC para luchar por una compensaci\u00f3n. Ll\u00e1menos para una consulta sobre su accidente al limpiar ventanas.","breadcrumb":{"@id":"https:\/\/oreskylaw.com\/es\/nyc\/abogados-de-accidentes-de-limpieza\/#breadcrumb"},"inLanguage":"es","potentialAction":[{"@type":"ReadAction","target":["https:\/\/oreskylaw.com\/es\/nyc\/abogados-de-accidentes-de-limpieza\/"]}]},{"@type":"ImageObject","inLanguage":"es","@id":"https:\/\/oreskylaw.com\/es\/nyc\/abogados-de-accidentes-de-limpieza\/#primaryimage","url":"https:\/\/oreskylaw.com\/wp-content\/uploads\/2026\/01\/our-nyc-workplace-injury-attorneys-tackle-these-types-of-window-cleaning-accident-cases-300x200.webp","contentUrl":"https:\/\/oreskylaw.com\/wp-content\/uploads\/2026\/01\/our-nyc-workplace-injury-attorneys-tackle-these-types-of-window-cleaning-accident-cases-300x200.webp"},{"@type":"BreadcrumbList","@id":"https:\/\/oreskylaw.com\/es\/nyc\/abogados-de-accidentes-de-limpieza\/#breadcrumb","itemListElement":[{"@type":"ListItem","position":1,"name":"Inicio","item":"https:\/\/oreskylaw.com\/es\/"},{"@type":"ListItem","position":2,"name":"New York","item":"https:\/\/oreskylaw.com\/es\/nyc\/"},{"@type":"ListItem","position":3,"name":"Accidentes de limpieza de ventanas"}]},{"@type":"WebSite","@id":"https:\/\/oreskylaw.com\/es\/#website","url":"https:\/\/oreskylaw.com\/es\/","name":"Oresky & Associates PLLC","description":"","publisher":{"@id":"https:\/\/oreskylaw.com\/es\/#organization"},"potentialAction":[{"@type":"SearchAction","target":{"@type":"EntryPoint","urlTemplate":"https:\/\/oreskylaw.com\/es\/?s={search_term_string}"},"query-input":{"@type":"PropertyValueSpecification","valueRequired":true,"valueName":"search_term_string"}}],"inLanguage":"es"}]}},"_links":{"self":[{"href":"https:\/\/oreskylaw.com\/es\/wp-json\/wp\/v2\/pages\/18843","targetHints":{"allow":["GET"]}}],"collection":[{"href":"https:\/\/oreskylaw.com\/es\/wp-json\/wp\/v2\/pages"}],"about":[{"href":"https:\/\/oreskylaw.com\/es\/wp-json\/wp\/v2\/types\/page"}],"author":[{"embeddable":true,"href":"https:\/\/oreskylaw.com\/es\/wp-json\/wp\/v2\/users\/9"}],"replies":[{"embeddable":true,"href":"https:\/\/oreskylaw.com\/es\/wp-json\/wp\/v2\/comments?post=18843"}],"version-history":[{"count":0,"href":"https:\/\/oreskylaw.com\/es\/wp-json\/wp\/v2\/pages\/18843\/revisions"}],"up":[{"embeddable":true,"href":"https:\/\/oreskylaw.com\/es\/wp-json\/wp\/v2\/pages\/18614"}],"wp:attachment":[{"href":"https:\/\/oreskylaw.com\/es\/wp-json\/wp\/v2\/media?parent=18843"}],"curies":[{"name":"wp","href":"https:\/\/api.w.org\/{rel}","templated":true}]}}