{"id":18855,"date":"2025-12-09T08:09:26","date_gmt":"2025-12-09T08:09:26","guid":{"rendered":"https:\/\/oreskylaw.com\/?page_id=18855"},"modified":"2026-01-30T15:53:36","modified_gmt":"2026-01-30T15:53:36","slug":"abogados-de-accidentes-de-grua","status":"publish","type":"page","link":"https:\/\/oreskylaw.com\/es\/nyc\/abogados-de-accidentes-de-grua\/","title":{"rendered":"Accidentes con Gr\u00faas"},"content":{"rendered":"<h2>Abogados confiables de accidentes de gr\u00faas en New York<\/h2>\n<p>Las gr\u00faas de construcci\u00f3n que salpican el horizonte de la ciudad de New York son m\u00e1s que simples accesorios: son peligros potenciales. Cuando la negligencia provoca lesiones, la justicia debe ser r\u00e1pida e intransigente. El equipo de Oresky &amp; Associates, PLLC, no solo busca la rendici\u00f3n de cuentas, sino que tambi\u00e9n la exigimos.<\/p>\n<p>Conf\u00ede en nuestros abogados expertos en accidentes de gr\u00faas en la ciudad de New York para defender su causa sin descanso. Con d\u00e9cadas de experiencia legal comprobada, buscamos una compensaci\u00f3n justa con todo lo que est\u00e1 en nuestro arsenal legal. Su lucha por la justicia comienza ahora con una consulta gratuita y sin compromiso. Marque\u00a0<a href=\"tel:+19295600687\">(929) 560-0687<\/a>\u00a0para empezar.<\/p>\n<h2>Causas comunes de accidentes de gr\u00faas en la ciudad de New York<\/h2>\n<p>Descubrir la causa de su accidente de gr\u00faa empodera\u00a0<a href=\"https:\/\/oreskylaw.com\/es\/abogados\/\">nuestro equipo legal<\/a>\u00a0para responsabilizar financieramente a las partes responsables por sus p\u00e9rdidas. A trav\u00e9s de una investigaci\u00f3n exhaustiva, podemos descubrir que uno o m\u00e1s de los siguientes factores provocaron sus lesiones graves:<\/p>\n<ul>\n<li><strong>Colapso de gr\u00faa.<\/strong> La colocaci\u00f3n, la fijaci\u00f3n y el anclaje de una gr\u00faa pueden ser defectuosos, lo que puede provocar que la gr\u00faa se vuelque o se derrumbe y provocar un accidente. En este caso, su abogado especializado en accidentes de gr\u00faas en New York podr\u00eda presentar una demanda contra el propietario responsable de la obra, los contratistas y otras partes.<\/li>\n<li><strong>Ponerse en contacto con las l\u00edneas el\u00e9ctricas.<\/strong>\u00a0<a href=\"https:\/\/www.osha.gov\/vtools\/construction\/crane-powerline-fnl-eng-web-transcript\" target=\"_blank\" rel=\"nofollow noopener noreferrer\">La Administraci\u00f3n de Salud y Seguridad Ocupacional (OSHA)<\/a>\u00a0informa que pueden producirse electrocuciones al operar una gr\u00faa alrededor de cables con corriente. Muchas partes deben trabajar en conjunto para evitar que se produzcan accidentes, desde desactivar los cables con corriente hasta mantener despejada la obra.<\/li>\n<li><strong>Ca\u00edda de carga y huelga de trabajadores de la construcci\u00f3n.<\/strong> La carga que levanta una gr\u00faa debe estar debidamente asegurada. Si no lo hace, es posible que los trabajadores de la construcci\u00f3n y los peatones sean golpeados por la ca\u00edda de materiales de construcci\u00f3n, equipos o escombros.<\/li>\n<li><strong>Inexperiencia del operador.<\/strong> Per\u00a0<a href=\"https:\/\/www.nyc.gov\/site\/buildings\/industry\/hoisting-nccco-cic-requirements.page\" target=\"_blank\" rel=\"nofollow noopener noreferrer\">Edificios de New York<\/a>, los operadores deben aprobar un examen escrito y pr\u00e1ctico para obtener la certificaci\u00f3n. Sin embargo, algunos contratistas generales permiten que trabajadores no certificados operen gr\u00faas para reducir los costos. Esto constituye una negligencia y los expone a la responsabilidad.<\/li>\n<\/ul>\n<h2>Nuestros abogados de accidentes de New York luchan por los clientes con estas condiciones<\/h2>\n<p>Si sufri\u00f3 una lesi\u00f3n grave que requiri\u00f3 hospitalizaci\u00f3n, se beneficiar\u00e1 de confiar su caso a Oresky &amp; Associates, PLLC. Desde la creaci\u00f3n de nuestra firma en 1992, nuestros abogados han recuperado m\u00e1s de\u00a0<a href=\"https:\/\/oreskylaw.com\/es\/resultados-del-casos\/\">500 millones de d\u00f3lares en acuerdos y veredictos<\/a>\u00a0para personas que sufren de:<\/p>\n<div class=\"row\">\n<ul class=\"col-xl-6\">\n<li>Lesiones cerebrales traum\u00e1ticas<\/li>\n<li>Lesiones aplastantes<\/li>\n<li>Electrocuciones<\/li>\n<li>Quemaduras<\/li>\n<li>Huesos rotos<\/li>\n<\/ul>\n<ul class=\"col-xl-6\">\n<li>Da\u00f1o a \u00f3rganos<\/li>\n<li>Hemorragia interna<\/li>\n<li>La p\u00e9rdida de una o m\u00e1s extremidades<\/li>\n<li>Traumatismo medular<\/li>\n<li>Lesiones mortales<\/li>\n<\/ul>\n<\/div>\n<p>No dejes que la otra parte minimice la gravedad de tu afecci\u00f3n y te desanime de solicitar una indemnizaci\u00f3n por da\u00f1os y perjuicios. Nuestros abogados de accidentes de gr\u00faas en la ciudad de New York se interponen entre usted y cualquier parte contraria.<\/p>\n<h2>C\u00f3mo se beneficia de trabajar con nuestros abogados de accidentes de gr\u00faas en New York<\/h2>\n<p>No importa lo complicado que sea su caso. Si hay disputas sobre la responsabilidad, cuestiones relacionadas con la culpa u otros obst\u00e1culos, Oresky &amp; Associates, PLLC trabajar\u00e1 arduamente y estar\u00e1 a la altura del desaf\u00edo. Nos ocupamos de casos que otros bufetes de abogados evitan, incluidos aquellos relacionados con condiciones que alteran la vida.<\/p>\n<p>Usted se beneficia de la orientaci\u00f3n de nuestro equipo de accidentes de gr\u00faas en New York porque ofrecemos:<\/p>\n<h3>Ayuda para navegar el proceso de demanda civil.<\/h3>\n<p>Comprender los matices legales de los accidentes de gr\u00faas requiere conocimientos muy espec\u00edficos. Nuestros abogados ofrecen un asesoramiento legal integral adaptado a las caracter\u00edsticas espec\u00edficas de su caso de accidente de gr\u00faa.<\/p>\n<h3>Nuestros recursos de investigaci\u00f3n.<\/h3>\n<p>Los casos exitosos de accidentes de gr\u00faas se basan en pruebas convincentes. Llevamos a cabo investigaciones exhaustivas y recopilamos pruebas cruciales, como los protocolos de seguridad de las instalaciones, los registros de mantenimiento y las declaraciones de los testigos, para construir casos s\u00f3lidos.<\/p>\n<h3>Habilidad en el manejo de las compa\u00f1\u00edas de seguros.<\/h3>\n<p>Lidiar con las compa\u00f1\u00edas de seguros y sus t\u00e1cticas puede resultar abrumador. Nuestros abogados experimentados gestionan todas las comunicaciones y negociaciones con estas compa\u00f1\u00edas, protegiendo sus derechos en cada paso del proceso.<\/p>\n<h3>Apoyo emocional y moral.<\/h3>\n<p>Nuestros clientes no son n\u00fameros de casos. Cuando se asocian con nosotros, se convierten en miembros de nuestra extensa familia. Nos tomamos el resultado de su caso tan en serio como usted porque entendemos la importancia de una compensaci\u00f3n justa.<\/p>\n<p>Cuando decimos que nos ocuparemos de todo lo relacionado con su caso de accidente de gr\u00faa, lo decimos en serio. Como lo demuestra\u00a0<a href=\"https:\/\/oreskylaw.com\/es\/testimonios\/\">un cliente anterior<\/a>: \u00abJacob Oresky &amp; Associates me ayud\u00f3 mucho y se encarg\u00f3 de todo lo que hab\u00eda que hacer mientras me recuperaba. [\u00c9l] hizo un gran trabajo luchando por m\u00ed y fue muy amable y dedicado. Much\u00edsimas gracias\u00bb.<\/p>\n    <div class=\"cw-cta-box\">\n        <div class=\"cw-cta-box__inner \">\n            <div class=\"cw-cta-box__info\">\n                                    <div class=\"label\">\u00a1Llame ahora!<\/div>\n                            <\/div>\n                            <div class=\"contact-phone\">\n                    <a href=\"tel:7189939999\"\n                        aria-label=\"Tap to call button\">\n                        718-993-9999                    <\/a>\n                <\/div>\n                    <\/div>\n                    <a href=\"\/es\/contacto\/\"\n               class=\"cta-btn btn btn--primary btn\"\n               target=\"\">\n                Obtenga Una Consulta Gratuita            <\/a>\n            <\/div>\n    \n<h2>\u00bfCu\u00e1nto tiempo tengo para presentar una demanda despu\u00e9s de un accidente con una gr\u00faa?<\/h2>\n<p>Por lo general, tiene tres a\u00f1os para presentar una demanda por accidente de gr\u00faa, y la fecha l\u00edmite comienza a partir de la fecha del incidente. Tiene un per\u00edodo m\u00e1s corto (solo dos a\u00f1os) para demandar si presenta una demanda por homicidio culposo.<\/p>\n<p>Si su caso involucra a una agencia gubernamental, tendr\u00e1 menos tiempo para presentarlo. Las demandas contra la ciudad de New York requieren que se presente una notificaci\u00f3n de reclamaci\u00f3n dentro de los 90 d\u00edas posteriores al accidente y que se inicie una demanda dentro de 1 a\u00f1o y 90 d\u00edas despu\u00e9s del accidente. Al confiar su caso a Oresky &amp; Associates, PLLC inmediatamente despu\u00e9s de su accidente, nos aseguramos de que su caso se presente de manera adecuada y puntual. El cumplimiento de los plazos legales preserva su derecho a una compensaci\u00f3n y nos permite construir un caso s\u00f3lido.<\/p>\n<h2>Nuestros abogados de accidentes de gr\u00faas en New York buscan estos da\u00f1os<\/h2>\n<p>Cuando nuestro equipo busca una compensaci\u00f3n justa por sus p\u00e9rdidas, no solo tenemos en cuenta las dificultades que est\u00e1 atravesando actualmente, sino que tenemos en cuenta cada d\u00f3lar relacionado con sus lesiones, su recuperaci\u00f3n y su trauma emocional. A menudo, aseguramos una compensaci\u00f3n sin que nuestros clientes vean el interior de una sala de audiencias.<\/p>\n<p>Sin embargo, si la otra parte se niega a llegar a un acuerdo, no tenemos ning\u00fan problema en llevar su caso a juicio y luchar por lo que se merece. Los da\u00f1os econ\u00f3micos y no econ\u00f3micos compensables incluyen:<\/p>\n<div class=\"row\">\n<ul class=\"col-xl-6\">\n<li>Gastos m\u00e9dicos pasados y futuros<\/li>\n<li>Salarios perdidos<\/li>\n<li>P\u00e9rdida de beneficios sindicales<\/li>\n<li>Gastos de bolsillo relacionados con lesiones<\/li>\n<\/ul>\n<ul class=\"col-xl-6\">\n<li>Dolor y sufrimiento pasados y futuros causados por sus lesiones<\/li>\n<li>P\u00e9rdida de servicios<\/li>\n<li>Costos relacionados con la muerte injusta<\/li>\n<\/ul>\n<\/div>\n<h2>\u00bfCu\u00e1nto vale mi caso de accidente de construcci\u00f3n?<\/h2>\n<p><img loading=\"lazy\" decoding=\"async\" class=\"size-medium wp-image-14422 alignleft\" src=\"https:\/\/oreskylaw.com\/wp-content\/uploads\/2026\/01\/How-Much-Is-My-Construction-Accident-Case-Worth-300x200.webp\" alt=\"How Much Is My Construction Accident Case Worth?\" width=\"300\" height=\"200\" srcset=\"https:\/\/oreskylaw.com\/wp-content\/uploads\/2026\/01\/How-Much-Is-My-Construction-Accident-Case-Worth-300x200.webp 300w, https:\/\/oreskylaw.com\/wp-content\/uploads\/2026\/01\/How-Much-Is-My-Construction-Accident-Case-Worth-768x512.webp 768w, https:\/\/oreskylaw.com\/wp-content\/uploads\/2026\/01\/How-Much-Is-My-Construction-Accident-Case-Worth.webp 1000w\" sizes=\"auto, (max-width: 300px) 100vw, 300px\" \/>El valor de su caso depender\u00e1 de muchos factores diferentes.<\/p>\n<p>Sus da\u00f1os econ\u00f3micos, que son las p\u00e9rdidas financieras directas que ha sufrido, juegan un papel importante en la cantidad que puede recuperar. Estos da\u00f1os incluyen los gastos m\u00e9dicos y la p\u00e9rdida de salarios, entre otras cosas.<\/p>\n<p>Sus da\u00f1os no econ\u00f3micos, que representan las p\u00e9rdidas personales y no financieras relacionadas con el accidente, tambi\u00e9n influir\u00e1n en el valor de su caso. Otros factores, como el seguro disponible, tambi\u00e9n pueden afectar el valor de su acuerdo. Conf\u00ede en nuestros abogados de accidentes de gr\u00faas en New York para buscar todo lo que se merece.<\/p>\n<h2>\u00bfA\u00fan puedo recuperar los da\u00f1os si me culpan por un accidente de construcci\u00f3n?<\/h2>\n<p>La otra parte puede culparlo por el accidente, con la esperanza de disuadirlo de buscar una compensaci\u00f3n. Sin embargo, seg\u00fan la ley, es posible que puedas responsabilizar al propietario y a los contratistas al 100% por los da\u00f1os, incluso si eres parcialmente responsable de lo sucedido. Nuestros abogados especializados en accidentes con gr\u00faas en New York est\u00e1n familiarizados con la lucha contra las acusaciones de culpabilidad y con la responsabilidad financiera de las partes negligentes.<\/p>\n<h2>\u00bfC\u00f3mo hago un informe de accidente de un accidente de construcci\u00f3n?<\/h2>\n<p>La elaboraci\u00f3n de un informe de accidente despu\u00e9s de un accidente de construcci\u00f3n depende de los detalles del incidente. Tenga en cuenta lo siguiente:<\/p>\n<ul>\n<li>Si se lesion\u00f3 como trabajador de la construcci\u00f3n, debe informar el incidente a su capataz lo antes posible.<\/li>\n<li>Si se lesion\u00f3 como transe\u00fante cerca de un sitio de construcci\u00f3n, notif\u00edquelo a la polic\u00eda.<\/li>\n<\/ul>\n<p>Es vital denunciar el accidente de la gr\u00faa lo antes posible. Al hacerlo, se crea un registro en papel que conecta sus lesiones f\u00edsicas con el incidente. A la larga, esto evita las acusaciones de que otro incidente caus\u00f3 su afecci\u00f3n y no el accidente de la gr\u00faa.<\/p>\n","protected":false},"excerpt":{"rendered":"<p>Abogados confiables de accidentes de gr\u00faas en New York Las gr\u00faas de construcci\u00f3n que salpican el horizonte de la ciudad de New York son m\u00e1s que simples accesorios: son peligros potenciales. Cuando la negligencia provoca lesiones, la justicia debe ser r\u00e1pida e intransigente. El equipo de Oresky &amp; Associates, PLLC, no solo busca la rendici\u00f3n [&hellip;]<\/p>\n","protected":false},"author":9,"featured_media":0,"parent":18614,"menu_order":53,"comment_status":"closed","ping_status":"closed","template":"","meta":{"_acf_changed":false,"footnotes":""},"class_list":["post-18855","page","type-page","status-publish","hentry"],"acf":[],"yoast_head":"<!-- This site is optimized with the Yoast SEO plugin v27.3 - https:\/\/yoast.com\/product\/yoast-seo-wordpress\/ -->\n<title>Abogado de Accidentes con Gr\u00faas, NYC - Oresky &amp; Associates, PLLC<\/title>\n<meta name=\"description\" content=\"\u00bfLesionado en un accidente de gr\u00faa en New York? Nuestros abogados luchar\u00e1n por la compensaci\u00f3n que merece. Contacte a Oresky &amp; Associates, PLLC para consulta.\" \/>\n<meta name=\"robots\" content=\"index, follow, max-snippet:-1, max-image-preview:large, max-video-preview:-1\" \/>\n<link rel=\"canonical\" href=\"https:\/\/oreskylaw.com\/es\/nyc\/abogados-de-accidentes-de-grua\/\" \/>\n<meta property=\"og:locale\" content=\"es_ES\" \/>\n<meta property=\"og:type\" content=\"article\" \/>\n<meta property=\"og:title\" content=\"Abogado de Accidentes con Gr\u00faas, NYC - Oresky &amp; Associates, PLLC\" \/>\n<meta property=\"og:description\" content=\"\u00bfLesionado en un accidente de gr\u00faa en New York? Nuestros abogados luchar\u00e1n por la compensaci\u00f3n que merece. Contacte a Oresky &amp; Associates, PLLC para consulta.\" \/>\n<meta property=\"og:url\" content=\"https:\/\/oreskylaw.com\/es\/nyc\/abogados-de-accidentes-de-grua\/\" \/>\n<meta property=\"og:site_name\" content=\"Oresky &amp; Associates, PLLC\" \/>\n<meta property=\"article:publisher\" content=\"https:\/\/www.facebook.com\/Oreskylaw\/\" \/>\n<meta property=\"article:modified_time\" content=\"2026-01-30T15:53:36+00:00\" \/>\n<meta property=\"og:image\" content=\"https:\/\/oreskylaw.com\/wp-content\/uploads\/2026\/01\/How-Much-Is-My-Construction-Accident-Case-Worth.webp\" \/>\n\t<meta property=\"og:image:width\" content=\"1000\" \/>\n\t<meta property=\"og:image:height\" content=\"667\" \/>\n\t<meta property=\"og:image:type\" content=\"image\/webp\" \/>\n<meta name=\"twitter:card\" content=\"summary_large_image\" \/>\n<meta name=\"twitter:site\" content=\"@JacobOreskyLaw\" \/>\n<meta name=\"twitter:label1\" content=\"Tiempo de lectura\" \/>\n\t<meta name=\"twitter:data1\" content=\"7 minutos\" \/>\n<!-- \/ Yoast SEO plugin. -->","yoast_head_json":{"title":"Abogado de Accidentes con Gr\u00faas, NYC - Oresky & Associates, PLLC","description":"\u00bfLesionado en un accidente de gr\u00faa en New York? Nuestros abogados luchar\u00e1n por la compensaci\u00f3n que merece. Contacte a Oresky & Associates, PLLC para consulta.","robots":{"index":"index","follow":"follow","max-snippet":"max-snippet:-1","max-image-preview":"max-image-preview:large","max-video-preview":"max-video-preview:-1"},"canonical":"https:\/\/oreskylaw.com\/es\/nyc\/abogados-de-accidentes-de-grua\/","og_locale":"es_ES","og_type":"article","og_title":"Abogado de Accidentes con Gr\u00faas, NYC - Oresky & Associates, PLLC","og_description":"\u00bfLesionado en un accidente de gr\u00faa en New York? Nuestros abogados luchar\u00e1n por la compensaci\u00f3n que merece. Contacte a Oresky & Associates, PLLC para consulta.","og_url":"https:\/\/oreskylaw.com\/es\/nyc\/abogados-de-accidentes-de-grua\/","og_site_name":"Oresky &amp; Associates, PLLC","article_publisher":"https:\/\/www.facebook.com\/Oreskylaw\/","article_modified_time":"2026-01-30T15:53:36+00:00","og_image":[{"width":1000,"height":667,"url":"https:\/\/oreskylaw.com\/wp-content\/uploads\/2026\/01\/How-Much-Is-My-Construction-Accident-Case-Worth.webp","type":"image\/webp"}],"twitter_card":"summary_large_image","twitter_site":"@JacobOreskyLaw","twitter_misc":{"Tiempo de lectura":"7 minutos"},"schema":{"@context":"https:\/\/schema.org","@graph":[{"@type":"WebPage","@id":"https:\/\/oreskylaw.com\/es\/nyc\/abogados-de-accidentes-de-grua\/","url":"https:\/\/oreskylaw.com\/es\/nyc\/abogados-de-accidentes-de-grua\/","name":"Abogado de Accidentes con Gr\u00faas, NYC - Oresky & Associates, PLLC","isPartOf":{"@id":"https:\/\/oreskylaw.com\/es\/#website"},"primaryImageOfPage":{"@id":"https:\/\/oreskylaw.com\/es\/nyc\/abogados-de-accidentes-de-grua\/#primaryimage"},"image":{"@id":"https:\/\/oreskylaw.com\/es\/nyc\/abogados-de-accidentes-de-grua\/#primaryimage"},"thumbnailUrl":"https:\/\/oreskylaw.com\/wp-content\/uploads\/2026\/01\/How-Much-Is-My-Construction-Accident-Case-Worth-300x200.webp","datePublished":"2025-12-09T08:09:26+00:00","dateModified":"2026-01-30T15:53:36+00:00","description":"\u00bfLesionado en un accidente de gr\u00faa en New York? Nuestros abogados luchar\u00e1n por la compensaci\u00f3n que merece. Contacte a Oresky & Associates, PLLC para consulta.","breadcrumb":{"@id":"https:\/\/oreskylaw.com\/es\/nyc\/abogados-de-accidentes-de-grua\/#breadcrumb"},"inLanguage":"es","potentialAction":[{"@type":"ReadAction","target":["https:\/\/oreskylaw.com\/es\/nyc\/abogados-de-accidentes-de-grua\/"]}]},{"@type":"ImageObject","inLanguage":"es","@id":"https:\/\/oreskylaw.com\/es\/nyc\/abogados-de-accidentes-de-grua\/#primaryimage","url":"https:\/\/oreskylaw.com\/wp-content\/uploads\/2026\/01\/How-Much-Is-My-Construction-Accident-Case-Worth-300x200.webp","contentUrl":"https:\/\/oreskylaw.com\/wp-content\/uploads\/2026\/01\/How-Much-Is-My-Construction-Accident-Case-Worth-300x200.webp"},{"@type":"BreadcrumbList","@id":"https:\/\/oreskylaw.com\/es\/nyc\/abogados-de-accidentes-de-grua\/#breadcrumb","itemListElement":[{"@type":"ListItem","position":1,"name":"Inicio","item":"https:\/\/oreskylaw.com\/es\/"},{"@type":"ListItem","position":2,"name":"New York","item":"https:\/\/oreskylaw.com\/es\/nyc\/"},{"@type":"ListItem","position":3,"name":"Accidentes con Gr\u00faas"}]},{"@type":"WebSite","@id":"https:\/\/oreskylaw.com\/es\/#website","url":"https:\/\/oreskylaw.com\/es\/","name":"Oresky & Associates PLLC","description":"","publisher":{"@id":"https:\/\/oreskylaw.com\/es\/#organization"},"potentialAction":[{"@type":"SearchAction","target":{"@type":"EntryPoint","urlTemplate":"https:\/\/oreskylaw.com\/es\/?s={search_term_string}"},"query-input":{"@type":"PropertyValueSpecification","valueRequired":true,"valueName":"search_term_string"}}],"inLanguage":"es"}]}},"_links":{"self":[{"href":"https:\/\/oreskylaw.com\/es\/wp-json\/wp\/v2\/pages\/18855","targetHints":{"allow":["GET"]}}],"collection":[{"href":"https:\/\/oreskylaw.com\/es\/wp-json\/wp\/v2\/pages"}],"about":[{"href":"https:\/\/oreskylaw.com\/es\/wp-json\/wp\/v2\/types\/page"}],"author":[{"embeddable":true,"href":"https:\/\/oreskylaw.com\/es\/wp-json\/wp\/v2\/users\/9"}],"replies":[{"embeddable":true,"href":"https:\/\/oreskylaw.com\/es\/wp-json\/wp\/v2\/comments?post=18855"}],"version-history":[{"count":0,"href":"https:\/\/oreskylaw.com\/es\/wp-json\/wp\/v2\/pages\/18855\/revisions"}],"up":[{"embeddable":true,"href":"https:\/\/oreskylaw.com\/es\/wp-json\/wp\/v2\/pages\/18614"}],"wp:attachment":[{"href":"https:\/\/oreskylaw.com\/es\/wp-json\/wp\/v2\/media?parent=18855"}],"curies":[{"name":"wp","href":"https:\/\/api.w.org\/{rel}","templated":true}]}}