{"id":18866,"date":"2025-12-09T08:10:06","date_gmt":"2025-12-09T08:10:06","guid":{"rendered":"https:\/\/oreskylaw.com\/?page_id=18866"},"modified":"2026-01-30T15:54:31","modified_gmt":"2026-01-30T15:54:31","slug":"abogados-de-accidentes-con-escombros","status":"publish","type":"page","link":"https:\/\/oreskylaw.com\/es\/nyc\/abogados-de-accidentes-con-escombros\/","title":{"rendered":"Accidentes de construcci\u00f3n que involucran escombros"},"content":{"rendered":"<h2>Si usted ha sido herido por la ca\u00edda de escombros, podemos ayudar<\/h2>\n<p>Si usted es un trabajador que ha sido lesionado en un accidente con los desechos, es necesario ponerse en contacto con un Queens o el Bronx<\/p>\n<h3>Lesiones construcci\u00f3n abogados representan a las personas en el Bronx, Queens, New York y en todo<\/h3>\n<p>La construcci\u00f3n de edificios altos y otros tipos de edificios es un lugar com\u00fan en la ciudad de New York. La realidad es que estas obras de construcci\u00f3n presentan muchos peligros para los trabajadores, uno de los cuales es escombros. Si usted es un trabajador que ha sido lesionado en un accidente con los desechos, es necesario ponerse en contacto con un abogado de accidentes de construcci\u00f3n Queens Bronx o tan pronto como sea posible. En Oresky &amp; Associates, PLLC, estamos comprometidos a proveer representaci\u00f3n compasiva y personalizada a todos y cada uno de nuestros clientes. Con m\u00e1s de 20 a\u00f1os de experiencia que nos gu\u00ede, podemos ayudarle a asegurar la compensaci\u00f3n que usted tiene derecho a recibir despu\u00e9s de un accidente.<\/p>\n<h2>Entender sus opciones Despu\u00e9s de una participaci\u00f3n de escombros Accidentes<\/h2>\n<p>escombros de construcci\u00f3n se refiere a materiales que resultan de la alteraci\u00f3n, renovaci\u00f3n, demolici\u00f3n, o la reparaci\u00f3n de un edificio o estructura. Los accidentes que involucran residuos pueden dejar un trabajador con lesiones graves, como fracturas de huesos, lesiones oculares, lesiones de o\u00eddo, trauma en la cabeza, lesiones en el cuello, o da\u00f1o de la m\u00e9dula espinal. Algunos de estos incidentes puede incluso dar lugar a una muerte tr\u00e1gica. De acuerdo con la Administraci\u00f3n de Seguridad y Salud Ocupacional (OSHA), ser golpeado por objetos fue la segunda causa m\u00e1s com\u00fan de muertes de trabajadores en 2015.<\/p>\n<p>Un trabajador puede ser lesionado por el deslizamiento y la ca\u00edda de los desechos o por tener la ca\u00edda de escombros en la parte superior de ellos. Formas de desechos que com\u00fanmente est\u00e1n presentes en los sitios de construcci\u00f3n incluyen:<\/p>\n<ul>\n<li>Herramientas tales como cuerdas, carretes de alambre, martillos, destornilladores, y llaves;<\/li>\n<li>demolici\u00f3n de basura<\/li>\n<li>paneles de vidrio y otros materiales para ventanas;<\/li>\n<li>Tablas de madera o vigas utilizadas para edificios constructo o partes de andamio; y<\/li>\n<li>hormig\u00f3n, ladrillos y bloques de cemento.<\/li>\n<\/ul>\n<h2>Luchamos por nuestros clientes en los tribunales<\/h2>\n<p>Los trabajadores lesionados en accidentes relacionados con los desechos tienden a pensar en un principio que se limitan a beneficios de compensaci\u00f3n laboral, pero esto no es el final de la historia en muchas circunstancias. Es la obligaci\u00f3n de todos los contratistas para proporcionar un ambiente de trabajo seguro para los trabajadores. La Ley Laboral de New York protege a todos los oficios de la construcci\u00f3n, incluyendo alba\u00f1iles, carpinteros, electricistas, fontaneros, instaladores de techos, pintores, soldadores, instaladores de tuber\u00edas, y otros. Secciones 200, 240, y 241 trabajadores give que son heridas en el trabajo determinados derechos para presentar una demanda por da\u00f1os y perjuicios, as\u00ed como otros da\u00f1os monetarios. Este derecho es totalmente independiente y distinta de la capacidad del trabajador para interponer una demanda de Compensaci\u00f3n de Trabajadores.<\/p>\n<ul>\n<li><strong>Evaluaci\u00f3n gratuita de casos:<\/strong>\u00a0Llame a nuestra oficina, env\u00edenos un correo electr\u00f3nico, o converse con nosotros en l\u00ednea para recibir una evaluaci\u00f3n gratuita de su caso.<\/li>\n<li><strong>Inscr\u00edbase:\u00a0<\/strong>Luego de la revisi\u00f3n gratuita a su caso, podemos crear su perfil de cliente y recopilar la informaci\u00f3n que usted disponga.<\/li>\n<li><strong>Inicie su recuperaci\u00f3n:\u00a0<\/strong>Nos hacemos cargo de su caso, actualiz\u00e1ndole en la medida que avanza. Usted puede concentrarse en su salud a la par que nos enfocamos en su caso.<\/li>\n<\/ul>\n    <div class=\"cw-cta-box\">\n        <div class=\"cw-cta-box__inner \">\n            <div class=\"cw-cta-box__info\">\n                                    <div class=\"label\">\u00a1Llame ahora!<\/div>\n                            <\/div>\n                            <div class=\"contact-phone\">\n                    <a href=\"tel:7189939999\"\n                        aria-label=\"Tap to call button\">\n                        718-993-9999                    <\/a>\n                <\/div>\n                    <\/div>\n                    <a href=\"\/es\/contacto\/\"\n               class=\"cta-btn btn btn--primary btn\"\n               target=\"\">\n                Obtenga Una Consulta Gratuita            <\/a>\n            <\/div>\n    \n<p><img loading=\"lazy\" decoding=\"async\" class=\"size-full wp-image-11444 alignleft\" src=\"https:\/\/oreskylaw.com\/wp-content\/uploads\/2026\/01\/What-Are-Common-Causes-of-Welding-Accidents.webp\" alt=\"construction accident attorney bronx ny\" width=\"300\" height=\"200\" \/>Secci\u00f3n de Derecho del Trabajo 200 codifica el deber de todos los propietarios y contratistas para proporcionar un entorno de trabajo seguro. Ley del Trabajo Secci\u00f3n 240 requiere protecciones relacionadas con la talla para los trabajadores. Espec\u00edficamente, este estatuto mandatos que las protecciones pueden poner en su lugar para evitar que los trabajadores caigan desde alturas y para evitar que los objetos, incluyendo los desechos, de caer en la parte superior de los trabajadores. Trabajo Secci\u00f3n Ley 241 impone un deber indelegable en la propiedad de ciertos propietarios y contratistas para proporcionar un sitio de construcci\u00f3n segura y razonable a los trabajadores que participan en la construcci\u00f3n, excavaci\u00f3n o demolici\u00f3n. Esto se hace mediante el cumplimiento del C\u00f3digo Industrial del Estado de New York.<\/p>\n<p>Estas leyes son complejas, por lo que es vital para contratar a un abogado que est\u00e9 familiarizado con esta \u00e1rea de la ley. Si se establece la responsabilidad en virtud de la Ley del Trabajo de New York, un trabajador lesionado puede recuperar los da\u00f1os relacionados a los accidentes, tales como gastos m\u00e9dicos, dolor y sufrimiento, salarios perdidos, y mucho m\u00e1s.<\/p>\n","protected":false},"excerpt":{"rendered":"<p>Si usted ha sido herido por la ca\u00edda de escombros, podemos ayudar Si usted es un trabajador que ha sido lesionado en un accidente con los desechos, es necesario ponerse en contacto con un Queens o el Bronx Lesiones construcci\u00f3n abogados representan a las personas en el Bronx, Queens, New York y en todo La [&hellip;]<\/p>\n","protected":false},"author":9,"featured_media":0,"parent":18614,"menu_order":54,"comment_status":"closed","ping_status":"closed","template":"","meta":{"_acf_changed":false,"footnotes":""},"class_list":["post-18866","page","type-page","status-publish","hentry"],"acf":[],"yoast_head":"<!-- This site is optimized with the Yoast SEO plugin v27.3 - https:\/\/yoast.com\/product\/yoast-seo-wordpress\/ -->\n<title>Abogado de Accidentes de construcci\u00f3n de escombros, NYC - Oresky &amp; Associates, PLLC<\/title>\n<meta name=\"description\" content=\"\u00bfHerido en un accidente de construcci\u00f3n con escombros? Nuestros abogados en NYC luchar\u00e1n por compensaci\u00f3n. Contacte nuestro bufete para una consulta.\" \/>\n<meta name=\"robots\" content=\"index, follow, max-snippet:-1, max-image-preview:large, max-video-preview:-1\" \/>\n<link rel=\"canonical\" href=\"https:\/\/oreskylaw.com\/es\/nyc\/abogados-de-accidentes-con-escombros\/\" \/>\n<meta property=\"og:locale\" content=\"es_ES\" \/>\n<meta property=\"og:type\" content=\"article\" \/>\n<meta property=\"og:title\" content=\"Abogado de Accidentes de construcci\u00f3n de escombros, NYC - Oresky &amp; Associates, PLLC\" \/>\n<meta property=\"og:description\" content=\"\u00bfHerido en un accidente de construcci\u00f3n con escombros? Nuestros abogados en NYC luchar\u00e1n por compensaci\u00f3n. Contacte nuestro bufete para una consulta.\" \/>\n<meta property=\"og:url\" content=\"https:\/\/oreskylaw.com\/es\/nyc\/abogados-de-accidentes-con-escombros\/\" \/>\n<meta property=\"og:site_name\" content=\"Oresky &amp; Associates, PLLC\" \/>\n<meta property=\"article:publisher\" content=\"https:\/\/www.facebook.com\/Oreskylaw\/\" \/>\n<meta property=\"article:modified_time\" content=\"2026-01-30T15:54:31+00:00\" \/>\n<meta property=\"og:image\" content=\"https:\/\/oreskylaw.com\/wp-content\/uploads\/2026\/01\/What-Are-Common-Causes-of-Welding-Accidents.webp\" \/>\n\t<meta property=\"og:image:width\" content=\"300\" \/>\n\t<meta property=\"og:image:height\" content=\"200\" \/>\n\t<meta property=\"og:image:type\" content=\"image\/webp\" \/>\n<meta name=\"twitter:card\" content=\"summary_large_image\" \/>\n<meta name=\"twitter:site\" content=\"@JacobOreskyLaw\" \/>\n<meta name=\"twitter:label1\" content=\"Tiempo de lectura\" \/>\n\t<meta name=\"twitter:data1\" content=\"4 minutos\" \/>\n<!-- \/ Yoast SEO plugin. -->","yoast_head_json":{"title":"Abogado de Accidentes de construcci\u00f3n de escombros, NYC - Oresky & Associates, PLLC","description":"\u00bfHerido en un accidente de construcci\u00f3n con escombros? Nuestros abogados en NYC luchar\u00e1n por compensaci\u00f3n. Contacte nuestro bufete para una consulta.","robots":{"index":"index","follow":"follow","max-snippet":"max-snippet:-1","max-image-preview":"max-image-preview:large","max-video-preview":"max-video-preview:-1"},"canonical":"https:\/\/oreskylaw.com\/es\/nyc\/abogados-de-accidentes-con-escombros\/","og_locale":"es_ES","og_type":"article","og_title":"Abogado de Accidentes de construcci\u00f3n de escombros, NYC - Oresky & Associates, PLLC","og_description":"\u00bfHerido en un accidente de construcci\u00f3n con escombros? Nuestros abogados en NYC luchar\u00e1n por compensaci\u00f3n. Contacte nuestro bufete para una consulta.","og_url":"https:\/\/oreskylaw.com\/es\/nyc\/abogados-de-accidentes-con-escombros\/","og_site_name":"Oresky &amp; Associates, PLLC","article_publisher":"https:\/\/www.facebook.com\/Oreskylaw\/","article_modified_time":"2026-01-30T15:54:31+00:00","og_image":[{"width":300,"height":200,"url":"https:\/\/oreskylaw.com\/wp-content\/uploads\/2026\/01\/What-Are-Common-Causes-of-Welding-Accidents.webp","type":"image\/webp"}],"twitter_card":"summary_large_image","twitter_site":"@JacobOreskyLaw","twitter_misc":{"Tiempo de lectura":"4 minutos"},"schema":{"@context":"https:\/\/schema.org","@graph":[{"@type":"WebPage","@id":"https:\/\/oreskylaw.com\/es\/nyc\/abogados-de-accidentes-con-escombros\/","url":"https:\/\/oreskylaw.com\/es\/nyc\/abogados-de-accidentes-con-escombros\/","name":"Abogado de Accidentes de construcci\u00f3n de escombros, NYC - Oresky & Associates, PLLC","isPartOf":{"@id":"https:\/\/oreskylaw.com\/es\/#website"},"primaryImageOfPage":{"@id":"https:\/\/oreskylaw.com\/es\/nyc\/abogados-de-accidentes-con-escombros\/#primaryimage"},"image":{"@id":"https:\/\/oreskylaw.com\/es\/nyc\/abogados-de-accidentes-con-escombros\/#primaryimage"},"thumbnailUrl":"https:\/\/oreskylaw.com\/wp-content\/uploads\/2026\/01\/What-Are-Common-Causes-of-Welding-Accidents.webp","datePublished":"2025-12-09T08:10:06+00:00","dateModified":"2026-01-30T15:54:31+00:00","description":"\u00bfHerido en un accidente de construcci\u00f3n con escombros? Nuestros abogados en NYC luchar\u00e1n por compensaci\u00f3n. Contacte nuestro bufete para una consulta.","breadcrumb":{"@id":"https:\/\/oreskylaw.com\/es\/nyc\/abogados-de-accidentes-con-escombros\/#breadcrumb"},"inLanguage":"es","potentialAction":[{"@type":"ReadAction","target":["https:\/\/oreskylaw.com\/es\/nyc\/abogados-de-accidentes-con-escombros\/"]}]},{"@type":"ImageObject","inLanguage":"es","@id":"https:\/\/oreskylaw.com\/es\/nyc\/abogados-de-accidentes-con-escombros\/#primaryimage","url":"https:\/\/oreskylaw.com\/wp-content\/uploads\/2026\/01\/What-Are-Common-Causes-of-Welding-Accidents.webp","contentUrl":"https:\/\/oreskylaw.com\/wp-content\/uploads\/2026\/01\/What-Are-Common-Causes-of-Welding-Accidents.webp"},{"@type":"BreadcrumbList","@id":"https:\/\/oreskylaw.com\/es\/nyc\/abogados-de-accidentes-con-escombros\/#breadcrumb","itemListElement":[{"@type":"ListItem","position":1,"name":"Inicio","item":"https:\/\/oreskylaw.com\/es\/"},{"@type":"ListItem","position":2,"name":"New York","item":"https:\/\/oreskylaw.com\/es\/nyc\/"},{"@type":"ListItem","position":3,"name":"Accidentes de construcci\u00f3n que involucran escombros"}]},{"@type":"WebSite","@id":"https:\/\/oreskylaw.com\/es\/#website","url":"https:\/\/oreskylaw.com\/es\/","name":"Oresky & Associates PLLC","description":"","publisher":{"@id":"https:\/\/oreskylaw.com\/es\/#organization"},"potentialAction":[{"@type":"SearchAction","target":{"@type":"EntryPoint","urlTemplate":"https:\/\/oreskylaw.com\/es\/?s={search_term_string}"},"query-input":{"@type":"PropertyValueSpecification","valueRequired":true,"valueName":"search_term_string"}}],"inLanguage":"es"}]}},"_links":{"self":[{"href":"https:\/\/oreskylaw.com\/es\/wp-json\/wp\/v2\/pages\/18866","targetHints":{"allow":["GET"]}}],"collection":[{"href":"https:\/\/oreskylaw.com\/es\/wp-json\/wp\/v2\/pages"}],"about":[{"href":"https:\/\/oreskylaw.com\/es\/wp-json\/wp\/v2\/types\/page"}],"author":[{"embeddable":true,"href":"https:\/\/oreskylaw.com\/es\/wp-json\/wp\/v2\/users\/9"}],"replies":[{"embeddable":true,"href":"https:\/\/oreskylaw.com\/es\/wp-json\/wp\/v2\/comments?post=18866"}],"version-history":[{"count":0,"href":"https:\/\/oreskylaw.com\/es\/wp-json\/wp\/v2\/pages\/18866\/revisions"}],"up":[{"embeddable":true,"href":"https:\/\/oreskylaw.com\/es\/wp-json\/wp\/v2\/pages\/18614"}],"wp:attachment":[{"href":"https:\/\/oreskylaw.com\/es\/wp-json\/wp\/v2\/media?parent=18866"}],"curies":[{"name":"wp","href":"https:\/\/api.w.org\/{rel}","templated":true}]}}