{"id":18878,"date":"2025-12-09T08:11:06","date_gmt":"2025-12-09T08:11:06","guid":{"rendered":"https:\/\/oreskylaw.com\/?page_id=18878"},"modified":"2026-01-30T15:55:58","modified_gmt":"2026-01-30T15:55:58","slug":"abogados-de-accidentes-de-demolicion","status":"publish","type":"page","link":"https:\/\/oreskylaw.com\/es\/nyc\/abogados-de-accidentes-de-demolicion\/","title":{"rendered":"Accidentes relacionados con la demolici\u00f3n"},"content":{"rendered":"<h2>La demolici\u00f3n es uno de los trabajos m\u00e1s peligrosos en la industria de la construcci\u00f3n<\/h2>\n<p>Si usted o alguien de su familia ha sido lesionado en un accidente relacionado con la demolici\u00f3n, podemos ayudar a recuperar la compensaci\u00f3n a la que tiene derecho legalmente.<\/p>\n<h3>Demolici\u00f3n de Accidentes abogados a Promover en el Bronx, Queens, en New York y otros lugares<\/h3>\n<p>demoliciones son una forma eficaz de lotes claras para nuevos proyectos, pero son una de las operaciones m\u00e1s peligrosas en la industria de la construcci\u00f3n. Si usted o alguien de su familia ha sido lesionado en un accidente relacionado con la demolici\u00f3n, los abogados de accidentes de construcci\u00f3n Queens y Bronx en Oresky &amp; Associates, PLLC pueden ayudar a recuperar la compensaci\u00f3n a la que tiene derecho legalmente. En New York, los beneficios de compensaci\u00f3n son s\u00f3lo una manera de obtener ayuda financiera, y podemos ayudarle a explorar el alcance completo de sus opciones. Estamos comprometidos a ofrecer a nuestros clientes una representaci\u00f3n personalizada y compasiva a cada paso del proceso.<\/p>\n<h2>La compensaci\u00f3n por accidentes relacionados con Demolici\u00f3n<\/h2>\n<p>Cuando un trabajador se lesiona en un accidente de la construcci\u00f3n de New York, ese trabajador puede tener derecho a una compensaci\u00f3n m\u00e1s all\u00e1 de los beneficios de compensaci\u00f3n. Secciones leyes estatales de New York 200, 240 y 241 (6) trabajadores protect en la industria de la construcci\u00f3n, incluidos los trabajadores de demolici\u00f3n. Estas disposiciones proporcionan a los trabajadores lesionados con importantes derechos a pedir una indemnizaci\u00f3n en los tribunales.<\/p>\n<p>Los accidentes relacionados con las demoliciones puede conducir a una variedad de lesiones graves, incluyendo el cuello y lesiones en la espalda, lesiones de la m\u00e9dula espinal, lesiones en la cabeza, huesos rotos, y la par\u00e1lisis. Estas lesiones pueden ser el resultado de muchos tipos diferentes de accidentes de demolici\u00f3n, tales como:<\/p>\n<ul>\n<li>Ca\u00eddas de andamios o escaleras en los sitios de demolici\u00f3n;<\/li>\n<li>La ca\u00edda de objetos o desechos en los sitios de demolici\u00f3n;<\/li>\n<li>Las plataformas de trabajo elevada que el colapso;<\/li>\n<li>La falla del equipo o equipos defectuosos; o<\/li>\n<li>El uso indebido de explosivos de demolici\u00f3n.<\/li>\n<\/ul>\n<h2>Un R\u00e9cord de \u00e9xito basado en el trabajo duro y la dedicaci\u00f3n<\/h2>\n<p>Cuando se trata de litigios, no hay tiempo que perder. Una vez llame a nuestra oficina, podemos comenzar a construir su caso en la b\u00fasqueda de su compensaci\u00f3n. En tres cortos pasos, su camino legal puede empezar hoy.<\/p>\n<ul>\n<li><strong>Evaluaci\u00f3n gratuita de casos:<\/strong>\u00a0Llame a nuestra oficina, env\u00edenos un correo electr\u00f3nico, o converse con nosotros en l\u00ednea para recibir una evaluaci\u00f3n gratuita de su caso.<\/li>\n<li><strong>Inscr\u00edbase:\u00a0<\/strong>Luego de la revisi\u00f3n gratuita a su caso, podemos crear su perfil de cliente y recopilar la informaci\u00f3n que usted disponga.<\/li>\n<li><strong>Inicie su recuperaci\u00f3n:<\/strong>\u00a0Nos hacemos cargo de su caso, actualiz\u00e1ndole en la medida que avanza. Usted puede concentrarse en su salud a la par que nos enfocamos en su caso.<\/li>\n<\/ul>\n<h2>Conocer las leyes de accidentes de demolici\u00f3n NYC<\/h2>\n<p>Secci\u00f3n 240 de la Ley Laboral de New York protege a los trabajadores de demolici\u00f3n que se lesionan en una ca\u00edda o por un objeto que cae sobre ellos en el lugar de trabajo. En concreto, esta ley requiere propietarios y contratistas para proporcionar dispositivos de seguridad adecuados a los trabajadores para protegerlos de los riesgos de lesiones relacionadas altura. Por ejemplo, si un trabajador result\u00f3 herido debido a una ca\u00edda desde una escalera o andamio que fue golpeado por la ca\u00edda de materiales o residuos de demolici\u00f3n, ese trabajador ser\u00eda capaz de buscar compensaci\u00f3n por sus da\u00f1os.<\/p>\n<p>Secci\u00f3n 241 de los mandatos leyes estatales de New York que los propietarios y contratistas deben cumplir con las normas de seguridad espec\u00edficas se\u00f1aladas en el C\u00f3digo Industrial Regla 23 durante la demolici\u00f3n de un edificio. Por ejemplo, el C\u00f3digo proh\u00edbe partes de edificios, tales como paredes o suelos, para ser desprotegido si est\u00e1n en una condici\u00f3n tal que pueden colapsar debido a la presi\u00f3n o vibraci\u00f3n de una demolici\u00f3n. Si partes de un derrumbe de un edificio y herir a un trabajador debido a una violaci\u00f3n del C\u00f3digo, el due\u00f1o de la propiedad y el contratista pueden ser considerados responsables por el accidente.<\/p>\n    <div class=\"cw-cta-box\">\n        <div class=\"cw-cta-box__inner \">\n            <div class=\"cw-cta-box__info\">\n                                    <div class=\"label\">\u00a1Llame ahora!<\/div>\n                            <\/div>\n                            <div class=\"contact-phone\">\n                    <a href=\"tel:7189939999\"\n                        aria-label=\"Tap to call button\">\n                        718-993-9999                    <\/a>\n                <\/div>\n                    <\/div>\n                    <a href=\"\/es\/contacto\/\"\n               class=\"cta-btn btn btn--primary btn\"\n               target=\"\">\n                Obtenga Una Consulta Gratuita            <\/a>\n            <\/div>\n    \n<h2>Sabemos qui\u00e9n debe hacer responsable de sus lesiones<\/h2>\n<p><img loading=\"lazy\" decoding=\"async\" class=\"size-full wp-image-14492 alignleft\" src=\"https:\/\/oreskylaw.com\/wp-content\/uploads\/2026\/01\/Help-After-a-Crane-Accident-in-the-Bronx-New-York.webp\" alt=\"construction accident attorney Bronx NY\" width=\"300\" height=\"199\" \/>En algunos casos, los trabajadores de la construcci\u00f3n puede tambi\u00e9n presentar una demanda por lesiones personales en contra de un tercero que haya causado o contribuido a su lesi\u00f3n, como un fabricante de equipos defectuosos. El due\u00f1o de la propiedad o contratista tambi\u00e9n se pueden encontrar negligente cuando los resultados de la lesi\u00f3n de un trabajador de su supervisi\u00f3n y control de los trabajos de demolici\u00f3n que provoc\u00f3 la lesi\u00f3n y no pudieron prevenir o corregir cualquier condici\u00f3n insegura que conoc\u00edan o deb\u00edan haber sabido. Una demanda por lesiones personales por lo general se basa en la negligencia, lo que significa que el due\u00f1o de la propiedad o contratista tercero no utilizar un cuidado razonable durante la demolici\u00f3n para proteger al trabajador de cualquier da\u00f1o, y este fracaso fue la causa directa e inmediata de las lesiones y da\u00f1os del trabajador . cuidado razonable se define como la forma en que una persona sensible o prudente habr\u00eda actuado bajo las mismas o similares circunstancias. Si se establece la negligencia, el due\u00f1o de la propiedad o contratista tercero puede ser obligado a pagar da\u00f1os y perjuicios en virtud de la Ley del Trabajo. Estos pueden cubrir elementos tales como la p\u00e9rdida de ingresos, gastos m\u00e9dicos, dolor y sufrimiento, y cualquier costo para el tratamiento futuro.<\/p>\n","protected":false},"excerpt":{"rendered":"<p>La demolici\u00f3n es uno de los trabajos m\u00e1s peligrosos en la industria de la construcci\u00f3n Si usted o alguien de su familia ha sido lesionado en un accidente relacionado con la demolici\u00f3n, podemos ayudar a recuperar la compensaci\u00f3n a la que tiene derecho legalmente. Demolici\u00f3n de Accidentes abogados a Promover en el Bronx, Queens, en [&hellip;]<\/p>\n","protected":false},"author":9,"featured_media":0,"parent":18614,"menu_order":55,"comment_status":"closed","ping_status":"closed","template":"","meta":{"_acf_changed":false,"footnotes":""},"class_list":["post-18878","page","type-page","status-publish","hentry"],"acf":[],"yoast_head":"<!-- This site is optimized with the Yoast SEO plugin v27.3 - https:\/\/yoast.com\/product\/yoast-seo-wordpress\/ -->\n<title>Abogado de Accidentes de demolici\u00f3n, NYC - Oresky &amp; Associates, PLLC<\/title>\n<meta name=\"description\" content=\"\u00bfLesionado en un accidente de demolici\u00f3n en NYC? Nuestros abogados luchar\u00e1n por la compensaci\u00f3n que mereces. Contacte a Oresky &amp; Associates para consulta.\" \/>\n<meta name=\"robots\" content=\"index, follow, max-snippet:-1, max-image-preview:large, max-video-preview:-1\" \/>\n<link rel=\"canonical\" href=\"https:\/\/oreskylaw.com\/es\/nyc\/abogados-de-accidentes-de-demolicion\/\" \/>\n<meta property=\"og:locale\" content=\"es_ES\" \/>\n<meta property=\"og:type\" content=\"article\" \/>\n<meta property=\"og:title\" content=\"Abogado de Accidentes de demolici\u00f3n, NYC - Oresky &amp; Associates, PLLC\" \/>\n<meta property=\"og:description\" content=\"\u00bfLesionado en un accidente de demolici\u00f3n en NYC? Nuestros abogados luchar\u00e1n por la compensaci\u00f3n que mereces. Contacte a Oresky &amp; Associates para consulta.\" \/>\n<meta property=\"og:url\" content=\"https:\/\/oreskylaw.com\/es\/nyc\/abogados-de-accidentes-de-demolicion\/\" \/>\n<meta property=\"og:site_name\" content=\"Oresky &amp; Associates, PLLC\" \/>\n<meta property=\"article:publisher\" content=\"https:\/\/www.facebook.com\/Oreskylaw\/\" \/>\n<meta property=\"article:modified_time\" content=\"2026-01-30T15:55:58+00:00\" \/>\n<meta property=\"og:image\" content=\"https:\/\/oreskylaw.com\/wp-content\/uploads\/2026\/01\/Help-After-a-Crane-Accident-in-the-Bronx-New-York.webp\" \/>\n\t<meta property=\"og:image:width\" content=\"300\" \/>\n\t<meta property=\"og:image:height\" content=\"199\" \/>\n\t<meta property=\"og:image:type\" content=\"image\/webp\" \/>\n<meta name=\"twitter:card\" content=\"summary_large_image\" \/>\n<meta name=\"twitter:site\" content=\"@JacobOreskyLaw\" \/>\n<meta name=\"twitter:label1\" content=\"Tiempo de lectura\" \/>\n\t<meta name=\"twitter:data1\" content=\"5 minutos\" \/>\n<!-- \/ Yoast SEO plugin. -->","yoast_head_json":{"title":"Abogado de Accidentes de demolici\u00f3n, NYC - Oresky & Associates, PLLC","description":"\u00bfLesionado en un accidente de demolici\u00f3n en NYC? Nuestros abogados luchar\u00e1n por la compensaci\u00f3n que mereces. Contacte a Oresky & Associates para consulta.","robots":{"index":"index","follow":"follow","max-snippet":"max-snippet:-1","max-image-preview":"max-image-preview:large","max-video-preview":"max-video-preview:-1"},"canonical":"https:\/\/oreskylaw.com\/es\/nyc\/abogados-de-accidentes-de-demolicion\/","og_locale":"es_ES","og_type":"article","og_title":"Abogado de Accidentes de demolici\u00f3n, NYC - Oresky & Associates, PLLC","og_description":"\u00bfLesionado en un accidente de demolici\u00f3n en NYC? Nuestros abogados luchar\u00e1n por la compensaci\u00f3n que mereces. Contacte a Oresky & Associates para consulta.","og_url":"https:\/\/oreskylaw.com\/es\/nyc\/abogados-de-accidentes-de-demolicion\/","og_site_name":"Oresky &amp; Associates, PLLC","article_publisher":"https:\/\/www.facebook.com\/Oreskylaw\/","article_modified_time":"2026-01-30T15:55:58+00:00","og_image":[{"width":300,"height":199,"url":"https:\/\/oreskylaw.com\/wp-content\/uploads\/2026\/01\/Help-After-a-Crane-Accident-in-the-Bronx-New-York.webp","type":"image\/webp"}],"twitter_card":"summary_large_image","twitter_site":"@JacobOreskyLaw","twitter_misc":{"Tiempo de lectura":"5 minutos"},"schema":{"@context":"https:\/\/schema.org","@graph":[{"@type":"WebPage","@id":"https:\/\/oreskylaw.com\/es\/nyc\/abogados-de-accidentes-de-demolicion\/","url":"https:\/\/oreskylaw.com\/es\/nyc\/abogados-de-accidentes-de-demolicion\/","name":"Abogado de Accidentes de demolici\u00f3n, NYC - Oresky & Associates, PLLC","isPartOf":{"@id":"https:\/\/oreskylaw.com\/es\/#website"},"primaryImageOfPage":{"@id":"https:\/\/oreskylaw.com\/es\/nyc\/abogados-de-accidentes-de-demolicion\/#primaryimage"},"image":{"@id":"https:\/\/oreskylaw.com\/es\/nyc\/abogados-de-accidentes-de-demolicion\/#primaryimage"},"thumbnailUrl":"https:\/\/oreskylaw.com\/wp-content\/uploads\/2026\/01\/Help-After-a-Crane-Accident-in-the-Bronx-New-York.webp","datePublished":"2025-12-09T08:11:06+00:00","dateModified":"2026-01-30T15:55:58+00:00","description":"\u00bfLesionado en un accidente de demolici\u00f3n en NYC? Nuestros abogados luchar\u00e1n por la compensaci\u00f3n que mereces. Contacte a Oresky & Associates para consulta.","breadcrumb":{"@id":"https:\/\/oreskylaw.com\/es\/nyc\/abogados-de-accidentes-de-demolicion\/#breadcrumb"},"inLanguage":"es","potentialAction":[{"@type":"ReadAction","target":["https:\/\/oreskylaw.com\/es\/nyc\/abogados-de-accidentes-de-demolicion\/"]}]},{"@type":"ImageObject","inLanguage":"es","@id":"https:\/\/oreskylaw.com\/es\/nyc\/abogados-de-accidentes-de-demolicion\/#primaryimage","url":"https:\/\/oreskylaw.com\/wp-content\/uploads\/2026\/01\/Help-After-a-Crane-Accident-in-the-Bronx-New-York.webp","contentUrl":"https:\/\/oreskylaw.com\/wp-content\/uploads\/2026\/01\/Help-After-a-Crane-Accident-in-the-Bronx-New-York.webp"},{"@type":"BreadcrumbList","@id":"https:\/\/oreskylaw.com\/es\/nyc\/abogados-de-accidentes-de-demolicion\/#breadcrumb","itemListElement":[{"@type":"ListItem","position":1,"name":"Inicio","item":"https:\/\/oreskylaw.com\/es\/"},{"@type":"ListItem","position":2,"name":"New York","item":"https:\/\/oreskylaw.com\/es\/nyc\/"},{"@type":"ListItem","position":3,"name":"Accidentes relacionados con la demolici\u00f3n"}]},{"@type":"WebSite","@id":"https:\/\/oreskylaw.com\/es\/#website","url":"https:\/\/oreskylaw.com\/es\/","name":"Oresky & Associates PLLC","description":"","publisher":{"@id":"https:\/\/oreskylaw.com\/es\/#organization"},"potentialAction":[{"@type":"SearchAction","target":{"@type":"EntryPoint","urlTemplate":"https:\/\/oreskylaw.com\/es\/?s={search_term_string}"},"query-input":{"@type":"PropertyValueSpecification","valueRequired":true,"valueName":"search_term_string"}}],"inLanguage":"es"}]}},"_links":{"self":[{"href":"https:\/\/oreskylaw.com\/es\/wp-json\/wp\/v2\/pages\/18878","targetHints":{"allow":["GET"]}}],"collection":[{"href":"https:\/\/oreskylaw.com\/es\/wp-json\/wp\/v2\/pages"}],"about":[{"href":"https:\/\/oreskylaw.com\/es\/wp-json\/wp\/v2\/types\/page"}],"author":[{"embeddable":true,"href":"https:\/\/oreskylaw.com\/es\/wp-json\/wp\/v2\/users\/9"}],"replies":[{"embeddable":true,"href":"https:\/\/oreskylaw.com\/es\/wp-json\/wp\/v2\/comments?post=18878"}],"version-history":[{"count":0,"href":"https:\/\/oreskylaw.com\/es\/wp-json\/wp\/v2\/pages\/18878\/revisions"}],"up":[{"embeddable":true,"href":"https:\/\/oreskylaw.com\/es\/wp-json\/wp\/v2\/pages\/18614"}],"wp:attachment":[{"href":"https:\/\/oreskylaw.com\/es\/wp-json\/wp\/v2\/media?parent=18878"}],"curies":[{"name":"wp","href":"https:\/\/api.w.org\/{rel}","templated":true}]}}