{"id":18890,"date":"2025-12-09T08:11:28","date_gmt":"2025-12-09T08:11:28","guid":{"rendered":"https:\/\/oreskylaw.com\/?page_id=18890"},"modified":"2026-01-30T15:57:14","modified_gmt":"2026-01-30T15:57:14","slug":"abogados-de-accidentes-por-conduccion-distraida","status":"publish","type":"page","link":"https:\/\/oreskylaw.com\/es\/nyc\/abogados-de-accidentes-por-conduccion-distraida\/","title":{"rendered":"Accidentes por Conducci\u00f3n Distra\u00edd"},"content":{"rendered":"<h2>\u00bfLesionado por un conductor distra\u00eddo? Estamos de su lado.<\/h2>\n<p>Si ha sido lesionado por un conductor inatento, desear\u00e1 tener a un abogado experimentado que luche por sus derechos.<\/p>\n<h3>\u00bfHerido en un accidente causado por distracci\u00f3n al conducir?<\/h3>\n<p>Parece ser una realidad inevitable: como humanos, estamos cada d\u00eda m\u00e1s distra\u00eddos. Para lograr hacer todo, nos encontramos intentando concentrar nuestra atenci\u00f3n en demasiadas direcciones al mismo tiempo. Rara vez es una estrategia saludable y es a\u00fan m\u00e1s peligroso detr\u00e1s del volante de un coche.\u00a0<a href=\"https:\/\/www.nhtsa.gov\/risky-driving\/distracted-driving\" target=\"_blank\" rel=\"nofollow noopener noreferrer\">Estad\u00edsticas recopiladas por la Administraci\u00f3n Nacional de Seguridad del Tr\u00e1fico en Carreteras<\/a>\u00a0indican que est\u00e1 en camino a convertirse en la principal causa de accidentes de tr\u00e1fico. Si ha sido lesionado por un conductor inatento, desear\u00e1 tener a un abogado experimentado que luche por sus derechos.<\/p>\n<h2>Protegiendo sus derechos cuando ha sido lesionado por un conductor distra\u00eddo<\/h2>\n<p>Conocemos la incertidumbre que acompa\u00f1a a una lesi\u00f3n personal, as\u00ed como la ansiedad que tal incertidumbre genera. Trabajaremos arduamente para mantenerlo involucrado e informado en todo momento, de modo que pueda tomar buenas decisiones sobre su futuro. Para una consulta gratuita con un abogado de accidentes de New York\u00a0<a href=\"https:\/\/oreskylaw.com\/es\/contacto\/\">conocedor<\/a>\u00a0y h\u00e1bil, cont\u00e1ctenos en l\u00ednea o llame a nuestra oficina al\u00a0<a href=\"tel:+19295600687\">(929) 560-0687<\/a>.<\/p>\n<p>Atendemos todo tipo de reclamos de lesiones derivados de la conducci\u00f3n distra\u00edda, incluyendo:<\/p>\n<ul>\n<li>Accidentes causados por conductores que enviaban correos electr\u00f3nicos o mensajes de texto, navegando en Internet, ajustando un reproductor de MP3, o de otro modo utilizando un dispositivo port\u00e1til mientras conduc\u00edan.<\/li>\n<li>Choques resultantes de un conductor distra\u00eddo por un pasajero, incluyendo un ni\u00f1o o una mascota.<\/li>\n<li>Desastres provocados por la distracci\u00f3n de un conductor con vallas publicitarias, letreros de ne\u00f3n u otras atracciones en la carretera.<\/li>\n<li>Accidentes causados porque el conductor estaba comiendo o bebiendo detr\u00e1s del volante.<\/li>\n<\/ul>\n<h2>Nuestro equipo puede empezar a trabajar para usted desde el momento en que llama<\/h2>\n<p>Cuando se trata de litigios, no hay tiempo que perder. Una vez llame a nuestra oficina, podemos comenzar a construir su caso en su lucha por compensaci\u00f3n. En tres sencillos pasos, su viaje legal puede comenzar hoy.<\/p>\n<ul>\n<li><strong>Evaluaci\u00f3n Gratuita del Caso:<\/strong> llame a nuestra oficina, env\u00edenos un correo electr\u00f3nico o converse con nosotros en l\u00ednea para recibir una evaluaci\u00f3n gratuita del caso.<\/li>\n<li><strong>Registro:<\/strong> despu\u00e9s de su revisi\u00f3n gratuita del caso, podemos configurar su perfil de cliente y recopilar cualquier informaci\u00f3n que ya tenga.<\/li>\n<li><strong>Comience su Recuperaci\u00f3n:<\/strong> podemos encargarnos de su caso desde aqu\u00ed y actualizarlo a medida que avance. Puede concentrarse en su salud mientras nosotros nos enfocamos en su caso.<\/li>\n<\/ul>\n<h2>Preguntas legales comunes<\/h2>\n\n                <div class=\"cw-accordion \" data-all-open=\"false\" data-accordion-enabled=\"true\">\n                    <div class=\"cw-accordion__wrapper\">\n                <div class=\"cw-accordion__item\"><button class=\"cw-accordion__item-title\" aria-expanded=\"false\" aria-controls=\"panel1\" id=\"accordion1\">\u00bfPuedo ser compensado si tuve parte de la culpa en mi accidente de veh\u00edculo motorizado?<\/button><div class=\"cw-accordion__item-content\" id=\"panel1\" role=\"region\" aria-labelledby=\"accordion1\"><p>La respuesta corta es s\u00ed: muchas veces, puede ser compensado si tiene parte de la culpa. New York es un estado con seguro de no culpa en el que su propio seguro paga sus gastos de bolsillo, como salarios perdidos limitados y facturas m\u00e9dicas hasta $50,000. Cuando usted reclama por dolor y sufrimiento, as\u00ed como cierta p\u00e9rdida econ\u00f3mica por encima del no-fault, los porcentajes de culpa ser\u00e1n considerados en su recuperaci\u00f3n. Su lesi\u00f3n por accidente automovil\u00edstico puede tener un cierto valor, sin embargo, la culpa ser\u00e1 tomada en consideraci\u00f3n en el momento del juicio o acuerdo.<\/p>\n<\/div><\/div><div class=\"cw-accordion__item\"><button class=\"cw-accordion__item-title\" aria-expanded=\"false\" aria-controls=\"panel2\" id=\"accordion2\">\u00bfQu\u00e9 da\u00f1os est\u00e1n disponibles si estoy lesionado en un choque de veh\u00edculo motorizado?<\/button><div class=\"cw-accordion__item-content\" id=\"panel2\" role=\"region\" aria-labelledby=\"accordion2\"><p>Los da\u00f1os recuperables incluyen dolor y sufrimiento pasados y futuros, p\u00e9rdida econ\u00f3mica, como salarios perdidos, gastos m\u00e9dicos, rehabilitaci\u00f3n, terapia y atenci\u00f3n residencial a largo plazo. Los miembros de sindicatos pueden recuperar beneficios futuros perdidos. Otros da\u00f1os son recuperables y ser\u00e1n revisados caso por caso.<\/p>\n<\/div><\/div><div class=\"cw-accordion__item\"><button class=\"cw-accordion__item-title\" aria-expanded=\"false\" aria-controls=\"panel3\" id=\"accordion3\">\u00bfQu\u00e9 sucede si el otro conductor no estaba asegurado?<\/button><div class=\"cw-accordion__item-content\" id=\"panel3\" role=\"region\" aria-labelledby=\"accordion3\"><p>Si el otro conductor no estaba asegurado, podemos presentar una reclamaci\u00f3n de automovilista no asegurado bajo la p\u00f3liza de seguro de su veh\u00edculo. Las p\u00f3lizas de seguro de autom\u00f3viles redactadas para los automovilistas del estado de New York deben tener protecci\u00f3n para no asegurados. Este seguro le proporcionar\u00e1 compensaci\u00f3n financiera a usted, si el conductor culpable no tiene seguro. Si debe presentar una reclamaci\u00f3n a trav\u00e9s de su propio asegurador, necesita un bufete de abogados h\u00e1bil que le ayude a recuperar los m\u00e1ximos da\u00f1os monetarios disponibles.<\/p>\n<\/div><\/div><div class=\"cw-accordion__item\"><button class=\"cw-accordion__item-title\" aria-expanded=\"false\" aria-controls=\"panel4\" id=\"accordion4\">\u00bfC\u00f3mo se determina la culpa en un accidente de veh\u00edculo motorizado?<\/button><div class=\"cw-accordion__item-content\" id=\"panel4\" role=\"region\" aria-labelledby=\"accordion4\"><p>La culpa se determina por la manera en que ocurri\u00f3 el accidente. \u00bfPas\u00f3 un conductor por un sem\u00e1foro o se\u00f1al de stop? \u00bfEstaba el conductor acelerando o conduciendo de manera irrazonable bajo las circunstancias? New York es un estado de culpa comparativa, lo que significa que a\u00fan puede recuperar alguna compensaci\u00f3n por da\u00f1os incluso si usted es el conductor mayormente culpable. Muchas veces, el choque es resultado de ambos conductores que comparten porcentajes de la culpa.<\/p>\n<\/div><\/div><div class=\"cw-accordion__item\"><button class=\"cw-accordion__item-title\" aria-expanded=\"false\" aria-controls=\"panel5\" id=\"accordion5\">\u00bfQu\u00e9 debo hacer despu\u00e9s de un accidente de veh\u00edculo motorizado?<\/button><div class=\"cw-accordion__item-content\" id=\"panel5\" role=\"region\" aria-labelledby=\"accordion5\"><p>Despu\u00e9s de un accidente de veh\u00edculo motorizado, siempre debe llamar a pedir ayuda. Mientras espera que llegue la ayuda, verifique si hay lesiones, tanto suyas como de los dem\u00e1s involucrados en la colisi\u00f3n. Aseg\u00farese de aceptar la atenci\u00f3n m\u00e9dica necesaria de parte de los param\u00e9dicos en la escena y hacer un seguimiento con un proveedor de atenci\u00f3n m\u00e9dica tan pronto como sea posible en los d\u00edas posteriores al accidente. Por \u00faltimo, pero no menos importante, conectarse con un abogado, y hacerlo r\u00e1pidamente. Obtenga m\u00e1s informaci\u00f3n sobre qu\u00e9 hacer despu\u00e9s de un accidente automovil\u00edstico leyendo nuestra publicaci\u00f3n completa.<\/p>\n<\/div><\/div><\/div><\/div>\n    <div class=\"cw-cta-box\">\n        <div class=\"cw-cta-box__inner \">\n            <div class=\"cw-cta-box__info\">\n                                    <div class=\"label\">\u00a1Llame ahora!<\/div>\n                            <\/div>\n                            <div class=\"contact-phone\">\n                    <a href=\"tel:7189939999\"\n                        aria-label=\"Tap to call button\">\n                        718-993-9999                    <\/a>\n                <\/div>\n                    <\/div>\n                    <a href=\"\/es\/contacto\/\"\n               class=\"cta-btn btn btn--primary btn\"\n               target=\"\">\n                Obtenga Una Consulta Gratuita            <\/a>\n            <\/div>\n    \n<h2>Recuperando p\u00e9rdidas despu\u00e9s de un accidente automovil\u00edstico<\/h2>\n<p><img loading=\"lazy\" decoding=\"async\" class=\"size-full wp-image-11870 alignleft\" src=\"https:\/\/oreskylaw.com\/wp-content\/uploads\/2026\/01\/hurt-in-a-bronx-red-and-yellow-light-accident.webp\" alt=\"bronx bridge construction site accident attorney\" width=\"300\" height=\"200\" \/>Cuando nos contrate para ayudar a recuperar sus p\u00e9rdidas despu\u00e9s de un accidente automovil\u00edstico que involucre a un conductor distra\u00eddo, investigaremos cuidadosamente los hechos y circunstancias de su choque, yendo al lugar del accidente, si es necesario. Cuando sea apropiado, traeremos testigos expertos, incluyendo especialistas en reconstrucci\u00f3n de accidentes, ingenieros, profesionales m\u00e9dicos y consultores financieros, para preparar y presentar los argumentos m\u00e1s convincentes para su recuperaci\u00f3n financiera completa.<\/p>\n<p>Le ayudaremos a perseguir una compensaci\u00f3n completa y justa por todas sus p\u00e9rdidas, incluyendo salarios e ingresos, dolor y sufrimiento f\u00edsicos, facturas m\u00e9dicas no pagadas y p\u00e9rdida de compa\u00f1\u00eda o consorcio. Tomamos casos que involucran todo tipo de lesiones, desde esguinces, distensiones y otros traumas de tejidos blandos hasta p\u00e9rdida seria y catastr\u00f3fica, como lesiones cerebrales o\u00a0<a href=\"https:\/\/oreskylaw.com\/es\/lesion\/abogados-de-lesiones-de-la-medula-espinal\/\">de la m\u00e9dula espinal<\/a>, quemaduras, huesos rotos, par\u00e1lisis, cicatrices permanentes o desfiguraci\u00f3n, y amputaci\u00f3n o p\u00e9rdida de extremidad. Nuestros abogados tambi\u00e9n representan a los miembros de la familia sobrevivientes en reclamaciones por muerte por negligencia causadas por la conducci\u00f3n distra\u00edda.<\/p>\n","protected":false},"excerpt":{"rendered":"<p>\u00bfLesionado por un conductor distra\u00eddo? Estamos de su lado. Si ha sido lesionado por un conductor inatento, desear\u00e1 tener a un abogado experimentado que luche por sus derechos. \u00bfHerido en un accidente causado por distracci\u00f3n al conducir? Parece ser una realidad inevitable: como humanos, estamos cada d\u00eda m\u00e1s distra\u00eddos. Para lograr hacer todo, nos encontramos [&hellip;]<\/p>\n","protected":false},"author":9,"featured_media":0,"parent":18614,"menu_order":56,"comment_status":"closed","ping_status":"closed","template":"","meta":{"_acf_changed":false,"footnotes":""},"class_list":["post-18890","page","type-page","status-publish","hentry"],"acf":[],"yoast_head":"<!-- This site is optimized with the Yoast SEO plugin v27.3 - https:\/\/yoast.com\/product\/yoast-seo-wordpress\/ -->\n<title>Abogado de Accidentes por Conducci\u00f3n Distra\u00edda, NYC - Oresky &amp; Associates, PLLC<\/title>\n<meta name=\"description\" content=\"\u00bfLesionado en un accidente por conducci\u00f3n distra\u00edda? Nuestros abogados en NYC luchar\u00e1n por la compensaci\u00f3n que merece. Llama a Oresky &amp; Associates, PLLC ahora.\" \/>\n<meta name=\"robots\" content=\"index, follow, max-snippet:-1, max-image-preview:large, max-video-preview:-1\" \/>\n<link rel=\"canonical\" href=\"https:\/\/oreskylaw.com\/es\/nyc\/abogados-de-accidentes-por-conduccion-distraida\/\" \/>\n<meta property=\"og:locale\" content=\"es_ES\" \/>\n<meta property=\"og:type\" content=\"article\" \/>\n<meta property=\"og:title\" content=\"Abogado de Accidentes por Conducci\u00f3n Distra\u00edda, NYC - Oresky &amp; Associates, PLLC\" \/>\n<meta property=\"og:description\" content=\"\u00bfLesionado en un accidente por conducci\u00f3n distra\u00edda? Nuestros abogados en NYC luchar\u00e1n por la compensaci\u00f3n que merece. Llama a Oresky &amp; Associates, PLLC ahora.\" \/>\n<meta property=\"og:url\" content=\"https:\/\/oreskylaw.com\/es\/nyc\/abogados-de-accidentes-por-conduccion-distraida\/\" \/>\n<meta property=\"og:site_name\" content=\"Oresky &amp; Associates, PLLC\" \/>\n<meta property=\"article:publisher\" content=\"https:\/\/www.facebook.com\/Oreskylaw\/\" \/>\n<meta property=\"article:modified_time\" content=\"2026-01-30T15:57:14+00:00\" \/>\n<meta property=\"og:image\" content=\"https:\/\/oreskylaw.com\/wp-content\/uploads\/2026\/01\/hurt-in-a-bronx-red-and-yellow-light-accident.webp\" \/>\n\t<meta property=\"og:image:width\" content=\"300\" \/>\n\t<meta property=\"og:image:height\" content=\"200\" \/>\n\t<meta property=\"og:image:type\" content=\"image\/webp\" \/>\n<meta name=\"twitter:card\" content=\"summary_large_image\" \/>\n<meta name=\"twitter:site\" content=\"@JacobOreskyLaw\" \/>\n<meta name=\"twitter:label1\" content=\"Tiempo de lectura\" \/>\n\t<meta name=\"twitter:data1\" content=\"3 minutos\" \/>\n<!-- \/ Yoast SEO plugin. -->","yoast_head_json":{"title":"Abogado de Accidentes por Conducci\u00f3n Distra\u00edda, NYC - Oresky & Associates, PLLC","description":"\u00bfLesionado en un accidente por conducci\u00f3n distra\u00edda? Nuestros abogados en NYC luchar\u00e1n por la compensaci\u00f3n que merece. Llama a Oresky & Associates, PLLC ahora.","robots":{"index":"index","follow":"follow","max-snippet":"max-snippet:-1","max-image-preview":"max-image-preview:large","max-video-preview":"max-video-preview:-1"},"canonical":"https:\/\/oreskylaw.com\/es\/nyc\/abogados-de-accidentes-por-conduccion-distraida\/","og_locale":"es_ES","og_type":"article","og_title":"Abogado de Accidentes por Conducci\u00f3n Distra\u00edda, NYC - Oresky & Associates, PLLC","og_description":"\u00bfLesionado en un accidente por conducci\u00f3n distra\u00edda? Nuestros abogados en NYC luchar\u00e1n por la compensaci\u00f3n que merece. Llama a Oresky & Associates, PLLC ahora.","og_url":"https:\/\/oreskylaw.com\/es\/nyc\/abogados-de-accidentes-por-conduccion-distraida\/","og_site_name":"Oresky &amp; Associates, PLLC","article_publisher":"https:\/\/www.facebook.com\/Oreskylaw\/","article_modified_time":"2026-01-30T15:57:14+00:00","og_image":[{"width":300,"height":200,"url":"https:\/\/oreskylaw.com\/wp-content\/uploads\/2026\/01\/hurt-in-a-bronx-red-and-yellow-light-accident.webp","type":"image\/webp"}],"twitter_card":"summary_large_image","twitter_site":"@JacobOreskyLaw","twitter_misc":{"Tiempo de lectura":"3 minutos"},"schema":{"@context":"https:\/\/schema.org","@graph":[{"@type":"WebPage","@id":"https:\/\/oreskylaw.com\/es\/nyc\/abogados-de-accidentes-por-conduccion-distraida\/","url":"https:\/\/oreskylaw.com\/es\/nyc\/abogados-de-accidentes-por-conduccion-distraida\/","name":"Abogado de Accidentes por Conducci\u00f3n Distra\u00edda, NYC - Oresky & Associates, PLLC","isPartOf":{"@id":"https:\/\/oreskylaw.com\/es\/#website"},"primaryImageOfPage":{"@id":"https:\/\/oreskylaw.com\/es\/nyc\/abogados-de-accidentes-por-conduccion-distraida\/#primaryimage"},"image":{"@id":"https:\/\/oreskylaw.com\/es\/nyc\/abogados-de-accidentes-por-conduccion-distraida\/#primaryimage"},"thumbnailUrl":"https:\/\/oreskylaw.com\/wp-content\/uploads\/2026\/01\/hurt-in-a-bronx-red-and-yellow-light-accident.webp","datePublished":"2025-12-09T08:11:28+00:00","dateModified":"2026-01-30T15:57:14+00:00","description":"\u00bfLesionado en un accidente por conducci\u00f3n distra\u00edda? Nuestros abogados en NYC luchar\u00e1n por la compensaci\u00f3n que merece. Llama a Oresky & Associates, PLLC ahora.","breadcrumb":{"@id":"https:\/\/oreskylaw.com\/es\/nyc\/abogados-de-accidentes-por-conduccion-distraida\/#breadcrumb"},"inLanguage":"es","potentialAction":[{"@type":"ReadAction","target":["https:\/\/oreskylaw.com\/es\/nyc\/abogados-de-accidentes-por-conduccion-distraida\/"]}]},{"@type":"ImageObject","inLanguage":"es","@id":"https:\/\/oreskylaw.com\/es\/nyc\/abogados-de-accidentes-por-conduccion-distraida\/#primaryimage","url":"https:\/\/oreskylaw.com\/wp-content\/uploads\/2026\/01\/hurt-in-a-bronx-red-and-yellow-light-accident.webp","contentUrl":"https:\/\/oreskylaw.com\/wp-content\/uploads\/2026\/01\/hurt-in-a-bronx-red-and-yellow-light-accident.webp"},{"@type":"BreadcrumbList","@id":"https:\/\/oreskylaw.com\/es\/nyc\/abogados-de-accidentes-por-conduccion-distraida\/#breadcrumb","itemListElement":[{"@type":"ListItem","position":1,"name":"Inicio","item":"https:\/\/oreskylaw.com\/es\/"},{"@type":"ListItem","position":2,"name":"New York","item":"https:\/\/oreskylaw.com\/es\/nyc\/"},{"@type":"ListItem","position":3,"name":"Accidentes por Conducci\u00f3n Distra\u00edd"}]},{"@type":"WebSite","@id":"https:\/\/oreskylaw.com\/es\/#website","url":"https:\/\/oreskylaw.com\/es\/","name":"Oresky & Associates PLLC","description":"","publisher":{"@id":"https:\/\/oreskylaw.com\/es\/#organization"},"potentialAction":[{"@type":"SearchAction","target":{"@type":"EntryPoint","urlTemplate":"https:\/\/oreskylaw.com\/es\/?s={search_term_string}"},"query-input":{"@type":"PropertyValueSpecification","valueRequired":true,"valueName":"search_term_string"}}],"inLanguage":"es"}]}},"_links":{"self":[{"href":"https:\/\/oreskylaw.com\/es\/wp-json\/wp\/v2\/pages\/18890","targetHints":{"allow":["GET"]}}],"collection":[{"href":"https:\/\/oreskylaw.com\/es\/wp-json\/wp\/v2\/pages"}],"about":[{"href":"https:\/\/oreskylaw.com\/es\/wp-json\/wp\/v2\/types\/page"}],"author":[{"embeddable":true,"href":"https:\/\/oreskylaw.com\/es\/wp-json\/wp\/v2\/users\/9"}],"replies":[{"embeddable":true,"href":"https:\/\/oreskylaw.com\/es\/wp-json\/wp\/v2\/comments?post=18890"}],"version-history":[{"count":0,"href":"https:\/\/oreskylaw.com\/es\/wp-json\/wp\/v2\/pages\/18890\/revisions"}],"up":[{"embeddable":true,"href":"https:\/\/oreskylaw.com\/es\/wp-json\/wp\/v2\/pages\/18614"}],"wp:attachment":[{"href":"https:\/\/oreskylaw.com\/es\/wp-json\/wp\/v2\/media?parent=18890"}],"curies":[{"name":"wp","href":"https:\/\/api.w.org\/{rel}","templated":true}]}}