{"id":18901,"date":"2025-12-09T08:11:44","date_gmt":"2025-12-09T08:11:44","guid":{"rendered":"https:\/\/oreskylaw.com\/?page_id=18901"},"modified":"2026-01-30T15:58:15","modified_gmt":"2026-01-30T15:58:15","slug":"abogados-de-accidentes-de-coche-por-conducir-bajo-los-efectos-del-alcohol","status":"publish","type":"page","link":"https:\/\/oreskylaw.com\/es\/nyc\/abogados-de-accidentes-de-coche-por-conducir-bajo-los-efectos-del-alcohol\/","title":{"rendered":"Accidentes por Conducir en Estado de Ebriedad"},"content":{"rendered":"<h2>Si usted ha sido lesionado por un conductor borracho, podemos ayudar<\/h2>\n<p>Si usted ha sido lesionado por un conductor borracho, es esencial que contrate a un abogado con experiencia para proteger sus derechos.<\/p>\n<h3>Los accidentes de tr\u00e1fico causados por conductores ebrios<\/h3>\n<p>Aunque los funcionarios p\u00fablicos han trabajado duro durante los \u00faltimos a\u00f1os para hacer tomar conciencia de los peligros de beber y conducir, sigue siendo un problema significativo. De hecho, <a href=\"https:\/\/www.cdc.gov\/motorvehiclesafety\/impaired_driving\/impaired-drv_factsheet.html\" target=\"_blank\" rel=\"nofollow noopener noreferrer\">estad\u00edsticas recientes<\/a>\u00a0muestran alcohol para estar involucrados en casi uno tercio de todos los accidentes automovil\u00edsticos fatales en los Estados Unidos. Por otra parte, debido a que muchos conductores ebrios son reincidentes que pueden tener dificultades para obtener seguro de veh\u00edculos de motor adecuada, puede encontrar problemas que tratan de recuperar los da\u00f1os si usted ha sido herido por alguien bajo la influencia. Es por eso que es esencial que usted contrata a un abogado con experiencia para proteger sus derechos.<\/p>\n<h2>La defensa de sus derechos cuando ha sido herido por un conductor borracho<\/h2>\n<p>Hemos visto el impacto de una lesi\u00f3n personal puede tener en todos los aspectos de la vida de una persona, y sabemos que la ansiedad que se puede sentir cuando su futuro es incierto. Los mantendremos involucrado e informado en todo momento, para que sepa d\u00f3nde se encuentra y qu\u00e9 opciones est\u00e1n disponibles para usted. Tomamos un enfoque agresivo, una pr\u00e1ctica que ha ayudado a recuperar m\u00e1s de $ 300 millones en veredictos y acuerdos para nuestros clientes en los \u00faltimos 30 a\u00f1os.<\/p>\n<h2>Un R\u00e9cord de \u00e9xito basado en el trabajo duro y la dedicaci\u00f3n<\/h2>\n<p>Cuando se trata de litigios, no hay tiempo que perder. Una vez llame a nuestra oficina, podemos comenzar a construir su caso en la b\u00fasqueda de su compensaci\u00f3n. En tres cortos pasos, su camino legal puede empezar hoy.<\/p>\n<ul>\n<li><strong>Evaluaci\u00f3n gratuita de casos:<\/strong>\u00a0Llame a nuestra oficina, env\u00edenos un correo electr\u00f3nico, o converse con nosotros en l\u00ednea para recibir una evaluaci\u00f3n gratuita de su caso.<\/li>\n<li><strong>Inscr\u00edbase:<\/strong>\u00a0Luego de la revisi\u00f3n gratuita a su caso, podemos crear su perfil de cliente y recopilar la informaci\u00f3n que usted disponga.<\/li>\n<li><strong>Inicie su recuperaci\u00f3n:\u00a0<\/strong>Nos hacemos cargo de su caso, actualiz\u00e1ndole en la medida que avanza. Usted puede concentrarse en su salud a la par que nos enfocamos en su caso.<\/li>\n<\/ul>\n<h2>\u00bfC\u00f3mo podemos ayudar a nuestros clientes despu\u00e9s de una lesi\u00f3n?<\/h2>\n<p>Nuestra Bronx ebrios abogados de accidentes de conducci\u00f3n proporciona representaci\u00f3n legal de servicio completo a las personas que han sufrido lesiones personales en un accidente de veh\u00edculo de motor que implica un conductor borracho. Vamos a empezar por investigar a fondo su accidente y entrevistar a los testigos cuando sea posible. Tambi\u00e9n vamos a traer en cualquier peritos necesarios, incluyendo especialistas en accidentes de reconstrucci\u00f3n, ingenieros, consultores financieros y profesionales de la medicina, por lo que podemos preparar y presentar el caso m\u00e1s convincente para su recuperaci\u00f3n financiera completa.<\/p>\n    <div class=\"cw-cta-box\">\n        <div class=\"cw-cta-box__inner \">\n            <div class=\"cw-cta-box__info\">\n                                    <div class=\"label\">\u00a1Llame ahora!<\/div>\n                            <\/div>\n                            <div class=\"contact-phone\">\n                    <a href=\"tel:7189939999\"\n                        aria-label=\"Tap to call button\">\n                        718-993-9999                    <\/a>\n                <\/div>\n                    <\/div>\n                    <a href=\"\/es\/contacto\/\"\n               class=\"cta-btn btn btn--primary btn\"\n               target=\"\">\n                Obtenga Una Consulta Gratuita            <\/a>\n            <\/div>\n    \n<h2>Obtener ayuda Si Usted ha sido lesionado por un conductor borracho<\/h2>\n<p><img loading=\"lazy\" decoding=\"async\" class=\"size-full wp-image-32537 alignright\" src=\"https:\/\/oreskylaw.com\/wp-content\/uploads\/2026\/01\/Help-You-After-a-Car-Accident-in-Long-Island.webp\" alt=\"construction accident attorney Bronx NY\" width=\"300\" height=\"200\" \/>Nuestros abogados se ver\u00e1 en tofdas las fuentes potenciales de recuperaci\u00f3n, incluyendo:<\/p>\n<ul>\n<li>Las personas o establecimientos que serv\u00edan al alcohol Vamos a investigar para determinar Dram Shop o pasivo anfitri\u00f3n sociales, mirando para ver si el conductor culpable estaba intoxicado visible o serv\u00edan una cantidad importante de alcohol<\/li>\n<li>defectos Nos Carreteras investigar\u00e1n si el accidente se debi\u00f3 a una negligencia en el mantenimiento o cuidado de la calzada incluyendo sem\u00e1foros defectuosos<\/li>\n<li>No Asegurados o motorista sin suficiente cobertura Si el conductor que tuvo la culpa o bien carece de seguro o tiene un seguro inadecuado para cubrir sus p\u00e9rdidas, vamos a mirar para ver si su p\u00f3liza tiene una cobertura adicional para los automovilistas sin seguro o con seguro insuficiente y presentar esa reclamaci\u00f3n<\/li>\n<\/ul>\n<p>Nos va a ayudar a luchar por la compensaci\u00f3n por todas sus p\u00e9rdidas, de los salarios y los ingresos a la p\u00e9rdida de compa\u00f1\u00eda o consorcio, de los gastos m\u00e9dicos no reembolsables a dolor f\u00edsico y el sufrimiento. Ciudad de New York Nuestra abogados de accidentes de veh\u00edculo de motor manejan la mayor\u00eda de los tipos de lesiones sufridas en un accidente de coche, incluyendo huesos rotos, quemaduras, traumatismos cerebrales o de la m\u00e9dula espinal, cicatrices o desfiguraci\u00f3n permanente, par\u00e1lisis y la amputaci\u00f3n o p\u00e9rdida de una extremidad. Tambi\u00e9n representamos a los familiares sobrevivientes en accidentales o muerte injusta reclamaciones.<\/p>\n","protected":false},"excerpt":{"rendered":"<p>Si usted ha sido lesionado por un conductor borracho, podemos ayudar Si usted ha sido lesionado por un conductor borracho, es esencial que contrate a un abogado con experiencia para proteger sus derechos. Los accidentes de tr\u00e1fico causados por conductores ebrios Aunque los funcionarios p\u00fablicos han trabajado duro durante los \u00faltimos a\u00f1os para hacer tomar [&hellip;]<\/p>\n","protected":false},"author":9,"featured_media":0,"parent":18614,"menu_order":57,"comment_status":"closed","ping_status":"closed","template":"","meta":{"_acf_changed":false,"footnotes":""},"class_list":["post-18901","page","type-page","status-publish","hentry"],"acf":[],"yoast_head":"<!-- This site is optimized with the Yoast SEO plugin v27.3 - https:\/\/yoast.com\/product\/yoast-seo-wordpress\/ -->\n<title>Abogado de Accidentes por Conducir Ebrio, NYC - Oresky &amp; Associates, PLLC<\/title>\n<meta name=\"description\" content=\"\u00bfLesionado en un accidente por conducir ebrio? Nuestros abogados en NYC luchar\u00e1n para obtener compensaci\u00f3n. Llama a Oresky &amp; Associates, PLLC para consulta.\" \/>\n<meta name=\"robots\" content=\"index, follow, max-snippet:-1, max-image-preview:large, max-video-preview:-1\" \/>\n<link rel=\"canonical\" href=\"https:\/\/oreskylaw.com\/es\/nyc\/abogados-de-accidentes-de-coche-por-conducir-bajo-los-efectos-del-alcohol\/\" \/>\n<meta property=\"og:locale\" content=\"es_ES\" \/>\n<meta property=\"og:type\" content=\"article\" \/>\n<meta property=\"og:title\" content=\"Abogado de Accidentes por Conducir Ebrio, NYC - Oresky &amp; Associates, PLLC\" \/>\n<meta property=\"og:description\" content=\"\u00bfLesionado en un accidente por conducir ebrio? Nuestros abogados en NYC luchar\u00e1n para obtener compensaci\u00f3n. Llama a Oresky &amp; Associates, PLLC para consulta.\" \/>\n<meta property=\"og:url\" content=\"https:\/\/oreskylaw.com\/es\/nyc\/abogados-de-accidentes-de-coche-por-conducir-bajo-los-efectos-del-alcohol\/\" \/>\n<meta property=\"og:site_name\" content=\"Oresky &amp; Associates, PLLC\" \/>\n<meta property=\"article:publisher\" content=\"https:\/\/www.facebook.com\/Oreskylaw\/\" \/>\n<meta property=\"article:modified_time\" content=\"2026-01-30T15:58:15+00:00\" \/>\n<meta property=\"og:image\" content=\"https:\/\/oreskylaw.com\/wp-content\/uploads\/2026\/01\/Help-You-After-a-Car-Accident-in-Long-Island.webp\" \/>\n\t<meta property=\"og:image:width\" content=\"300\" \/>\n\t<meta property=\"og:image:height\" content=\"200\" \/>\n\t<meta property=\"og:image:type\" content=\"image\/webp\" \/>\n<meta name=\"twitter:card\" content=\"summary_large_image\" \/>\n<meta name=\"twitter:site\" content=\"@JacobOreskyLaw\" \/>\n<meta name=\"twitter:label1\" content=\"Tiempo de lectura\" \/>\n\t<meta name=\"twitter:data1\" content=\"4 minutos\" \/>\n<!-- \/ Yoast SEO plugin. -->","yoast_head_json":{"title":"Abogado de Accidentes por Conducir Ebrio, NYC - Oresky & Associates, PLLC","description":"\u00bfLesionado en un accidente por conducir ebrio? Nuestros abogados en NYC luchar\u00e1n para obtener compensaci\u00f3n. Llama a Oresky & Associates, PLLC para consulta.","robots":{"index":"index","follow":"follow","max-snippet":"max-snippet:-1","max-image-preview":"max-image-preview:large","max-video-preview":"max-video-preview:-1"},"canonical":"https:\/\/oreskylaw.com\/es\/nyc\/abogados-de-accidentes-de-coche-por-conducir-bajo-los-efectos-del-alcohol\/","og_locale":"es_ES","og_type":"article","og_title":"Abogado de Accidentes por Conducir Ebrio, NYC - Oresky & Associates, PLLC","og_description":"\u00bfLesionado en un accidente por conducir ebrio? Nuestros abogados en NYC luchar\u00e1n para obtener compensaci\u00f3n. Llama a Oresky & Associates, PLLC para consulta.","og_url":"https:\/\/oreskylaw.com\/es\/nyc\/abogados-de-accidentes-de-coche-por-conducir-bajo-los-efectos-del-alcohol\/","og_site_name":"Oresky &amp; Associates, PLLC","article_publisher":"https:\/\/www.facebook.com\/Oreskylaw\/","article_modified_time":"2026-01-30T15:58:15+00:00","og_image":[{"width":300,"height":200,"url":"https:\/\/oreskylaw.com\/wp-content\/uploads\/2026\/01\/Help-You-After-a-Car-Accident-in-Long-Island.webp","type":"image\/webp"}],"twitter_card":"summary_large_image","twitter_site":"@JacobOreskyLaw","twitter_misc":{"Tiempo de lectura":"4 minutos"},"schema":{"@context":"https:\/\/schema.org","@graph":[{"@type":"WebPage","@id":"https:\/\/oreskylaw.com\/es\/nyc\/abogados-de-accidentes-de-coche-por-conducir-bajo-los-efectos-del-alcohol\/","url":"https:\/\/oreskylaw.com\/es\/nyc\/abogados-de-accidentes-de-coche-por-conducir-bajo-los-efectos-del-alcohol\/","name":"Abogado de Accidentes por Conducir Ebrio, NYC - Oresky & Associates, PLLC","isPartOf":{"@id":"https:\/\/oreskylaw.com\/es\/#website"},"primaryImageOfPage":{"@id":"https:\/\/oreskylaw.com\/es\/nyc\/abogados-de-accidentes-de-coche-por-conducir-bajo-los-efectos-del-alcohol\/#primaryimage"},"image":{"@id":"https:\/\/oreskylaw.com\/es\/nyc\/abogados-de-accidentes-de-coche-por-conducir-bajo-los-efectos-del-alcohol\/#primaryimage"},"thumbnailUrl":"https:\/\/oreskylaw.com\/wp-content\/uploads\/2026\/01\/Help-You-After-a-Car-Accident-in-Long-Island.webp","datePublished":"2025-12-09T08:11:44+00:00","dateModified":"2026-01-30T15:58:15+00:00","description":"\u00bfLesionado en un accidente por conducir ebrio? Nuestros abogados en NYC luchar\u00e1n para obtener compensaci\u00f3n. Llama a Oresky & Associates, PLLC para consulta.","breadcrumb":{"@id":"https:\/\/oreskylaw.com\/es\/nyc\/abogados-de-accidentes-de-coche-por-conducir-bajo-los-efectos-del-alcohol\/#breadcrumb"},"inLanguage":"es","potentialAction":[{"@type":"ReadAction","target":["https:\/\/oreskylaw.com\/es\/nyc\/abogados-de-accidentes-de-coche-por-conducir-bajo-los-efectos-del-alcohol\/"]}]},{"@type":"ImageObject","inLanguage":"es","@id":"https:\/\/oreskylaw.com\/es\/nyc\/abogados-de-accidentes-de-coche-por-conducir-bajo-los-efectos-del-alcohol\/#primaryimage","url":"https:\/\/oreskylaw.com\/wp-content\/uploads\/2026\/01\/Help-You-After-a-Car-Accident-in-Long-Island.webp","contentUrl":"https:\/\/oreskylaw.com\/wp-content\/uploads\/2026\/01\/Help-You-After-a-Car-Accident-in-Long-Island.webp"},{"@type":"BreadcrumbList","@id":"https:\/\/oreskylaw.com\/es\/nyc\/abogados-de-accidentes-de-coche-por-conducir-bajo-los-efectos-del-alcohol\/#breadcrumb","itemListElement":[{"@type":"ListItem","position":1,"name":"Inicio","item":"https:\/\/oreskylaw.com\/es\/"},{"@type":"ListItem","position":2,"name":"New York","item":"https:\/\/oreskylaw.com\/es\/nyc\/"},{"@type":"ListItem","position":3,"name":"Accidentes por Conducir en Estado de Ebriedad"}]},{"@type":"WebSite","@id":"https:\/\/oreskylaw.com\/es\/#website","url":"https:\/\/oreskylaw.com\/es\/","name":"Oresky & Associates PLLC","description":"","publisher":{"@id":"https:\/\/oreskylaw.com\/es\/#organization"},"potentialAction":[{"@type":"SearchAction","target":{"@type":"EntryPoint","urlTemplate":"https:\/\/oreskylaw.com\/es\/?s={search_term_string}"},"query-input":{"@type":"PropertyValueSpecification","valueRequired":true,"valueName":"search_term_string"}}],"inLanguage":"es"}]}},"_links":{"self":[{"href":"https:\/\/oreskylaw.com\/es\/wp-json\/wp\/v2\/pages\/18901","targetHints":{"allow":["GET"]}}],"collection":[{"href":"https:\/\/oreskylaw.com\/es\/wp-json\/wp\/v2\/pages"}],"about":[{"href":"https:\/\/oreskylaw.com\/es\/wp-json\/wp\/v2\/types\/page"}],"author":[{"embeddable":true,"href":"https:\/\/oreskylaw.com\/es\/wp-json\/wp\/v2\/users\/9"}],"replies":[{"embeddable":true,"href":"https:\/\/oreskylaw.com\/es\/wp-json\/wp\/v2\/comments?post=18901"}],"version-history":[{"count":0,"href":"https:\/\/oreskylaw.com\/es\/wp-json\/wp\/v2\/pages\/18901\/revisions"}],"up":[{"embeddable":true,"href":"https:\/\/oreskylaw.com\/es\/wp-json\/wp\/v2\/pages\/18614"}],"wp:attachment":[{"href":"https:\/\/oreskylaw.com\/es\/wp-json\/wp\/v2\/media?parent=18901"}],"curies":[{"name":"wp","href":"https:\/\/api.w.org\/{rel}","templated":true}]}}