{"id":18912,"date":"2025-12-09T08:12:10","date_gmt":"2025-12-09T08:12:10","guid":{"rendered":"https:\/\/oreskylaw.com\/?page_id=18912"},"modified":"2026-01-30T15:59:00","modified_gmt":"2026-01-30T15:59:00","slug":"abogados-de-accidentes-de-scooter-electrico","status":"publish","type":"page","link":"https:\/\/oreskylaw.com\/es\/nyc\/abogados-de-accidentes-de-scooter-electrico\/","title":{"rendered":"Accidentes de Patinetas El\u00e9ctricas"},"content":{"rendered":"<h2>\u00bfSe lesion\u00f3 recientemente en Un Accidente De Patinetas El\u00e9ctricas?<\/h2>\n<p>Si ha resultado lesionado en un accidente de patinetas el\u00e9ctricas en la ciudad de New York, los abogados de accidentes de patinetas el\u00e9ctricas de Oresky &amp; Associates, PLLC luchar\u00e1n por usted.<\/p>\n<h3>Defendiendo a las v\u00edctimas de accidentes en la ciudad de New York durante m\u00e1s de 30 a\u00f1os<\/h3>\n<p>Los propietarios de scooters el\u00e9ctricos en New York, NY, son v\u00edctimas de innumerables accidentes automovil\u00edsticos cada a\u00f1o. Estos accidentes pueden causar lesiones que cambian la vida o incluso la muerte. Con la creciente popularidad de los patinetes el\u00e9ctricos, podemos ver m\u00e1s accidentes cada a\u00f1o.<\/p>\n<p>Si se lesion\u00f3 en un accidente de scooter el\u00e9ctrico con un autom\u00f3vil, cami\u00f3n o autob\u00fas, presentar una demanda es una forma de recuperar los da\u00f1os por lesiones personales. Oresky &amp; Associates, PLLC, es un bufete de abogados especializado en lesiones personales que se ocupa de casos de patinetes el\u00e9ctricos para muchos residentes de la ciudad de New York cada a\u00f1o. Nuestros abogados con experiencia pueden ayudarlo en su b\u00fasqueda de justicia.<\/p>\n<h2>\u00bfQui\u00e9n es responsable de hecho en un accidente de Patineta?<\/h2>\n<p>Muchas personas pueden ser consideradas responsables por un accidente de scooter. En cuanto a determinar la culpa de un accidente, todo depende del escenario de la colisi\u00f3n de su scooter. Nuestros abogados de scooters lo ayudar\u00e1n a determinar qui\u00e9n es legalmente responsable de los da\u00f1os sufridos en un accidente de scooter. New York es un estado de negligencia comparativa, lo que significa que la culpa se distribuir\u00e1 entre las partes.<\/p>\n<p>Otra parte que puede tener la culpa de un accidente de scooter es el conductor de un veh\u00edculo motorizado, incluido un cami\u00f3n o un autob\u00fas. Un autom\u00f3vil o cami\u00f3n que choca con un scooter puede causar da\u00f1os importantes. Los patinetes ofrecen poca o ninguna protecci\u00f3n a los conductores. Desafortunadamente, esto significa que los operadores de patinetes el\u00e9ctricos son susceptibles a sufrir lesiones graves cuando son golpeados por un veh\u00edculo motorizado.<\/p>\n<p>Si tiene lesiones debilitantes derivadas de una colisi\u00f3n entre un scooter y un veh\u00edculo motorizado, es posible que pueda obtener una compensaci\u00f3n por sus lesiones.<\/p>\n<h2>Un r\u00e9cord de \u00e9xito basado en el trabajo duro y la dedicaci\u00f3n<\/h2>\n<p>Cuando se trata de litigios, no hay tiempo que perder. Una vez llame a nuestra oficina, podemos comenzar a construir su caso en la b\u00fasqueda de su compensaci\u00f3n. En tres cortos pasos, su camino legal puede empezar hoy.<\/p>\n<ul>\n<li><strong>Evaluaci\u00f3n gratuita del caso:\u00a0<\/strong>Llame a nuestra oficina, env\u00edenos un correo electr\u00f3nico o converse con nosotros en l\u00ednea para recibir una evaluaci\u00f3n gratuita de su caso.<\/li>\n<li><strong>Inscribe:\u00a0<\/strong>Luego de la revisi\u00f3n gratuita a su caso, podemos crear su perfil de cliente y recopilar la informaci\u00f3n que usted disponga.<\/li>\n<li><strong>Inicie su recuperaci\u00f3n:<\/strong>\u00a0Nos hacemos cargo de su caso, actualiz\u00e1ndole en la medida que avanza. Usted puede concentrarse en su salud al par que nos enfocamos en su caso.<\/li>\n<\/ul>\n    <div class=\"cw-cta-box\">\n        <div class=\"cw-cta-box__inner \">\n            <div class=\"cw-cta-box__info\">\n                                    <div class=\"label\">\u00a1Llame ahora!<\/div>\n                            <\/div>\n                            <div class=\"contact-phone\">\n                    <a href=\"tel:7189939999\"\n                        aria-label=\"Tap to call button\">\n                        718-993-9999                    <\/a>\n                <\/div>\n                    <\/div>\n                    <a href=\"\/es\/contacto\/\"\n               class=\"cta-btn btn btn--primary btn\"\n               target=\"\">\n                Obtenga Una Consulta Gratuita            <\/a>\n            <\/div>\n    \n<h2>Qual son las Patinetas y las Patinetas El\u00e9ctricas?<\/h2>\n<p>En primer lugar, hablemos de lo que califica como patineta o patineta el\u00e9ctrica.<\/p>\n<p>Una patineta el\u00e9ctrica es un aparato alimentado por un motor el\u00e9ctrico y consiste en una tabla para pisar, manubrios y ruedas. Dependiendo del tipo de patineta, puede tener dos o tres ruedas.<\/p>\n<p>Aunque muchas personas usan patinetas el\u00e9ctricas para circular de pie, muchos ciudadanos mayores o personas discapacitadas usan patinetas con asientos para circular en \u00e1reas abiertas, como supermercados y centros comerciales.<\/p>\n<h3>Reglamentos para patinetas<\/h3>\n<p>Existen reglamentos que todo propietario de patineta o de patineta el\u00e9ctrica debe acatar. Uno de estos reglamentos en la Ciudad de New York es que usted no puede circular en su patineta el\u00e9ctrica a una velocidad mayor a 15 millas por hora. Adem\u00e1s, usted puede operar su patineta solamente en calles y carriles para bicicletas. Aseg\u00farese de no circular en su patineta en caminos que tienen un l\u00edmite de velocidad mayor a 30 millas por hora.<\/p>\n<h3>\u00bfNecesito tener licencia para conducir una patineta?<\/h3>\n<p>Muchas personas no conocen los requerimientos para operar una patineta, ya que cada estado tiene sus propias leyes distintivas.<\/p>\n<h2>Causas de Accidentes de Patineta<\/h2>\n<p>Existen varias causas potenciales para un accidente de patineta el\u00e9ctrica. Dependiendo de la ra\u00edz de su incidente, usted podr\u00eda reclamar una compensaci\u00f3n.<\/p>\n<p>Uno de los principales beneficios de un abogado de accidentes de patineta el\u00e9ctrica es identificar a las partes responsables. Una vez que usted sabe qui\u00e9n es culpable, su abogado de lesiones personales intentar\u00e1 construir un caso s\u00f3lido a su favor. Es por ello que resulta crucial reunir tanta evidencia como sea posible al momento del choque.<\/p>\n<h3>Conductores agresivos<\/h3>\n<p>En primer lugar, un conductor agresivo podr\u00eda ser responsable de un accidente. Por ejemplo, si un conductor intenta pasar una luz roja y para ello invadir la acera, podr\u00eda golpear a un operador inocente de patineta.<\/p>\n<h3>Droit Errois of Paso<\/h3>\n<p>Si un conductor no acata las reglas del camino y ocasiona un accidente, podr\u00eda ser responsable del accidente.<\/p>\n<p>Si el conductor de una patineta tiene el derecho de paso y el chofer de un auto o cami\u00f3n lo golpea, el chofer ser\u00e1 responsable del accidente. Nuestros abogados reunir\u00e1n la evidencia para probar que estos choferes iban a exhibir una conducta negligente.<\/p>\n<h3>District Conductor Accidents<\/h3>\n<p><img loading=\"lazy\" decoding=\"async\" class=\"size-full wp-image-14646 alignright\" src=\"https:\/\/oreskylaw.com\/wp-content\/uploads\/2026\/01\/What-is-the-Personal-Injury-Claims-Process.webp\" alt=\"construction accident attorney bronx ny\" width=\"300\" height=\"200\" \/>En el mundo actual, hay muchos m\u00e1s distractores al conducir que nunca antes. Los conductores distra\u00eddos podr\u00edan cargar con la culpa por cualquier accidente que los involucre.<\/p>\n<p>Si usted puede probar que el conductor iba distra\u00eddo al momento de su accidente, podr\u00eda tener un caso s\u00f3lido en sus manos.<\/p>\n<h2>Lesiones Comunes por Accidente de Patineta<\/h2>\n<p>Un accidente de patineta puede provocar varias lesiones graves. Dependiendo de sus lesiones, usted podr\u00eda ser elegible para demandar por da\u00f1os.<\/p>\n<h3>Hematomas<\/h3>\n<p>Una de las lesiones menores que un conductor podr\u00eda recibir son los hematomas. Los hematomas pueden variar en gravedad desde un descoloramiento menor hasta hematomas en un hueso que hacen que caminar o estar de pie resulte inc\u00f3modo. Mientras m\u00e1s grave sea un hematoma, m\u00e1s debe considerar el impacto potencial que esas lesiones tendr\u00e1n en su vida.<\/p>\n<h3>Abrasi\u00f3n por asfalto<\/h3>\n<p>Una lesi\u00f3n com\u00fan en un accidente de patineta es la abrasi\u00f3n por asfalto. Cuando una v\u00edctima hace contacto con el camino, podr\u00eda deslizarse por el pavimento. Este deslizamiento puede causar una herida irritable y dolorosa. Esta lesi\u00f3n es m\u00e1s susceptible de infectarse y puede tardar bastante en sanar.<\/p>\n<p>T\u00edpicamente, los m\u00e9dicos prescribir\u00e1n antibi\u00f3ticos para aliviar los s\u00edntomas de abrasi\u00f3n por asfalto. Los casos m\u00e1s cr\u00edticos de abrasi\u00f3n por asfalto requerir\u00e1n un extenso procedimiento de injerto de piel.<\/p>\n<h3>Lesiones en la espina dorsal<\/h3>\n<p>Una lesi\u00f3n cr\u00edtica que puede sufrir un conductor en un accidente de patineta es un da\u00f1o en la columna dorsal. Muchas lesiones en la columna vertebral son permanentes y pueden disminuir su calidad de vida. Lo que es peor, el debilitamiento de la columna dorsal puede llevar a una par\u00e1lisis parcial o completa. Para este tipo de da\u00f1os es vital una indemnizaci\u00f3n adecuada.<\/p>\n<h3>Traumatique Cerebral<\/h3>\n<p>En casos calamitosos, un accidente de patineta puede provocar lesiones cerebrales traum\u00e1ticas. Las v\u00edctimas que reciben lesiones traum\u00e1ticas podr\u00edan nunca ser las mismas. Usted podr\u00eda terminar en coma o en unas instalaciones de cuidados a largo plazo, incrementando, adem\u00e1s, sus gastos m\u00e9dicos.<\/p>\n<p>Busque una compensaci\u00f3n de su compa\u00f1\u00eda de seguros contratando una firma legal de prestigio para manejar su caso. Nuestro objetivo es buscar justicia de parte de su agresor.<\/p>\n<h3>Torceduras y Esguinces<\/h3>\n<p>En muchos accidentes de patinetas que circulan, la v\u00edctima podr\u00eda sufrir una torcedura o esguince. Estas lesiones var\u00edan en gravedad, pero t\u00edpicamente sanan en el lapso de varias semanas.<\/p>\n<p>Para reclamar una indemnizaci\u00f3n por un esguince o tir\u00f3n, usted debe probar que le caus\u00f3 da\u00f1os graves y dolor f\u00edsico y emocional.<\/p>\n<h3>Huesos, ra\u00edces o fracturas<\/h3>\n<p>Dependiendo del impacto de un choque, la v\u00edctima podr\u00eda tener huesos rotos o fracturados. Los huesos rotos pueden tomar un tiempo en sanar, dependiendo de cu\u00e1l hueso se fracture.<\/p>\n<p>Adem\u00e1s, usted podr\u00eda necesitar operaciones para reparar sus huesos afectados. Estas cirug\u00edas son costosas, y es por ello que usted debe consultar a un abogado para reclamar una compensaci\u00f3n. Si usted tiene que faltar al trabajo, podr\u00eda considerar esto como da\u00f1os al momento en que se calcule la cantidad de su acuerdo.<\/p>\n<h2>Programe una Consulta con un Abogado de Accidentes de Patineta en New York<\/h2>\n<p>Nuestros experimentados abogados de accidentes de patineta el\u00e9ctrica usar\u00e1n nuestro conocimiento de la legislaci\u00f3n de accidentes para construir un caso para usted y su ser querido.<\/p>\n<p>Es responsabilidad de la v\u00edctima probar que sufri\u00f3 da\u00f1os. Adem\u00e1s, usted debe calcular la cantidad a la que tiene derecho. Rara vez, la parte culpable cargar\u00e1 con la responsabilidad. En lugar de ello, las compa\u00f1\u00edas aseguradoras intentar\u00e1n evitar que usted reciba el acuerdo m\u00e1ximo.<\/p>\n<p>Si usted o un ser querido est\u00e1 lidiando con las ramificaciones de un accidente de patineta el\u00e9ctrica en New York, NY, p\u00f3ngase en contacto con Oresky &amp; Associates, PLLC al (718) 362-3043. Podemos programar una consulta para hablar sobre su caso en detalle. La consulta es gratuita y no cobramos honorarios legales a menos que ganemos para usted.<\/p>\n","protected":false},"excerpt":{"rendered":"<p>\u00bfSe lesion\u00f3 recientemente en Un Accidente De Patinetas El\u00e9ctricas? Si ha resultado lesionado en un accidente de patinetas el\u00e9ctricas en la ciudad de New York, los abogados de accidentes de patinetas el\u00e9ctricas de Oresky &amp; Associates, PLLC luchar\u00e1n por usted. Defendiendo a las v\u00edctimas de accidentes en la ciudad de New York durante m\u00e1s de [&hellip;]<\/p>\n","protected":false},"author":9,"featured_media":0,"parent":18614,"menu_order":59,"comment_status":"closed","ping_status":"closed","template":"","meta":{"_acf_changed":false,"footnotes":""},"class_list":["post-18912","page","type-page","status-publish","hentry"],"acf":[],"yoast_head":"<!-- This site is optimized with the Yoast SEO plugin v27.3 - https:\/\/yoast.com\/product\/yoast-seo-wordpress\/ -->\n<title>Abogado de Accidentes de Patinetas El\u00e9ctricas, NYC - Oresky &amp; Associates, PLLC<\/title>\n<meta name=\"description\" content=\"\u00bfLesionado en un accidente de patinete el\u00e9ctrico? Nuestros abogados en NYC luchar\u00e1n para que obtenga la compensaci\u00f3n que merece. Cont\u00e1ctenos para consulta.\" \/>\n<meta name=\"robots\" content=\"index, follow, max-snippet:-1, max-image-preview:large, max-video-preview:-1\" \/>\n<link rel=\"canonical\" href=\"https:\/\/oreskylaw.com\/es\/nyc\/abogados-de-accidentes-de-scooter-electrico\/\" \/>\n<meta property=\"og:locale\" content=\"es_ES\" \/>\n<meta property=\"og:type\" content=\"article\" \/>\n<meta property=\"og:title\" content=\"Abogado de Accidentes de Patinetas El\u00e9ctricas, NYC - Oresky &amp; Associates, PLLC\" \/>\n<meta property=\"og:description\" content=\"\u00bfLesionado en un accidente de patinete el\u00e9ctrico? Nuestros abogados en NYC luchar\u00e1n para que obtenga la compensaci\u00f3n que merece. Cont\u00e1ctenos para consulta.\" \/>\n<meta property=\"og:url\" content=\"https:\/\/oreskylaw.com\/es\/nyc\/abogados-de-accidentes-de-scooter-electrico\/\" \/>\n<meta property=\"og:site_name\" content=\"Oresky &amp; Associates, PLLC\" \/>\n<meta property=\"article:publisher\" content=\"https:\/\/www.facebook.com\/Oreskylaw\/\" \/>\n<meta property=\"article:modified_time\" content=\"2026-01-30T15:59:00+00:00\" \/>\n<meta property=\"og:image\" content=\"https:\/\/oreskylaw.com\/wp-content\/uploads\/2026\/01\/What-is-the-Personal-Injury-Claims-Process.webp\" \/>\n\t<meta property=\"og:image:width\" content=\"300\" \/>\n\t<meta property=\"og:image:height\" content=\"200\" \/>\n\t<meta property=\"og:image:type\" content=\"image\/webp\" \/>\n<meta name=\"twitter:card\" content=\"summary_large_image\" \/>\n<meta name=\"twitter:site\" content=\"@JacobOreskyLaw\" \/>\n<meta name=\"twitter:label1\" content=\"Tiempo de lectura\" \/>\n\t<meta name=\"twitter:data1\" content=\"7 minutos\" \/>\n<!-- \/ Yoast SEO plugin. -->","yoast_head_json":{"title":"Abogado de Accidentes de Patinetas El\u00e9ctricas, NYC - Oresky & Associates, PLLC","description":"\u00bfLesionado en un accidente de patinete el\u00e9ctrico? Nuestros abogados en NYC luchar\u00e1n para que obtenga la compensaci\u00f3n que merece. Cont\u00e1ctenos para consulta.","robots":{"index":"index","follow":"follow","max-snippet":"max-snippet:-1","max-image-preview":"max-image-preview:large","max-video-preview":"max-video-preview:-1"},"canonical":"https:\/\/oreskylaw.com\/es\/nyc\/abogados-de-accidentes-de-scooter-electrico\/","og_locale":"es_ES","og_type":"article","og_title":"Abogado de Accidentes de Patinetas El\u00e9ctricas, NYC - Oresky & Associates, PLLC","og_description":"\u00bfLesionado en un accidente de patinete el\u00e9ctrico? Nuestros abogados en NYC luchar\u00e1n para que obtenga la compensaci\u00f3n que merece. Cont\u00e1ctenos para consulta.","og_url":"https:\/\/oreskylaw.com\/es\/nyc\/abogados-de-accidentes-de-scooter-electrico\/","og_site_name":"Oresky &amp; Associates, PLLC","article_publisher":"https:\/\/www.facebook.com\/Oreskylaw\/","article_modified_time":"2026-01-30T15:59:00+00:00","og_image":[{"width":300,"height":200,"url":"https:\/\/oreskylaw.com\/wp-content\/uploads\/2026\/01\/What-is-the-Personal-Injury-Claims-Process.webp","type":"image\/webp"}],"twitter_card":"summary_large_image","twitter_site":"@JacobOreskyLaw","twitter_misc":{"Tiempo de lectura":"7 minutos"},"schema":{"@context":"https:\/\/schema.org","@graph":[{"@type":"WebPage","@id":"https:\/\/oreskylaw.com\/es\/nyc\/abogados-de-accidentes-de-scooter-electrico\/","url":"https:\/\/oreskylaw.com\/es\/nyc\/abogados-de-accidentes-de-scooter-electrico\/","name":"Abogado de Accidentes de Patinetas El\u00e9ctricas, NYC - Oresky & Associates, PLLC","isPartOf":{"@id":"https:\/\/oreskylaw.com\/es\/#website"},"primaryImageOfPage":{"@id":"https:\/\/oreskylaw.com\/es\/nyc\/abogados-de-accidentes-de-scooter-electrico\/#primaryimage"},"image":{"@id":"https:\/\/oreskylaw.com\/es\/nyc\/abogados-de-accidentes-de-scooter-electrico\/#primaryimage"},"thumbnailUrl":"https:\/\/oreskylaw.com\/wp-content\/uploads\/2026\/01\/What-is-the-Personal-Injury-Claims-Process.webp","datePublished":"2025-12-09T08:12:10+00:00","dateModified":"2026-01-30T15:59:00+00:00","description":"\u00bfLesionado en un accidente de patinete el\u00e9ctrico? Nuestros abogados en NYC luchar\u00e1n para que obtenga la compensaci\u00f3n que merece. Cont\u00e1ctenos para consulta.","breadcrumb":{"@id":"https:\/\/oreskylaw.com\/es\/nyc\/abogados-de-accidentes-de-scooter-electrico\/#breadcrumb"},"inLanguage":"es","potentialAction":[{"@type":"ReadAction","target":["https:\/\/oreskylaw.com\/es\/nyc\/abogados-de-accidentes-de-scooter-electrico\/"]}]},{"@type":"ImageObject","inLanguage":"es","@id":"https:\/\/oreskylaw.com\/es\/nyc\/abogados-de-accidentes-de-scooter-electrico\/#primaryimage","url":"https:\/\/oreskylaw.com\/wp-content\/uploads\/2026\/01\/What-is-the-Personal-Injury-Claims-Process.webp","contentUrl":"https:\/\/oreskylaw.com\/wp-content\/uploads\/2026\/01\/What-is-the-Personal-Injury-Claims-Process.webp"},{"@type":"BreadcrumbList","@id":"https:\/\/oreskylaw.com\/es\/nyc\/abogados-de-accidentes-de-scooter-electrico\/#breadcrumb","itemListElement":[{"@type":"ListItem","position":1,"name":"Inicio","item":"https:\/\/oreskylaw.com\/es\/"},{"@type":"ListItem","position":2,"name":"New York","item":"https:\/\/oreskylaw.com\/es\/nyc\/"},{"@type":"ListItem","position":3,"name":"Accidentes de Patinetas El\u00e9ctricas"}]},{"@type":"WebSite","@id":"https:\/\/oreskylaw.com\/es\/#website","url":"https:\/\/oreskylaw.com\/es\/","name":"Oresky & Associates PLLC","description":"","publisher":{"@id":"https:\/\/oreskylaw.com\/es\/#organization"},"potentialAction":[{"@type":"SearchAction","target":{"@type":"EntryPoint","urlTemplate":"https:\/\/oreskylaw.com\/es\/?s={search_term_string}"},"query-input":{"@type":"PropertyValueSpecification","valueRequired":true,"valueName":"search_term_string"}}],"inLanguage":"es"}]}},"_links":{"self":[{"href":"https:\/\/oreskylaw.com\/es\/wp-json\/wp\/v2\/pages\/18912","targetHints":{"allow":["GET"]}}],"collection":[{"href":"https:\/\/oreskylaw.com\/es\/wp-json\/wp\/v2\/pages"}],"about":[{"href":"https:\/\/oreskylaw.com\/es\/wp-json\/wp\/v2\/types\/page"}],"author":[{"embeddable":true,"href":"https:\/\/oreskylaw.com\/es\/wp-json\/wp\/v2\/users\/9"}],"replies":[{"embeddable":true,"href":"https:\/\/oreskylaw.com\/es\/wp-json\/wp\/v2\/comments?post=18912"}],"version-history":[{"count":0,"href":"https:\/\/oreskylaw.com\/es\/wp-json\/wp\/v2\/pages\/18912\/revisions"}],"up":[{"embeddable":true,"href":"https:\/\/oreskylaw.com\/es\/wp-json\/wp\/v2\/pages\/18614"}],"wp:attachment":[{"href":"https:\/\/oreskylaw.com\/es\/wp-json\/wp\/v2\/media?parent=18912"}],"curies":[{"name":"wp","href":"https:\/\/api.w.org\/{rel}","templated":true}]}}