{"id":18934,"date":"2025-12-09T08:12:52","date_gmt":"2025-12-09T08:12:52","guid":{"rendered":"https:\/\/oreskylaw.com\/?page_id=18934"},"modified":"2026-01-30T16:00:54","modified_gmt":"2026-01-30T16:00:54","slug":"abogados-de-accidentes-de-ascensor","status":"publish","type":"page","link":"https:\/\/oreskylaw.com\/es\/nyc\/abogados-de-accidentes-de-ascensor\/","title":{"rendered":"Accidentes de ascensor"},"content":{"rendered":"<h2>Nos puede ayudar si usted ha sido herido en un ascensor de accidentes<\/h2>\n<p>Con tantos ascensores trabajando duro todos los d\u00edas en la ciudad de New York, no est\u00e1n obligados a ser algunos problemas.<\/p>\n<h3>Defendemos los derechos de las v\u00edctimas de lesiones por toda New York<\/h3>\n<p>Las personas que visita, en vivo, o el trabajo en el Bronx a menudo usan elevadores sobre una base diaria para navegar a trav\u00e9s de nuestros edificios de varios pisos. Con tantos ascensores trabajando duro, no est\u00e1n obligados a haber problemas. Cuando un mal funcionamiento del ascensor, la gente puede salir herido. Su vida puede cambiar al instante si usted sufre una lesi\u00f3n debido a la negligencia de otra persona o hecho il\u00edcito. Puede que no sea capaz de seguir trabajando o disfrutar de la vida como antes.<\/p>\n<h2>C\u00f3mo usted puede salir lastimado en un ascensor en el Bronx<\/h2>\n<p>Sus costos m\u00e9dicos pueden sumarse r\u00e1pidamente y hacer que se preocupe por c\u00f3mo va a pagar por ellos. Es posible que necesite atenci\u00f3n m\u00e9dica y personal en curso debido a sus lesiones. Un abogado de accidente de ascensor en el Bronx puede ayudar a ir despu\u00e9s de la compensaci\u00f3n por sus p\u00e9rdidas. Casi no hay l\u00edmite a las formas en que puede sufrir una lesi\u00f3n en un ascensor. Aqu\u00ed est\u00e1n algunos ejemplos:<\/p>\n<ul>\n<li>El cable de ascensor o sistema de poleas se puede romper, causando heridas graves o fatales a los pasajeros cuando la cabina se bloquea a la parte inferior del pozo del ascensor.<\/li>\n<li>Las puertas se puede cerrar de repente, aplastando las manos, los brazos, los pies y las piernas entre las puertas.<\/li>\n<li>El ascensor puede detener o mover de forma inesperada, arrojando los pilotos acerca de la cabina y causando lesiones en la cabeza o el cuello.<\/li>\n<li>Las personas pueden resbalar y caer al entrar o salir de un ascensor, el fracturar o romper huesos.<\/li>\n<li>fallos el\u00e9ctricos o circuitos en la cabina pueden causar lesiones por quemaduras o electrocuci\u00f3n.<\/li>\n<li>Elevadores de hacinamiento pueden causar lesiones en la espalda, incluso par\u00e1lisis.<\/li>\n<li>La desalineaci\u00f3n de la cabina con el suelo (cuando la cabina es varias pulgadas m\u00e1s alto o m\u00e1s bajo que el nivel del suelo cuando las puertas de la cabina abierta) pueden hacer que las personas que entran o salen de la cabina para tropezar, sufriendo los huesos o la cabeza rota lesiones.<\/li>\n<li>La cabina puede quedar atascado entre pisos, requiriendo a los pasajeros a salir de la cabina. Esta situaci\u00f3n puede causar terribles heridas por ca\u00eddas y trituraci\u00f3n.<\/li>\n<li>Un acto intencional como juegos bruscos o un asalto puede causar una variedad de lesiones.<\/li>\n<\/ul>\n<h2>Un R\u00e9cord de \u00e9xito basado en el trabajo duro y la dedicaci\u00f3n<\/h2>\n<p>Cuando se trata de litigios, no hay tiempo que perder. Una vez llame a nuestra oficina, podemos comenzar a construir su caso en la b\u00fasqueda de su compensaci\u00f3n. En tres cortos pasos, su camino legal puede empezar hoy.<\/p>\n<ul>\n<li><strong>Evaluaci\u00f3n gratuita de casos:<\/strong>\u00a0Llame a nuestra oficina, env\u00edenos un correo electr\u00f3nico, o converse con nosotros en l\u00ednea para recibir una evaluaci\u00f3n gratuita de su caso.<\/li>\n<li><strong>Inscr\u00edbase:<\/strong>\u00a0Luego de la revisi\u00f3n gratuita a su caso, podemos crear su perfil de cliente y recopilar la informaci\u00f3n que usted disponga.<\/li>\n<li><strong>Inicie su recuperaci\u00f3n:<\/strong>\u00a0Nos hacemos cargo de su caso, actualiz\u00e1ndole en la medida que avanza. Usted puede concentrarse en su salud a la par que nos enfocamos en su caso.<\/li>\n<\/ul>\n<h2>Los da\u00f1os en accidentes Ascensor<\/h2>\n<p>Manejar ascensor casos de lesiones de accidentes en los que las personas han sufrido traumas incluyendo la p\u00e9rdida catastr\u00f3fica, quemaduras, fracturas de huesos, par\u00e1lisis, cicatrices permanentes, desfiguraci\u00f3n, lesiones cerebrales, lesiones de la m\u00e9dula espinal, y la amputaci\u00f3n \/ p\u00e9rdida de una extremidad. Tambi\u00e9n nos ocupamos de homicidio culposo. Un abogado de accidente de ascensor en el Bronx puede ayudar a ir despu\u00e9s de la compensaci\u00f3n por todas sus p\u00e9rdidas, como:<\/p>\n<ul>\n<li>da\u00f1os por el dolor pasado y actual y el sufrimiento causado por las lesiones<\/li>\n<li>Future dolor y el sufrimiento<\/li>\n<li>Los salarios perdidos<\/li>\n<li>Beneficios de la Uni\u00f3n perdi\u00f3<\/li>\n<li>p\u00e9rdida de compa\u00f1\u00eda o consorcio<\/li>\n<\/ul>\n    <div class=\"cw-cta-box\">\n        <div class=\"cw-cta-box__inner \">\n            <div class=\"cw-cta-box__info\">\n                                    <div class=\"label\">\u00a1Llame ahora!<\/div>\n                            <\/div>\n                            <div class=\"contact-phone\">\n                    <a href=\"tel:7189939999\"\n                        aria-label=\"Tap to call button\">\n                        718-993-9999                    <\/a>\n                <\/div>\n                    <\/div>\n                    <a href=\"\/es\/contacto\/\"\n               class=\"cta-btn btn btn--primary btn\"\n               target=\"\">\n                Obtenga Una Consulta Gratuita            <\/a>\n            <\/div>\n    \n<h2>Partes que puede ser responsable de un accidente con lesiones Ascensor<\/h2>\n<p><img loading=\"lazy\" decoding=\"async\" class=\"size-full wp-image-14721 alignright\" src=\"https:\/\/oreskylaw.com\/wp-content\/uploads\/2026\/01\/Types-of-Personal-Injury-Cases-We-Handle-in-The-Bronx-New-York.webp\" alt=\"construction accident attorney Bronx NY\" width=\"300\" height=\"206\" \/>Las partes que pueden ser responsables depender\u00e1n de los hechos espec\u00edficos de su caso. A veces, m\u00e1s de una persona ha cometido un error que condujo al accidente. En esas situaciones, podemos ir despu\u00e9s de m\u00faltiples partes para pagar sus p\u00e9rdidas. Estos son algunos ejemplos de posibles acusados en demandas de accidente de ascensor:<\/p>\n<ul>\n<li>propietario del edificio, si el propietario no tom\u00f3 las medidas razonables para proporcionar ascensores seguros para la construcci\u00f3n de los inquilinos y visitantes.<\/li>\n<li>empresa de gesti\u00f3n de construcci\u00f3n, si la empresa no pudo asegurarse de que los ascensores eran funcionales y seguros.<\/li>\n<li>Ascensor fabricante, si un defecto en el dise\u00f1o o fabricaci\u00f3n del ascensor caus\u00f3 el accidente.<\/li>\n<li>Ascensor instalador, si la instalaci\u00f3n incorrecta caus\u00f3 o contribuy\u00f3 al accidente y lesiones.<\/li>\n<li>Ascensor empresa de mantenimiento, si la empresa contratada para mantener los ascensores no para mantenerlos en buenas condiciones de funcionamiento seguro y adecuado.<\/li>\n<li>Otra persona cuya negligencia o acto il\u00edcito intencional causado su lesi\u00f3n, como una persona que caus\u00f3 su lesi\u00f3n mediante la participaci\u00f3n en juegos bruscos o agredir.<\/li>\n<\/ul>\n<h2>\u00bfC\u00f3mo podemos probar negligencia?<\/h2>\n<p>Antes de que podamos mantener a alguien responsable que pagar una indemnizaci\u00f3n, hay que demostrar su responsabilidad por sus lesiones. Tenemos que probar los elementos siguientes para establecer la responsabilidad de sus p\u00e9rdidas:<\/p>\n<ul>\n<li><strong>Deber.<\/strong> El acusado debe haberle ten\u00eda un deber legal de cuidado. Por ejemplo, el propietario del edificio ten\u00eda la responsabilidad de proporcionar ascensores seguros para los visitantes previsibles para el edificio.<\/li>\n<li><strong>La vulneraci\u00f3n del deber de cuidado.<\/strong> Cuando alguien no lleva a cabo en el nivel de cuidado requerido por la ley, es la negligencia. Digamos que el propietario del edificio sab\u00eda que el ascensor hab\u00eda estado funcionando mal, pero hab\u00eda pospuesto la programaci\u00f3n de las reparaciones debido a los gastos. En esta situaci\u00f3n, el propietario del edificio viol\u00f3 el deber de cuidado y era, por tanto, negligente.<\/li>\n<li><strong>La causalidad.<\/strong> La negligencia debe ser lo que caus\u00f3 el accidente y lesiones. Si el ascensor no funciona bien y caus\u00f3 lesiones a las personas que viajan en el mismo, la negligencia del propietario del edificio en el aplazamiento de las reparaciones necesarias causado o contribuido a los da\u00f1os.<\/li>\n<li><strong>Da\u00f1os.<\/strong> Usted sufri\u00f3 da\u00f1os, tales como gastos m\u00e9dicos, salarios perdidos, dolor y sufrimiento, etc.<\/li>\n<\/ul>\n","protected":false},"excerpt":{"rendered":"<p>Nos puede ayudar si usted ha sido herido en un ascensor de accidentes Con tantos ascensores trabajando duro todos los d\u00edas en la ciudad de New York, no est\u00e1n obligados a ser algunos problemas. Defendemos los derechos de las v\u00edctimas de lesiones por toda New York Las personas que visita, en vivo, o el trabajo [&hellip;]<\/p>\n","protected":false},"author":9,"featured_media":0,"parent":18614,"menu_order":67,"comment_status":"closed","ping_status":"closed","template":"","meta":{"_acf_changed":false,"footnotes":""},"class_list":["post-18934","page","type-page","status-publish","hentry"],"acf":[],"yoast_head":"<!-- This site is optimized with the Yoast SEO plugin v27.3 - https:\/\/yoast.com\/product\/yoast-seo-wordpress\/ -->\n<title>Abogado de Accidentes de ascensor, NYC - Oresky &amp; Associates, PLLC<\/title>\n<meta name=\"description\" content=\"Si sufri\u00f3 lesiones en un accidente de ascensor en NYC, puede reclamar la compensaci\u00f3n que merece. \u00a1Llame a nuestro bufete de abogados para consulta!\" \/>\n<meta name=\"robots\" content=\"index, follow, max-snippet:-1, max-image-preview:large, max-video-preview:-1\" \/>\n<link rel=\"canonical\" href=\"https:\/\/oreskylaw.com\/es\/nyc\/abogados-de-accidentes-de-ascensor\/\" \/>\n<meta property=\"og:locale\" content=\"es_ES\" \/>\n<meta property=\"og:type\" content=\"article\" \/>\n<meta property=\"og:title\" content=\"Abogado de Accidentes de ascensor, NYC - Oresky &amp; Associates, PLLC\" \/>\n<meta property=\"og:description\" content=\"Si sufri\u00f3 lesiones en un accidente de ascensor en NYC, puede reclamar la compensaci\u00f3n que merece. \u00a1Llame a nuestro bufete de abogados para consulta!\" \/>\n<meta property=\"og:url\" content=\"https:\/\/oreskylaw.com\/es\/nyc\/abogados-de-accidentes-de-ascensor\/\" \/>\n<meta property=\"og:site_name\" content=\"Oresky &amp; Associates, PLLC\" \/>\n<meta property=\"article:publisher\" content=\"https:\/\/www.facebook.com\/Oreskylaw\/\" \/>\n<meta property=\"article:modified_time\" content=\"2026-01-30T16:00:54+00:00\" \/>\n<meta property=\"og:image\" content=\"https:\/\/oreskylaw.com\/wp-content\/uploads\/2026\/01\/Types-of-Personal-Injury-Cases-We-Handle-in-The-Bronx-New-York.webp\" \/>\n\t<meta property=\"og:image:width\" content=\"300\" \/>\n\t<meta property=\"og:image:height\" content=\"206\" \/>\n\t<meta property=\"og:image:type\" content=\"image\/webp\" \/>\n<meta name=\"twitter:card\" content=\"summary_large_image\" \/>\n<meta name=\"twitter:site\" content=\"@JacobOreskyLaw\" \/>\n<meta name=\"twitter:label1\" content=\"Tiempo de lectura\" \/>\n\t<meta name=\"twitter:data1\" content=\"5 minutos\" \/>\n<!-- \/ Yoast SEO plugin. -->","yoast_head_json":{"title":"Abogado de Accidentes de ascensor, NYC - Oresky & Associates, PLLC","description":"Si sufri\u00f3 lesiones en un accidente de ascensor en NYC, puede reclamar la compensaci\u00f3n que merece. \u00a1Llame a nuestro bufete de abogados para consulta!","robots":{"index":"index","follow":"follow","max-snippet":"max-snippet:-1","max-image-preview":"max-image-preview:large","max-video-preview":"max-video-preview:-1"},"canonical":"https:\/\/oreskylaw.com\/es\/nyc\/abogados-de-accidentes-de-ascensor\/","og_locale":"es_ES","og_type":"article","og_title":"Abogado de Accidentes de ascensor, NYC - Oresky & Associates, PLLC","og_description":"Si sufri\u00f3 lesiones en un accidente de ascensor en NYC, puede reclamar la compensaci\u00f3n que merece. \u00a1Llame a nuestro bufete de abogados para consulta!","og_url":"https:\/\/oreskylaw.com\/es\/nyc\/abogados-de-accidentes-de-ascensor\/","og_site_name":"Oresky &amp; Associates, PLLC","article_publisher":"https:\/\/www.facebook.com\/Oreskylaw\/","article_modified_time":"2026-01-30T16:00:54+00:00","og_image":[{"width":300,"height":206,"url":"https:\/\/oreskylaw.com\/wp-content\/uploads\/2026\/01\/Types-of-Personal-Injury-Cases-We-Handle-in-The-Bronx-New-York.webp","type":"image\/webp"}],"twitter_card":"summary_large_image","twitter_site":"@JacobOreskyLaw","twitter_misc":{"Tiempo de lectura":"5 minutos"},"schema":{"@context":"https:\/\/schema.org","@graph":[{"@type":"WebPage","@id":"https:\/\/oreskylaw.com\/es\/nyc\/abogados-de-accidentes-de-ascensor\/","url":"https:\/\/oreskylaw.com\/es\/nyc\/abogados-de-accidentes-de-ascensor\/","name":"Abogado de Accidentes de ascensor, NYC - Oresky & Associates, PLLC","isPartOf":{"@id":"https:\/\/oreskylaw.com\/es\/#website"},"primaryImageOfPage":{"@id":"https:\/\/oreskylaw.com\/es\/nyc\/abogados-de-accidentes-de-ascensor\/#primaryimage"},"image":{"@id":"https:\/\/oreskylaw.com\/es\/nyc\/abogados-de-accidentes-de-ascensor\/#primaryimage"},"thumbnailUrl":"https:\/\/oreskylaw.com\/wp-content\/uploads\/2026\/01\/Types-of-Personal-Injury-Cases-We-Handle-in-The-Bronx-New-York.webp","datePublished":"2025-12-09T08:12:52+00:00","dateModified":"2026-01-30T16:00:54+00:00","description":"Si sufri\u00f3 lesiones en un accidente de ascensor en NYC, puede reclamar la compensaci\u00f3n que merece. \u00a1Llame a nuestro bufete de abogados para consulta!","breadcrumb":{"@id":"https:\/\/oreskylaw.com\/es\/nyc\/abogados-de-accidentes-de-ascensor\/#breadcrumb"},"inLanguage":"es","potentialAction":[{"@type":"ReadAction","target":["https:\/\/oreskylaw.com\/es\/nyc\/abogados-de-accidentes-de-ascensor\/"]}]},{"@type":"ImageObject","inLanguage":"es","@id":"https:\/\/oreskylaw.com\/es\/nyc\/abogados-de-accidentes-de-ascensor\/#primaryimage","url":"https:\/\/oreskylaw.com\/wp-content\/uploads\/2026\/01\/Types-of-Personal-Injury-Cases-We-Handle-in-The-Bronx-New-York.webp","contentUrl":"https:\/\/oreskylaw.com\/wp-content\/uploads\/2026\/01\/Types-of-Personal-Injury-Cases-We-Handle-in-The-Bronx-New-York.webp"},{"@type":"BreadcrumbList","@id":"https:\/\/oreskylaw.com\/es\/nyc\/abogados-de-accidentes-de-ascensor\/#breadcrumb","itemListElement":[{"@type":"ListItem","position":1,"name":"Inicio","item":"https:\/\/oreskylaw.com\/es\/"},{"@type":"ListItem","position":2,"name":"New York","item":"https:\/\/oreskylaw.com\/es\/nyc\/"},{"@type":"ListItem","position":3,"name":"Accidentes de ascensor"}]},{"@type":"WebSite","@id":"https:\/\/oreskylaw.com\/es\/#website","url":"https:\/\/oreskylaw.com\/es\/","name":"Oresky & Associates PLLC","description":"","publisher":{"@id":"https:\/\/oreskylaw.com\/es\/#organization"},"potentialAction":[{"@type":"SearchAction","target":{"@type":"EntryPoint","urlTemplate":"https:\/\/oreskylaw.com\/es\/?s={search_term_string}"},"query-input":{"@type":"PropertyValueSpecification","valueRequired":true,"valueName":"search_term_string"}}],"inLanguage":"es"}]}},"_links":{"self":[{"href":"https:\/\/oreskylaw.com\/es\/wp-json\/wp\/v2\/pages\/18934","targetHints":{"allow":["GET"]}}],"collection":[{"href":"https:\/\/oreskylaw.com\/es\/wp-json\/wp\/v2\/pages"}],"about":[{"href":"https:\/\/oreskylaw.com\/es\/wp-json\/wp\/v2\/types\/page"}],"author":[{"embeddable":true,"href":"https:\/\/oreskylaw.com\/es\/wp-json\/wp\/v2\/users\/9"}],"replies":[{"embeddable":true,"href":"https:\/\/oreskylaw.com\/es\/wp-json\/wp\/v2\/comments?post=18934"}],"version-history":[{"count":0,"href":"https:\/\/oreskylaw.com\/es\/wp-json\/wp\/v2\/pages\/18934\/revisions"}],"up":[{"embeddable":true,"href":"https:\/\/oreskylaw.com\/es\/wp-json\/wp\/v2\/pages\/18614"}],"wp:attachment":[{"href":"https:\/\/oreskylaw.com\/es\/wp-json\/wp\/v2\/media?parent=18934"}],"curies":[{"name":"wp","href":"https:\/\/api.w.org\/{rel}","templated":true}]}}