{"id":18946,"date":"2025-12-09T08:13:10","date_gmt":"2025-12-09T08:13:10","guid":{"rendered":"https:\/\/oreskylaw.com\/?page_id=18946"},"modified":"2026-01-30T16:02:01","modified_gmt":"2026-01-30T16:02:01","slug":"abogados-de-accidentes-en-la-construccion-de-edificios","status":"publish","type":"page","link":"https:\/\/oreskylaw.com\/es\/nyc\/abogados-de-accidentes-en-la-construccion-de-edificios\/","title":{"rendered":"Abogado de accidentes de construcci\u00f3n en construcci\u00f3n"},"content":{"rendered":"<h2>La naturaleza de erigir grandes edificios de un lugar a ciertos peligros.<\/h2>\n<p>Si usted o alguien de su familia se lesion\u00f3 en un accidente de construcci\u00f3n relacionado con la construcci\u00f3n de un edificio, nuestros abogados de accidentes de construcci\u00f3n pueden ayudarlo.<\/p>\n<h3>Lesiones construcci\u00f3n abogados ayudan a las v\u00edctimas en Queens, el Bronx y otras partes de la ciudad de New York<\/h3>\n<p>La naturaleza de la construcci\u00f3n de grandes edificios da lugar a ciertos peligros. La maquinaria, las vigas y los veh\u00edculos grandes presentan peligros en una obra de construcci\u00f3n. Si usted o alguien de su familia se lesion\u00f3 en un accidente de construcci\u00f3n relacionado con la construcci\u00f3n de un edificio, lo alentamos a que hable sobre su situaci\u00f3n con nuestros departamentos de Queens y el Bronx <a href=\"https:\/\/oreskylaw.com\/es\/nyc\/abogados-de-accidentes-de-construccion\/\">accidente de construcci\u00f3n<\/a>\u00a0abogados. Podemos ayudarlo a comprender y hacer valer sus derechos. En Oresky &amp; Associates, PLLC, hemos ayudado a muchos trabajadores de la ciudad de New York a obtener una compensaci\u00f3n por los da\u00f1os sufridos mediante la Ley Laboral de New York, y tambi\u00e9n podemos ayudarlo a usted.<\/p>\n<h2>Los accidentes relacionados con la construcci\u00f3n de un edificio a menudo causan da\u00f1os graves<\/h2>\n<p>Seg\u00fan la Administraci\u00f3n de Seguridad y Salud Ocupacional, de las 4.379 muertes de trabajadores en el sector privado en 2015, 937 (el 21,4 por ciento o aproximadamente una de cada cinco) se debieron a la construcci\u00f3n. La Oficina de Estad\u00edsticas Laborales descubri\u00f3 que hubo un total de 74 lesiones laborales mortales en 2015 en la ciudad de New York. Los propietarios y contratistas deben tomarse en serio la seguridad de sus trabajadores en todo momento. No hacerlo puede poner a un trabajador en riesgo de sufrir lesiones graves o incluso la muerte. Los accidentes relacionados con la construcci\u00f3n de un edificio pueden ocurrir de varias maneras, entre ellas:<\/p>\n<ul>\n<li>Ca\u00eddas desde alturas o andamios;<\/li>\n<li>Los trabajadores son golpeados por objetos, como la ca\u00edda de escombros o materiales;<\/li>\n<li>Electrocuciones por cableado expuesto o sistemas el\u00e9ctricos sin terminar;<\/li>\n<li>Resbalones y ca\u00eddas causados por materiales extraviados u otros peligros;<\/li>\n<li>Accidentes de maquinaria causados por un funcionamiento incorrecto;<\/li>\n<\/ul>\n<h2>Un r\u00e9cord de \u00e9xito basado en el trabajo duro y la dedicaci\u00f3n<\/h2>\n<p>Cuando se trata de litigios, no hay tiempo que perder. Una vez llame a nuestra oficina, podemos comenzar a construir su caso en la b\u00fasqueda de su compensaci\u00f3n. En tres cortos pasos, su camino legal puede empezar hoy.<\/p>\n<ul>\n<li><strong>Evaluaci\u00f3n gratuita del caso:\u00a0<\/strong>Llame a nuestra oficina, env\u00edenos un correo electr\u00f3nico o converse con nosotros en l\u00ednea para recibir una evaluaci\u00f3n gratuita de su caso.<\/li>\n<li><strong>Inscribe:\u00a0<\/strong>Luego de la revisi\u00f3n gratuita a su caso, podemos crear su perfil de cliente y recopilar la informaci\u00f3n que usted disponga.<\/li>\n<li><strong>Inicie su recuperaci\u00f3n:\u00a0<\/strong>Nos hacemos cargo de su caso, actualiz\u00e1ndole en la medida que avanza. Usted puede concentrarse en su salud al par que nos enfocamos en su caso.<\/li>\n<\/ul>\n    <div class=\"cw-cta-box\">\n        <div class=\"cw-cta-box__inner \">\n            <div class=\"cw-cta-box__info\">\n                                    <div class=\"label\">\u00a1Llame ahora!<\/div>\n                            <\/div>\n                            <div class=\"contact-phone\">\n                    <a href=\"tel:7189939999\"\n                        aria-label=\"Tap to call button\">\n                        718-993-9999                    <\/a>\n                <\/div>\n                    <\/div>\n                    <a href=\"\/es\/contacto\/\"\n               class=\"cta-btn btn btn--primary btn\"\n               target=\"\">\n                Obtenga Una Consulta Gratuita            <\/a>\n            <\/div>\n    \n<h2>Qu\u00e9 puede hacer despu\u00e9s de un accidente de construcci\u00f3n<\/h2>\n<p>Cuando los trabajadores se lesionan en accidentes relacionados con la construcci\u00f3n de un edificio, a menudo piensan que no tienen otro recurso que la compensaci\u00f3n laboral. Con frecuencia, esto no es cierto. La Ley Laboral de New York protege a los trabajadores de la construcci\u00f3n y a quienes se dedican a oficios relacionados con la construcci\u00f3n, como plomeros, electricistas, carpinteros, trabajadores de demolici\u00f3n, manipuladores de asbesto, pintores, ayudantes y otros. Las secciones 200, 240 y 241 ofrecen a los trabajadores de la construcci\u00f3n ciertos derechos a recuperar una compensaci\u00f3n, como los gastos m\u00e9dicos, el dolor y el sufrimiento, la p\u00e9rdida de salarios y m\u00e1s. Estos casos se tramitan en un tribunal civil y no mediante los procedimientos administrativos de indemnizaci\u00f3n laboral.<\/p>\n<img loading=\"lazy\" decoding=\"async\" class=\"aligncenter wp-image-11529 size-full\" src=\"https:\/\/oreskylaw.com\/wp-content\/uploads\/2026\/01\/bronx-bridge-construction-site-accident-attorney.webp\" alt=\"bronx bridge construction site accident attorney\" width=\"746\" height=\"420\" srcset=\"https:\/\/oreskylaw.com\/wp-content\/uploads\/2026\/01\/bronx-bridge-construction-site-accident-attorney.webp 746w, https:\/\/oreskylaw.com\/wp-content\/uploads\/2026\/01\/bronx-bridge-construction-site-accident-attorney-300x169.webp 300w\" sizes=\"auto, (max-width: 746px) 100vw, 746px\" \/>\n","protected":false},"excerpt":{"rendered":"<p>La naturaleza de erigir grandes edificios de un lugar a ciertos peligros. Si usted o alguien de su familia se lesion\u00f3 en un accidente de construcci\u00f3n relacionado con la construcci\u00f3n de un edificio, nuestros abogados de accidentes de construcci\u00f3n pueden ayudarlo. Lesiones construcci\u00f3n abogados ayudan a las v\u00edctimas en Queens, el Bronx y otras partes [&hellip;]<\/p>\n","protected":false},"author":9,"featured_media":0,"parent":18614,"menu_order":71,"comment_status":"closed","ping_status":"closed","template":"","meta":{"_acf_changed":false,"footnotes":""},"class_list":["post-18946","page","type-page","status-publish","hentry"],"acf":[],"yoast_head":"<!-- This site is optimized with the Yoast SEO plugin v27.3 - https:\/\/yoast.com\/product\/yoast-seo-wordpress\/ -->\n<title>Abogado de Accidentes de construcci\u00f3n del edificio, NYC - Oresky &amp; Associates, PLLC<\/title>\n<meta name=\"description\" content=\"\u00bfLesionado en un accidente durante la construcci\u00f3n de un edificio? Nuestros abogados en NYC luchar\u00e1n por compensaci\u00f3n. Llama a Oresky &amp; Associates, PLLC hoy.\" \/>\n<meta name=\"robots\" content=\"index, follow, max-snippet:-1, max-image-preview:large, max-video-preview:-1\" \/>\n<link rel=\"canonical\" href=\"https:\/\/oreskylaw.com\/es\/nyc\/abogados-de-accidentes-en-la-construccion-de-edificios\/\" \/>\n<meta property=\"og:locale\" content=\"es_ES\" \/>\n<meta property=\"og:type\" content=\"article\" \/>\n<meta property=\"og:title\" content=\"Abogado de Accidentes de construcci\u00f3n del edificio, NYC - Oresky &amp; Associates, PLLC\" \/>\n<meta property=\"og:description\" content=\"\u00bfLesionado en un accidente durante la construcci\u00f3n de un edificio? Nuestros abogados en NYC luchar\u00e1n por compensaci\u00f3n. Llama a Oresky &amp; Associates, PLLC hoy.\" \/>\n<meta property=\"og:url\" content=\"https:\/\/oreskylaw.com\/es\/nyc\/abogados-de-accidentes-en-la-construccion-de-edificios\/\" \/>\n<meta property=\"og:site_name\" content=\"Oresky &amp; Associates, PLLC\" \/>\n<meta property=\"article:publisher\" content=\"https:\/\/www.facebook.com\/Oreskylaw\/\" \/>\n<meta property=\"article:modified_time\" content=\"2026-01-30T16:02:01+00:00\" \/>\n<meta property=\"og:image\" content=\"https:\/\/oreskylaw.com\/wp-content\/uploads\/2026\/01\/bronx-bridge-construction-site-accident-attorney.webp\" \/>\n\t<meta property=\"og:image:width\" content=\"746\" \/>\n\t<meta property=\"og:image:height\" content=\"420\" \/>\n\t<meta property=\"og:image:type\" content=\"image\/webp\" \/>\n<meta name=\"twitter:card\" content=\"summary_large_image\" \/>\n<meta name=\"twitter:site\" content=\"@JacobOreskyLaw\" \/>\n<meta name=\"twitter:label1\" content=\"Tiempo de lectura\" \/>\n\t<meta name=\"twitter:data1\" content=\"3 minutos\" \/>\n<!-- \/ Yoast SEO plugin. -->","yoast_head_json":{"title":"Abogado de Accidentes de construcci\u00f3n del edificio, NYC - Oresky & Associates, PLLC","description":"\u00bfLesionado en un accidente durante la construcci\u00f3n de un edificio? Nuestros abogados en NYC luchar\u00e1n por compensaci\u00f3n. Llama a Oresky & Associates, PLLC hoy.","robots":{"index":"index","follow":"follow","max-snippet":"max-snippet:-1","max-image-preview":"max-image-preview:large","max-video-preview":"max-video-preview:-1"},"canonical":"https:\/\/oreskylaw.com\/es\/nyc\/abogados-de-accidentes-en-la-construccion-de-edificios\/","og_locale":"es_ES","og_type":"article","og_title":"Abogado de Accidentes de construcci\u00f3n del edificio, NYC - Oresky & Associates, PLLC","og_description":"\u00bfLesionado en un accidente durante la construcci\u00f3n de un edificio? Nuestros abogados en NYC luchar\u00e1n por compensaci\u00f3n. Llama a Oresky & Associates, PLLC hoy.","og_url":"https:\/\/oreskylaw.com\/es\/nyc\/abogados-de-accidentes-en-la-construccion-de-edificios\/","og_site_name":"Oresky &amp; Associates, PLLC","article_publisher":"https:\/\/www.facebook.com\/Oreskylaw\/","article_modified_time":"2026-01-30T16:02:01+00:00","og_image":[{"width":746,"height":420,"url":"https:\/\/oreskylaw.com\/wp-content\/uploads\/2026\/01\/bronx-bridge-construction-site-accident-attorney.webp","type":"image\/webp"}],"twitter_card":"summary_large_image","twitter_site":"@JacobOreskyLaw","twitter_misc":{"Tiempo de lectura":"3 minutos"},"schema":{"@context":"https:\/\/schema.org","@graph":[{"@type":"WebPage","@id":"https:\/\/oreskylaw.com\/es\/nyc\/abogados-de-accidentes-en-la-construccion-de-edificios\/","url":"https:\/\/oreskylaw.com\/es\/nyc\/abogados-de-accidentes-en-la-construccion-de-edificios\/","name":"Abogado de Accidentes de construcci\u00f3n del edificio, NYC - Oresky & Associates, PLLC","isPartOf":{"@id":"https:\/\/oreskylaw.com\/es\/#website"},"primaryImageOfPage":{"@id":"https:\/\/oreskylaw.com\/es\/nyc\/abogados-de-accidentes-en-la-construccion-de-edificios\/#primaryimage"},"image":{"@id":"https:\/\/oreskylaw.com\/es\/nyc\/abogados-de-accidentes-en-la-construccion-de-edificios\/#primaryimage"},"thumbnailUrl":"https:\/\/oreskylaw.com\/wp-content\/uploads\/2026\/01\/bronx-bridge-construction-site-accident-attorney.webp","datePublished":"2025-12-09T08:13:10+00:00","dateModified":"2026-01-30T16:02:01+00:00","description":"\u00bfLesionado en un accidente durante la construcci\u00f3n de un edificio? Nuestros abogados en NYC luchar\u00e1n por compensaci\u00f3n. Llama a Oresky & Associates, PLLC hoy.","breadcrumb":{"@id":"https:\/\/oreskylaw.com\/es\/nyc\/abogados-de-accidentes-en-la-construccion-de-edificios\/#breadcrumb"},"inLanguage":"es","potentialAction":[{"@type":"ReadAction","target":["https:\/\/oreskylaw.com\/es\/nyc\/abogados-de-accidentes-en-la-construccion-de-edificios\/"]}]},{"@type":"ImageObject","inLanguage":"es","@id":"https:\/\/oreskylaw.com\/es\/nyc\/abogados-de-accidentes-en-la-construccion-de-edificios\/#primaryimage","url":"https:\/\/oreskylaw.com\/wp-content\/uploads\/2026\/01\/bronx-bridge-construction-site-accident-attorney.webp","contentUrl":"https:\/\/oreskylaw.com\/wp-content\/uploads\/2026\/01\/bronx-bridge-construction-site-accident-attorney.webp"},{"@type":"BreadcrumbList","@id":"https:\/\/oreskylaw.com\/es\/nyc\/abogados-de-accidentes-en-la-construccion-de-edificios\/#breadcrumb","itemListElement":[{"@type":"ListItem","position":1,"name":"Inicio","item":"https:\/\/oreskylaw.com\/es\/"},{"@type":"ListItem","position":2,"name":"New York","item":"https:\/\/oreskylaw.com\/es\/nyc\/"},{"@type":"ListItem","position":3,"name":"Abogado de accidentes de construcci\u00f3n en construcci\u00f3n"}]},{"@type":"WebSite","@id":"https:\/\/oreskylaw.com\/es\/#website","url":"https:\/\/oreskylaw.com\/es\/","name":"Oresky & Associates PLLC","description":"","publisher":{"@id":"https:\/\/oreskylaw.com\/es\/#organization"},"potentialAction":[{"@type":"SearchAction","target":{"@type":"EntryPoint","urlTemplate":"https:\/\/oreskylaw.com\/es\/?s={search_term_string}"},"query-input":{"@type":"PropertyValueSpecification","valueRequired":true,"valueName":"search_term_string"}}],"inLanguage":"es"}]}},"_links":{"self":[{"href":"https:\/\/oreskylaw.com\/es\/wp-json\/wp\/v2\/pages\/18946","targetHints":{"allow":["GET"]}}],"collection":[{"href":"https:\/\/oreskylaw.com\/es\/wp-json\/wp\/v2\/pages"}],"about":[{"href":"https:\/\/oreskylaw.com\/es\/wp-json\/wp\/v2\/types\/page"}],"author":[{"embeddable":true,"href":"https:\/\/oreskylaw.com\/es\/wp-json\/wp\/v2\/users\/9"}],"replies":[{"embeddable":true,"href":"https:\/\/oreskylaw.com\/es\/wp-json\/wp\/v2\/comments?post=18946"}],"version-history":[{"count":0,"href":"https:\/\/oreskylaw.com\/es\/wp-json\/wp\/v2\/pages\/18946\/revisions"}],"up":[{"embeddable":true,"href":"https:\/\/oreskylaw.com\/es\/wp-json\/wp\/v2\/pages\/18614"}],"wp:attachment":[{"href":"https:\/\/oreskylaw.com\/es\/wp-json\/wp\/v2\/media?parent=18946"}],"curies":[{"name":"wp","href":"https:\/\/api.w.org\/{rel}","templated":true}]}}