{"id":18957,"date":"2025-12-09T08:13:31","date_gmt":"2025-12-09T08:13:31","guid":{"rendered":"https:\/\/oreskylaw.com\/?page_id=18957"},"modified":"2026-01-30T16:04:05","modified_gmt":"2026-01-30T16:04:05","slug":"abogados-de-diagnostico-incorrecto","status":"publish","type":"page","link":"https:\/\/oreskylaw.com\/es\/nyc\/abogados-de-diagnostico-incorrecto\/","title":{"rendered":"Fallo en el Diagn\u00f3stico"},"content":{"rendered":"<h2>\u00bfSu m\u00e9dico fall\u00f3 en diagnosticar una enfermedad o lesi\u00f3n?<\/h2>\n<p>Cuando usted ha sufrido una lesi\u00f3n o enfermedad, el diagn\u00f3stico oportuno de su condici\u00f3n puede marcar la diferencia entre el dolor cr\u00f3nico y el sufrimiento y la recuperaci\u00f3n.<\/p>\n<h3>Fallo al Diagnosticar Enfermedad o Lesi\u00f3n<\/h3>\n<p>Cuando ha sufrido una lesi\u00f3n o enfermedad, el diagn\u00f3stico oportuno de su condici\u00f3n puede marcar la diferencia entre el dolor cr\u00f3nico y el sufrimiento y la recuperaci\u00f3n, e incluso entre la vida y la muerte. Cuanto antes se pueda realizar un diagn\u00f3stico definitivo, m\u00e1s pronto podr\u00e1 recibir el tratamiento que necesita y menor ser\u00e1 el riesgo de que su condici\u00f3n se vuelva intratable o inmanejable. A menudo, simplemente se trata de realizar las pruebas apropiadas o interpretar correctamente sus s\u00edntomas. Desafortunadamente, por diversas razones, los profesionales m\u00e9dicos a menudo no ejercen el nivel adecuado de cuidado para diagnosticar correctamente y a tiempo su dolencia.<\/p>\n<h2>Nuestra Representaci\u00f3n en Casos de Fallo al Diagnosticar<\/h2>\n<p>Manejamos todo tipo de reclamos por fallo al diagnosticar correctamente, incluyendo situaciones donde un m\u00e9dico ha:<\/p>\n<ul>\n<li>Fallado en ordenar radiograf\u00edas, tomograf\u00edas, resonancias magn\u00e9ticas, mamograf\u00edas, ultrasonidos, an\u00e1lisis de sangre de laboratorio u otras pruebas necesarias<\/li>\n<li>Interpretado o reportado los resultados negligentemente<\/li>\n<li>Fallado en realizar pruebas b\u00e1sicas de detecci\u00f3n y ex\u00e1menes que son pr\u00e1ctica est\u00e1ndar dentro de la comunidad m\u00e9dica<\/li>\n<\/ul>\n<h2>Nuestro Equipo Puede Empezar a Trabajar para Usted Desde el Momento en que Llame<\/h2>\n<p>Cuando se trata de litigios, no hay tiempo que perder. Una vez que llame a nuestra oficina, podemos comenzar a construir su caso en su lucha por la compensaci\u00f3n. En tres cortos pasos, su viaje legal puede comenzar hoy.<\/p>\n<ul>\n<li><strong>Evaluaci\u00f3n de Caso Gratuita:<\/strong> llame a nuestra oficina, env\u00edenos un correo electr\u00f3nico o chatee con nosotros en l\u00ednea para recibir una evaluaci\u00f3n gratuita de su caso.<\/li>\n<li><strong>Registrarse:<\/strong> despu\u00e9s de su evaluaci\u00f3n gratuita del caso, podemos configurar su perfil de cliente y reunir cualquier informaci\u00f3n que ya tenga.<\/li>\n<li><strong>Comenzar Su Recuperaci\u00f3n:<\/strong> podemos hacer cargo de su caso desde aqu\u00ed y actualizarlo a medida que avance. Puede centrarse en su salud mientras nosotros nos centramos en su caso.<\/li>\n<\/ul>\n<h2>Preguntas Legales Comunes<\/h2>\n\n                <div class=\"cw-accordion \" data-all-open=\"false\" data-accordion-enabled=\"true\">\n                    <div class=\"cw-accordion__wrapper\">\n                <div class=\"cw-accordion__item\"><button class=\"cw-accordion__item-title\" aria-expanded=\"false\" aria-controls=\"panel1\" id=\"accordion1\">\u00bfQu\u00e9 debe probarse para ganar un caso de negligencia m\u00e9dica?<\/button><div class=\"cw-accordion__item-content\" id=\"panel1\" role=\"region\" aria-labelledby=\"accordion1\"><p>Una v\u00edctima de lesiones personales debe probar varios de los elementos t\u00edpicos de la <a href=\"https:\/\/www.law.cornell.edu\/wex\/negligence\" target=\"_blank\" rel=\"nofollow noopener noreferrer\">negligencia<\/a> para ganar su caso de negligencia m\u00e9dica. Deben demostrar que el proveedor m\u00e9dico les deb\u00eda un deber de cuidado, que incumpli\u00f3 ese deber y caus\u00f3 sus lesiones. Tambi\u00e9n deben probar que sufrieron da\u00f1os como resultado de la negligencia m\u00e9dica. Los casos de negligencia y mala praxis m\u00e9dica suelen requerir el uso de expertos m\u00e9dicos para demostrar c\u00f3mo un proveedor se desvi\u00f3 de su est\u00e1ndar de cuidado.<\/p>\n<\/div><\/div><div class=\"cw-accordion__item\"><button class=\"cw-accordion__item-title\" aria-expanded=\"false\" aria-controls=\"panel2\" id=\"accordion2\">\u00bfQu\u00e9 es la Mala Praxis M\u00e9dica?<\/button><div class=\"cw-accordion__item-content\" id=\"panel2\" role=\"region\" aria-labelledby=\"accordion2\"><p>Todos los m\u00e9dicos y enfermeros deben adherirse a un est\u00e1ndar profesional de cuidado al tratar a los pacientes. Este est\u00e1ndar de cuidado lo determina la comunidad m\u00e9dica.\u00a0<a href=\"https:\/\/www.law.cornell.edu\/wex\/malpractice\" target=\"_blank\" rel=\"nofollow noopener noreferrer\">La mala praxis m\u00e9dica<\/a> ocurre cuando un profesional m\u00e9dico no proporciona el est\u00e1ndar adecuado de cuidado y lesiona a un paciente. La mala praxis m\u00e9dica generalmente resulta en el empeoramiento de una condici\u00f3n existente.<\/p>\n<\/div><\/div><div class=\"cw-accordion__item\"><button class=\"cw-accordion__item-title\" aria-expanded=\"false\" aria-controls=\"panel3\" id=\"accordion3\">\u00bfC\u00f3mo funciona una demanda por mala praxis m\u00e9dica?<\/button><div class=\"cw-accordion__item-content\" id=\"panel3\" role=\"region\" aria-labelledby=\"accordion3\"><p>Las demandas por mala praxis m\u00e9dica generalmente comienzan con una reclamaci\u00f3n de seguro. Su abogado intentar\u00e1 probar su caso y negociar un acuerdo que cubra sus da\u00f1os. Si obtener una compensaci\u00f3n fuera de corte no es una opci\u00f3n, puede iniciar un juicio civil. \u00bfDesea saber m\u00e1s?\u00a0<a href=\"https:\/\/oreskylaw.com\/es\/blog\/como-funciona-una-demanda-por-negligencia-medica\/\">Lea nuestro art\u00edculo completo aqu\u00ed<\/a>.<\/p>\n<\/div><\/div><div class=\"cw-accordion__item\"><button class=\"cw-accordion__item-title\" aria-expanded=\"false\" aria-controls=\"panel4\" id=\"accordion4\">\u00bfCu\u00e1l es el promedio de acuerdo para una demanda por mala praxis m\u00e9dica?<\/button><div class=\"cw-accordion__item-content\" id=\"panel4\" role=\"region\" aria-labelledby=\"accordion4\"><p>Dado que la mala praxis m\u00e9dica cubre una amplia variedad de lesiones y escenarios, no hay una cantidad promedio de acuerdo para una demanda por mala praxis m\u00e9dica. Adem\u00e1s, muchos factores individuales pueden afectar la cantidad de un acuerdo, como la permanencia de la lesi\u00f3n y su impacto en su trabajo y si su caso se resuelve fuera de la corte. Al pensar en su caso de mala praxis, recuerde que es una lesi\u00f3n personal con p\u00e9rdidas. La mala praxis se subcategoriza entonces en diferentes tipos, cada uno con su propia \u00e1rea.\u00a0<a href=\"https:\/\/oreskylaw.com\/es\/blog\/cual-es-el-acuerdo-promedio-para-una-demanda-por-negligencia-medica\/\">Para obtener m\u00e1s informaci\u00f3n, lea nuestro art\u00edculo completo aqu\u00ed<\/a>.<\/p>\n<\/div><\/div><\/div><\/div>\n    <div class=\"cw-cta-box\">\n        <div class=\"cw-cta-box__inner \">\n            <div class=\"cw-cta-box__info\">\n                                    <div class=\"label\">\u00a1Llame ahora!<\/div>\n                            <\/div>\n                            <div class=\"contact-phone\">\n                    <a href=\"tel:7189939999\"\n                        aria-label=\"Tap to call button\">\n                        718-993-9999                    <\/a>\n                <\/div>\n                    <\/div>\n                    <a href=\"\/es\/contacto\/\"\n               class=\"cta-btn btn btn--primary btn\"\n               target=\"\">\n                Obtenga Una Consulta Gratuita            <\/a>\n            <\/div>\n    \n<h2>Protegiendo los Derechos de las V\u00edctimas de Mala Praxis M\u00e9dica<\/h2>\n<p><img loading=\"lazy\" decoding=\"async\" class=\"size-full wp-image-11518 alignleft\" src=\"https:\/\/oreskylaw.com\/wp-content\/uploads\/2026\/01\/How-Long-Will-My-Case-Take.webp\" alt=\"bronx construction site accident attorney\" width=\"300\" height=\"200\" \/>Desde el momento en que contrate a nuestro despacho, utilizaremos nuestra habilidad, conocimiento, experiencia y recursos para ayudarle a buscar una compensaci\u00f3n completa y justa por todas sus p\u00e9rdidas.<\/p>\n<p>No pagar\u00e1 honorarios de abogado a menos que tengamos \u00e9xito en ayudarle a obtener indemnizaci\u00f3n mediante un acuerdo o veredicto. <a href=\"https:\/\/oreskylaw.com\/es\/contacto\/\">Cont\u00e1ctenos<\/a> hoy o llame al\u00a0<a href=\"tel:+19295600687\">(929) 560-0687<\/a> para poner nuestro equipo a trabajar en su caso. Estamos disponibles para atender su llamada las 24 horas del d\u00eda, los siete d\u00edas de la semana.<\/p>\n<p>En las oficinas legales de Oresky &amp; Associates, PLLC ofrecemos representaci\u00f3n a individuos que han sufrido lesiones en y alrededor del estado de New York incluyendo la Ciudad de New York, Bronx, Queens, Manhattan, Brooklyn (Condado de Kings), Staten Island (Condado de Richmond), Westchester, Long Island, Condado de Suffolk y Condado de Nassau.<\/p>\n<h2>Estamos Listos para Revisar su Caso y Luchar por Usted<\/h2>\n<p>Nuestras oficinas convenientemente ubicadas en el Bronx,\u00a0<a href=\"https:\/\/oreskylaw.com\/es\/queens\/\">Queens<\/a>\u00a0y Manhattan cuentan con personal biling\u00fce preparado para ayudarle a recuperar dinero por sus p\u00e9rdidas. Nos encargaremos de todo lo relacionado con su caso de lesiones personales.<\/p>\n","protected":false},"excerpt":{"rendered":"<p>\u00bfSu m\u00e9dico fall\u00f3 en diagnosticar una enfermedad o lesi\u00f3n? Cuando usted ha sufrido una lesi\u00f3n o enfermedad, el diagn\u00f3stico oportuno de su condici\u00f3n puede marcar la diferencia entre el dolor cr\u00f3nico y el sufrimiento y la recuperaci\u00f3n. Fallo al Diagnosticar Enfermedad o Lesi\u00f3n Cuando ha sufrido una lesi\u00f3n o enfermedad, el diagn\u00f3stico oportuno de su [&hellip;]<\/p>\n","protected":false},"author":9,"featured_media":0,"parent":18614,"menu_order":72,"comment_status":"closed","ping_status":"closed","template":"","meta":{"_acf_changed":false,"footnotes":""},"class_list":["post-18957","page","type-page","status-publish","hentry"],"acf":[],"yoast_head":"<!-- This site is optimized with the Yoast SEO plugin v27.3 - https:\/\/yoast.com\/product\/yoast-seo-wordpress\/ -->\n<title>Abogado de Fallo en el Diagn\u00f3stico, NYC - Oresky &amp; Associates, PLLC<\/title>\n<meta name=\"description\" content=\"\u00bfEl fallo de un m\u00e9dico en diagnosticar agrav\u00f3 su condici\u00f3n? Nuestros abogados en NYC pueden ayudarle a obtener justicia. Contacte a Oresky &amp; Associates, PLLC hoy.\" \/>\n<meta name=\"robots\" content=\"index, follow, max-snippet:-1, max-image-preview:large, max-video-preview:-1\" \/>\n<link rel=\"canonical\" href=\"https:\/\/oreskylaw.com\/es\/nyc\/abogados-de-diagnostico-incorrecto\/\" \/>\n<meta property=\"og:locale\" content=\"es_ES\" \/>\n<meta property=\"og:type\" content=\"article\" \/>\n<meta property=\"og:title\" content=\"Abogado de Fallo en el Diagn\u00f3stico, NYC - Oresky &amp; Associates, PLLC\" \/>\n<meta property=\"og:description\" content=\"\u00bfEl fallo de un m\u00e9dico en diagnosticar agrav\u00f3 su condici\u00f3n? Nuestros abogados en NYC pueden ayudarle a obtener justicia. Contacte a Oresky &amp; Associates, PLLC hoy.\" \/>\n<meta property=\"og:url\" content=\"https:\/\/oreskylaw.com\/es\/nyc\/abogados-de-diagnostico-incorrecto\/\" \/>\n<meta property=\"og:site_name\" content=\"Oresky &amp; Associates, PLLC\" \/>\n<meta property=\"article:publisher\" content=\"https:\/\/www.facebook.com\/Oreskylaw\/\" \/>\n<meta property=\"article:modified_time\" content=\"2026-01-30T16:04:05+00:00\" \/>\n<meta property=\"og:image\" content=\"https:\/\/oreskylaw.com\/wp-content\/uploads\/2026\/01\/How-Long-Will-My-Case-Take.webp\" \/>\n\t<meta property=\"og:image:width\" content=\"300\" \/>\n\t<meta property=\"og:image:height\" content=\"200\" \/>\n\t<meta property=\"og:image:type\" content=\"image\/webp\" \/>\n<meta name=\"twitter:card\" content=\"summary_large_image\" \/>\n<meta name=\"twitter:site\" content=\"@JacobOreskyLaw\" \/>\n<meta name=\"twitter:label1\" content=\"Tiempo de lectura\" \/>\n\t<meta name=\"twitter:data1\" content=\"3 minutos\" \/>\n<!-- \/ Yoast SEO plugin. -->","yoast_head_json":{"title":"Abogado de Fallo en el Diagn\u00f3stico, NYC - Oresky & Associates, PLLC","description":"\u00bfEl fallo de un m\u00e9dico en diagnosticar agrav\u00f3 su condici\u00f3n? Nuestros abogados en NYC pueden ayudarle a obtener justicia. Contacte a Oresky & Associates, PLLC hoy.","robots":{"index":"index","follow":"follow","max-snippet":"max-snippet:-1","max-image-preview":"max-image-preview:large","max-video-preview":"max-video-preview:-1"},"canonical":"https:\/\/oreskylaw.com\/es\/nyc\/abogados-de-diagnostico-incorrecto\/","og_locale":"es_ES","og_type":"article","og_title":"Abogado de Fallo en el Diagn\u00f3stico, NYC - Oresky & Associates, PLLC","og_description":"\u00bfEl fallo de un m\u00e9dico en diagnosticar agrav\u00f3 su condici\u00f3n? Nuestros abogados en NYC pueden ayudarle a obtener justicia. Contacte a Oresky & Associates, PLLC hoy.","og_url":"https:\/\/oreskylaw.com\/es\/nyc\/abogados-de-diagnostico-incorrecto\/","og_site_name":"Oresky &amp; Associates, PLLC","article_publisher":"https:\/\/www.facebook.com\/Oreskylaw\/","article_modified_time":"2026-01-30T16:04:05+00:00","og_image":[{"width":300,"height":200,"url":"https:\/\/oreskylaw.com\/wp-content\/uploads\/2026\/01\/How-Long-Will-My-Case-Take.webp","type":"image\/webp"}],"twitter_card":"summary_large_image","twitter_site":"@JacobOreskyLaw","twitter_misc":{"Tiempo de lectura":"3 minutos"},"schema":{"@context":"https:\/\/schema.org","@graph":[{"@type":"WebPage","@id":"https:\/\/oreskylaw.com\/es\/nyc\/abogados-de-diagnostico-incorrecto\/","url":"https:\/\/oreskylaw.com\/es\/nyc\/abogados-de-diagnostico-incorrecto\/","name":"Abogado de Fallo en el Diagn\u00f3stico, NYC - Oresky & Associates, PLLC","isPartOf":{"@id":"https:\/\/oreskylaw.com\/es\/#website"},"primaryImageOfPage":{"@id":"https:\/\/oreskylaw.com\/es\/nyc\/abogados-de-diagnostico-incorrecto\/#primaryimage"},"image":{"@id":"https:\/\/oreskylaw.com\/es\/nyc\/abogados-de-diagnostico-incorrecto\/#primaryimage"},"thumbnailUrl":"https:\/\/oreskylaw.com\/wp-content\/uploads\/2026\/01\/How-Long-Will-My-Case-Take.webp","datePublished":"2025-12-09T08:13:31+00:00","dateModified":"2026-01-30T16:04:05+00:00","description":"\u00bfEl fallo de un m\u00e9dico en diagnosticar agrav\u00f3 su condici\u00f3n? Nuestros abogados en NYC pueden ayudarle a obtener justicia. Contacte a Oresky & Associates, PLLC hoy.","breadcrumb":{"@id":"https:\/\/oreskylaw.com\/es\/nyc\/abogados-de-diagnostico-incorrecto\/#breadcrumb"},"inLanguage":"es","potentialAction":[{"@type":"ReadAction","target":["https:\/\/oreskylaw.com\/es\/nyc\/abogados-de-diagnostico-incorrecto\/"]}]},{"@type":"ImageObject","inLanguage":"es","@id":"https:\/\/oreskylaw.com\/es\/nyc\/abogados-de-diagnostico-incorrecto\/#primaryimage","url":"https:\/\/oreskylaw.com\/wp-content\/uploads\/2026\/01\/How-Long-Will-My-Case-Take.webp","contentUrl":"https:\/\/oreskylaw.com\/wp-content\/uploads\/2026\/01\/How-Long-Will-My-Case-Take.webp"},{"@type":"BreadcrumbList","@id":"https:\/\/oreskylaw.com\/es\/nyc\/abogados-de-diagnostico-incorrecto\/#breadcrumb","itemListElement":[{"@type":"ListItem","position":1,"name":"Inicio","item":"https:\/\/oreskylaw.com\/es\/"},{"@type":"ListItem","position":2,"name":"New York","item":"https:\/\/oreskylaw.com\/es\/nyc\/"},{"@type":"ListItem","position":3,"name":"Fallo en el Diagn\u00f3stico"}]},{"@type":"WebSite","@id":"https:\/\/oreskylaw.com\/es\/#website","url":"https:\/\/oreskylaw.com\/es\/","name":"Oresky & Associates PLLC","description":"","publisher":{"@id":"https:\/\/oreskylaw.com\/es\/#organization"},"potentialAction":[{"@type":"SearchAction","target":{"@type":"EntryPoint","urlTemplate":"https:\/\/oreskylaw.com\/es\/?s={search_term_string}"},"query-input":{"@type":"PropertyValueSpecification","valueRequired":true,"valueName":"search_term_string"}}],"inLanguage":"es"}]}},"_links":{"self":[{"href":"https:\/\/oreskylaw.com\/es\/wp-json\/wp\/v2\/pages\/18957","targetHints":{"allow":["GET"]}}],"collection":[{"href":"https:\/\/oreskylaw.com\/es\/wp-json\/wp\/v2\/pages"}],"about":[{"href":"https:\/\/oreskylaw.com\/es\/wp-json\/wp\/v2\/types\/page"}],"author":[{"embeddable":true,"href":"https:\/\/oreskylaw.com\/es\/wp-json\/wp\/v2\/users\/9"}],"replies":[{"embeddable":true,"href":"https:\/\/oreskylaw.com\/es\/wp-json\/wp\/v2\/comments?post=18957"}],"version-history":[{"count":0,"href":"https:\/\/oreskylaw.com\/es\/wp-json\/wp\/v2\/pages\/18957\/revisions"}],"up":[{"embeddable":true,"href":"https:\/\/oreskylaw.com\/es\/wp-json\/wp\/v2\/pages\/18614"}],"wp:attachment":[{"href":"https:\/\/oreskylaw.com\/es\/wp-json\/wp\/v2\/media?parent=18957"}],"curies":[{"name":"wp","href":"https:\/\/api.w.org\/{rel}","templated":true}]}}