{"id":18968,"date":"2025-12-09T08:13:56","date_gmt":"2025-12-09T08:13:56","guid":{"rendered":"https:\/\/oreskylaw.com\/?page_id=18968"},"modified":"2026-01-30T16:05:06","modified_gmt":"2026-01-30T16:05:06","slug":"abogados-de-incumplimiento-de-equipo-de-seguridad","status":"publish","type":"page","link":"https:\/\/oreskylaw.com\/es\/nyc\/abogados-de-incumplimiento-de-equipo-de-seguridad\/","title":{"rendered":"Falta de Proporcionar Equipo de Seguridad"},"content":{"rendered":"<h2>Protegemos los Derechos de los Trabajadores de la Construcci\u00f3n en New York<\/h2>\n<p>Si usted o alguien que conoce ha resultado herido en un accidente de construcci\u00f3n porque no ten\u00eda el equipo de seguridad adecuado para su trabajo, es posible que pueda recuperar da\u00f1os.<\/p>\n<h3>Abogados de Accidentes de Construcci\u00f3n Ayudando a V\u00edctimas en el Bronx, Queens y el \u00c1rea Metropolitana de NYC<\/h3>\n<p>Si usted o alguien que conoce ha resultado herido en un accidente de construcci\u00f3n debido a la falta de equipo de seguridad adecuado para el trabajo, puede tener derecho a recuperar da\u00f1os por sus lesiones. En Oresky &amp; Associates, PLLC, nuestros abogados expertos en\u00a0<a href=\"https:\/\/oreskylaw.com\/es\/nyc\/abogados-de-accidentes-de-construccion\/\">accidentes de construcci\u00f3n<\/a> de Queens y Bronx entienden la ley de lesiones laborales de New York y pueden aplicar este conocimiento para afirmar su derecho a compensaci\u00f3n. Puede estar seguro de que estamos comprometidos a obtener la compensaci\u00f3n que usted merece despu\u00e9s de una lesi\u00f3n grave causada por la falta de proporcionar el equipo de seguridad adecuado. Tenemos d\u00e9cadas de experiencia ayudando a personas que enfrentan tiempos dif\u00edciles en sus vidas, y tratamos cada caso de nuestros clientes con la atenci\u00f3n personalizada que se merece.<\/p>\n<h2>La Falta de Provisi\u00f3n de Equipo de Seguridad Puede Causar Lesiones Graves<\/h2>\n<p>La Ley Laboral de New York requiere equipo de seguridad adecuado para proyectos de construcci\u00f3n para minimizar el riesgo de da\u00f1o a los trabajadores y exige que contratistas, propietarios y sus agentes sean vigilantes al proporcionar:<\/p>\n<ul>\n<li>L\u00edneas de seguridad, arneses, l\u00edneas de vida y puntos de anclaje para prevenir ca\u00eddas desde alturas;<\/li>\n<li>Barricadas, tapas y barandillas para prevenir ca\u00eddas de los trabajadores a trav\u00e9s de aberturas peligrosas;<\/li>\n<li>Equipo de protecci\u00f3n para los ojos;<\/li>\n<li>Casco y protecci\u00f3n adecuada contra ca\u00eddas de objetos;<\/li>\n<li>Apuntalamiento y soportes de muros para personas que trabajan en excavaciones o zanjas;<\/li>\n<li>Andamios, escaleras y rampas que sean estables y suficientes para el trabajo.<\/li>\n<\/ul>\n<h2>Nuestro Equipo Puede Comenzar a Trabajar para Usted desde el Momento en que Nos Llama<\/h2>\n<p>Cuando se trata de litigios, no hay tiempo que perder. Una vez que llame a nuestra oficina, podemos comenzar a construir su caso en su lucha por una compensaci\u00f3n. En tres pasos sencillos, su viaje legal puede comenzar hoy.<\/p>\n<ul>\n<li><strong>Evaluaci\u00f3n de Caso Gratuita:<\/strong> llame a nuestra oficina, env\u00edenos un correo electr\u00f3nico o chatee con nosotros en l\u00ednea para recibir una evaluaci\u00f3n de caso gratuita.<\/li>\n<li><strong>Registrarse:<\/strong> despu\u00e9s de su evaluaci\u00f3n gratuita del caso, podemos configurar su perfil de cliente y recopilar cualquier informaci\u00f3n que ya tenga.<\/li>\n<li><strong>Iniciar su Recuperaci\u00f3n:<\/strong> podemos hacernos cargo de su caso a partir de aqu\u00ed y actualizarlo a medida que avanza. Puede concentrarse en su salud mientras nosotros nos centramos en su caso.<\/li>\n<\/ul>\n<h2>Preguntas Legales Comunes<\/h2>\n\n                <div class=\"cw-accordion \" data-all-open=\"false\" data-accordion-enabled=\"true\">\n                    <div class=\"cw-accordion__wrapper\">\n                <div class=\"cw-accordion__item\"><button class=\"cw-accordion__item-title\" aria-expanded=\"false\" aria-controls=\"panel1\" id=\"accordion1\">\u00bfCu\u00e1nto tiempo tengo para presentar una demanda despu\u00e9s de un accidente de construcci\u00f3n?<\/button><div class=\"cw-accordion__item-content\" id=\"panel1\" role=\"region\" aria-labelledby=\"accordion1\"><p>Su tiempo para presentar una demanda de construcci\u00f3n est\u00e1 limitado por\u00a0<a href=\"https:\/\/www.nycourts.gov\/courthelp\/goingtocourt\/SOLchart.shtml\" target=\"_blank\" rel=\"nofollow noopener noreferrer\">el estatuto de limitaciones<\/a>. New York le otorga tres a\u00f1os desde la fecha del accidente para iniciar una demanda por lesiones personales. El estatuto de limitaciones es un plazo estricto. Si no presenta su demanda dentro del l\u00edmite de tiempo, se le impedir\u00e1 recuperar compensaci\u00f3n.<\/p>\n<\/div><\/div><div class=\"cw-accordion__item\"><button class=\"cw-accordion__item-title\" aria-expanded=\"false\" aria-controls=\"panel2\" id=\"accordion2\">\u00bfQu\u00e9 da\u00f1os est\u00e1n disponibles para las v\u00edctimas de accidentes de construcci\u00f3n?<\/button><div class=\"cw-accordion__item-content\" id=\"panel2\" role=\"region\" aria-labelledby=\"accordion2\"><p>Hay dos tipos principales de\u00a0<a href=\"https:\/\/www.justia.com\/trials-litigation\/docs\/personal-injury-damages\/\" target=\"_blank\" rel=\"nofollow noopener noreferrer\">da\u00f1os<\/a>\u00a0disponibles para las v\u00edctimas de accidentes de construcci\u00f3n. Los da\u00f1os econ\u00f3micos cubren las p\u00e9rdidas financieras, como los gastos m\u00e9dicos, la p\u00e9rdida de salarios y la disminuci\u00f3n de la capacidad de ganancia. Los da\u00f1os no econ\u00f3micos cubren las p\u00e9rdidas personales y no monetarias relacionadas con el accidente. Estos incluyen dolor y sufrimiento, angustia emocional, cicatrices\/desfiguraci\u00f3n y p\u00e9rdida de consorcio. Casos raros pueden calificar para da\u00f1os punitivos, como incidentes en los que la empresa de construcci\u00f3n ignor\u00f3 las normas de seguridad.<\/p>\n<\/div><\/div><div class=\"cw-accordion__item\"><button class=\"cw-accordion__item-title\" aria-expanded=\"false\" aria-controls=\"panel3\" id=\"accordion3\">\u00bfCu\u00e1nto vale mi caso de accidente de construcci\u00f3n?<\/button><div class=\"cw-accordion__item-content\" id=\"panel3\" role=\"region\" aria-labelledby=\"accordion3\"><p>El valor de su caso depender\u00e1 de muchos factores diferentes. Sus da\u00f1os econ\u00f3micos, que son las p\u00e9rdidas financieras directas que ha sufrido en el accidente, constituir\u00e1n una gran parte de su compensaci\u00f3n. Estos da\u00f1os incluyen gastos m\u00e9dicos y la p\u00e9rdida de salarios, entre otras cosas. Sus da\u00f1os no econ\u00f3micos, que representan las p\u00e9rdidas personales y no financieras relacionadas con el accidente, tambi\u00e9n influir\u00e1n en el valor de su caso. Otros factores, como las coberturas de seguro disponibles y la culpa comparativa, tambi\u00e9n pueden afectar su indemnizaci\u00f3n.<\/p>\n<\/div><\/div><div class=\"cw-accordion__item\"><button class=\"cw-accordion__item-title\" aria-expanded=\"false\" aria-controls=\"panel4\" id=\"accordion4\">\u00bfC\u00f3mo hago un reporte de accidente de un accidente de construcci\u00f3n?<\/button><div class=\"cw-accordion__item-content\" id=\"panel4\" role=\"region\" aria-labelledby=\"accordion4\"><p>S\u00ed. Todav\u00eda puede recuperar compensaci\u00f3n si se le culpa de un accidente de construcci\u00f3n. La compensaci\u00f3n laboral es un sistema sin culpa. Si est\u00e1 buscando compensaci\u00f3n laboral, puede recuperar beneficios independientemente de si tiene la culpa del accidente. Si est\u00e1 presentando una demanda de terceros y es parcialmente culpable, las reglas de culpa comparativa pura de New York entrar\u00e1n en juego. En este caso, su compensaci\u00f3n se reducir\u00e1 para dar cuenta de su parte de la culpa en el accidente de construcci\u00f3n.<\/p>\n<\/div><\/div><div class=\"cw-accordion__item\"><button class=\"cw-accordion__item-title\" aria-expanded=\"false\" aria-controls=\"panel5\" id=\"accordion5\">\u00bfC\u00f3mo hago un reporte de accidente de un accidente de construcci\u00f3n?<\/button><div class=\"cw-accordion__item-content\" id=\"panel5\" role=\"region\" aria-labelledby=\"accordion5\"><p>Si sufri\u00f3 lesiones en un accidente de construcci\u00f3n, debe informar el accidente a su capataz o empleador, pero tambi\u00e9n hay otros pasos que debe seguir si espera recibir compensaci\u00f3n por su lesi\u00f3n. \u00a1Lo primero es lo primero! Si ha resultado herido, busque atenci\u00f3n m\u00e9dica de inmediato. Si necesita una ambulancia, pida que se llame a una. Su capataz de construcci\u00f3n puede o no estar al tanto de su accidente. No asuma que recibieron noticias del incidente. Incluso si verbalmente le cont\u00f3 a su compa\u00f1ero de trabajo sobre el mismo, esta notificaci\u00f3n no siempre le ayudar\u00e1 si su empleador no tiene conocimiento real de su accidente de construcci\u00f3n. \u00bfQuiere saber m\u00e1s sobre c\u00f3mo hacer un informe de accidente? Lea nuestro art\u00edculo completo aqu\u00ed.<\/p>\n<\/div><\/div><\/div><\/div>\n    <div class=\"cw-cta-box\">\n        <div class=\"cw-cta-box__inner \">\n            <div class=\"cw-cta-box__info\">\n                                    <div class=\"label\">\u00a1Llame ahora!<\/div>\n                            <\/div>\n                            <div class=\"contact-phone\">\n                    <a href=\"tel:7189939999\"\n                        aria-label=\"Tap to call button\">\n                        718-993-9999                    <\/a>\n                <\/div>\n                    <\/div>\n                    <a href=\"\/es\/contacto\/\"\n               class=\"cta-btn btn btn--primary btn\"\n               target=\"\">\n                Obtenga Una Consulta Gratuita            <\/a>\n            <\/div>\n    \n<h2>Conozca Sus Derechos Despu\u00e9s de un Accidente de Construcci\u00f3n<\/h2>\n<p><img loading=\"lazy\" decoding=\"async\" class=\"size-full wp-image-11518 alignleft\" src=\"https:\/\/oreskylaw.com\/wp-content\/uploads\/2026\/01\/How-Long-Will-My-Case-Take.webp\" alt=\"bronx construction site accident attorney\" width=\"300\" height=\"200\" \/>Los trabajadores que resultan heridos debido a la falta de proporcionar equipo de seguridad en un sitio de trabajo a menudo pueden buscar remedios adicionales a la compensaci\u00f3n laboral. La Ley Laboral de New York, en particular las Secciones 240 y 241, tiene como objetivo hacer responsables a los propietarios y contratistas de sitios de construcci\u00f3n por una lesi\u00f3n que causen al no proporcionar el equipo de seguridad adecuado para un proyecto. Estas leyes otorgan a los trabajadores de la construcci\u00f3n el derecho de presentar un reclamo y obtener compensaci\u00f3n a trav\u00e9s de procedimientos judiciales. Bajo la ley de New York, un trabajador lesionado est\u00e1 cubierto por la compensaci\u00f3n laboral, pero eso a menudo no es suficiente para dar cuenta del da\u00f1o asociado con lesiones graves que ocurren en los sitios de construcci\u00f3n. Por lo tanto, estas leyes otorgan a los trabajadores ciertos derechos para buscar compensaci\u00f3n por dolor y sufrimiento relacionado con el accidente, gastos m\u00e9dicos y beneficios sindicales perdidos, as\u00ed como otros da\u00f1os, como la p\u00e9rdida de servicios de un c\u00f3nyuge.<\/p>\n<h2>Trabaje con Abogados que Conocen la Ley<\/h2>\n<p>La Secci\u00f3n 240 de la Ley Laboral de New York, tambi\u00e9n conocida como la ley de andamios, impone responsabilidad a los contratistas y propietarios de propiedades que no proporcionan dispositivos de seguridad adecuados y no defectuosos para proteger contra ca\u00eddas desde alturas. En otras palabras, si un trabajador cae y se lastima debido a andamios defectuosos, escaleras inseguras, l\u00edneas de seguridad insuficientes o la falta de estas u otra raz\u00f3n prevenible relacionada con el equipo de seguridad, el contratista general o el propietario de la propiedad (o una combinaci\u00f3n de ellos) pueden estar obligados a pagar da\u00f1os. Otros ejemplos de equipo de seguridad incluyen arneses, barricadas, cercas, barandillas, l\u00edneas de seguridad y redes para proteger a los trabajadores en caso de una ca\u00edda.<\/p>\n<p>La Secci\u00f3n 241 de la Ley Laboral de New York describe espec\u00edficamente c\u00f3mo todas las \u00e1reas en las que se realizan trabajos de construcci\u00f3n, excavaci\u00f3n o demolici\u00f3n deben estar protegidas, organizadas y operadas de manera que proporcionen protecci\u00f3n razonable y adecuada para los trabajadores.<\/p>\n","protected":false},"excerpt":{"rendered":"<p>Protegemos los Derechos de los Trabajadores de la Construcci\u00f3n en New York Si usted o alguien que conoce ha resultado herido en un accidente de construcci\u00f3n porque no ten\u00eda el equipo de seguridad adecuado para su trabajo, es posible que pueda recuperar da\u00f1os. Abogados de Accidentes de Construcci\u00f3n Ayudando a V\u00edctimas en el Bronx, Queens [&hellip;]<\/p>\n","protected":false},"author":9,"featured_media":0,"parent":18614,"menu_order":73,"comment_status":"closed","ping_status":"closed","template":"","meta":{"_acf_changed":false,"footnotes":""},"class_list":["post-18968","page","type-page","status-publish","hentry"],"acf":[],"yoast_head":"<!-- This site is optimized with the Yoast SEO plugin v27.3 - https:\/\/yoast.com\/product\/yoast-seo-wordpress\/ -->\n<title>Abogado de Falta de Equipo de Seguridad, NYC - Oresky &amp; Associates, PLLC<\/title>\n<meta name=\"description\" content=\"\u00bfLesionado porque su empleador no proporcion\u00f3 equipo de seguridad? Podr\u00eda tener derecho a compensaci\u00f3n. Contacte a Oresky &amp; Associates, PLLC en NYC para consulta.\" \/>\n<meta name=\"robots\" content=\"index, follow, max-snippet:-1, max-image-preview:large, max-video-preview:-1\" \/>\n<link rel=\"canonical\" href=\"https:\/\/oreskylaw.com\/es\/nyc\/abogados-de-incumplimiento-de-equipo-de-seguridad\/\" \/>\n<meta property=\"og:locale\" content=\"es_ES\" \/>\n<meta property=\"og:type\" content=\"article\" \/>\n<meta property=\"og:title\" content=\"Abogado de Falta de Equipo de Seguridad, NYC - Oresky &amp; Associates, PLLC\" \/>\n<meta property=\"og:description\" content=\"\u00bfLesionado porque su empleador no proporcion\u00f3 equipo de seguridad? Podr\u00eda tener derecho a compensaci\u00f3n. Contacte a Oresky &amp; Associates, PLLC en NYC para consulta.\" \/>\n<meta property=\"og:url\" content=\"https:\/\/oreskylaw.com\/es\/nyc\/abogados-de-incumplimiento-de-equipo-de-seguridad\/\" \/>\n<meta property=\"og:site_name\" content=\"Oresky &amp; Associates, PLLC\" \/>\n<meta property=\"article:publisher\" content=\"https:\/\/www.facebook.com\/Oreskylaw\/\" \/>\n<meta property=\"article:modified_time\" content=\"2026-01-30T16:05:06+00:00\" \/>\n<meta property=\"og:image\" content=\"https:\/\/oreskylaw.com\/wp-content\/uploads\/2026\/01\/How-Long-Will-My-Case-Take.webp\" \/>\n\t<meta property=\"og:image:width\" content=\"300\" \/>\n\t<meta property=\"og:image:height\" content=\"200\" \/>\n\t<meta property=\"og:image:type\" content=\"image\/webp\" \/>\n<meta name=\"twitter:card\" content=\"summary_large_image\" \/>\n<meta name=\"twitter:site\" content=\"@JacobOreskyLaw\" \/>\n<meta name=\"twitter:label1\" content=\"Tiempo de lectura\" \/>\n\t<meta name=\"twitter:data1\" content=\"4 minutos\" \/>\n<!-- \/ Yoast SEO plugin. -->","yoast_head_json":{"title":"Abogado de Falta de Equipo de Seguridad, NYC - Oresky & Associates, PLLC","description":"\u00bfLesionado porque su empleador no proporcion\u00f3 equipo de seguridad? Podr\u00eda tener derecho a compensaci\u00f3n. Contacte a Oresky & Associates, PLLC en NYC para consulta.","robots":{"index":"index","follow":"follow","max-snippet":"max-snippet:-1","max-image-preview":"max-image-preview:large","max-video-preview":"max-video-preview:-1"},"canonical":"https:\/\/oreskylaw.com\/es\/nyc\/abogados-de-incumplimiento-de-equipo-de-seguridad\/","og_locale":"es_ES","og_type":"article","og_title":"Abogado de Falta de Equipo de Seguridad, NYC - Oresky & Associates, PLLC","og_description":"\u00bfLesionado porque su empleador no proporcion\u00f3 equipo de seguridad? Podr\u00eda tener derecho a compensaci\u00f3n. Contacte a Oresky & Associates, PLLC en NYC para consulta.","og_url":"https:\/\/oreskylaw.com\/es\/nyc\/abogados-de-incumplimiento-de-equipo-de-seguridad\/","og_site_name":"Oresky &amp; Associates, PLLC","article_publisher":"https:\/\/www.facebook.com\/Oreskylaw\/","article_modified_time":"2026-01-30T16:05:06+00:00","og_image":[{"width":300,"height":200,"url":"https:\/\/oreskylaw.com\/wp-content\/uploads\/2026\/01\/How-Long-Will-My-Case-Take.webp","type":"image\/webp"}],"twitter_card":"summary_large_image","twitter_site":"@JacobOreskyLaw","twitter_misc":{"Tiempo de lectura":"4 minutos"},"schema":{"@context":"https:\/\/schema.org","@graph":[{"@type":"WebPage","@id":"https:\/\/oreskylaw.com\/es\/nyc\/abogados-de-incumplimiento-de-equipo-de-seguridad\/","url":"https:\/\/oreskylaw.com\/es\/nyc\/abogados-de-incumplimiento-de-equipo-de-seguridad\/","name":"Abogado de Falta de Equipo de Seguridad, NYC - Oresky & Associates, PLLC","isPartOf":{"@id":"https:\/\/oreskylaw.com\/es\/#website"},"primaryImageOfPage":{"@id":"https:\/\/oreskylaw.com\/es\/nyc\/abogados-de-incumplimiento-de-equipo-de-seguridad\/#primaryimage"},"image":{"@id":"https:\/\/oreskylaw.com\/es\/nyc\/abogados-de-incumplimiento-de-equipo-de-seguridad\/#primaryimage"},"thumbnailUrl":"https:\/\/oreskylaw.com\/wp-content\/uploads\/2026\/01\/How-Long-Will-My-Case-Take.webp","datePublished":"2025-12-09T08:13:56+00:00","dateModified":"2026-01-30T16:05:06+00:00","description":"\u00bfLesionado porque su empleador no proporcion\u00f3 equipo de seguridad? Podr\u00eda tener derecho a compensaci\u00f3n. Contacte a Oresky & Associates, PLLC en NYC para consulta.","breadcrumb":{"@id":"https:\/\/oreskylaw.com\/es\/nyc\/abogados-de-incumplimiento-de-equipo-de-seguridad\/#breadcrumb"},"inLanguage":"es","potentialAction":[{"@type":"ReadAction","target":["https:\/\/oreskylaw.com\/es\/nyc\/abogados-de-incumplimiento-de-equipo-de-seguridad\/"]}]},{"@type":"ImageObject","inLanguage":"es","@id":"https:\/\/oreskylaw.com\/es\/nyc\/abogados-de-incumplimiento-de-equipo-de-seguridad\/#primaryimage","url":"https:\/\/oreskylaw.com\/wp-content\/uploads\/2026\/01\/How-Long-Will-My-Case-Take.webp","contentUrl":"https:\/\/oreskylaw.com\/wp-content\/uploads\/2026\/01\/How-Long-Will-My-Case-Take.webp"},{"@type":"BreadcrumbList","@id":"https:\/\/oreskylaw.com\/es\/nyc\/abogados-de-incumplimiento-de-equipo-de-seguridad\/#breadcrumb","itemListElement":[{"@type":"ListItem","position":1,"name":"Inicio","item":"https:\/\/oreskylaw.com\/es\/"},{"@type":"ListItem","position":2,"name":"New York","item":"https:\/\/oreskylaw.com\/es\/nyc\/"},{"@type":"ListItem","position":3,"name":"Falta de Proporcionar Equipo de Seguridad"}]},{"@type":"WebSite","@id":"https:\/\/oreskylaw.com\/es\/#website","url":"https:\/\/oreskylaw.com\/es\/","name":"Oresky & Associates PLLC","description":"","publisher":{"@id":"https:\/\/oreskylaw.com\/es\/#organization"},"potentialAction":[{"@type":"SearchAction","target":{"@type":"EntryPoint","urlTemplate":"https:\/\/oreskylaw.com\/es\/?s={search_term_string}"},"query-input":{"@type":"PropertyValueSpecification","valueRequired":true,"valueName":"search_term_string"}}],"inLanguage":"es"}]}},"_links":{"self":[{"href":"https:\/\/oreskylaw.com\/es\/wp-json\/wp\/v2\/pages\/18968","targetHints":{"allow":["GET"]}}],"collection":[{"href":"https:\/\/oreskylaw.com\/es\/wp-json\/wp\/v2\/pages"}],"about":[{"href":"https:\/\/oreskylaw.com\/es\/wp-json\/wp\/v2\/types\/page"}],"author":[{"embeddable":true,"href":"https:\/\/oreskylaw.com\/es\/wp-json\/wp\/v2\/users\/9"}],"replies":[{"embeddable":true,"href":"https:\/\/oreskylaw.com\/es\/wp-json\/wp\/v2\/comments?post=18968"}],"version-history":[{"count":0,"href":"https:\/\/oreskylaw.com\/es\/wp-json\/wp\/v2\/pages\/18968\/revisions"}],"up":[{"embeddable":true,"href":"https:\/\/oreskylaw.com\/es\/wp-json\/wp\/v2\/pages\/18614"}],"wp:attachment":[{"href":"https:\/\/oreskylaw.com\/es\/wp-json\/wp\/v2\/media?parent=18968"}],"curies":[{"name":"wp","href":"https:\/\/api.w.org\/{rel}","templated":true}]}}