{"id":18980,"date":"2025-12-09T08:14:17","date_gmt":"2025-12-09T08:14:17","guid":{"rendered":"https:\/\/oreskylaw.com\/?page_id=18980"},"modified":"2026-01-30T16:06:04","modified_gmt":"2026-01-30T16:06:04","slug":"abogados-de-accidentes-por-no-ceder-el-paso","status":"publish","type":"page","link":"https:\/\/oreskylaw.com\/es\/nyc\/abogados-de-accidentes-por-no-ceder-el-paso\/","title":{"rendered":"Accidentes por No Ceder el Paso"},"content":{"rendered":"<h2>Abogados Experimentados en Accidentes de Tr\u00e1fico en la Ciudad de New York<\/h2>\n<p>Si has sufrido lesiones en un accidente de tr\u00e1fico debido a que otra persona no cedi\u00f3 el paso, los abogados de Oresky &amp; Associates, PLLC pueden ayudarte.<\/p>\n<h3>Abogados Experimentados en Accidentes de Tr\u00e1fico en la Ciudad de New York<\/h3>\n<p>En el agitado mundo de hoy, parece que todos tienen prisa por llegar a alg\u00fan lugar. Cada vez m\u00e1s, los automovilistas apurados por llegar a su destino simplemente no ceden el paso a los derechos de los dem\u00e1s, ya sean peatones u otros conductores. De hecho, las estad\u00edsticas muestran que entre 2006 y 2015\u00a0<a href=\"https:\/\/www.iii.org\/fact-statistic\/facts-statistics-highway-safety\" target=\"_blank\" rel=\"nofollow noopener noreferrer\">m\u00e1s de 30,000 personas fueron asesinadas cada a\u00f1o en todo Estados Unidos en accidentes donde un conductor no cedi\u00f3 el paso o se detuvo incorrectamente<\/a>. Si t\u00fa o alguien que amas ha sido lesionado en un accidente de tr\u00e1fico por el fallo de otro en ceder el paso, los abogados de Oresky &amp; Associates, PLLC pueden ayudarte.<\/p>\n<p>En Oresky &amp; Associates, PLLC, nuestros abogados de accidentes de tr\u00e1fico en Bronx y Queens tienen m\u00e1s de 30 a\u00f1os de experiencia luchando por los derechos de las v\u00edctimas de lesiones personales en la Ciudad de New York y en todo el Estado de New York, incluyendo a personas que han resultado heridas en accidentes de veh\u00edculos motorizados por no ceder el paso. Ofrecemos asesoramiento integral en todos los asuntos legales relacionados con lesiones de accidentes de tr\u00e1fico, un enfoque que ha sido instrumental para ayudarnos a recuperar m\u00e1s de $400 millones en acuerdos y veredictos para nuestros clientes. Entendemos el estr\u00e9s y la ansiedad que puedes enfrentar despu\u00e9s de un accidente de tr\u00e1fico, y trabajaremos arduamente para estar disponibles y accesibles cuando tengas preguntas o inquietudes.<\/p>\n<h2>Protegiendo Tus Derechos Cuando Otro Conductor Ha Fallado Incorrectamente en Ceder el Paso<\/h2>\n<p>Nuestros abogados experimentados en accidentes de veh\u00edculos motorizados de la Ciudad de New York protegen los derechos de conductores, pasajeros y peatones que han sido lesionados en accidentes de tr\u00e1fico. Llevamos casos que involucran:<\/p>\n<ul>\n<li>Falta de reducci\u00f3n de velocidad o de detenci\u00f3n en un sem\u00e1foro o se\u00f1al de tr\u00e1fico<\/li>\n<li>No ceder el paso a otro conductor o a un peat\u00f3n en un cruce de peatones<\/li>\n<li>No ceder el paso causado por la conducci\u00f3n distra\u00edda<\/li>\n<li>No ceder el paso causado por exceso de velocidad<\/li>\n<\/ul>\n<h2>Nuestro Equipo Puede Empezar a Trabajar Para Ti Desde el Momento en que Llamas<\/h2>\n<p>Cuando se trata de litigios, no hay tiempo que perder. Una vez que llames a nuestra oficina, podemos comenzar a construir tu caso en tu lucha por compensaci\u00f3n. En tres simples pasos, tu viaje legal puede comenzar hoy.<\/p>\n<ul>\n<li><strong>Evaluaci\u00f3n de Caso Gratuita:<\/strong> llama a nuestra oficina, env\u00edanos un correo electr\u00f3nico o chatea con nosotros en l\u00ednea para recibir una evaluaci\u00f3n gratuita de tu caso.<\/li>\n<li><strong>Inscripci\u00f3n:<\/strong> despu\u00e9s de tu evaluaci\u00f3n de caso gratuita, podemos configurar tu perfil de cliente y recopilar cualquier informaci\u00f3n que ya tengas.<\/li>\n<li><strong>Comienza Tu Recuperaci\u00f3n:<\/strong> podemos hacernos cargo de tu caso desde aqu\u00ed y actualizarte a medida que avanza. Puedes concentrarte en tu salud mientras nosotros nos centramos en tu caso.<\/li>\n<\/ul>\n<h2>Preguntas Legales Comunes<\/h2>\n\n                <div class=\"cw-accordion \" data-all-open=\"false\" data-accordion-enabled=\"true\">\n                    <div class=\"cw-accordion__wrapper\">\n                <div class=\"cw-accordion__item\"><button class=\"cw-accordion__item-title\" aria-expanded=\"false\" aria-controls=\"panel1\" id=\"accordion1\">\u00bfPuedo ser compensado si yo fui parcialmente culpable de mi accidente de veh\u00edculo motorizado?<\/button><div class=\"cw-accordion__item-content\" id=\"panel1\" role=\"region\" aria-labelledby=\"accordion1\"><p>La respuesta corta es s\u00ed, muchas veces puedes ser compensado si eres parcialmente culpable. Nuevamente, New York es un estado con seguro sin culpa en el que tu propio seguro paga tus costos de bolsillo tales como salarios perdidos limitados y gastos m\u00e9dicos hasta $50,000. Al hacer un reclamo por dolor y sufrimiento, as\u00ed como cierta p\u00e9rdida econ\u00f3mica por encima de lo sin culpa, los porcentajes de culpa se considerar\u00e1n en tu recuperaci\u00f3n. Tu lesi\u00f3n por accidente de tr\u00e1fico puede tener un cierto valor, sin embargo, la culpa se tomar\u00e1 en consideraci\u00f3n en el momento del juicio o acuerdo.<\/p>\n<\/div><\/div><div class=\"cw-accordion__item\"><button class=\"cw-accordion__item-title\" aria-expanded=\"false\" aria-controls=\"panel2\" id=\"accordion2\">\u00bfQu\u00e9 da\u00f1os est\u00e1n disponibles si estoy lesionado en un accidente de tr\u00e1fico?<\/button><div class=\"cw-accordion__item-content\" id=\"panel2\" role=\"region\" aria-labelledby=\"accordion2\"><p>Se pueden recuperar da\u00f1os por dolor y sufrimiento pasados y futuros, p\u00e9rdida econ\u00f3mica, como salarios perdidos, gastos m\u00e9dicos, rehabilitaci\u00f3n, terapia y cuidado residencial a largo plazo tambi\u00e9n se considerar\u00e1n da\u00f1os bajo la ley. Los miembros de sindicatos pueden recuperar beneficios futuros perdidos. Otros da\u00f1os son recuperables y se revisar\u00e1n caso por caso.<\/p>\n<\/div><\/div><div class=\"cw-accordion__item\"><button class=\"cw-accordion__item-title\" aria-expanded=\"false\" aria-controls=\"panel3\" id=\"accordion3\">\u00bfQu\u00e9 sucede si el otro conductor no ten\u00eda seguro?<\/button><div class=\"cw-accordion__item-content\" id=\"panel3\" role=\"region\" aria-labelledby=\"accordion3\"><p>Si el otro conductor no ten\u00eda seguro, podemos presentar un reclamo de automovilista sin seguro bajo la p\u00f3liza de seguro de tu veh\u00edculo. Las p\u00f3lizas de seguro de autom\u00f3viles escritas para automovilistas del Estado de New York deben tener protecci\u00f3n sin seguro. Este seguro te proporcionar\u00e1 compensaci\u00f3n financiera, si el conductor culpable no tiene seguro. Si debes presentar un reclamo a trav\u00e9s de tu propio asegurador, necesitas una firma de abogados experta para ayudarte a recuperar los m\u00e1ximos da\u00f1os monetarios disponibles.<\/p>\n<\/div><\/div><div class=\"cw-accordion__item\"><button class=\"cw-accordion__item-title\" aria-expanded=\"false\" aria-controls=\"panel4\" id=\"accordion4\">\u00bfC\u00f3mo se determina la culpa en un accidente de veh\u00edculo motorizado?<\/button><div class=\"cw-accordion__item-content\" id=\"panel4\" role=\"region\" aria-labelledby=\"accordion4\"><p>La culpa se determina por la forma en que ocurri\u00f3 el accidente. \u00bfPas\u00f3 un conductor a trav\u00e9s de una luz o se\u00f1al de alto? \u00bfEstaba el conductor excediendo la velocidad o conduciendo de manera irrazonable bajo las circunstancias? New York es un estado de culpa comparativa, lo que significa que a\u00fan puedes recuperar alguna compensaci\u00f3n por da\u00f1os incluso si eres el conductor con la mayor\u00eda de la culpa. Muchas veces, el choque es el resultado de ambos conductores que comparten porcentajes de la culpa.<\/p>\n<\/div><\/div><div class=\"cw-accordion__item\"><button class=\"cw-accordion__item-title\" aria-expanded=\"false\" aria-controls=\"panel5\" id=\"accordion5\">\u00bfQu\u00e9 debo hacer despu\u00e9s de un accidente de veh\u00edculo motorizado?<\/button><div class=\"cw-accordion__item-content\" id=\"panel5\" role=\"region\" aria-labelledby=\"accordion5\"><p>Despu\u00e9s de un accidente de veh\u00edculo motorizado, siempre debes llamar a pedir ayuda. Mientras esperas que llegue la ayuda, verifica si hay lesiones, tanto tuyas como de los dem\u00e1s involucrados en la colisi\u00f3n. Aseg\u00farate de aceptar la atenci\u00f3n m\u00e9dica necesaria de cualquier param\u00e9dico en la escena y seguir con un proveedor de atenci\u00f3n m\u00e9dica lo antes posible en los d\u00edas posteriores al accidente. Por \u00faltimo, pero no menos importante, contacta a un abogado, y hazlo r\u00e1pido. Obt\u00e9n m\u00e1s informaci\u00f3n sobre qu\u00e9 hacer despu\u00e9s de un accidente automovil\u00edstico leyendo nuestra publicaci\u00f3n completa.<\/p>\n<\/div><\/div><\/div><\/div>\n    <div class=\"cw-cta-box\">\n        <div class=\"cw-cta-box__inner \">\n            <div class=\"cw-cta-box__info\">\n                                    <div class=\"label\">\u00a1Llame ahora!<\/div>\n                            <\/div>\n                            <div class=\"contact-phone\">\n                    <a href=\"tel:7189939999\"\n                        aria-label=\"Tap to call button\">\n                        718-993-9999                    <\/a>\n                <\/div>\n                    <\/div>\n                    <a href=\"\/es\/contacto\/\"\n               class=\"cta-btn btn btn--primary btn\"\n               target=\"\">\n                Obtenga Una Consulta Gratuita            <\/a>\n            <\/div>\n    \n<h2>Nuestros Abogados Experimentados en Accidentes de Tr\u00e1fico Est\u00e1n Aqu\u00ed Para Ayudarte<\/h2>\n<p><img loading=\"lazy\" decoding=\"async\" class=\"size-full wp-image-13528 alignleft\" src=\"https:\/\/oreskylaw.com\/wp-content\/uploads\/2026\/01\/Why-Choose-Oresky-Associates-PLLC-to-Handle-Your-Bronx-Injury-Claim.webp\" alt=\"construction accident attorney Bronx NY\" width=\"300\" height=\"176\" \/>Manejamos todo el espectro de reclamaciones de lesiones personales derivadas de accidentes de veh\u00edculos motorizados, desde esguinces, tirones musculares y otras lesiones de tejidos blandos hasta p\u00e9rdida grave y catastr\u00f3fica, como trauma\u00a0<a href=\"https:\/\/oreskylaw.com\/es\/lesion\/abogados-de-lesiones-cerebrales\/\">cerebral<\/a>\u00a0o de m\u00e9dula espinal, huesos rotos, quemaduras, par\u00e1lisis, cicatrices permanentes y desfiguraci\u00f3n, y amputaci\u00f3n o p\u00e9rdida de extremidades. Tambi\u00e9n tomamos reclamaciones de muerte err\u00f3nea o accidental causadas por no ceder el paso.<\/p>\n<p>En las secuelas de una lesi\u00f3n por accidente de veh\u00edculo motorizado, realizaremos una investigaci\u00f3n completa de exactamente qu\u00e9 sucedi\u00f3, viajando a la escena del choque, si es apropiado. Nuestros abogados recopilar\u00e1n, evaluar\u00e1n y preservar\u00e1n cuidadosamente toda la evidencia, y preparar\u00e1n y presentar\u00e1n todos los documentos y alegatos a lo largo del proceso legal. Tambi\u00e9n seremos tu defensor en todas las audiencias, reuniones y procedimientos.<\/p>\n<p>Podemos encontrar ventajoso traer testigos expertos, como ingenieros, especialistas en reconstrucci\u00f3n de accidentes, consultores financieros y autoridades m\u00e9dicas, para preparar argumentos claros y convincentes para respaldar tu reclamo.<\/p>\n<h2>Contacta a Oresky &amp; Associates PLLC Hoy<\/h2>\n<p>Para programar una reuni\u00f3n privada con un abogado experimentado en accidentes de veh\u00edculos motorizados de la Ciudad de New York, cont\u00e1ctanos por correo electr\u00f3nico o llama a nuestra oficina al (929) 560-0687. No hay costo ni obligaci\u00f3n por tu consulta gratuita. Respondemos a nuestros tel\u00e9fonos las 24 horas del d\u00eda, los siete d\u00edas de la semana para recibir tu llamada. Hacemos visitas a domicilio y al hospital.<\/p>\n<p>Representamos a v\u00edctimas de no ceder el paso en base a contingencia. S\u00f3lo cobraremos honorarios legales si recuperamos compensaci\u00f3n por tus p\u00e9rdidas.<\/p>\n<p>En Oresky &amp; Associates PLLC, ofrecemos representaci\u00f3n experta a individuos que han sufrido lesiones en y alrededor del Estado de New York, incluyendo la Ciudad de New York, Bronx, Queens, Manhattan, Brooklyn (Condado de Kings), Staten Island (Condado de Richmond), Westchester, Long Island, Condado de Suffolk y Condado de Nassau.<\/p>\n","protected":false},"excerpt":{"rendered":"<p>Abogados Experimentados en Accidentes de Tr\u00e1fico en la Ciudad de New York Si has sufrido lesiones en un accidente de tr\u00e1fico debido a que otra persona no cedi\u00f3 el paso, los abogados de Oresky &amp; Associates, PLLC pueden ayudarte. Abogados Experimentados en Accidentes de Tr\u00e1fico en la Ciudad de New York En el agitado mundo [&hellip;]<\/p>\n","protected":false},"author":9,"featured_media":0,"parent":18614,"menu_order":74,"comment_status":"closed","ping_status":"closed","template":"","meta":{"_acf_changed":false,"footnotes":""},"class_list":["post-18980","page","type-page","status-publish","hentry"],"acf":[],"yoast_head":"<!-- This site is optimized with the Yoast SEO plugin v27.3 - https:\/\/yoast.com\/product\/yoast-seo-wordpress\/ -->\n<title>Abogado de Accidentes por No Ceder el Paso, NYC - Oresky &amp; Associates, PLLC<\/title>\n<meta name=\"description\" content=\"\u00bfLesionado en un accidente por no ceder el paso? Nuestros abogados en NYC pueden ayudarle a reclamar compensaci\u00f3n. Ll\u00e1menos para una consulta gratuita.\" \/>\n<meta name=\"robots\" content=\"index, follow, max-snippet:-1, max-image-preview:large, max-video-preview:-1\" \/>\n<link rel=\"canonical\" href=\"https:\/\/oreskylaw.com\/es\/nyc\/abogados-de-accidentes-por-no-ceder-el-paso\/\" \/>\n<meta property=\"og:locale\" content=\"es_ES\" \/>\n<meta property=\"og:type\" content=\"article\" \/>\n<meta property=\"og:title\" content=\"Abogado de Accidentes por No Ceder el Paso, NYC - Oresky &amp; Associates, PLLC\" \/>\n<meta property=\"og:description\" content=\"\u00bfLesionado en un accidente por no ceder el paso? Nuestros abogados en NYC pueden ayudarle a reclamar compensaci\u00f3n. Ll\u00e1menos para una consulta gratuita.\" \/>\n<meta property=\"og:url\" content=\"https:\/\/oreskylaw.com\/es\/nyc\/abogados-de-accidentes-por-no-ceder-el-paso\/\" \/>\n<meta property=\"og:site_name\" content=\"Oresky &amp; Associates, PLLC\" \/>\n<meta property=\"article:publisher\" content=\"https:\/\/www.facebook.com\/Oreskylaw\/\" \/>\n<meta property=\"article:modified_time\" content=\"2026-01-30T16:06:04+00:00\" \/>\n<meta property=\"og:image\" content=\"https:\/\/oreskylaw.com\/wp-content\/uploads\/2026\/01\/Why-Choose-Oresky-Associates-PLLC-to-Handle-Your-Bronx-Injury-Claim.webp\" \/>\n\t<meta property=\"og:image:width\" content=\"300\" \/>\n\t<meta property=\"og:image:height\" content=\"176\" \/>\n\t<meta property=\"og:image:type\" content=\"image\/webp\" \/>\n<meta name=\"twitter:card\" content=\"summary_large_image\" \/>\n<meta name=\"twitter:site\" content=\"@JacobOreskyLaw\" \/>\n<meta name=\"twitter:label1\" content=\"Tiempo de lectura\" \/>\n\t<meta name=\"twitter:data1\" content=\"4 minutos\" \/>\n<!-- \/ Yoast SEO plugin. -->","yoast_head_json":{"title":"Abogado de Accidentes por No Ceder el Paso, NYC - Oresky & Associates, PLLC","description":"\u00bfLesionado en un accidente por no ceder el paso? Nuestros abogados en NYC pueden ayudarle a reclamar compensaci\u00f3n. Ll\u00e1menos para una consulta gratuita.","robots":{"index":"index","follow":"follow","max-snippet":"max-snippet:-1","max-image-preview":"max-image-preview:large","max-video-preview":"max-video-preview:-1"},"canonical":"https:\/\/oreskylaw.com\/es\/nyc\/abogados-de-accidentes-por-no-ceder-el-paso\/","og_locale":"es_ES","og_type":"article","og_title":"Abogado de Accidentes por No Ceder el Paso, NYC - Oresky & Associates, PLLC","og_description":"\u00bfLesionado en un accidente por no ceder el paso? Nuestros abogados en NYC pueden ayudarle a reclamar compensaci\u00f3n. Ll\u00e1menos para una consulta gratuita.","og_url":"https:\/\/oreskylaw.com\/es\/nyc\/abogados-de-accidentes-por-no-ceder-el-paso\/","og_site_name":"Oresky &amp; Associates, PLLC","article_publisher":"https:\/\/www.facebook.com\/Oreskylaw\/","article_modified_time":"2026-01-30T16:06:04+00:00","og_image":[{"width":300,"height":176,"url":"https:\/\/oreskylaw.com\/wp-content\/uploads\/2026\/01\/Why-Choose-Oresky-Associates-PLLC-to-Handle-Your-Bronx-Injury-Claim.webp","type":"image\/webp"}],"twitter_card":"summary_large_image","twitter_site":"@JacobOreskyLaw","twitter_misc":{"Tiempo de lectura":"4 minutos"},"schema":{"@context":"https:\/\/schema.org","@graph":[{"@type":"WebPage","@id":"https:\/\/oreskylaw.com\/es\/nyc\/abogados-de-accidentes-por-no-ceder-el-paso\/","url":"https:\/\/oreskylaw.com\/es\/nyc\/abogados-de-accidentes-por-no-ceder-el-paso\/","name":"Abogado de Accidentes por No Ceder el Paso, NYC - Oresky & Associates, PLLC","isPartOf":{"@id":"https:\/\/oreskylaw.com\/es\/#website"},"primaryImageOfPage":{"@id":"https:\/\/oreskylaw.com\/es\/nyc\/abogados-de-accidentes-por-no-ceder-el-paso\/#primaryimage"},"image":{"@id":"https:\/\/oreskylaw.com\/es\/nyc\/abogados-de-accidentes-por-no-ceder-el-paso\/#primaryimage"},"thumbnailUrl":"https:\/\/oreskylaw.com\/wp-content\/uploads\/2026\/01\/Why-Choose-Oresky-Associates-PLLC-to-Handle-Your-Bronx-Injury-Claim.webp","datePublished":"2025-12-09T08:14:17+00:00","dateModified":"2026-01-30T16:06:04+00:00","description":"\u00bfLesionado en un accidente por no ceder el paso? Nuestros abogados en NYC pueden ayudarle a reclamar compensaci\u00f3n. Ll\u00e1menos para una consulta gratuita.","breadcrumb":{"@id":"https:\/\/oreskylaw.com\/es\/nyc\/abogados-de-accidentes-por-no-ceder-el-paso\/#breadcrumb"},"inLanguage":"es","potentialAction":[{"@type":"ReadAction","target":["https:\/\/oreskylaw.com\/es\/nyc\/abogados-de-accidentes-por-no-ceder-el-paso\/"]}]},{"@type":"ImageObject","inLanguage":"es","@id":"https:\/\/oreskylaw.com\/es\/nyc\/abogados-de-accidentes-por-no-ceder-el-paso\/#primaryimage","url":"https:\/\/oreskylaw.com\/wp-content\/uploads\/2026\/01\/Why-Choose-Oresky-Associates-PLLC-to-Handle-Your-Bronx-Injury-Claim.webp","contentUrl":"https:\/\/oreskylaw.com\/wp-content\/uploads\/2026\/01\/Why-Choose-Oresky-Associates-PLLC-to-Handle-Your-Bronx-Injury-Claim.webp"},{"@type":"BreadcrumbList","@id":"https:\/\/oreskylaw.com\/es\/nyc\/abogados-de-accidentes-por-no-ceder-el-paso\/#breadcrumb","itemListElement":[{"@type":"ListItem","position":1,"name":"Inicio","item":"https:\/\/oreskylaw.com\/es\/"},{"@type":"ListItem","position":2,"name":"New York","item":"https:\/\/oreskylaw.com\/es\/nyc\/"},{"@type":"ListItem","position":3,"name":"Accidentes por No Ceder el Paso"}]},{"@type":"WebSite","@id":"https:\/\/oreskylaw.com\/es\/#website","url":"https:\/\/oreskylaw.com\/es\/","name":"Oresky & Associates PLLC","description":"","publisher":{"@id":"https:\/\/oreskylaw.com\/es\/#organization"},"potentialAction":[{"@type":"SearchAction","target":{"@type":"EntryPoint","urlTemplate":"https:\/\/oreskylaw.com\/es\/?s={search_term_string}"},"query-input":{"@type":"PropertyValueSpecification","valueRequired":true,"valueName":"search_term_string"}}],"inLanguage":"es"}]}},"_links":{"self":[{"href":"https:\/\/oreskylaw.com\/es\/wp-json\/wp\/v2\/pages\/18980","targetHints":{"allow":["GET"]}}],"collection":[{"href":"https:\/\/oreskylaw.com\/es\/wp-json\/wp\/v2\/pages"}],"about":[{"href":"https:\/\/oreskylaw.com\/es\/wp-json\/wp\/v2\/types\/page"}],"author":[{"embeddable":true,"href":"https:\/\/oreskylaw.com\/es\/wp-json\/wp\/v2\/users\/9"}],"replies":[{"embeddable":true,"href":"https:\/\/oreskylaw.com\/es\/wp-json\/wp\/v2\/comments?post=18980"}],"version-history":[{"count":0,"href":"https:\/\/oreskylaw.com\/es\/wp-json\/wp\/v2\/pages\/18980\/revisions"}],"up":[{"embeddable":true,"href":"https:\/\/oreskylaw.com\/es\/wp-json\/wp\/v2\/pages\/18614"}],"wp:attachment":[{"href":"https:\/\/oreskylaw.com\/es\/wp-json\/wp\/v2\/media?parent=18980"}],"curies":[{"name":"wp","href":"https:\/\/api.w.org\/{rel}","templated":true}]}}