{"id":18991,"date":"2025-12-09T08:14:34","date_gmt":"2025-12-09T08:14:34","guid":{"rendered":"https:\/\/oreskylaw.com\/?page_id=18991"},"modified":"2026-01-30T16:07:19","modified_gmt":"2026-01-30T16:07:19","slug":"abogados-de-caida-de-objetos","status":"publish","type":"page","link":"https:\/\/oreskylaw.com\/es\/nyc\/abogados-de-caida-de-objetos\/","title":{"rendered":"Accidente de Objetos Ca\u00eddos en Construcci\u00f3n"},"content":{"rendered":"<h2>La ca\u00edda de objetos de construcci\u00f3n Abogado de Accidentes en New York<\/h2>\n<p>Si usted ha sufrido lesiones despu\u00e9s de un objeto en ca\u00edda que se produjo a una obra de construcci\u00f3n, un abogado de accidentes de construcci\u00f3n en Oresky &amp; Associates, PLLC ayuda lata.<\/p>\n<h3>Nuestra firma defiende los derechos de los trabajadores accidentados Construcci\u00f3n<\/h3>\n<p><a href=\"https:\/\/law.justia.com\/codes\/new-york\/2014\/lab\/article-10\/240\/\" target=\"_blank\" rel=\"nofollow noopener noreferrer\">Ley Laboral de New York 240 (1)<\/a>\u00a0ofrece protecci\u00f3n a los trabajadores golpeados por la ca\u00edda de objetos en una obra de construcci\u00f3n. El equipo de seguridad obligatorio y los protocolos adecuados pueden ayudar a reducir o eliminar el riesgo de este tipo de lesiones, pero muchos propietarios y contratistas generales escatiman en garantizar que el lugar de trabajo sea seguro para los trabajadores de la construcci\u00f3n y los oficios relacionados.<\/p>\n<p>Si sufri\u00f3 lesiones despu\u00e9s de que un objeto que cay\u00f3 lo golpeara en un\u00a0<a href=\"https:\/\/oreskylaw.com\/es\/nyc\/abogados-de-accidentes-de-construccion\/\">sitio de construcci\u00f3n<\/a>, un abogado especializado en accidentes de construcci\u00f3n con objetos ca\u00eddos en la ciudad de New York de Oresky &amp; Associates, PLLC est\u00e1 listo para revisar su reclamaci\u00f3n. Ofrecemos evaluaciones de casos gratuitas y podemos ayudarlo a comprender todas sus opciones para ayudarlo a presentar un caso exitoso de accidente de construcci\u00f3n. A menudo, esto incluye tanto la compensaci\u00f3n laboral como la responsabilidad del propietario y de los contratistas mediante una demanda civil.<\/p>\n<h2>Los da\u00f1os disponibles despu\u00e9s de un objeto que cae la ciudad de New York Construcci\u00f3n de Accidentes<\/h2>\n<p>Cuando sufre una lesi\u00f3n mientras trabaja, su primera y m\u00e1s f\u00e1cil opci\u00f3n de beneficios suele ser la compensaci\u00f3n laboral. Este programa le brinda varios beneficios si sufre lesiones por la ca\u00edda de un objeto en un lugar de trabajo. Estos incluyen:<\/p>\n<ul>\n<li>Beneficios m\u00e9dicos para pagar su tratamiento y la atenci\u00f3n m\u00e9dica relacionada<\/li>\n<li>Beneficios en efectivo para cubrir una parte de sus salarios perdidos y ayudarlo a llegar a fin de mes hasta que pueda volver a trabajar<\/li>\n<li>Prestaciones por fallecimiento, si su ser querido falleci\u00f3 a causa de este tipo de lesi\u00f3n<\/li>\n<\/ul>\n<p>Sin embargo, cuando sus lesiones son importantes y se pierde m\u00e1s de unas pocas semanas fuera del trabajo, comienza a darse cuenta de que la compensaci\u00f3n laboral a menudo no cubre los gastos y las p\u00e9rdidas que sufre debido a sus lesiones. Esta es una de las razones por las que la Ley Laboral de New York permite a los trabajadores responsabilizar a los terceros que causaron o contribuyeron a sus lesiones.<\/p>\n<h2>Un r\u00e9cord de \u00e9xito basado en el trabajo duro y la dedicaci\u00f3n<\/h2>\n<p>Cuando se trata de litigios, no hay tiempo que perder. Una vez llame a nuestra oficina, podemos comenzar a construir su caso en la b\u00fasqueda de su compensaci\u00f3n. En tres cortos pasos, su camino legal puede empezar hoy.<\/p>\n<ul>\n<li><strong>Evaluaci\u00f3n gratuita del caso:\u00a0<\/strong>Llame a nuestra oficina, env\u00edenos un correo electr\u00f3nico o converse con nosotros en l\u00ednea para recibir una evaluaci\u00f3n gratuita de su caso.<\/li>\n<li><strong>Inscribe:\u00a0<\/strong>Luego de la revisi\u00f3n gratuita a su caso, podemos crear su perfil de cliente y recopilar la informaci\u00f3n que usted disponga.<\/li>\n<li><strong>Inicie su recuperaci\u00f3n:<\/strong>\u00a0Nos hacemos cargo de su caso, actualiz\u00e1ndole en la medida que avanza. Usted puede concentrarse en su salud al par que nos enfocamos en su caso.<\/li>\n<\/ul>\n<h2>Due\u00f1o de la Propiedad y Responsabilidad Contractor y Ley del Andamio de responsabilidad Bajo New York<\/h2>\n<p>La Ley Laboral de New York \u00a7 240 (1), tambi\u00e9n conocida como Ley de Andamios, impone a los propietarios y contratistas generales la responsabilidad de garantizar que los trabajadores de la construcci\u00f3n y oficios relacionados tengan un lugar seguro para trabajar. Esto incluye garantizar que estos trabajadores tengan la capacitaci\u00f3n, el equipo de seguridad y la supervisi\u00f3n adecuados.<\/p>\n<p>Los objetos que caen entran en esta categor\u00eda. Cuando los trabajadores no levantan, bajan o aseguran los objetos correctamente, pueden ocurrir accidentes. En general, esta ley exige que los propietarios y contratistas:<\/p>\n<ul>\n<li>Proporcione la capacitaci\u00f3n adecuada en seguridad y los dispositivos adecuados, incluidos montacargas, cabrestantes y poleas, para levantar y bajar objetos de manera segura<\/li>\n<li>Evite que los objetos caigan desde una altura lo suficientemente alta como para causar lesiones, incluso si el objeto no estaba en uso o no se estaba moviendo en el momento del accidente<\/li>\n<\/ul>\n    <div class=\"cw-cta-box\">\n        <div class=\"cw-cta-box__inner \">\n            <div class=\"cw-cta-box__info\">\n                                    <div class=\"label\">\u00a1Llame ahora!<\/div>\n                            <\/div>\n                            <div class=\"contact-phone\">\n                    <a href=\"tel:7189939999\"\n                        aria-label=\"Tap to call button\">\n                        718-993-9999                    <\/a>\n                <\/div>\n                    <\/div>\n                    <a href=\"\/es\/contacto\/\"\n               class=\"cta-btn btn btn--primary btn\"\n               target=\"\">\n                Obtenga Una Consulta Gratuita            <\/a>\n            <\/div>\n    \n<h2>Conozca sus derechos despu\u00e9s de una lesi\u00f3n de la construcci\u00f3n<\/h2>\n<p><img loading=\"lazy\" decoding=\"async\" class=\"size-full wp-image-16399 alignright\" src=\"https:\/\/oreskylaw.com\/wp-content\/uploads\/2026\/01\/After-a-Falling-Debris-Accident-in-the-Bronx-NY.webp\" alt=\"Bronx bridge construction site accident attorney\" width=\"300\" height=\"200\" \/>Si podemos demostrar que este tercero no le proporcion\u00f3 un entorno de trabajo seguro que permitiera que se produjeran sus lesiones, es posible que tenga derecho a una compensaci\u00f3n que vaya m\u00e1s all\u00e1 de la compensaci\u00f3n laboral. Estos da\u00f1os pueden incluir:<\/p>\n<ul>\n<li>Cualquier tratamiento m\u00e9dico y costos relacionados no pagados por la compensaci\u00f3n laboral<\/li>\n<li>Cualquier salario perdido que no est\u00e9 cubierto por la compensaci\u00f3n laboral<\/li>\n<li>Disminuci\u00f3n de la capacidad de generar ingresos, si no puede volver a trabajar despu\u00e9s del accidente<\/li>\n<li>Cualquier gasto de bolsillo relacionado<\/li>\n<li>Da\u00f1os por dolor y sufrimiento<\/li>\n<li>Beneficios de Lost Union<\/li>\n<\/ul>\n<h2>Contacte con un abogado experimentado de New York Construcci\u00f3n<\/h2>\n<p>Si el due\u00f1o de una propiedad y\/o contratista general no se atiene a estas responsabilidades, materiales, basura, escombros o incluso herramientas podr\u00edan caer varias historias y causar lesiones graves a los trabajadores de abajo. Esto ocurre m\u00e1s com\u00fanmente cuando el propietario y\/\/ o contratista:<\/p>\n<ul>\n<li>Trate de tiempo de corte o el dinero al correr los trabajadores a trav\u00e9s de tareas arriesgadas<\/li>\n<li>no mantiene ascensores, tornos, poleas y otras herramientas<\/li>\n<li>no pueden proporcionar el equipo adecuado y suficiente, sobre todo el equipo de seguridad<\/li>\n<li>Falla para garantizar que los trabajadores tienen la formaci\u00f3n y supervisi\u00f3n necesarias para reducir el riesgo de lesiones<\/li>\n<\/ul>\n<p>Cuando se sufre una lesi\u00f3n debido a la ca\u00edda de un objeto en una obra de construcci\u00f3n, que no es necesario para mostrar c\u00f3mo y cuando el propietario o contratista actuaron de manera negligente. En su lugar, s\u00f3lo tendr\u00e1 que demostrar que violaron la Ley del Andamio al no proporcionar un entorno de trabajo seguro.<\/p>\n<h3>Aprendizaje Si usted tiene una demanda viable y presentaci\u00f3n de Compensaci\u00f3n<\/h3>\n<p>El primer paso en la evaluaci\u00f3n de su caso contra el propietario de la propiedad y\/ o contratista general es la reuni\u00f3n con un miembro de nuestro equipo para una revisi\u00f3n gratuita de su caso. Nos podemos encontrar con usted en el hospital, en su casa o en una de nuestras tres convenientes oficinas. Vamos a discutir su accidente y lesiones y podemos ofrecer nuestra opini\u00f3n acerca de si usted tiene un caso civil viable.<\/p>\n<p>Si nosotros creemos que puede ser capaz de compensaci\u00f3n acumularse por encima y m\u00e1s all\u00e1 de los beneficios de compensaci\u00f3n para los trabajadores, vamos a explicar sus opciones e ir a trabajar para usted. Esto puede incluir:<\/p>\n<ul>\n<li>El lanzamiento de una investigaci\u00f3n completa sobre su accidente de ca\u00edda de objetos y lesiones<\/li>\n<li>Examinar exactamente c\u00f3mo se produjo el accidente y por qu\u00e9<\/li>\n<li>Identificar las partes responsables potenciales, a menudo el propietario de la propiedad o contratista general<\/li>\n<li>Calculo del valor total de sus gastos y p\u00e9rdidas relacionadas con este accidente<\/li>\n<li>La presentaci\u00f3n de una reclamaci\u00f3n o iniciar una acci\u00f3n civil en un tribunal<\/li>\n<li>La lucha por la compensaci\u00f3n creemos que se merece<\/li>\n<\/ul>\n","protected":false},"excerpt":{"rendered":"<p>La ca\u00edda de objetos de construcci\u00f3n Abogado de Accidentes en New York Si usted ha sufrido lesiones despu\u00e9s de un objeto en ca\u00edda que se produjo a una obra de construcci\u00f3n, un abogado de accidentes de construcci\u00f3n en Oresky &amp; Associates, PLLC ayuda lata. Nuestra firma defiende los derechos de los trabajadores accidentados Construcci\u00f3n Ley [&hellip;]<\/p>\n","protected":false},"author":9,"featured_media":0,"parent":18614,"menu_order":77,"comment_status":"closed","ping_status":"closed","template":"","meta":{"_acf_changed":false,"footnotes":""},"class_list":["post-18991","page","type-page","status-publish","hentry"],"acf":[],"yoast_head":"<!-- This site is optimized with the Yoast SEO plugin v27.3 - https:\/\/yoast.com\/product\/yoast-seo-wordpress\/ -->\n<title>Abogado de Accidentes de Objetos Ca\u00eddos en Construcci\u00f3n, NYC - Oresky &amp; Associates, PLLC<\/title>\n<meta name=\"description\" content=\"\u00bfLesionado por un objeto que cay\u00f3 en una obra de construcci\u00f3n? Obtenga compensaci\u00f3n. Contacte a Oresky &amp; Associates, PLLC en NYC hoy para representaci\u00f3n legal.\" \/>\n<meta name=\"robots\" content=\"index, follow, max-snippet:-1, max-image-preview:large, max-video-preview:-1\" \/>\n<link rel=\"canonical\" href=\"https:\/\/oreskylaw.com\/es\/nyc\/abogados-de-caida-de-objetos\/\" \/>\n<meta property=\"og:locale\" content=\"es_ES\" \/>\n<meta property=\"og:type\" content=\"article\" \/>\n<meta property=\"og:title\" content=\"Abogado de Accidentes de Objetos Ca\u00eddos en Construcci\u00f3n, NYC - Oresky &amp; Associates, PLLC\" \/>\n<meta property=\"og:description\" content=\"\u00bfLesionado por un objeto que cay\u00f3 en una obra de construcci\u00f3n? Obtenga compensaci\u00f3n. Contacte a Oresky &amp; Associates, PLLC en NYC hoy para representaci\u00f3n legal.\" \/>\n<meta property=\"og:url\" content=\"https:\/\/oreskylaw.com\/es\/nyc\/abogados-de-caida-de-objetos\/\" \/>\n<meta property=\"og:site_name\" content=\"Oresky &amp; Associates, PLLC\" \/>\n<meta property=\"article:publisher\" content=\"https:\/\/www.facebook.com\/Oreskylaw\/\" \/>\n<meta property=\"article:modified_time\" content=\"2026-01-30T16:07:19+00:00\" \/>\n<meta property=\"og:image\" content=\"https:\/\/oreskylaw.com\/wp-content\/uploads\/2026\/01\/After-a-Falling-Debris-Accident-in-the-Bronx-NY.webp\" \/>\n\t<meta property=\"og:image:width\" content=\"300\" \/>\n\t<meta property=\"og:image:height\" content=\"200\" \/>\n\t<meta property=\"og:image:type\" content=\"image\/webp\" \/>\n<meta name=\"twitter:card\" content=\"summary_large_image\" \/>\n<meta name=\"twitter:site\" content=\"@JacobOreskyLaw\" \/>\n<meta name=\"twitter:label1\" content=\"Tiempo de lectura\" \/>\n\t<meta name=\"twitter:data1\" content=\"6 minutos\" \/>\n<!-- \/ Yoast SEO plugin. -->","yoast_head_json":{"title":"Abogado de Accidentes de Objetos Ca\u00eddos en Construcci\u00f3n, NYC - Oresky & Associates, PLLC","description":"\u00bfLesionado por un objeto que cay\u00f3 en una obra de construcci\u00f3n? Obtenga compensaci\u00f3n. Contacte a Oresky & Associates, PLLC en NYC hoy para representaci\u00f3n legal.","robots":{"index":"index","follow":"follow","max-snippet":"max-snippet:-1","max-image-preview":"max-image-preview:large","max-video-preview":"max-video-preview:-1"},"canonical":"https:\/\/oreskylaw.com\/es\/nyc\/abogados-de-caida-de-objetos\/","og_locale":"es_ES","og_type":"article","og_title":"Abogado de Accidentes de Objetos Ca\u00eddos en Construcci\u00f3n, NYC - Oresky & Associates, PLLC","og_description":"\u00bfLesionado por un objeto que cay\u00f3 en una obra de construcci\u00f3n? Obtenga compensaci\u00f3n. Contacte a Oresky & Associates, PLLC en NYC hoy para representaci\u00f3n legal.","og_url":"https:\/\/oreskylaw.com\/es\/nyc\/abogados-de-caida-de-objetos\/","og_site_name":"Oresky &amp; Associates, PLLC","article_publisher":"https:\/\/www.facebook.com\/Oreskylaw\/","article_modified_time":"2026-01-30T16:07:19+00:00","og_image":[{"width":300,"height":200,"url":"https:\/\/oreskylaw.com\/wp-content\/uploads\/2026\/01\/After-a-Falling-Debris-Accident-in-the-Bronx-NY.webp","type":"image\/webp"}],"twitter_card":"summary_large_image","twitter_site":"@JacobOreskyLaw","twitter_misc":{"Tiempo de lectura":"6 minutos"},"schema":{"@context":"https:\/\/schema.org","@graph":[{"@type":"WebPage","@id":"https:\/\/oreskylaw.com\/es\/nyc\/abogados-de-caida-de-objetos\/","url":"https:\/\/oreskylaw.com\/es\/nyc\/abogados-de-caida-de-objetos\/","name":"Abogado de Accidentes de Objetos Ca\u00eddos en Construcci\u00f3n, NYC - Oresky & Associates, PLLC","isPartOf":{"@id":"https:\/\/oreskylaw.com\/es\/#website"},"primaryImageOfPage":{"@id":"https:\/\/oreskylaw.com\/es\/nyc\/abogados-de-caida-de-objetos\/#primaryimage"},"image":{"@id":"https:\/\/oreskylaw.com\/es\/nyc\/abogados-de-caida-de-objetos\/#primaryimage"},"thumbnailUrl":"https:\/\/oreskylaw.com\/wp-content\/uploads\/2026\/01\/After-a-Falling-Debris-Accident-in-the-Bronx-NY.webp","datePublished":"2025-12-09T08:14:34+00:00","dateModified":"2026-01-30T16:07:19+00:00","description":"\u00bfLesionado por un objeto que cay\u00f3 en una obra de construcci\u00f3n? Obtenga compensaci\u00f3n. Contacte a Oresky & Associates, PLLC en NYC hoy para representaci\u00f3n legal.","breadcrumb":{"@id":"https:\/\/oreskylaw.com\/es\/nyc\/abogados-de-caida-de-objetos\/#breadcrumb"},"inLanguage":"es","potentialAction":[{"@type":"ReadAction","target":["https:\/\/oreskylaw.com\/es\/nyc\/abogados-de-caida-de-objetos\/"]}]},{"@type":"ImageObject","inLanguage":"es","@id":"https:\/\/oreskylaw.com\/es\/nyc\/abogados-de-caida-de-objetos\/#primaryimage","url":"https:\/\/oreskylaw.com\/wp-content\/uploads\/2026\/01\/After-a-Falling-Debris-Accident-in-the-Bronx-NY.webp","contentUrl":"https:\/\/oreskylaw.com\/wp-content\/uploads\/2026\/01\/After-a-Falling-Debris-Accident-in-the-Bronx-NY.webp"},{"@type":"BreadcrumbList","@id":"https:\/\/oreskylaw.com\/es\/nyc\/abogados-de-caida-de-objetos\/#breadcrumb","itemListElement":[{"@type":"ListItem","position":1,"name":"Inicio","item":"https:\/\/oreskylaw.com\/es\/"},{"@type":"ListItem","position":2,"name":"New York","item":"https:\/\/oreskylaw.com\/es\/nyc\/"},{"@type":"ListItem","position":3,"name":"Accidente de Objetos Ca\u00eddos en Construcci\u00f3n"}]},{"@type":"WebSite","@id":"https:\/\/oreskylaw.com\/es\/#website","url":"https:\/\/oreskylaw.com\/es\/","name":"Oresky & Associates PLLC","description":"","publisher":{"@id":"https:\/\/oreskylaw.com\/es\/#organization"},"potentialAction":[{"@type":"SearchAction","target":{"@type":"EntryPoint","urlTemplate":"https:\/\/oreskylaw.com\/es\/?s={search_term_string}"},"query-input":{"@type":"PropertyValueSpecification","valueRequired":true,"valueName":"search_term_string"}}],"inLanguage":"es"}]}},"_links":{"self":[{"href":"https:\/\/oreskylaw.com\/es\/wp-json\/wp\/v2\/pages\/18991","targetHints":{"allow":["GET"]}}],"collection":[{"href":"https:\/\/oreskylaw.com\/es\/wp-json\/wp\/v2\/pages"}],"about":[{"href":"https:\/\/oreskylaw.com\/es\/wp-json\/wp\/v2\/types\/page"}],"author":[{"embeddable":true,"href":"https:\/\/oreskylaw.com\/es\/wp-json\/wp\/v2\/users\/9"}],"replies":[{"embeddable":true,"href":"https:\/\/oreskylaw.com\/es\/wp-json\/wp\/v2\/comments?post=18991"}],"version-history":[{"count":0,"href":"https:\/\/oreskylaw.com\/es\/wp-json\/wp\/v2\/pages\/18991\/revisions"}],"up":[{"embeddable":true,"href":"https:\/\/oreskylaw.com\/es\/wp-json\/wp\/v2\/pages\/18614"}],"wp:attachment":[{"href":"https:\/\/oreskylaw.com\/es\/wp-json\/wp\/v2\/media?parent=18991"}],"curies":[{"name":"wp","href":"https:\/\/api.w.org\/{rel}","templated":true}]}}