{"id":19010,"date":"2025-12-09T08:14:54","date_gmt":"2025-12-09T08:14:54","guid":{"rendered":"https:\/\/oreskylaw.com\/?page_id=19010"},"modified":"2026-01-31T08:02:53","modified_gmt":"2026-01-31T08:02:53","slug":"abogados-de-accidentes-en-obras-de-construccion-en-nueva-york","status":"publish","type":"page","link":"https:\/\/oreskylaw.com\/es\/nyc\/abogados-de-accidentes-en-obras-de-construccion-en-nueva-york\/","title":{"rendered":"Sitios de construcci\u00f3n con ca\u00eddas"},"content":{"rendered":"<h2>Protegemos los Derechos de los Trabajadores Despu\u00e9s de una Ca\u00edda<\/h2>\n<p>Las ca\u00eddas de escaleras, andamios, techos y otras \u00e1reas de trabajo son algunos de los tipos m\u00e1s comunes de accidentes en sitios de construcci\u00f3n en la ciudad de New York y en otros lugares de Estados Unidos.<\/p>\n<h3>Abogados Experimentados en Accidentes de Construcci\u00f3n<\/h3>\n<p>Las ca\u00eddas de escaleras, andamios, techos y otros lugares de trabajo son algunas de las causas m\u00e1s comunes de accidentes en sitios de construcci\u00f3n en la ciudad de New York y en otros lugares de Estados Unidos. Estas ca\u00eddas a menudo tienen consecuencias devastadoras para la vida de un trabajador y pueden incluso ser fatales. Si usted ha sufrido lesiones en cualquier tipo de ca\u00edda en un sitio de construcci\u00f3n, podr\u00edamos ayudarle. En Oresky &amp; Associates, PLLC, nuestros abogados de <a href=\"https:\/\/oreskylaw.com\/es\/nyc\/abogados-de-accidentes-de-construccion\/\">accidentes de construcci\u00f3n<\/a>\u00a0en Queens y el Bronx est\u00e1n comprometidos con obtener una compensaci\u00f3n completa y justa por los da\u00f1os causados. Con d\u00e9cadas de experiencia que nos gu\u00edan, tratamos a cada persona que busca nuestra asistencia con la atenci\u00f3n personalizada que merecen.<\/p>\n<h2>Las Ca\u00eddas en Sitios de Construcci\u00f3n Pueden Causar Lesiones Graves<\/h2>\n<p>Seg\u00fan la Administraci\u00f3n de Seguridad y Salud Ocupacional (OSHA), las ca\u00eddas son la principal causa de muertes en la industria de la construcci\u00f3n. En 2015, por ejemplo, 364 de las 937 muertes totales en construcci\u00f3n resultaron de ca\u00eddas. La Oficina de Estad\u00edsticas Laborales encontr\u00f3 que en la ciudad de New York, estos accidentes representaron 24 fatalidades en 2015, un ligero aumento con respecto al a\u00f1o anterior.<\/p>\n<p>Bajo las Leyes Laborales de New York, el riesgo de ca\u00eddas se conoce como un \u00abpeligro relacionado con la gravedad\u00bb, t\u00e9rmino que cubre tanto a trabajadores cayendo como a objetos cayendo como materiales o equipos que podr\u00edan golpear a los trabajadores. Las ca\u00eddas en sitios de construcci\u00f3n pueden ser causadas por el fracaso del propietario y\/o contratista en proporcionar equipo de seguridad adecuado o seguir el protocolo de seguridad adecuado. Esto podr\u00eda incluir:<\/p>\n<ul>\n<li>Falta de proporcionar equipo de seguridad contra ca\u00eddas como l\u00edneas de vida y arneses a los cuales un trabajador pueda asegurarse;<\/li>\n<li>Falta de proporcionar escaleras o andamios seguros que no colapsen, se desplacen o muevan;<\/li>\n<li>Falta de usar equipo adecuado para subir o bajar equipos pesados o materiales;<\/li>\n<li>Falta de proporcionar una plataforma de trabajo segura o proporcionar barandillas o barreras para prevenir que un trabajador caiga;<\/li>\n<li>Falta de asegurar que barreras s\u00f3lidas, cuerdas o dispositivos de seguridad est\u00e9n colocados alrededor de aberturas, tales como huecos de elevadores, aberturas de escaleras y otras \u00e1reas;<\/li>\n<li>Falta de proporcionar redes de seguridad para proteger a los trabajadores de la construcci\u00f3n de ser golpeados por escombros cayendo, como ladrillos durante el curso de demolici\u00f3n.<\/li>\n<\/ul>\n<h2>Nuestro Equipo Puede Comenzar a Trabajar para Usted Desde el Momento en que Llama<\/h2>\n<p>Cuando se trata de litigio, no hay tiempo que perder. Una vez que llame a nuestra oficina, podemos comenzar a construir su caso en su lucha por compensaci\u00f3n. En tres simples pasos, su viaje legal puede comenzar hoy.<\/p>\n<ul>\n<li><strong>Evaluaci\u00f3n Gratuita del Caso:<\/strong> llame a nuestra oficina, env\u00edenos un correo electr\u00f3nico o chatee con nosotros en l\u00ednea para recibir una evaluaci\u00f3n gratuita del caso.<\/li>\n<li><strong>Inscripci\u00f3n:<\/strong> despu\u00e9s de su revisi\u00f3n gratuita del caso, podemos configurar su perfil de cliente y reunir cualquier informaci\u00f3n que ya tenga.<\/li>\n<li><strong>Comience Su Recuperaci\u00f3n:<\/strong> nosotros podemos tomar su caso desde aqu\u00ed y actualizarle a medida que progrese. Puede enfocarse en su salud mientras nos enfocamos en su caso.<\/li>\n<\/ul>\n<h2>Preguntas Legales Comunes<\/h2>\n\n                <div class=\"cw-accordion \" data-all-open=\"false\" data-accordion-enabled=\"true\">\n                    <div class=\"cw-accordion__wrapper\">\n                <div class=\"cw-accordion__item\"><button class=\"cw-accordion__item-title\" aria-expanded=\"false\" aria-controls=\"panel1\" id=\"accordion1\">\u00bfCu\u00e1nto tiempo tengo para presentar una demanda despu\u00e9s de un accidente de construcci\u00f3n?<\/button><div class=\"cw-accordion__item-content\" id=\"panel1\" role=\"region\" aria-labelledby=\"accordion1\"><p>Su tiempo para presentar una demanda por accidente de construcci\u00f3n est\u00e1 limitado por el\u00a0<a href=\"https:\/\/www.nycourts.gov\/courthelp\/goingtocourt\/SOLchart.shtml\" target=\"_blank\" rel=\"nofollow noopener noreferrer\">estatuto de limitaciones<\/a>. New York le da tres a\u00f1os desde la fecha del accidente para iniciar una demanda por lesiones personales. El estatuto de limitaciones es una fecha l\u00edmite inflexible. Si no presenta su demanda dentro del l\u00edmite de tiempo, se le prohibir\u00e1 recuperar compensaci\u00f3n.<\/p>\n<\/div><\/div><div class=\"cw-accordion__item\"><button class=\"cw-accordion__item-title\" aria-expanded=\"false\" aria-controls=\"panel2\" id=\"accordion2\">\u00bfQu\u00e9 da\u00f1os est\u00e1n disponibles para las v\u00edctimas de accidentes de construcci\u00f3n?<\/button><div class=\"cw-accordion__item-content\" id=\"panel2\" role=\"region\" aria-labelledby=\"accordion2\"><p>Hay dos tipos principales de\u00a0<a href=\"https:\/\/www.justia.com\/trials-litigation\/docs\/personal-injury-damages\/\" target=\"_blank\" rel=\"nofollow noopener noreferrer\">da\u00f1os<\/a>\u00a0disponibles para las v\u00edctimas de accidentes de construcci\u00f3n. Los da\u00f1os econ\u00f3micos cubren p\u00e9rdidas financieras, tales como gastos m\u00e9dicos, salarios perdidos y capacidad de ganancia disminuida. Los da\u00f1os no econ\u00f3micos cubren p\u00e9rdidas personales no monetarias relacionadas con el accidente. Estos incluyen dolor y sufrimiento, angustia emocional, cicatrices\/desfiguraci\u00f3n y p\u00e9rdida de consorcio. Casos raros pueden calificar para da\u00f1os punitivos, como incidentes donde la compa\u00f1\u00eda de construcci\u00f3n ignor\u00f3 las normas de seguridad.<\/p>\n<\/div><\/div><div class=\"cw-accordion__item\"><button class=\"cw-accordion__item-title\" aria-expanded=\"false\" aria-controls=\"panel3\" id=\"accordion3\">\u00bfCu\u00e1nto vale mi caso de accidente de construcci\u00f3n?<\/button><div class=\"cw-accordion__item-content\" id=\"panel3\" role=\"region\" aria-labelledby=\"accordion3\"><p>El valor de su caso depender\u00e1 de muchos factores diferentes. Sus da\u00f1os econ\u00f3micos, que son las p\u00e9rdidas financieras directas que ha sostenido en el accidente, constituir\u00e1n una gran parte de su compensaci\u00f3n. Estos da\u00f1os incluyen gastos m\u00e9dicos y salarios perdidos, entre otras cosas. Sus da\u00f1os no econ\u00f3micos, que representan las p\u00e9rdidas personales no financieras relacionadas con el accidente, tambi\u00e9n influir\u00e1n en el valor de su caso. Otros factores, como las coberturas de seguro disponibles y la culpa comparativa, tambi\u00e9n pueden afectar su premio.<\/p>\n<\/div><\/div><div class=\"cw-accordion__item\"><button class=\"cw-accordion__item-title\" aria-expanded=\"false\" aria-controls=\"panel4\" id=\"accordion4\">\u00bfPuedo recuperar da\u00f1os aunque se me culpe de un accidente de construcci\u00f3n?<\/button><div class=\"cw-accordion__item-content\" id=\"panel4\" role=\"region\" aria-labelledby=\"accordion4\"><p>S\u00ed. A\u00fan puede recuperar compensaci\u00f3n si se le culpa de un accidente de construcci\u00f3n. La compensaci\u00f3n de trabajadores es un sistema sin culpa. Si est\u00e1 buscando comp de trabajadores, puede recuperar beneficios independientemente de si tiene la culpa del accidente. Si est\u00e1 presentando una demanda de terceros y tiene parte de la culpa, las reglas de culpa comparativa pura de New York entrar\u00e1n en juego. En este caso, su compensaci\u00f3n se reducir\u00e1 para tener en cuenta su parte de la culpa por el accidente de construcci\u00f3n.<\/p>\n<\/div><\/div><div class=\"cw-accordion__item\"><button class=\"cw-accordion__item-title\" aria-expanded=\"false\" aria-controls=\"panel5\" id=\"accordion5\">\u00bfC\u00f3mo hago un informe de accidente de un accidente de construcci\u00f3n?<\/button><div class=\"cw-accordion__item-content\" id=\"panel5\" role=\"region\" aria-labelledby=\"accordion5\"><p>Si sufri\u00f3 lesiones en un accidente de construcci\u00f3n, debe reportar el accidente a su capataz o empleador, pero tambi\u00e9n hay otros pasos que debe tomar si espera recibir compensaci\u00f3n por su lesi\u00f3n. \u00a1Primero lo primero! Si ha resultado herido, busque atenci\u00f3n y cuidado m\u00e9dico inmediatamente. Si necesita una ambulancia, pida que llamen a una. Su capataz de construcci\u00f3n puede o no estar al tanto de su accidente. No asuma que recibieron noticias del incidente. Incluso si le inform\u00f3 verbalmente a su compa\u00f1ero de trabajo sobre esto, esta notificaci\u00f3n no siempre le ayudar\u00e1 si su empleador no tiene conocimiento real de su accidente de construcci\u00f3n. \u00bfQuiere aprender m\u00e1s sobre c\u00f3mo hacer un informe de accidente? Lea nuestro art\u00edculo completo aqu\u00ed.<\/p>\n<\/div><\/div><\/div><\/div>\n    <div class=\"cw-cta-box\">\n        <div class=\"cw-cta-box__inner \">\n            <div class=\"cw-cta-box__info\">\n                                    <div class=\"label\">\u00a1Llame ahora!<\/div>\n                            <\/div>\n                            <div class=\"contact-phone\">\n                    <a href=\"tel:7189939999\"\n                        aria-label=\"Tap to call button\">\n                        718-993-9999                    <\/a>\n                <\/div>\n                    <\/div>\n                    <a href=\"\/es\/contacto\/\"\n               class=\"cta-btn btn btn--primary btn\"\n               target=\"\">\n                Obtenga Una Consulta Gratuita            <\/a>\n            <\/div>\n    \n<h2>Conozca Sus Derechos Despu\u00e9s de Caer en un Sitio de Trabajo<\/h2>\n<p><img loading=\"lazy\" decoding=\"async\" class=\"size-full wp-image-11780 alignleft\" src=\"https:\/\/oreskylaw.com\/wp-content\/uploads\/2026\/01\/Who-Is-Liable-for-a-Crane-Accident-in-New-York.webp\" alt=\"bridge construction accident attorney bronx\" width=\"300\" height=\"200\" \/>Los trabajadores lesionados en el trabajo a veces piensan que no tienen otro recurso que la Compensaci\u00f3n de Trabajadores para un accidente y sus lesiones resultantes, pero este no siempre es el caso. La Ley Laboral de New York protege a los trabajadores de la construcci\u00f3n y aquellos que trabajan en oficios relacionados con la construcci\u00f3n, como trabajadores de demolici\u00f3n, manejadores de asbesto, pintores, carpinteros, electricistas, fontaneros y otros. Las Secciones 200, 240 y 241 de la Ley Laboral de New York proporcionan protecciones para aquellos que trabajan en la industria de la construcci\u00f3n y campos relacionados y otorgan a los trabajadores lesionados ciertos derechos para presentar una demanda y obtener compensaci\u00f3n a trav\u00e9s de procedimientos judiciales, incluido un juicio con jurado. Estas leyes responsabilizan a las compa\u00f1\u00edas de construcci\u00f3n, propietarios de propiedades y contratistas por proporcionar un ambiente de trabajo seguro. Bajo ciertas disposiciones de la Ley Laboral, si un propietario de propiedad o contratista es encontrado culpable, pueden ser responsables al 100% por el accidente, independientemente de la negligencia comparativa del trabajador (culpa parcial por el accidente). Si son encontrados responsables bajo las Leyes Laborales, los acusados pueden ser requeridos a pagar por el dolor y sufrimiento relacionado con el accidente de un trabajador, beneficios sindicales perdidos, salarios perdidos, tratamiento m\u00e9dico, as\u00ed como otros da\u00f1os, como la p\u00e9rdida de servicios de un c\u00f3nyuge.<\/p>\n<h2>Hable sobre Su Situaci\u00f3n con un Abogado de Accidentes Laborales<\/h2>\n<p>Si usted o un miembro de su familia fue lesionado debido a una ca\u00edda en un sitio de construcci\u00f3n, nuestros experimentados abogados de\u00a0<a href=\"https:\/\/oreskylaw.com\/es\/nyc\/abogados-de-compensacion-laboral\/\">lesiones laborales<\/a>\u00a0pueden ayudarle a comprender sus derechos y opciones. En Oresky &amp; Associates, nos enorgullecemos de proporcionar una representaci\u00f3n compasiva a cada cliente. Miembros de nuestro equipo son biling\u00fces en espa\u00f1ol para aquellos clientes y sus familias que prefieren hablar espa\u00f1ol. Ayudamos a trabajadores lesionados en el Bronx, Queens, Manhattan, Brooklyn y Staten Island, as\u00ed como en los condados de Nassau, Suffolk y Westchester. Ll\u00e1menos al\u00a0<a href=\"tel:+19295600687\">(929) 560-0687<\/a>\u00a0o\u00a0<a href=\"https:\/\/oreskylaw.com\/es\/contacto\/\">cont\u00e1ctenos\u00a0en l\u00ednea<\/a> para una cita gratuita con un abogado para discutir sus pr\u00f3ximos pasos.<\/p>\n","protected":false},"excerpt":{"rendered":"<p>Protegemos los Derechos de los Trabajadores Despu\u00e9s de una Ca\u00edda Las ca\u00eddas de escaleras, andamios, techos y otras \u00e1reas de trabajo son algunos de los tipos m\u00e1s comunes de accidentes en sitios de construcci\u00f3n en la ciudad de New York y en otros lugares de Estados Unidos. Abogados Experimentados en Accidentes de Construcci\u00f3n Las ca\u00eddas [&hellip;]<\/p>\n","protected":false},"author":9,"featured_media":0,"parent":18614,"menu_order":78,"comment_status":"closed","ping_status":"closed","template":"","meta":{"_acf_changed":false,"footnotes":""},"class_list":["post-19010","page","type-page","status-publish","hentry"],"acf":[],"yoast_head":"<!-- This site is optimized with the Yoast SEO plugin v27.3 - https:\/\/yoast.com\/product\/yoast-seo-wordpress\/ -->\n<title>Abogado de Accidentes de ca\u00eddas en construcci\u00f3n, NYC - Oresky &amp; Associates, PLLC<\/title>\n<meta name=\"description\" content=\"\u00bfLesionado por una ca\u00edda en una obra de construcci\u00f3n? Obtenga la ayuda legal experta que necesita. Contacte a nuestros abogados para una consulta gratuita.\" \/>\n<meta name=\"robots\" content=\"index, follow, max-snippet:-1, max-image-preview:large, max-video-preview:-1\" \/>\n<link rel=\"canonical\" href=\"https:\/\/oreskylaw.com\/es\/nyc\/abogados-de-accidentes-en-obras-de-construccion-en-nueva-york\/\" \/>\n<meta property=\"og:locale\" content=\"es_ES\" \/>\n<meta property=\"og:type\" content=\"article\" \/>\n<meta property=\"og:title\" content=\"Abogado de Accidentes de ca\u00eddas en construcci\u00f3n, NYC - Oresky &amp; Associates, PLLC\" \/>\n<meta property=\"og:description\" content=\"\u00bfLesionado por una ca\u00edda en una obra de construcci\u00f3n? Obtenga la ayuda legal experta que necesita. Contacte a nuestros abogados para una consulta gratuita.\" \/>\n<meta property=\"og:url\" content=\"https:\/\/oreskylaw.com\/es\/nyc\/abogados-de-accidentes-en-obras-de-construccion-en-nueva-york\/\" \/>\n<meta property=\"og:site_name\" content=\"Oresky &amp; Associates, PLLC\" \/>\n<meta property=\"article:publisher\" content=\"https:\/\/www.facebook.com\/Oreskylaw\/\" \/>\n<meta property=\"article:modified_time\" content=\"2026-01-31T08:02:53+00:00\" \/>\n<meta property=\"og:image\" content=\"https:\/\/oreskylaw.com\/wp-content\/uploads\/2026\/01\/Who-Is-Liable-for-a-Crane-Accident-in-New-York.webp\" \/>\n\t<meta property=\"og:image:width\" content=\"300\" \/>\n\t<meta property=\"og:image:height\" content=\"200\" \/>\n\t<meta property=\"og:image:type\" content=\"image\/webp\" \/>\n<meta name=\"twitter:card\" content=\"summary_large_image\" \/>\n<meta name=\"twitter:site\" content=\"@JacobOreskyLaw\" \/>\n<meta name=\"twitter:label1\" content=\"Tiempo de lectura\" \/>\n\t<meta name=\"twitter:data1\" content=\"5 minutos\" \/>\n<!-- \/ Yoast SEO plugin. -->","yoast_head_json":{"title":"Abogado de Accidentes de ca\u00eddas en construcci\u00f3n, NYC - Oresky & Associates, PLLC","description":"\u00bfLesionado por una ca\u00edda en una obra de construcci\u00f3n? Obtenga la ayuda legal experta que necesita. Contacte a nuestros abogados para una consulta gratuita.","robots":{"index":"index","follow":"follow","max-snippet":"max-snippet:-1","max-image-preview":"max-image-preview:large","max-video-preview":"max-video-preview:-1"},"canonical":"https:\/\/oreskylaw.com\/es\/nyc\/abogados-de-accidentes-en-obras-de-construccion-en-nueva-york\/","og_locale":"es_ES","og_type":"article","og_title":"Abogado de Accidentes de ca\u00eddas en construcci\u00f3n, NYC - Oresky & Associates, PLLC","og_description":"\u00bfLesionado por una ca\u00edda en una obra de construcci\u00f3n? Obtenga la ayuda legal experta que necesita. Contacte a nuestros abogados para una consulta gratuita.","og_url":"https:\/\/oreskylaw.com\/es\/nyc\/abogados-de-accidentes-en-obras-de-construccion-en-nueva-york\/","og_site_name":"Oresky &amp; Associates, PLLC","article_publisher":"https:\/\/www.facebook.com\/Oreskylaw\/","article_modified_time":"2026-01-31T08:02:53+00:00","og_image":[{"width":300,"height":200,"url":"https:\/\/oreskylaw.com\/wp-content\/uploads\/2026\/01\/Who-Is-Liable-for-a-Crane-Accident-in-New-York.webp","type":"image\/webp"}],"twitter_card":"summary_large_image","twitter_site":"@JacobOreskyLaw","twitter_misc":{"Tiempo de lectura":"5 minutos"},"schema":{"@context":"https:\/\/schema.org","@graph":[{"@type":"WebPage","@id":"https:\/\/oreskylaw.com\/es\/nyc\/abogados-de-accidentes-en-obras-de-construccion-en-nueva-york\/","url":"https:\/\/oreskylaw.com\/es\/nyc\/abogados-de-accidentes-en-obras-de-construccion-en-nueva-york\/","name":"Abogado de Accidentes de ca\u00eddas en construcci\u00f3n, NYC - Oresky & Associates, PLLC","isPartOf":{"@id":"https:\/\/oreskylaw.com\/es\/#website"},"primaryImageOfPage":{"@id":"https:\/\/oreskylaw.com\/es\/nyc\/abogados-de-accidentes-en-obras-de-construccion-en-nueva-york\/#primaryimage"},"image":{"@id":"https:\/\/oreskylaw.com\/es\/nyc\/abogados-de-accidentes-en-obras-de-construccion-en-nueva-york\/#primaryimage"},"thumbnailUrl":"https:\/\/oreskylaw.com\/wp-content\/uploads\/2026\/01\/Who-Is-Liable-for-a-Crane-Accident-in-New-York.webp","datePublished":"2025-12-09T08:14:54+00:00","dateModified":"2026-01-31T08:02:53+00:00","description":"\u00bfLesionado por una ca\u00edda en una obra de construcci\u00f3n? Obtenga la ayuda legal experta que necesita. Contacte a nuestros abogados para una consulta gratuita.","breadcrumb":{"@id":"https:\/\/oreskylaw.com\/es\/nyc\/abogados-de-accidentes-en-obras-de-construccion-en-nueva-york\/#breadcrumb"},"inLanguage":"es","potentialAction":[{"@type":"ReadAction","target":["https:\/\/oreskylaw.com\/es\/nyc\/abogados-de-accidentes-en-obras-de-construccion-en-nueva-york\/"]}]},{"@type":"ImageObject","inLanguage":"es","@id":"https:\/\/oreskylaw.com\/es\/nyc\/abogados-de-accidentes-en-obras-de-construccion-en-nueva-york\/#primaryimage","url":"https:\/\/oreskylaw.com\/wp-content\/uploads\/2026\/01\/Who-Is-Liable-for-a-Crane-Accident-in-New-York.webp","contentUrl":"https:\/\/oreskylaw.com\/wp-content\/uploads\/2026\/01\/Who-Is-Liable-for-a-Crane-Accident-in-New-York.webp"},{"@type":"BreadcrumbList","@id":"https:\/\/oreskylaw.com\/es\/nyc\/abogados-de-accidentes-en-obras-de-construccion-en-nueva-york\/#breadcrumb","itemListElement":[{"@type":"ListItem","position":1,"name":"Inicio","item":"https:\/\/oreskylaw.com\/es\/"},{"@type":"ListItem","position":2,"name":"New York","item":"https:\/\/oreskylaw.com\/es\/nyc\/"},{"@type":"ListItem","position":3,"name":"Sitios de construcci\u00f3n con ca\u00eddas"}]},{"@type":"WebSite","@id":"https:\/\/oreskylaw.com\/es\/#website","url":"https:\/\/oreskylaw.com\/es\/","name":"Oresky & Associates PLLC","description":"","publisher":{"@id":"https:\/\/oreskylaw.com\/es\/#organization"},"potentialAction":[{"@type":"SearchAction","target":{"@type":"EntryPoint","urlTemplate":"https:\/\/oreskylaw.com\/es\/?s={search_term_string}"},"query-input":{"@type":"PropertyValueSpecification","valueRequired":true,"valueName":"search_term_string"}}],"inLanguage":"es"}]}},"_links":{"self":[{"href":"https:\/\/oreskylaw.com\/es\/wp-json\/wp\/v2\/pages\/19010","targetHints":{"allow":["GET"]}}],"collection":[{"href":"https:\/\/oreskylaw.com\/es\/wp-json\/wp\/v2\/pages"}],"about":[{"href":"https:\/\/oreskylaw.com\/es\/wp-json\/wp\/v2\/types\/page"}],"author":[{"embeddable":true,"href":"https:\/\/oreskylaw.com\/es\/wp-json\/wp\/v2\/users\/9"}],"replies":[{"embeddable":true,"href":"https:\/\/oreskylaw.com\/es\/wp-json\/wp\/v2\/comments?post=19010"}],"version-history":[{"count":0,"href":"https:\/\/oreskylaw.com\/es\/wp-json\/wp\/v2\/pages\/19010\/revisions"}],"up":[{"embeddable":true,"href":"https:\/\/oreskylaw.com\/es\/wp-json\/wp\/v2\/pages\/18614"}],"wp:attachment":[{"href":"https:\/\/oreskylaw.com\/es\/wp-json\/wp\/v2\/media?parent=19010"}],"curies":[{"name":"wp","href":"https:\/\/api.w.org\/{rel}","templated":true}]}}