{"id":19024,"date":"2025-12-09T08:15:22","date_gmt":"2025-12-09T08:15:22","guid":{"rendered":"https:\/\/oreskylaw.com\/?page_id=19024"},"modified":"2026-01-31T08:05:59","modified_gmt":"2026-01-31T08:05:59","slug":"abogados-de-accidentes-de-montacargas","status":"publish","type":"page","link":"https:\/\/oreskylaw.com\/es\/nyc\/abogados-de-accidentes-de-montacargas\/","title":{"rendered":"Accidentes de Montacargas"},"content":{"rendered":"<h2>M\u00e1s de 30 a\u00f1os luchando por los derechos de las v\u00edctimas de accidentes<\/h2>\n<p>Si usted sufri\u00f3 lesiones en un accidente de construcci\u00f3n Queens, Bronx o Brooklyn que implica una montacargas, que puede ser capaz de ayudarle a perseguir da\u00f1os monetarios.<\/p>\n<h3>Luchamos por los derechos de las personas heridas en accidentes<\/h3>\n<p>Si usted sufri\u00f3 lesiones en un accidente de construcci\u00f3n Queens, Bronx o Brooklyn que implica una carretilla elevadora, que puede ser capaz de ayudarle a perseguir da\u00f1os monetarios. El equipo de Oresky &amp; Associates, PLLC pueden presentar una demanda civil en su nombre y luchar por la compensaci\u00f3n que merece. Nuestros\u00a0<strong>accidente con un montacargas abogados<\/strong>\u00a0en la ciudad de New York han pasado m\u00e1s de 30 a\u00f1os luchando por las v\u00edctimas de accidentes de New York.<\/p>\n<p>Ofrecemos revisiones de casos libres y manejar estos casos en base a resultados. Ll\u00e1menos al\u00a0<a href=\"tel:+19295600687\">(929) 560-0687<\/a>\u00a0para su consulta gratuita. Un representante est\u00e1 disponible 24\/7 para discutir su caso con usted.<\/p>\n<h2>Deje que nuestros abogados ejercen una compensaci\u00f3n por sus da\u00f1os Carretilla elevadora de accidentes<\/h2>\n<p>Oresky &amp; Associates, PLLC puede luchar para proteger sus derechos y llevar a cabo los da\u00f1os monetarios para cubrir todos sus gastos y p\u00e9rdidas relacionados con el accidente. La ley nos proh\u00edbe de tomar acciones legales contra su empleador, pero podemos considerar la negligencia, leyes estatales de New York, y otros factores que podr\u00edan nos permitir\u00e1 detener el propietario del sitio de construcci\u00f3n, el propietario construcci\u00f3n o contratista general responsable de su accidente y lesiones.<\/p>\n<p>Si usted sufri\u00f3 lesiones en un accidente con un montacargas mientras trabajaba en una obra de construcci\u00f3n de New York, nuestro equipo buscar\u00e1 da\u00f1os del dinero para su dolor pasado y el futuro y el sufrimiento, salarios perdidos, y mucho m\u00e1s. Sabemos lo que se necesita para construir un caso s\u00f3lido y ganar un premio.<\/p>\n<h2>Como un caso enfoque Nuestro abogado de accidentes de la carretilla elevadora<\/h2>\n<p>Nuestro equipo cuenta con casi tres d\u00e9cadas de experiencia en el manejo de casos de accidentes y que luchan por los derechos de los trabajadores lesionados. Nuestro conocimiento y experiencia han ayudado a miles de clientes a obtener la compensaci\u00f3n que merecen, y que pueden ser capaces de ayudar a usted, tambi\u00e9n.<\/p>\n<ul>\n<li><strong>Evaluaci\u00f3n gratuita de casos:\u00a0<\/strong>Llame a nuestra oficina, env\u00edenos un correo electr\u00f3nico, o converse con nosotros en l\u00ednea para recibir una evaluaci\u00f3n gratuita de su caso.<\/li>\n<li><strong>Inscr\u00edbase:\u00a0<\/strong>Luego de la revisi\u00f3n gratuita a su caso, podemos crear su perfil de cliente y recopilar la informaci\u00f3n que usted disponga.<\/li>\n<li><strong>Inicie su recuperaci\u00f3n:<\/strong>\u00a0Nos hacemos cargo de su caso, actualiz\u00e1ndole en la medida que avanza. Usted puede concentrarse en su salud a la par que nos enfocamos en su caso.<\/li>\n<\/ul>\n<h2>Hemos ganado veredictos para nuestros clientes<\/h2>\n<p>Nuestro equipo cuenta con casi tres d\u00e9cadas de experiencia en la lucha por el mejor inter\u00e9s de New York a las v\u00edctimas de accidentes de construcci\u00f3n, incluidos los heridos en accidentes de montacargas. En general, hemos ayudado a nuestros clientes a recuperar m\u00e1s de $ 300 millones en los casos de accidentes. Algunos premios recientes de accidentes de construcci\u00f3n y asentamientos incluyen:<\/p>\n<ul>\n<li>$ 18 de millones recuperados para un trabajador que sufri\u00f3 lesiones al caer de un andamio mientras trabajaba en la elevaci\u00f3n<\/li>\n<li>$ 7.5 millones de acuerdo de soluci\u00f3n para un trabajador que se cay\u00f3 de un puente de acera elevada<\/li>\n<li>$ 6.6 millones para un herrero que sufri\u00f3 lesiones en un sitio de construcci\u00f3n NYC<\/li>\n<li>$ 6 millones recaudados para un trabajador que sufri\u00f3 heridas graves en una ca\u00edda emplazamiento de la obra<\/li>\n<li>$ 6 millones recuperados para un trabajador de la construcci\u00f3n que sufri\u00f3 heridas en un accidente de escalera<\/li>\n<li>$ 5 millones otorgados a un trabajador de demolici\u00f3n herido en un sitio de trabajo<\/li>\n<\/ul>\n    <div class=\"cw-cta-box\">\n        <div class=\"cw-cta-box__inner \">\n            <div class=\"cw-cta-box__info\">\n                                    <div class=\"label\">\u00a1Llame ahora!<\/div>\n                            <\/div>\n                            <div class=\"contact-phone\">\n                    <a href=\"tel:7189939999\"\n                        aria-label=\"Tap to call button\">\n                        718-993-9999                    <\/a>\n                <\/div>\n                    <\/div>\n                    <a href=\"\/es\/contacto\/\"\n               class=\"cta-btn btn btn--primary btn\"\n               target=\"\">\n                Obtenga Una Consulta Gratuita            <\/a>\n            <\/div>\n    \n<h2>Manejamos Accidentes de New York elevadoras y muchos otros casos Construcci\u00f3n de Accidentes<\/h2>\n<p><img loading=\"lazy\" decoding=\"async\" class=\"size-full wp-image-15081 alignright\" src=\"https:\/\/oreskylaw.com\/wp-content\/uploads\/2026\/01\/Oresky-Associates-slip-and-fall-lawyers-in-BRONX-near-you.webp\" alt=\"construction accident attorney Bronx NY\" width=\"300\" height=\"140\" \/>Si usted o un ser querido lesiones sufridas en cualquier tipo de Queens, Bronx o Brooklyn caso de accidente de construcci\u00f3n, nos dan una llamada. Vamos a revisar su caso y explicar si se puede emprender acciones legales.<\/p>\n<p>Ll\u00e1menos al\u00a0<a href=\"tel:+19295600687\">(929) 560-0687<\/a>\u00a0para una consulta gratis. Podemos ser capaces de perseguir da\u00f1os del dinero en su nombre.<\/p>\n<h2>Ley Hoy antes de perder su oportunidad<\/h2>\n<p>l\u00edmites de la ley de New York cu\u00e1nto tiempo tenemos que tomar acciones legales para obtener una indemnizaci\u00f3n por sus gastos y p\u00e9rdidas. Es importante para nosotros para ir a trabajar en su caso tan pronto como sea posible despu\u00e9s de sufrir sus lesiones.<\/p>\n<p>Podemos identificar la parte responsable, construir una caja fuerte, y las acciones civiles. En algunos casos, podemos ser capaces de llegar a un acuerdo fuera de la cancha, pero no vamos a dudar en llevar su caso a los tribunales si es necesario.<\/p>\n","protected":false},"excerpt":{"rendered":"<p>M\u00e1s de 30 a\u00f1os luchando por los derechos de las v\u00edctimas de accidentes Si usted sufri\u00f3 lesiones en un accidente de construcci\u00f3n Queens, Bronx o Brooklyn que implica una montacargas, que puede ser capaz de ayudarle a perseguir da\u00f1os monetarios. Luchamos por los derechos de las personas heridas en accidentes Si usted sufri\u00f3 lesiones en [&hellip;]<\/p>\n","protected":false},"author":9,"featured_media":0,"parent":18614,"menu_order":79,"comment_status":"closed","ping_status":"closed","template":"","meta":{"_acf_changed":false,"footnotes":""},"class_list":["post-19024","page","type-page","status-publish","hentry"],"acf":[],"yoast_head":"<!-- This site is optimized with the Yoast SEO plugin v27.3 - https:\/\/yoast.com\/product\/yoast-seo-wordpress\/ -->\n<title>Abogado de Accidentes de Montacargas, NYC - Oresky &amp; Associates, PLLC<\/title>\n<meta name=\"description\" content=\"Los accidentes de montacargas pueden provocar lesiones graves. Permita que nuestros abogados en NY le ayuden a maximizar su compensaci\u00f3n. Cont\u00e1ctenos hoy.\" \/>\n<meta name=\"robots\" content=\"index, follow, max-snippet:-1, max-image-preview:large, max-video-preview:-1\" \/>\n<link rel=\"canonical\" href=\"https:\/\/oreskylaw.com\/es\/nyc\/abogados-de-accidentes-de-montacargas\/\" \/>\n<meta property=\"og:locale\" content=\"es_ES\" \/>\n<meta property=\"og:type\" content=\"article\" \/>\n<meta property=\"og:title\" content=\"Abogado de Accidentes de Montacargas, NYC - Oresky &amp; Associates, PLLC\" \/>\n<meta property=\"og:description\" content=\"Los accidentes de montacargas pueden provocar lesiones graves. Permita que nuestros abogados en NY le ayuden a maximizar su compensaci\u00f3n. Cont\u00e1ctenos hoy.\" \/>\n<meta property=\"og:url\" content=\"https:\/\/oreskylaw.com\/es\/nyc\/abogados-de-accidentes-de-montacargas\/\" \/>\n<meta property=\"og:site_name\" content=\"Oresky &amp; Associates, PLLC\" \/>\n<meta property=\"article:publisher\" content=\"https:\/\/www.facebook.com\/Oreskylaw\/\" \/>\n<meta property=\"article:modified_time\" content=\"2026-01-31T08:05:59+00:00\" \/>\n<meta property=\"og:image\" content=\"https:\/\/oreskylaw.com\/wp-content\/uploads\/2026\/01\/Oresky-Associates-slip-and-fall-lawyers-in-BRONX-near-you.webp\" \/>\n\t<meta property=\"og:image:width\" content=\"300\" \/>\n\t<meta property=\"og:image:height\" content=\"140\" \/>\n\t<meta property=\"og:image:type\" content=\"image\/webp\" \/>\n<meta name=\"twitter:card\" content=\"summary_large_image\" \/>\n<meta name=\"twitter:site\" content=\"@JacobOreskyLaw\" \/>\n<meta name=\"twitter:label1\" content=\"Tiempo de lectura\" \/>\n\t<meta name=\"twitter:data1\" content=\"4 minutos\" \/>\n<!-- \/ Yoast SEO plugin. -->","yoast_head_json":{"title":"Abogado de Accidentes de Montacargas, NYC - Oresky & Associates, PLLC","description":"Los accidentes de montacargas pueden provocar lesiones graves. Permita que nuestros abogados en NY le ayuden a maximizar su compensaci\u00f3n. Cont\u00e1ctenos hoy.","robots":{"index":"index","follow":"follow","max-snippet":"max-snippet:-1","max-image-preview":"max-image-preview:large","max-video-preview":"max-video-preview:-1"},"canonical":"https:\/\/oreskylaw.com\/es\/nyc\/abogados-de-accidentes-de-montacargas\/","og_locale":"es_ES","og_type":"article","og_title":"Abogado de Accidentes de Montacargas, NYC - Oresky & Associates, PLLC","og_description":"Los accidentes de montacargas pueden provocar lesiones graves. Permita que nuestros abogados en NY le ayuden a maximizar su compensaci\u00f3n. Cont\u00e1ctenos hoy.","og_url":"https:\/\/oreskylaw.com\/es\/nyc\/abogados-de-accidentes-de-montacargas\/","og_site_name":"Oresky &amp; Associates, PLLC","article_publisher":"https:\/\/www.facebook.com\/Oreskylaw\/","article_modified_time":"2026-01-31T08:05:59+00:00","og_image":[{"width":300,"height":140,"url":"https:\/\/oreskylaw.com\/wp-content\/uploads\/2026\/01\/Oresky-Associates-slip-and-fall-lawyers-in-BRONX-near-you.webp","type":"image\/webp"}],"twitter_card":"summary_large_image","twitter_site":"@JacobOreskyLaw","twitter_misc":{"Tiempo de lectura":"4 minutos"},"schema":{"@context":"https:\/\/schema.org","@graph":[{"@type":"WebPage","@id":"https:\/\/oreskylaw.com\/es\/nyc\/abogados-de-accidentes-de-montacargas\/","url":"https:\/\/oreskylaw.com\/es\/nyc\/abogados-de-accidentes-de-montacargas\/","name":"Abogado de Accidentes de Montacargas, NYC - Oresky & Associates, PLLC","isPartOf":{"@id":"https:\/\/oreskylaw.com\/es\/#website"},"primaryImageOfPage":{"@id":"https:\/\/oreskylaw.com\/es\/nyc\/abogados-de-accidentes-de-montacargas\/#primaryimage"},"image":{"@id":"https:\/\/oreskylaw.com\/es\/nyc\/abogados-de-accidentes-de-montacargas\/#primaryimage"},"thumbnailUrl":"https:\/\/oreskylaw.com\/wp-content\/uploads\/2026\/01\/Oresky-Associates-slip-and-fall-lawyers-in-BRONX-near-you.webp","datePublished":"2025-12-09T08:15:22+00:00","dateModified":"2026-01-31T08:05:59+00:00","description":"Los accidentes de montacargas pueden provocar lesiones graves. Permita que nuestros abogados en NY le ayuden a maximizar su compensaci\u00f3n. Cont\u00e1ctenos hoy.","breadcrumb":{"@id":"https:\/\/oreskylaw.com\/es\/nyc\/abogados-de-accidentes-de-montacargas\/#breadcrumb"},"inLanguage":"es","potentialAction":[{"@type":"ReadAction","target":["https:\/\/oreskylaw.com\/es\/nyc\/abogados-de-accidentes-de-montacargas\/"]}]},{"@type":"ImageObject","inLanguage":"es","@id":"https:\/\/oreskylaw.com\/es\/nyc\/abogados-de-accidentes-de-montacargas\/#primaryimage","url":"https:\/\/oreskylaw.com\/wp-content\/uploads\/2026\/01\/Oresky-Associates-slip-and-fall-lawyers-in-BRONX-near-you.webp","contentUrl":"https:\/\/oreskylaw.com\/wp-content\/uploads\/2026\/01\/Oresky-Associates-slip-and-fall-lawyers-in-BRONX-near-you.webp"},{"@type":"BreadcrumbList","@id":"https:\/\/oreskylaw.com\/es\/nyc\/abogados-de-accidentes-de-montacargas\/#breadcrumb","itemListElement":[{"@type":"ListItem","position":1,"name":"Inicio","item":"https:\/\/oreskylaw.com\/es\/"},{"@type":"ListItem","position":2,"name":"New York","item":"https:\/\/oreskylaw.com\/es\/nyc\/"},{"@type":"ListItem","position":3,"name":"Accidentes de Montacargas"}]},{"@type":"WebSite","@id":"https:\/\/oreskylaw.com\/es\/#website","url":"https:\/\/oreskylaw.com\/es\/","name":"Oresky & Associates PLLC","description":"","publisher":{"@id":"https:\/\/oreskylaw.com\/es\/#organization"},"potentialAction":[{"@type":"SearchAction","target":{"@type":"EntryPoint","urlTemplate":"https:\/\/oreskylaw.com\/es\/?s={search_term_string}"},"query-input":{"@type":"PropertyValueSpecification","valueRequired":true,"valueName":"search_term_string"}}],"inLanguage":"es"}]}},"_links":{"self":[{"href":"https:\/\/oreskylaw.com\/es\/wp-json\/wp\/v2\/pages\/19024","targetHints":{"allow":["GET"]}}],"collection":[{"href":"https:\/\/oreskylaw.com\/es\/wp-json\/wp\/v2\/pages"}],"about":[{"href":"https:\/\/oreskylaw.com\/es\/wp-json\/wp\/v2\/types\/page"}],"author":[{"embeddable":true,"href":"https:\/\/oreskylaw.com\/es\/wp-json\/wp\/v2\/users\/9"}],"replies":[{"embeddable":true,"href":"https:\/\/oreskylaw.com\/es\/wp-json\/wp\/v2\/comments?post=19024"}],"version-history":[{"count":0,"href":"https:\/\/oreskylaw.com\/es\/wp-json\/wp\/v2\/pages\/19024\/revisions"}],"up":[{"embeddable":true,"href":"https:\/\/oreskylaw.com\/es\/wp-json\/wp\/v2\/pages\/18614"}],"wp:attachment":[{"href":"https:\/\/oreskylaw.com\/es\/wp-json\/wp\/v2\/media?parent=19024"}],"curies":[{"name":"wp","href":"https:\/\/api.w.org\/{rel}","templated":true}]}}