{"id":19036,"date":"2025-12-09T08:15:47","date_gmt":"2025-12-09T08:15:47","guid":{"rendered":"https:\/\/oreskylaw.com\/?page_id=19036"},"modified":"2026-01-31T08:07:05","modified_gmt":"2026-01-31T08:07:05","slug":"abogados-de-accidentes-de-polipastos","status":"publish","type":"page","link":"https:\/\/oreskylaw.com\/es\/nyc\/abogados-de-accidentes-de-polipastos\/","title":{"rendered":"Accidentes relacionados con polipastos"},"content":{"rendered":"<h2>Si usted ha sido herido que cae de un polipasto, podemos ayudar<\/h2>\n<p>Inadecuadamente montacargas mantenidos o utilizados pueden ser la causa de graves accidentes en el lugar de trabajo.<\/p>\n<h3>En representaci\u00f3n de Trabajo Lesiones personas heridas en lugares de trabajo en el Bronx, Queens Abogados, y NYC Metro Area<\/h3>\n<p>Los polipastos se utilizan en toda la Ciudad de New York en las obras de construcci\u00f3n para levantar y para las personas de menores, materiales y equipos. Inadecuadamente montacargas mantenidos o utilizados pueden ser la causa de graves accidentes en el lugar de trabajo. Las cargas pesadas pueden caer accidentalmente sobre los trabajadores, mal elevadores instalados pueden colapsar y sobrecargados polipastos pueden romperse y causar lesiones graves. Si usted es una v\u00edctima que ha sido lesionado en un accidente de montacargas, usted puede tener derecho a una indemnizaci\u00f3n, adem\u00e1s de beneficios de compensaci\u00f3n laboral bajo las leyes del Estado de New York. v\u00edctimas de accidentes de elevaci\u00f3n deben llegar a un abogado de accidente de construcci\u00f3n especializada Queens Bronx o tan pronto como sea posible para determinar el alcance completo de sus opciones. En Oresky &amp; Associates, PLLC, que pueden investigar a fondo los acontecimientos que condujeron a sus lesiones y determinar si tiene derecho a realizar una reclamaci\u00f3n bajo la Ley del Trabajo del Estado de New York. La Ley del trabajo proporciona un amplio alcance de las protecciones para los que trabajan en la construcci\u00f3n y oficios relacionados. Nuestra firma se compromete a proporcionar a cada cliente con la representaci\u00f3n personalizada y compasiva.<\/p>\n<h2>\u00bfQu\u00e9 hacer si usted ha sido herido en un alzamiento de accidentes<\/h2>\n<p>Montacargas proporcionar una manera de levantar o bajar cargas pesadas en\u00a0<a href=\"https:\/\/oreskylaw.com\/es\/ubicaciones\/\">ubicaciones<\/a>\u00a0precisas en un sitio de construcci\u00f3n. Si una carga est\u00e1 asegurada indebidamente en un elevador de la carga podr\u00eda caer golpeando un trabajador cercano. Un trabajador golpeado por una ca\u00edda de la carga, pieza de equipo, o el polipasto en s\u00ed mismo puede sufrir graves consecuencias incluyendo lesiones en el cuello o en la espalda, lesiones cerebrales traum\u00e1ticas, fracturas y muchos otros tipos de graves lesiones incapacitantes. accidentes de elevaci\u00f3n no son infrecuentes. Cualquier fallo en la cadena, cable, instalaci\u00f3n o forma en que la carga fue asegurado puede dar lugar a accidentes graves, algunos de los cuales incluso pueden resultar fatales. La inspecci\u00f3n de polipastos de construcci\u00f3n es fundamental para la seguridad. Un elevador que no se mantiene adecuadamente puede ser extremadamente peligroso.<\/p>\n<h2>Un R\u00e9cord de \u00e9xito basado en el trabajo duro y la dedicaci\u00f3n<\/h2>\n<p>Cuando se trata de litigios, no hay tiempo que perder. Una vez llame a nuestra oficina, podemos comenzar a construir su caso en la b\u00fasqueda de su compensaci\u00f3n. En tres cortos pasos, su camino legal puede empezar hoy.<\/p>\n<ul>\n<li><strong>Evaluaci\u00f3n gratuita de casos:\u00a0<\/strong>Llame a nuestra oficina, env\u00edenos un correo electr\u00f3nico, o converse con nosotros en l\u00ednea para recibir una evaluaci\u00f3n gratuita de su caso.<\/li>\n<li><strong>Inscr\u00edbase:\u00a0<\/strong>Luego de la revisi\u00f3n gratuita a su caso, podemos crear su perfil de cliente y recopilar la informaci\u00f3n que usted disponga.<\/li>\n<li><strong>Inicie su recuperaci\u00f3n:\u00a0<\/strong>Nos hacemos cargo de su caso, actualiz\u00e1ndole en la medida que avanza. Usted puede concentrarse en su salud a la par que nos enfocamos en su caso.<\/li>\n<\/ul>\n    <div class=\"cw-cta-box\">\n        <div class=\"cw-cta-box__inner \">\n            <div class=\"cw-cta-box__info\">\n                                    <div class=\"label\">\u00a1Llame ahora!<\/div>\n                            <\/div>\n                            <div class=\"contact-phone\">\n                    <a href=\"tel:7189939999\"\n                        aria-label=\"Tap to call button\">\n                        718-993-9999                    <\/a>\n                <\/div>\n                    <\/div>\n                    <a href=\"\/es\/contacto\/\"\n               class=\"cta-btn btn btn--primary btn\"\n               target=\"\">\n                Obtenga Una Consulta Gratuita            <\/a>\n            <\/div>\n    \n<h2>C\u00f3mo protegemos sus derechos despu\u00e9s de un accidente<\/h2>\n<p><img loading=\"lazy\" decoding=\"async\" class=\"size-full wp-image-14721 alignleft\" src=\"https:\/\/oreskylaw.com\/wp-content\/uploads\/2026\/01\/Types-of-Personal-Injury-Cases-We-Handle-in-The-Bronx-New-York.webp\" alt=\"construction accident attorney Bronx NY\" width=\"300\" height=\"206\" \/>Secciones 200, 240 y 241 de los trabajadores de la construcci\u00f3n protege el derecho del Trabajo del Estado de New York involucrados en un accidente laboral en muchas situaciones. Estas leyes les dan derecho a presentar una demanda y obtener una compensaci\u00f3n a trav\u00e9s de los tribunales, adem\u00e1s de Compensaci\u00f3n para Trabajadores. Cuando se rompe un montacargas o se usa incorrectamente y causa lesiones a un trabajador del accidente puede caer bajo la Ley del Trabajo 240 (1), que se establezca un r\u00e9gimen de absoluta contra el propietario y el contratista. Demostrando responsabilidad y determinar la responsabilidad por el trabajador lesionado puede ser muy complejo y elegir al abogado adecuado para representar sus intereses legales es muy importante.<\/p>\n<p>Para establecer la responsabilidad, el trabajador no tiene que probar que el propietario o el contratista fue descuidada o la intenci\u00f3n de causar da\u00f1o. S\u00f3lo tienen que demostrar que el acusado no pudo proporcionar la protecci\u00f3n requerida por la Secci\u00f3n 240, y este fracaso fue una causa directa del accidente del trabajador y las lesiones resultantes. Por ejemplo, si un trabajador se lesiona como resultado de los materiales que se estaban izadas ca\u00edda, para que los trabajadores tendr\u00eda un fuerte caso bajo la Secci\u00f3n 240. Si la responsabilidad se encuentra bajo la Ley del Trabajo, se requerir\u00e1 que los propietarios y contratistas a pagar por un de los trabajadores da\u00f1os relacionados con el accidente, como el dolor y el sufrimiento, los beneficios de la uni\u00f3n perdi\u00f3, salarios perdidos, y el tratamiento m\u00e9dico. Es importante tener en cuenta que la compensaci\u00f3n de los trabajadores no tiene en cuenta muchos de estos costos y da\u00f1os, por lo que presenta una demanda en virtud de la ley de trabajo puede hacer una gran diferencia con respecto a un trabajador si es aplicable.<\/p>\n","protected":false},"excerpt":{"rendered":"<p>Si usted ha sido herido que cae de un polipasto, podemos ayudar Inadecuadamente montacargas mantenidos o utilizados pueden ser la causa de graves accidentes en el lugar de trabajo. En representaci\u00f3n de Trabajo Lesiones personas heridas en lugares de trabajo en el Bronx, Queens Abogados, y NYC Metro Area Los polipastos se utilizan en toda [&hellip;]<\/p>\n","protected":false},"author":9,"featured_media":0,"parent":18614,"menu_order":80,"comment_status":"closed","ping_status":"closed","template":"","meta":{"_acf_changed":false,"footnotes":""},"class_list":["post-19036","page","type-page","status-publish","hentry"],"acf":[],"yoast_head":"<!-- This site is optimized with the Yoast SEO plugin v27.3 - https:\/\/yoast.com\/product\/yoast-seo-wordpress\/ -->\n<title>Abogado de Accidentes con polipastos, NYC - Oresky &amp; Associates, PLLC<\/title>\n<meta name=\"description\" content=\"\u00bfLesionado en un accidente con polipastos? Nuestros abogados en NYC luchar\u00e1n para obtener compensaci\u00f3n. Contacte a Oresky &amp; Associates, PLLC para una consulta.\" \/>\n<meta name=\"robots\" content=\"index, follow, max-snippet:-1, max-image-preview:large, max-video-preview:-1\" \/>\n<link rel=\"canonical\" href=\"https:\/\/oreskylaw.com\/es\/nyc\/abogados-de-accidentes-de-polipastos\/\" \/>\n<meta property=\"og:locale\" content=\"es_ES\" \/>\n<meta property=\"og:type\" content=\"article\" \/>\n<meta property=\"og:title\" content=\"Abogado de Accidentes con polipastos, NYC - Oresky &amp; Associates, PLLC\" \/>\n<meta property=\"og:description\" content=\"\u00bfLesionado en un accidente con polipastos? Nuestros abogados en NYC luchar\u00e1n para obtener compensaci\u00f3n. Contacte a Oresky &amp; Associates, PLLC para una consulta.\" \/>\n<meta property=\"og:url\" content=\"https:\/\/oreskylaw.com\/es\/nyc\/abogados-de-accidentes-de-polipastos\/\" \/>\n<meta property=\"og:site_name\" content=\"Oresky &amp; Associates, PLLC\" \/>\n<meta property=\"article:publisher\" content=\"https:\/\/www.facebook.com\/Oreskylaw\/\" \/>\n<meta property=\"article:modified_time\" content=\"2026-01-31T08:07:05+00:00\" \/>\n<meta property=\"og:image\" content=\"https:\/\/oreskylaw.com\/wp-content\/uploads\/2026\/01\/Types-of-Personal-Injury-Cases-We-Handle-in-The-Bronx-New-York.webp\" \/>\n\t<meta property=\"og:image:width\" content=\"300\" \/>\n\t<meta property=\"og:image:height\" content=\"206\" \/>\n\t<meta property=\"og:image:type\" content=\"image\/webp\" \/>\n<meta name=\"twitter:card\" content=\"summary_large_image\" \/>\n<meta name=\"twitter:site\" content=\"@JacobOreskyLaw\" \/>\n<meta name=\"twitter:label1\" content=\"Tiempo de lectura\" \/>\n\t<meta name=\"twitter:data1\" content=\"4 minutos\" \/>\n<!-- \/ Yoast SEO plugin. -->","yoast_head_json":{"title":"Abogado de Accidentes con polipastos, NYC - Oresky & Associates, PLLC","description":"\u00bfLesionado en un accidente con polipastos? Nuestros abogados en NYC luchar\u00e1n para obtener compensaci\u00f3n. Contacte a Oresky & Associates, PLLC para una consulta.","robots":{"index":"index","follow":"follow","max-snippet":"max-snippet:-1","max-image-preview":"max-image-preview:large","max-video-preview":"max-video-preview:-1"},"canonical":"https:\/\/oreskylaw.com\/es\/nyc\/abogados-de-accidentes-de-polipastos\/","og_locale":"es_ES","og_type":"article","og_title":"Abogado de Accidentes con polipastos, NYC - Oresky & Associates, PLLC","og_description":"\u00bfLesionado en un accidente con polipastos? Nuestros abogados en NYC luchar\u00e1n para obtener compensaci\u00f3n. Contacte a Oresky & Associates, PLLC para una consulta.","og_url":"https:\/\/oreskylaw.com\/es\/nyc\/abogados-de-accidentes-de-polipastos\/","og_site_name":"Oresky &amp; Associates, PLLC","article_publisher":"https:\/\/www.facebook.com\/Oreskylaw\/","article_modified_time":"2026-01-31T08:07:05+00:00","og_image":[{"width":300,"height":206,"url":"https:\/\/oreskylaw.com\/wp-content\/uploads\/2026\/01\/Types-of-Personal-Injury-Cases-We-Handle-in-The-Bronx-New-York.webp","type":"image\/webp"}],"twitter_card":"summary_large_image","twitter_site":"@JacobOreskyLaw","twitter_misc":{"Tiempo de lectura":"4 minutos"},"schema":{"@context":"https:\/\/schema.org","@graph":[{"@type":"WebPage","@id":"https:\/\/oreskylaw.com\/es\/nyc\/abogados-de-accidentes-de-polipastos\/","url":"https:\/\/oreskylaw.com\/es\/nyc\/abogados-de-accidentes-de-polipastos\/","name":"Abogado de Accidentes con polipastos, NYC - Oresky & Associates, PLLC","isPartOf":{"@id":"https:\/\/oreskylaw.com\/es\/#website"},"primaryImageOfPage":{"@id":"https:\/\/oreskylaw.com\/es\/nyc\/abogados-de-accidentes-de-polipastos\/#primaryimage"},"image":{"@id":"https:\/\/oreskylaw.com\/es\/nyc\/abogados-de-accidentes-de-polipastos\/#primaryimage"},"thumbnailUrl":"https:\/\/oreskylaw.com\/wp-content\/uploads\/2026\/01\/Types-of-Personal-Injury-Cases-We-Handle-in-The-Bronx-New-York.webp","datePublished":"2025-12-09T08:15:47+00:00","dateModified":"2026-01-31T08:07:05+00:00","description":"\u00bfLesionado en un accidente con polipastos? Nuestros abogados en NYC luchar\u00e1n para obtener compensaci\u00f3n. Contacte a Oresky & Associates, PLLC para una consulta.","breadcrumb":{"@id":"https:\/\/oreskylaw.com\/es\/nyc\/abogados-de-accidentes-de-polipastos\/#breadcrumb"},"inLanguage":"es","potentialAction":[{"@type":"ReadAction","target":["https:\/\/oreskylaw.com\/es\/nyc\/abogados-de-accidentes-de-polipastos\/"]}]},{"@type":"ImageObject","inLanguage":"es","@id":"https:\/\/oreskylaw.com\/es\/nyc\/abogados-de-accidentes-de-polipastos\/#primaryimage","url":"https:\/\/oreskylaw.com\/wp-content\/uploads\/2026\/01\/Types-of-Personal-Injury-Cases-We-Handle-in-The-Bronx-New-York.webp","contentUrl":"https:\/\/oreskylaw.com\/wp-content\/uploads\/2026\/01\/Types-of-Personal-Injury-Cases-We-Handle-in-The-Bronx-New-York.webp"},{"@type":"BreadcrumbList","@id":"https:\/\/oreskylaw.com\/es\/nyc\/abogados-de-accidentes-de-polipastos\/#breadcrumb","itemListElement":[{"@type":"ListItem","position":1,"name":"Inicio","item":"https:\/\/oreskylaw.com\/es\/"},{"@type":"ListItem","position":2,"name":"New York","item":"https:\/\/oreskylaw.com\/es\/nyc\/"},{"@type":"ListItem","position":3,"name":"Accidentes relacionados con polipastos"}]},{"@type":"WebSite","@id":"https:\/\/oreskylaw.com\/es\/#website","url":"https:\/\/oreskylaw.com\/es\/","name":"Oresky & Associates PLLC","description":"","publisher":{"@id":"https:\/\/oreskylaw.com\/es\/#organization"},"potentialAction":[{"@type":"SearchAction","target":{"@type":"EntryPoint","urlTemplate":"https:\/\/oreskylaw.com\/es\/?s={search_term_string}"},"query-input":{"@type":"PropertyValueSpecification","valueRequired":true,"valueName":"search_term_string"}}],"inLanguage":"es"}]}},"_links":{"self":[{"href":"https:\/\/oreskylaw.com\/es\/wp-json\/wp\/v2\/pages\/19036","targetHints":{"allow":["GET"]}}],"collection":[{"href":"https:\/\/oreskylaw.com\/es\/wp-json\/wp\/v2\/pages"}],"about":[{"href":"https:\/\/oreskylaw.com\/es\/wp-json\/wp\/v2\/types\/page"}],"author":[{"embeddable":true,"href":"https:\/\/oreskylaw.com\/es\/wp-json\/wp\/v2\/users\/9"}],"replies":[{"embeddable":true,"href":"https:\/\/oreskylaw.com\/es\/wp-json\/wp\/v2\/comments?post=19036"}],"version-history":[{"count":0,"href":"https:\/\/oreskylaw.com\/es\/wp-json\/wp\/v2\/pages\/19036\/revisions"}],"up":[{"embeddable":true,"href":"https:\/\/oreskylaw.com\/es\/wp-json\/wp\/v2\/pages\/18614"}],"wp:attachment":[{"href":"https:\/\/oreskylaw.com\/es\/wp-json\/wp\/v2\/media?parent=19036"}],"curies":[{"name":"wp","href":"https:\/\/api.w.org\/{rel}","templated":true}]}}