{"id":19048,"date":"2025-12-09T08:16:09","date_gmt":"2025-12-09T08:16:09","guid":{"rendered":"https:\/\/oreskylaw.com\/?page_id=19048"},"modified":"2026-01-31T08:08:58","modified_gmt":"2026-01-31T08:08:58","slug":"abogados-de-accidentes-de-hvac","status":"publish","type":"page","link":"https:\/\/oreskylaw.com\/es\/nyc\/abogados-de-accidentes-de-hvac\/","title":{"rendered":"Accidente de HVAC"},"content":{"rendered":"<h2>Estamos aqu\u00ed para ayudar Si Usted ha sido lastimado en el trabajo<\/h2>\n<p>Si sufri\u00f3 una lesi\u00f3n en el trabajo, en la ciudad de New York, o las \u00e1reas que rodean a nuestro equipo de abogados de accidentes puede ser capaz de ayudarle.<\/p>\n<h3>Tenemos m\u00e1s de 30 a\u00f1os de experiencia en la defensa v\u00edctimas de accidentes<\/h3>\n<p>No se puede pensar en una instalaci\u00f3n de climatizaci\u00f3n y demoliciones, como trabajo de alto riesgo, sobre todo si se compara con otras facetas de la industria de la construcci\u00f3n. Puede que se sorprenda al saber que los instaladores de aire acondicionado pueden sufrir lesiones graves, incluso mortales, en el trabajo. La instalaci\u00f3n de un nuevo sistema de climatizaci\u00f3n puede implicar el trabajo en techos, escaleras y andamios. Del mismo modo los trabajos de demolici\u00f3n implica los mismos riesgos relacionados con la altura. Se requiere equipo de seguridad adecuado.<\/p>\n<p>Dependiendo de los detalles de la instalaci\u00f3n o demolici\u00f3n de trabajo espec\u00edfica, New York y las leyes federales pueden requerir determinados equipos y protocolos de seguridad. Si su empleador, el contratista o el propietario del edificio no cumplieron con sus obligaciones legales, es posible que tenga una demanda por lesiones personales, dolor y sufrimiento, adem\u00e1s de su reclamo de compensaci\u00f3n de trabajadores. Si sufri\u00f3 una lesi\u00f3n en el trabajo, en la ciudad de New York, o las \u00e1reas que rodean a nuestro equipo de abogados de accidentes puede ser capaz de ayudarle. Usted puede obtener una revisi\u00f3n gratuita de su caso llamando al\u00a0<a href=\"tel:+19295600687\">(929) 560-0687<\/a>\u00a0hoy.<\/p>\n<h2>C\u00f3mo HVAC Los trabajadores pueden lastimarse en el trabajo<\/h2>\n<p>La instalaci\u00f3n de un sistema de climatizaci\u00f3n requiere la gente a trabajar juntos como una unidad, as\u00ed como escaleras adecuadas y seguras, andamios y otros equipos de seguridad. Un punto d\u00e9bil de esta cadena puede provocar un compa\u00f1ero de trabajo se lastime. Lo mismo vale para la demolici\u00f3n en el que el sistema est\u00e1 siendo bajado y un trabajador puede estar expuesto a un riesgo significativo. Aqu\u00ed hay algunos ejemplos de formas en que los instaladores de climatizaci\u00f3n y trabajadores de demolici\u00f3n pueden lastimarse en el trabajo:<\/p>\n<ul>\n<li><strong>Ca\u00eddas de escaleras &amp; Los andamios.<\/strong>\u00a0La instalaci\u00f3n o demolici\u00f3n de un sistema de climatizaci\u00f3n requiere que los trabajadores trabajos en alturas elevadas. Inadecuadamente arriostrados o mantenido escaleras y andamios pueden fallar o caer y provocar da\u00f1os al trabajador.<\/li>\n<li><strong>Ca\u00eddas de techos &amp; Edificios.<\/strong> Cuando se expone a riesgos de ca\u00edda, como techos y paredes de los edificios, los trabajadores deben estar provistos de arneses de seguridad, cuerdas de seguridad y l\u00edneas de vida para minimizar el riesgo de lesiones.<\/li>\n<li><strong>Ca\u00eddas de equipos.\u00a0<\/strong>unidades pesadas pueden requerir una gr\u00faa para levantar y bajar el sistema de climatizaci\u00f3n en su lugar. Fracaso de asegurar correctamente la unidad podr\u00eda dar lugar a que se caiga y golpeando el instalador.<\/li>\n<li><strong>Golpeado por conductos.<\/strong> Tomando abajo conductos requiere una planificaci\u00f3n adecuada y equipo de seguridad. Una pieza de trabajo del conducto cae de forma inesperada que puede afectar a una escalera o un trabajador que causa una ca\u00edda y lesiones.<\/li>\n<li><strong>Electrocuci\u00f3n.<\/strong>\u00a0Puesto que el equipo de climatizaci\u00f3n se conecta al sistema el\u00e9ctrico del edificio, los instaladores pueden ser electrocutado si el cableado es correcto no se mantiene. La v\u00edctima puede terminar con quemaduras extensas o lo que es peor, la p\u00e9rdida de vidas.<\/li>\n<li><strong>Soporte colapso del marco.\u00a0<\/strong>unidades de aire acondicionado son pesados. Si el bastidor de soporte es insuficiente para el peso, el material puede colapsar, el env\u00edo de los trabajadores ca\u00edda hacia abajo.<\/li>\n<\/ul>\n<h2>Un R\u00e9cord de \u00e9xito basado en el trabajo duro y la dedicaci\u00f3n<\/h2>\n<p>Cuando se trata de litigios, no hay tiempo que perder. Una vez llame a nuestra oficina, podemos comenzar a construir su caso en la b\u00fasqueda de su compensaci\u00f3n. En tres cortos pasos, su camino legal puede empezar hoy.<\/p>\n<ul>\n<li><strong>Evaluaci\u00f3n gratuita de casos:\u00a0<\/strong>Llame a nuestra oficina, env\u00edenos un correo electr\u00f3nico, o converse con nosotros en l\u00ednea para recibir una evaluaci\u00f3n gratuita de su caso.<\/li>\n<li><strong>Inscr\u00edbase:\u00a0<\/strong>Luego de la revisi\u00f3n gratuita a su caso, podemos crear su perfil de cliente y recopilar la informaci\u00f3n que usted disponga.<\/li>\n<li><strong>Inicie su recuperaci\u00f3n:<\/strong>\u00a0Nos hacemos cargo de su caso, actualiz\u00e1ndole en la medida que avanza. Usted puede concentrarse en su salud a la par que nos enfocamos en su caso.<\/li>\n<\/ul>\n<h2>Entender sus derechos despu\u00e9s de un accidente<\/h2>\n<p>Sin importar el tipo de lesi\u00f3n que sufri\u00f3, vamos a hacer lo siguiente para usted:<\/p>\n<ul>\n<li>Para los responsables<\/li>\n<li>Reunir pruebas para establecer la responsabilidad<\/li>\n<li>Lucha por la compensaci\u00f3n que merece<\/li>\n<li>Negociar con las aseguradoras<\/li>\n<li>Usted manifiesta desde el principio hasta que el caso se termina mediante un acuerdo o juicio.<\/li>\n<\/ul>\n    <div class=\"cw-cta-box\">\n        <div class=\"cw-cta-box__inner \">\n            <div class=\"cw-cta-box__info\">\n                                    <div class=\"label\">\u00a1Llame ahora!<\/div>\n                            <\/div>\n                            <div class=\"contact-phone\">\n                    <a href=\"tel:7189939999\"\n                        aria-label=\"Tap to call button\">\n                        718-993-9999                    <\/a>\n                <\/div>\n                    <\/div>\n                    <a href=\"\/es\/contacto\/\"\n               class=\"cta-btn btn btn--primary btn\"\n               target=\"\">\n                Obtenga Una Consulta Gratuita            <\/a>\n            <\/div>\n    \n<h2>Da\u00f1os por accidentes de climatizaci\u00f3n en la ciudad de New York<\/h2>\n<p><img loading=\"lazy\" decoding=\"async\" class=\"size-full wp-image-12467 alignright\" src=\"https:\/\/oreskylaw.com\/wp-content\/uploads\/2026\/01\/Help-After-a-Scaffolding-Accident-in-the-Bronx.webp\" alt=\"bridge construction accident attorney bronx\" width=\"300\" height=\"169\" \/>Si su empleador, el contratista, el propietario, o alguna otra persona caus\u00f3 o contribuy\u00f3 a su accidente por falta de cumplimiento de la ley, podemos ir despu\u00e9s de la compensaci\u00f3n por sus p\u00e9rdidas. Un instalador de climatizaci\u00f3n, demolici\u00f3n, abogado de accidentes en la ciudad de New York, Bronx, Brooklyn o Queens investigar\u00e1 el accidente y encontrar posibles acusados \u200b\u200bque podr\u00edan ser responsables.<\/p>\n<p>La cantidad de compensaci\u00f3n que se puede recuperar depender\u00e1 de los hechos particulares de su caso. Cada situaci\u00f3n es diferente. \u00c9stos son algunos de los tipos m\u00e1s comunes de da\u00f1os en accidentes con lesiones HVAC:<\/p>\n<ul>\n<li>Los salarios perdidos, debido al tiempo del accidente y recuperaci\u00f3n.<\/li>\n<li>Disminuci\u00f3n de la capacidad de ganancia, si sus lesiones le impiden ser capaz de hacer tanto dinero despu\u00e9s del accidente a medida que pod\u00eda hacer antes.<\/li>\n<li>gastos de su propio bolsillo.<\/li>\n<li>beneficios de la Uni\u00f3n perdi\u00f3, da\u00f1os monetarios para el dolor y el sufrimiento causado por lesiones del pasado, por da\u00f1os por el futuro dolor y el sufrimiento causado por las lesiones<\/li>\n<\/ul>\n","protected":false},"excerpt":{"rendered":"<p>Estamos aqu\u00ed para ayudar Si Usted ha sido lastimado en el trabajo Si sufri\u00f3 una lesi\u00f3n en el trabajo, en la ciudad de New York, o las \u00e1reas que rodean a nuestro equipo de abogados de accidentes puede ser capaz de ayudarle. Tenemos m\u00e1s de 30 a\u00f1os de experiencia en la defensa v\u00edctimas de accidentes [&hellip;]<\/p>\n","protected":false},"author":9,"featured_media":0,"parent":18614,"menu_order":82,"comment_status":"closed","ping_status":"closed","template":"","meta":{"_acf_changed":false,"footnotes":""},"class_list":["post-19048","page","type-page","status-publish","hentry"],"acf":[],"yoast_head":"<!-- This site is optimized with the Yoast SEO plugin v27.3 - https:\/\/yoast.com\/product\/yoast-seo-wordpress\/ -->\n<title>Abogado de Accidentes de HVAC, NYC - Oresky &amp; Associates, PLLC<\/title>\n<meta name=\"description\" content=\"Los accidentes de HVAC pueden provocar lesiones graves. Obtenga la ayuda legal experta que necesita para. Llame ahora a Oresky &amp; Associates, PLLC en NYC.\" \/>\n<meta name=\"robots\" content=\"index, follow, max-snippet:-1, max-image-preview:large, max-video-preview:-1\" \/>\n<link rel=\"canonical\" href=\"https:\/\/oreskylaw.com\/es\/nyc\/abogados-de-accidentes-de-hvac\/\" \/>\n<meta property=\"og:locale\" content=\"es_ES\" \/>\n<meta property=\"og:type\" content=\"article\" \/>\n<meta property=\"og:title\" content=\"Abogado de Accidentes de HVAC, NYC - Oresky &amp; Associates, PLLC\" \/>\n<meta property=\"og:description\" content=\"Los accidentes de HVAC pueden provocar lesiones graves. Obtenga la ayuda legal experta que necesita para. Llame ahora a Oresky &amp; Associates, PLLC en NYC.\" \/>\n<meta property=\"og:url\" content=\"https:\/\/oreskylaw.com\/es\/nyc\/abogados-de-accidentes-de-hvac\/\" \/>\n<meta property=\"og:site_name\" content=\"Oresky &amp; Associates, PLLC\" \/>\n<meta property=\"article:publisher\" content=\"https:\/\/www.facebook.com\/Oreskylaw\/\" \/>\n<meta property=\"article:modified_time\" content=\"2026-01-31T08:08:58+00:00\" \/>\n<meta property=\"og:image\" content=\"https:\/\/oreskylaw.com\/wp-content\/uploads\/2026\/01\/Help-After-a-Scaffolding-Accident-in-the-Bronx.webp\" \/>\n\t<meta property=\"og:image:width\" content=\"300\" \/>\n\t<meta property=\"og:image:height\" content=\"169\" \/>\n\t<meta property=\"og:image:type\" content=\"image\/webp\" \/>\n<meta name=\"twitter:card\" content=\"summary_large_image\" \/>\n<meta name=\"twitter:site\" content=\"@JacobOreskyLaw\" \/>\n<meta name=\"twitter:label1\" content=\"Tiempo de lectura\" \/>\n\t<meta name=\"twitter:data1\" content=\"5 minutos\" \/>\n<!-- \/ Yoast SEO plugin. -->","yoast_head_json":{"title":"Abogado de Accidentes de HVAC, NYC - Oresky & Associates, PLLC","description":"Los accidentes de HVAC pueden provocar lesiones graves. Obtenga la ayuda legal experta que necesita para. Llame ahora a Oresky & Associates, PLLC en NYC.","robots":{"index":"index","follow":"follow","max-snippet":"max-snippet:-1","max-image-preview":"max-image-preview:large","max-video-preview":"max-video-preview:-1"},"canonical":"https:\/\/oreskylaw.com\/es\/nyc\/abogados-de-accidentes-de-hvac\/","og_locale":"es_ES","og_type":"article","og_title":"Abogado de Accidentes de HVAC, NYC - Oresky & Associates, PLLC","og_description":"Los accidentes de HVAC pueden provocar lesiones graves. Obtenga la ayuda legal experta que necesita para. Llame ahora a Oresky & Associates, PLLC en NYC.","og_url":"https:\/\/oreskylaw.com\/es\/nyc\/abogados-de-accidentes-de-hvac\/","og_site_name":"Oresky &amp; Associates, PLLC","article_publisher":"https:\/\/www.facebook.com\/Oreskylaw\/","article_modified_time":"2026-01-31T08:08:58+00:00","og_image":[{"width":300,"height":169,"url":"https:\/\/oreskylaw.com\/wp-content\/uploads\/2026\/01\/Help-After-a-Scaffolding-Accident-in-the-Bronx.webp","type":"image\/webp"}],"twitter_card":"summary_large_image","twitter_site":"@JacobOreskyLaw","twitter_misc":{"Tiempo de lectura":"5 minutos"},"schema":{"@context":"https:\/\/schema.org","@graph":[{"@type":"WebPage","@id":"https:\/\/oreskylaw.com\/es\/nyc\/abogados-de-accidentes-de-hvac\/","url":"https:\/\/oreskylaw.com\/es\/nyc\/abogados-de-accidentes-de-hvac\/","name":"Abogado de Accidentes de HVAC, NYC - Oresky & Associates, PLLC","isPartOf":{"@id":"https:\/\/oreskylaw.com\/es\/#website"},"primaryImageOfPage":{"@id":"https:\/\/oreskylaw.com\/es\/nyc\/abogados-de-accidentes-de-hvac\/#primaryimage"},"image":{"@id":"https:\/\/oreskylaw.com\/es\/nyc\/abogados-de-accidentes-de-hvac\/#primaryimage"},"thumbnailUrl":"https:\/\/oreskylaw.com\/wp-content\/uploads\/2026\/01\/Help-After-a-Scaffolding-Accident-in-the-Bronx.webp","datePublished":"2025-12-09T08:16:09+00:00","dateModified":"2026-01-31T08:08:58+00:00","description":"Los accidentes de HVAC pueden provocar lesiones graves. Obtenga la ayuda legal experta que necesita para. Llame ahora a Oresky & Associates, PLLC en NYC.","breadcrumb":{"@id":"https:\/\/oreskylaw.com\/es\/nyc\/abogados-de-accidentes-de-hvac\/#breadcrumb"},"inLanguage":"es","potentialAction":[{"@type":"ReadAction","target":["https:\/\/oreskylaw.com\/es\/nyc\/abogados-de-accidentes-de-hvac\/"]}]},{"@type":"ImageObject","inLanguage":"es","@id":"https:\/\/oreskylaw.com\/es\/nyc\/abogados-de-accidentes-de-hvac\/#primaryimage","url":"https:\/\/oreskylaw.com\/wp-content\/uploads\/2026\/01\/Help-After-a-Scaffolding-Accident-in-the-Bronx.webp","contentUrl":"https:\/\/oreskylaw.com\/wp-content\/uploads\/2026\/01\/Help-After-a-Scaffolding-Accident-in-the-Bronx.webp"},{"@type":"BreadcrumbList","@id":"https:\/\/oreskylaw.com\/es\/nyc\/abogados-de-accidentes-de-hvac\/#breadcrumb","itemListElement":[{"@type":"ListItem","position":1,"name":"Inicio","item":"https:\/\/oreskylaw.com\/es\/"},{"@type":"ListItem","position":2,"name":"New York","item":"https:\/\/oreskylaw.com\/es\/nyc\/"},{"@type":"ListItem","position":3,"name":"Accidente de HVAC"}]},{"@type":"WebSite","@id":"https:\/\/oreskylaw.com\/es\/#website","url":"https:\/\/oreskylaw.com\/es\/","name":"Oresky & Associates PLLC","description":"","publisher":{"@id":"https:\/\/oreskylaw.com\/es\/#organization"},"potentialAction":[{"@type":"SearchAction","target":{"@type":"EntryPoint","urlTemplate":"https:\/\/oreskylaw.com\/es\/?s={search_term_string}"},"query-input":{"@type":"PropertyValueSpecification","valueRequired":true,"valueName":"search_term_string"}}],"inLanguage":"es"}]}},"_links":{"self":[{"href":"https:\/\/oreskylaw.com\/es\/wp-json\/wp\/v2\/pages\/19048","targetHints":{"allow":["GET"]}}],"collection":[{"href":"https:\/\/oreskylaw.com\/es\/wp-json\/wp\/v2\/pages"}],"about":[{"href":"https:\/\/oreskylaw.com\/es\/wp-json\/wp\/v2\/types\/page"}],"author":[{"embeddable":true,"href":"https:\/\/oreskylaw.com\/es\/wp-json\/wp\/v2\/users\/9"}],"replies":[{"embeddable":true,"href":"https:\/\/oreskylaw.com\/es\/wp-json\/wp\/v2\/comments?post=19048"}],"version-history":[{"count":0,"href":"https:\/\/oreskylaw.com\/es\/wp-json\/wp\/v2\/pages\/19048\/revisions"}],"up":[{"embeddable":true,"href":"https:\/\/oreskylaw.com\/es\/wp-json\/wp\/v2\/pages\/18614"}],"wp:attachment":[{"href":"https:\/\/oreskylaw.com\/es\/wp-json\/wp\/v2\/media?parent=19048"}],"curies":[{"name":"wp","href":"https:\/\/api.w.org\/{rel}","templated":true}]}}