{"id":19060,"date":"2025-12-09T08:16:45","date_gmt":"2025-12-09T08:16:45","guid":{"rendered":"https:\/\/oreskylaw.com\/?page_id=19060"},"modified":"2026-01-31T08:09:56","modified_gmt":"2026-01-31T08:09:56","slug":"abogados-de-accidentes-de-lyft","status":"publish","type":"page","link":"https:\/\/oreskylaw.com\/es\/nyc\/abogados-de-accidentes-de-lyft\/","title":{"rendered":"Abogado de Accidentes de Lyft"},"content":{"rendered":"<h2>Recuperaci\u00f3n de los da\u00f1os a las v\u00edctimas de accidentes Lyft<\/h2>\n<p>Si usted o un ser querido fue lesionado en un accidente de Lyft, por favor llame hoy para obtener ayuda.<\/p>\n<h3>Usted tiene los derechos tras un Accidente Lyft<\/h3>\n<p>Un abogado\u00a0<strong>accidentes de Lyft<\/strong>\u00a0en la ciudad de New York puede luchar por la m\u00e1xima compensaci\u00f3n por sus lesiones. Si usted o un ser querido fue lesionado en un accidente de Lyft, por favor llame hoy para obtener ayuda. Mientras que algunas empresas se esconden de accidentes Lyft, ya que pueden ser un reto, un\u00a0<a href=\"https:\/\/oreskylaw.com\/es\/bronx\/abogados-de-accidentes-de-construccion\/\">abogado de accidentes<\/a> con Oresky &amp; Associates, PLLC luchar\u00e1n por los da\u00f1os causados \u200b\u200bpor un conductor negligente o imprudente.<\/p>\n<p>Usted no tendr\u00e1 que preocuparse por la recogida de pruebas, prueba de da\u00f1os, o la presentaci\u00f3n de una reclamaci\u00f3n de seguro. Nosotros nos ocupamos de todo lo relacionado con la b\u00fasqueda de una compensaci\u00f3n para que pueda centrarse en su salud y recuperaci\u00f3n.<\/p>\n<h2>Hemos defendido v\u00edctimas de accidentes durante m\u00e1s de 30 a\u00f1os<\/h2>\n<p>Oresky &amp; Associates, PLLC ha recuperado m\u00e1s de $ 400 millones en veredictos y acuerdos para nuestros clientes y sus familias. Aqu\u00ed est\u00e1n algunos resultados que hemos obtenido para los clientes de accidentes de veh\u00edculos de motor y sus familias:<\/p>\n<ul>\n<li>$ 1.1 millones otorgados a un pasajero de taxi-cab lesionada<\/li>\n<li>$ 4.6 millones otorgados a un motorista herido en un accidente de tres veh\u00edculos<\/li>\n<li>$ 1.5 millones otorgados a un pasajero que result\u00f3 herido en un accidente de coche<\/li>\n<li>$ 1.2 millones otorgados a la familia de un hombre que muri\u00f3 en un accidente de atropello y fuga<\/li>\n<\/ul>\n<p>Ll\u00e1menos hoy para su consulta gratuita al\u00a0<a href=\"tel:+19295600687\">(929) 560-0687<\/a>.<\/p>\n<h2>Un R\u00e9cord de \u00e9xito basado en el trabajo duro y la dedicaci\u00f3n<\/h2>\n<p>Cuando se trata de litigios, no hay tiempo que perder. Una vez llame a nuestra oficina, podemos comenzar a construir su caso en la b\u00fasqueda de su compensaci\u00f3n. En tres cortos pasos, su camino legal puede empezar hoy.<\/p>\n<ul>\n<li><strong>Evaluaci\u00f3n gratuita de casos:<\/strong>\u00a0Llame a nuestra oficina, env\u00edenos un correo electr\u00f3nico, o converse con nosotros en l\u00ednea para recibir una evaluaci\u00f3n gratuita de su caso.<\/li>\n<li><strong>Inscr\u00edbase:\u00a0<\/strong>Luego de la revisi\u00f3n gratuita a su caso, podemos crear su perfil de cliente y recopilar la informaci\u00f3n que usted disponga.<\/li>\n<li><strong>Inicie su recuperaci\u00f3n:<\/strong>\u00a0Nos hacemos cargo de su caso, actualiz\u00e1ndole en la medida que avanza. Usted puede concentrarse en su salud a la par que nos enfocamos en su caso.<\/li>\n<\/ul>\n<h2>C\u00f3mo Oresky &amp; Associates, PLLC puede ayudar despu\u00e9s de un accidente Lyft<\/h2>\n<p>Usted tiene el derecho a obtener una indemnizaci\u00f3n de Lyft u otra parte, si usted estuvo involucrado en un accidente. Usted tiene estos derechos, incluso si no estaban en el veh\u00edculo Lyft, son indocumentados, o el otro trata del partido de echar la culpa a usted.<\/p>\n<p>No se demore para pedir Oresky &amp; Associates, PLLC en busca de ayuda el ejercicio de su derecho de perseguir la compensaci\u00f3n que necesita y merece.<\/p>\n    <div class=\"cw-cta-box\">\n        <div class=\"cw-cta-box__inner \">\n            <div class=\"cw-cta-box__info\">\n                                    <div class=\"label\">\u00a1Llame ahora!<\/div>\n                            <\/div>\n                            <div class=\"contact-phone\">\n                    <a href=\"tel:7189939999\"\n                        aria-label=\"Tap to call button\">\n                        718-993-9999                    <\/a>\n                <\/div>\n                    <\/div>\n                    <a href=\"\/es\/contacto\/\"\n               class=\"cta-btn btn btn--primary btn\"\n               target=\"\">\n                Obtenga Una Consulta Gratuita            <\/a>\n            <\/div>\n    \n<h2>Centr\u00e9monos en su caso mientras usted se centra en la recuperaci\u00f3n<\/h2>\n<p>Oresky &amp; Associates, PLLC le ayudar\u00e1 de principio a fin. Nuestros clientes son como miembros de nuestra familia, y que luchan por da\u00f1os y perjuicios por sus lesiones f\u00edsicas y emocionales.<\/p>\n<p>Nuestros clientes han comentado que \u201cinmediatamente se encarg\u00f3 de todo\u201d y que los acompa\u00f1\u00f3 \u201ca trav\u00e9s de todo el proceso e hizo que todo sea f\u00e1cil.\u201d Leer nuestros testimonios para aprender m\u00e1s acerca de las experiencias de nuestros clientes con nuestra firma.<\/p>\n<p><strong>Nuestros abogados:<\/strong><\/p>\n<ul>\n<li>Reunir pruebas de sus lesiones, tales como las pruebas de imagen m\u00e9dica<\/li>\n<li>Secure testimonio experto de profesionales de la medicina o de formaci\u00f3n profesional cuando sea necesario<\/li>\n<li>Evaluar sus da\u00f1os, incluyendo las p\u00e9rdidas emocionales<\/li>\n<li>Archivo y gestionar su reclamaci\u00f3n de seguro<\/li>\n<li>negociar un acuerdo en su nombre<\/li>\n<\/ul>\n<h3>Al hablar con un abogado de accidente de Lyft<\/h3>\n<p><img loading=\"lazy\" decoding=\"async\" class=\"size-full wp-image-15171 alignright\" src=\"https:\/\/oreskylaw.com\/wp-content\/uploads\/2026\/01\/Who-Could-Be-Liable-For-My-Injuries-After-an-Accident.webp\" alt=\"construction accident attorney Bronx NY\" width=\"300\" height=\"200\" \/>Podemos ayudarle a buscar la compensaci\u00f3n si se lesiona como:<\/p>\n<ul>\n<li>Lyft pasajero<\/li>\n<li>Peat\u00f3n<\/li>\n<li>Motorist<\/li>\n<li>Bicyclist<\/li>\n<li>Motorcyclist<\/li>\n<\/ul>\n<p>Un abogado de accidentes Lyft puede presentar una reclamaci\u00f3n de seguro, ya sea con Lyft o el controlador, dependiendo de si el conductor estaba fuera de la aplicaci\u00f3n, en la aplicaci\u00f3n o el transporte de pasajeros de forma activa. Si la otra parte no negocia de buena fe, puede que sea necesario para llevar su caso a los tribunales.<\/p>\n<p>Llame a nuestra firma hoy para una consulta gratuita.<\/p>\n<h2>Nos ayudar\u00e1 a recuperar Ambos tipos de p\u00e9rdidas<\/h2>\n<p>Un abogado de accidentes con Lyft Oresky &amp; Associates, PLLC se puede establecer la responsabilidad de probar su elegibilidad para recuperar las p\u00e9rdidas econ\u00f3micas y no econ\u00f3micas. Las p\u00e9rdidas no econ\u00f3micas incluyen:<\/p>\n<ul>\n<li>el dolor del pasado y el sufrimiento causado por las lesiones<\/li>\n<li>futuro dolor y el sufrimiento causado por las lesiones<\/li>\n<li>El trauma de la carga y el estr\u00e9s de tratar con la lesi\u00f3n<\/li>\n<\/ul>\n<p>Adem\u00e1s, usted puede calificar para da\u00f1os econ\u00f3micos incluyendo:<\/p>\n<ul>\n<li>El tratamiento m\u00e9dico<\/li>\n<li>Servicios de ambulancia y de la sala de emergencia<\/li>\n<li>Hospitalizaci\u00f3n<\/li>\n<li>La p\u00e9rdida de trabajo y salarios anteriores<\/li>\n<li>La p\u00e9rdida de trabajo futuro y los salarios futuros<\/li>\n<li>Perdidas beneficios de la uni\u00f3n<\/li>\n<\/ul>\n<p>Nuestro equipo biling\u00fce (fluidez en Ingl\u00e9s y Espa\u00f1ol) es un apasionado de hacer que nuestros clientes tengan acceso a nuestro equipo de entender c\u00f3mo podemos ayudarles.<\/p>\n<h2>\u00bfC\u00f3mo Lyft Rideshare controladores de seguro de responsabilidad civil Obras?<\/h2>\n<p>Ridesharing empresas como Uber y Lyft deben tener seguro de responsabilidad. Si usted o su ser querido fue lesionado mientras que el conductor fue a la aplicaci\u00f3n (viajando para recoger pasajeros o transporte de pasajeros), que est\u00e1n cubiertos en $ 1 mill\u00f3n cobertura de responsabilidad de Lyft. Esta cobertura comienza desde el momento en que el conductor Lyft acepta su solicitud paseo hasta que el conductor se completa la transacci\u00f3n en la aplicaci\u00f3n o el viaje ha terminado, lo que ocurra \u00faltimo.<\/p>\n<p>Si el usuario estaba en la aplicaci\u00f3n y en espera de una solicitud de paseo, que est\u00e1n cubiertos por $ 50.000 por persona \/ $ 100.000 por accidente en la responsabilidad de lesiones corporales y $ 25.000 en responsabilidad de los da\u00f1os.<\/p>\n<p>Si el conductor Lyft estaba fuera de la aplicaci\u00f3n, una lesiones personales abogado<\/p>\n<h3>Por ello que recomendamos hablar con un abogado Primera<\/h3>\n<p>Un ajustador de seguros de Lyft o compa\u00f1\u00eda de seguros del conductor puede ponerse en contacto con usted despu\u00e9s del accidente. Es en su mejor inter\u00e9s de hablar con un abogado de accidentes Lyft antes de hacer cualquier declaraci\u00f3n que el ajustador de seguros. Usted puede pensar que el regulador es simplemente recogiendo datos, pero puede usar esta informaci\u00f3n para evitar la exposici\u00f3n a da\u00f1os y perjuicios.<\/p>\n<p>Le sugerimos que educadamente negarse a hablar con el ajustador de seguros hasta que tenga la oportunidad de hablar con un abogado de accidente Lyft.<\/p>\n","protected":false},"excerpt":{"rendered":"<p>Recuperaci\u00f3n de los da\u00f1os a las v\u00edctimas de accidentes Lyft Si usted o un ser querido fue lesionado en un accidente de Lyft, por favor llame hoy para obtener ayuda. Usted tiene los derechos tras un Accidente Lyft Un abogado\u00a0accidentes de Lyft\u00a0en la ciudad de New York puede luchar por la m\u00e1xima compensaci\u00f3n por sus [&hellip;]<\/p>\n","protected":false},"author":9,"featured_media":0,"parent":18614,"menu_order":84,"comment_status":"closed","ping_status":"closed","template":"","meta":{"_acf_changed":false,"footnotes":""},"class_list":["post-19060","page","type-page","status-publish","hentry"],"acf":[],"yoast_head":"<!-- This site is optimized with the Yoast SEO plugin v27.3 - https:\/\/yoast.com\/product\/yoast-seo-wordpress\/ -->\n<title>Abogado de Accidentes de Lyft en New York - Oresky &amp; Associates, PLLC<\/title>\n<meta name=\"description\" content=\"\u00bfLesionado en un accidente de Lyft en New York? Nuestros abogados luchar\u00e1n para obtener compensaci\u00f3n. Llama hoy a Oresky &amp; Associates, PLLC para una consulta.\" \/>\n<meta name=\"robots\" content=\"index, follow, max-snippet:-1, max-image-preview:large, max-video-preview:-1\" \/>\n<link rel=\"canonical\" href=\"https:\/\/oreskylaw.com\/es\/nyc\/abogados-de-accidentes-de-lyft\/\" \/>\n<meta property=\"og:locale\" content=\"es_ES\" \/>\n<meta property=\"og:type\" content=\"article\" \/>\n<meta property=\"og:title\" content=\"Abogado de Accidentes de Lyft en New York - Oresky &amp; Associates, PLLC\" \/>\n<meta property=\"og:description\" content=\"\u00bfLesionado en un accidente de Lyft en New York? Nuestros abogados luchar\u00e1n para obtener compensaci\u00f3n. Llama hoy a Oresky &amp; Associates, PLLC para una consulta.\" \/>\n<meta property=\"og:url\" content=\"https:\/\/oreskylaw.com\/es\/nyc\/abogados-de-accidentes-de-lyft\/\" \/>\n<meta property=\"og:site_name\" content=\"Oresky &amp; Associates, PLLC\" \/>\n<meta property=\"article:publisher\" content=\"https:\/\/www.facebook.com\/Oreskylaw\/\" \/>\n<meta property=\"article:modified_time\" content=\"2026-01-31T08:09:56+00:00\" \/>\n<meta property=\"og:image\" content=\"https:\/\/oreskylaw.com\/wp-content\/uploads\/2026\/01\/Who-Could-Be-Liable-For-My-Injuries-After-an-Accident.webp\" \/>\n\t<meta property=\"og:image:width\" content=\"300\" \/>\n\t<meta property=\"og:image:height\" content=\"200\" \/>\n\t<meta property=\"og:image:type\" content=\"image\/webp\" \/>\n<meta name=\"twitter:card\" content=\"summary_large_image\" \/>\n<meta name=\"twitter:site\" content=\"@JacobOreskyLaw\" \/>\n<meta name=\"twitter:label1\" content=\"Tiempo de lectura\" \/>\n\t<meta name=\"twitter:data1\" content=\"6 minutos\" \/>\n<!-- \/ Yoast SEO plugin. -->","yoast_head_json":{"title":"Abogado de Accidentes de Lyft en New York - Oresky & Associates, PLLC","description":"\u00bfLesionado en un accidente de Lyft en New York? Nuestros abogados luchar\u00e1n para obtener compensaci\u00f3n. Llama hoy a Oresky & Associates, PLLC para una consulta.","robots":{"index":"index","follow":"follow","max-snippet":"max-snippet:-1","max-image-preview":"max-image-preview:large","max-video-preview":"max-video-preview:-1"},"canonical":"https:\/\/oreskylaw.com\/es\/nyc\/abogados-de-accidentes-de-lyft\/","og_locale":"es_ES","og_type":"article","og_title":"Abogado de Accidentes de Lyft en New York - Oresky & Associates, PLLC","og_description":"\u00bfLesionado en un accidente de Lyft en New York? Nuestros abogados luchar\u00e1n para obtener compensaci\u00f3n. Llama hoy a Oresky & Associates, PLLC para una consulta.","og_url":"https:\/\/oreskylaw.com\/es\/nyc\/abogados-de-accidentes-de-lyft\/","og_site_name":"Oresky &amp; Associates, PLLC","article_publisher":"https:\/\/www.facebook.com\/Oreskylaw\/","article_modified_time":"2026-01-31T08:09:56+00:00","og_image":[{"width":300,"height":200,"url":"https:\/\/oreskylaw.com\/wp-content\/uploads\/2026\/01\/Who-Could-Be-Liable-For-My-Injuries-After-an-Accident.webp","type":"image\/webp"}],"twitter_card":"summary_large_image","twitter_site":"@JacobOreskyLaw","twitter_misc":{"Tiempo de lectura":"6 minutos"},"schema":{"@context":"https:\/\/schema.org","@graph":[{"@type":"WebPage","@id":"https:\/\/oreskylaw.com\/es\/nyc\/abogados-de-accidentes-de-lyft\/","url":"https:\/\/oreskylaw.com\/es\/nyc\/abogados-de-accidentes-de-lyft\/","name":"Abogado de Accidentes de Lyft en New York - Oresky & Associates, PLLC","isPartOf":{"@id":"https:\/\/oreskylaw.com\/es\/#website"},"primaryImageOfPage":{"@id":"https:\/\/oreskylaw.com\/es\/nyc\/abogados-de-accidentes-de-lyft\/#primaryimage"},"image":{"@id":"https:\/\/oreskylaw.com\/es\/nyc\/abogados-de-accidentes-de-lyft\/#primaryimage"},"thumbnailUrl":"https:\/\/oreskylaw.com\/wp-content\/uploads\/2026\/01\/Who-Could-Be-Liable-For-My-Injuries-After-an-Accident.webp","datePublished":"2025-12-09T08:16:45+00:00","dateModified":"2026-01-31T08:09:56+00:00","description":"\u00bfLesionado en un accidente de Lyft en New York? Nuestros abogados luchar\u00e1n para obtener compensaci\u00f3n. Llama hoy a Oresky & Associates, PLLC para una consulta.","breadcrumb":{"@id":"https:\/\/oreskylaw.com\/es\/nyc\/abogados-de-accidentes-de-lyft\/#breadcrumb"},"inLanguage":"es","potentialAction":[{"@type":"ReadAction","target":["https:\/\/oreskylaw.com\/es\/nyc\/abogados-de-accidentes-de-lyft\/"]}]},{"@type":"ImageObject","inLanguage":"es","@id":"https:\/\/oreskylaw.com\/es\/nyc\/abogados-de-accidentes-de-lyft\/#primaryimage","url":"https:\/\/oreskylaw.com\/wp-content\/uploads\/2026\/01\/Who-Could-Be-Liable-For-My-Injuries-After-an-Accident.webp","contentUrl":"https:\/\/oreskylaw.com\/wp-content\/uploads\/2026\/01\/Who-Could-Be-Liable-For-My-Injuries-After-an-Accident.webp"},{"@type":"BreadcrumbList","@id":"https:\/\/oreskylaw.com\/es\/nyc\/abogados-de-accidentes-de-lyft\/#breadcrumb","itemListElement":[{"@type":"ListItem","position":1,"name":"Inicio","item":"https:\/\/oreskylaw.com\/es\/"},{"@type":"ListItem","position":2,"name":"New York","item":"https:\/\/oreskylaw.com\/es\/nyc\/"},{"@type":"ListItem","position":3,"name":"Abogado de Accidentes de Lyft"}]},{"@type":"WebSite","@id":"https:\/\/oreskylaw.com\/es\/#website","url":"https:\/\/oreskylaw.com\/es\/","name":"Oresky & Associates PLLC","description":"","publisher":{"@id":"https:\/\/oreskylaw.com\/es\/#organization"},"potentialAction":[{"@type":"SearchAction","target":{"@type":"EntryPoint","urlTemplate":"https:\/\/oreskylaw.com\/es\/?s={search_term_string}"},"query-input":{"@type":"PropertyValueSpecification","valueRequired":true,"valueName":"search_term_string"}}],"inLanguage":"es"}]}},"_links":{"self":[{"href":"https:\/\/oreskylaw.com\/es\/wp-json\/wp\/v2\/pages\/19060","targetHints":{"allow":["GET"]}}],"collection":[{"href":"https:\/\/oreskylaw.com\/es\/wp-json\/wp\/v2\/pages"}],"about":[{"href":"https:\/\/oreskylaw.com\/es\/wp-json\/wp\/v2\/types\/page"}],"author":[{"embeddable":true,"href":"https:\/\/oreskylaw.com\/es\/wp-json\/wp\/v2\/users\/9"}],"replies":[{"embeddable":true,"href":"https:\/\/oreskylaw.com\/es\/wp-json\/wp\/v2\/comments?post=19060"}],"version-history":[{"count":0,"href":"https:\/\/oreskylaw.com\/es\/wp-json\/wp\/v2\/pages\/19060\/revisions"}],"up":[{"embeddable":true,"href":"https:\/\/oreskylaw.com\/es\/wp-json\/wp\/v2\/pages\/18614"}],"wp:attachment":[{"href":"https:\/\/oreskylaw.com\/es\/wp-json\/wp\/v2\/media?parent=19060"}],"curies":[{"name":"wp","href":"https:\/\/api.w.org\/{rel}","templated":true}]}}