{"id":19071,"date":"2026-01-19T07:13:24","date_gmt":"2026-01-19T07:13:24","guid":{"rendered":"https:\/\/oreskylaw.com\/?page_id=19071"},"modified":"2026-01-31T08:04:50","modified_gmt":"2026-01-31T08:04:50","slug":"abogados-de-negligencia-medica","status":"publish","type":"page","link":"https:\/\/oreskylaw.com\/es\/nyc\/abogados-de-negligencia-medica\/","title":{"rendered":"Abogados Especialistas en Negligencia M\u00e9dica"},"content":{"rendered":"<h2>Protegemos los Derechos de las V\u00edctimas de Negligencia M\u00e9dica<\/h2>\n<p>Si ha sufrido lesiones durante un tratamiento m\u00e9dico, ya sea en un consultorio m\u00e9dico o un hospital, o si su m\u00e9dico no diagnostic\u00f3 una enfermedad, puede tener derecho a realizar una reclamaci\u00f3n legal por mala praxis m\u00e9dica.<\/p>\n<h3>Hemos Servido al Bronx, Queens, Manhattan y el \u00c1rea Metropolitana de New York durante M\u00e1s de 30 A\u00f1os<\/h3>\n<p>Todos los procedimientos m\u00e9dicos conllevan riesgos, pero cuando los m\u00e9dicos no cumplen con los est\u00e1ndares profesionales, estos riesgos pueden ser mucho mayores. Si ha sufrido lesiones durante un tratamiento m\u00e9dico, ya sea en un consultorio o un hospital, o si su m\u00e9dico no diagnostic\u00f3 una enfermedad, puede tener derecho a una reclamaci\u00f3n por negligencia m\u00e9dica. Los m\u00e9dicos y hospitales deben mantener un alto nivel de cuidado en el tratamiento de pacientes. Desviarse de ese nivel de cuidado aceptable puede dar derecho a un paciente a recuperar da\u00f1os monetarios.<\/p>\n<p>Los errores m\u00e9dicos, la negligencia m\u00e9dica y el no proporcionar un est\u00e1ndar de cuidado aceptable pueden conducir a lesiones graves, al empeoramiento del problema de salud inicial e incluso a la muerte. Si su ser querido falleci\u00f3 debido a acciones imprudentes o negligentes de un m\u00e9dico, puede tener un caso v\u00e1lido de negligencia m\u00e9dica. Llame a Oresky &amp; Associates, PLLC para ayudarle a entender sus opciones legales y responsabilizar al m\u00e9dico negligente.<\/p>\n<h2>Puede Tener Derecho a Compensaci\u00f3n Independientemente de su Estatus Legal<\/h2>\n<p><a href=\"https:\/\/oreskylaw.com\/es\/abogados\/jacob-oresky\/\">El abogado Jacob Oresky<\/a>, fundador de nuestro bufete, ha estado ayudando a personas lesionadas y discapacitadas a obtener compensaci\u00f3n y justicia durante m\u00e1s de 30 a\u00f1os. Nuestro equipo de abogados, paralegales e investigadores ha obtenido veredictos y acuerdos multimillonarios en accidentes de autob\u00fas y veh\u00edculos motorizados, incluyendo:<\/p>\n<ul>\n<li>$5 millones otorgados a familiares de un peat\u00f3n fallecido en un accidente de autob\u00fas escolar<\/li>\n<li>$4.6 millones para un conductor lesionado en un accidente de varios veh\u00edculos<\/li>\n<li>$4.5 millones otorgados a la familia de un peat\u00f3n asesinado por una furgoneta<\/li>\n<li>$3.45 millones para un peat\u00f3n atropellado por una furgoneta comercial<\/li>\n<li>$1.2 millones por la muerte por negligencia de un caballero muerto despu\u00e9s de un accidente de fuga<\/li>\n<li>$800.000 para un pasajero gravemente lesionado en un\u00a0<a href=\"https:\/\/oreskylaw.com\/es\/nyc\/abogados-de-accidentes-de-auto\/\">accidente automovil\u00edstico<\/a><\/li>\n<\/ul>\n<p>Nuestros abogados de accidentes de autob\u00fas est\u00e1n dedicados a ayudarle a buscar una compensaci\u00f3n justa bajo las leyes del estado de New York.<\/p>\n<h2>C\u00f3mo Oresky &amp; Associates, PLLC Puede Ayudar con su Accidente de Autob\u00fas<\/h2>\n<p>Su primera acci\u00f3n despu\u00e9s de un accidente de autob\u00fas es la atenci\u00f3n m\u00e9dica. Su m\u00e9dico puede diagnosticar y tratar sus lesiones como solo un profesional sanitario cualificado puede hacerlo. Su siguiente paso debe ser contactar a los experimentados abogados de accidentes de autob\u00fas de Oresky &amp; Associates, PLLC.<\/p>\n<ul>\n<li><strong>Evaluaci\u00f3n de Caso Gratuita:<\/strong> llame a nuestra oficina, env\u00edenos un correo electr\u00f3nico o chatee con nosotros en l\u00ednea para recibir una evaluaci\u00f3n de caso gratuita.<\/li>\n<li><strong>Inscribirse:<\/strong> despu\u00e9s de su revisi\u00f3n gratuita del caso, podemos configurar su perfil de cliente y reunir cualquier informaci\u00f3n que ya tenga.<\/li>\n<li><strong>Comenzar su Recuperaci\u00f3n:<\/strong> podemos hacernos cargo de su caso desde aqu\u00ed y actualizarlo a medida que avanza. Puede concentrarse en su salud mientras nos enfocamos en su caso.<\/li>\n<\/ul>\n<h2>Preguntas Legales Comunes<\/h2>\n\n                <div class=\"cw-accordion \" data-all-open=\"false\" data-accordion-enabled=\"true\">\n                    <div class=\"cw-accordion__wrapper\">\n                <div class=\"cw-accordion__item\"><button class=\"cw-accordion__item-title\" aria-expanded=\"false\" aria-controls=\"panel1\" id=\"accordion1\">\u00bfPuedo ser compensado si tuve parte de la culpa en mi accidente de veh\u00edculo motorizado?<\/button><div class=\"cw-accordion__item-content\" id=\"panel1\" role=\"region\" aria-labelledby=\"accordion1\"><p>La respuesta corta es s\u00ed: muchas veces, puede ser compensado si tiene parte de la culpa. De nuevo, New York es un estado con seguro sin culpa en el que su propio seguro paga por sus costos de bolsillo, como salarios perdidos limitados y facturas m\u00e9dicas hasta $50,000. Al hacer un reclamo por dolor y sufrimiento, as\u00ed como cierta p\u00e9rdida econ\u00f3mica por encima de sin culpa, se considerar\u00e1n los porcentajes de culpa en su recuperaci\u00f3n. Su lesi\u00f3n del accidente vehicular puede tener un cierto valor, sin embargo, la culpa se tomar\u00e1 en consideraci\u00f3n en el momento del juicio o acuerdo.<\/p>\n<\/div><\/div><div class=\"cw-accordion__item\"><button class=\"cw-accordion__item-title\" aria-expanded=\"false\" aria-controls=\"panel2\" id=\"accordion2\">\u00bfQu\u00e9 da\u00f1os est\u00e1n disponibles si estoy lesionado en un choque de veh\u00edculo motorizado?<\/button><div class=\"cw-accordion__item-content\" id=\"panel2\" role=\"region\" aria-labelledby=\"accordion2\"><p>Los da\u00f1os son recuperables por dolor y sufrimiento pasado y futuro, p\u00e9rdida econ\u00f3mica, como salarios perdidos, gastos m\u00e9dicos, rehabilitaci\u00f3n, terapia y cuidado residencial a largo plazo tambi\u00e9n se considerar\u00e1n da\u00f1os bajo la ley. Los miembros de sindicatos pueden recuperar beneficios futuros perdidos. Otros da\u00f1os son recuperables y se revisar\u00e1n caso por caso.<\/p>\n<\/div><\/div><div class=\"cw-accordion__item\"><button class=\"cw-accordion__item-title\" aria-expanded=\"false\" aria-controls=\"panel3\" id=\"accordion3\">\u00bfQu\u00e9 sucede si el otro conductor no estaba asegurado?<\/button><div class=\"cw-accordion__item-content\" id=\"panel3\" role=\"region\" aria-labelledby=\"accordion3\"><p>Si el otro conductor no estaba asegurado, podemos presentar una reclamaci\u00f3n de motorista sin seguro bajo la p\u00f3liza de seguro de su veh\u00edculo. Las p\u00f3lizas de seguro de autom\u00f3viles emitidas para los conductores del estado de New York deben tener protecci\u00f3n contra conductores sin seguro. Este seguro le proporcionar\u00e1 compensaci\u00f3n financiera, si el conductor culpable no tiene seguro. Si debe presentar una reclamaci\u00f3n a trav\u00e9s de su propia aseguradora, necesita un bufete de abogados especializado para ayudarlo a recuperar los m\u00e1ximos da\u00f1os monetarios disponibles.<\/p>\n<\/div><\/div><div class=\"cw-accordion__item\"><button class=\"cw-accordion__item-title\" aria-expanded=\"false\" aria-controls=\"panel4\" id=\"accordion4\">\u00bfC\u00f3mo se determina la culpa en un accidente de veh\u00edculo motorizado?<\/button><div class=\"cw-accordion__item-content\" id=\"panel4\" role=\"region\" aria-labelledby=\"accordion4\"><p>La culpa se determina por la manera en que ocurri\u00f3 el accidente. \u00bfPas\u00f3 un conductor un sem\u00e1foro o se\u00f1al de alto? \u00bfEstaba el conductor excediendo la velocidad o conduciendo de manera irrazonable bajo las circunstancias? New York es un estado de culpa comparativa, lo que significa que a\u00fan puede recuperar algo de compensaci\u00f3n por da\u00f1os incluso si es el conductor mayormente culpable. Muchas veces, el choque es resultado de ambos conductores que comparten porcentajes de la culpa.<\/p>\n<\/div><\/div><div class=\"cw-accordion__item\"><button class=\"cw-accordion__item-title\" aria-expanded=\"false\" aria-controls=\"panel5\" id=\"accordion5\">\u00bfQu\u00e9 debo hacer despu\u00e9s de un accidente de veh\u00edculo motorizado?<\/button><div class=\"cw-accordion__item-content\" id=\"panel5\" role=\"region\" aria-labelledby=\"accordion5\"><p>Despu\u00e9s de un accidente de veh\u00edculo motorizado, siempre debe llamar a pedir ayuda. Mientras espera que llegue la ayuda, verifique si hay lesiones, tanto las suyas como las de otros involucrados en la colisi\u00f3n. Aseg\u00farese de aceptar la atenci\u00f3n m\u00e9dica necesaria de cualquier param\u00e9dico en la escena y de hacer un seguimiento con un proveedor de atenci\u00f3n m\u00e9dica lo antes posible en los d\u00edas posteriores al accidente. Por \u00faltimo, pero no menos importante, con\u00e9ctese con un abogado, y h\u00e1galo r\u00e1pido. Obtenga m\u00e1s informaci\u00f3n sobre qu\u00e9 hacer despu\u00e9s de un accidente automovil\u00edstico leyendo nuestra publicaci\u00f3n completa.<\/p>\n<\/div><\/div><\/div><\/div>\n<h2>Ayudamos a las V\u00edctimas de Accidentes de Autob\u00fas<\/h2>\n<p>Los accidentes de autob\u00fas son m\u00e1s complejos que otros tipos de accidentes de veh\u00edculos motorizados. Los autobuses son enormes, pesados y m\u00e1s dif\u00edciles de controlar, lo que hace que las lesiones derivadas de estas colisiones sean m\u00e1s probables y m\u00e1s graves. La\u00a0<a href=\"https:\/\/www.fmcsa.dot.gov\/safety\/data-and-statistics\/large-truck-and-bus-crash-facts-2017\" target=\"_blank\" rel=\"nofollow noopener noreferrer\">Administraci\u00f3n<\/a>\u00a0<a href=\"https:\/\/www.fmcsa.dot.gov\/safety\/data-and-statistics\/large-truck-and-bus-crash-facts-2017\" target=\"_blank\" rel=\"nofollow noopener noreferrer\">Federal de Seguridad de Autotransportistas<\/a>\u00a0inform\u00f3 que m\u00e1s de 170.000 estadounidenses resultaron heridos en accidentes que involucran autobuses y camiones en 2017.<\/p>\n    <div class=\"cw-cta-box\">\n        <div class=\"cw-cta-box__inner \">\n            <div class=\"cw-cta-box__info\">\n                                    <div class=\"label\">\u00a1Llame ahora!<\/div>\n                            <\/div>\n                            <div class=\"contact-phone\">\n                    <a href=\"tel:7189939999\"\n                        aria-label=\"Tap to call button\">\n                        718-993-9999                    <\/a>\n                <\/div>\n                    <\/div>\n                    <a href=\"\/es\/contacto\/\"\n               class=\"cta-btn btn btn--primary btn\"\n               target=\"\">\n                Obtenga Una Consulta Gratuita            <\/a>\n            <\/div>\n    \n<h2>Protegemos sus Derechos Despu\u00e9s de un Accidente de Autob\u00fas<\/h2>\n<p>New York tiene leyes complejas de responsabilidad y negligencia. En algunas instancias, puede no estar seguro de qu\u00e9 parte tiene la culpa del accidente, especialmente si hay varias partes involucradas. Un abogado de accidentes de autob\u00fas puede ayudar con diferentes tipos de accidentes de autob\u00fas, incluidos los que involucran:<\/p>\n<ul>\n<li>Autobuses de la ciudad (MABSTOA)<\/li>\n<li>Autobuses escolares<\/li>\n<li>Autobuses interestatales e intrastatales<\/li>\n<li>Autobuses de larga distancia<\/li>\n<li>Autobuses privados<\/li>\n<\/ul>\n<p>Por favor, llama a nuestro equipo de abogados con experiencia en accidentes de autob\u00fas para obtener ayuda despu\u00e9s de cualquier tipo de lesi\u00f3n en autob\u00fas al (929) 560-0687.<\/p>\n<h2>Protegemos sus Derechos Despu\u00e9s de un Accidente de Autob\u00fas<\/h2>\n<p>Usted tiene derechos, y Oresky &amp; Associates, PLLC los proteger\u00e1 y ejercer\u00e1 por usted. Un abogado de accidentes de autob\u00fas en la ciudad de New York puede ayudarle a demostrar responsabilidad para buscar compensaci\u00f3n por sus lesiones y p\u00e9rdidas.<\/p>\n<h3>C\u00f3mo Demostramos la Responsabilidad<\/h3>\n<p>Los accidentes de autob\u00fas ocurren por una raz\u00f3n. La cuesti\u00f3n se convierte, \u00bfqui\u00e9n tiene la culpa? \u00bfC\u00f3mo lo demuestra?<\/p>\n<p>Nuestro equipo legal puede identificar las causas y las partes involucradas mientras:<\/p>\n<ul>\n<li>Recopilamos evidencia, incluyendo fotograf\u00edas, declaraciones de testigos, retenemos expertos en reconstrucci\u00f3n de accidentes y m\u00e1s.<\/li>\n<li>Durante el curso de la demanda, llevaremos a cabo deposiciones, citaremos testigos y examinaremos toda la evidencia disponible.<\/li>\n<li>Compilamos informes m\u00e9dicos, pruebas y evaluaciones de su m\u00e9dico.<\/li>\n<li>Presentamos reclamaciones de seguros con la(s) compa\u00f1\u00eda(s) aseguradora(s) adecuada(s).<\/li>\n<li>Preparamos su caso para juicio y \/ o negociamos un acuerdo aceptable.<\/li>\n<li>Protegemos sus derechos durante todo el proceso con un fuerte compromiso con el servicio al cliente y el cuidado.<\/li>\n<\/ul>\n<p>El bufete de abogados de Oresky &amp; Associates, PLLC est\u00e1 listo para ayudarlo a usted y a sus seres queridos. Nuestro personal biling\u00fce puede ayudar a recopilar evidencia, entrevistar testigos y ayudarlo a comprender el proceso de demostrar responsabilidad.<\/p>\n<h2>Cu\u00e1ndo Llamar a Oresky &amp; Associates, PLLC<\/h2>\n<p>Al igual que otros estados, New York tiene un estatuto de limitaciones, o plazo, que limita su tiempo para presentar una demanda. Cuando est\u00e1 presentando una reclamaci\u00f3n contra un municipio, debe presentar un aviso de reclamaci\u00f3n dentro de l\u00edmites de tiempo muy cortos prescritos por la ley antes de presentar una demanda. Adem\u00e1s, hay plazos estrictos para presentar beneficios sin culpa. Estos l\u00edmites de tiempo pueden impedir su reclamo de beneficios sin culpa que est\u00e1n provistos para cubrir sus gastos m\u00e9dicos y salarios perdidos hasta ciertos l\u00edmites, a menos que su reclamaci\u00f3n se presente a tiempo. Su aviso de reclamaci\u00f3n y demanda tambi\u00e9n deben presentarse dentro de plazos estrictos<\/p>\n<p>Si ha resultado lesionado en un accidente de autob\u00fas, llame a Oresky &amp; Associates, PLLC de inmediato para determinar qu\u00e9 plazos aplican a su caso. Perm\u00edtanos la oportunidad de proteger su reclamaci\u00f3n y luchar por sus derechos.<\/p>\n<h3>Da\u00f1os Compensatorios por un Accidente de Autob\u00fas<\/h3>\n<p><img loading=\"lazy\" decoding=\"async\" class=\"size-full wp-image-15217 alignright\" src=\"https:\/\/oreskylaw.com\/wp-content\/uploads\/2026\/01\/Why-Should-I-Hire-a-Personal-Injury-Lawyer.webp\" alt=\"construction accident attorney Bronx NY\" width=\"300\" height=\"199\" \/>Un accidente de autob\u00fas a menudo resulta en lesiones extensas que pueden mantenerlo fuera del trabajo y de su rutina diaria durante semanas, meses o m\u00e1s. Un abogado de accidentes de autob\u00fas evaluar\u00e1 objetivamente sus lesiones y da\u00f1os para buscar una compensaci\u00f3n por sus p\u00e9rdidas actuales y futuras.<\/p>\n<p>Algunos de los da\u00f1os asociados con un accidente de autob\u00fas pueden incluir:<\/p>\n<ul>\n<li>Da\u00f1os monetarios por dolor y sufrimiento pasado causado por lesiones<\/li>\n<li>Da\u00f1os monetarios por dolor y sufrimiento futuro causado por lesiones<\/li>\n<li>Tratamiento m\u00e9dico incluyendo ambulancia, cuidado urgente o de emergencia, cirug\u00eda, especialistas, hospitalizaci\u00f3n y cuidado de seguimiento<\/li>\n<li>Beneficios sindicales perdidos si aplica<\/li>\n<li>Medicamentos recetados y equipo m\u00e9dico<\/li>\n<li>P\u00e9rdida de servicios<\/li>\n<li>Dolor y sufrimiento<\/li>\n<li>Trauma emocional<\/li>\n<li>P\u00e9rdida de compa\u00f1\u00eda, consorcio, protecci\u00f3n o gu\u00eda<\/li>\n<li>Muerte injusta<\/li>\n<\/ul>\n<p>Usted merece concentrarse en su salud, recuperaci\u00f3n y seres queridos. Su abogado de accidentes de autob\u00fas puede brindarle tranquilidad mientras busca da\u00f1os por sus gastos y lesiones.<\/p>\n<h2>Cu\u00e1ntos Accidentes de Autob\u00fas Suceden<\/h2>\n<p>Los conductores de autob\u00fas en la ciudad de New York, como todos los conductores, deben a otros automovilistas un deber de cuidado para tomar medidas razonables con el fin de operar un autob\u00fas de manera segura. Los conductores de autob\u00fas deben someterse a una formaci\u00f3n extensa, pasar pruebas especializadas y seguir regulaciones para una conducci\u00f3n segura y responsable.<\/p>\n<p>Aun con estrictos est\u00e1ndares de seguridad, los accidentes de autob\u00fas suceden. Estos pueden ser causados por:<\/p>\n<ul>\n<li>Conducci\u00f3n distra\u00edda (incluyendo enviar mensajes de texto, comer o beber mientras se conduce)<\/li>\n<li>Conducci\u00f3n so\u00f1olienta<\/li>\n<li>Conducci\u00f3n bajo los efectos del alcohol o drogas<\/li>\n<li>Conducci\u00f3n imprudente que incluye exceso de velocidad y falta de ceder el paso<\/li>\n<li>Formaci\u00f3n insuficiente del conductor<\/li>\n<\/ul>\n<p>Si un conductor descuidado lo hiri\u00f3 a usted o a un miembro de su familia, usted no deber\u00eda tener que sufrir financieramente. Oresky &amp; Associates, PLLC buscar\u00e1 responsabilizar a la compa\u00f1\u00eda de autobuses o incluso a una autoridad gubernamental por sus lesiones y da\u00f1os.<\/p>\n","protected":false},"excerpt":{"rendered":"<p>Protegemos los Derechos de las V\u00edctimas de Negligencia M\u00e9dica Si ha sufrido lesiones durante un tratamiento m\u00e9dico, ya sea en un consultorio m\u00e9dico o un hospital, o si su m\u00e9dico no diagnostic\u00f3 una enfermedad, puede tener derecho a realizar una reclamaci\u00f3n legal por mala praxis m\u00e9dica. Hemos Servido al Bronx, Queens, Manhattan y el \u00c1rea [&hellip;]<\/p>\n","protected":false},"author":9,"featured_media":0,"parent":18614,"menu_order":79,"comment_status":"closed","ping_status":"closed","template":"","meta":{"_acf_changed":false,"footnotes":""},"class_list":["post-19071","page","type-page","status-publish","hentry"],"acf":[],"yoast_head":"<!-- This site is optimized with the Yoast SEO plugin v27.3 - https:\/\/yoast.com\/product\/yoast-seo-wordpress\/ -->\n<title>Abogado de Negligencia M\u00e9dica, NYC - Oresky &amp; Associates, PLLC<\/title>\n<meta name=\"description\" content=\"Si ha sufrido lesiones por negligencia m\u00e9dica en New York, nuestros abogados luchar\u00e1n por la justicia y compensaci\u00f3n que merece. \u00a1Ll\u00e1menos hoy mismo!\" \/>\n<meta name=\"robots\" content=\"index, follow, max-snippet:-1, max-image-preview:large, max-video-preview:-1\" \/>\n<link rel=\"canonical\" href=\"https:\/\/oreskylaw.com\/es\/nyc\/abogados-de-negligencia-medica\/\" \/>\n<meta property=\"og:locale\" content=\"es_ES\" \/>\n<meta property=\"og:type\" content=\"article\" \/>\n<meta property=\"og:title\" content=\"Abogado de Negligencia M\u00e9dica, NYC - Oresky &amp; Associates, PLLC\" \/>\n<meta property=\"og:description\" content=\"Si ha sufrido lesiones por negligencia m\u00e9dica en New York, nuestros abogados luchar\u00e1n por la justicia y compensaci\u00f3n que merece. \u00a1Ll\u00e1menos hoy mismo!\" \/>\n<meta property=\"og:url\" content=\"https:\/\/oreskylaw.com\/es\/nyc\/abogados-de-negligencia-medica\/\" \/>\n<meta property=\"og:site_name\" content=\"Oresky &amp; Associates, PLLC\" \/>\n<meta property=\"article:publisher\" content=\"https:\/\/www.facebook.com\/Oreskylaw\/\" \/>\n<meta property=\"article:modified_time\" content=\"2026-01-31T08:04:50+00:00\" \/>\n<meta property=\"og:image\" content=\"https:\/\/oreskylaw.com\/wp-content\/uploads\/2026\/01\/Why-Should-I-Hire-a-Personal-Injury-Lawyer.webp\" \/>\n\t<meta property=\"og:image:width\" content=\"300\" \/>\n\t<meta property=\"og:image:height\" content=\"199\" \/>\n\t<meta property=\"og:image:type\" content=\"image\/webp\" \/>\n<meta name=\"twitter:card\" content=\"summary_large_image\" \/>\n<meta name=\"twitter:site\" content=\"@JacobOreskyLaw\" \/>\n<meta name=\"twitter:label1\" content=\"Tiempo de lectura\" \/>\n\t<meta name=\"twitter:data1\" content=\"7 minutos\" \/>\n<!-- \/ Yoast SEO plugin. -->","yoast_head_json":{"title":"Abogado de Negligencia M\u00e9dica, NYC - Oresky & Associates, PLLC","description":"Si ha sufrido lesiones por negligencia m\u00e9dica en New York, nuestros abogados luchar\u00e1n por la justicia y compensaci\u00f3n que merece. \u00a1Ll\u00e1menos hoy mismo!","robots":{"index":"index","follow":"follow","max-snippet":"max-snippet:-1","max-image-preview":"max-image-preview:large","max-video-preview":"max-video-preview:-1"},"canonical":"https:\/\/oreskylaw.com\/es\/nyc\/abogados-de-negligencia-medica\/","og_locale":"es_ES","og_type":"article","og_title":"Abogado de Negligencia M\u00e9dica, NYC - Oresky & Associates, PLLC","og_description":"Si ha sufrido lesiones por negligencia m\u00e9dica en New York, nuestros abogados luchar\u00e1n por la justicia y compensaci\u00f3n que merece. \u00a1Ll\u00e1menos hoy mismo!","og_url":"https:\/\/oreskylaw.com\/es\/nyc\/abogados-de-negligencia-medica\/","og_site_name":"Oresky &amp; Associates, PLLC","article_publisher":"https:\/\/www.facebook.com\/Oreskylaw\/","article_modified_time":"2026-01-31T08:04:50+00:00","og_image":[{"width":300,"height":199,"url":"https:\/\/oreskylaw.com\/wp-content\/uploads\/2026\/01\/Why-Should-I-Hire-a-Personal-Injury-Lawyer.webp","type":"image\/webp"}],"twitter_card":"summary_large_image","twitter_site":"@JacobOreskyLaw","twitter_misc":{"Tiempo de lectura":"7 minutos"},"schema":{"@context":"https:\/\/schema.org","@graph":[{"@type":"WebPage","@id":"https:\/\/oreskylaw.com\/es\/nyc\/abogados-de-negligencia-medica\/","url":"https:\/\/oreskylaw.com\/es\/nyc\/abogados-de-negligencia-medica\/","name":"Abogado de Negligencia M\u00e9dica, NYC - Oresky & Associates, PLLC","isPartOf":{"@id":"https:\/\/oreskylaw.com\/es\/#website"},"primaryImageOfPage":{"@id":"https:\/\/oreskylaw.com\/es\/nyc\/abogados-de-negligencia-medica\/#primaryimage"},"image":{"@id":"https:\/\/oreskylaw.com\/es\/nyc\/abogados-de-negligencia-medica\/#primaryimage"},"thumbnailUrl":"https:\/\/oreskylaw.com\/wp-content\/uploads\/2026\/01\/Why-Should-I-Hire-a-Personal-Injury-Lawyer.webp","datePublished":"2026-01-19T07:13:24+00:00","dateModified":"2026-01-31T08:04:50+00:00","description":"Si ha sufrido lesiones por negligencia m\u00e9dica en New York, nuestros abogados luchar\u00e1n por la justicia y compensaci\u00f3n que merece. \u00a1Ll\u00e1menos hoy mismo!","breadcrumb":{"@id":"https:\/\/oreskylaw.com\/es\/nyc\/abogados-de-negligencia-medica\/#breadcrumb"},"inLanguage":"es","potentialAction":[{"@type":"ReadAction","target":["https:\/\/oreskylaw.com\/es\/nyc\/abogados-de-negligencia-medica\/"]}]},{"@type":"ImageObject","inLanguage":"es","@id":"https:\/\/oreskylaw.com\/es\/nyc\/abogados-de-negligencia-medica\/#primaryimage","url":"https:\/\/oreskylaw.com\/wp-content\/uploads\/2026\/01\/Why-Should-I-Hire-a-Personal-Injury-Lawyer.webp","contentUrl":"https:\/\/oreskylaw.com\/wp-content\/uploads\/2026\/01\/Why-Should-I-Hire-a-Personal-Injury-Lawyer.webp"},{"@type":"BreadcrumbList","@id":"https:\/\/oreskylaw.com\/es\/nyc\/abogados-de-negligencia-medica\/#breadcrumb","itemListElement":[{"@type":"ListItem","position":1,"name":"Inicio","item":"https:\/\/oreskylaw.com\/es\/"},{"@type":"ListItem","position":2,"name":"New York","item":"https:\/\/oreskylaw.com\/es\/nyc\/"},{"@type":"ListItem","position":3,"name":"Abogados Especialistas en Negligencia M\u00e9dica"}]},{"@type":"WebSite","@id":"https:\/\/oreskylaw.com\/es\/#website","url":"https:\/\/oreskylaw.com\/es\/","name":"Oresky & Associates PLLC","description":"","publisher":{"@id":"https:\/\/oreskylaw.com\/es\/#organization"},"potentialAction":[{"@type":"SearchAction","target":{"@type":"EntryPoint","urlTemplate":"https:\/\/oreskylaw.com\/es\/?s={search_term_string}"},"query-input":{"@type":"PropertyValueSpecification","valueRequired":true,"valueName":"search_term_string"}}],"inLanguage":"es"}]}},"_links":{"self":[{"href":"https:\/\/oreskylaw.com\/es\/wp-json\/wp\/v2\/pages\/19071","targetHints":{"allow":["GET"]}}],"collection":[{"href":"https:\/\/oreskylaw.com\/es\/wp-json\/wp\/v2\/pages"}],"about":[{"href":"https:\/\/oreskylaw.com\/es\/wp-json\/wp\/v2\/types\/page"}],"author":[{"embeddable":true,"href":"https:\/\/oreskylaw.com\/es\/wp-json\/wp\/v2\/users\/9"}],"replies":[{"embeddable":true,"href":"https:\/\/oreskylaw.com\/es\/wp-json\/wp\/v2\/comments?post=19071"}],"version-history":[{"count":0,"href":"https:\/\/oreskylaw.com\/es\/wp-json\/wp\/v2\/pages\/19071\/revisions"}],"up":[{"embeddable":true,"href":"https:\/\/oreskylaw.com\/es\/wp-json\/wp\/v2\/pages\/18614"}],"wp:attachment":[{"href":"https:\/\/oreskylaw.com\/es\/wp-json\/wp\/v2\/media?parent=19071"}],"curies":[{"name":"wp","href":"https:\/\/api.w.org\/{rel}","templated":true}]}}