{"id":19102,"date":"2025-12-09T08:17:59","date_gmt":"2025-12-09T08:17:59","guid":{"rendered":"https:\/\/oreskylaw.com\/?page_id=19102"},"modified":"2026-01-31T08:17:35","modified_gmt":"2026-01-31T08:17:35","slug":"abogados-de-abuso-en-residencias-de-ancianos","status":"publish","type":"page","link":"https:\/\/oreskylaw.com\/es\/nyc\/abogados-de-abuso-en-residencias-de-ancianos\/","title":{"rendered":"Abuso En Hogares de Ancianos"},"content":{"rendered":"<h2>Si usted o un ser querido ha enfrentado Abuso en Asilos No hay tiempo que perder<\/h2>\n<p>Los hogares de ancianos tienen la obligaci\u00f3n de proporcionar un ambiente seguro y limpio. Por desgracia, muchos hogares de ancianos se abstienen de mantener esta obligaci\u00f3n.<\/p>\n<h3>Defensa de las V\u00edctimas de Abuso de la cl\u00ednica de reposo durante m\u00e1s de 30 a\u00f1os<\/h3>\n<p>Si su c\u00f3nyuge o padre ha sufrido de\u00a0<strong>enfermer\u00eda abuso de inicio<\/strong>\u00a0o negligencia hogar de ancianos, no hay tiempo que perder. Si la situaci\u00f3n es peligrosa para la vida, llame al 9-1-1. A continuaci\u00f3n, conectar con un abogado de abuso de hogar de ancianos en la ciudad de New York. Vamos a identificar a los responsables, archivos necesarios quejas, y llevar a cabo da\u00f1os por dolor y sufrimiento.<\/p>\n<h2>Tipos de abuso en hogares de ancianos<\/h2>\n<p>Un abogado hogar de ancianos abuso puede ayudar a usted y su ser querido en todo tipo de casos de abuso de hogar de ancianos, incluyendo aquellos que implican:<\/p>\n<div class=\"row\">\n<ul class=\"col-xl-6\">\n<li>Abuso f\u00edsico<\/li>\n<li>Bed Sores<\/li>\n<li>Abuso emocional<\/li>\n<li>El abuso sexual<\/li>\n<li>El abuso financiero<\/li>\n<\/ul>\n<ul class=\"col-xl-6\">\n<li>El abuso verbal<\/li>\n<li>El abuso financiero<\/li>\n<li>Abandono<\/li>\n<li>La muerte injusta<\/li>\n<\/ul>\n<\/div>\n<p>Si usted o un ser querido sufre de abuso en un centro de enfermer\u00eda, busque ayuda legal inmediatamente. abuso de hogar de ancianos a menudo es un crimen no reportado que afecta a personas de edad avanzada impotentes. Las v\u00edctimas de abuso y negligencia hogar de ancianos a menudo son reacios a denunciar el abuso por miedo a que se intensificar\u00e1. No permita que el abuso contin\u00fae o no se denuncian. Podemos ayudarle si usted o un ser querido es v\u00edctima de abuso.<\/p>\n<h2>Un R\u00e9cord de \u00e9xito basado en el trabajo duro y la dedicaci\u00f3n<\/h2>\n<p>Cuando se trata de litigios, no hay tiempo que perder. Una vez llame a nuestra oficina, podemos comenzar a construir su caso en la b\u00fasqueda de su compensaci\u00f3n. En tres cortos pasos, su camino legal puede empezar hoy.<\/p>\n<ul>\n<li><strong>Evaluaci\u00f3n gratuita de casos:\u00a0<\/strong>Llame a nuestra oficina, env\u00edenos un correo electr\u00f3nico, o converse con nosotros en l\u00ednea para recibir una evaluaci\u00f3n gratuita de su caso.<\/li>\n<li><strong>Inscr\u00edbase:\u00a0<\/strong>Luego de la revisi\u00f3n gratuita a su caso, podemos crear su perfil de cliente y recopilar la informaci\u00f3n que usted disponga.<\/li>\n<li><strong>Inicie su recuperaci\u00f3n:<\/strong>\u00a0Nos hacemos cargo de su caso, actualiz\u00e1ndole en la medida que avanza. Usted puede concentrarse en su salud a la par que nos enfocamos en su caso.<\/li>\n<\/ul>\n<h2>Hemos recuperado millones de clientes de lesiones personales<\/h2>\n<p>Cualquier hogar de ancianos que permite o ignora los actos de abuso y abandono de hogar de ancianos deben rendir cuentas. Un abuso en hogares de ancianos y el abogado de la negligencia con Oresky &amp; Associates, PLLC reclamar da\u00f1os y perjuicios por los gastos tales como el dolor del pasado y el sufrimiento causado por las lesiones, el dolor futuro y el sufrimiento causados por lesiones, de emergencia o tratamiento m\u00e9dico rehabilitador, reubicaci\u00f3n y costos de mudanza, muerte por negligencia.<\/p>\n<p>Nuestros abogados de abuso de hogar de ancianos est\u00e1 confiada a su comodidad y confianza. Uno de nuestros clientes se ha dicho, \u201cque se asegur\u00f3 de que yo entend\u00eda todo sobre mi caso. Me hicieron sentir como si fuera parte de su familia \u201c. Ser\u00eda un honor para usted y su ser querido en nuestra familia bienvenida, tambi\u00e9n.<\/p>\n    <div class=\"cw-cta-box\">\n        <div class=\"cw-cta-box__inner \">\n            <div class=\"cw-cta-box__info\">\n                                    <div class=\"label\">\u00a1Llame ahora!<\/div>\n                            <\/div>\n                            <div class=\"contact-phone\">\n                    <a href=\"tel:7189939999\"\n                        aria-label=\"Tap to call button\">\n                        718-993-9999                    <\/a>\n                <\/div>\n                    <\/div>\n                    <a href=\"\/es\/contacto\/\"\n               class=\"cta-btn btn btn--primary btn\"\n               target=\"\">\n                Obtenga Una Consulta Gratuita            <\/a>\n            <\/div>\n    \n<h2>Nos luchar por sus derechos en el hogar de ancianos casos de maltrato<\/h2>\n<p><img loading=\"lazy\" decoding=\"async\" class=\"size-full wp-image-15285 alignright\" src=\"https:\/\/oreskylaw.com\/wp-content\/uploads\/2026\/01\/Help-With-Your-Bronx-Medical-Malpractice-Case.webp\" alt=\"construction accident attorney Bronx NY\" width=\"300\" height=\"215\" \/>Algunas de las v\u00edctimas de abuso en hogares de ancianos tienen miedo de buscar un abogado porque ellos (o sus familiares) no son ciudadanos.<\/p>\n<p>Un abogado de abuso de hogar de ancianos en la ciudad de New York desde nuestra firma le proteger\u00e1 y los derechos legales de su ser querido. Nuestros abuso en hogares de ancianos y negligencia abogados trabajan para usted sobre una base de contingencia. No nos debe honorarios legales a menos que y hasta que recuperemos compensaci\u00f3n \u00e9xito en su nombre.<\/p>\n<p>Nuestro equipo biling\u00fce amigable de abogados est\u00e1 listo para ayudar.<\/p>\n<p><strong>Podemos:<\/strong><\/p>\n<ul>\n<li>Evaluar su caso con una consulta gratuita<\/li>\n<li>Ayuda de enfermer\u00eda investigar el abuso o abandono casa<\/li>\n<li>Gu\u00eda que al informar el abuso de ancianos en un asilo de ancianos<\/li>\n<li>Conectar usted con la atenci\u00f3n m\u00e9dica e incluso usted y su ser querido acompa\u00f1ar si necesita servicios de traducci\u00f3n<\/li>\n<li>Reunir pruebas de abuso y abandono<\/li>\n<li>Valorar sus da\u00f1os por dolor y sufrimiento pasado y el futuro causado por lesiones<\/li>\n<li>Presentar una demanda de seguro y negociar una soluci\u00f3n aceptable<\/li>\n<li>Tome su caso a los tribunales si las negociaciones son satisfactorios<\/li>\n<\/ul>\n<p>Se encarg\u00f3 a un hogar de ancianos con su c\u00f3nyuge, padres, abuelos, u otro miembro de la familia. Cuando se rompe esta confianza, es normal que se sienta abrumado. Por favor llame Oresky &amp; Associates, PLLC hoy para una consulta gratuita. <a href=\"tel:+19295600687\">(929) 560-0687<\/a><\/p>\n<h2>C\u00f3mo estamos recuperar da\u00f1os monetarios en el hogar de ancianos casos de maltrato<\/h2>\n<p>Su ser querido se lesiona y ahora se enfrentan a los gastos de tratamiento m\u00e9dico, la reubicaci\u00f3n, y otras p\u00e9rdidas, por no mencionar el dolor y el sufrimiento de un evento tan traum\u00e1tico.<\/p>\n<p>Un abogado de abuso en hogares de ancianos va a construir un caso para demostrar la responsabilidad. Sabemos c\u00f3mo investigar los casos de abuso de hogar de ancianos con un cuidadoso proceso que incluye:<\/p>\n<ul>\n<li>Revisi\u00f3n de los registros m\u00e9dicos, resultados de pruebas y los informes para comprender el alcance completo de la lesi\u00f3n<\/li>\n<li>Solicitud de informaci\u00f3n sobre las instalaciones y los cuidadores, incluida la formaci\u00f3n, verificaci\u00f3n de antecedentes, y violaci\u00f3nes anteriores<\/li>\n<li>Asegurar el testimonio de m\u00e9dicos expertos, testigos y la polic\u00eda (o otros socorristas)<\/li>\n<li>Tomar fotos o videos de las lesiones de su ser querido, ropa rasgada, y otra evidencia fotogr\u00e1fica de abuso o negligencia<\/li>\n<\/ul>\n<p>Nuestra firma entiende enfermer\u00eda abuso en hogares y casos de negligencia y regulaciones estatales y federales pertinentes. Podemos informar de enfermer\u00eda abuso en hogares a las autoridades correspondientes a medida que trabajamos para recuperar los da\u00f1os en su nombre.<\/p>\n<h2>\u00bfPor qu\u00e9 Abuso hogar de ancianos y negligencia ocurre<\/h2>\n<p>Enfermer\u00eda abuso en hogares y el abandono pueden constituir actos criminales. Un abogado de abuso en hogares de ancianos puede informar de lo sucedido a las agencias apropiadas. Usted y su ser querido tienen el derecho de perseguir da\u00f1os cuando un hogar de ancianos no se atiene a su deber de proteger a un residente de cualquier da\u00f1o.<\/p>\n<p>No hay excusa para abusar de los ciudadanos m\u00e1s vulnerables. Muchas veces el descuido puede ser causada por:<\/p>\n<ul>\n<li>Formaci\u00f3n inadecuada<\/li>\n<li>Personal insuficiente que conduce a una alta relaci\u00f3n cuidador-a residente<\/li>\n<li>incompletas fondo cheques<\/li>\n<li>negligencia en la supervisi\u00f3n de los residentes, lo que lleva a la violencia o abuso entre residentes<\/li>\n<li>alta rotaci\u00f3n de empleados<\/li>\n<\/ul>\n<h2>Se\u00f1ales de advertencia: C\u00f3mo reconocer Enfermer\u00eda Abuso y Negligencia Inicio<\/h2>\n<p>cuidadores abusivos tienden a gravitar hacia las v\u00edctimas que est\u00e1n socialmente aislados o con discapacidades f\u00edsicas o cognitivas. Por eso, nuestros abogados de enfermer\u00eda abuso en hogares quieren que usted sea consciente de las se\u00f1ales de abuso, incluyendo:<\/p>\n<ul>\n<li>moretones, quemaduras, o cae<\/li>\n<li>sucio, aspecto descuidado y el espacio vital<\/li>\n<li>dinero u objetos de valor que faltan<\/li>\n<li>Apareciendo temeroso o agitado cuando abusador est\u00e1 presente<\/li>\n<li>Retirarse de las actividades favoritas o rechazar un tel\u00e9fono o visita en persona<\/li>\n<\/ul>\n<p>Si usted sospecha que su ser querido es v\u00edctima de abuso o negligencia hogar de ancianos, no espere. Es mejor ser proactivo que la inacci\u00f3n pesar si ocurre una tragedia.<\/p>\n","protected":false},"excerpt":{"rendered":"<p>Si usted o un ser querido ha enfrentado Abuso en Asilos No hay tiempo que perder Los hogares de ancianos tienen la obligaci\u00f3n de proporcionar un ambiente seguro y limpio. Por desgracia, muchos hogares de ancianos se abstienen de mantener esta obligaci\u00f3n. Defensa de las V\u00edctimas de Abuso de la cl\u00ednica de reposo durante m\u00e1s [&hellip;]<\/p>\n","protected":false},"author":9,"featured_media":0,"parent":18614,"menu_order":88,"comment_status":"closed","ping_status":"closed","template":"","meta":{"_acf_changed":false,"footnotes":""},"class_list":["post-19102","page","type-page","status-publish","hentry"],"acf":[],"yoast_head":"<!-- This site is optimized with the Yoast SEO plugin v27.3 - https:\/\/yoast.com\/product\/yoast-seo-wordpress\/ -->\n<title>Abogado de Abuso En Hogares de Ancianos, NYC - Oresky &amp; Associates, PLLC<\/title>\n<meta name=\"description\" content=\"\u00bfSospecha de abuso en un asilo? Nuestros abogados en NYC proteger\u00e1n a su ser querido y asegurar\u00e1n justicia. Llame a Oresky &amp; Associates, PLLC para consulta.\" \/>\n<meta name=\"robots\" content=\"index, follow, max-snippet:-1, max-image-preview:large, max-video-preview:-1\" \/>\n<link rel=\"canonical\" href=\"https:\/\/oreskylaw.com\/es\/nyc\/abogados-de-abuso-en-residencias-de-ancianos\/\" \/>\n<meta property=\"og:locale\" content=\"es_ES\" \/>\n<meta property=\"og:type\" content=\"article\" \/>\n<meta property=\"og:title\" content=\"Abogado de Abuso En Hogares de Ancianos, NYC - Oresky &amp; Associates, PLLC\" \/>\n<meta property=\"og:description\" content=\"\u00bfSospecha de abuso en un asilo? Nuestros abogados en NYC proteger\u00e1n a su ser querido y asegurar\u00e1n justicia. Llame a Oresky &amp; Associates, PLLC para consulta.\" \/>\n<meta property=\"og:url\" content=\"https:\/\/oreskylaw.com\/es\/nyc\/abogados-de-abuso-en-residencias-de-ancianos\/\" \/>\n<meta property=\"og:site_name\" content=\"Oresky &amp; Associates, PLLC\" \/>\n<meta property=\"article:publisher\" content=\"https:\/\/www.facebook.com\/Oreskylaw\/\" \/>\n<meta property=\"article:modified_time\" content=\"2026-01-31T08:17:35+00:00\" \/>\n<meta property=\"og:image\" content=\"https:\/\/oreskylaw.com\/wp-content\/uploads\/2026\/01\/Help-With-Your-Bronx-Medical-Malpractice-Case.webp\" \/>\n\t<meta property=\"og:image:width\" content=\"300\" \/>\n\t<meta property=\"og:image:height\" content=\"215\" \/>\n\t<meta property=\"og:image:type\" content=\"image\/webp\" \/>\n<meta name=\"twitter:card\" content=\"summary_large_image\" \/>\n<meta name=\"twitter:site\" content=\"@JacobOreskyLaw\" \/>\n<meta name=\"twitter:label1\" content=\"Tiempo de lectura\" \/>\n\t<meta name=\"twitter:data1\" content=\"6 minutos\" \/>\n<!-- \/ Yoast SEO plugin. -->","yoast_head_json":{"title":"Abogado de Abuso En Hogares de Ancianos, NYC - Oresky & Associates, PLLC","description":"\u00bfSospecha de abuso en un asilo? Nuestros abogados en NYC proteger\u00e1n a su ser querido y asegurar\u00e1n justicia. Llame a Oresky & Associates, PLLC para consulta.","robots":{"index":"index","follow":"follow","max-snippet":"max-snippet:-1","max-image-preview":"max-image-preview:large","max-video-preview":"max-video-preview:-1"},"canonical":"https:\/\/oreskylaw.com\/es\/nyc\/abogados-de-abuso-en-residencias-de-ancianos\/","og_locale":"es_ES","og_type":"article","og_title":"Abogado de Abuso En Hogares de Ancianos, NYC - Oresky & Associates, PLLC","og_description":"\u00bfSospecha de abuso en un asilo? Nuestros abogados en NYC proteger\u00e1n a su ser querido y asegurar\u00e1n justicia. Llame a Oresky & Associates, PLLC para consulta.","og_url":"https:\/\/oreskylaw.com\/es\/nyc\/abogados-de-abuso-en-residencias-de-ancianos\/","og_site_name":"Oresky &amp; Associates, PLLC","article_publisher":"https:\/\/www.facebook.com\/Oreskylaw\/","article_modified_time":"2026-01-31T08:17:35+00:00","og_image":[{"width":300,"height":215,"url":"https:\/\/oreskylaw.com\/wp-content\/uploads\/2026\/01\/Help-With-Your-Bronx-Medical-Malpractice-Case.webp","type":"image\/webp"}],"twitter_card":"summary_large_image","twitter_site":"@JacobOreskyLaw","twitter_misc":{"Tiempo de lectura":"6 minutos"},"schema":{"@context":"https:\/\/schema.org","@graph":[{"@type":"WebPage","@id":"https:\/\/oreskylaw.com\/es\/nyc\/abogados-de-abuso-en-residencias-de-ancianos\/","url":"https:\/\/oreskylaw.com\/es\/nyc\/abogados-de-abuso-en-residencias-de-ancianos\/","name":"Abogado de Abuso En Hogares de Ancianos, NYC - Oresky & Associates, PLLC","isPartOf":{"@id":"https:\/\/oreskylaw.com\/es\/#website"},"primaryImageOfPage":{"@id":"https:\/\/oreskylaw.com\/es\/nyc\/abogados-de-abuso-en-residencias-de-ancianos\/#primaryimage"},"image":{"@id":"https:\/\/oreskylaw.com\/es\/nyc\/abogados-de-abuso-en-residencias-de-ancianos\/#primaryimage"},"thumbnailUrl":"https:\/\/oreskylaw.com\/wp-content\/uploads\/2026\/01\/Help-With-Your-Bronx-Medical-Malpractice-Case.webp","datePublished":"2025-12-09T08:17:59+00:00","dateModified":"2026-01-31T08:17:35+00:00","description":"\u00bfSospecha de abuso en un asilo? Nuestros abogados en NYC proteger\u00e1n a su ser querido y asegurar\u00e1n justicia. Llame a Oresky & Associates, PLLC para consulta.","breadcrumb":{"@id":"https:\/\/oreskylaw.com\/es\/nyc\/abogados-de-abuso-en-residencias-de-ancianos\/#breadcrumb"},"inLanguage":"es","potentialAction":[{"@type":"ReadAction","target":["https:\/\/oreskylaw.com\/es\/nyc\/abogados-de-abuso-en-residencias-de-ancianos\/"]}]},{"@type":"ImageObject","inLanguage":"es","@id":"https:\/\/oreskylaw.com\/es\/nyc\/abogados-de-abuso-en-residencias-de-ancianos\/#primaryimage","url":"https:\/\/oreskylaw.com\/wp-content\/uploads\/2026\/01\/Help-With-Your-Bronx-Medical-Malpractice-Case.webp","contentUrl":"https:\/\/oreskylaw.com\/wp-content\/uploads\/2026\/01\/Help-With-Your-Bronx-Medical-Malpractice-Case.webp"},{"@type":"BreadcrumbList","@id":"https:\/\/oreskylaw.com\/es\/nyc\/abogados-de-abuso-en-residencias-de-ancianos\/#breadcrumb","itemListElement":[{"@type":"ListItem","position":1,"name":"Inicio","item":"https:\/\/oreskylaw.com\/es\/"},{"@type":"ListItem","position":2,"name":"New York","item":"https:\/\/oreskylaw.com\/es\/nyc\/"},{"@type":"ListItem","position":3,"name":"Abuso En Hogares de Ancianos"}]},{"@type":"WebSite","@id":"https:\/\/oreskylaw.com\/es\/#website","url":"https:\/\/oreskylaw.com\/es\/","name":"Oresky & Associates PLLC","description":"","publisher":{"@id":"https:\/\/oreskylaw.com\/es\/#organization"},"potentialAction":[{"@type":"SearchAction","target":{"@type":"EntryPoint","urlTemplate":"https:\/\/oreskylaw.com\/es\/?s={search_term_string}"},"query-input":{"@type":"PropertyValueSpecification","valueRequired":true,"valueName":"search_term_string"}}],"inLanguage":"es"}]}},"_links":{"self":[{"href":"https:\/\/oreskylaw.com\/es\/wp-json\/wp\/v2\/pages\/19102","targetHints":{"allow":["GET"]}}],"collection":[{"href":"https:\/\/oreskylaw.com\/es\/wp-json\/wp\/v2\/pages"}],"about":[{"href":"https:\/\/oreskylaw.com\/es\/wp-json\/wp\/v2\/types\/page"}],"author":[{"embeddable":true,"href":"https:\/\/oreskylaw.com\/es\/wp-json\/wp\/v2\/users\/9"}],"replies":[{"embeddable":true,"href":"https:\/\/oreskylaw.com\/es\/wp-json\/wp\/v2\/comments?post=19102"}],"version-history":[{"count":0,"href":"https:\/\/oreskylaw.com\/es\/wp-json\/wp\/v2\/pages\/19102\/revisions"}],"up":[{"embeddable":true,"href":"https:\/\/oreskylaw.com\/es\/wp-json\/wp\/v2\/pages\/18614"}],"wp:attachment":[{"href":"https:\/\/oreskylaw.com\/es\/wp-json\/wp\/v2\/media?parent=19102"}],"curies":[{"name":"wp","href":"https:\/\/api.w.org\/{rel}","templated":true}]}}