{"id":19113,"date":"2025-12-09T08:18:14","date_gmt":"2025-12-09T08:18:14","guid":{"rendered":"https:\/\/oreskylaw.com\/?page_id=19113"},"modified":"2026-01-31T08:19:30","modified_gmt":"2026-01-31T08:19:30","slug":"abogados-de-negligencia-en-residencias-de-ancianos","status":"publish","type":"page","link":"https:\/\/oreskylaw.com\/es\/nyc\/abogados-de-negligencia-en-residencias-de-ancianos\/","title":{"rendered":"Hogar De Ancianos Negligencia Abogados"},"content":{"rendered":"<h2>Contacte con nosotros si usted o un familiar tiene enfermer\u00eda experimentado Negligencia<\/h2>\n<p>Si usted tiene un ser querido que ha sufrido una lesi\u00f3n innecesaria debido a la falta de cuidado o negligencia de los operadores de hogares de ancianos o personal, el abogado Jacob Oresky puede ayudar.<\/p>\n<h3>Somos enfermer\u00eda experimentado Negligencia Abogados<\/h3>\n<p>Cuando se mueve a un ser querido en la vida asistida o un hogar de ancianos, que quieren que sus a\u00f1os de declive para ser lo m\u00e1s c\u00f3moda y menos dolorosa posible. Usted espera que los cuidadores se asegurar\u00e1n de que est\u00e1n bien cuidados, que se satisfacen sus necesidades diet\u00e9ticas y nutricionales, y que no est\u00e1 expuesto a un riesgo innecesario de sufrir lesiones. Por desgracia, la industria del hogar de ancianos es una industria con fines de lucro, y m\u00e1s a menudo que no, la l\u00ednea inferior tiene prioridad sobre el residente o el cuidado del paciente.<\/p>\n<p>Si usted tiene un ser querido que ha sufrido una lesi\u00f3n innecesaria debido a la falta de cuidado o\u00a0<strong>negligencia de los operadores de hogares de ancianos o personal<\/strong>, el abogado Jacob Oresky puede help.At el bufete de Oresky &amp; Associates, PLLC tenemos m\u00e1s de 30 a\u00f1os de experiencia en la protecci\u00f3n de los derechos de las v\u00edctimas de lesiones personales en Long Island y en todo el \u00e1rea de New York y alrededores, incluidas las personas que han sufrido lesiones innecesarias debido a hogar de ancianos negligencia \u00a0o abuso. Durante el \u00faltimo cuarto de siglo, hemos obtenido m\u00e1s de $ 300 millones en veredictos y acuerdos para nuestros clientes. Entendemos el impacto devastador de una lesi\u00f3n personal puede tener en cada aspecto de su vida, especialmente cuando usted est\u00e1 en sus a\u00f1os dorados. Tomamos un enfoque agresivo para litigios por lesiones personales, utilizando toda nuestra experiencia, conocimiento, experiencia y recursos para maximizar su recovery.All de nuestros clientes reciben una consulta inicial gratuita. Para concertar una cita, p\u00f3ngase en contacto con nuestra oficina en l\u00ednea o ll\u00e1menos al\u00a0<a href=\"tel:+19295600687\">(929) 560-0687<\/a>.<\/p>\n<h2>Nuestra Abuso de Hogar de Ancianos y Pr\u00e1ctica Abandono<\/h2>\n<p>sabemos que los residentes de hogares de ancianos a menudo no pueden hablar por s\u00ed mismos, por lo que abogamos tenazmente para personas mayores que han sido sometidos a un tratamiento il\u00edcito. Nos ocupamos de todo tipo de abuso de hogar de ancianos o descuido, como los casos de:<\/p>\n<ul>\n<li>Las escaras causada por la falta de regularidad de reposici\u00f3n pacientes postrados en cama<\/li>\n<li>La desnutrici\u00f3n o deshidrataci\u00f3n debido a una dieta inadecuada o deficiente seguimiento de los pacientes<\/li>\n<li>Los resbalones y ca\u00eddas como consecuencia de la supervisi\u00f3n inadecuada de los residentes<\/li>\n<li>Los errores de medicaci\u00f3n, incluyendo falta de administraci\u00f3n de medicamentos adecuados, los medicamentos que dan a veces inadecuado (antidepresivos en la ma\u00f1ana, por ejemplo), o dosis incorrectas<\/li>\n<li>El abuso f\u00edsico de los residentes<\/li>\n<\/ul>\n<p>Vamos a investigar a fondo los hechos y circunstancias que rodean a cualquier lesi\u00f3n a su ser querido. Tambi\u00e9n vamos a su defensor con el personal del hogar de ancianos, compa\u00f1\u00edas de seguros y otros.<\/p>\n<h2>Un R\u00e9cord de \u00e9xito basado en el trabajo duro y la dedicaci\u00f3n<\/h2>\n<p>Cuando se trata de litigios, no hay tiempo que perder. Una vez llame a nuestra oficina, podemos comenzar a construir su caso en la b\u00fasqueda de su compensaci\u00f3n. En tres cortos pasos, su camino legal puede empezar hoy.<\/p>\n<ul>\n<li><strong>Evaluaci\u00f3n gratuita de casos:\u00a0<\/strong>Llame a nuestra oficina, env\u00edenos un correo electr\u00f3nico, o converse con nosotros en l\u00ednea para recibir una evaluaci\u00f3n gratuita de su caso..<\/li>\n<li><strong>Inscr\u00edbase:\u00a0<\/strong>Luego de la revisi\u00f3n gratuita a su caso, podemos crear su perfil de cliente y recopilar la informaci\u00f3n que usted disponga.<\/li>\n<li><strong>Inicie su recuperaci\u00f3n:\u00a0<\/strong>Nos hacemos cargo de su caso, actualiz\u00e1ndole en la medida que avanza. Usted puede concentrarse en su salud a la par que nos enfocamos en su caso.<\/li>\n<\/ul>\n    <div class=\"cw-cta-box\">\n        <div class=\"cw-cta-box__inner \">\n            <div class=\"cw-cta-box__info\">\n                                    <div class=\"label\">\u00a1Llame ahora!<\/div>\n                            <\/div>\n                            <div class=\"contact-phone\">\n                    <a href=\"tel:7189939999\"\n                        aria-label=\"Tap to call button\">\n                        718-993-9999                    <\/a>\n                <\/div>\n                    <\/div>\n                    <a href=\"\/es\/contacto\/\"\n               class=\"cta-btn btn btn--primary btn\"\n               target=\"\">\n                Obtenga Una Consulta Gratuita            <\/a>\n            <\/div>\n    \n<h2>La lucha por los derechos de las v\u00edctimas del abuso y la negligencia cl\u00ednica de reposo<\/h2>\n<p>Para discutir sus opciones con un abogado, p\u00f3ngase en contacto con nuestra oficina en l\u00ednea o ll\u00e1menos al\u00a0<a href=\"tel:+19295600687\">(929) 560-0687<\/a> para hacer una cita. Nos podemos encontrar con ustedes las noches o los fines de semana, si es necesario.<\/p>\n<p>Tomamos todas las reclamaciones de negligencia hogar de ancianos en una base de contingencia. No habr\u00e1 ning\u00fan honorarios legales a menos que tengamos una compensaci\u00f3n por sus lesiones.<\/p>\n<p>En la oficina legal de Oresky &amp; Associates, PLLC, Ofrecemos la representaci\u00f3n de las personas que han sufrido lesiones en y alrededor del estado de New York, incluyendo la ciudad de New York, Bronx, Queens, Manhattan, Brooklyn (Kings County), Staten Island (condado de Richmond), Westchester, Long Island, Suffolk Condado y el condado de Nassau.<\/p>\n","protected":false},"excerpt":{"rendered":"<p>Contacte con nosotros si usted o un familiar tiene enfermer\u00eda experimentado Negligencia Si usted tiene un ser querido que ha sufrido una lesi\u00f3n innecesaria debido a la falta de cuidado o negligencia de los operadores de hogares de ancianos o personal, el abogado Jacob Oresky puede ayudar. Somos enfermer\u00eda experimentado Negligencia Abogados Cuando se mueve [&hellip;]<\/p>\n","protected":false},"author":9,"featured_media":0,"parent":18614,"menu_order":89,"comment_status":"closed","ping_status":"closed","template":"","meta":{"_acf_changed":false,"footnotes":""},"class_list":["post-19113","page","type-page","status-publish","hentry"],"acf":[],"yoast_head":"<!-- This site is optimized with the Yoast SEO plugin v27.3 - https:\/\/yoast.com\/product\/yoast-seo-wordpress\/ -->\n<title>Abogado de Negligencia en hogares de ancianos, NYC - Oresky &amp; Associates, PLLC<\/title>\n<meta name=\"description\" content=\"\u00bfSospecha que su ser querido sufre de negligencia en un asilo de ancianos en NYC? Nuestros abogados luchar\u00e1n por justicia y conseguir\u00e1n ayuda. \u00a1Ll\u00e1menos hoy!\" \/>\n<meta name=\"robots\" content=\"index, follow, max-snippet:-1, max-image-preview:large, max-video-preview:-1\" \/>\n<link rel=\"canonical\" href=\"https:\/\/oreskylaw.com\/es\/nyc\/abogados-de-negligencia-en-residencias-de-ancianos\/\" \/>\n<meta property=\"og:locale\" content=\"es_ES\" \/>\n<meta property=\"og:type\" content=\"article\" \/>\n<meta property=\"og:title\" content=\"Abogado de Negligencia en hogares de ancianos, NYC - Oresky &amp; Associates, PLLC\" \/>\n<meta property=\"og:description\" content=\"\u00bfSospecha que su ser querido sufre de negligencia en un asilo de ancianos en NYC? Nuestros abogados luchar\u00e1n por justicia y conseguir\u00e1n ayuda. \u00a1Ll\u00e1menos hoy!\" \/>\n<meta property=\"og:url\" content=\"https:\/\/oreskylaw.com\/es\/nyc\/abogados-de-negligencia-en-residencias-de-ancianos\/\" \/>\n<meta property=\"og:site_name\" content=\"Oresky &amp; Associates, PLLC\" \/>\n<meta property=\"article:publisher\" content=\"https:\/\/www.facebook.com\/Oreskylaw\/\" \/>\n<meta property=\"article:modified_time\" content=\"2026-01-31T08:19:30+00:00\" \/>\n<meta property=\"og:image\" content=\"https:\/\/oreskylaw.com\/wp-content\/uploads\/2026\/01\/oresky-team-careers.png\" \/>\n\t<meta property=\"og:image:width\" content=\"995\" \/>\n\t<meta property=\"og:image:height\" content=\"617\" \/>\n\t<meta property=\"og:image:type\" content=\"image\/png\" \/>\n<meta name=\"twitter:card\" content=\"summary_large_image\" \/>\n<meta name=\"twitter:site\" content=\"@JacobOreskyLaw\" \/>\n<meta name=\"twitter:label1\" content=\"Tiempo de lectura\" \/>\n\t<meta name=\"twitter:data1\" content=\"4 minutos\" \/>\n<!-- \/ Yoast SEO plugin. -->","yoast_head_json":{"title":"Abogado de Negligencia en hogares de ancianos, NYC - Oresky & Associates, PLLC","description":"\u00bfSospecha que su ser querido sufre de negligencia en un asilo de ancianos en NYC? Nuestros abogados luchar\u00e1n por justicia y conseguir\u00e1n ayuda. \u00a1Ll\u00e1menos hoy!","robots":{"index":"index","follow":"follow","max-snippet":"max-snippet:-1","max-image-preview":"max-image-preview:large","max-video-preview":"max-video-preview:-1"},"canonical":"https:\/\/oreskylaw.com\/es\/nyc\/abogados-de-negligencia-en-residencias-de-ancianos\/","og_locale":"es_ES","og_type":"article","og_title":"Abogado de Negligencia en hogares de ancianos, NYC - Oresky & Associates, PLLC","og_description":"\u00bfSospecha que su ser querido sufre de negligencia en un asilo de ancianos en NYC? Nuestros abogados luchar\u00e1n por justicia y conseguir\u00e1n ayuda. \u00a1Ll\u00e1menos hoy!","og_url":"https:\/\/oreskylaw.com\/es\/nyc\/abogados-de-negligencia-en-residencias-de-ancianos\/","og_site_name":"Oresky &amp; Associates, PLLC","article_publisher":"https:\/\/www.facebook.com\/Oreskylaw\/","article_modified_time":"2026-01-31T08:19:30+00:00","og_image":[{"width":995,"height":617,"url":"https:\/\/oreskylaw.com\/wp-content\/uploads\/2026\/01\/oresky-team-careers.png","type":"image\/png"}],"twitter_card":"summary_large_image","twitter_site":"@JacobOreskyLaw","twitter_misc":{"Tiempo de lectura":"4 minutos"},"schema":{"@context":"https:\/\/schema.org","@graph":[{"@type":"WebPage","@id":"https:\/\/oreskylaw.com\/es\/nyc\/abogados-de-negligencia-en-residencias-de-ancianos\/","url":"https:\/\/oreskylaw.com\/es\/nyc\/abogados-de-negligencia-en-residencias-de-ancianos\/","name":"Abogado de Negligencia en hogares de ancianos, NYC - Oresky & Associates, PLLC","isPartOf":{"@id":"https:\/\/oreskylaw.com\/es\/#website"},"datePublished":"2025-12-09T08:18:14+00:00","dateModified":"2026-01-31T08:19:30+00:00","description":"\u00bfSospecha que su ser querido sufre de negligencia en un asilo de ancianos en NYC? Nuestros abogados luchar\u00e1n por justicia y conseguir\u00e1n ayuda. \u00a1Ll\u00e1menos hoy!","breadcrumb":{"@id":"https:\/\/oreskylaw.com\/es\/nyc\/abogados-de-negligencia-en-residencias-de-ancianos\/#breadcrumb"},"inLanguage":"es","potentialAction":[{"@type":"ReadAction","target":["https:\/\/oreskylaw.com\/es\/nyc\/abogados-de-negligencia-en-residencias-de-ancianos\/"]}]},{"@type":"BreadcrumbList","@id":"https:\/\/oreskylaw.com\/es\/nyc\/abogados-de-negligencia-en-residencias-de-ancianos\/#breadcrumb","itemListElement":[{"@type":"ListItem","position":1,"name":"Inicio","item":"https:\/\/oreskylaw.com\/es\/"},{"@type":"ListItem","position":2,"name":"New York","item":"https:\/\/oreskylaw.com\/es\/nyc\/"},{"@type":"ListItem","position":3,"name":"Hogar De Ancianos Negligencia Abogados"}]},{"@type":"WebSite","@id":"https:\/\/oreskylaw.com\/es\/#website","url":"https:\/\/oreskylaw.com\/es\/","name":"Oresky & Associates PLLC","description":"","publisher":{"@id":"https:\/\/oreskylaw.com\/es\/#organization"},"potentialAction":[{"@type":"SearchAction","target":{"@type":"EntryPoint","urlTemplate":"https:\/\/oreskylaw.com\/es\/?s={search_term_string}"},"query-input":{"@type":"PropertyValueSpecification","valueRequired":true,"valueName":"search_term_string"}}],"inLanguage":"es"}]}},"_links":{"self":[{"href":"https:\/\/oreskylaw.com\/es\/wp-json\/wp\/v2\/pages\/19113","targetHints":{"allow":["GET"]}}],"collection":[{"href":"https:\/\/oreskylaw.com\/es\/wp-json\/wp\/v2\/pages"}],"about":[{"href":"https:\/\/oreskylaw.com\/es\/wp-json\/wp\/v2\/types\/page"}],"author":[{"embeddable":true,"href":"https:\/\/oreskylaw.com\/es\/wp-json\/wp\/v2\/users\/9"}],"replies":[{"embeddable":true,"href":"https:\/\/oreskylaw.com\/es\/wp-json\/wp\/v2\/comments?post=19113"}],"version-history":[{"count":0,"href":"https:\/\/oreskylaw.com\/es\/wp-json\/wp\/v2\/pages\/19113\/revisions"}],"up":[{"embeddable":true,"href":"https:\/\/oreskylaw.com\/es\/wp-json\/wp\/v2\/pages\/18614"}],"wp:attachment":[{"href":"https:\/\/oreskylaw.com\/es\/wp-json\/wp\/v2\/media?parent=19113"}],"curies":[{"name":"wp","href":"https:\/\/api.w.org\/{rel}","templated":true}]}}