{"id":19125,"date":"2025-12-09T08:18:42","date_gmt":"2025-12-09T08:18:42","guid":{"rendered":"https:\/\/oreskylaw.com\/?page_id=19125"},"modified":"2026-01-31T08:21:05","modified_gmt":"2026-01-31T08:21:05","slug":"abogados-de-accidentes-de-pintura","status":"publish","type":"page","link":"https:\/\/oreskylaw.com\/es\/nyc\/abogados-de-accidentes-de-pintura\/","title":{"rendered":"Accidentes relacionados con la pintura"},"content":{"rendered":"<h2>La pintura puede parecer un trabajo seguro, pero la realidad es que los pintores se enfrentan a muchos peligros.<\/h2>\n<p>Pintores que pintan, mancha, o aplicar cualquier otro recubrimiento de edificios u otras estructuras tienen ciertas protecciones bajo la Ley Laboral de New York, al igual que cualquier otro tipo de trabajador de la construcci\u00f3n.<\/p>\n<h3>Pintores de Accidentes abogados que representan a los residentes del Bronx, Queens, New York y en todo<\/h3>\n<p>La pintura puede parecer un trabajo seguro, pero la realidad es que los pintores se enfrentan a muchos peligros. Pintores que pintan, mancha, o aplicar cualquier otro recubrimiento de edificios u otras estructuras tienen ciertas protecciones bajo la Ley Laboral de New York, al igual que cualquier otro tipo de trabajador de la construcci\u00f3n. Si usted se lesion\u00f3 en un accidente relacionado con la pintura, usted puede tener derecho a una compensaci\u00f3n mucho m\u00e1s all\u00e1 del alcance de los beneficios de compensaci\u00f3n de trabajadores. En Oresky &amp; Associates, PLLC, nuestros abogados de accidentes de la construcci\u00f3n de Queens y el Bronx est\u00e1n dedicados a proporcionar una representaci\u00f3n completa y vigorosa en cada paso del camino. Con m\u00e1s de 30 a\u00f1os de experiencia, entendemos los matices de esta \u00e1rea de la ley y puede ayudar a luchar por todo lo que tiene derecho.<\/p>\n<h2>Tomando Acci\u00f3n Legal Despu\u00e9s de un accidente relacionado con la pintura<\/h2>\n<p>De acuerdo con la Administraci\u00f3n de Seguridad y Salud Ocupacional (OSHA), las ca\u00eddas se encuentran entre las principales causas de muertes en la industria de la construcci\u00f3n. En 2015, 364 de 937 muertes totales en la construcci\u00f3n se debi\u00f3 a ca\u00eddas. La Oficina de Estad\u00edsticas del Trabajo (BLS) encontr\u00f3 que en la ciudad de New York, cae en obras de construcci\u00f3n represent\u00f3 el 24 muertes en 2015. Los pintores, que a menudo est\u00e1n obligados a trabajar a alturas en las escaleras o andamios, pueden sufrir una variedad de lesiones como resultado de su la ca\u00edda de estos dispositivos, incluidos los miembros rotos, lesiones traum\u00e1ticas en la cabeza, lesiones de la m\u00e9dula espinal, fracturas faciales, lesiones de rodilla y lesiones en el cuello.<\/p>\n<h2>Un R\u00e9cord de \u00e9xito basado en el trabajo duro y la dedicaci\u00f3n<\/h2>\n<p>Cuando se trata de litigios, no hay tiempo que perder. Una vez llame a nuestra oficina, podemos comenzar a construir su caso en la b\u00fasqueda de su compensaci\u00f3n. En tres cortos pasos, su camino legal puede empezar hoy.<\/p>\n<ul>\n<li><strong>Evaluaci\u00f3n gratuita de casos:<\/strong>\u00a0Llame a nuestra oficina, env\u00edenos un correo electr\u00f3nico, o converse con nosotros en l\u00ednea para recibir una evaluaci\u00f3n gratuita de su caso.<\/li>\n<li><strong>Inscr\u00edbase:\u00a0<\/strong>Luego de la revisi\u00f3n gratuita a su caso, podemos crear su perfil de cliente y recopilar la informaci\u00f3n que usted disponga.<\/li>\n<li><strong>Inicie su recuperaci\u00f3n:<\/strong>\u00a0Nos hacemos cargo de su caso, actualiz\u00e1ndole en la medida que avanza. Usted puede concentrarse en su salud a la par que nos enfocamos en su caso.<\/li>\n<\/ul>\n<h2>Los da\u00f1os comprensi\u00f3n de un accidente Pintura<\/h2>\n<p><img loading=\"lazy\" decoding=\"async\" class=\"size-full wp-image-12587 alignleft\" src=\"https:\/\/oreskylaw.com\/wp-content\/uploads\/2026\/01\/if-Youre-Hurt-in-a-Bronx-Bridge-Painting-Accident.webp\" alt=\"construction accident attorney Bronx NY\" width=\"300\" height=\"169\" \/>Hay ciertas medidas de seguridad que deben seguirse para la pintura con el fin de reducir el riesgo de accidentes. Secci\u00f3n 240 de la Ley Laboral de New York, conocida como la Ley del Andamio, proporciona protege para los pintores. Esta ley otorga a los pintores y otros trabajadores que han sido heridos en accidentes relacionados con altura ciertos derechos a presentar una demanda contra el due\u00f1o de una propiedad y un contratista general. Ciertos propietarios y contratistas generales est\u00e1n obligados a proporcionar a los trabajadores con dispositivos de protecci\u00f3n contra ca\u00eddas, como arneses de seguridad, barandillas, andamios, escaleras seguras, redes de seguridad, y otros equipos. Por ejemplo, una fractura o una escalera o un andamio defectuoso que causa un pintor a caer a un edificio de apartamentos en construcci\u00f3n y sufrir lesiones podr\u00edan caracterizar una violaci\u00f3n de la Ley Laboral, art\u00edculo 240, con independencia de que el pintor era parte de la culpa.<\/p>\n<p>Si un pintor se lesiona mientras que la pintura en un edificio de apartamentos, tienda, sitio de la construcci\u00f3n comercial y otros lugares debido a la falta de dispositivos de seguridad o debido a los dispositivos de seguridad defectuosos, pueden asegurar\u00e1n la plena compensaci\u00f3n por gastos m\u00e9dicos, salarios perdidos, dolor y sufrimiento, beneficios de la uni\u00f3n perdidos y otros da\u00f1os. Estos da\u00f1os se otorgan, adem\u00e1s de los beneficios de compensaci\u00f3n, y cubren los costos que los beneficios de compensaci\u00f3n no cubren o no cubren totalmente. Secci\u00f3n 240 impone \u201cresponsabilidad absoluta\u201d en contra de ciertos propietarios y contratistas que no llega a proporcionar a los trabajadores con los dispositivos de seguridad adecuados, lo que significa que son totalmente responsables por el accidente, independientemente de la parte del trabajador de la culpa por el accidente. Por lo tanto, incluso si un trabajador era parte de la culpa por el accidente, la responsabilidad del acusado no se reduce.<\/p>\n","protected":false},"excerpt":{"rendered":"<p>La pintura puede parecer un trabajo seguro, pero la realidad es que los pintores se enfrentan a muchos peligros. Pintores que pintan, mancha, o aplicar cualquier otro recubrimiento de edificios u otras estructuras tienen ciertas protecciones bajo la Ley Laboral de New York, al igual que cualquier otro tipo de trabajador de la construcci\u00f3n. Pintores [&hellip;]<\/p>\n","protected":false},"author":9,"featured_media":0,"parent":18614,"menu_order":90,"comment_status":"closed","ping_status":"closed","template":"","meta":{"_acf_changed":false,"footnotes":""},"class_list":["post-19125","page","type-page","status-publish","hentry"],"acf":[],"yoast_head":"<!-- This site is optimized with the Yoast SEO plugin v27.3 - https:\/\/yoast.com\/product\/yoast-seo-wordpress\/ -->\n<title>Abogado de Accidentes de pintura, NYC - Oresky &amp; Associates, PLLC<\/title>\n<meta name=\"description\" content=\"\u00bfLesionado en un accidente relacionado con la pintura? Nuestros abogados luchar\u00e1n para obtener compensaci\u00f3n. Contacte a Oresky &amp; Associates, PLLC para consulta.\" \/>\n<meta name=\"robots\" content=\"index, follow, max-snippet:-1, max-image-preview:large, max-video-preview:-1\" \/>\n<link rel=\"canonical\" href=\"https:\/\/oreskylaw.com\/es\/nyc\/abogados-de-accidentes-de-pintura\/\" \/>\n<meta property=\"og:locale\" content=\"es_ES\" \/>\n<meta property=\"og:type\" content=\"article\" \/>\n<meta property=\"og:title\" content=\"Abogado de Accidentes de pintura, NYC - Oresky &amp; Associates, PLLC\" \/>\n<meta property=\"og:description\" content=\"\u00bfLesionado en un accidente relacionado con la pintura? Nuestros abogados luchar\u00e1n para obtener compensaci\u00f3n. Contacte a Oresky &amp; Associates, PLLC para consulta.\" \/>\n<meta property=\"og:url\" content=\"https:\/\/oreskylaw.com\/es\/nyc\/abogados-de-accidentes-de-pintura\/\" \/>\n<meta property=\"og:site_name\" content=\"Oresky &amp; Associates, PLLC\" \/>\n<meta property=\"article:publisher\" content=\"https:\/\/www.facebook.com\/Oreskylaw\/\" \/>\n<meta property=\"article:modified_time\" content=\"2026-01-31T08:21:05+00:00\" \/>\n<meta property=\"og:image\" content=\"https:\/\/oreskylaw.com\/wp-content\/uploads\/2026\/01\/if-Youre-Hurt-in-a-Bronx-Bridge-Painting-Accident.webp\" \/>\n\t<meta property=\"og:image:width\" content=\"300\" \/>\n\t<meta property=\"og:image:height\" content=\"169\" \/>\n\t<meta property=\"og:image:type\" content=\"image\/webp\" \/>\n<meta name=\"twitter:card\" content=\"summary_large_image\" \/>\n<meta name=\"twitter:site\" content=\"@JacobOreskyLaw\" \/>\n<meta name=\"twitter:label1\" content=\"Tiempo de lectura\" \/>\n\t<meta name=\"twitter:data1\" content=\"4 minutos\" \/>\n<!-- \/ Yoast SEO plugin. -->","yoast_head_json":{"title":"Abogado de Accidentes de pintura, NYC - Oresky & Associates, PLLC","description":"\u00bfLesionado en un accidente relacionado con la pintura? Nuestros abogados luchar\u00e1n para obtener compensaci\u00f3n. Contacte a Oresky & Associates, PLLC para consulta.","robots":{"index":"index","follow":"follow","max-snippet":"max-snippet:-1","max-image-preview":"max-image-preview:large","max-video-preview":"max-video-preview:-1"},"canonical":"https:\/\/oreskylaw.com\/es\/nyc\/abogados-de-accidentes-de-pintura\/","og_locale":"es_ES","og_type":"article","og_title":"Abogado de Accidentes de pintura, NYC - Oresky & Associates, PLLC","og_description":"\u00bfLesionado en un accidente relacionado con la pintura? Nuestros abogados luchar\u00e1n para obtener compensaci\u00f3n. Contacte a Oresky & Associates, PLLC para consulta.","og_url":"https:\/\/oreskylaw.com\/es\/nyc\/abogados-de-accidentes-de-pintura\/","og_site_name":"Oresky &amp; Associates, PLLC","article_publisher":"https:\/\/www.facebook.com\/Oreskylaw\/","article_modified_time":"2026-01-31T08:21:05+00:00","og_image":[{"width":300,"height":169,"url":"https:\/\/oreskylaw.com\/wp-content\/uploads\/2026\/01\/if-Youre-Hurt-in-a-Bronx-Bridge-Painting-Accident.webp","type":"image\/webp"}],"twitter_card":"summary_large_image","twitter_site":"@JacobOreskyLaw","twitter_misc":{"Tiempo de lectura":"4 minutos"},"schema":{"@context":"https:\/\/schema.org","@graph":[{"@type":"WebPage","@id":"https:\/\/oreskylaw.com\/es\/nyc\/abogados-de-accidentes-de-pintura\/","url":"https:\/\/oreskylaw.com\/es\/nyc\/abogados-de-accidentes-de-pintura\/","name":"Abogado de Accidentes de pintura, NYC - Oresky & Associates, PLLC","isPartOf":{"@id":"https:\/\/oreskylaw.com\/es\/#website"},"primaryImageOfPage":{"@id":"https:\/\/oreskylaw.com\/es\/nyc\/abogados-de-accidentes-de-pintura\/#primaryimage"},"image":{"@id":"https:\/\/oreskylaw.com\/es\/nyc\/abogados-de-accidentes-de-pintura\/#primaryimage"},"thumbnailUrl":"https:\/\/oreskylaw.com\/wp-content\/uploads\/2026\/01\/if-Youre-Hurt-in-a-Bronx-Bridge-Painting-Accident.webp","datePublished":"2025-12-09T08:18:42+00:00","dateModified":"2026-01-31T08:21:05+00:00","description":"\u00bfLesionado en un accidente relacionado con la pintura? Nuestros abogados luchar\u00e1n para obtener compensaci\u00f3n. Contacte a Oresky & Associates, PLLC para consulta.","breadcrumb":{"@id":"https:\/\/oreskylaw.com\/es\/nyc\/abogados-de-accidentes-de-pintura\/#breadcrumb"},"inLanguage":"es","potentialAction":[{"@type":"ReadAction","target":["https:\/\/oreskylaw.com\/es\/nyc\/abogados-de-accidentes-de-pintura\/"]}]},{"@type":"ImageObject","inLanguage":"es","@id":"https:\/\/oreskylaw.com\/es\/nyc\/abogados-de-accidentes-de-pintura\/#primaryimage","url":"https:\/\/oreskylaw.com\/wp-content\/uploads\/2026\/01\/if-Youre-Hurt-in-a-Bronx-Bridge-Painting-Accident.webp","contentUrl":"https:\/\/oreskylaw.com\/wp-content\/uploads\/2026\/01\/if-Youre-Hurt-in-a-Bronx-Bridge-Painting-Accident.webp"},{"@type":"BreadcrumbList","@id":"https:\/\/oreskylaw.com\/es\/nyc\/abogados-de-accidentes-de-pintura\/#breadcrumb","itemListElement":[{"@type":"ListItem","position":1,"name":"Inicio","item":"https:\/\/oreskylaw.com\/es\/"},{"@type":"ListItem","position":2,"name":"New York","item":"https:\/\/oreskylaw.com\/es\/nyc\/"},{"@type":"ListItem","position":3,"name":"Accidentes relacionados con la pintura"}]},{"@type":"WebSite","@id":"https:\/\/oreskylaw.com\/es\/#website","url":"https:\/\/oreskylaw.com\/es\/","name":"Oresky & Associates PLLC","description":"","publisher":{"@id":"https:\/\/oreskylaw.com\/es\/#organization"},"potentialAction":[{"@type":"SearchAction","target":{"@type":"EntryPoint","urlTemplate":"https:\/\/oreskylaw.com\/es\/?s={search_term_string}"},"query-input":{"@type":"PropertyValueSpecification","valueRequired":true,"valueName":"search_term_string"}}],"inLanguage":"es"}]}},"_links":{"self":[{"href":"https:\/\/oreskylaw.com\/es\/wp-json\/wp\/v2\/pages\/19125","targetHints":{"allow":["GET"]}}],"collection":[{"href":"https:\/\/oreskylaw.com\/es\/wp-json\/wp\/v2\/pages"}],"about":[{"href":"https:\/\/oreskylaw.com\/es\/wp-json\/wp\/v2\/types\/page"}],"author":[{"embeddable":true,"href":"https:\/\/oreskylaw.com\/es\/wp-json\/wp\/v2\/users\/9"}],"replies":[{"embeddable":true,"href":"https:\/\/oreskylaw.com\/es\/wp-json\/wp\/v2\/comments?post=19125"}],"version-history":[{"count":0,"href":"https:\/\/oreskylaw.com\/es\/wp-json\/wp\/v2\/pages\/19125\/revisions"}],"up":[{"embeddable":true,"href":"https:\/\/oreskylaw.com\/es\/wp-json\/wp\/v2\/pages\/18614"}],"wp:attachment":[{"href":"https:\/\/oreskylaw.com\/es\/wp-json\/wp\/v2\/media?parent=19125"}],"curies":[{"name":"wp","href":"https:\/\/api.w.org\/{rel}","templated":true}]}}