{"id":19136,"date":"2026-01-19T07:19:49","date_gmt":"2026-01-19T07:19:49","guid":{"rendered":"https:\/\/oreskylaw.com\/?page_id=19136"},"modified":"2026-01-31T08:22:53","modified_gmt":"2026-01-31T08:22:53","slug":"abogados-de-accidentes-de-peatones","status":"publish","type":"page","link":"https:\/\/oreskylaw.com\/es\/nyc\/abogados-de-accidentes-de-peatones\/","title":{"rendered":"Accidentes de Peatones"},"content":{"rendered":"<h2>Sirviendo Queens, el Bronx, Manhattan, ciudad de New York y durante m\u00e1s de 30 a\u00f1os<\/h2>\n<p>Si usted vive en el \u00e1rea metropolitana de New York, usted sabe que el caminar por la calle o en un paso de peatones a menudo puede ser una experiencia desgarradora.<\/p>\n<h3>Defendemos los derechos de las v\u00edctimas heridas en accidentes de peatones<\/h3>\n<p>Si usted vive en el \u00e1rea metropolitana de New York, usted sabe que el caminar por la calle o en un paso de peatones a menudo puede ser una experiencia desgarradora. De acuerdo con los Centros para el Control de Enfermedades (CDC), 5.376 peatones murieron en accidentes de tr\u00e1fico en los Estados Unidos en 2015. Esto da un promedio de una muerte relacionada con el tr\u00e1fico de peatones ocurren una vez cada 1.6 horas. La mayor\u00eda de los accidentes de peatones se producen en zonas urbanas como la ciudad de New York. Cuando no hay nada entre usted y un veh\u00edculo en movimiento, incluso si se est\u00e1 moviendo lentamente, sus lesiones pueden ser graves e incluso catastr\u00f3fico. De hecho, el estudio de los CDC mostr\u00f3 que un peat\u00f3n ten\u00eda muchas m\u00e1s posibilidades de morir en un accidente de coche que un pasajero.<\/p>\n<p>Si usted o un ser querido lesiones sufridas en un accidente de pedestiran, puede que se pregunte c\u00f3mo proceder con su caso y si es posible que tenga derecho a recuperar los da\u00f1os para cubrir las p\u00e9rdidas de ayuda que haya incurrido.<\/p>\n<h2>Sirviendo a la ciudad de New York por m\u00e1s de 30 a\u00f1os<\/h2>\n<p>Hemos estado ayudando a las v\u00edctimas de accidentes en New York por m\u00e1s de 30 a\u00f1os. Nuestro equipo ha ganado m\u00e1s de $ 400 millones de d\u00f3lares en acuerdos y veredictos para los clientes y sus familias. Algunos de los asentamientos de accidentes de peatones y veredictos que hemos obtenido son:<\/p>\n<ul>\n<li>$ 5 Millones premio muerte injusta para la familia de un peat\u00f3n que fue matado por autob\u00fas escolar<\/li>\n<li>$ 4.5 millones de premio muerte injusta para la familia de una de 81 a\u00f1os de edad peat\u00f3n que falleci\u00f3 de sus heridas<\/li>\n<li>$ 3.45 millones de premio a un peat\u00f3n atropellado por furgoneta comercial, que sufri\u00f3 fracturas en la pierna bilateral y lesiones en el hombro, lo que requiere m\u00faltiples cirug\u00edas<\/li>\n<li>$ 1.3 millones premio a un peat\u00f3n que sufri\u00f3 heridas graves despu\u00e9s de ser golpeado por un autom\u00f3vil<\/li>\n<li>$ 1.1 millones premio a un peat\u00f3n que sufri\u00f3 heridas graves despu\u00e9s de ser golpeado por un cami\u00f3n<\/li>\n<\/ul>\n<p>Nuestro equipo ha conseguido varios asentamientos de varios millones de d\u00f3lares y juicios veredicto para nuestros clientes de lesiones personales. Para ver m\u00e1s de nuestras historias de liquidaci\u00f3n de accidentes automovil\u00edsticos y otros \u00e9xitos del pasado, visite nuestra p\u00e1gina de casos Resultados.<\/p>\n<h2>Un R\u00e9cord de \u00e9xito basado en el trabajo duro y la dedicaci\u00f3n<\/h2>\n<p>Cuando se trata de litigios, no hay tiempo que perder. Una vez llame a nuestra oficina, podemos comenzar a construir su caso en la b\u00fasqueda de su compensaci\u00f3n. En tres cortos pasos, su camino legal puede empezar hoy.<\/p>\n<ul>\n<li><strong>Evaluaci\u00f3n gratuita de casos:<\/strong>\u00a0Llame a nuestra oficina, env\u00edenos un correo electr\u00f3nico, o converse con nosotros en l\u00ednea para recibir una evaluaci\u00f3n gratuita de su caso.<\/li>\n<li><strong>Inscr\u00edbase:<\/strong>\u00a0Luego de la revisi\u00f3n gratuita a su caso, podemos crear su perfil de cliente y recopilar la informaci\u00f3n que usted disponga.<\/li>\n<li><strong>Inicie su recuperaci\u00f3n:\u00a0<\/strong>Nos hacemos cargo de su caso, actualiz\u00e1ndole en la medida que avanza. Usted puede concentrarse en su salud a la par que nos enfocamos en su caso.<\/li>\n<\/ul>\n<h2>Me fue atropellado por un coche en New York. \u00bfCu\u00e1nto dinero puedo obtener?<\/h2>\n<p>No hay un valor predeterminado para un caso de accidente de peatones. Varios factores pueden afectar su liquidaci\u00f3n. Uno de los m\u00e1s importantes es la gravedad de su lesi\u00f3n.<\/p>\n<p>Oresky &amp; Associates, PLLC peleas de indemnizaci\u00f3n m\u00e1xima para usted y su familia. Compilamos evidencia que establezca la gravedad de su lesi\u00f3n, c\u00f3mo afecta a su vida diaria, y los costos y las p\u00e9rdidas que se incurra como resultado de su lesi\u00f3n.<\/p>\n<p>presentar sus reclamos, se re\u00fanen los documentos y pruebas, y puede incluso trabajar con los testigos expertos, incluyendo expertos m\u00e9dicos o especialistas profesionales que pueden hablar a sus lesiones y p\u00e9rdidas.<\/p>\n    <div class=\"cw-cta-box\">\n        <div class=\"cw-cta-box__inner \">\n            <div class=\"cw-cta-box__info\">\n                                    <div class=\"label\">\u00a1Llame ahora!<\/div>\n                            <\/div>\n                            <div class=\"contact-phone\">\n                    <a href=\"tel:7189939999\"\n                        aria-label=\"Tap to call button\">\n                        718-993-9999                    <\/a>\n                <\/div>\n                    <\/div>\n                    <a href=\"\/es\/contacto\/\"\n               class=\"cta-btn btn btn--primary btn\"\n               target=\"\">\n                Obtenga Una Consulta Gratuita            <\/a>\n            <\/div>\n    \n<h2>\u00bfCu\u00e1nto dinero puede demandar por despu\u00e9s de obtener atropellado por un coche en New York?<\/h2>\n<p><img loading=\"lazy\" decoding=\"async\" class=\"size-full wp-image-11679 alignright\" src=\"https:\/\/oreskylaw.com\/wp-content\/uploads\/2026\/01\/What-Type-of-Injuries-Do-Accidents-Cause.webp\" alt=\"construction accident attorney bronx ny\" width=\"300\" height=\"169\" \/>En el estado de New York, v\u00edctimas de negligencia puede demandar por p\u00e9rdidas econ\u00f3micas y p\u00e9rdidas no econ\u00f3micas. p\u00e9rdida econ\u00f3mica significa p\u00e9rdidas financieras. Eso incluye la compensaci\u00f3n por:<\/p>\n<ul>\n<li>El tratamiento m\u00e9dico<\/li>\n<li>honorarios de ambulancia<\/li>\n<li>La estancia hospitalaria<\/li>\n<li>Las visitas al m\u00e9dico<\/li>\n<li>Medicaci\u00f3n<\/li>\n<li>Diagn\u00f3stico, rayos X, tomograf\u00edas computarizadas, etc.<\/li>\n<li>La p\u00e9rdida de trabajo y salarios anteriores<\/li>\n<li>La p\u00e9rdida de trabajo futuro y los salarios futuros<\/li>\n<li>Perdidas beneficios de la uni\u00f3n<\/li>\n<\/ul>\n<p>Las p\u00e9rdidas no econ\u00f3micas son las que vienen sin un precio. Estas p\u00e9rdidas incluyen, pero no se limitan a:<\/p>\n<ul>\n<li>Los da\u00f1os monetarios para el dolor y el sufrimiento causados \u200b\u200bpor lesiones pasado<\/li>\n<li>Los da\u00f1os monetarios para el dolor y el sufrimiento causados \u200b\u200bpor lesiones futuro<\/li>\n<li>El impacto que el accidente ha tenido en su vida<\/li>\n<\/ul>\n<p><strong>Oresky &amp; Associates, PLLC<\/strong>\u00a0ha ayudado a miles de personas con sus casos de accidentes durante m\u00e1s de 30 a\u00f1os. Estamos listos para ayudarle a usted tambi\u00e9n. Ll\u00e1menos al\u00a0<a href=\"tel:+19295600687\">(929) 560-0687<\/a> para una consulta gratuita.<\/p>\n<h2>\u00bfQu\u00e9 es un accidente de peatones?<\/h2>\n<p>Un accidente de peatones es un accidente en el que un peat\u00f3n es atropellado por un veh\u00edculo de motor, incluyendo un autom\u00f3vil, cami\u00f3n o motocicleta. Con frecuencia, las lesiones sufridas por las v\u00edctimas de accidentes peatonales son graves o potencialmente mortales.<\/p>\n<h3>\u00bfQu\u00e9 hace peatonal Mean?<\/h3>\n<p>Un peat\u00f3n es una persona desplazamientos a pie o en silla de ruedas. Las calles de la ciudad de New York est\u00e1n llenas de peatones. A pesar de los grandes esfuerzos por parte del Departamento de Transporte de la Ciudad de New York para hacer las calles m\u00e1s seguras para los peatones, cada a\u00f1o cientos est\u00e1n gravemente heridos, e incluso asesinados, los desplazamientos a pie.<\/p>\n<p>De acuerdo con los Centros para el Control y Prevenci\u00f3n de Enfermedades, los peatones con mayor riesgo son los ni\u00f1os, adultos mayores, o aquellos bajo la influencia del alcohol.<\/p>\n<h3>\u00bfCu\u00e1l es la causa m\u00e1s frecuente de accidentes de peatones?<\/h3>\n<ul>\n<li><strong>Alcohol:<\/strong> De acuerdo con el CDC, casi la mitad de todas las muertes de peatones relacionados con el alcohol<\/li>\n<li><strong>Las altas velocidades:<\/strong> Los veh\u00edculos que viajan a altas velocidades suponen un gran riesgo de accidentes de peatones y el impacto directo de la gravedad de las lesiones de peatones<\/li>\n<\/ul>\n<p>Otras causas de accidentes de peatones incluyen:<\/p>\n<ul>\n<li>Los conductores no detenerse o ceder el paso a peatones.<\/li>\n<li>Los conductores distra\u00eddos, como los mensajes de texto y conducir o so\u00f1ar despierto.<\/li>\n<\/ul>\n<p>Oresky &amp; Associates, PLLC ha ayudado a miles de v\u00edctimas de accidentes construyen sus casos y establecen culpa, y le puede ayudar con su caso tambi\u00e9n. Podemos reunir pruebas para demostrar la negligencia del conductor y las verdaderas causas del accidente. Vamos a reunir pruebas que pueden incluir informes de accidentes, declaraciones de testigos, fotograf\u00edas, im\u00e1genes de vigilancia de v\u00eddeo, y mucho m\u00e1s. Podemos incluso el trabajo con especialistas en reconstrucci\u00f3n de accidentes para ayudarle a demostrar la responsabilidad por sus lesiones.<\/p>\n<h3>\u00bfC\u00f3mo es dolor y sufrimiento calculado para accidentes de peatones en New York?<\/h3>\n<p>Hay m\u00faltiples factores que se toman en cuenta al calcular el dolor y el sufrimiento. La extensi\u00f3n de una lesi\u00f3n influye mucho dolor y el sufrimiento de compensaci\u00f3n. Las lesiones graves pueden tener tiempos de recuperaci\u00f3n m\u00e1s largos y pueden conducir a una p\u00e9rdida en la \u201ccalidad de vida\u201d, que podr\u00eda afectar el dolor y el sufrimiento. En algunos casos, que la p\u00e9rdida de la calidad de vida puede ser permanente, como en el caso de una lesi\u00f3n que causa incapacidad permanente.<\/p>\n<p>Otras variables pueden afectar a las indemnizaciones por da\u00f1o tambi\u00e9n.<\/p>\n<h3>\u00bfPuede usted Sue para ser golpeado por un coche en New York?<\/h3>\n<p>Si. Si se puede demostrar que el conductor caus\u00f3 su accidente y lesiones, puede demandar. Los conductores no cumplen las leyes de conducci\u00f3n o no tomar el cuidado apropiado (como conducir mientras se est\u00e1 distra\u00eddo) son conductores negligentes.<\/p>\n<h2>\u00bfEs el peat\u00f3n siempre la culpa?<\/h2>\n<p>Bajo la ley de New York, los conductores en general, deben ceder el paso a los peatones, pero en algunos casos un conductor argumentan que un peat\u00f3n est\u00e1 en falta o parcialmente la culpa de un accidente. Si usted se lesion\u00f3 en un accidente de peatones y el conductor o una compa\u00f1\u00eda de seguros que dijeron que tienen la culpa, hable con un abogado de accidente de peatones en la ciudad de New York desde Oresky &amp; Associates, PLLC.<\/p>\n<p>Los ajustadores de seguros pueden llegar a las v\u00edctimas de accidentes de hablar con ellos sobre el accidente y c\u00f3mo sucedi\u00f3. Es importante recordar que el ajustador de seguros no es una parte neutral. Ellos est\u00e1n tomando decisiones para guardar el dinero de la compa\u00f1\u00eda de seguros y que a menudo incluye minimizar el valor de liquidaci\u00f3n. Tienes derechos.<\/p>\n<p>Podemos preparar su caso en contra de las alegaciones de aver\u00eda parcial para el accidente y lucha por la compensaci\u00f3n que merece. Preparamos su caso para el juicio desde el principio. Si una compa\u00f1\u00eda de seguros u otra parte se niega a llegar a un acuerdo justo, vamos a proceder a juicio, la evidencia actual de la responsabilidad del conductor, y luchar contra las acusaciones de culpa comparativa.<\/p>\n","protected":false},"excerpt":{"rendered":"<p>Sirviendo Queens, el Bronx, Manhattan, ciudad de New York y durante m\u00e1s de 30 a\u00f1os Si usted vive en el \u00e1rea metropolitana de New York, usted sabe que el caminar por la calle o en un paso de peatones a menudo puede ser una experiencia desgarradora. Defendemos los derechos de las v\u00edctimas heridas en accidentes [&hellip;]<\/p>\n","protected":false},"author":9,"featured_media":0,"parent":18614,"menu_order":86,"comment_status":"closed","ping_status":"closed","template":"","meta":{"_acf_changed":false,"footnotes":""},"class_list":["post-19136","page","type-page","status-publish","hentry"],"acf":[],"yoast_head":"<!-- This site is optimized with the Yoast SEO plugin v27.3 - https:\/\/yoast.com\/product\/yoast-seo-wordpress\/ -->\n<title>Abogado de Accidentes de Peatones, NYC - Oresky &amp; Associates, PLLC<\/title>\n<meta name=\"description\" content=\"Los accidentes peatonales pueden ser devastadores. Permita que nuestros abogados expertos en NYC manejen la batalla legal. Contacte nuestro bufete.\" \/>\n<meta name=\"robots\" content=\"index, follow, max-snippet:-1, max-image-preview:large, max-video-preview:-1\" \/>\n<link rel=\"canonical\" href=\"https:\/\/oreskylaw.com\/es\/nyc\/abogados-de-accidentes-de-peatones\/\" \/>\n<meta property=\"og:locale\" content=\"es_ES\" \/>\n<meta property=\"og:type\" content=\"article\" \/>\n<meta property=\"og:title\" content=\"Abogado de Accidentes de Peatones, NYC - Oresky &amp; Associates, PLLC\" \/>\n<meta property=\"og:description\" content=\"Los accidentes peatonales pueden ser devastadores. Permita que nuestros abogados expertos en NYC manejen la batalla legal. Contacte nuestro bufete.\" \/>\n<meta property=\"og:url\" content=\"https:\/\/oreskylaw.com\/es\/nyc\/abogados-de-accidentes-de-peatones\/\" \/>\n<meta property=\"og:site_name\" content=\"Oresky &amp; Associates, PLLC\" \/>\n<meta property=\"article:publisher\" content=\"https:\/\/www.facebook.com\/Oreskylaw\/\" \/>\n<meta property=\"article:modified_time\" content=\"2026-01-31T08:22:53+00:00\" \/>\n<meta property=\"og:image\" content=\"https:\/\/oreskylaw.com\/wp-content\/uploads\/2026\/01\/What-Type-of-Injuries-Do-Accidents-Cause.webp\" \/>\n\t<meta property=\"og:image:width\" content=\"300\" \/>\n\t<meta property=\"og:image:height\" content=\"169\" \/>\n\t<meta property=\"og:image:type\" content=\"image\/webp\" \/>\n<meta name=\"twitter:card\" content=\"summary_large_image\" \/>\n<meta name=\"twitter:site\" content=\"@JacobOreskyLaw\" \/>\n<meta name=\"twitter:label1\" content=\"Tiempo de lectura\" \/>\n\t<meta name=\"twitter:data1\" content=\"7 minutos\" \/>\n<!-- \/ Yoast SEO plugin. -->","yoast_head_json":{"title":"Abogado de Accidentes de Peatones, NYC - Oresky & Associates, PLLC","description":"Los accidentes peatonales pueden ser devastadores. Permita que nuestros abogados expertos en NYC manejen la batalla legal. Contacte nuestro bufete.","robots":{"index":"index","follow":"follow","max-snippet":"max-snippet:-1","max-image-preview":"max-image-preview:large","max-video-preview":"max-video-preview:-1"},"canonical":"https:\/\/oreskylaw.com\/es\/nyc\/abogados-de-accidentes-de-peatones\/","og_locale":"es_ES","og_type":"article","og_title":"Abogado de Accidentes de Peatones, NYC - Oresky & Associates, PLLC","og_description":"Los accidentes peatonales pueden ser devastadores. Permita que nuestros abogados expertos en NYC manejen la batalla legal. Contacte nuestro bufete.","og_url":"https:\/\/oreskylaw.com\/es\/nyc\/abogados-de-accidentes-de-peatones\/","og_site_name":"Oresky &amp; Associates, PLLC","article_publisher":"https:\/\/www.facebook.com\/Oreskylaw\/","article_modified_time":"2026-01-31T08:22:53+00:00","og_image":[{"width":300,"height":169,"url":"https:\/\/oreskylaw.com\/wp-content\/uploads\/2026\/01\/What-Type-of-Injuries-Do-Accidents-Cause.webp","type":"image\/webp"}],"twitter_card":"summary_large_image","twitter_site":"@JacobOreskyLaw","twitter_misc":{"Tiempo de lectura":"7 minutos"},"schema":{"@context":"https:\/\/schema.org","@graph":[{"@type":"WebPage","@id":"https:\/\/oreskylaw.com\/es\/nyc\/abogados-de-accidentes-de-peatones\/","url":"https:\/\/oreskylaw.com\/es\/nyc\/abogados-de-accidentes-de-peatones\/","name":"Abogado de Accidentes de Peatones, NYC - Oresky & Associates, PLLC","isPartOf":{"@id":"https:\/\/oreskylaw.com\/es\/#website"},"primaryImageOfPage":{"@id":"https:\/\/oreskylaw.com\/es\/nyc\/abogados-de-accidentes-de-peatones\/#primaryimage"},"image":{"@id":"https:\/\/oreskylaw.com\/es\/nyc\/abogados-de-accidentes-de-peatones\/#primaryimage"},"thumbnailUrl":"https:\/\/oreskylaw.com\/wp-content\/uploads\/2026\/01\/What-Type-of-Injuries-Do-Accidents-Cause.webp","datePublished":"2026-01-19T07:19:49+00:00","dateModified":"2026-01-31T08:22:53+00:00","description":"Los accidentes peatonales pueden ser devastadores. Permita que nuestros abogados expertos en NYC manejen la batalla legal. Contacte nuestro bufete.","breadcrumb":{"@id":"https:\/\/oreskylaw.com\/es\/nyc\/abogados-de-accidentes-de-peatones\/#breadcrumb"},"inLanguage":"es","potentialAction":[{"@type":"ReadAction","target":["https:\/\/oreskylaw.com\/es\/nyc\/abogados-de-accidentes-de-peatones\/"]}]},{"@type":"ImageObject","inLanguage":"es","@id":"https:\/\/oreskylaw.com\/es\/nyc\/abogados-de-accidentes-de-peatones\/#primaryimage","url":"https:\/\/oreskylaw.com\/wp-content\/uploads\/2026\/01\/What-Type-of-Injuries-Do-Accidents-Cause.webp","contentUrl":"https:\/\/oreskylaw.com\/wp-content\/uploads\/2026\/01\/What-Type-of-Injuries-Do-Accidents-Cause.webp"},{"@type":"BreadcrumbList","@id":"https:\/\/oreskylaw.com\/es\/nyc\/abogados-de-accidentes-de-peatones\/#breadcrumb","itemListElement":[{"@type":"ListItem","position":1,"name":"Inicio","item":"https:\/\/oreskylaw.com\/es\/"},{"@type":"ListItem","position":2,"name":"New York","item":"https:\/\/oreskylaw.com\/es\/nyc\/"},{"@type":"ListItem","position":3,"name":"Accidentes de Peatones"}]},{"@type":"WebSite","@id":"https:\/\/oreskylaw.com\/es\/#website","url":"https:\/\/oreskylaw.com\/es\/","name":"Oresky & Associates PLLC","description":"","publisher":{"@id":"https:\/\/oreskylaw.com\/es\/#organization"},"potentialAction":[{"@type":"SearchAction","target":{"@type":"EntryPoint","urlTemplate":"https:\/\/oreskylaw.com\/es\/?s={search_term_string}"},"query-input":{"@type":"PropertyValueSpecification","valueRequired":true,"valueName":"search_term_string"}}],"inLanguage":"es"}]}},"_links":{"self":[{"href":"https:\/\/oreskylaw.com\/es\/wp-json\/wp\/v2\/pages\/19136","targetHints":{"allow":["GET"]}}],"collection":[{"href":"https:\/\/oreskylaw.com\/es\/wp-json\/wp\/v2\/pages"}],"about":[{"href":"https:\/\/oreskylaw.com\/es\/wp-json\/wp\/v2\/types\/page"}],"author":[{"embeddable":true,"href":"https:\/\/oreskylaw.com\/es\/wp-json\/wp\/v2\/users\/9"}],"replies":[{"embeddable":true,"href":"https:\/\/oreskylaw.com\/es\/wp-json\/wp\/v2\/comments?post=19136"}],"version-history":[{"count":0,"href":"https:\/\/oreskylaw.com\/es\/wp-json\/wp\/v2\/pages\/19136\/revisions"}],"up":[{"embeddable":true,"href":"https:\/\/oreskylaw.com\/es\/wp-json\/wp\/v2\/pages\/18614"}],"wp:attachment":[{"href":"https:\/\/oreskylaw.com\/es\/wp-json\/wp\/v2\/media?parent=19136"}],"curies":[{"name":"wp","href":"https:\/\/api.w.org\/{rel}","templated":true}]}}