{"id":19147,"date":"2025-12-09T08:19:19","date_gmt":"2025-12-09T08:19:19","guid":{"rendered":"https:\/\/oreskylaw.com\/?page_id=19147"},"modified":"2026-04-10T00:03:17","modified_gmt":"2026-04-10T00:03:17","slug":"abogados-de-responsabilidad-de-locales","status":"publish","type":"page","link":"https:\/\/oreskylaw.com\/es\/nyc\/abogados-de-responsabilidad-de-locales\/","title":{"rendered":"Responsabilidad de las instalaciones"},"content":{"rendered":"<h2>Abogado de Responsabilidad de Propiedad en el Bronx<\/h2>\n<p>\u00bfUsted o un ser querido result\u00f3 lesionado debido a condiciones peligrosas en la propiedad de otra persona en el Bronx, NY? Los propietarios de propiedades en New York pueden ser considerados responsables por el mantenimiento negligente de la propiedad. Un abogado con experiencia en responsabilidad de propiedad en el Bronx de Oresky &#038; Associates, PLLC puede ayudarlo a luchar para recuperar compensaci\u00f3n por gastos m\u00e9dicos, salarios perdidos y m\u00e1s..<\/p>\n<p>Nuestros abogados tienen m\u00e1s de 30 a\u00f1os de experiencia ayudando a las v\u00edctimas de accidentes en NYC a recuperar una compensaci\u00f3n justa por sus lesiones. Debido a nuestro arduo trabajo, hemos recuperado m\u00e1s de $400 millones para nuestros clientes lesionados.<\/p>\n<p>Si ha resultado herido, comun\u00edquese con nuestras oficinas legales en el Bronx, New York o llame al (718) 993-9999 para programar una consulta gratuita hoy.<\/p>\n<h2>C\u00f3mo Oresky &#038; Associates, PLLC Puede Ayudar con una Reclamaci\u00f3n de Responsabilidad de Propiedad en el Bronx, NY<\/h2>\n<p>Hay innumerables formas en que puede resultar herido si un propietario no mantiene sus instalaciones. Aunque las leyes de responsabilidad de propiedad de New York exigen que los propietarios mantengan su propiedad, no todos siguen al pie de la letra la ley.<\/p>\n<p>En Oresky &#038; Associates, PLLC, tenemos m\u00e1s de 30 a\u00f1os de experiencia luchando por clientes como usted. Entendemos los desaf\u00edos que enfrenta y sabemos c\u00f3mo ayudarlo a superarlos.<\/p>\n<p>Contratar a un abogado de lesiones personales en el Bronx puede mejorar sus posibilidades de \u00e9xito de muchas maneras. Nuestro equipo:<\/p>\n<ul>\n<li>Realizar\u00e1 una investigaci\u00f3n y reunir\u00e1 evidencia para respaldar su caso.<\/li>\n<li>Localizar\u00e1 a todas las partes responsables.<\/li>\n<li>Evaluar\u00e1 el valor de su caso.<\/li>\n<li>Lo proteger\u00e1 si el propietario de la propiedad lo culpa por haberse lesionado.<\/li>\n<li>Consultar\u00e1 a expertos y especialistas para fortalecer su reclamo.<\/li>\n<li>Manejar\u00e1 todas las negociaciones y comunicaciones con el seguro.<\/li>\n<\/ul>\n<p>Nuestros abogados han sido calificados por Super Lawyers y han obtenido algunos de los acuerdos y veredictos m\u00e1s altos en New York. Tambi\u00e9n hemos estado enfrent\u00e1ndonos a compa\u00f1\u00edas de seguros y abogados defensores desde 1987. Sabemos lo que se necesita para ganar y pondremos toda la fuerza de nuestra experiencia a trabajar para usted.<\/p>\n<h2>\u00bfCu\u00e1nto Vale mi Caso de Responsabilidad de Propiedad en el Bronx?<\/h2>\n<p>Analizar los hechos espec\u00edficos de su caso es la \u00fanica forma de estimar el valor de su caso. Nuestros abogados examinar\u00e1n las circunstancias \u00fanicas de sus lesiones para determinar cu\u00e1nto vale su reclamo por lesiones personales.<\/p>\n<p>Los factores relevantes incluyen:<\/p>\n<ul>\n<li>El tipo de lesi\u00f3n que ha sufrido.<\/li>\n<li>La duraci\u00f3n de su recuperaci\u00f3n.<\/li>\n<li>El costo de su tratamiento m\u00e9dico y gastos.<\/li>\n<li>Sus ingresos perdidos.<\/li>\n<li>C\u00f3mo la lesi\u00f3n afectar\u00e1 su futuro, incluyendo su calidad de vida y capacidad para trabajar.<\/li>\n<li>La fortaleza de su caso de negligencia.<\/li>\n<li>Cobertura de seguro disponible.<\/li>\n<\/ul>\n<p>No espere que la compa\u00f1\u00eda de seguros simplemente acepte la evaluaci\u00f3n de sus da\u00f1os. En su lugar, empujar\u00e1n hacia atr\u00e1s y tratar\u00e1n de minimizar sus lesiones. Puede contar con nuestros abogados para ayudarle a luchar. Llame ahora para obtener m\u00e1s informaci\u00f3n sobre el valor de su caso hoy.<\/p>\n<h2>\u00bfQu\u00e9 Tipos de Da\u00f1os est\u00e1n Disponibles en un Caso de Responsabilidad de Propiedad?<\/h2>\n<p>Bajo las leyes de lesiones personales de New York, usted tiene derecho a da\u00f1os y perjuicios tanto por sus p\u00e9rdidas econ\u00f3micas como no econ\u00f3micas. Sin embargo, tendr\u00e1 que identificar todas las p\u00e9rdidas que haya sufrido antes de que la compa\u00f1\u00eda de seguros emita un cheque.<\/p>\n<h2>Da\u00f1os Econ\u00f3micos en New York<\/h2>\n<p>Sus da\u00f1os econ\u00f3micos son sus p\u00e9rdidas financieras. Dependiendo de los hechos, pueden incluir:<\/p>\n<ul>\n<li>Gastos m\u00e9dicos pasados y futuros.<\/li>\n<li>Salarios perdidos.<\/li>\n<li>Potencial de ganancias reducido.<\/li>\n<li>Terapia f\u00edsica.<\/li>\n<li>Cuidado de enfermer\u00eda.<\/li>\n<li>Asesoramiento.<\/li>\n<li>Da\u00f1os a la propiedad.<\/li>\n<\/ul>\n<p>La mayor\u00eda de sus da\u00f1os econ\u00f3micos estar\u00e1n respaldados por recibos y registros. Sin embargo, usted tambi\u00e9n tiene derecho a dinero por sus p\u00e9rdidas futuras, que pueden ser dif\u00edciles de calcular por su cuenta.<\/p>\n<h2>Da\u00f1os No Econ\u00f3micos en New York<\/h2>\n<p>Los da\u00f1os no econ\u00f3micos a menudo se llaman \u00abda\u00f1os por dolor y sufrimiento\u00bb. Ejemplos de los tipos de p\u00e9rdidas no financieras que puede sufrir incluyen:<\/p>\n<ul>\n<li>P\u00edldoras y sufrimientos f\u00edsicos.<\/li>\n<li>Angustia emocional.<\/li>\n<li>Disminuci\u00f3n de la calidad de vida.<\/li>\n<li>Desfiguraci\u00f3n f\u00edsica y cicatrices.<\/li>\n<li>Problemas de salud mental en curso, incluyendo ansiedad, depresi\u00f3n y TEPT.<\/li>\n<li>P\u00e9rdida de consorcio o da\u00f1o a las relaciones.<\/li>\n<\/ul>\n<p>Puede contar con nuestros abogados para luchar por cada d\u00f3lar que merece. Para obtener m\u00e1s informaci\u00f3n sobre c\u00f3mo podemos ayudar a maximizar su recuperaci\u00f3n financiera, llame a nuestro bufete de abogados hoy.<\/p>\n<h2>\u00bfPuedo Recuperar Da\u00f1os si se me Culpa por un Accidente en New York?<\/h2>\n<p>La responsabilidad compartida a menudo es un problema en los reclamos de responsabilidad de propiedad en la Ciudad de New York. Bajo las leyes de negligencia comparativa pura de New York, la responsabilidad se divide entre todas las partes involucradas en el caso. Si usted tuvo parte de la culpa, podr\u00eda ser responsable de su parte de los da\u00f1os.<\/p>\n<p>Su compensaci\u00f3n se reducir\u00e1 para tener en cuenta su porcentaje de culpa. Si usted fue 20% responsable, tiene derecho al 80% de sus da\u00f1os.<\/p>\n<h2>Nuestros Abogados de Responsabilidad de Propiedad en el Bronx Luchar\u00e1n para Recuperar Compensaci\u00f3n por Todas Sus Lesiones<\/h2>\n<p>Cualquier lesi\u00f3n inesperada puede tener consecuencias graves. En Oresky &#038; Associates, PLLC, lucharemos para recuperar la compensaci\u00f3n justa que se merece por todas sus lesiones, incluyendo:<\/p>\n<ul>\n<li>Huesos rotos.<\/li>\n<li>Lesiones nerviosas.<\/li>\n<li>Caderas rotas.<\/li>\n<li>Lesiones en manos y mu\u00f1ecas.<\/li>\n<li>Lesiones de rodilla.<\/li>\n<li>Da\u00f1o a tejidos blandos.<\/li>\n<li>Lesiones cerebrales traum\u00e1ticas.<\/li>\n<li>Lesiones de la m\u00e9dula espinal.<\/li>\n<li>Lesiones en la cabeza y el cuello.<\/li>\n<li>Conmociones cerebrales.<\/li>\n<li>Lesiones de espalda.<\/li>\n<li>Lesiones internas.<\/li>\n<li>Quemaduras.<\/li>\n<li>Lesiones por amputaci\u00f3n.<\/li>\n<li>Par\u00e1lisis.<\/li>\n<li>Lesiones catastr\u00f3ficas.<\/li>\n<li>Muerte por negligencia de un ser querido.<\/li>\n<\/ul>\n<p>Las lesiones pueden impactar su vida de maneras inesperadas. No deje que las compa\u00f1\u00edas de seguros le digan si sus lesiones son lo suficientemente graves como para tomar medidas legales. En cambio, llame a nuestro equipo legal para una evaluaci\u00f3n gratuita del caso hoy.<\/p>\n<h2>Contacte a un Abogado de Accidentes en el Bronx para Una Consulta Gratuita<\/h2>\n<p>Para obtener m\u00e1s informaci\u00f3n sobre c\u00f3mo un abogado de accidentes de construcci\u00f3n en Oresky &#038; Associates puede proteger sus derechos, ll\u00e1menos hoy para organizar una revisi\u00f3n gratuita de su caso. Estamos disponibles 24\/7 para acudir en su ayuda.<\/p>\n<p><a href=\"https:\/\/oreskylaw.com\/es\/contacto\/\">Consulta Gratuita<\/a><\/p>\n<h2>Descripci\u00f3n General de las Leyes de Responsabilidad de Propiedad en el Bronx, New York<\/h2>\n<p>Las leyes de responsabilidad de propiedad hacen responsable financieramente a los propietarios de propiedades negligentes cuando otros resultan heridos debido a condiciones inseguras en su propiedad.<\/p>\n<p>Los propietarios tienen el deber legal de mantener su propiedad en condiciones razonablemente seguras. Usted puede tener un caso v\u00e1lido de accidente de responsabilidad de propiedad si result\u00f3 herido visitando:<\/p>\n<ul>\n<li>Bares o restaurantes.<\/li>\n<li>Centros comerciales.<\/li>\n<li>Tiendas de comestibles.<\/li>\n<li>Clubes nocturnos.<\/li>\n<li>Edificios de oficinas.<\/li>\n<li>Hoteles.<\/li>\n<li>Hospitales.<\/li>\n<li>Edificios de apartamentos de alquiler.<\/li>\n<li>Arenas deportivas.<\/li>\n<li>Centros de entretenimiento.<\/li>\n<li>Estacionamientos o garajes.<\/li>\n<\/ul>\n<p>En Oresky &#038; Associates, PLLC, manejamos todo tipo de reclamaciones de responsabilidad de propiedad en el Bronx, incluyendo aquellas que involucran:<\/p>\n<ul>\n<li>Accidentes por resbalones y ca\u00eddas.<\/li>\n<li>Reclamos de seguridad negligente que involucran delitos de terceros.<\/li>\n<li>Mordeduras de perros y ataques de animales.<\/li>\n<li>Reclamos de mantenimiento de propiedad negligente.<\/li>\n<li>Iluminaci\u00f3n inadecuada.<\/li>\n<li>Chinches.<\/li>\n<li>Accidentes en el metro.<\/li>\n<li>Accidentes en parques infantiles.<\/li>\n<li>Accidentes en guarder\u00edas o escuelas.<\/li>\n<li>Lesiones por pintura con plomo.<\/li>\n<li>Accidentes en ascensores.<\/li>\n<li>Seguridad de hotel negligente.<\/li>\n<li>Ca\u00eddas en nieve y hielo.<\/li>\n<\/ul>\n<p>Pr\u00e1cticamente todos los propietarios de propiedades pueden ser considerados responsables por el mantenimiento negligente de la propiedad. Eso incluye propietarios de propiedades privadas, propietarios de negocios, agencias de transporte y otras autoridades gubernamentales responsables de mantener espacios p\u00fablicos.<\/p>\n<p>\u00bfTiene preguntas sobre sus derechos legales despu\u00e9s de un accidente en la propiedad de otra persona? Llame a nuestros abogados en el Bronx para programar una revisi\u00f3n gratuita de su caso hoy.<\/p>\n<h2>\u00bfC\u00f3mo Establezco Responsabilidad si Me Lesion\u00e9 en la Propiedad de Otra Persona en New York?<\/h2>\n<p>Los propietarios no son estrictamente responsables de todas las lesiones. En su lugar, son responsables de su propia negligencia. Para probar la negligencia, debe establecer:<\/p>\n<ul>\n<li>El deber legal de cuidado del propietario.<\/li>\n<li>Una violaci\u00f3n del deber.<\/li>\n<li>Causalidad, o que la violaci\u00f3n caus\u00f3 directamente su accidente.<\/li>\n<li>Da\u00f1os, o las lesiones que ha sufrido.<\/li>\n<\/ul>\n<p>Los casos de responsabilidad de propiedad a menudo giran en torno al deber de cuidado del propietario. En muchas jurisdicciones, un propietario tiene deberes de cuidado diferentes dependiendo de por qu\u00e9 est\u00e1 en las instalaciones. Por ejemplo, se espera que los due\u00f1os de negocios tengan un deber de cuidado elevado. El due\u00f1o del negocio es responsable de:<\/p>\n<ul>\n<li>Realizar inspecciones regulares de la propiedad para identificar cualquier peligro.<\/li>\n<li>Corregir condiciones de propiedad peligrosas dentro de un tiempo razonable.<\/li>\n<li>Proporcionar una advertencia adecuada sobre cualquier peligro que no se pueda corregir de inmediato.<\/li>\n<\/ul>\n<p>En estas jurisdicciones, los propietarios privados tambi\u00e9n tienen el deber de mantener su propiedad y advertir a los invitados, o licenciatarios, sobre condiciones de propiedad inseguras. Los intrusos tienen poco o ning\u00fan deber de cuidado.<\/p>\n<p>Sin embargo, en el estado de New York, el deber de un propietario no difiere seg\u00fan el estatus de un visitante. En cambio, los propietarios tienen un deber de cuidado razonable independientemente de por qu\u00e9 est\u00e1 en la propiedad. Esto significa que un propietario debe \u00abactuar razonablemente para mantener condiciones seguras a la vista de todas las circunstancias\u00bb, incluyendo la probabilidad de lesi\u00f3n, los costos de mitigar el riesgo y la presencia e identidad de los visitantes.<\/p>\n<p>Hay muchas maneras diferentes de probar su caso. Su abogado de responsabilidad de propiedad en el Bronx buscar\u00e1 la evidencia que necesita, incluyendo:<\/p>\n<ul>\n<li>Grabaciones de vigilancia por video.<\/li>\n<li>Testimonios de testigos presenciales.<\/li>\n<li>Registros de inspecci\u00f3n y mantenimiento.<\/li>\n<li>Evidencia sobre actividad criminal previa en el vecindario.<\/li>\n<li>Informaci\u00f3n sobre accidentes pasados en la propiedad.<\/li>\n<li>Informaci\u00f3n sobre violaciones de seguridad previas.<\/li>\n<li>Informes de la polic\u00eda.<\/li>\n<\/ul>\n<p>Nunca es demasiado pronto para hablar con un abogado. Si result\u00f3 lesionado, llame a Oresky &#038; Associates, PLLC para programar una consulta inicial gratuita hoy.<\/p>\n<h2>\u00bfCu\u00e1nto Tiempo Tengo para Presentar una Demanda por Responsabilidad de Propiedad en New York?<\/h2>\n<p>Solo tiene una cantidad limitada de tiempo para tomar medidas legales despu\u00e9s de una lesi\u00f3n. En New York, el estatuto de limitaciones en casos de lesiones personales es de tres a\u00f1os. Si no presenta una demanda por lesiones personales dentro de los tres a\u00f1os, simplemente pierde su derecho a la compensaci\u00f3n.<\/p>\n<p>Es posible que tenga menos tiempo para tomar medidas legales. Por ejemplo, si la MTA fue responsable de sus lesiones, tendr\u00e1 solo 90 d\u00edas para presentar un aviso de reclamaci\u00f3n ante la autoridad de tr\u00e1nsito.<\/p>\n<p>Comun\u00edquese con un Abogado de Responsabilidad de Propiedad en el Bronx para Una Consulta Gratuita<\/p>\n<p>No siempre es f\u00e1cil probar la responsabilidad si result\u00f3 herido en la propiedad de otra persona. Afortunadamente, no tiene que manejar su reclamo solo. Llame a un abogado de responsabilidad de propiedad en el Bronx de Oresky &#038; Associates, PLLC para obtener m\u00e1s informaci\u00f3n sobre c\u00f3mo podemos ayudarlo hoy.<\/p>\n","protected":false},"excerpt":{"rendered":"<p>Abogado de Responsabilidad de Propiedad en el Bronx \u00bfUsted o un ser querido result\u00f3 lesionado debido a condiciones peligrosas en la propiedad de otra persona en el Bronx, NY? Los propietarios de propiedades en New York pueden ser considerados responsables por el mantenimiento negligente de la propiedad. Un abogado con experiencia en responsabilidad de propiedad [&hellip;]<\/p>\n","protected":false},"author":9,"featured_media":0,"parent":18614,"menu_order":97,"comment_status":"closed","ping_status":"closed","template":"","meta":{"_acf_changed":false,"footnotes":""},"class_list":["post-19147","page","type-page","status-publish","hentry"],"acf":[],"yoast_head":"<!-- This site is optimized with the Yoast SEO plugin v27.4 - https:\/\/yoast.com\/product\/yoast-seo-wordpress\/ -->\n<title>Abogado de responsabilidad civil de locales en Nueva York - Oresky &amp; Associates, PLLC<\/title>\n<meta name=\"description\" content=\"Merece una compensaci\u00f3n si sufri\u00f3 lesiones en la propiedad ajena en Nueva York. Contacte a nuestros abogados hoy mismo para una revisi\u00f3n gratuita de su caso.\" \/>\n<meta name=\"robots\" content=\"index, follow, max-snippet:-1, max-image-preview:large, max-video-preview:-1\" \/>\n<link rel=\"canonical\" href=\"https:\/\/oreskylaw.com\/es\/nyc\/abogados-de-responsabilidad-de-locales\/\" \/>\n<meta property=\"og:locale\" content=\"es_ES\" \/>\n<meta property=\"og:type\" content=\"article\" \/>\n<meta property=\"og:title\" content=\"Abogado de responsabilidad civil de locales en Nueva York - Oresky &amp; Associates, PLLC\" \/>\n<meta property=\"og:description\" content=\"Merece una compensaci\u00f3n si sufri\u00f3 lesiones en la propiedad ajena en Nueva York. Contacte a nuestros abogados hoy mismo para una revisi\u00f3n gratuita de su caso.\" \/>\n<meta property=\"og:url\" content=\"https:\/\/oreskylaw.com\/es\/nyc\/abogados-de-responsabilidad-de-locales\/\" \/>\n<meta property=\"og:site_name\" content=\"Oresky &amp; Associates, PLLC\" \/>\n<meta property=\"article:publisher\" content=\"https:\/\/www.facebook.com\/Oreskylaw\/\" \/>\n<meta property=\"article:modified_time\" content=\"2026-04-10T00:03:17+00:00\" \/>\n<meta property=\"og:image\" content=\"https:\/\/oreskylaw.com\/wp-content\/uploads\/2026\/01\/oresky-team-careers.png\" \/>\n\t<meta property=\"og:image:width\" content=\"995\" \/>\n\t<meta property=\"og:image:height\" content=\"617\" \/>\n\t<meta property=\"og:image:type\" content=\"image\/png\" \/>\n<meta name=\"twitter:card\" content=\"summary_large_image\" \/>\n<meta name=\"twitter:site\" content=\"@JacobOreskyLaw\" \/>\n<meta name=\"twitter:label1\" content=\"Tiempo de lectura\" \/>\n\t<meta name=\"twitter:data1\" content=\"8 minutos\" \/>\n<!-- \/ Yoast SEO plugin. -->","yoast_head_json":{"title":"Abogado de responsabilidad civil de locales en Nueva York - Oresky & Associates, PLLC","description":"Merece una compensaci\u00f3n si sufri\u00f3 lesiones en la propiedad ajena en Nueva York. Contacte a nuestros abogados hoy mismo para una revisi\u00f3n gratuita de su caso.","robots":{"index":"index","follow":"follow","max-snippet":"max-snippet:-1","max-image-preview":"max-image-preview:large","max-video-preview":"max-video-preview:-1"},"canonical":"https:\/\/oreskylaw.com\/es\/nyc\/abogados-de-responsabilidad-de-locales\/","og_locale":"es_ES","og_type":"article","og_title":"Abogado de responsabilidad civil de locales en Nueva York - Oresky & Associates, PLLC","og_description":"Merece una compensaci\u00f3n si sufri\u00f3 lesiones en la propiedad ajena en Nueva York. Contacte a nuestros abogados hoy mismo para una revisi\u00f3n gratuita de su caso.","og_url":"https:\/\/oreskylaw.com\/es\/nyc\/abogados-de-responsabilidad-de-locales\/","og_site_name":"Oresky &amp; Associates, PLLC","article_publisher":"https:\/\/www.facebook.com\/Oreskylaw\/","article_modified_time":"2026-04-10T00:03:17+00:00","og_image":[{"width":995,"height":617,"url":"https:\/\/oreskylaw.com\/wp-content\/uploads\/2026\/01\/oresky-team-careers.png","type":"image\/png"}],"twitter_card":"summary_large_image","twitter_site":"@JacobOreskyLaw","twitter_misc":{"Tiempo de lectura":"8 minutos"},"schema":{"@context":"https:\/\/schema.org","@graph":[{"@type":"WebPage","@id":"https:\/\/oreskylaw.com\/es\/nyc\/abogados-de-responsabilidad-de-locales\/","url":"https:\/\/oreskylaw.com\/es\/nyc\/abogados-de-responsabilidad-de-locales\/","name":"Abogado de responsabilidad civil de locales en Nueva York - Oresky & Associates, PLLC","isPartOf":{"@id":"https:\/\/oreskylaw.com\/es\/#website"},"datePublished":"2025-12-09T08:19:19+00:00","dateModified":"2026-04-10T00:03:17+00:00","description":"Merece una compensaci\u00f3n si sufri\u00f3 lesiones en la propiedad ajena en Nueva York. Contacte a nuestros abogados hoy mismo para una revisi\u00f3n gratuita de su caso.","breadcrumb":{"@id":"https:\/\/oreskylaw.com\/es\/nyc\/abogados-de-responsabilidad-de-locales\/#breadcrumb"},"inLanguage":"es","potentialAction":[{"@type":"ReadAction","target":["https:\/\/oreskylaw.com\/es\/nyc\/abogados-de-responsabilidad-de-locales\/"]}]},{"@type":"BreadcrumbList","@id":"https:\/\/oreskylaw.com\/es\/nyc\/abogados-de-responsabilidad-de-locales\/#breadcrumb","itemListElement":[{"@type":"ListItem","position":1,"name":"Inicio","item":"https:\/\/oreskylaw.com\/es\/"},{"@type":"ListItem","position":2,"name":"New York","item":"https:\/\/oreskylaw.com\/es\/nyc\/"},{"@type":"ListItem","position":3,"name":"Responsabilidad de las instalaciones"}]},{"@type":"WebSite","@id":"https:\/\/oreskylaw.com\/es\/#website","url":"https:\/\/oreskylaw.com\/es\/","name":"Oresky & Associates PLLC","description":"","publisher":{"@id":"https:\/\/oreskylaw.com\/es\/#organization"},"potentialAction":[{"@type":"SearchAction","target":{"@type":"EntryPoint","urlTemplate":"https:\/\/oreskylaw.com\/es\/?s={search_term_string}"},"query-input":{"@type":"PropertyValueSpecification","valueRequired":true,"valueName":"search_term_string"}}],"inLanguage":"es"}]}},"_links":{"self":[{"href":"https:\/\/oreskylaw.com\/es\/wp-json\/wp\/v2\/pages\/19147","targetHints":{"allow":["GET"]}}],"collection":[{"href":"https:\/\/oreskylaw.com\/es\/wp-json\/wp\/v2\/pages"}],"about":[{"href":"https:\/\/oreskylaw.com\/es\/wp-json\/wp\/v2\/types\/page"}],"author":[{"embeddable":true,"href":"https:\/\/oreskylaw.com\/es\/wp-json\/wp\/v2\/users\/9"}],"replies":[{"embeddable":true,"href":"https:\/\/oreskylaw.com\/es\/wp-json\/wp\/v2\/comments?post=19147"}],"version-history":[{"count":0,"href":"https:\/\/oreskylaw.com\/es\/wp-json\/wp\/v2\/pages\/19147\/revisions"}],"up":[{"embeddable":true,"href":"https:\/\/oreskylaw.com\/es\/wp-json\/wp\/v2\/pages\/18614"}],"wp:attachment":[{"href":"https:\/\/oreskylaw.com\/es\/wp-json\/wp\/v2\/media?parent=19147"}],"curies":[{"name":"wp","href":"https:\/\/api.w.org\/{rel}","templated":true}]}}