{"id":19158,"date":"2025-12-09T08:19:43","date_gmt":"2025-12-09T08:19:43","guid":{"rendered":"https:\/\/oreskylaw.com\/?page_id=19158"},"modified":"2026-01-31T08:24:10","modified_gmt":"2026-01-31T08:24:10","slug":"abogados-de-accidentes-en-renovaciones","status":"publish","type":"page","link":"https:\/\/oreskylaw.com\/es\/nyc\/abogados-de-accidentes-en-renovaciones\/","title":{"rendered":"Accidentes Relacionados Con Renovaciones"},"content":{"rendered":"<h2>Si usted ha sido herido durante una renovaci\u00f3n Usted debe conocer sus derechos<\/h2>\n<p>Por desgracia, los beneficios son a menudo prioridad sobre la seguridad de los trabajadores en proyectos de renovaci\u00f3n y en la industria de la construcci\u00f3n en general.<\/p>\n<h3>Abogados en el Bronx y Queens a Promover heridas durante los proyectos de renovaci\u00f3n<\/h3>\n<p>Por desgracia, los beneficios son a menudo prioridad sobre la seguridad de los trabajadores en proyectos de renovaci\u00f3n y en la industria de la construcci\u00f3n en general. Si usted o un ser querido fue lesionado en un accidente relacionado con las renovaciones, usted puede tener derecho a una indemnizaci\u00f3n, adem\u00e1s de los beneficios de compensaci\u00f3n. En Oresky &amp; Associates, PLLC, nuestros abogados de accidentes de construcci\u00f3n Queens y el Bronx est\u00e1n comprometidos a proporcionar a los trabajadores lesionados con representaci\u00f3n vigorosa y compasiva a cada paso del camino. Con d\u00e9cadas de experiencia, hemos ayudado a muchas v\u00edctimas a recuperar la compensaci\u00f3n que est\u00e1n leg\u00edtimamente derecho a recibir, y le podemos ayudar tambi\u00e9n.<\/p>\n<h2>Reivindicaciones Basado en accidentes relacionados con renovaciones<\/h2>\n<p>proyectos de renovaci\u00f3n de construcci\u00f3n implican la realizaci\u00f3n de mejoras en un edificio o estructura existente. Las renovaciones pueden plantear riesgos de seguridad significativos para los trabajadores. la renovaci\u00f3n de edificios, por ejemplo, pueden requerir la evisceraci\u00f3n una estructura y materiales y equipos en movimiento hacia arriba y hacia abajo entre los pisos. Esto puede crear riesgos de los trabajadores que caen desde alturas y objetos pesados \u200b\u200bque caen sobre los trabajadores. trabajadores de la construcci\u00f3n que se lesionan en accidentes de actualizaci\u00f3n pueden pensar que no tienen opciones legales m\u00e1s all\u00e1 de la compensaci\u00f3n de trabajadores, pero esto est\u00e1 lejos de la imagen completa en muchos casos.<\/p>\n<h2>Un R\u00e9cord de \u00e9xito basado en el trabajo duro y la dedicaci\u00f3n<\/h2>\n<p>Cuando se trata de litigios, no hay tiempo que perder. Una vez llame a nuestra oficina, podemos comenzar a construir su caso en la b\u00fasqueda de su compensaci\u00f3n. En tres cortos pasos, su camino legal puede empezar hoy.<\/p>\n<ul>\n<li><strong>Evaluaci\u00f3n gratuita de casos:<\/strong>\u00a0Llame a nuestra oficina, env\u00edenos un correo electr\u00f3nico, o converse con nosotros en l\u00ednea para recibir una evaluaci\u00f3n gratuita de su caso.<\/li>\n<li><strong>Inscr\u00edbase:\u00a0<\/strong>Luego de la revisi\u00f3n gratuita a su caso, podemos crear su perfil de cliente y recopilar la informaci\u00f3n que usted disponga.<\/li>\n<li><strong>Inicie su recuperaci\u00f3n:<\/strong>\u00a0Nos hacemos cargo de su caso, actualiz\u00e1ndole en la medida que avanza. Usted puede concentrarse en su salud a la par que nos enfocamos en su caso.<\/li>\n<\/ul>\n    <div class=\"cw-cta-box\">\n        <div class=\"cw-cta-box__inner \">\n            <div class=\"cw-cta-box__info\">\n                                    <div class=\"label\">\u00a1Llame ahora!<\/div>\n                            <\/div>\n                            <div class=\"contact-phone\">\n                    <a href=\"tel:7189939999\"\n                        aria-label=\"Tap to call button\">\n                        718-993-9999                    <\/a>\n                <\/div>\n                    <\/div>\n                    <a href=\"\/es\/contacto\/\"\n               class=\"cta-btn btn btn--primary btn\"\n               target=\"\">\n                Obtenga Una Consulta Gratuita            <\/a>\n            <\/div>\n    \n<h2>New York Construcci\u00f3n y Renovaci\u00f3n La ley de accidentes<\/h2>\n<p><img loading=\"lazy\" decoding=\"async\" class=\"size-full wp-image-10845 alignleft\" src=\"https:\/\/oreskylaw.com\/wp-content\/uploads\/2025\/12\/66aa28ebb6e9f3dd66b44e23_65bb8a4723707f44afa7c6d6_65b3767d097a0d0167a0351f_How-Can-an-Injury-Attorney-Help-Me-After-an-Accident.jpg\" alt=\"attorney handshake\" width=\"300\" height=\"195\" srcset=\"https:\/\/oreskylaw.com\/wp-content\/uploads\/2025\/12\/66aa28ebb6e9f3dd66b44e23_65bb8a4723707f44afa7c6d6_65b3767d097a0d0167a0351f_How-Can-an-Injury-Attorney-Help-Me-After-an-Accident.jpg 300w, https:\/\/oreskylaw.com\/wp-content\/uploads\/2025\/12\/66aa28ebb6e9f3dd66b44e23_65bb8a4723707f44afa7c6d6_65b3767d097a0d0167a0351f_How-Can-an-Injury-Attorney-Help-Me-After-an-Accident-91x58.jpg 91w\" sizes=\"auto, (max-width: 300px) 100vw, 300px\" \/>Secciones 200, 240 y 241 (6) de la Ley del Trabajo de New York ofrecen una protecci\u00f3n especial para muchos de los trabajadores que se lesionan en accidentes de construcci\u00f3n. Estas leyes requieren que ciertos propietarios y contratistas para cumplir con los deberes no delegables a los trabajadores, lo que significa que pueden ser incluso responsables si contratan a otras empresas para hacer ciertas tareas o mantener la caja fuerte emplazamiento de la obra. Cuando un trabajador se lesiona debido a violaci\u00f3nes de las Secciones 200, 240, o 241 (6), que a menudo son derecho a una indemnizaci\u00f3n por encima y m\u00e1s all\u00e1 de los beneficios de compensaci\u00f3n de los trabajadores.<\/p>\n<p>Secci\u00f3n 200 requiere que los propietarios y contratistas de tomar medidas razonables para proporcionar un ambiente seguro para los trabajadores. Si un trabajador se duele debido a un lugar de trabajo inseguro, ese trabajador probabilidades tendr\u00e1 derecho a una indemnizaci\u00f3n.<\/p>\n<p>Secci\u00f3n 240, conocida como la Ley del Andamio, obliga a los propietarios y contratistas para proteger a los trabajadores contra las ca\u00eddas desde alturas y ca\u00edda de objetos. En virtud de esta disposici\u00f3n, el propietario o el contratista es responsable del 100%, o \u201cabsolutamente\u201d responsables, por lesiones relacionadas con altura de un trabajador si se puede demostrar que una violaci\u00f3n de la Secci\u00f3n 240 fue la causa inmediata de la lesi\u00f3n. Por ejemplo, si un trabajador cae a trav\u00e9s de suelos provisionales que se derrumb\u00f3 porque estaba asegurada de forma inadecuada, ese trabajador ser\u00eda capaz de obtener compensaci\u00f3n bajo leyes estatales de New York Secci\u00f3n 240.<\/p>\n<p>Secci\u00f3n 241 (6) obliga a los propietarios y contratistas para operar las obras de construcci\u00f3n de una determinada manera y proporcionar equipo de seguridad espec\u00edfico para todos los trabajadores. Si estos requisitos no se cumplen, o no se proporciona equipo de seguridad, un trabajador lesionado ser\u00e1 capaz de recuperar los da\u00f1os despu\u00e9s de un accidente.<\/p>\n<p>Un due\u00f1o de la propiedad o contratista que se encuentra responsables pueden ser obligados a pagar por todos los gastos relacionados con el accidente de un trabajador, incluyendo los gastos m\u00e9dicos, el tratamiento y los costes de rehabilitaci\u00f3n, salarios perdidos, dolor y sufrimiento, y m\u00e1s. Estos da\u00f1os son mucho m\u00e1s amplio que lo que est\u00e1 disponible a trav\u00e9s del sistema de compensaci\u00f3n de trabajadores. Por ejemplo, compensaci\u00f3n de trabajadores proporciona s\u00f3lo parcial en lugar de reemplazo del salario total.<\/p>\n","protected":false},"excerpt":{"rendered":"<p>Si usted ha sido herido durante una renovaci\u00f3n Usted debe conocer sus derechos Por desgracia, los beneficios son a menudo prioridad sobre la seguridad de los trabajadores en proyectos de renovaci\u00f3n y en la industria de la construcci\u00f3n en general. Abogados en el Bronx y Queens a Promover heridas durante los proyectos de renovaci\u00f3n Por [&hellip;]<\/p>\n","protected":false},"author":9,"featured_media":0,"parent":18614,"menu_order":100,"comment_status":"closed","ping_status":"closed","template":"","meta":{"_acf_changed":false,"footnotes":""},"class_list":["post-19158","page","type-page","status-publish","hentry"],"acf":[],"yoast_head":"<!-- This site is optimized with the Yoast SEO plugin v27.3 - https:\/\/yoast.com\/product\/yoast-seo-wordpress\/ -->\n<title>Abogado de Accidentes de Renovaciones, NYC - Oresky &amp; Associates, PLLC<\/title>\n<meta name=\"description\" content=\"Accidentes de renovaci\u00f3n pueden provocar lesiones graves. Permita que nuestros abogados expertos en NYC le ayuden. Ll\u00e1menos ahora para una consulta.\" \/>\n<meta name=\"robots\" content=\"index, follow, max-snippet:-1, max-image-preview:large, max-video-preview:-1\" \/>\n<link rel=\"canonical\" href=\"https:\/\/oreskylaw.com\/es\/nyc\/abogados-de-accidentes-en-renovaciones\/\" \/>\n<meta property=\"og:locale\" content=\"es_ES\" \/>\n<meta property=\"og:type\" content=\"article\" \/>\n<meta property=\"og:title\" content=\"Abogado de Accidentes de Renovaciones, NYC - Oresky &amp; Associates, PLLC\" \/>\n<meta property=\"og:description\" content=\"Accidentes de renovaci\u00f3n pueden provocar lesiones graves. Permita que nuestros abogados expertos en NYC le ayuden. Ll\u00e1menos ahora para una consulta.\" \/>\n<meta property=\"og:url\" content=\"https:\/\/oreskylaw.com\/es\/nyc\/abogados-de-accidentes-en-renovaciones\/\" \/>\n<meta property=\"og:site_name\" content=\"Oresky &amp; Associates, PLLC\" \/>\n<meta property=\"article:publisher\" content=\"https:\/\/www.facebook.com\/Oreskylaw\/\" \/>\n<meta property=\"article:modified_time\" content=\"2026-01-31T08:24:10+00:00\" \/>\n<meta property=\"og:image\" content=\"https:\/\/oreskylaw.com\/wp-content\/uploads\/2025\/12\/66aa28ebb6e9f3dd66b44e23_65bb8a4723707f44afa7c6d6_65b3767d097a0d0167a0351f_How-Can-an-Injury-Attorney-Help-Me-After-an-Accident.jpg\" \/>\n\t<meta property=\"og:image:width\" content=\"300\" \/>\n\t<meta property=\"og:image:height\" content=\"195\" \/>\n\t<meta property=\"og:image:type\" content=\"image\/jpeg\" \/>\n<meta name=\"twitter:card\" content=\"summary_large_image\" \/>\n<meta name=\"twitter:site\" content=\"@JacobOreskyLaw\" \/>\n<meta name=\"twitter:label1\" content=\"Tiempo de lectura\" \/>\n\t<meta name=\"twitter:data1\" content=\"4 minutos\" \/>\n<!-- \/ Yoast SEO plugin. -->","yoast_head_json":{"title":"Abogado de Accidentes de Renovaciones, NYC - Oresky & Associates, PLLC","description":"Accidentes de renovaci\u00f3n pueden provocar lesiones graves. Permita que nuestros abogados expertos en NYC le ayuden. Ll\u00e1menos ahora para una consulta.","robots":{"index":"index","follow":"follow","max-snippet":"max-snippet:-1","max-image-preview":"max-image-preview:large","max-video-preview":"max-video-preview:-1"},"canonical":"https:\/\/oreskylaw.com\/es\/nyc\/abogados-de-accidentes-en-renovaciones\/","og_locale":"es_ES","og_type":"article","og_title":"Abogado de Accidentes de Renovaciones, NYC - Oresky & Associates, PLLC","og_description":"Accidentes de renovaci\u00f3n pueden provocar lesiones graves. Permita que nuestros abogados expertos en NYC le ayuden. Ll\u00e1menos ahora para una consulta.","og_url":"https:\/\/oreskylaw.com\/es\/nyc\/abogados-de-accidentes-en-renovaciones\/","og_site_name":"Oresky &amp; Associates, PLLC","article_publisher":"https:\/\/www.facebook.com\/Oreskylaw\/","article_modified_time":"2026-01-31T08:24:10+00:00","og_image":[{"width":300,"height":195,"url":"https:\/\/oreskylaw.com\/wp-content\/uploads\/2025\/12\/66aa28ebb6e9f3dd66b44e23_65bb8a4723707f44afa7c6d6_65b3767d097a0d0167a0351f_How-Can-an-Injury-Attorney-Help-Me-After-an-Accident.jpg","type":"image\/jpeg"}],"twitter_card":"summary_large_image","twitter_site":"@JacobOreskyLaw","twitter_misc":{"Tiempo de lectura":"4 minutos"},"schema":{"@context":"https:\/\/schema.org","@graph":[{"@type":"WebPage","@id":"https:\/\/oreskylaw.com\/es\/nyc\/abogados-de-accidentes-en-renovaciones\/","url":"https:\/\/oreskylaw.com\/es\/nyc\/abogados-de-accidentes-en-renovaciones\/","name":"Abogado de Accidentes de Renovaciones, NYC - Oresky & Associates, PLLC","isPartOf":{"@id":"https:\/\/oreskylaw.com\/es\/#website"},"primaryImageOfPage":{"@id":"https:\/\/oreskylaw.com\/es\/nyc\/abogados-de-accidentes-en-renovaciones\/#primaryimage"},"image":{"@id":"https:\/\/oreskylaw.com\/es\/nyc\/abogados-de-accidentes-en-renovaciones\/#primaryimage"},"thumbnailUrl":"https:\/\/oreskylaw.com\/wp-content\/uploads\/2025\/12\/66aa28ebb6e9f3dd66b44e23_65bb8a4723707f44afa7c6d6_65b3767d097a0d0167a0351f_How-Can-an-Injury-Attorney-Help-Me-After-an-Accident.jpg","datePublished":"2025-12-09T08:19:43+00:00","dateModified":"2026-01-31T08:24:10+00:00","description":"Accidentes de renovaci\u00f3n pueden provocar lesiones graves. Permita que nuestros abogados expertos en NYC le ayuden. Ll\u00e1menos ahora para una consulta.","breadcrumb":{"@id":"https:\/\/oreskylaw.com\/es\/nyc\/abogados-de-accidentes-en-renovaciones\/#breadcrumb"},"inLanguage":"es","potentialAction":[{"@type":"ReadAction","target":["https:\/\/oreskylaw.com\/es\/nyc\/abogados-de-accidentes-en-renovaciones\/"]}]},{"@type":"ImageObject","inLanguage":"es","@id":"https:\/\/oreskylaw.com\/es\/nyc\/abogados-de-accidentes-en-renovaciones\/#primaryimage","url":"https:\/\/oreskylaw.com\/wp-content\/uploads\/2025\/12\/66aa28ebb6e9f3dd66b44e23_65bb8a4723707f44afa7c6d6_65b3767d097a0d0167a0351f_How-Can-an-Injury-Attorney-Help-Me-After-an-Accident.jpg","contentUrl":"https:\/\/oreskylaw.com\/wp-content\/uploads\/2025\/12\/66aa28ebb6e9f3dd66b44e23_65bb8a4723707f44afa7c6d6_65b3767d097a0d0167a0351f_How-Can-an-Injury-Attorney-Help-Me-After-an-Accident.jpg"},{"@type":"BreadcrumbList","@id":"https:\/\/oreskylaw.com\/es\/nyc\/abogados-de-accidentes-en-renovaciones\/#breadcrumb","itemListElement":[{"@type":"ListItem","position":1,"name":"Inicio","item":"https:\/\/oreskylaw.com\/es\/"},{"@type":"ListItem","position":2,"name":"New York","item":"https:\/\/oreskylaw.com\/es\/nyc\/"},{"@type":"ListItem","position":3,"name":"Accidentes Relacionados Con Renovaciones"}]},{"@type":"WebSite","@id":"https:\/\/oreskylaw.com\/es\/#website","url":"https:\/\/oreskylaw.com\/es\/","name":"Oresky & Associates PLLC","description":"","publisher":{"@id":"https:\/\/oreskylaw.com\/es\/#organization"},"potentialAction":[{"@type":"SearchAction","target":{"@type":"EntryPoint","urlTemplate":"https:\/\/oreskylaw.com\/es\/?s={search_term_string}"},"query-input":{"@type":"PropertyValueSpecification","valueRequired":true,"valueName":"search_term_string"}}],"inLanguage":"es"}]}},"_links":{"self":[{"href":"https:\/\/oreskylaw.com\/es\/wp-json\/wp\/v2\/pages\/19158","targetHints":{"allow":["GET"]}}],"collection":[{"href":"https:\/\/oreskylaw.com\/es\/wp-json\/wp\/v2\/pages"}],"about":[{"href":"https:\/\/oreskylaw.com\/es\/wp-json\/wp\/v2\/types\/page"}],"author":[{"embeddable":true,"href":"https:\/\/oreskylaw.com\/es\/wp-json\/wp\/v2\/users\/9"}],"replies":[{"embeddable":true,"href":"https:\/\/oreskylaw.com\/es\/wp-json\/wp\/v2\/comments?post=19158"}],"version-history":[{"count":0,"href":"https:\/\/oreskylaw.com\/es\/wp-json\/wp\/v2\/pages\/19158\/revisions"}],"up":[{"embeddable":true,"href":"https:\/\/oreskylaw.com\/es\/wp-json\/wp\/v2\/pages\/18614"}],"wp:attachment":[{"href":"https:\/\/oreskylaw.com\/es\/wp-json\/wp\/v2\/media?parent=19158"}],"curies":[{"name":"wp","href":"https:\/\/api.w.org\/{rel}","templated":true}]}}