{"id":19175,"date":"2025-12-09T08:20:09","date_gmt":"2025-12-09T08:20:09","guid":{"rendered":"https:\/\/oreskylaw.com\/?page_id=19175"},"modified":"2026-01-31T08:25:05","modified_gmt":"2026-01-31T08:25:05","slug":"abogados-de-reparaciones-de-accidentes","status":"publish","type":"page","link":"https:\/\/oreskylaw.com\/es\/nyc\/abogados-de-reparaciones-de-accidentes\/","title":{"rendered":"Accidentes Relacionados con Reparaciones"},"content":{"rendered":"<h2>Si usted ha sido herido durante una reparaci\u00f3n, podemos ayudar<\/h2>\n<p>Si usted o alguien cercano a usted ha sido lesionado en un accidente relacionado con la reparaci\u00f3n, que puede ser capaz de obtener una indemnizaci\u00f3n por el da\u00f1o.<\/p>\n<h3>Construcci\u00f3n de Accidentes abogados a Promover en Queens, el Bronx, y otras \u00e1reas de New York<\/h3>\n<p>Trabajadores de la construcci\u00f3n en la ciudad de New York y en toda la regi\u00f3n que rodea a realizar todo tipo de reparaciones que pueden ponerlos en riesgo de sufrir da\u00f1os. Si usted o alguien cercano a usted ha sido lesionado en un accidente relacionado con la reparaci\u00f3n, es posible que pueda obtener compensaci\u00f3n por su da\u00f1o, adem\u00e1s de beneficios a trav\u00e9s de los trabajadores; sistema de compensaci\u00f3n. En Oresky &amp; Associates, PLLC, que est\u00e1n dedicados a proporcionar personalizada y representaci\u00f3n compasiva a nuestros clientes. Con m\u00e1s de 30 a\u00f1os de experiencia, los abogados de accidentes de construcci\u00f3n Queens y Bronx en nuestra firma entienden c\u00f3mo navegar este tipo de reclamaciones.<\/p>\n<h2>Los accidentes relacionados con reparaciones pueden causar da\u00f1o devastador<\/h2>\n<p>La Oficina de Estad\u00edsticas del Trabajo encontr\u00f3 que la instalaci\u00f3n, mantenimiento y reparaci\u00f3n de las ocupaciones representaron 406 muertes en todo el pa\u00eds en 2014 y 392 muertes en 2015. Mientras que muchos trabajos de reparaci\u00f3n de la construcci\u00f3n son riesgosos, instaladores y reparadores de ascensores se encuentran entre los trabajadores de la construcci\u00f3n con el m\u00e1s alto tasa de lesiones. De acuerdo con el Centro para la Investigaci\u00f3n de la Construcci\u00f3n y Formaci\u00f3n, hubo un total de 110 muertes relacionadas con instalaci\u00f3n de ascensor y reparaciones entre 1992 y 2009. Sin embargo, trabajadores de la construcci\u00f3n resultan heridas en una amplia gama de otras actividades en los sitios de trabajo, as\u00ed, como:<\/p>\n<ul>\n<li>Reparaci\u00f3n de edificios<\/li>\n<li>Las reparaciones estructurales<\/li>\n<li>Las reparaciones del techo; y<\/li>\n<li>Las reparaciones el\u00e9ctricas.<\/li>\n<\/ul>\n<h2>Un R\u00e9cord de \u00e9xito basado en el trabajo duro y la dedicaci\u00f3n<\/h2>\n<p>Cuando se trata de litigios, no hay tiempo que perder. Una vez llame a nuestra oficina, podemos comenzar a construir su caso en la b\u00fasqueda de su compensaci\u00f3n. En tres cortos pasos, su camino legal puede empezar hoy.<\/p>\n<ul>\n<li><strong>Evaluaci\u00f3n gratuita de casos:<\/strong>\u00a0Llame a nuestra oficina, env\u00edenos un correo electr\u00f3nico, o converse con nosotros en l\u00ednea para recibir una evaluaci\u00f3n gratuita de su caso.<\/li>\n<li><strong>Inscr\u00edbase:\u00a0<\/strong>Luego de la revisi\u00f3n gratuita a su caso, podemos crear su perfil de cliente y recopilar la informaci\u00f3n que usted disponga.<\/li>\n<li><strong>Inicie su recuperaci\u00f3n:<\/strong>\u00a0Nos hacemos cargo de su caso, actualiz\u00e1ndole en la medida que avanza. Usted puede concentrarse en su salud a la par que nos enfocamos en su caso.<\/li>\n<\/ul>\n    <div class=\"cw-cta-box\">\n        <div class=\"cw-cta-box__inner \">\n            <div class=\"cw-cta-box__info\">\n                                    <div class=\"label\">\u00a1Llame ahora!<\/div>\n                            <\/div>\n                            <div class=\"contact-phone\">\n                    <a href=\"tel:7189939999\"\n                        aria-label=\"Tap to call button\">\n                        718-993-9999                    <\/a>\n                <\/div>\n                    <\/div>\n                    <a href=\"\/es\/contacto\/\"\n               class=\"cta-btn btn btn--primary btn\"\n               target=\"\">\n                Obtenga Una Consulta Gratuita            <\/a>\n            <\/div>\n    \n<h2>Conozca sus derechos cuando est\u00e1s Accidente reparaci\u00f3n de heridas en un<\/h2>\n<p><img loading=\"lazy\" decoding=\"async\" class=\"size-full wp-image-12467 alignleft\" src=\"https:\/\/oreskylaw.com\/wp-content\/uploads\/2026\/01\/Help-After-a-Scaffolding-Accident-in-the-Bronx.webp\" alt=\"bridge construction accident attorney bronx\" width=\"300\" height=\"169\" \/>Los trabajadores lesiona en el trabajo en accidentes relacionados con las reparaciones principio puede pensar acerca de los beneficios de compensaci\u00f3n de trabajadores, que son casi siempre disponibles. Si bien estos beneficios son \u00fatiles, no son m\u00e1s que parte de las opciones que los trabajadores pueden ser capaces de explorar. La Ley Laboral de New York da protecci\u00f3n especial a los trabajadores que se lesionan en accidentes de la construcci\u00f3n y afines que realiza ciertas reparaciones del edificio. Cuando un trabajador se lesiona debido a violaci\u00f3nes de leyes estatales de New York Secci\u00f3n 200, 240, o 241, que tienen derecho a recuperar los da\u00f1os relacionados con el dolor y el sufrimiento, el tratamiento m\u00e9dico, salarios perdidos, y otras formas de da\u00f1o.<\/p>\n<h2>Conozca sus derechos despu\u00e9s de una lesi\u00f3n de la construcci\u00f3n<\/h2>\n<p>Estas leyes est\u00e1n dise\u00f1adas para mantener ciertos propietarios y contratistas responsables de cualquier da\u00f1o que ocasionan al no proporcionar un entorno de trabajo seguro para los trabajadores. Secci\u00f3n 240 protege espec\u00edficamente a las personas que llevan a cabo las reparaciones de un edificio a gran altitud, como en andamios, escaleras, u otras estructuras altas. Estos trabajadores tienen derecho a ciertas medidas de seguridad, as\u00ed como los equipos de protecci\u00f3n. Si se produce una lesi\u00f3n relacionada con la reparaci\u00f3n de elevaci\u00f3n, porque las medidas de seguridad o equipo de protecci\u00f3n no se proporcionaron o no eran adecuadas, el due\u00f1o de la propiedad y el contratista pueden ser considerados responsables. Por ejemplo, un trabajador de la construcci\u00f3n podr\u00eda estar haciendo reparaciones en las ventanas en la 6\u00aa planta de un edificio de oficinas. Si su empleador les ha proporcionado un viejo arn\u00e9s de seguridad, lo que falla cuando sea necesario, podr\u00edan caer. En una situaci\u00f3n de este tipo, que ser\u00eda capaz de recuperar los da\u00f1os por sus lesiones contra terceros responsables (partes distintas de su empleador).<\/p>\n<p>Es importante tener en cuenta que la Secci\u00f3n 240 de la Ley Laboral de New York impone responsabilidad absoluta, lo que significa que los da\u00f1os sufridos por un trabajador lesionado no puede reducirse por cualquier acciones descuidadas que contribuyeron al accidente. Por lo tanto, en la situaci\u00f3n anterior, el trabajador de la construcci\u00f3n ser\u00eda capaz de recuperar todo el alcance de los da\u00f1os por sus lesiones, incluso si contribuyeron a la ca\u00edda. Este no es el caso para todas las leyes bajo las cuales una demanda por accidente de construcci\u00f3n puede ser llevado, y nuestros abogados puede ayudar a explicar por qu\u00e9 leyes pueden aplicarse en su caso.<\/p>\n","protected":false},"excerpt":{"rendered":"<p>Si usted ha sido herido durante una reparaci\u00f3n, podemos ayudar Si usted o alguien cercano a usted ha sido lesionado en un accidente relacionado con la reparaci\u00f3n, que puede ser capaz de obtener una indemnizaci\u00f3n por el da\u00f1o. Construcci\u00f3n de Accidentes abogados a Promover en Queens, el Bronx, y otras \u00e1reas de New York Trabajadores [&hellip;]<\/p>\n","protected":false},"author":9,"featured_media":0,"parent":18614,"menu_order":102,"comment_status":"closed","ping_status":"closed","template":"","meta":{"_acf_changed":false,"footnotes":""},"class_list":["post-19175","page","type-page","status-publish","hentry"],"acf":[],"yoast_head":"<!-- This site is optimized with the Yoast SEO plugin v27.3 - https:\/\/yoast.com\/product\/yoast-seo-wordpress\/ -->\n<title>Abogado de Accidentes de Reparaciones, NYC - Oresky &amp; Associates, PLLC<\/title>\n<meta name=\"description\" content=\"Accidentes relacionados con reparaciones pueden ser devastadores. Permita que nuestros abogados en NY le ayuden a explorar opciones legales. Cont\u00e1ctenos hoy.\" \/>\n<meta name=\"robots\" content=\"index, follow, max-snippet:-1, max-image-preview:large, max-video-preview:-1\" \/>\n<link rel=\"canonical\" href=\"https:\/\/oreskylaw.com\/es\/nyc\/abogados-de-reparaciones-de-accidentes\/\" \/>\n<meta property=\"og:locale\" content=\"es_ES\" \/>\n<meta property=\"og:type\" content=\"article\" \/>\n<meta property=\"og:title\" content=\"Abogado de Accidentes de Reparaciones, NYC - Oresky &amp; Associates, PLLC\" \/>\n<meta property=\"og:description\" content=\"Accidentes relacionados con reparaciones pueden ser devastadores. Permita que nuestros abogados en NY le ayuden a explorar opciones legales. Cont\u00e1ctenos hoy.\" \/>\n<meta property=\"og:url\" content=\"https:\/\/oreskylaw.com\/es\/nyc\/abogados-de-reparaciones-de-accidentes\/\" \/>\n<meta property=\"og:site_name\" content=\"Oresky &amp; Associates, PLLC\" \/>\n<meta property=\"article:publisher\" content=\"https:\/\/www.facebook.com\/Oreskylaw\/\" \/>\n<meta property=\"article:modified_time\" content=\"2026-01-31T08:25:05+00:00\" \/>\n<meta property=\"og:image\" content=\"https:\/\/oreskylaw.com\/wp-content\/uploads\/2026\/01\/Help-After-a-Scaffolding-Accident-in-the-Bronx.webp\" \/>\n\t<meta property=\"og:image:width\" content=\"300\" \/>\n\t<meta property=\"og:image:height\" content=\"169\" \/>\n\t<meta property=\"og:image:type\" content=\"image\/webp\" \/>\n<meta name=\"twitter:card\" content=\"summary_large_image\" \/>\n<meta name=\"twitter:site\" content=\"@JacobOreskyLaw\" \/>\n<meta name=\"twitter:label1\" content=\"Tiempo de lectura\" \/>\n\t<meta name=\"twitter:data1\" content=\"4 minutos\" \/>\n<!-- \/ Yoast SEO plugin. -->","yoast_head_json":{"title":"Abogado de Accidentes de Reparaciones, NYC - Oresky & Associates, PLLC","description":"Accidentes relacionados con reparaciones pueden ser devastadores. Permita que nuestros abogados en NY le ayuden a explorar opciones legales. Cont\u00e1ctenos hoy.","robots":{"index":"index","follow":"follow","max-snippet":"max-snippet:-1","max-image-preview":"max-image-preview:large","max-video-preview":"max-video-preview:-1"},"canonical":"https:\/\/oreskylaw.com\/es\/nyc\/abogados-de-reparaciones-de-accidentes\/","og_locale":"es_ES","og_type":"article","og_title":"Abogado de Accidentes de Reparaciones, NYC - Oresky & Associates, PLLC","og_description":"Accidentes relacionados con reparaciones pueden ser devastadores. Permita que nuestros abogados en NY le ayuden a explorar opciones legales. Cont\u00e1ctenos hoy.","og_url":"https:\/\/oreskylaw.com\/es\/nyc\/abogados-de-reparaciones-de-accidentes\/","og_site_name":"Oresky &amp; Associates, PLLC","article_publisher":"https:\/\/www.facebook.com\/Oreskylaw\/","article_modified_time":"2026-01-31T08:25:05+00:00","og_image":[{"width":300,"height":169,"url":"https:\/\/oreskylaw.com\/wp-content\/uploads\/2026\/01\/Help-After-a-Scaffolding-Accident-in-the-Bronx.webp","type":"image\/webp"}],"twitter_card":"summary_large_image","twitter_site":"@JacobOreskyLaw","twitter_misc":{"Tiempo de lectura":"4 minutos"},"schema":{"@context":"https:\/\/schema.org","@graph":[{"@type":"WebPage","@id":"https:\/\/oreskylaw.com\/es\/nyc\/abogados-de-reparaciones-de-accidentes\/","url":"https:\/\/oreskylaw.com\/es\/nyc\/abogados-de-reparaciones-de-accidentes\/","name":"Abogado de Accidentes de Reparaciones, NYC - Oresky & Associates, PLLC","isPartOf":{"@id":"https:\/\/oreskylaw.com\/es\/#website"},"primaryImageOfPage":{"@id":"https:\/\/oreskylaw.com\/es\/nyc\/abogados-de-reparaciones-de-accidentes\/#primaryimage"},"image":{"@id":"https:\/\/oreskylaw.com\/es\/nyc\/abogados-de-reparaciones-de-accidentes\/#primaryimage"},"thumbnailUrl":"https:\/\/oreskylaw.com\/wp-content\/uploads\/2026\/01\/Help-After-a-Scaffolding-Accident-in-the-Bronx.webp","datePublished":"2025-12-09T08:20:09+00:00","dateModified":"2026-01-31T08:25:05+00:00","description":"Accidentes relacionados con reparaciones pueden ser devastadores. Permita que nuestros abogados en NY le ayuden a explorar opciones legales. Cont\u00e1ctenos hoy.","breadcrumb":{"@id":"https:\/\/oreskylaw.com\/es\/nyc\/abogados-de-reparaciones-de-accidentes\/#breadcrumb"},"inLanguage":"es","potentialAction":[{"@type":"ReadAction","target":["https:\/\/oreskylaw.com\/es\/nyc\/abogados-de-reparaciones-de-accidentes\/"]}]},{"@type":"ImageObject","inLanguage":"es","@id":"https:\/\/oreskylaw.com\/es\/nyc\/abogados-de-reparaciones-de-accidentes\/#primaryimage","url":"https:\/\/oreskylaw.com\/wp-content\/uploads\/2026\/01\/Help-After-a-Scaffolding-Accident-in-the-Bronx.webp","contentUrl":"https:\/\/oreskylaw.com\/wp-content\/uploads\/2026\/01\/Help-After-a-Scaffolding-Accident-in-the-Bronx.webp"},{"@type":"BreadcrumbList","@id":"https:\/\/oreskylaw.com\/es\/nyc\/abogados-de-reparaciones-de-accidentes\/#breadcrumb","itemListElement":[{"@type":"ListItem","position":1,"name":"Inicio","item":"https:\/\/oreskylaw.com\/es\/"},{"@type":"ListItem","position":2,"name":"New York","item":"https:\/\/oreskylaw.com\/es\/nyc\/"},{"@type":"ListItem","position":3,"name":"Accidentes Relacionados con Reparaciones"}]},{"@type":"WebSite","@id":"https:\/\/oreskylaw.com\/es\/#website","url":"https:\/\/oreskylaw.com\/es\/","name":"Oresky & Associates PLLC","description":"","publisher":{"@id":"https:\/\/oreskylaw.com\/es\/#organization"},"potentialAction":[{"@type":"SearchAction","target":{"@type":"EntryPoint","urlTemplate":"https:\/\/oreskylaw.com\/es\/?s={search_term_string}"},"query-input":{"@type":"PropertyValueSpecification","valueRequired":true,"valueName":"search_term_string"}}],"inLanguage":"es"}]}},"_links":{"self":[{"href":"https:\/\/oreskylaw.com\/es\/wp-json\/wp\/v2\/pages\/19175","targetHints":{"allow":["GET"]}}],"collection":[{"href":"https:\/\/oreskylaw.com\/es\/wp-json\/wp\/v2\/pages"}],"about":[{"href":"https:\/\/oreskylaw.com\/es\/wp-json\/wp\/v2\/types\/page"}],"author":[{"embeddable":true,"href":"https:\/\/oreskylaw.com\/es\/wp-json\/wp\/v2\/users\/9"}],"replies":[{"embeddable":true,"href":"https:\/\/oreskylaw.com\/es\/wp-json\/wp\/v2\/comments?post=19175"}],"version-history":[{"count":0,"href":"https:\/\/oreskylaw.com\/es\/wp-json\/wp\/v2\/pages\/19175\/revisions"}],"up":[{"embeddable":true,"href":"https:\/\/oreskylaw.com\/es\/wp-json\/wp\/v2\/pages\/18614"}],"wp:attachment":[{"href":"https:\/\/oreskylaw.com\/es\/wp-json\/wp\/v2\/media?parent=19175"}],"curies":[{"name":"wp","href":"https:\/\/api.w.org\/{rel}","templated":true}]}}