{"id":19186,"date":"2025-12-09T08:20:28","date_gmt":"2025-12-09T08:20:28","guid":{"rendered":"https:\/\/oreskylaw.com\/?page_id=19186"},"modified":"2026-01-31T08:25:54","modified_gmt":"2026-01-31T08:25:54","slug":"abogados-de-accidentes-en-tiendas-minoristas","status":"publish","type":"page","link":"https:\/\/oreskylaw.com\/es\/nyc\/abogados-de-accidentes-en-tiendas-minoristas\/","title":{"rendered":"Accidentes en Tiendas Minorista"},"content":{"rendered":"<h2>Usted debe conocer sus derechos Si usted ha sido herido en una tienda al por menor<\/h2>\n<p>Si usted o un ser querido ha sido herido en un accidente en una tienda al por menor, usted quiere un abogado con un historial probado de la obtenci\u00f3n de resultados positivos.<\/p>\n<h3>Con experiencia tienda al por menor de accidentes Abogados<\/h3>\n<p>Seg\u00fan la legislaci\u00f3n de New York, el inquilino menor en el espacio comercial, ya veces el propietario, tiene el deber de mantener las premisas de una manera que no represente un riesgo irrazonable de lesiones a los clientes u otras personas legalmente en la propiedad. Con espacio al por menor, no puede haber una gran cantidad de peligros potenciales, de bienes y mercanc\u00edas que quedan en el suelo para ascensores o escaleras mec\u00e1nicas poco o mal mantenidos, de los estantes o pantallas que est\u00e1n sobrecargados de escalones o escaleras rotas, alfombra rota u otros defectos en suelos . Si usted o un ser querido ha sido herido en un accidente en una tienda al por menor, usted quiere un abogado con un historial probado de la obtenci\u00f3n de resultados positivos.<\/p>\n<h2>Luchamos por las v\u00edctimas de accidentes en las tiendas minoristas<\/h2>\n<p>En la oficina legal de Oresky &amp; Associates, PLLC hemos obtenido seis y siete cifras premios para los clientes en casos de responsabilidad, incluyendo:<\/p>\n<ul>\n<li>roto<\/li>\n<li>$ 750.000 para una ca\u00edda en una escalera de construcci\u00f3n<\/li>\n<li>$ 707.000 por un resbal\u00f3n y ca\u00edda en un vest\u00edbulo del edificio<\/li>\n<li>$ 500.000 para un resbal\u00f3n y ca\u00edda provocada por la alfombra defectuosa en un vest\u00edbulo del edificio<\/li>\n<\/ul>\n<h2>Un R\u00e9cord de \u00e9xito basado en el trabajo duro y la dedicaci\u00f3n<\/h2>\n<p>Cuando se trata de litigios, no hay tiempo que perder. Una vez llame a nuestra oficina, podemos comenzar a construir su caso en la b\u00fasqueda de su compensaci\u00f3n. En tres cortos pasos, su camino legal puede empezar hoy.<\/p>\n<ul>\n<li><strong>Evaluaci\u00f3n gratuita de casos:<\/strong>\u00a0Llame a nuestra oficina, env\u00edenos un correo electr\u00f3nico, o converse con nosotros en l\u00ednea para recibir una evaluaci\u00f3n gratuita de su caso.<\/li>\n<li><strong>Inscr\u00edbase:<\/strong>\u00a0Luego de la revisi\u00f3n gratuita a su caso, podemos crear su perfil de cliente y recopilar la informaci\u00f3n que usted disponga.<\/li>\n<li><strong>Inicie su recuperaci\u00f3n:<\/strong>\u00a0Nos hacemos cargo de su caso, actualiz\u00e1ndole en la medida que avanza. Usted puede concentrarse en su salud a la par que nos enfocamos en su caso.<\/li>\n<\/ul>\n<h2>M\u00e1s de 30 a\u00f1os defendiendo las v\u00edctimas de accidentes en NYC<\/h2>\n<p>Durante el \u00faltimo cuarto de siglo m\u00e1s a\u00f1os, hemos obtenido veredictos y acuerdos por un total de m\u00e1s de $ 300 millones para clientes en todo el Estado de New York, de Queens a Brooklyn al Bronx. Entendemos c\u00f3mo una lesi\u00f3n personal puede cambiar cada parte de su vida, y tambi\u00e9n hemos visto la carga que viene con tratar de proteger eficazmente sus derechos. Es nuestro trabajo al ascensor que carga de sus hombros, para manejar todos los detalles de su Derecho para que pueda centrarse en conseguir sano.<\/p>\n<p>Es un esfuerzo de equipo, vamos a trabajar mano a mano con usted durante todo el proceso, asegur\u00e1ndose de que siempre sabe d\u00f3nde se encuentra y cu\u00e1les son sus opciones, para que pueda tomar buenas decisiones acerca de su futuro. Ofrecemos una consulta inicial gratis para cada cliente potencial. Para concertar una cita, p\u00f3ngase en\u00a0<a href=\"https:\/\/oreskylaw.com\/es\/contacto\/\">contacto con nosotros<\/a>\u00a0en l\u00ednea o llame a nuestra oficina al\u00a0<a href=\"tel:+19295600687\">(929) 560-0687<\/a>\u00a0para una cita.<\/p>\n    <div class=\"cw-cta-box\">\n        <div class=\"cw-cta-box__inner \">\n            <div class=\"cw-cta-box__info\">\n                                    <div class=\"label\">\u00a1Llame ahora!<\/div>\n                            <\/div>\n                            <div class=\"contact-phone\">\n                    <a href=\"tel:7189939999\"\n                        aria-label=\"Tap to call button\">\n                        718-993-9999                    <\/a>\n                <\/div>\n                    <\/div>\n                    <a href=\"\/es\/contacto\/\"\n               class=\"cta-btn btn btn--primary btn\"\n               target=\"\">\n                Obtenga Una Consulta Gratuita            <\/a>\n            <\/div>\n    \n<h2>La protecci\u00f3n de los derechos de las personas heridas en accidentes tienda al por menor<\/h2>\n<p><img loading=\"lazy\" decoding=\"async\" class=\"size-full wp-image-11926 alignright\" src=\"https:\/\/oreskylaw.com\/wp-content\/uploads\/2026\/01\/How-Do-I-Prove-Negligence-After-a-Construction-Accident-in-New-York.webp\" alt=\"ow Our Bronx Construction Accident Lawyers Can Help If You?ve Been Injured in an Excavation Accident\" width=\"300\" height=\"136\" \/>Proteger agresivamente los derechos de las personas que han sufrido lesiones en cualquier tipo de accidente en la propiedad de tienda al por menor, incluyendo:<\/p>\n<ul>\n<li>Los resbalones, tropezones y ca\u00eddas en pisos mojados o resbaladizos, o porque de baldosas rotas, la alfombra rota o lin\u00f3leo u otros pisos defectuosa<\/li>\n<li>Las lesiones sufridas en rotas, defectuosas o mal mantenidos pasos, escaleras y pasillos<\/li>\n<li>Los accidentes que involucran displays, estanter\u00edas o productos que se apilan o cargado incorrectamente, haciendo que se colapsar\u00e1 en los clientes<\/li>\n<li>Las lesiones causadas por los ascensores o escaleras mec\u00e1nicas peligrosos o defectuosos<\/li>\n<\/ul>\n<p>Nuestros abogados manejan reclamaciones tienda accidente menor que suponen cualquier tipo de lesi\u00f3n, debido a esguinces, torceduras y lesiones de los tejidos blandos a la p\u00e9rdida grave y catastr\u00f3fica, incluyendo cerebral traum\u00e1tica y lesi\u00f3n de la m\u00e9dula espinal, fracturas de huesos, par\u00e1lisis, cicatrices permanentes y desfiguraci\u00f3n, y amputaci\u00f3n o p\u00e9rdida de la extremidad. Tambi\u00e9n representamos a los sobrevivientes en accidentes de tiendas minoristas reclamaciones relacionadas con muerte por negligencia.<\/p>\n<p>Te ayudar\u00e1 a obtener una indemnizaci\u00f3n por todas sus p\u00e9rdidas, de los salarios e ingresos para el dolor y el sufrimiento f\u00edsico, de los gastos m\u00e9dicos no reembolsables a la p\u00e9rdida de consorcio o compa\u00f1\u00eda.<\/p>\n","protected":false},"excerpt":{"rendered":"<p>Usted debe conocer sus derechos Si usted ha sido herido en una tienda al por menor Si usted o un ser querido ha sido herido en un accidente en una tienda al por menor, usted quiere un abogado con un historial probado de la obtenci\u00f3n de resultados positivos. Con experiencia tienda al por menor de [&hellip;]<\/p>\n","protected":false},"author":9,"featured_media":0,"parent":18614,"menu_order":104,"comment_status":"closed","ping_status":"closed","template":"","meta":{"_acf_changed":false,"footnotes":""},"class_list":["post-19186","page","type-page","status-publish","hentry"],"acf":[],"yoast_head":"<!-- This site is optimized with the Yoast SEO plugin v27.3 - https:\/\/yoast.com\/product\/yoast-seo-wordpress\/ -->\n<title>Abogado de Accidentes en Tiendas Minorista, NYC - Oresky &amp; Associates, PLLC<\/title>\n<meta name=\"description\" content=\"\u00bfHerido en un accidente en una tienda minorista? Nuestros abogados en NYC luchar\u00e1n para obtener compensaci\u00f3n. Llama a Oresky &amp; Associates, PLLC para consulta.\" \/>\n<meta name=\"robots\" content=\"index, follow, max-snippet:-1, max-image-preview:large, max-video-preview:-1\" \/>\n<link rel=\"canonical\" href=\"https:\/\/oreskylaw.com\/es\/nyc\/abogados-de-accidentes-en-tiendas-minoristas\/\" \/>\n<meta property=\"og:locale\" content=\"es_ES\" \/>\n<meta property=\"og:type\" content=\"article\" \/>\n<meta property=\"og:title\" content=\"Abogado de Accidentes en Tiendas Minorista, NYC - Oresky &amp; Associates, PLLC\" \/>\n<meta property=\"og:description\" content=\"\u00bfHerido en un accidente en una tienda minorista? Nuestros abogados en NYC luchar\u00e1n para obtener compensaci\u00f3n. Llama a Oresky &amp; Associates, PLLC para consulta.\" \/>\n<meta property=\"og:url\" content=\"https:\/\/oreskylaw.com\/es\/nyc\/abogados-de-accidentes-en-tiendas-minoristas\/\" \/>\n<meta property=\"og:site_name\" content=\"Oresky &amp; Associates, PLLC\" \/>\n<meta property=\"article:publisher\" content=\"https:\/\/www.facebook.com\/Oreskylaw\/\" \/>\n<meta property=\"article:modified_time\" content=\"2026-01-31T08:25:54+00:00\" \/>\n<meta property=\"og:image\" content=\"https:\/\/oreskylaw.com\/wp-content\/uploads\/2026\/01\/How-Do-I-Prove-Negligence-After-a-Construction-Accident-in-New-York.webp\" \/>\n\t<meta property=\"og:image:width\" content=\"300\" \/>\n\t<meta property=\"og:image:height\" content=\"136\" \/>\n\t<meta property=\"og:image:type\" content=\"image\/webp\" \/>\n<meta name=\"twitter:card\" content=\"summary_large_image\" \/>\n<meta name=\"twitter:site\" content=\"@JacobOreskyLaw\" \/>\n<meta name=\"twitter:label1\" content=\"Tiempo de lectura\" \/>\n\t<meta name=\"twitter:data1\" content=\"4 minutos\" \/>\n<!-- \/ Yoast SEO plugin. -->","yoast_head_json":{"title":"Abogado de Accidentes en Tiendas Minorista, NYC - Oresky & Associates, PLLC","description":"\u00bfHerido en un accidente en una tienda minorista? Nuestros abogados en NYC luchar\u00e1n para obtener compensaci\u00f3n. Llama a Oresky & Associates, PLLC para consulta.","robots":{"index":"index","follow":"follow","max-snippet":"max-snippet:-1","max-image-preview":"max-image-preview:large","max-video-preview":"max-video-preview:-1"},"canonical":"https:\/\/oreskylaw.com\/es\/nyc\/abogados-de-accidentes-en-tiendas-minoristas\/","og_locale":"es_ES","og_type":"article","og_title":"Abogado de Accidentes en Tiendas Minorista, NYC - Oresky & Associates, PLLC","og_description":"\u00bfHerido en un accidente en una tienda minorista? Nuestros abogados en NYC luchar\u00e1n para obtener compensaci\u00f3n. Llama a Oresky & Associates, PLLC para consulta.","og_url":"https:\/\/oreskylaw.com\/es\/nyc\/abogados-de-accidentes-en-tiendas-minoristas\/","og_site_name":"Oresky &amp; Associates, PLLC","article_publisher":"https:\/\/www.facebook.com\/Oreskylaw\/","article_modified_time":"2026-01-31T08:25:54+00:00","og_image":[{"width":300,"height":136,"url":"https:\/\/oreskylaw.com\/wp-content\/uploads\/2026\/01\/How-Do-I-Prove-Negligence-After-a-Construction-Accident-in-New-York.webp","type":"image\/webp"}],"twitter_card":"summary_large_image","twitter_site":"@JacobOreskyLaw","twitter_misc":{"Tiempo de lectura":"4 minutos"},"schema":{"@context":"https:\/\/schema.org","@graph":[{"@type":"WebPage","@id":"https:\/\/oreskylaw.com\/es\/nyc\/abogados-de-accidentes-en-tiendas-minoristas\/","url":"https:\/\/oreskylaw.com\/es\/nyc\/abogados-de-accidentes-en-tiendas-minoristas\/","name":"Abogado de Accidentes en Tiendas Minorista, NYC - Oresky & Associates, PLLC","isPartOf":{"@id":"https:\/\/oreskylaw.com\/es\/#website"},"primaryImageOfPage":{"@id":"https:\/\/oreskylaw.com\/es\/nyc\/abogados-de-accidentes-en-tiendas-minoristas\/#primaryimage"},"image":{"@id":"https:\/\/oreskylaw.com\/es\/nyc\/abogados-de-accidentes-en-tiendas-minoristas\/#primaryimage"},"thumbnailUrl":"https:\/\/oreskylaw.com\/wp-content\/uploads\/2026\/01\/How-Do-I-Prove-Negligence-After-a-Construction-Accident-in-New-York.webp","datePublished":"2025-12-09T08:20:28+00:00","dateModified":"2026-01-31T08:25:54+00:00","description":"\u00bfHerido en un accidente en una tienda minorista? Nuestros abogados en NYC luchar\u00e1n para obtener compensaci\u00f3n. Llama a Oresky & Associates, PLLC para consulta.","breadcrumb":{"@id":"https:\/\/oreskylaw.com\/es\/nyc\/abogados-de-accidentes-en-tiendas-minoristas\/#breadcrumb"},"inLanguage":"es","potentialAction":[{"@type":"ReadAction","target":["https:\/\/oreskylaw.com\/es\/nyc\/abogados-de-accidentes-en-tiendas-minoristas\/"]}]},{"@type":"ImageObject","inLanguage":"es","@id":"https:\/\/oreskylaw.com\/es\/nyc\/abogados-de-accidentes-en-tiendas-minoristas\/#primaryimage","url":"https:\/\/oreskylaw.com\/wp-content\/uploads\/2026\/01\/How-Do-I-Prove-Negligence-After-a-Construction-Accident-in-New-York.webp","contentUrl":"https:\/\/oreskylaw.com\/wp-content\/uploads\/2026\/01\/How-Do-I-Prove-Negligence-After-a-Construction-Accident-in-New-York.webp"},{"@type":"BreadcrumbList","@id":"https:\/\/oreskylaw.com\/es\/nyc\/abogados-de-accidentes-en-tiendas-minoristas\/#breadcrumb","itemListElement":[{"@type":"ListItem","position":1,"name":"Inicio","item":"https:\/\/oreskylaw.com\/es\/"},{"@type":"ListItem","position":2,"name":"New York","item":"https:\/\/oreskylaw.com\/es\/nyc\/"},{"@type":"ListItem","position":3,"name":"Accidentes en Tiendas Minorista"}]},{"@type":"WebSite","@id":"https:\/\/oreskylaw.com\/es\/#website","url":"https:\/\/oreskylaw.com\/es\/","name":"Oresky & Associates PLLC","description":"","publisher":{"@id":"https:\/\/oreskylaw.com\/es\/#organization"},"potentialAction":[{"@type":"SearchAction","target":{"@type":"EntryPoint","urlTemplate":"https:\/\/oreskylaw.com\/es\/?s={search_term_string}"},"query-input":{"@type":"PropertyValueSpecification","valueRequired":true,"valueName":"search_term_string"}}],"inLanguage":"es"}]}},"_links":{"self":[{"href":"https:\/\/oreskylaw.com\/es\/wp-json\/wp\/v2\/pages\/19186","targetHints":{"allow":["GET"]}}],"collection":[{"href":"https:\/\/oreskylaw.com\/es\/wp-json\/wp\/v2\/pages"}],"about":[{"href":"https:\/\/oreskylaw.com\/es\/wp-json\/wp\/v2\/types\/page"}],"author":[{"embeddable":true,"href":"https:\/\/oreskylaw.com\/es\/wp-json\/wp\/v2\/users\/9"}],"replies":[{"embeddable":true,"href":"https:\/\/oreskylaw.com\/es\/wp-json\/wp\/v2\/comments?post=19186"}],"version-history":[{"count":0,"href":"https:\/\/oreskylaw.com\/es\/wp-json\/wp\/v2\/pages\/19186\/revisions"}],"up":[{"embeddable":true,"href":"https:\/\/oreskylaw.com\/es\/wp-json\/wp\/v2\/pages\/18614"}],"wp:attachment":[{"href":"https:\/\/oreskylaw.com\/es\/wp-json\/wp\/v2\/media?parent=19186"}],"curies":[{"name":"wp","href":"https:\/\/api.w.org\/{rel}","templated":true}]}}