{"id":19197,"date":"2025-12-09T08:21:00","date_gmt":"2025-12-09T08:21:00","guid":{"rendered":"https:\/\/oreskylaw.com\/?page_id=19197"},"modified":"2026-01-31T08:28:24","modified_gmt":"2026-01-31T08:28:24","slug":"abogados-de-accidentes-de-andamios","status":"publish","type":"page","link":"https:\/\/oreskylaw.com\/es\/nyc\/abogados-de-accidentes-de-andamios\/","title":{"rendered":"Ca\u00eddas de Andamios y Escaleras"},"content":{"rendered":"<h2>Nos puede ayudar si usted ha ca\u00eddo de un andamio o escalera<\/h2>\n<p>Con demasiada frecuencia, trabajadores de la construcci\u00f3n sufren lesiones en ca\u00eddas evitables de Andamios y escaleras<\/p>\n<h3>La defensa de las v\u00edctimas de accidentes de construcci\u00f3n por m\u00e1s de 30 a\u00f1os<\/h3>\n<p>Con demasiada frecuencia, trabajadores de la construcci\u00f3n sufren lesiones en ca\u00eddas evitables de andamios y escaleras. Si estos trabajadores ten\u00edan el correcto \u2013 y necesario \u2013 equipo de seguridad, la ca\u00edda no pudo haber sucedido. Mientras que los trabajadores lesionados por lo general califican para la compensaci\u00f3n de trabajadores, New York tambi\u00e9n tiene leyes que permitan a estos trabajadores y sus familias que tienen ciertos propietarios y contratistas responsables tambi\u00e9n.<\/p>\n<p>Un andamio &amp; escalera abogado ca\u00edda de la ciudad de New York en\u00a0<strong>Oresky &amp; Associates, PLLC<\/strong>\u00a0pueden ayudar a entender si hay recursos legales a su disposici\u00f3n m\u00e1s all\u00e1 de la compensaci\u00f3n de trabajadores. Puede ser que seamos capaces de ayudarle a cobrar una compensaci\u00f3n adicional si sufri\u00f3 heridas en caso de ca\u00edda de New York que involucr\u00f3 a una escalera o andamio, o que se ha producido a causa de una falta de equipo de seguridad adecuado.<\/p>\n<p>Ll\u00e1menos al 718-412-8434 para su evaluaci\u00f3n gratuita de su caso.<\/p>\n<h2>Compensaci\u00f3n de los Trabajadores y las leyes laborales Otras protecciones bajo New York de<\/h2>\n<p>Cada vez que un trabajador sufra lesiones en el reloj en el estado de New York, que tienen derecho a beneficios por cobrar bajo la ley de compensaci\u00f3n de trabajadores del estado. Esto incluye los beneficios de la cubierta:<\/p>\n<ul>\n<li>La atenci\u00f3n m\u00e9dica<\/li>\n<li>porci\u00f3n A de sus salarios perdidos<\/li>\n<\/ul>\n<p>En el caso de muerte por negligencia, la familia sobreviviente tendr\u00e1 derecho a recibir los beneficios.<\/p>\n<p>Mientras Trabajadores de Compensaci\u00f3n est\u00e1 destinado a ayudar a los trabajadores lesionados, no cubre a los trabajadores da\u00f1os por dolor y sufrimiento, as\u00ed como la p\u00e9rdida de un familiar, como las afirmaciones de un c\u00f3nyuge. trabajadores de la construcci\u00f3n tienen una fuerte protecci\u00f3n bajo las leyes estatales de New York 240. Este estatuto, tambi\u00e9n conocida como la Ley del Andamio, proporciona posibles recursos legales adicionales para los trabajadores que sufrieron ca\u00eddas de altura, mientras que en una obra de construcci\u00f3n. Esta ley tambi\u00e9n se aplica a los trabajadores afectados por la ca\u00edda de objetos.<\/p>\n<h2>Un R\u00e9cord de \u00e9xito basado en el trabajo duro y la dedicaci\u00f3n<\/h2>\n<p>Cuando se trata de litigios, no hay tiempo que perder. Una vez llame a nuestra oficina, podemos comenzar a construir su caso en la b\u00fasqueda de su compensaci\u00f3n. En tres cortos pasos, su camino legal puede empezar hoy.<\/p>\n<ul>\n<li><strong>Evaluaci\u00f3n gratuita de casos:<\/strong>\u00a0Llame a nuestra oficina, env\u00edenos un correo electr\u00f3nico, o converse con nosotros en l\u00ednea para recibir una evaluaci\u00f3n gratuita de su caso.<\/li>\n<li><strong>Inscr\u00edbase:\u00a0<\/strong>Luego de la revisi\u00f3n gratuita a su caso, podemos crear su perfil de cliente y recopilar la informaci\u00f3n que usted disponga.<\/li>\n<li><strong>Inicie su recuperaci\u00f3n:\u00a0<\/strong>Nos hacemos cargo de su caso, actualiz\u00e1ndole en la medida que avanza. Usted puede concentrarse en su salud a la par que nos enfocamos en su caso.<\/li>\n<\/ul>\n    <div class=\"cw-cta-box\">\n        <div class=\"cw-cta-box__inner \">\n            <div class=\"cw-cta-box__info\">\n                                    <div class=\"label\">\u00a1Llame ahora!<\/div>\n                            <\/div>\n                            <div class=\"contact-phone\">\n                    <a href=\"tel:7189939999\"\n                        aria-label=\"Tap to call button\">\n                        718-993-9999                    <\/a>\n                <\/div>\n                    <\/div>\n                    <a href=\"\/es\/contacto\/\"\n               class=\"cta-btn btn btn--primary btn\"\n               target=\"\">\n                Obtenga Una Consulta Gratuita            <\/a>\n            <\/div>\n    \n<h2>Los accidentes New York Construcci\u00f3n de la web y Responsabilidad<\/h2>\n<p>Cuando un trabajador de la construcci\u00f3n cae de una escalera o andamio, las lesiones que sufren pueden ser catastr\u00f3ficas. huesos rotos que les impiden trabajar durante varios meses son casi el mejor de los casos, si la ca\u00edda es m\u00e1s de unos pocos pies. Otros resultados comunes incluyen:<\/p>\n<div class=\"row\">\n<ul class=\"col-xl-6\">\n<li>Las lesiones internas y hemorragias internas<\/li>\n<li>Lesiones de la m\u00e9dula espinal<\/li>\n<li>Par\u00e1lisis<\/li>\n<\/ul>\n<ul class=\"col-xl-6\">\n<li>Las lesiones de cabeza<\/li>\n<li>Las lesiones cerebrales traum\u00e1ticas<\/li>\n<li>Muerte<\/li>\n<\/ul>\n<\/div>\n<p>La gravedad de estas lesiones a menudo significa que hay una compensaci\u00f3n no hay manera de los trabajadores ser\u00e1 capaz de cubrir todos los gastos y p\u00e9rdidas asociadas con ellos. De los gastos directos de su bolsillo para el dolor y el sufrimiento, la compensaci\u00f3n de los trabajadores no resultar\u00e1 suficiente. Esta es la raz\u00f3n por leyes estatales de New York 240 (1) permite a los trabajadores de la construcci\u00f3n para mantener ciertos propietarios y contratistas responsable de los da\u00f1os civiles adicionales bajo ciertas circunstancias.<\/p>\n<p>Si podemos mostrar al due\u00f1o de la propiedad y \/ o contratista en la obra fallado en proporcionar equipo de seguridad adecuado como es requerido por la ley, podemos ser capaces de ayudarle a recoger una amplia gama de da\u00f1os no cubiertos por la compensaci\u00f3n de trabajadores. Esto podr\u00eda incluir:<\/p>\n<ul>\n<li>Beneficios de la Uni\u00f3n perdi\u00f3<\/li>\n<li>Los costos de rehabilitaci\u00f3n y terapia<\/li>\n<li>Salarios perdidos adicionales<\/li>\n<li>Perdido la capacidad de ganancia<\/li>\n<li>Indemnizaci\u00f3n por da\u00f1o extrapatrimonial<\/li>\n<\/ul>\n<p>Cuando se revisa su caso, podemos explicar si cree que tiene un caso fuerte en contra de los posibles acusados. Investigaremos su ca\u00edda y tratar de destapar la evidencia que nos permite presentar una reclamaci\u00f3n de seguro o una demanda contra ellos.<\/p>\n<p>Incluso si usted siente que usted tiene la culpa por el accidente, bajo leyes estatales de New York 240 (1), su culpa comparativa no ser\u00e1 considerado como una defensa al propietario o contratistas involucrados.<\/p>\n<h3>Com\u00fan causas que contribuyeron a Andamios y Ladder Falls<\/h3>\n<p>Seg\u00fan la Ley del Trabajo de New York 240 (1), los trabajadores que realizan trabajos en escaleras, andamios, plataformas y otros similares deben recibir una protecci\u00f3n especial dise\u00f1ado para evitar las ca\u00eddas. Esto incluye que requieren los propietarios y contratistas para proporcionar:<\/p>\n<ul>\n<li>Seguro y escaleras bien mantenidos y andamios<\/li>\n<li>Arneses y otros sistemas de seguridad<\/li>\n<li>Seguridad l\u00edneas de vida y ganchos<\/li>\n<li>Cualquier otro equipo de protecci\u00f3n contra ca\u00eddas requerida, dependiendo de la situaci\u00f3n<\/li>\n<\/ul>\n<h3>Nuestra Andamios y Fiscal Escalera ca\u00edda evaluar\u00e1 su caso<\/h3>\n<p>Nuestros abogados entienden las leyes estatales complejas que los trabajadores de la construcci\u00f3n protegen y le permiten ejercer acciones legales si no se le ha proporcionado el equipo adecuado de protecci\u00f3n contra ca\u00eddas o si se le ha proporcionado con escaleras o andamios en mal estado que causaron su accidente. Si creemos que usted tiene un caso fuerte contra el propietario o contratista de una propiedad, vamos a ser defensores vigorosos que luchan por la compensaci\u00f3n que merece.<\/p>\n<p>Podemos:<\/p>\n<ul>\n<li>Revise su caso de forma gratuita y manejarlo basado en una contingencia<\/li>\n<li>Explicar las leyes aplicables que proporcionan una fuerte protecci\u00f3n para los trabajadores<\/li>\n<li>Investigar su caso y mantenerle informado de cada paso del camino.<\/li>\n<li>tratar de ayudar a recuperar la cantidad m\u00e1xima posible en funci\u00f3n de los da\u00f1os que sufri\u00f3<\/li>\n<li>Tenga usted preparado y listo desde el principio hasta su liquidaci\u00f3n ni juicio.<\/li>\n<\/ul>\n<p>Muchos de nuestros empleados son biling\u00fces y pueden hablar de su caso en Ingl\u00e9s o Espa\u00f1ol, lo que te hace sentir m\u00e1s c\u00f3modo. Tambi\u00e9n es importante se\u00f1alar que su estado migratorio no juega ning\u00fan papel en conseguir la compensaci\u00f3n de trabajadores o perseguir civiles remedios.<\/p>\n","protected":false},"excerpt":{"rendered":"<p>Nos puede ayudar si usted ha ca\u00eddo de un andamio o escalera Con demasiada frecuencia, trabajadores de la construcci\u00f3n sufren lesiones en ca\u00eddas evitables de Andamios y escaleras La defensa de las v\u00edctimas de accidentes de construcci\u00f3n por m\u00e1s de 30 a\u00f1os Con demasiada frecuencia, trabajadores de la construcci\u00f3n sufren lesiones en ca\u00eddas evitables de [&hellip;]<\/p>\n","protected":false},"author":9,"featured_media":0,"parent":18614,"menu_order":108,"comment_status":"closed","ping_status":"closed","template":"","meta":{"_acf_changed":false,"footnotes":""},"class_list":["post-19197","page","type-page","status-publish","hentry"],"acf":[],"yoast_head":"<!-- This site is optimized with the Yoast SEO plugin v27.3 - https:\/\/yoast.com\/product\/yoast-seo-wordpress\/ -->\n<title>Abogado de Ca\u00eddas de Andamios y Escaleras, NYC - Oresky &amp; Associates, PLLC<\/title>\n<meta name=\"description\" content=\"\u00bfLesionado en un accidente de andamio en obra de construcci\u00f3n? Obtenga compensaci\u00f3n. Nuestros abogados en NYC brindan representaci\u00f3n legal. Cont\u00e1ctenos hoy.\" \/>\n<meta name=\"robots\" content=\"index, follow, max-snippet:-1, max-image-preview:large, max-video-preview:-1\" \/>\n<link rel=\"canonical\" href=\"https:\/\/oreskylaw.com\/es\/nyc\/abogados-de-accidentes-de-andamios\/\" \/>\n<meta property=\"og:locale\" content=\"es_ES\" \/>\n<meta property=\"og:type\" content=\"article\" \/>\n<meta property=\"og:title\" content=\"Abogado de Ca\u00eddas de Andamios y Escaleras, NYC - Oresky &amp; Associates, PLLC\" \/>\n<meta property=\"og:description\" content=\"\u00bfLesionado en un accidente de andamio en obra de construcci\u00f3n? Obtenga compensaci\u00f3n. Nuestros abogados en NYC brindan representaci\u00f3n legal. Cont\u00e1ctenos hoy.\" \/>\n<meta property=\"og:url\" content=\"https:\/\/oreskylaw.com\/es\/nyc\/abogados-de-accidentes-de-andamios\/\" \/>\n<meta property=\"og:site_name\" content=\"Oresky &amp; Associates, PLLC\" \/>\n<meta property=\"article:publisher\" content=\"https:\/\/www.facebook.com\/Oreskylaw\/\" \/>\n<meta property=\"article:modified_time\" content=\"2026-01-31T08:28:24+00:00\" \/>\n<meta property=\"og:image\" content=\"https:\/\/oreskylaw.com\/wp-content\/uploads\/2026\/01\/oresky-team-careers.png\" \/>\n\t<meta property=\"og:image:width\" content=\"995\" \/>\n\t<meta property=\"og:image:height\" content=\"617\" \/>\n\t<meta property=\"og:image:type\" content=\"image\/png\" \/>\n<meta name=\"twitter:card\" content=\"summary_large_image\" \/>\n<meta name=\"twitter:site\" content=\"@JacobOreskyLaw\" \/>\n<meta name=\"twitter:label1\" content=\"Tiempo de lectura\" \/>\n\t<meta name=\"twitter:data1\" content=\"5 minutos\" \/>\n<!-- \/ Yoast SEO plugin. -->","yoast_head_json":{"title":"Abogado de Ca\u00eddas de Andamios y Escaleras, NYC - Oresky & Associates, PLLC","description":"\u00bfLesionado en un accidente de andamio en obra de construcci\u00f3n? Obtenga compensaci\u00f3n. Nuestros abogados en NYC brindan representaci\u00f3n legal. Cont\u00e1ctenos hoy.","robots":{"index":"index","follow":"follow","max-snippet":"max-snippet:-1","max-image-preview":"max-image-preview:large","max-video-preview":"max-video-preview:-1"},"canonical":"https:\/\/oreskylaw.com\/es\/nyc\/abogados-de-accidentes-de-andamios\/","og_locale":"es_ES","og_type":"article","og_title":"Abogado de Ca\u00eddas de Andamios y Escaleras, NYC - Oresky & Associates, PLLC","og_description":"\u00bfLesionado en un accidente de andamio en obra de construcci\u00f3n? Obtenga compensaci\u00f3n. Nuestros abogados en NYC brindan representaci\u00f3n legal. Cont\u00e1ctenos hoy.","og_url":"https:\/\/oreskylaw.com\/es\/nyc\/abogados-de-accidentes-de-andamios\/","og_site_name":"Oresky &amp; Associates, PLLC","article_publisher":"https:\/\/www.facebook.com\/Oreskylaw\/","article_modified_time":"2026-01-31T08:28:24+00:00","og_image":[{"width":995,"height":617,"url":"https:\/\/oreskylaw.com\/wp-content\/uploads\/2026\/01\/oresky-team-careers.png","type":"image\/png"}],"twitter_card":"summary_large_image","twitter_site":"@JacobOreskyLaw","twitter_misc":{"Tiempo de lectura":"5 minutos"},"schema":{"@context":"https:\/\/schema.org","@graph":[{"@type":"WebPage","@id":"https:\/\/oreskylaw.com\/es\/nyc\/abogados-de-accidentes-de-andamios\/","url":"https:\/\/oreskylaw.com\/es\/nyc\/abogados-de-accidentes-de-andamios\/","name":"Abogado de Ca\u00eddas de Andamios y Escaleras, NYC - Oresky & Associates, PLLC","isPartOf":{"@id":"https:\/\/oreskylaw.com\/es\/#website"},"datePublished":"2025-12-09T08:21:00+00:00","dateModified":"2026-01-31T08:28:24+00:00","description":"\u00bfLesionado en un accidente de andamio en obra de construcci\u00f3n? Obtenga compensaci\u00f3n. Nuestros abogados en NYC brindan representaci\u00f3n legal. Cont\u00e1ctenos hoy.","breadcrumb":{"@id":"https:\/\/oreskylaw.com\/es\/nyc\/abogados-de-accidentes-de-andamios\/#breadcrumb"},"inLanguage":"es","potentialAction":[{"@type":"ReadAction","target":["https:\/\/oreskylaw.com\/es\/nyc\/abogados-de-accidentes-de-andamios\/"]}]},{"@type":"BreadcrumbList","@id":"https:\/\/oreskylaw.com\/es\/nyc\/abogados-de-accidentes-de-andamios\/#breadcrumb","itemListElement":[{"@type":"ListItem","position":1,"name":"Inicio","item":"https:\/\/oreskylaw.com\/es\/"},{"@type":"ListItem","position":2,"name":"New York","item":"https:\/\/oreskylaw.com\/es\/nyc\/"},{"@type":"ListItem","position":3,"name":"Ca\u00eddas de Andamios y Escaleras"}]},{"@type":"WebSite","@id":"https:\/\/oreskylaw.com\/es\/#website","url":"https:\/\/oreskylaw.com\/es\/","name":"Oresky & Associates PLLC","description":"","publisher":{"@id":"https:\/\/oreskylaw.com\/es\/#organization"},"potentialAction":[{"@type":"SearchAction","target":{"@type":"EntryPoint","urlTemplate":"https:\/\/oreskylaw.com\/es\/?s={search_term_string}"},"query-input":{"@type":"PropertyValueSpecification","valueRequired":true,"valueName":"search_term_string"}}],"inLanguage":"es"}]}},"_links":{"self":[{"href":"https:\/\/oreskylaw.com\/es\/wp-json\/wp\/v2\/pages\/19197","targetHints":{"allow":["GET"]}}],"collection":[{"href":"https:\/\/oreskylaw.com\/es\/wp-json\/wp\/v2\/pages"}],"about":[{"href":"https:\/\/oreskylaw.com\/es\/wp-json\/wp\/v2\/types\/page"}],"author":[{"embeddable":true,"href":"https:\/\/oreskylaw.com\/es\/wp-json\/wp\/v2\/users\/9"}],"replies":[{"embeddable":true,"href":"https:\/\/oreskylaw.com\/es\/wp-json\/wp\/v2\/comments?post=19197"}],"version-history":[{"count":0,"href":"https:\/\/oreskylaw.com\/es\/wp-json\/wp\/v2\/pages\/19197\/revisions"}],"up":[{"embeddable":true,"href":"https:\/\/oreskylaw.com\/es\/wp-json\/wp\/v2\/pages\/18614"}],"wp:attachment":[{"href":"https:\/\/oreskylaw.com\/es\/wp-json\/wp\/v2\/media?parent=19197"}],"curies":[{"name":"wp","href":"https:\/\/api.w.org\/{rel}","templated":true}]}}