{"id":19222,"date":"2025-12-09T08:21:45","date_gmt":"2025-12-09T08:21:45","guid":{"rendered":"https:\/\/oreskylaw.com\/?page_id=19222"},"modified":"2026-01-31T08:32:13","modified_gmt":"2026-01-31T08:32:13","slug":"abogados-de-resbalones-y-caidas","status":"publish","type":"page","link":"https:\/\/oreskylaw.com\/es\/nyc\/abogados-de-resbalones-y-caidas\/","title":{"rendered":"Accidentes de Ca\u00eddas, Deslizones y Resbalones"},"content":{"rendered":"<h2>Deslizamiento y ca\u00edda Abogados dar servicio NYC<\/h2>\n<p>Si usted ha sufrido una lesi\u00f3n en la propiedad de otra persona en el Bronx, Queens, Manhattan o el \u00e1rea de NYC metro, los abogados de Oresky &amp; Associates, PLLC puede ser capaz de ayudarle.<\/p>\n<h3>Hemos defendido derechos de las v\u00edctimas por m\u00e1s de 30 a\u00f1os<\/h3>\n<p>Al entrar en la propiedad de otra persona, ya sea una tienda o una residencia privada, usted tiene el derecho de esperar que los propietarios o gerentes han tomado medidas razonables para minimizar el riesgo de lesiones causadas por una condici\u00f3n peligrosa o defectuosa que pudiera plantean da\u00f1o potencial. Por desgracia, a menudo es una de esas cosas que se tendr\u00e1 en cuenta, ya sea como medir una reducci\u00f3n de costos o por falta de atenci\u00f3n. Las consecuencias, sin embargo, pueden ser graves. Si usted ha sufrido una lesi\u00f3n en la propiedad de otra persona, los <a href=\"https:\/\/oreskylaw.com\/es\/\">abogados de accidentes<\/a>\u00a0de Oresky &amp; Associates, PLLC puede ser capaz de ayudarle.<\/p>\n<p>Oresky &amp; Associates, PLLC tenemos m\u00e1s de 30 a\u00f1os de experiencia en la lucha por los derechos de las v\u00edctimas de accidentes de lesiones personales en el Bronx, Queens y New York \u00e1rea metropolitana. Nuestra pr\u00e1ctica est\u00e1 dedicada a representar exclusivamente a v\u00edctimas de accidentes, y por lo tanto estamos muy versado en todos los aspectos de la preparaci\u00f3n de un caso de investigaci\u00f3n inicial a trav\u00e9s veredicto del jurado y el juicio.<\/p>\n<p>Hemos recuperado m\u00e1s de $ 300 millones en veredictos y acuerdos para nuestros clientes. Tomamos un enfoque pr\u00e1ctico, reuniendo meticulosamente, evaluar y preservar toda la evidencia relacionada a la misma. Lo mantendremos plenamente involucrado e informado en todo momento, para que pueda tomar las decisiones correctas acerca de su futuro.<\/p>\n<h2>La lucha por los derechos de las v\u00edctimas de resbalones y ca\u00eddas Lesiones en Bronx, Queens y en New York<\/h2>\n<p>Nuestro Bronx resbalones y ca\u00eddas abogados de accidentes ofrecen asesor\u00eda legal integral a las v\u00edctimas de accidentes que han sido heridos en un accidente de resbal\u00f3n y ca\u00edda en la propiedad residencial o comercial pertenecientes o gestionados por otra persona o empresa. Tomamos los casos de:<\/p>\n<ul>\n<li>Alfombra rota o lin\u00f3leo, baldosas rotas, tablas sueltas u otros defectos de suelo<\/li>\n<li>Los resbalones y ca\u00eddas en los pisos que son h\u00famedas, aceitosas o tienen alimentos o residuos \/ basura en ellos<\/li>\n<li>Las lesiones sufridas en los escalones rotos, escaleras, rampas, sillas de montar puertas, cubiertas u otras pasarelas<\/li>\n<li>tropiezos y ca\u00eddas sobre agrietada o pavimento o asfalto en las aceras, calzadas, aceras, estacionamientos o rampas de estacionamiento roto<\/li>\n<li>Ca\u00eddas debido a una iluminaci\u00f3n inadecuada o falta de pasamanos<\/li>\n<\/ul>\n<p>le ayudar\u00e1 a buscar da\u00f1os por todas sus p\u00e9rdidas, incluidos los salarios e ingresos, el dolor f\u00edsico y el sufrimiento, gastos m\u00e9dicos no reembolsados \u200b\u200by p\u00e9rdida de consorcio o compa\u00f1\u00eda. Tratamos todo tipo de reclamaciones por da\u00f1os, incluyendo la p\u00e9rdida grave y catastr\u00f3fica, as\u00ed como la muerte por negligencia.<\/p>\n<h2>Un R\u00e9cord de \u00e9xito basado en el trabajo duro y la dedicaci\u00f3n<\/h2>\n<p>Cuando se trata de litigios, no hay tiempo que perder. Una vez llame a nuestra oficina, podemos comenzar a construir su caso en la b\u00fasqueda de su compensaci\u00f3n. En tres cortos pasos, su camino legal puede empezar hoy.<\/p>\n<ul>\n<li><strong>Evaluaci\u00f3n gratuita de casos:\u00a0<\/strong>Llame a nuestra oficina, env\u00edenos un correo electr\u00f3nico, o converse con nosotros en l\u00ednea para recibir una evaluaci\u00f3n gratuita de su caso.<\/li>\n<li><strong>Inscr\u00edbase:\u00a0<\/strong>Luego de la revisi\u00f3n gratuita a su caso, podemos crear su perfil de cliente y recopilar la informaci\u00f3n que usted disponga.<\/li>\n<li><strong>Inicie su recuperaci\u00f3n:\u00a0<\/strong>Nos hacemos cargo de su caso, actualiz\u00e1ndole en la medida que avanza. Usted puede concentrarse en su salud a la par que nos enfocamos en su caso.<\/li>\n<\/ul>\n","protected":false},"excerpt":{"rendered":"<p>Deslizamiento y ca\u00edda Abogados dar servicio NYC Si usted ha sufrido una lesi\u00f3n en la propiedad de otra persona en el Bronx, Queens, Manhattan o el \u00e1rea de NYC metro, los abogados de Oresky &amp; Associates, PLLC puede ser capaz de ayudarle. Hemos defendido derechos de las v\u00edctimas por m\u00e1s de 30 a\u00f1os Al entrar [&hellip;]<\/p>\n","protected":false},"author":9,"featured_media":0,"parent":18614,"menu_order":111,"comment_status":"closed","ping_status":"closed","template":"","meta":{"_acf_changed":false,"footnotes":""},"class_list":["post-19222","page","type-page","status-publish","hentry"],"acf":[],"yoast_head":"<!-- This site is optimized with the Yoast SEO plugin v27.3 - https:\/\/yoast.com\/product\/yoast-seo-wordpress\/ -->\n<title>Abogado de Accidentes de Ca\u00eddas, Deslizones y Resbalones, NYC - Oresky &amp; Associates, PLLC<\/title>\n<meta name=\"description\" content=\"\u00bfSufri\u00f3 una lesi\u00f3n por una ca\u00edda en New York? Cont\u00e1ctenos en Oresky &amp; Associates, PLLC para evaluar sus opciones legales de compensaci\u00f3n con un abogado.\" \/>\n<meta name=\"robots\" content=\"index, follow, max-snippet:-1, max-image-preview:large, max-video-preview:-1\" \/>\n<link rel=\"canonical\" href=\"https:\/\/oreskylaw.com\/es\/nyc\/abogados-de-resbalones-y-caidas\/\" \/>\n<meta property=\"og:locale\" content=\"es_ES\" \/>\n<meta property=\"og:type\" content=\"article\" \/>\n<meta property=\"og:title\" content=\"Abogado de Accidentes de Ca\u00eddas, Deslizones y Resbalones, NYC - Oresky &amp; Associates, PLLC\" \/>\n<meta property=\"og:description\" content=\"\u00bfSufri\u00f3 una lesi\u00f3n por una ca\u00edda en New York? Cont\u00e1ctenos en Oresky &amp; Associates, PLLC para evaluar sus opciones legales de compensaci\u00f3n con un abogado.\" \/>\n<meta property=\"og:url\" content=\"https:\/\/oreskylaw.com\/es\/nyc\/abogados-de-resbalones-y-caidas\/\" \/>\n<meta property=\"og:site_name\" content=\"Oresky &amp; Associates, PLLC\" \/>\n<meta property=\"article:publisher\" content=\"https:\/\/www.facebook.com\/Oreskylaw\/\" \/>\n<meta property=\"article:modified_time\" content=\"2026-01-31T08:32:13+00:00\" \/>\n<meta property=\"og:image\" content=\"https:\/\/oreskylaw.com\/wp-content\/uploads\/2026\/01\/oresky-team-careers.png\" \/>\n\t<meta property=\"og:image:width\" content=\"995\" \/>\n\t<meta property=\"og:image:height\" content=\"617\" \/>\n\t<meta property=\"og:image:type\" content=\"image\/png\" \/>\n<meta name=\"twitter:card\" content=\"summary_large_image\" \/>\n<meta name=\"twitter:site\" content=\"@JacobOreskyLaw\" \/>\n<meta name=\"twitter:label1\" content=\"Tiempo de lectura\" \/>\n\t<meta name=\"twitter:data1\" content=\"3 minutos\" \/>\n<!-- \/ Yoast SEO plugin. -->","yoast_head_json":{"title":"Abogado de Accidentes de Ca\u00eddas, Deslizones y Resbalones, NYC - Oresky & Associates, PLLC","description":"\u00bfSufri\u00f3 una lesi\u00f3n por una ca\u00edda en New York? Cont\u00e1ctenos en Oresky & Associates, PLLC para evaluar sus opciones legales de compensaci\u00f3n con un abogado.","robots":{"index":"index","follow":"follow","max-snippet":"max-snippet:-1","max-image-preview":"max-image-preview:large","max-video-preview":"max-video-preview:-1"},"canonical":"https:\/\/oreskylaw.com\/es\/nyc\/abogados-de-resbalones-y-caidas\/","og_locale":"es_ES","og_type":"article","og_title":"Abogado de Accidentes de Ca\u00eddas, Deslizones y Resbalones, NYC - Oresky & Associates, PLLC","og_description":"\u00bfSufri\u00f3 una lesi\u00f3n por una ca\u00edda en New York? Cont\u00e1ctenos en Oresky & Associates, PLLC para evaluar sus opciones legales de compensaci\u00f3n con un abogado.","og_url":"https:\/\/oreskylaw.com\/es\/nyc\/abogados-de-resbalones-y-caidas\/","og_site_name":"Oresky &amp; Associates, PLLC","article_publisher":"https:\/\/www.facebook.com\/Oreskylaw\/","article_modified_time":"2026-01-31T08:32:13+00:00","og_image":[{"width":995,"height":617,"url":"https:\/\/oreskylaw.com\/wp-content\/uploads\/2026\/01\/oresky-team-careers.png","type":"image\/png"}],"twitter_card":"summary_large_image","twitter_site":"@JacobOreskyLaw","twitter_misc":{"Tiempo de lectura":"3 minutos"},"schema":{"@context":"https:\/\/schema.org","@graph":[{"@type":"WebPage","@id":"https:\/\/oreskylaw.com\/es\/nyc\/abogados-de-resbalones-y-caidas\/","url":"https:\/\/oreskylaw.com\/es\/nyc\/abogados-de-resbalones-y-caidas\/","name":"Abogado de Accidentes de Ca\u00eddas, Deslizones y Resbalones, NYC - Oresky & Associates, PLLC","isPartOf":{"@id":"https:\/\/oreskylaw.com\/es\/#website"},"datePublished":"2025-12-09T08:21:45+00:00","dateModified":"2026-01-31T08:32:13+00:00","description":"\u00bfSufri\u00f3 una lesi\u00f3n por una ca\u00edda en New York? Cont\u00e1ctenos en Oresky & Associates, PLLC para evaluar sus opciones legales de compensaci\u00f3n con un abogado.","breadcrumb":{"@id":"https:\/\/oreskylaw.com\/es\/nyc\/abogados-de-resbalones-y-caidas\/#breadcrumb"},"inLanguage":"es","potentialAction":[{"@type":"ReadAction","target":["https:\/\/oreskylaw.com\/es\/nyc\/abogados-de-resbalones-y-caidas\/"]}]},{"@type":"BreadcrumbList","@id":"https:\/\/oreskylaw.com\/es\/nyc\/abogados-de-resbalones-y-caidas\/#breadcrumb","itemListElement":[{"@type":"ListItem","position":1,"name":"Inicio","item":"https:\/\/oreskylaw.com\/es\/"},{"@type":"ListItem","position":2,"name":"New York","item":"https:\/\/oreskylaw.com\/es\/nyc\/"},{"@type":"ListItem","position":3,"name":"Accidentes de Ca\u00eddas, Deslizones y Resbalones"}]},{"@type":"WebSite","@id":"https:\/\/oreskylaw.com\/es\/#website","url":"https:\/\/oreskylaw.com\/es\/","name":"Oresky & Associates PLLC","description":"","publisher":{"@id":"https:\/\/oreskylaw.com\/es\/#organization"},"potentialAction":[{"@type":"SearchAction","target":{"@type":"EntryPoint","urlTemplate":"https:\/\/oreskylaw.com\/es\/?s={search_term_string}"},"query-input":{"@type":"PropertyValueSpecification","valueRequired":true,"valueName":"search_term_string"}}],"inLanguage":"es"}]}},"_links":{"self":[{"href":"https:\/\/oreskylaw.com\/es\/wp-json\/wp\/v2\/pages\/19222","targetHints":{"allow":["GET"]}}],"collection":[{"href":"https:\/\/oreskylaw.com\/es\/wp-json\/wp\/v2\/pages"}],"about":[{"href":"https:\/\/oreskylaw.com\/es\/wp-json\/wp\/v2\/types\/page"}],"author":[{"embeddable":true,"href":"https:\/\/oreskylaw.com\/es\/wp-json\/wp\/v2\/users\/9"}],"replies":[{"embeddable":true,"href":"https:\/\/oreskylaw.com\/es\/wp-json\/wp\/v2\/comments?post=19222"}],"version-history":[{"count":0,"href":"https:\/\/oreskylaw.com\/es\/wp-json\/wp\/v2\/pages\/19222\/revisions"}],"up":[{"embeddable":true,"href":"https:\/\/oreskylaw.com\/es\/wp-json\/wp\/v2\/pages\/18614"}],"wp:attachment":[{"href":"https:\/\/oreskylaw.com\/es\/wp-json\/wp\/v2\/media?parent=19222"}],"curies":[{"name":"wp","href":"https:\/\/api.w.org\/{rel}","templated":true}]}}