{"id":19234,"date":"2025-12-09T08:22:05","date_gmt":"2025-12-09T08:22:05","guid":{"rendered":"https:\/\/oreskylaw.com\/?page_id=19234"},"modified":"2026-01-31T08:32:43","modified_gmt":"2026-01-31T08:32:43","slug":"abogados-de-errores-quirurgicos","status":"publish","type":"page","link":"https:\/\/oreskylaw.com\/es\/nyc\/abogados-de-errores-quirurgicos\/","title":{"rendered":"Errores Quir\u00fargicos"},"content":{"rendered":"<h2>Si usted ha sido v\u00edctima de errores quir\u00fargicos, nos puede ayudar a combatir Volver<\/h2>\n<p>S\u00ed, hay un riesgo en cualquier procedimiento quir\u00fargico, pero usted tiene el derecho a tener los profesionales m\u00e9dicos responsables cuando no ejercen el nivel de cuidado que se espera de ellos.<\/p>\n<h3>Ayuda a las v\u00edctimas de errores quir\u00fargicos y errores en New York<\/h3>\n<p>Cuando se activa con un profesional m\u00e9dico para un procedimiento quir\u00fargico, se espera que ser\u00e1n seguidos ciertos protocolos, de manera que, como m\u00ednimo, usted no sale de la cirug\u00eda con nuevas lesiones causadas directamente por la negligencia del cirujano u otro profesional de la medicina. S\u00ed, hay un riesgo en cualquier procedimiento quir\u00fargico, pero usted tiene el derecho a tener los profesionales m\u00e9dicos responsables cuando no ejercen el nivel de cuidado que se espera de ellos.<\/p>\n<p>Si usted o alguien que el amor ha sufrido lesiones innecesarias debido a la negligencia durante una operaci\u00f3n, el bufete de Oresky &amp; Associates, PLLC, Pueden ayudar. Nuestra firma se ha centrado exclusivamente en los derechos de las v\u00edctimas de lesiones personales por m\u00e1s de 30 a\u00f1os. En nuestros a\u00f1os en la pr\u00e1ctica, hemos obtenido m\u00e1s de $ 300 millones en veredictos y acuerdos para nuestros clientes. Vamos a proteger agresivamente sus derechos durante el proceso legal, manteniendo plenamente involucrado e informado en todo momento. Tenemos la experiencia y la habilidad para negociar una soluci\u00f3n que satisfaga sus necesidades, pero siempre podemos proteger sus derechos ante los tribunales, si el infractor no est\u00e1 dispuesto a negociar de buena fe.<\/p>\n<h2>Nuestros errores quir\u00fargicos Pr\u00e1ctica de Lesiones<\/h2>\n<p>Proporcionar asesoramiento legal integral a cualquier persona que haya sufrido una lesi\u00f3n innecesaria debido a descuido o negligencia durante un procedimiento quir\u00fargico. Nos ocupamos de todo tipo de reclamaciones de errores quir\u00fargicos, incluyendo los casos de:<\/p>\n<ul>\n<li>Operando en la parte equivocada del cuerpo<\/li>\n<li>Realizaci\u00f3n de la cirug\u00eda mal<\/li>\n<li>Retrasar innecesariamente cualquier cirug\u00eda obligatorio<\/li>\n<li>Dejando instrumentos quir\u00fargicos o esponjas en una cavidad corporal<\/li>\n<li>Perforaci\u00f3n o lacerante un \u00f3rgano del cuerpo<\/li>\n<li>Errores de Anestesia<\/li>\n<\/ul>\n<p>Nos tomamos casos que impliquen cualquier tipo de procedimiento quir\u00fargico, la cirug\u00eda laparosc\u00f3pica o artrosc\u00f3pica para todo tipo de cirug\u00eda invasiva cuerpo o abierta.<\/p>\n    <div class=\"cw-cta-box\">\n        <div class=\"cw-cta-box__inner \">\n            <div class=\"cw-cta-box__info\">\n                                    <div class=\"label\">\u00a1Llame ahora!<\/div>\n                            <\/div>\n                            <div class=\"contact-phone\">\n                    <a href=\"tel:7189939999\"\n                        aria-label=\"Tap to call button\">\n                        718-993-9999                    <\/a>\n                <\/div>\n                    <\/div>\n                    <a href=\"\/es\/contacto\/\"\n               class=\"cta-btn btn btn--primary btn\"\n               target=\"\">\n                Obtenga Una Consulta Gratuita            <\/a>\n            <\/div>\n    \n<h2>Un R\u00e9cord de \u00e9xito basado en el trabajo duro y la dedicaci\u00f3n<\/h2>\n<p><img loading=\"lazy\" decoding=\"async\" class=\"size-full wp-image-15573 alignright\" src=\"https:\/\/oreskylaw.com\/wp-content\/uploads\/2026\/01\/How-Does-Your-Nervous-System-Work.webp\" alt=\"Our Team Can Start Working for You from the Moment You Call\" width=\"300\" height=\"200\" \/>Cuando se trata de litigios, no hay tiempo que perder. Una vez llame a nuestra oficina, podemos comenzar a construir su caso en la b\u00fasqueda de su compensaci\u00f3n. En tres cortos pasos, su camino legal puede empezar hoy.<\/p>\n<ul>\n<li><strong>Evaluaci\u00f3n gratuita de casos:\u00a0<\/strong>Llame a nuestra oficina, env\u00edenos un correo electr\u00f3nico, o converse con nosotros en l\u00ednea para recibir una evaluaci\u00f3n gratuita de su caso.<\/li>\n<li><strong>Inscr\u00edbase:\u00a0<\/strong>Luego de la revisi\u00f3n gratuita a su caso, podemos crear su perfil de cliente y recopilar la informaci\u00f3n que usted disponga.<\/li>\n<li><strong>Inicie su recuperaci\u00f3n:<\/strong>\u00a0Nos hacemos cargo de su caso, actualiz\u00e1ndole en la medida que avanza. Usted puede concentrarse en su salud a la par que nos enfocamos en su caso.<\/li>\n<\/ul>\n","protected":false},"excerpt":{"rendered":"<p>Si usted ha sido v\u00edctima de errores quir\u00fargicos, nos puede ayudar a combatir Volver S\u00ed, hay un riesgo en cualquier procedimiento quir\u00fargico, pero usted tiene el derecho a tener los profesionales m\u00e9dicos responsables cuando no ejercen el nivel de cuidado que se espera de ellos. Ayuda a las v\u00edctimas de errores quir\u00fargicos y errores en [&hellip;]<\/p>\n","protected":false},"author":9,"featured_media":0,"parent":18614,"menu_order":104,"comment_status":"closed","ping_status":"closed","template":"","meta":{"_acf_changed":false,"footnotes":""},"class_list":["post-19234","page","type-page","status-publish","hentry"],"acf":[],"yoast_head":"<!-- This site is optimized with the Yoast SEO plugin v27.3 - https:\/\/yoast.com\/product\/yoast-seo-wordpress\/ -->\n<title>Abogado de Errores Quir\u00fargicos, NYC - Oresky &amp; Associates, PLLC<\/title>\n<meta name=\"description\" content=\"Si ha sufrido da\u00f1os por un error quir\u00fargico, nuestros abogados en NYC luchar\u00e1n por la justicia y compensaci\u00f3n que merece. Llame hoy a Oresky &amp; Associates, PLLC.\" \/>\n<meta name=\"robots\" content=\"index, follow, max-snippet:-1, max-image-preview:large, max-video-preview:-1\" \/>\n<link rel=\"canonical\" href=\"https:\/\/oreskylaw.com\/es\/nyc\/abogados-de-errores-quirurgicos\/\" \/>\n<meta property=\"og:locale\" content=\"es_ES\" \/>\n<meta property=\"og:type\" content=\"article\" \/>\n<meta property=\"og:title\" content=\"Abogado de Errores Quir\u00fargicos, NYC - Oresky &amp; Associates, PLLC\" \/>\n<meta property=\"og:description\" content=\"Si ha sufrido da\u00f1os por un error quir\u00fargico, nuestros abogados en NYC luchar\u00e1n por la justicia y compensaci\u00f3n que merece. Llame hoy a Oresky &amp; Associates, PLLC.\" \/>\n<meta property=\"og:url\" content=\"https:\/\/oreskylaw.com\/es\/nyc\/abogados-de-errores-quirurgicos\/\" \/>\n<meta property=\"og:site_name\" content=\"Oresky &amp; Associates, PLLC\" \/>\n<meta property=\"article:publisher\" content=\"https:\/\/www.facebook.com\/Oreskylaw\/\" \/>\n<meta property=\"article:modified_time\" content=\"2026-01-31T08:32:43+00:00\" \/>\n<meta property=\"og:image\" content=\"https:\/\/oreskylaw.com\/wp-content\/uploads\/2026\/01\/How-Does-Your-Nervous-System-Work.webp\" \/>\n\t<meta property=\"og:image:width\" content=\"300\" \/>\n\t<meta property=\"og:image:height\" content=\"200\" \/>\n\t<meta property=\"og:image:type\" content=\"image\/webp\" \/>\n<meta name=\"twitter:card\" content=\"summary_large_image\" \/>\n<meta name=\"twitter:site\" content=\"@JacobOreskyLaw\" \/>\n<meta name=\"twitter:label1\" content=\"Tiempo de lectura\" \/>\n\t<meta name=\"twitter:data1\" content=\"3 minutos\" \/>\n<!-- \/ Yoast SEO plugin. -->","yoast_head_json":{"title":"Abogado de Errores Quir\u00fargicos, NYC - Oresky & Associates, PLLC","description":"Si ha sufrido da\u00f1os por un error quir\u00fargico, nuestros abogados en NYC luchar\u00e1n por la justicia y compensaci\u00f3n que merece. Llame hoy a Oresky & Associates, PLLC.","robots":{"index":"index","follow":"follow","max-snippet":"max-snippet:-1","max-image-preview":"max-image-preview:large","max-video-preview":"max-video-preview:-1"},"canonical":"https:\/\/oreskylaw.com\/es\/nyc\/abogados-de-errores-quirurgicos\/","og_locale":"es_ES","og_type":"article","og_title":"Abogado de Errores Quir\u00fargicos, NYC - Oresky & Associates, PLLC","og_description":"Si ha sufrido da\u00f1os por un error quir\u00fargico, nuestros abogados en NYC luchar\u00e1n por la justicia y compensaci\u00f3n que merece. Llame hoy a Oresky & Associates, PLLC.","og_url":"https:\/\/oreskylaw.com\/es\/nyc\/abogados-de-errores-quirurgicos\/","og_site_name":"Oresky &amp; Associates, PLLC","article_publisher":"https:\/\/www.facebook.com\/Oreskylaw\/","article_modified_time":"2026-01-31T08:32:43+00:00","og_image":[{"width":300,"height":200,"url":"https:\/\/oreskylaw.com\/wp-content\/uploads\/2026\/01\/How-Does-Your-Nervous-System-Work.webp","type":"image\/webp"}],"twitter_card":"summary_large_image","twitter_site":"@JacobOreskyLaw","twitter_misc":{"Tiempo de lectura":"3 minutos"},"schema":{"@context":"https:\/\/schema.org","@graph":[{"@type":"WebPage","@id":"https:\/\/oreskylaw.com\/es\/nyc\/abogados-de-errores-quirurgicos\/","url":"https:\/\/oreskylaw.com\/es\/nyc\/abogados-de-errores-quirurgicos\/","name":"Abogado de Errores Quir\u00fargicos, NYC - Oresky & Associates, PLLC","isPartOf":{"@id":"https:\/\/oreskylaw.com\/es\/#website"},"primaryImageOfPage":{"@id":"https:\/\/oreskylaw.com\/es\/nyc\/abogados-de-errores-quirurgicos\/#primaryimage"},"image":{"@id":"https:\/\/oreskylaw.com\/es\/nyc\/abogados-de-errores-quirurgicos\/#primaryimage"},"thumbnailUrl":"https:\/\/oreskylaw.com\/wp-content\/uploads\/2026\/01\/How-Does-Your-Nervous-System-Work.webp","datePublished":"2025-12-09T08:22:05+00:00","dateModified":"2026-01-31T08:32:43+00:00","description":"Si ha sufrido da\u00f1os por un error quir\u00fargico, nuestros abogados en NYC luchar\u00e1n por la justicia y compensaci\u00f3n que merece. Llame hoy a Oresky & Associates, PLLC.","breadcrumb":{"@id":"https:\/\/oreskylaw.com\/es\/nyc\/abogados-de-errores-quirurgicos\/#breadcrumb"},"inLanguage":"es","potentialAction":[{"@type":"ReadAction","target":["https:\/\/oreskylaw.com\/es\/nyc\/abogados-de-errores-quirurgicos\/"]}]},{"@type":"ImageObject","inLanguage":"es","@id":"https:\/\/oreskylaw.com\/es\/nyc\/abogados-de-errores-quirurgicos\/#primaryimage","url":"https:\/\/oreskylaw.com\/wp-content\/uploads\/2026\/01\/How-Does-Your-Nervous-System-Work.webp","contentUrl":"https:\/\/oreskylaw.com\/wp-content\/uploads\/2026\/01\/How-Does-Your-Nervous-System-Work.webp"},{"@type":"BreadcrumbList","@id":"https:\/\/oreskylaw.com\/es\/nyc\/abogados-de-errores-quirurgicos\/#breadcrumb","itemListElement":[{"@type":"ListItem","position":1,"name":"Inicio","item":"https:\/\/oreskylaw.com\/es\/"},{"@type":"ListItem","position":2,"name":"New York","item":"https:\/\/oreskylaw.com\/es\/nyc\/"},{"@type":"ListItem","position":3,"name":"Errores Quir\u00fargicos"}]},{"@type":"WebSite","@id":"https:\/\/oreskylaw.com\/es\/#website","url":"https:\/\/oreskylaw.com\/es\/","name":"Oresky & Associates PLLC","description":"","publisher":{"@id":"https:\/\/oreskylaw.com\/es\/#organization"},"potentialAction":[{"@type":"SearchAction","target":{"@type":"EntryPoint","urlTemplate":"https:\/\/oreskylaw.com\/es\/?s={search_term_string}"},"query-input":{"@type":"PropertyValueSpecification","valueRequired":true,"valueName":"search_term_string"}}],"inLanguage":"es"}]}},"_links":{"self":[{"href":"https:\/\/oreskylaw.com\/es\/wp-json\/wp\/v2\/pages\/19234","targetHints":{"allow":["GET"]}}],"collection":[{"href":"https:\/\/oreskylaw.com\/es\/wp-json\/wp\/v2\/pages"}],"about":[{"href":"https:\/\/oreskylaw.com\/es\/wp-json\/wp\/v2\/types\/page"}],"author":[{"embeddable":true,"href":"https:\/\/oreskylaw.com\/es\/wp-json\/wp\/v2\/users\/9"}],"replies":[{"embeddable":true,"href":"https:\/\/oreskylaw.com\/es\/wp-json\/wp\/v2\/comments?post=19234"}],"version-history":[{"count":0,"href":"https:\/\/oreskylaw.com\/es\/wp-json\/wp\/v2\/pages\/19234\/revisions"}],"up":[{"embeddable":true,"href":"https:\/\/oreskylaw.com\/es\/wp-json\/wp\/v2\/pages\/18614"}],"wp:attachment":[{"href":"https:\/\/oreskylaw.com\/es\/wp-json\/wp\/v2\/media?parent=19234"}],"curies":[{"name":"wp","href":"https:\/\/api.w.org\/{rel}","templated":true}]}}