{"id":19259,"date":"2025-12-09T08:22:34","date_gmt":"2025-12-09T08:22:34","guid":{"rendered":"https:\/\/oreskylaw.com\/?page_id=19259"},"modified":"2026-01-31T08:33:26","modified_gmt":"2026-01-31T08:33:26","slug":"abogados-de-accidentes-de-taxi","status":"publish","type":"page","link":"https:\/\/oreskylaw.com\/es\/nyc\/abogados-de-accidentes-de-taxi\/","title":{"rendered":"Accidentes De Taxis"},"content":{"rendered":"<h2>Nos defender a las v\u00edctimas de accidentes de Taxi en New York<\/h2>\n<p>Si descuido o negligencia acto de otra persona caus\u00f3 que sufra una lesi\u00f3n, su vida puede cambiar para siempre, y no para mejor.<\/p>\n<h3>Hemos defendido a las v\u00edctimas de accidentes de taxi por m\u00e1s de 30 a\u00f1os<\/h3>\n<p>Con tantos taxis en la carretera, los accidentes ocurren, y la gente puede salir lastimado. Si otra persona descuido o acto il\u00edcito que causaron a sufrir una lesi\u00f3n, su vida puede cambiar para siempre, y no para mejor.<\/p>\n<p>Usted no podr\u00eda ser capaz de mantenerse a s\u00ed mismo a trav\u00e9s de un empleo remunerado. Es posible que necesite tratamiento m\u00e9dico continuo y asistencia con las tareas diarias. Con los gastos m\u00e9dicos se acumulan, es posible que preocuparse por c\u00f3mo va a pagar ellos y mantener a su familia y usted mismo. Un abogado de accidente de taxi en el Bronx puede ayudarle a buscar compensaci\u00f3n por sus p\u00e9rdidas.<\/p>\n<p>Si usted ha sufrido lesiones en un accidente de taxi en el Bronx, puede llamar Oresky &amp; Associates, PLLC, en 718-412-8434 para una consulta gratuita. Hemos ganado m\u00e1s de $ 350 millones para nuestros clientes en los 30 a\u00f1os que hemos estado ayudando a las personas heridas en el Bronx y el \u00e1rea de New York.<\/p>\n<h2>Las causas de los accidentes de Taxi<\/h2>\n<p>Investigamos cada siniestro de taxis que manejamos para determinar la causa (s). A veces varios errores se combinan para causar un accidente. Algunas situaciones comunes que pueden conducir a un accidente de taxi son:<\/p>\n<ul>\n<li>La conducci\u00f3n agresiva por el conductor del taxi u otro controlador<\/li>\n<li>Exceder el l\u00edmite de velocidad o la velocidad segura para las condiciones<\/li>\n<li>Gesti\u00f3n de una muestra de la luz o de parada rojo<\/li>\n<li>No ceder el derecho de paso<\/li>\n<li>Un conductor distra\u00eddo que es enviar mensajes de texto, comprobando el GPS, o llamando al despachador<\/li>\n<li>Un conductor que est\u00e1 fatigado o se deteriora<\/li>\n<li>La capacitaci\u00f3n inadecuada o la experiencia del conductor del taxi<\/li>\n<li>La supervisi\u00f3n inadecuada por la compa\u00f1\u00eda de taxis, como no disparar los conductores \u201cproblema\u201d que tienen violaci\u00f3nes en movimiento o un historial de conducir bajo la influencia de drogas o alcohol<\/li>\n<li>peligros de la carretera, como baches, mal dise\u00f1o de la calle, o la falta de se\u00f1alizaci\u00f3n.<\/li>\n<li>Ruta por el conductor del taxi o alguna otra persona<\/li>\n<li>El equipo defectuoso en la cabina, al igual que los frenos desgastados o llantas lisas<\/li>\n<li>La falta de o cinturones de seguridad defectuosos<\/li>\n<\/ul>\n<h2>Un R\u00e9cord de \u00e9xito basado en el trabajo duro y la dedicaci\u00f3n<\/h2>\n<p>Cuando se trata de litigios, no hay tiempo que perder. Una vez llame a nuestra oficina, podemos comenzar a construir su caso en la b\u00fasqueda de su compensaci\u00f3n. En tres cortos pasos, su camino legal puede empezar hoy.<\/p>\n<ul>\n<li><strong>Evaluaci\u00f3n gratuita de casos:<\/strong>\u00a0Llame a nuestra oficina, env\u00edenos un correo electr\u00f3nico, o converse con nosotros en l\u00ednea para recibir una evaluaci\u00f3n gratuita de su caso.<\/li>\n<li><strong>Inscr\u00edbase:\u00a0<\/strong>Luego de la revisi\u00f3n gratuita a su caso, podemos crear su perfil de cliente y recopilar la informaci\u00f3n que usted disponga.<\/li>\n<li><strong>Inicie su recuperaci\u00f3n:<\/strong>\u00a0Nos hacemos cargo de su caso, actualiz\u00e1ndole en la medida que avanza. Usted puede concentrarse en su salud a la par que nos enfocamos en su caso.<\/li>\n<\/ul>\n<h2>Tipos de lesiones en accidentes de Taxi<\/h2>\n<p>Si usted estuvo involucrado un accidente de taxi, usted podr\u00eda sufrir muchas de las mismas lesiones que se pueda en cualquier otro accidente de coche. Estas lesiones pueden incluir lesiones como laceraciones, fracturas, lesiones en la cabeza, da\u00f1os de la m\u00e9dula espinal, quemaduras, desmembramiento, y otra trauma significativo.<\/p>\n<h2>Partes que pueden ser responsables por sus p\u00e9rdidas en un accidente de Taxi en New York o el Bronx<\/h2>\n<p>El que ha cometido un acto de negligencia que caus\u00f3 el accidente y sus lesiones pueden ser responsables por sus da\u00f1os. Cada caso es diferente, y la parte o partes responsables depender\u00e1 de los hechos de su situaci\u00f3n. Algunos de los acusados \u200b\u200ben los juicios comunes de accidentes de taxis incluyen:<\/p>\n<ul>\n<li>El conductor del taxi, si su descuido caus\u00f3 o contribuy\u00f3 al accidente.<\/li>\n<li>El conductor de otro veh\u00edculo de motor, si ella tuvo la culpa en el accidente.<\/li>\n<li>La compa\u00f1\u00eda de taxis, si se proporciona veh\u00edculos mantenimiento inadecuado, dedicada a la contrataci\u00f3n o supervisi\u00f3n de los empleados, o las pol\u00edticas instituidas que alentaron conducci\u00f3n arriesgada negligente. En algunos casos, la compa\u00f1\u00eda de taxis puede ser indirectamente responsable por el accidente.<\/li>\n<\/ul>\n    <div class=\"cw-cta-box\">\n        <div class=\"cw-cta-box__inner \">\n            <div class=\"cw-cta-box__info\">\n                                    <div class=\"label\">\u00a1Llame ahora!<\/div>\n                            <\/div>\n                            <div class=\"contact-phone\">\n                    <a href=\"tel:7189939999\"\n                        aria-label=\"Tap to call button\">\n                        718-993-9999                    <\/a>\n                <\/div>\n                    <\/div>\n                    <a href=\"\/es\/contacto\/\"\n               class=\"cta-btn btn btn--primary btn\"\n               target=\"\">\n                Obtenga Una Consulta Gratuita            <\/a>\n            <\/div>\n    \n<h2>Elementos de la responsabilidad<\/h2>\n<p><img loading=\"lazy\" decoding=\"async\" class=\"size-full wp-image-15609 alignright\" src=\"https:\/\/oreskylaw.com\/wp-content\/uploads\/2026\/01\/How-Can-Oresky-Associates-PLLC-Help-After-a-Rear-End-Crash-in-the-Bronx.webp\" alt=\"construction accident attorney Bronx NY\" width=\"300\" height=\"200\" \/>Tenemos que probar que la negligencia de alguien caus\u00f3 o contribuy\u00f3 al accidente y sus lesiones de la ley para mantener a la persona responsable de sus p\u00e9rdidas. Debemos establecer estos factores:<\/p>\n<ul>\n<li><strong>Deber.<\/strong> El acusado debe haberle ten\u00eda un deber legal de cuidado. Por ejemplo, el conductor del taxi tiene el deber legal de cuidado para operar el taxi razonable y obedecer la ley.<\/li>\n<li><strong>La vulneraci\u00f3n del deber de cuidado.<\/strong> Es una negligencia si alguien no cumple con su deber legal de cuidado. Vamos a decir que la cabina se ha quedado atascado en el tr\u00e1fico Bronx. El conductor hizo un giro brusco a la derecha para desviar lejos de los atascos de tr\u00e1fico. Al hacerlo, golpe\u00f3 a un peat\u00f3n que se encontraba en el cruce de peatones legalmente. El conductor viol\u00f3 el deber de diligencia y fue negligente.<\/li>\n<li><strong>La causalidad.<\/strong> El acto de negligencia debe haber causado el accidente y la lesi\u00f3n. El peat\u00f3n sufri\u00f3 un trauma debido a la negligencia del conductor del taxi. El conductor del taxi es responsable de las p\u00e9rdidas de la peatonales. El andador tambi\u00e9n podr\u00eda tener una demanda contra la compa\u00f1\u00eda de taxis.<\/li>\n<li>Da\u00f1os. La v\u00edctima debe haber sufrido da\u00f1os econ\u00f3micos, f\u00edsicos o emocionales.<\/li>\n<\/ul>\n<h2>Obtenci\u00f3n de ayuda legal de un accidente de Taxi en el Bronx o Manhattan<\/h2>\n<p>Manejamos casos de lesiones de accidentes de taxis en los que las v\u00edctimas han sufrido traumas incluyendo lesiones cerebrales, lesiones de m\u00e9dula espinal, par\u00e1lisis, fracturas de huesos, y otros traumas significativos. Tambi\u00e9n nos ocupamos de homicidio culposo. No todas las lesiones califica para la compensaci\u00f3n de acuerdo con la ley.<\/p>\n<p>Cuando usted sufre un trauma importante, que usted sufra m\u00faltiples p\u00e9rdidas m\u00e1s all\u00e1 de las lesiones f\u00edsicas. Un abogado de accidente de taxi en el Bronx puede ayudarle a buscar una compensaci\u00f3n por todas sus p\u00e9rdidas, que pueden incluir cosas como beneficios de la uni\u00f3n perdidos, da\u00f1os monetarios para el dolor y el sufrimiento pasado causadas por lesiones, da\u00f1os monetarios para el dolor y el sufrimiento futuro causadas por lesiones, y p\u00e9rdida de compa\u00f1\u00eda o consorcio.<\/p>\n","protected":false},"excerpt":{"rendered":"<p>Nos defender a las v\u00edctimas de accidentes de Taxi en New York Si descuido o negligencia acto de otra persona caus\u00f3 que sufra una lesi\u00f3n, su vida puede cambiar para siempre, y no para mejor. Hemos defendido a las v\u00edctimas de accidentes de taxi por m\u00e1s de 30 a\u00f1os Con tantos taxis en la carretera, [&hellip;]<\/p>\n","protected":false},"author":9,"featured_media":0,"parent":18614,"menu_order":108,"comment_status":"closed","ping_status":"closed","template":"","meta":{"_acf_changed":false,"footnotes":""},"class_list":["post-19259","page","type-page","status-publish","hentry"],"acf":[],"yoast_head":"<!-- This site is optimized with the Yoast SEO plugin v27.3 - https:\/\/yoast.com\/product\/yoast-seo-wordpress\/ -->\n<title>Abogado de Accidentes De Taxis, NYC - Oresky &amp; Associates, PLLC<\/title>\n<meta name=\"description\" content=\"\u00bfLesionado en un accidente de taxi? Nuestros abogados en NYC luchar\u00e1n para proteger sus derechos y obtener compensaci\u00f3n. Contacte nuestro bufete.\" \/>\n<meta name=\"robots\" content=\"index, follow, max-snippet:-1, max-image-preview:large, max-video-preview:-1\" \/>\n<link rel=\"canonical\" href=\"https:\/\/oreskylaw.com\/es\/nyc\/abogados-de-accidentes-de-taxi\/\" \/>\n<meta property=\"og:locale\" content=\"es_ES\" \/>\n<meta property=\"og:type\" content=\"article\" \/>\n<meta property=\"og:title\" content=\"Abogado de Accidentes De Taxis, NYC - Oresky &amp; Associates, PLLC\" \/>\n<meta property=\"og:description\" content=\"\u00bfLesionado en un accidente de taxi? Nuestros abogados en NYC luchar\u00e1n para proteger sus derechos y obtener compensaci\u00f3n. Contacte nuestro bufete.\" \/>\n<meta property=\"og:url\" content=\"https:\/\/oreskylaw.com\/es\/nyc\/abogados-de-accidentes-de-taxi\/\" \/>\n<meta property=\"og:site_name\" content=\"Oresky &amp; Associates, PLLC\" \/>\n<meta property=\"article:publisher\" content=\"https:\/\/www.facebook.com\/Oreskylaw\/\" \/>\n<meta property=\"article:modified_time\" content=\"2026-01-31T08:33:26+00:00\" \/>\n<meta property=\"og:image\" content=\"https:\/\/oreskylaw.com\/wp-content\/uploads\/2026\/01\/How-Can-Oresky-Associates-PLLC-Help-After-a-Rear-End-Crash-in-the-Bronx.webp\" \/>\n\t<meta property=\"og:image:width\" content=\"300\" \/>\n\t<meta property=\"og:image:height\" content=\"200\" \/>\n\t<meta property=\"og:image:type\" content=\"image\/webp\" \/>\n<meta name=\"twitter:card\" content=\"summary_large_image\" \/>\n<meta name=\"twitter:site\" content=\"@JacobOreskyLaw\" \/>\n<meta name=\"twitter:label1\" content=\"Tiempo de lectura\" \/>\n\t<meta name=\"twitter:data1\" content=\"5 minutos\" \/>\n<!-- \/ Yoast SEO plugin. -->","yoast_head_json":{"title":"Abogado de Accidentes De Taxis, NYC - Oresky & Associates, PLLC","description":"\u00bfLesionado en un accidente de taxi? Nuestros abogados en NYC luchar\u00e1n para proteger sus derechos y obtener compensaci\u00f3n. Contacte nuestro bufete.","robots":{"index":"index","follow":"follow","max-snippet":"max-snippet:-1","max-image-preview":"max-image-preview:large","max-video-preview":"max-video-preview:-1"},"canonical":"https:\/\/oreskylaw.com\/es\/nyc\/abogados-de-accidentes-de-taxi\/","og_locale":"es_ES","og_type":"article","og_title":"Abogado de Accidentes De Taxis, NYC - Oresky & Associates, PLLC","og_description":"\u00bfLesionado en un accidente de taxi? Nuestros abogados en NYC luchar\u00e1n para proteger sus derechos y obtener compensaci\u00f3n. Contacte nuestro bufete.","og_url":"https:\/\/oreskylaw.com\/es\/nyc\/abogados-de-accidentes-de-taxi\/","og_site_name":"Oresky &amp; Associates, PLLC","article_publisher":"https:\/\/www.facebook.com\/Oreskylaw\/","article_modified_time":"2026-01-31T08:33:26+00:00","og_image":[{"width":300,"height":200,"url":"https:\/\/oreskylaw.com\/wp-content\/uploads\/2026\/01\/How-Can-Oresky-Associates-PLLC-Help-After-a-Rear-End-Crash-in-the-Bronx.webp","type":"image\/webp"}],"twitter_card":"summary_large_image","twitter_site":"@JacobOreskyLaw","twitter_misc":{"Tiempo de lectura":"5 minutos"},"schema":{"@context":"https:\/\/schema.org","@graph":[{"@type":"WebPage","@id":"https:\/\/oreskylaw.com\/es\/nyc\/abogados-de-accidentes-de-taxi\/","url":"https:\/\/oreskylaw.com\/es\/nyc\/abogados-de-accidentes-de-taxi\/","name":"Abogado de Accidentes De Taxis, NYC - Oresky & Associates, PLLC","isPartOf":{"@id":"https:\/\/oreskylaw.com\/es\/#website"},"primaryImageOfPage":{"@id":"https:\/\/oreskylaw.com\/es\/nyc\/abogados-de-accidentes-de-taxi\/#primaryimage"},"image":{"@id":"https:\/\/oreskylaw.com\/es\/nyc\/abogados-de-accidentes-de-taxi\/#primaryimage"},"thumbnailUrl":"https:\/\/oreskylaw.com\/wp-content\/uploads\/2026\/01\/How-Can-Oresky-Associates-PLLC-Help-After-a-Rear-End-Crash-in-the-Bronx.webp","datePublished":"2025-12-09T08:22:34+00:00","dateModified":"2026-01-31T08:33:26+00:00","description":"\u00bfLesionado en un accidente de taxi? Nuestros abogados en NYC luchar\u00e1n para proteger sus derechos y obtener compensaci\u00f3n. Contacte nuestro bufete.","breadcrumb":{"@id":"https:\/\/oreskylaw.com\/es\/nyc\/abogados-de-accidentes-de-taxi\/#breadcrumb"},"inLanguage":"es","potentialAction":[{"@type":"ReadAction","target":["https:\/\/oreskylaw.com\/es\/nyc\/abogados-de-accidentes-de-taxi\/"]}]},{"@type":"ImageObject","inLanguage":"es","@id":"https:\/\/oreskylaw.com\/es\/nyc\/abogados-de-accidentes-de-taxi\/#primaryimage","url":"https:\/\/oreskylaw.com\/wp-content\/uploads\/2026\/01\/How-Can-Oresky-Associates-PLLC-Help-After-a-Rear-End-Crash-in-the-Bronx.webp","contentUrl":"https:\/\/oreskylaw.com\/wp-content\/uploads\/2026\/01\/How-Can-Oresky-Associates-PLLC-Help-After-a-Rear-End-Crash-in-the-Bronx.webp"},{"@type":"BreadcrumbList","@id":"https:\/\/oreskylaw.com\/es\/nyc\/abogados-de-accidentes-de-taxi\/#breadcrumb","itemListElement":[{"@type":"ListItem","position":1,"name":"Inicio","item":"https:\/\/oreskylaw.com\/es\/"},{"@type":"ListItem","position":2,"name":"New York","item":"https:\/\/oreskylaw.com\/es\/nyc\/"},{"@type":"ListItem","position":3,"name":"Accidentes De Taxis"}]},{"@type":"WebSite","@id":"https:\/\/oreskylaw.com\/es\/#website","url":"https:\/\/oreskylaw.com\/es\/","name":"Oresky & Associates PLLC","description":"","publisher":{"@id":"https:\/\/oreskylaw.com\/es\/#organization"},"potentialAction":[{"@type":"SearchAction","target":{"@type":"EntryPoint","urlTemplate":"https:\/\/oreskylaw.com\/es\/?s={search_term_string}"},"query-input":{"@type":"PropertyValueSpecification","valueRequired":true,"valueName":"search_term_string"}}],"inLanguage":"es"}]}},"_links":{"self":[{"href":"https:\/\/oreskylaw.com\/es\/wp-json\/wp\/v2\/pages\/19259","targetHints":{"allow":["GET"]}}],"collection":[{"href":"https:\/\/oreskylaw.com\/es\/wp-json\/wp\/v2\/pages"}],"about":[{"href":"https:\/\/oreskylaw.com\/es\/wp-json\/wp\/v2\/types\/page"}],"author":[{"embeddable":true,"href":"https:\/\/oreskylaw.com\/es\/wp-json\/wp\/v2\/users\/9"}],"replies":[{"embeddable":true,"href":"https:\/\/oreskylaw.com\/es\/wp-json\/wp\/v2\/comments?post=19259"}],"version-history":[{"count":0,"href":"https:\/\/oreskylaw.com\/es\/wp-json\/wp\/v2\/pages\/19259\/revisions"}],"up":[{"embeddable":true,"href":"https:\/\/oreskylaw.com\/es\/wp-json\/wp\/v2\/pages\/18614"}],"wp:attachment":[{"href":"https:\/\/oreskylaw.com\/es\/wp-json\/wp\/v2\/media?parent=19259"}],"curies":[{"name":"wp","href":"https:\/\/api.w.org\/{rel}","templated":true}]}}