{"id":19272,"date":"2026-01-19T07:41:09","date_gmt":"2026-01-19T07:41:09","guid":{"rendered":"https:\/\/oreskylaw.com\/?page_id=19272"},"modified":"2026-01-31T08:36:23","modified_gmt":"2026-01-31T08:36:23","slug":"abogados-de-accidentes-de-camiones","status":"publish","type":"page","link":"https:\/\/oreskylaw.com\/es\/nyc\/abogados-de-accidentes-de-camiones\/","title":{"rendered":"Accidentes de Camion"},"content":{"rendered":"<h2>M\u00e1s de 30 A\u00f1os Representando a V\u00edctimas de Accidentes en New York<\/h2>\n<p>Nuestros abogados han recuperado m\u00e1s de $500 millones en acuerdos y veredictos para las v\u00edctimas de accidentes. Tenemos un objetivo: obtener una compensaci\u00f3n justa por las p\u00e9rdidas relacionadas con las lesiones de nuestros clientes. Las secuelas de un accidente de cami\u00f3n presentan muchos desaf\u00edos legales que no querr\u00e1s manejar solo. Con la gu\u00eda de nuestros abogados de accidentes de camiones en New York, puedes estar seguro de que tu caso es nuestra prioridad.<\/p>\n<p>El equipo legal de Oresky &amp; Associates, PLLC tiene d\u00e9cadas de experiencia en los tribunales. Al presentar tu caso, contrataremos a los profesionales adecuados que consideremos que mejor probar\u00e1n tu caso, incluyendo expertos en reconstrucci\u00f3n de accidentes, planificadores de atenci\u00f3n de por vida, economistas, expertos m\u00e9dicos y aquellos necesarios para causar la mejor impresi\u00f3n posible en el momento del juicio. Trabajamos arduamente para construir tu caso. Llama al\u00a0<a href=\"tel:+19293050949\">(929) 305-0949<\/a> para comenzar y recibir una revisi\u00f3n gratuita y sin compromiso de tu caso.<\/p>\n<h2>Causas Comunes de Accidentes de Camiones en NYC<\/h2>\n<p><a href=\"https:\/\/www.fmcsa.dot.gov\/safety\/research-and-analysis\/large-truck-crash-causation-study-analysis-brief\" target=\"_blank\" rel=\"nofollow noopener noreferrer\">La Administraci\u00f3n Federal de Seguridad de Autotransportes (FMCSA)<\/a>\u00a0se\u00f1ala que el error del conductor es la principal causa de accidentes de camiones. Cada d\u00eda, los conductores negligentes de veh\u00edculos comerciales ponen en peligro la seguridad de los dem\u00e1s al:<\/p>\n<div class=\"row\">\n<ul class=\"col-xl-6\">\n<li>Conducir en estado de ebriedad<\/li>\n<li>Conducir distra\u00eddo<\/li>\n<li>Exceso de velocidad<\/li>\n<li>No ceder el paso<\/li>\n<\/ul>\n<ul class=\"col-xl-6\">\n<li>Hacer giros inapropiados<\/li>\n<li>Ignorar se\u00f1ales de tr\u00e1fico y directrices<\/li>\n<li>Participar en la ira al volante<\/li>\n<\/ul>\n<\/div>\n<p>Sin embargo, el error del conductor no causa todos los accidentes en las calles de la Ciudad de New York. Un dise\u00f1o deficiente de la carretera, fallos mec\u00e1nicos e incluso condiciones clim\u00e1ticas adversas aumentan el riesgo de colisiones. Si alguna de estas causas llev\u00f3 a tu accidente y lesiones, tienes opciones legales para buscar tanto compensaci\u00f3n como justicia.<\/p>\n<img loading=\"lazy\" decoding=\"async\" class=\"aligncenter wp-image-11408 size-full\" src=\"https:\/\/oreskylaw.com\/wp-content\/uploads\/2026\/01\/bronx-construction-site-accident-attorney.webp\" alt=\"bronx construction site accident attorney\" width=\"746\" height=\"420\" srcset=\"https:\/\/oreskylaw.com\/wp-content\/uploads\/2026\/01\/bronx-construction-site-accident-attorney.webp 746w, https:\/\/oreskylaw.com\/wp-content\/uploads\/2026\/01\/bronx-construction-site-accident-attorney-300x169.webp 300w\" sizes=\"auto, (max-width: 746px) 100vw, 746px\" \/>\n<h2>Tipos de Lesiones que se Pueden Sufrir en Accidentes de Camiones<\/h2>\n<p>Si sufriste lesiones graves en una colisi\u00f3n, nuestro equipo est\u00e1 listo para abogar por ti. En las \u00faltimas tres d\u00e9cadas, hemos asegurado acuerdos y veredictos del jurado para aquellos que sufren de:<\/p>\n<div class=\"row\">\n<ul class=\"col-xl-6\">\n<li>Lesiones cerebrales traum\u00e1ticas (TBI)<\/li>\n<li>Trauma en la m\u00e9dula espinal<\/li>\n<li>Lesiones en el cuello, como el latigazo cervical<\/li>\n<li>Ligamentos desgarrados<\/li>\n<li>Huesos rotos<\/li>\n<li>Hemorragia interna<\/li>\n<\/ul>\n<ul class=\"col-xl-6\">\n<li>Da\u00f1o a \u00f3rganos<\/li>\n<li>P\u00e9rdida de uno o m\u00e1s miembros<\/li>\n<li>Avulsiones<\/li>\n<li>Laceraciones y lesiones por desolladura<\/li>\n<li>Angustia psicol\u00f3gica, como el trastorno de estr\u00e9s postraum\u00e1tico (TEPT)<\/li>\n<\/ul>\n<\/div>\n<p>Nuestros abogados de accidentes de camiones en New York tambi\u00e9n abogan por las familias que han perdido a sus seres queridos por lesiones fatales y luchan por da\u00f1os por muerte injusta.<\/p>\n<h2>Conf\u00eda en Nuestros Abogados de Accidentes de Camiones en NYC para Buscar una Recuperaci\u00f3n Financiera Justa<\/h2>\n<p>La compensaci\u00f3n es m\u00e1s que dinero por tus p\u00e9rdidas relacionadas con las lesiones; ofrece los recursos financieros que necesitas para reconstruir tu vida y adaptarte a tu nueva normalidad. Evaluamos la gravedad de tu condici\u00f3n y su impacto en tu calidad de vida para determinar qu\u00e9 constituye un acuerdo justo.<\/p>\n<p>Utilizando recibos, facturas y documentos, nuestros\u00a0<strong>abogados de accidentes de camiones en NYC <\/strong>pueden buscar compensaci\u00f3n por estos da\u00f1os econ\u00f3micos:<\/p>\n<ul>\n<li>Facturas m\u00e9dicas, incluyendo medicamentos, hospitalizaci\u00f3n y fisioterapia<\/li>\n<li>Ingresos perdidos y otras formas de ingresos relacionados con el trabajo, como propinas, bonificaciones y beneficios<\/li>\n<li>Beneficios sindicales perdidos<\/li>\n<li>Capacidad de ganancia futura disminuida<\/li>\n<li>Costos de da\u00f1os a la propiedad (por ejemplo, los costos de reparaci\u00f3n o reemplazo de tu veh\u00edculo)<\/li>\n<li>Costos de bolsillo, como gastos de cuidado infantil<\/li>\n<\/ul>\n<p>Tambi\u00e9n podemos perseguir las p\u00e9rdidas m\u00e1s subjetivas en tu caso. Estos se conocen como da\u00f1os no econ\u00f3micos, y aunque no vienen con documentaci\u00f3n como recibos, a\u00fan son compensables. Incluyen:<\/p>\n<ul>\n<li>Dolor y sufrimiento pasados causados por las lesiones<\/li>\n<li>Dolor y sufrimiento futuros causados por las lesiones<\/li>\n<li>P\u00e9rdida de consorcio<\/li>\n<li>Discapacidad<\/li>\n<li>Cicatrices y desfiguraci\u00f3n<\/li>\n<\/ul>\n<p>Los valores de estas p\u00e9rdidas son \u00fanicos para cada situaci\u00f3n. Nuestro experimentado equipo de abogados litigantes puede ayudar a preparar tu caso para el juicio con el fin de obtener la m\u00e1xima compensaci\u00f3n para tu caso.<\/p>\n<h2>Nuestros Abogados de Accidentes de Camiones en la Ciudad de New York Trabajar\u00e1n Duro para Ganarse Tu Confianza<\/h2>\n<p>Cuando conf\u00edas tu reclamaci\u00f3n por lesiones personales a nuestro equipo biling\u00fce de lesiones, hacemos todo lo posible para quitarte la carga de los hombros. No tienes que preocuparte por formularios complicados, investigar la colisi\u00f3n o combatir pr\u00e1cticas de seguros de mala fe. Tu caso se convierte en nuestra causa desde el inicio de nuestra asociaci\u00f3n.<\/p>\n<p>Para asegurar lo que necesitas y mereces, el equipo de nuestra firma de abogados de accidentes de camiones en New York:<\/p>\n<div class=\"row\">\n<ul class=\"col-xl-6\">\n<li>Escuchar\u00e1 tu versi\u00f3n de los hechos<\/li>\n<li>Investigar\u00e1 la colisi\u00f3n<\/li>\n<li>Evaluar\u00e1 tus da\u00f1os relacionados con la colisi\u00f3n, incluyendo el dolor y el sufrimiento<\/li>\n<li>Determinar\u00e1 las partes responsables y culpables<\/li>\n<\/ul>\n<ul class=\"col-xl-6\">\n<li>Presentar\u00e1 tu reclamaci\u00f3n por accidente de cami\u00f3n<\/li>\n<li>Negociar\u00e1 un acuerdo<\/li>\n<li>Te representar\u00e1 en el tribunal si es necesario presentar una demanda<\/li>\n<\/ul>\n<\/div>\n<p>Creemos que\u00a0<a href=\"https:\/\/oreskylaw.com\/es\/testimonios\/\">el testimonio de este cliente<\/a>\u00a0resume nuestro compromiso con los reclamantes de accidentes de camiones en NYC: \u201cToda la oficina y Jacob Oresky trabajaron arduamente para ganar mi caso. Desde el momento en que los conoc\u00ed hasta el final de mi caso, me trataron como si fuera su cliente m\u00e1s importante. Mi accidente fue grave, pero mi experiencia con ellos fue excelente.\u201d<\/p>\n<p>Estamos seguros de que al concluir tu caso, sentir\u00e1s lo mismo sobre la calidad de nuestro servicio.<\/p>\n    <div class=\"cw-cta-box\">\n        <div class=\"cw-cta-box__inner \">\n            <div class=\"cw-cta-box__info\">\n                                    <div class=\"label\">\u00a1Llame ahora!<\/div>\n                            <\/div>\n                            <div class=\"contact-phone\">\n                    <a href=\"tel:7189939999\"\n                        aria-label=\"Tap to call button\">\n                        718-993-9999                    <\/a>\n                <\/div>\n                    <\/div>\n                    <a href=\"\/es\/contacto\/\"\n               class=\"cta-btn btn btn--primary btn\"\n               target=\"\">\n                Obtenga Una Consulta Gratuita            <\/a>\n            <\/div>\n    \n<h2>\u00bfCu\u00e1nto Cuesta un Abogado de Accidentes de Camiones en NYC?<\/h2>\n<p><img loading=\"lazy\" decoding=\"async\" class=\"size-full wp-image-11884 alignright\" src=\"https:\/\/oreskylaw.com\/wp-content\/uploads\/2026\/01\/Help-After-a-Truck-Accident-in-the-Bronx.webp\" alt=\"bronx bridge construction site accident attorney\" width=\"300\" height=\"207\" \/>No te cuesta nada por adelantado ni de tu bolsillo trabajar con nuestros abogados. Operamos sobre una base de honorarios de contingencia, lo que significa:<\/p>\n<ul>\n<li>Nos pagamos de tu acuerdo por lesiones personales.<\/li>\n<li>No pagas nada para retener nuestra ayuda.<\/li>\n<li>Financiamos otros aspectos de completar tu caso, como los honorarios de consultor\u00eda.<\/li>\n<\/ul>\n<h2>\u00bfCu\u00e1l es el Valor de mi Reclamaci\u00f3n por Accidente de Cami\u00f3n?<\/h2>\n<p>El valor de tu reclamaci\u00f3n depende de muchos factores \u00fanicos a tu situaci\u00f3n. No hay un valor promedio de acuerdo para estos casos, ya que cada escenario es diferente. Te animamos a leer <a href=\"https:\/\/oreskylaw.com\/es\/resultados-del-casos\/\">nuestros resultados de casos<\/a> para ver qu\u00e9 resultados han asegurado nuestros abogados de accidentes de camiones en la Ciudad de New York para otros.<\/p>\n<h2>Preguntas Frecuentes de Nuestros Abogados de Accidentes de Camiones en la Ciudad de New York<\/h2>\n\n                <div class=\"cw-accordion \" data-all-open=\"false\" data-accordion-enabled=\"true\">\n                    <div class=\"cw-accordion__wrapper\">\n                <div class=\"cw-accordion__item\"><button class=\"cw-accordion__item-title\" aria-expanded=\"false\" aria-controls=\"panel1\" id=\"accordion1\">\u00bfCu\u00e1nto tiempo tengo para presentar una demanda por accidente de cami\u00f3n en new york?<\/button><div class=\"cw-accordion__item-content\" id=\"panel1\" role=\"region\" aria-labelledby=\"accordion1\"><p>La\u00a0<a href=\"https:\/\/www.nysenate.gov\/legislation\/laws\/CVP\/214\" target=\"_blank\" rel=\"nofollow noopener noreferrer\">CPLR \u00a7 214<\/a>\u00a0se conoce como el estatuto de limitaciones de New York. Bajo esta ley, generalmente tienes solo tres a\u00f1os desde la fecha de tu accidente de autom\u00f3vil para presentar una demanda. Tienes menos tiempo para presentar una\u00a0<a href=\"https:\/\/oreskylaw.com\/es\/nyc\/abogados-de-muerte-por-negligencia\/\">demanda por muerte injusta<\/a>: solo dos a\u00f1os. Cada caso es diferente y el estatuto de limitaciones puede variar si est\u00e1 involucrada la Ciudad, el Estado u otra entidad gubernamental. No dudes, ll\u00e1manos hoy.<\/p>\n<\/div><\/div><div class=\"cw-accordion__item\"><button class=\"cw-accordion__item-title\" aria-expanded=\"false\" aria-controls=\"panel2\" id=\"accordion2\">\u00bfPuedo reclamar compensaci\u00f3n si fui parcialmente culpable en el accidente de cami\u00f3n?<\/button><div class=\"cw-accordion__item-content\" id=\"panel2\" role=\"region\" aria-labelledby=\"accordion2\"><p>New York opera bajo un sistema de negligencia comparativa pura, lo que significa que puedes buscar compensaci\u00f3n incluso si contribuiste al accidente de cami\u00f3n. Sin embargo, tu papel en la colisi\u00f3n reducir\u00e1 cu\u00e1nto puedes recuperar seg\u00fan tu porcentaje de culpa.<\/p>\n<\/div><\/div><div class=\"cw-accordion__item\"><button class=\"cw-accordion__item-title\" aria-expanded=\"false\" aria-controls=\"panel3\" id=\"accordion3\">\u00bfQu\u00e9 pasa si el conductor del cami\u00f3n no fue el \u00fanico culpable?<\/button><div class=\"cw-accordion__item-content\" id=\"panel3\" role=\"region\" aria-labelledby=\"accordion3\"><p>Si m\u00e1s de una parte caus\u00f3 tu accidente de cami\u00f3n, tu abogado de lesiones por accidentes de camiones en la Ciudad de New York puede responsabilizar financieramente a cada parte. Tambi\u00e9n pueden manejar todas las comunicaciones relacionadas con el caso, por lo que no tienes que manejar mensajes de m\u00faltiples partes.<\/p>\n<\/div><\/div><div class=\"cw-accordion__item\"><button class=\"cw-accordion__item-title\" aria-expanded=\"false\" aria-controls=\"panel4\" id=\"accordion4\">\u00bfSon m\u00e1s complicadas las reclamaciones por accidentes de camiones que las reclamaciones por accidentes de autom\u00f3viles comunes?<\/button><div class=\"cw-accordion__item-content\" id=\"panel4\" role=\"region\" aria-labelledby=\"accordion4\"><p>Las reclamaciones por accidentes de camiones pueden complicarse por muchas razones. Un obst\u00e1culo es la doctrina de la responsabilidad vicaria. Aqu\u00ed, incluso si un camionero caus\u00f3 tu accidente, su empleador tambi\u00e9n ser\u00e1 responsable de tus p\u00e9rdidas. Muchos clientes no representados encuentran que responsabilizar a las compa\u00f1\u00edas de camiones viene con muchos desaf\u00edos.<\/p>\n<\/div><\/div><\/div><\/div>\n","protected":false},"excerpt":{"rendered":"<p>M\u00e1s de 30 A\u00f1os Representando a V\u00edctimas de Accidentes en New York Nuestros abogados han recuperado m\u00e1s de $500 millones en acuerdos y veredictos para las v\u00edctimas de accidentes. Tenemos un objetivo: obtener una compensaci\u00f3n justa por las p\u00e9rdidas relacionadas con las lesiones de nuestros clientes. Las secuelas de un accidente de cami\u00f3n presentan muchos [&hellip;]<\/p>\n","protected":false},"author":9,"featured_media":0,"parent":18614,"menu_order":98,"comment_status":"closed","ping_status":"closed","template":"","meta":{"_acf_changed":false,"footnotes":""},"class_list":["post-19272","page","type-page","status-publish","hentry"],"acf":[],"yoast_head":"<!-- This site is optimized with the Yoast SEO plugin v27.3 - https:\/\/yoast.com\/product\/yoast-seo-wordpress\/ -->\n<title>Abogados Superiores de Accidentes de Camiones en la Ciudad de New York - Oresky &amp; Associates, PLLC<\/title>\n<meta name=\"description\" content=\"Nuestros abogados experimentados en accidentes de camiones en NYC est\u00e1n comprometidos a luchar por tus derechos y a asegurar la compensaci\u00f3n que mereces. \u00a1Cont\u00e1ctanos hoy!\" \/>\n<meta name=\"robots\" content=\"index, follow, max-snippet:-1, max-image-preview:large, max-video-preview:-1\" \/>\n<link rel=\"canonical\" href=\"https:\/\/oreskylaw.com\/es\/nyc\/abogados-de-accidentes-de-camiones\/\" \/>\n<meta property=\"og:locale\" content=\"es_ES\" \/>\n<meta property=\"og:type\" content=\"article\" \/>\n<meta property=\"og:title\" content=\"Abogados Superiores de Accidentes de Camiones en la Ciudad de New York - Oresky &amp; Associates, PLLC\" \/>\n<meta property=\"og:description\" content=\"Nuestros abogados experimentados en accidentes de camiones en NYC est\u00e1n comprometidos a luchar por tus derechos y a asegurar la compensaci\u00f3n que mereces. \u00a1Cont\u00e1ctanos hoy!\" \/>\n<meta property=\"og:url\" content=\"https:\/\/oreskylaw.com\/es\/nyc\/abogados-de-accidentes-de-camiones\/\" \/>\n<meta property=\"og:site_name\" content=\"Oresky &amp; Associates, PLLC\" \/>\n<meta property=\"article:publisher\" content=\"https:\/\/www.facebook.com\/Oreskylaw\/\" \/>\n<meta property=\"article:modified_time\" content=\"2026-01-31T08:36:23+00:00\" \/>\n<meta property=\"og:image\" content=\"https:\/\/oreskylaw.com\/wp-content\/uploads\/2026\/01\/bronx-construction-site-accident-attorney.webp\" \/>\n\t<meta property=\"og:image:width\" content=\"746\" \/>\n\t<meta property=\"og:image:height\" content=\"420\" \/>\n\t<meta property=\"og:image:type\" content=\"image\/webp\" \/>\n<meta name=\"twitter:card\" content=\"summary_large_image\" \/>\n<meta name=\"twitter:site\" content=\"@JacobOreskyLaw\" \/>\n<meta name=\"twitter:label1\" content=\"Tiempo de lectura\" \/>\n\t<meta name=\"twitter:data1\" content=\"5 minutos\" \/>\n<!-- \/ Yoast SEO plugin. -->","yoast_head_json":{"title":"Abogados Superiores de Accidentes de Camiones en la Ciudad de New York - Oresky & Associates, PLLC","description":"Nuestros abogados experimentados en accidentes de camiones en NYC est\u00e1n comprometidos a luchar por tus derechos y a asegurar la compensaci\u00f3n que mereces. \u00a1Cont\u00e1ctanos hoy!","robots":{"index":"index","follow":"follow","max-snippet":"max-snippet:-1","max-image-preview":"max-image-preview:large","max-video-preview":"max-video-preview:-1"},"canonical":"https:\/\/oreskylaw.com\/es\/nyc\/abogados-de-accidentes-de-camiones\/","og_locale":"es_ES","og_type":"article","og_title":"Abogados Superiores de Accidentes de Camiones en la Ciudad de New York - Oresky & Associates, PLLC","og_description":"Nuestros abogados experimentados en accidentes de camiones en NYC est\u00e1n comprometidos a luchar por tus derechos y a asegurar la compensaci\u00f3n que mereces. \u00a1Cont\u00e1ctanos hoy!","og_url":"https:\/\/oreskylaw.com\/es\/nyc\/abogados-de-accidentes-de-camiones\/","og_site_name":"Oresky &amp; Associates, PLLC","article_publisher":"https:\/\/www.facebook.com\/Oreskylaw\/","article_modified_time":"2026-01-31T08:36:23+00:00","og_image":[{"width":746,"height":420,"url":"https:\/\/oreskylaw.com\/wp-content\/uploads\/2026\/01\/bronx-construction-site-accident-attorney.webp","type":"image\/webp"}],"twitter_card":"summary_large_image","twitter_site":"@JacobOreskyLaw","twitter_misc":{"Tiempo de lectura":"5 minutos"},"schema":{"@context":"https:\/\/schema.org","@graph":[{"@type":"WebPage","@id":"https:\/\/oreskylaw.com\/es\/nyc\/abogados-de-accidentes-de-camiones\/","url":"https:\/\/oreskylaw.com\/es\/nyc\/abogados-de-accidentes-de-camiones\/","name":"Abogados Superiores de Accidentes de Camiones en la Ciudad de New York - Oresky & Associates, PLLC","isPartOf":{"@id":"https:\/\/oreskylaw.com\/es\/#website"},"primaryImageOfPage":{"@id":"https:\/\/oreskylaw.com\/es\/nyc\/abogados-de-accidentes-de-camiones\/#primaryimage"},"image":{"@id":"https:\/\/oreskylaw.com\/es\/nyc\/abogados-de-accidentes-de-camiones\/#primaryimage"},"thumbnailUrl":"https:\/\/oreskylaw.com\/wp-content\/uploads\/2026\/01\/bronx-construction-site-accident-attorney.webp","datePublished":"2026-01-19T07:41:09+00:00","dateModified":"2026-01-31T08:36:23+00:00","description":"Nuestros abogados experimentados en accidentes de camiones en NYC est\u00e1n comprometidos a luchar por tus derechos y a asegurar la compensaci\u00f3n que mereces. \u00a1Cont\u00e1ctanos hoy!","breadcrumb":{"@id":"https:\/\/oreskylaw.com\/es\/nyc\/abogados-de-accidentes-de-camiones\/#breadcrumb"},"inLanguage":"es","potentialAction":[{"@type":"ReadAction","target":["https:\/\/oreskylaw.com\/es\/nyc\/abogados-de-accidentes-de-camiones\/"]}]},{"@type":"ImageObject","inLanguage":"es","@id":"https:\/\/oreskylaw.com\/es\/nyc\/abogados-de-accidentes-de-camiones\/#primaryimage","url":"https:\/\/oreskylaw.com\/wp-content\/uploads\/2026\/01\/bronx-construction-site-accident-attorney.webp","contentUrl":"https:\/\/oreskylaw.com\/wp-content\/uploads\/2026\/01\/bronx-construction-site-accident-attorney.webp"},{"@type":"BreadcrumbList","@id":"https:\/\/oreskylaw.com\/es\/nyc\/abogados-de-accidentes-de-camiones\/#breadcrumb","itemListElement":[{"@type":"ListItem","position":1,"name":"Inicio","item":"https:\/\/oreskylaw.com\/es\/"},{"@type":"ListItem","position":2,"name":"New York","item":"https:\/\/oreskylaw.com\/es\/nyc\/"},{"@type":"ListItem","position":3,"name":"Accidentes de Camion"}]},{"@type":"WebSite","@id":"https:\/\/oreskylaw.com\/es\/#website","url":"https:\/\/oreskylaw.com\/es\/","name":"Oresky & Associates PLLC","description":"","publisher":{"@id":"https:\/\/oreskylaw.com\/es\/#organization"},"potentialAction":[{"@type":"SearchAction","target":{"@type":"EntryPoint","urlTemplate":"https:\/\/oreskylaw.com\/es\/?s={search_term_string}"},"query-input":{"@type":"PropertyValueSpecification","valueRequired":true,"valueName":"search_term_string"}}],"inLanguage":"es"}]}},"_links":{"self":[{"href":"https:\/\/oreskylaw.com\/es\/wp-json\/wp\/v2\/pages\/19272","targetHints":{"allow":["GET"]}}],"collection":[{"href":"https:\/\/oreskylaw.com\/es\/wp-json\/wp\/v2\/pages"}],"about":[{"href":"https:\/\/oreskylaw.com\/es\/wp-json\/wp\/v2\/types\/page"}],"author":[{"embeddable":true,"href":"https:\/\/oreskylaw.com\/es\/wp-json\/wp\/v2\/users\/9"}],"replies":[{"embeddable":true,"href":"https:\/\/oreskylaw.com\/es\/wp-json\/wp\/v2\/comments?post=19272"}],"version-history":[{"count":0,"href":"https:\/\/oreskylaw.com\/es\/wp-json\/wp\/v2\/pages\/19272\/revisions"}],"up":[{"embeddable":true,"href":"https:\/\/oreskylaw.com\/es\/wp-json\/wp\/v2\/pages\/18614"}],"wp:attachment":[{"href":"https:\/\/oreskylaw.com\/es\/wp-json\/wp\/v2\/media?parent=19272"}],"curies":[{"name":"wp","href":"https:\/\/api.w.org\/{rel}","templated":true}]}}