{"id":19284,"date":"2025-12-09T08:23:11","date_gmt":"2025-12-09T08:23:11","guid":{"rendered":"https:\/\/oreskylaw.com\/?page_id=19284"},"modified":"2026-01-31T08:37:33","modified_gmt":"2026-01-31T08:37:33","slug":"abogados-de-accidentes-de-trabajadores-de-la-construccion-indocumentados","status":"publish","type":"page","link":"https:\/\/oreskylaw.com\/es\/nyc\/abogados-de-accidentes-de-trabajadores-de-la-construccion-indocumentados\/","title":{"rendered":"Accidentes de trabajadores de construcci\u00f3n indocumentados"},"content":{"rendered":"<h2>Si usted ha sido herido en un accidente su estado legal no importa<\/h2>\n<p>Incluso si usted es indocumentado, si usted ha sido lesionado en el trabajo, usted tiene derecho a Compensaci\u00f3n de Trabajadores, y en muchos casos una demanda separada por lesiones personales.<\/p>\n<h3>Los accidentes indocumentado Trabajador de construcci\u00f3n en la ciudad de New York<\/h3>\n<p>Se puede creer que est\u00e1 fuera de suerte si usted es un trabajador indocumentado y las lesiones sufridas en un sitio de construcci\u00f3n. Incluso si usted es indocumentado, si usted ha sido lesionado en el trabajo, usted tiene derecho a Compensaci\u00f3n de Trabajadores, y en muchos casos una demanda separada por lesiones personales.<\/p>\n<p><strong>Su estatus legal no importa cuando se recupera una compensaci\u00f3n por un accidente de trabajo.<\/strong><\/p>\n<p>trabajadores de la construcci\u00f3n indocumentados tienen los mismos derechos que cualquier persona que sufre una lesi\u00f3n en el lugar de trabajo. Si usted es un trabajador indocumentado que sufri\u00f3 lesiones en un sitio de construcci\u00f3n, Oresky &amp; Associates, PLLC est\u00e1 aqu\u00ed para ayudar. Nuestro personal biling\u00fce puede ayudarle a sentirse c\u00f3modo mientras se recibe una consulta gratuita.<\/p>\n<h2>Estado de New York Leyes apoyar su derecho a compensaci\u00f3n<\/h2>\n<p>Seg\u00fan la ley del Estado de New York, los trabajadores indocumentados tienen los mismos derechos a indemnizaci\u00f3n por lesiones como ciudadanos estadounidenses o residentes legales. De hecho, todav\u00eda tiene derecho a una indemnizaci\u00f3n, incluso si usted trabaj\u00f3 bajo un alias. A2017 pronunciamiento de la Sala de Apelaci\u00f3n del Estado de New York, Segundo Departamento confirmaron esto.<\/p>\n<p>Usted tiene derecho a beneficios de compensaci\u00f3n de los trabajadores y para presentar una demanda por lesiones personales.<\/p>\n<p>Vamos a revisar su caso y podemos ayudar a entender sus opciones legales para obtener la compensaci\u00f3n que necesita para cubrir los costos asociados con su lesi\u00f3n en el trabajo. Si usted ha sufrido lesiones en una ca\u00edda en el trabajo \u2013 sobre todo si se cay\u00f3 de un andamio o una escalera y su empleador deja de entregar el equipo adecuado de protecci\u00f3n contra ca\u00eddas \u2013 es probable que tenga el derecho a ocupar el due\u00f1o de la propiedad o contratista general responsable de los da\u00f1os que sufri\u00f3.<\/p>\n<h2>Un R\u00e9cord de \u00e9xito basado en el trabajo duro y la dedicaci\u00f3n<\/h2>\n<p>Cuando se trata de litigios, no hay tiempo que perder. Una vez llame a nuestra oficina, podemos comenzar a construir su caso en la b\u00fasqueda de su compensaci\u00f3n. En tres cortos pasos, su camino legal puede empezar hoy.<\/p>\n<ul>\n<li><strong>Evaluaci\u00f3n gratuita de casos:\u00a0<\/strong>Llame a nuestra oficina, env\u00edenos un correo electr\u00f3nico, o converse con nosotros en l\u00ednea para recibir una evaluaci\u00f3n gratuita de su caso.<\/li>\n<li><strong>Inscr\u00edbase:<\/strong>\u00a0Luego de la revisi\u00f3n gratuita a su caso, podemos crear su perfil de cliente y recopilar la informaci\u00f3n que usted disponga.<\/li>\n<li><strong>Inicie su recuperaci\u00f3n:<\/strong>\u00a0Nos hacemos cargo de su caso, actualiz\u00e1ndole en la medida que avanza. Usted puede concentrarse en su salud a la par que nos enfocamos en su caso.<\/li>\n<\/ul>\n<h2>Los da\u00f1os recuperables disponibles Despu\u00e9s de una ciudad de New York Construcci\u00f3n lugar del accidente<\/h2>\n<p>Sin importar su estatus legal, todos los trabajadores tienen derecho a los beneficios de compensaci\u00f3n de trabajadores si se lastiman en el trabajo en la ciudad de New York. Programa de Compensaci\u00f3n de los Trabajadores del Estado proporciona beneficios que la cubierta:<\/p>\n<ul>\n<li>Sus facturas m\u00e9dicas<\/li>\n<li>Una porci\u00f3n de sus salarios perdidos<\/li>\n<li>Los gastos funerarios o de entierro, en caso de fallecimiento del trabajador en el accidente<\/li>\n<\/ul>\n<p>Sin embargo, estos beneficios son por lo general no es suficiente para cubrir todas las p\u00e9rdidas y gastos de un trabajador relacionados con la obtenci\u00f3n de tratamiento, la falta de trabajo, y de sufrir una lesi\u00f3n dolorosa. Aqu\u00ed es donde New York Derecho Laboral Secci\u00f3n 240 (1) entra en juego. En virtud de esta ley, trabajadores de la construcci\u00f3n pueden ser capaces de sostener el due\u00f1o de la propiedad o un contratista responsable de sus lesiones mediante la presentaci\u00f3n de una demanda en un tribunal civil.<\/p>\n<p>Si seguimos este recurso civil para usted y ganamos su caso, usted puede ser elegible para una amplia gama de da\u00f1os, adem\u00e1s de lo que ha recibido de compensaci\u00f3n de trabajadores. El valor exacto de su caso depender\u00e1 de la gravedad de sus lesiones y los da\u00f1os reales que sufri\u00f3. Sin embargo, algunos de los tipos m\u00e1s comunes de da\u00f1os disponibles pueden incluir:<\/p>\n<ul>\n<li>La remuneraci\u00f3n adicional por gastos m\u00e9dicos<\/li>\n<li>Los costos de rehabilitaci\u00f3n y terapia<\/li>\n<li>los costos de atenci\u00f3n en curso<\/li>\n<li>salarios perdidos adicionales<\/li>\n<li>Los beneficios perdidos<\/li>\n<\/ul>\n<p>Costos<\/p>\n<ul>\n<li>fuera de su bolsillo<\/li>\n<li>indemnizaci\u00f3n por da\u00f1o extrapatrimonial<\/li>\n<\/ul>\n    <div class=\"cw-cta-box\">\n        <div class=\"cw-cta-box__inner \">\n            <div class=\"cw-cta-box__info\">\n                                    <div class=\"label\">\u00a1Llame ahora!<\/div>\n                            <\/div>\n                            <div class=\"contact-phone\">\n                    <a href=\"tel:7189939999\"\n                        aria-label=\"Tap to call button\">\n                        718-993-9999                    <\/a>\n                <\/div>\n                    <\/div>\n                    <a href=\"\/es\/contacto\/\"\n               class=\"cta-btn btn btn--primary btn\"\n               target=\"\">\n                Obtenga Una Consulta Gratuita            <\/a>\n            <\/div>\n    \n<h3>Cumplimiento de los requisitos para la compensaci\u00f3n despu\u00e9s de un accidente de construcci\u00f3n NYC<\/h3>\n<p>En general, hay dos maneras de obtener una compensaci\u00f3n despu\u00e9s de un accidente de construcci\u00f3n NYC:<\/p>\n<ul>\n<li>La compensaci\u00f3n de trabajadores; y<\/li>\n<li>La presentaci\u00f3n de una reclamaci\u00f3n de un tercero en un tribunal civil<\/li>\n<\/ul>\n<p>Ninguno de ellos requieren que usted pueda probar la ciudadan\u00eda, la residencia legal, o proporcionar cualquier otro tipo de documentaci\u00f3n de su estatus legal. Para la compensaci\u00f3n de los trabajadores, que tendr\u00e1 que demostrar:<\/p>\n<ul>\n<li>Usted estaba trabajando para un empleador; y<\/li>\n<li>Usted sufri\u00f3 lesiones durante el trabajo<\/li>\n<\/ul>\n<p><img loading=\"lazy\" decoding=\"async\" class=\"size-full wp-image-15660 alignright\" src=\"https:\/\/oreskylaw.com\/wp-content\/uploads\/2026\/01\/What-Causes-Most-Construction-Accidents-in-the-Bronx-New-York.webp\" alt=\"construction accident attorney Bronx NY\" width=\"300\" height=\"200\" \/>Es un poco m\u00e1s dif\u00edcil de calificar para sostener un propietario o contratista \u2013 responsable de sus lesiones. Sin embargo, podemos revisar su caso y ayudarle a recoger las pruebas necesarias. En general, si se puede demostrar que violen cualquiera de las protecciones estrictas previstas por la ley estatal y federal para seguridad de los trabajadores (y que la violaci\u00f3n caus\u00f3 su lesi\u00f3n), se puede presentar una demanda civil y tratar de mantenerlos responsables.<\/p>\n<p>Por ejemplo, imagina que sufri\u00f3 heridas cuando el andamio mantenimiento deficiente cay\u00f3. No se est\u00e1 usando cualquier equipo de protecci\u00f3n contra ca\u00eddas debido a que su empleador no haya proporcionado. Seg\u00fan la Ley del Trabajo de New York podemos mantener el contratista general y due\u00f1o comercial responsable de sus lesiones y da\u00f1os relacionados porque tienen la obligaci\u00f3n legal de proporcionar el equipo adecuado para mantenerse a salvo.<\/p>\n<h3>Indocumentado trabajador de construcci\u00f3n de Casos de Accidentes<\/h3>\n<p>Nuestro equipo conoce las leyes estatales y federales que ofrecen fuertes protecciones para los trabajadores de la construcci\u00f3n de la ciudad dentro y por fuera. Vamos a ayudar a que los entiende y los derechos que usted produce si sufri\u00f3 lesiones en un accidente en el trabajo. Proporcionamos vigorosa defensa contra los propietarios y contratistas que niegan la culpabilidad y la responsabilidad en accidentes con lesiones.<\/p>\n<p>Nuestros miembros del personal biling\u00fces est\u00e1n a la espera, listo para ayudarle y nuestro bufete de abogados accidente de usted y su derecho a la compensaci\u00f3n proteger.<\/p>\n<p>Si se revisa su caso y cree que tiene el derecho a ocupar el due\u00f1o de la propiedad o el contratista responsable, haremos lo siguiente:<\/p>\n<ul>\n<li>Ayuda a entender sus opciones de indemnizaci\u00f3n<\/li>\n<li>Investigar el accidente y determinar la responsabilidad<\/li>\n<li>Reunir pruebas para construir un caso fuerte<\/li>\n<li>manejar su caso en base a resultados<\/li>\n<\/ul>\n<p>Ning\u00fan caso es demasiado complejo para nuestro equipo. Danos una llamada y vamos a evaluar su situaci\u00f3n para una consulta gratuita. No tienes nada que perder.<\/p>\n","protected":false},"excerpt":{"rendered":"<p>Si usted ha sido herido en un accidente su estado legal no importa Incluso si usted es indocumentado, si usted ha sido lesionado en el trabajo, usted tiene derecho a Compensaci\u00f3n de Trabajadores, y en muchos casos una demanda separada por lesiones personales. Los accidentes indocumentado Trabajador de construcci\u00f3n en la ciudad de New York [&hellip;]<\/p>\n","protected":false},"author":9,"featured_media":0,"parent":18614,"menu_order":111,"comment_status":"closed","ping_status":"closed","template":"","meta":{"_acf_changed":false,"footnotes":""},"class_list":["post-19284","page","type-page","status-publish","hentry"],"acf":[],"yoast_head":"<!-- This site is optimized with the Yoast SEO plugin v27.3 - https:\/\/yoast.com\/product\/yoast-seo-wordpress\/ -->\n<title>Abogado de Lesiones para Trabajadores Indocumentados, NYC - Oresky &amp; Associates, PLLC<\/title>\n<meta name=\"description\" content=\"\u00bfIndocumentado y lesionado en un accidente de construcci\u00f3n en NYC? Como trabajador, tienes derechos. Nuestros abogados luchar\u00e1n por ti. \u00a1Cont\u00e1ctanos hoy!\" \/>\n<meta name=\"robots\" content=\"index, follow, max-snippet:-1, max-image-preview:large, max-video-preview:-1\" \/>\n<link rel=\"canonical\" href=\"https:\/\/oreskylaw.com\/es\/nyc\/abogados-de-accidentes-de-trabajadores-de-la-construccion-indocumentados\/\" \/>\n<meta property=\"og:locale\" content=\"es_ES\" \/>\n<meta property=\"og:type\" content=\"article\" \/>\n<meta property=\"og:title\" content=\"Abogado de Lesiones para Trabajadores Indocumentados, NYC - Oresky &amp; Associates, PLLC\" \/>\n<meta property=\"og:description\" content=\"\u00bfIndocumentado y lesionado en un accidente de construcci\u00f3n en NYC? Como trabajador, tienes derechos. Nuestros abogados luchar\u00e1n por ti. \u00a1Cont\u00e1ctanos hoy!\" \/>\n<meta property=\"og:url\" content=\"https:\/\/oreskylaw.com\/es\/nyc\/abogados-de-accidentes-de-trabajadores-de-la-construccion-indocumentados\/\" \/>\n<meta property=\"og:site_name\" content=\"Oresky &amp; Associates, PLLC\" \/>\n<meta property=\"article:publisher\" content=\"https:\/\/www.facebook.com\/Oreskylaw\/\" \/>\n<meta property=\"article:modified_time\" content=\"2026-01-31T08:37:33+00:00\" \/>\n<meta property=\"og:image\" content=\"https:\/\/oreskylaw.com\/wp-content\/uploads\/2026\/01\/What-Causes-Most-Construction-Accidents-in-the-Bronx-New-York.webp\" \/>\n\t<meta property=\"og:image:width\" content=\"300\" \/>\n\t<meta property=\"og:image:height\" content=\"200\" \/>\n\t<meta property=\"og:image:type\" content=\"image\/webp\" \/>\n<meta name=\"twitter:card\" content=\"summary_large_image\" \/>\n<meta name=\"twitter:site\" content=\"@JacobOreskyLaw\" \/>\n<meta name=\"twitter:label1\" content=\"Tiempo de lectura\" \/>\n\t<meta name=\"twitter:data1\" content=\"6 minutos\" \/>\n<!-- \/ Yoast SEO plugin. -->","yoast_head_json":{"title":"Abogado de Lesiones para Trabajadores Indocumentados, NYC - Oresky & Associates, PLLC","description":"\u00bfIndocumentado y lesionado en un accidente de construcci\u00f3n en NYC? Como trabajador, tienes derechos. Nuestros abogados luchar\u00e1n por ti. \u00a1Cont\u00e1ctanos hoy!","robots":{"index":"index","follow":"follow","max-snippet":"max-snippet:-1","max-image-preview":"max-image-preview:large","max-video-preview":"max-video-preview:-1"},"canonical":"https:\/\/oreskylaw.com\/es\/nyc\/abogados-de-accidentes-de-trabajadores-de-la-construccion-indocumentados\/","og_locale":"es_ES","og_type":"article","og_title":"Abogado de Lesiones para Trabajadores Indocumentados, NYC - Oresky & Associates, PLLC","og_description":"\u00bfIndocumentado y lesionado en un accidente de construcci\u00f3n en NYC? Como trabajador, tienes derechos. Nuestros abogados luchar\u00e1n por ti. \u00a1Cont\u00e1ctanos hoy!","og_url":"https:\/\/oreskylaw.com\/es\/nyc\/abogados-de-accidentes-de-trabajadores-de-la-construccion-indocumentados\/","og_site_name":"Oresky &amp; Associates, PLLC","article_publisher":"https:\/\/www.facebook.com\/Oreskylaw\/","article_modified_time":"2026-01-31T08:37:33+00:00","og_image":[{"width":300,"height":200,"url":"https:\/\/oreskylaw.com\/wp-content\/uploads\/2026\/01\/What-Causes-Most-Construction-Accidents-in-the-Bronx-New-York.webp","type":"image\/webp"}],"twitter_card":"summary_large_image","twitter_site":"@JacobOreskyLaw","twitter_misc":{"Tiempo de lectura":"6 minutos"},"schema":{"@context":"https:\/\/schema.org","@graph":[{"@type":"WebPage","@id":"https:\/\/oreskylaw.com\/es\/nyc\/abogados-de-accidentes-de-trabajadores-de-la-construccion-indocumentados\/","url":"https:\/\/oreskylaw.com\/es\/nyc\/abogados-de-accidentes-de-trabajadores-de-la-construccion-indocumentados\/","name":"Abogado de Lesiones para Trabajadores Indocumentados, NYC - Oresky & Associates, PLLC","isPartOf":{"@id":"https:\/\/oreskylaw.com\/es\/#website"},"primaryImageOfPage":{"@id":"https:\/\/oreskylaw.com\/es\/nyc\/abogados-de-accidentes-de-trabajadores-de-la-construccion-indocumentados\/#primaryimage"},"image":{"@id":"https:\/\/oreskylaw.com\/es\/nyc\/abogados-de-accidentes-de-trabajadores-de-la-construccion-indocumentados\/#primaryimage"},"thumbnailUrl":"https:\/\/oreskylaw.com\/wp-content\/uploads\/2026\/01\/What-Causes-Most-Construction-Accidents-in-the-Bronx-New-York.webp","datePublished":"2025-12-09T08:23:11+00:00","dateModified":"2026-01-31T08:37:33+00:00","description":"\u00bfIndocumentado y lesionado en un accidente de construcci\u00f3n en NYC? Como trabajador, tienes derechos. Nuestros abogados luchar\u00e1n por ti. \u00a1Cont\u00e1ctanos hoy!","breadcrumb":{"@id":"https:\/\/oreskylaw.com\/es\/nyc\/abogados-de-accidentes-de-trabajadores-de-la-construccion-indocumentados\/#breadcrumb"},"inLanguage":"es","potentialAction":[{"@type":"ReadAction","target":["https:\/\/oreskylaw.com\/es\/nyc\/abogados-de-accidentes-de-trabajadores-de-la-construccion-indocumentados\/"]}]},{"@type":"ImageObject","inLanguage":"es","@id":"https:\/\/oreskylaw.com\/es\/nyc\/abogados-de-accidentes-de-trabajadores-de-la-construccion-indocumentados\/#primaryimage","url":"https:\/\/oreskylaw.com\/wp-content\/uploads\/2026\/01\/What-Causes-Most-Construction-Accidents-in-the-Bronx-New-York.webp","contentUrl":"https:\/\/oreskylaw.com\/wp-content\/uploads\/2026\/01\/What-Causes-Most-Construction-Accidents-in-the-Bronx-New-York.webp"},{"@type":"BreadcrumbList","@id":"https:\/\/oreskylaw.com\/es\/nyc\/abogados-de-accidentes-de-trabajadores-de-la-construccion-indocumentados\/#breadcrumb","itemListElement":[{"@type":"ListItem","position":1,"name":"Inicio","item":"https:\/\/oreskylaw.com\/es\/"},{"@type":"ListItem","position":2,"name":"New York","item":"https:\/\/oreskylaw.com\/es\/nyc\/"},{"@type":"ListItem","position":3,"name":"Accidentes de trabajadores de construcci\u00f3n indocumentados"}]},{"@type":"WebSite","@id":"https:\/\/oreskylaw.com\/es\/#website","url":"https:\/\/oreskylaw.com\/es\/","name":"Oresky & Associates PLLC","description":"","publisher":{"@id":"https:\/\/oreskylaw.com\/es\/#organization"},"potentialAction":[{"@type":"SearchAction","target":{"@type":"EntryPoint","urlTemplate":"https:\/\/oreskylaw.com\/es\/?s={search_term_string}"},"query-input":{"@type":"PropertyValueSpecification","valueRequired":true,"valueName":"search_term_string"}}],"inLanguage":"es"}]}},"_links":{"self":[{"href":"https:\/\/oreskylaw.com\/es\/wp-json\/wp\/v2\/pages\/19284","targetHints":{"allow":["GET"]}}],"collection":[{"href":"https:\/\/oreskylaw.com\/es\/wp-json\/wp\/v2\/pages"}],"about":[{"href":"https:\/\/oreskylaw.com\/es\/wp-json\/wp\/v2\/types\/page"}],"author":[{"embeddable":true,"href":"https:\/\/oreskylaw.com\/es\/wp-json\/wp\/v2\/users\/9"}],"replies":[{"embeddable":true,"href":"https:\/\/oreskylaw.com\/es\/wp-json\/wp\/v2\/comments?post=19284"}],"version-history":[{"count":0,"href":"https:\/\/oreskylaw.com\/es\/wp-json\/wp\/v2\/pages\/19284\/revisions"}],"up":[{"embeddable":true,"href":"https:\/\/oreskylaw.com\/es\/wp-json\/wp\/v2\/pages\/18614"}],"wp:attachment":[{"href":"https:\/\/oreskylaw.com\/es\/wp-json\/wp\/v2\/media?parent=19284"}],"curies":[{"name":"wp","href":"https:\/\/api.w.org\/{rel}","templated":true}]}}